{"id":140610,"date":"2024-02-28T13:39:26","date_gmt":"2024-02-28T12:39:26","guid":{"rendered":"https:\/\/kortleksbolaget.se\/produkt\/odd-fellow-madame-laveau-the-soothsayer-gilded\/"},"modified":"2025-09-30T01:25:20","modified_gmt":"2025-09-29T23:25:20","slug":"odd-fellow-madame-laveau-the-soothsayer-gilded","status":"publish","type":"product","link":"https:\/\/kortleksbolaget.se\/en\/product\/odd-fellow-madame-laveau-the-soothsayer-gilded\/","title":{"rendered":"Odd Fellow Madame Laveau the Soothsayer Gilded"},"content":{"rendered":"","protected":false},"excerpt":{"rendered":"<div id=\"tw-target-text-container\" class=\"tw-ta-container F0azHf tw-nfl\" tabindex=\"0\">\n<p class=\"tw-data-text tw-text-large tw-ta\" dir=\"ltr\" data-placeholder=\"\u00d6vers\u00e4ttning\" data-ved=\"2ahUKEwjaqanw47uEAxVTR_EDHbVdCpcQ3ewLegQIBRAT\"><span class=\"Y2IQFc\" lang=\"sv\"><b>BLUE TUCK, GILDED DECK IN METALLIC TEA GREEN<\/b><\/p>\n<p>Stockholm17 presents unique addition to the Odd Fellow family: <b> Madame Laveau The Soothsayer. <\/b> This deck, inspired by the renowned New Orleans Voo-Doo Queen Marie Laveau, integrates her mystical practices into its design. Featuring voodoo, divination, chiromancy, and more, it&#8217;s a blend of the arcane and the mystical.<\/p>\n<p>Structurally, the deck mirrors a standard poker set, but with a twist: the court cards represent 12 of the 22 major arcana from the tarot, each linked to a zodiac sign and corresponding month, blending the worlds of astrology and tarot.<\/p>\n<p>The deck&#8217;s suits are each themed with a unique set of mystical or mysterious symbols:<\/p>\n<p><\/span><\/p>\n<ul>\n<li><b>Hearts<\/b> are adorned with astronomical symbols, representing celestial bodies.<\/li>\n<li><b>Diamonds<\/b> feature celestial symbols, depicting spirits and angels.<\/li>\n<li><b>Clubs<\/b> showcase the African Nsibibi pictograms.<\/li>\n<li><b>Spades<\/b> are decorated with alchemical symbols, adding an esoteric touch to the deck.<\/li>\n<\/ul>\n<p class=\"tw-data-text tw-text-large tw-ta\" dir=\"ltr\" data-placeholder=\"\u00d6vers\u00e4ttning\" data-ved=\"2ahUKEwjaqanw47uEAxVTR_EDHbVdCpcQ3ewLegQIBRAT\"><span class=\"Y2IQFc\" lang=\"sv\"><b>Specs: <\/b><br \/>\n<\/span><\/p>\n<ul>\n<li>56 cards poker size<\/li>\n<li>100% custom with illustrated court cards, Jokers, Ace of Spades<\/li>\n<li>Gold foil application on the faces (texts, symbols, and pictograms)<\/li>\n<li>Gold foil application on the backs<\/li>\n<li>Gilded in metallic tea green<\/li>\n<li>Tuckbox in pearlized blue paper, 2 foils, embossing and debossing, cutouts<\/li>\n<li>3D lens holographic sticker mimicking the crystal ball, with reveal card<\/li>\n<li>Wrapped in cellophane<\/li>\n<li>Printed by WJPC<\/li>\n<\/ul>\n<p id=\"tw-target-text\" class=\"tw-data-text tw-text-large tw-ta\" dir=\"ltr\" data-placeholder=\"\u00d6vers\u00e4ttning\" data-ved=\"2ahUKEwjaqanw47uEAxVTR_EDHbVdCpcQ3ewLegQIBRAT\"><span class=\"Y2IQFc\" lang=\"sv\">Credit: photos by Richard Arturo<br \/>\n<\/span><\/p>\n<\/div>\n<div id=\"tw-target-rmn-container\" class=\"tw-target-rmn tw-ta-container F0azHf tw-nfl\">\n<pre id=\"tw-target-rmn\" class=\"tw-data-placeholder tw-text-small tw-ta\" dir=\"ltr\" data-placeholder=\"\"><\/pre>\n<\/div>\n<p> [&#8230;]<\/p>\n<p><a class=\"btn btn-secondary understrap-read-more-link\" href=\"https:\/\/kortleksbolaget.se\/en\/product\/odd-fellow-madame-laveau-the-soothsayer-gilded\/\">Read More&#8230;<span class=\"screen-reader-text\"> from Odd Fellow Madame Laveau the Soothsayer Gilded<\/span><\/a><\/p>\n","protected":false},"featured_media":140616,"template":"","meta":{"_acf_changed":false},"product_brand":[],"product_cat":[75],"product_tag":[],"class_list":{"0":"post-140610","1":"product","2":"type-product","3":"status-publish","4":"has-post-thumbnail","6":"varumarke-stockholm17-en","7":"product_cat-special-lyx-limited-en","9":"first","10":"instock","11":"taxable","12":"shipping-taxable","13":"purchasable","14":"product-type-simple"},"acf":[],"yoast_head":"<!-- This site is optimized with the Yoast SEO plugin v26.3 - https:\/\/yoast.com\/wordpress\/plugins\/seo\/ -->\n<title>Kortlek Odd Fellow Madame Laveau the Soothsayer Gilded | Kortleksbolaget<\/title>\n<meta name=\"description\" content=\"K\u00f6p Odd Fellow Madame Laveau the Soothsayer Gilded. Snabba leveranser &amp; bra priser. Sveriges st\u00f6rsta sortiment av kortlekar p\u00e5 Kortleksbolaget!\" \/>\n<meta name=\"robots\" content=\"index, follow, max-snippet:-1, max-image-preview:large, max-video-preview:-1\" \/>\n<link rel=\"canonical\" href=\"https:\/\/kortleksbolaget.se\/en\/product\/odd-fellow-madame-laveau-the-soothsayer-gilded\/\" \/>\n<meta property=\"og:locale\" content=\"en_US\" \/>\n<meta property=\"og:type\" content=\"article\" \/>\n<meta property=\"og:title\" content=\"Kortlek Odd Fellow Madame Laveau the Soothsayer Gilded | Kortleksbolaget\" \/>\n<meta property=\"og:description\" content=\"K\u00f6p Odd Fellow Madame Laveau the Soothsayer Gilded. Snabba leveranser &amp; bra priser. Sveriges st\u00f6rsta sortiment av kortlekar p\u00e5 Kortleksbolaget!\" \/>\n<meta property=\"og:url\" content=\"https:\/\/kortleksbolaget.se\/en\/product\/odd-fellow-madame-laveau-the-soothsayer-gilded\/\" \/>\n<meta property=\"og:site_name\" content=\"Kortleksbolaget\" \/>\n<meta property=\"article:modified_time\" content=\"2025-09-29T23:25:20+00:00\" \/>\n<meta property=\"og:image\" content=\"https:\/\/kortleksbolaget.se\/wp-content\/uploads\/odd-fellow-madame-laveau-1.jpg\" \/>\n\t<meta property=\"og:image:width\" content=\"532\" \/>\n\t<meta property=\"og:image:height\" content=\"798\" \/>\n\t<meta property=\"og:image:type\" content=\"image\/jpeg\" \/>\n<meta name=\"twitter:card\" content=\"summary_large_image\" \/>\n<meta name=\"twitter:label1\" content=\"Est. reading time\" \/>\n\t<meta name=\"twitter:data1\" content=\"1 minute\" \/>\n<script type=\"application\/ld+json\" class=\"yoast-schema-graph\">{\"@context\":\"https:\/\/schema.org\",\"@graph\":[{\"@type\":\"WebPage\",\"@id\":\"https:\/\/kortleksbolaget.se\/en\/product\/odd-fellow-madame-laveau-the-soothsayer-gilded\/\",\"url\":\"https:\/\/kortleksbolaget.se\/en\/product\/odd-fellow-madame-laveau-the-soothsayer-gilded\/\",\"name\":\"Kortlek Odd Fellow Madame Laveau the Soothsayer Gilded | Kortleksbolaget\",\"isPartOf\":{\"@id\":\"https:\/\/kortleksbolaget.se\/en\/#website\"},\"primaryImageOfPage\":{\"@id\":\"https:\/\/kortleksbolaget.se\/en\/product\/odd-fellow-madame-laveau-the-soothsayer-gilded\/#primaryimage\"},\"image\":{\"@id\":\"https:\/\/kortleksbolaget.se\/en\/product\/odd-fellow-madame-laveau-the-soothsayer-gilded\/#primaryimage\"},\"thumbnailUrl\":\"https:\/\/kortleksbolaget.se\/wp-content\/uploads\/odd-fellow-madame-laveau-1.jpg\",\"datePublished\":\"2024-02-28T12:39:26+00:00\",\"dateModified\":\"2025-09-29T23:25:20+00:00\",\"description\":\"K\u00f6p Odd Fellow Madame Laveau the Soothsayer Gilded. Snabba leveranser & bra priser. Sveriges st\u00f6rsta sortiment av kortlekar p\u00e5 Kortleksbolaget!\",\"breadcrumb\":{\"@id\":\"https:\/\/kortleksbolaget.se\/en\/product\/odd-fellow-madame-laveau-the-soothsayer-gilded\/#breadcrumb\"},\"inLanguage\":\"en-US\",\"potentialAction\":[{\"@type\":\"ReadAction\",\"target\":[\"https:\/\/kortleksbolaget.se\/en\/product\/odd-fellow-madame-laveau-the-soothsayer-gilded\/\"]}]},{\"@type\":\"ImageObject\",\"inLanguage\":\"en-US\",\"@id\":\"https:\/\/kortleksbolaget.se\/en\/product\/odd-fellow-madame-laveau-the-soothsayer-gilded\/#primaryimage\",\"url\":\"https:\/\/kortleksbolaget.se\/wp-content\/uploads\/odd-fellow-madame-laveau-1.jpg\",\"contentUrl\":\"https:\/\/kortleksbolaget.se\/wp-content\/uploads\/odd-fellow-madame-laveau-1.jpg\",\"width\":532,\"height\":798},{\"@type\":\"BreadcrumbList\",\"@id\":\"https:\/\/kortleksbolaget.se\/en\/product\/odd-fellow-madame-laveau-the-soothsayer-gilded\/#breadcrumb\",\"itemListElement\":[{\"@type\":\"ListItem\",\"position\":1,\"name\":\"Hem\",\"item\":\"https:\/\/kortleksbolaget.se\/en\/\"},{\"@type\":\"ListItem\",\"position\":2,\"name\":\"All products\",\"item\":\"https:\/\/kortleksbolaget.se\/en\/shop\/\"},{\"@type\":\"ListItem\",\"position\":3,\"name\":\"Odd Fellow Madame Laveau the Soothsayer Gilded\"}]},{\"@type\":\"WebSite\",\"@id\":\"https:\/\/kortleksbolaget.se\/en\/#website\",\"url\":\"https:\/\/kortleksbolaget.se\/en\/\",\"name\":\"Kortleksbolaget\",\"description\":\"Kortlekar p\u00e5 n\u00e4tet\",\"publisher\":{\"@id\":\"https:\/\/kortleksbolaget.se\/en\/#organization\"},\"potentialAction\":[{\"@type\":\"SearchAction\",\"target\":{\"@type\":\"EntryPoint\",\"urlTemplate\":\"https:\/\/kortleksbolaget.se\/en\/?s={search_term_string}\"},\"query-input\":{\"@type\":\"PropertyValueSpecification\",\"valueRequired\":true,\"valueName\":\"search_term_string\"}}],\"inLanguage\":\"en-US\"},{\"@type\":\"Organization\",\"@id\":\"https:\/\/kortleksbolaget.se\/en\/#organization\",\"name\":\"Kortleksbolaget\",\"url\":\"https:\/\/kortleksbolaget.se\/en\/\",\"logo\":{\"@type\":\"ImageObject\",\"inLanguage\":\"en-US\",\"@id\":\"https:\/\/kortleksbolaget.se\/en\/#\/schema\/logo\/image\/\",\"url\":\"https:\/\/kortleksbolaget.se\/wp-content\/uploads\/kortleksbolaget_logo-svart.png\",\"contentUrl\":\"https:\/\/kortleksbolaget.se\/wp-content\/uploads\/kortleksbolaget_logo-svart.png\",\"width\":1200,\"height\":296,\"caption\":\"Kortleksbolaget\"},\"image\":{\"@id\":\"https:\/\/kortleksbolaget.se\/en\/#\/schema\/logo\/image\/\"}}]}<\/script>\n<!-- \/ Yoast SEO plugin. -->","yoast_head_json":{"title":"Kortlek Odd Fellow Madame Laveau the Soothsayer Gilded | Kortleksbolaget","description":"K\u00f6p Odd Fellow Madame Laveau the Soothsayer Gilded. Snabba leveranser & bra priser. Sveriges st\u00f6rsta sortiment av kortlekar p\u00e5 Kortleksbolaget!","robots":{"index":"index","follow":"follow","max-snippet":"max-snippet:-1","max-image-preview":"max-image-preview:large","max-video-preview":"max-video-preview:-1"},"canonical":"https:\/\/kortleksbolaget.se\/en\/product\/odd-fellow-madame-laveau-the-soothsayer-gilded\/","og_locale":"en_US","og_type":"article","og_title":"Kortlek Odd Fellow Madame Laveau the Soothsayer Gilded | Kortleksbolaget","og_description":"K\u00f6p Odd Fellow Madame Laveau the Soothsayer Gilded. Snabba leveranser & bra priser. Sveriges st\u00f6rsta sortiment av kortlekar p\u00e5 Kortleksbolaget!","og_url":"https:\/\/kortleksbolaget.se\/en\/product\/odd-fellow-madame-laveau-the-soothsayer-gilded\/","og_site_name":"Kortleksbolaget","article_modified_time":"2025-09-29T23:25:20+00:00","og_image":[{"width":532,"height":798,"url":"https:\/\/kortleksbolaget.se\/wp-content\/uploads\/odd-fellow-madame-laveau-1.jpg","type":"image\/jpeg"}],"twitter_card":"summary_large_image","twitter_misc":{"Est. reading time":"1 minute"},"schema":{"@context":"https:\/\/schema.org","@graph":[{"@type":"WebPage","@id":"https:\/\/kortleksbolaget.se\/en\/product\/odd-fellow-madame-laveau-the-soothsayer-gilded\/","url":"https:\/\/kortleksbolaget.se\/en\/product\/odd-fellow-madame-laveau-the-soothsayer-gilded\/","name":"Kortlek Odd Fellow Madame Laveau the Soothsayer Gilded | Kortleksbolaget","isPartOf":{"@id":"https:\/\/kortleksbolaget.se\/en\/#website"},"primaryImageOfPage":{"@id":"https:\/\/kortleksbolaget.se\/en\/product\/odd-fellow-madame-laveau-the-soothsayer-gilded\/#primaryimage"},"image":{"@id":"https:\/\/kortleksbolaget.se\/en\/product\/odd-fellow-madame-laveau-the-soothsayer-gilded\/#primaryimage"},"thumbnailUrl":"https:\/\/kortleksbolaget.se\/wp-content\/uploads\/odd-fellow-madame-laveau-1.jpg","datePublished":"2024-02-28T12:39:26+00:00","dateModified":"2025-09-29T23:25:20+00:00","description":"K\u00f6p Odd Fellow Madame Laveau the Soothsayer Gilded. Snabba leveranser & bra priser. Sveriges st\u00f6rsta sortiment av kortlekar p\u00e5 Kortleksbolaget!","breadcrumb":{"@id":"https:\/\/kortleksbolaget.se\/en\/product\/odd-fellow-madame-laveau-the-soothsayer-gilded\/#breadcrumb"},"inLanguage":"en-US","potentialAction":[{"@type":"ReadAction","target":["https:\/\/kortleksbolaget.se\/en\/product\/odd-fellow-madame-laveau-the-soothsayer-gilded\/"]}]},{"@type":"ImageObject","inLanguage":"en-US","@id":"https:\/\/kortleksbolaget.se\/en\/product\/odd-fellow-madame-laveau-the-soothsayer-gilded\/#primaryimage","url":"https:\/\/kortleksbolaget.se\/wp-content\/uploads\/odd-fellow-madame-laveau-1.jpg","contentUrl":"https:\/\/kortleksbolaget.se\/wp-content\/uploads\/odd-fellow-madame-laveau-1.jpg","width":532,"height":798},{"@type":"BreadcrumbList","@id":"https:\/\/kortleksbolaget.se\/en\/product\/odd-fellow-madame-laveau-the-soothsayer-gilded\/#breadcrumb","itemListElement":[{"@type":"ListItem","position":1,"name":"Hem","item":"https:\/\/kortleksbolaget.se\/en\/"},{"@type":"ListItem","position":2,"name":"All products","item":"https:\/\/kortleksbolaget.se\/en\/shop\/"},{"@type":"ListItem","position":3,"name":"Odd Fellow Madame Laveau the Soothsayer Gilded"}]},{"@type":"WebSite","@id":"https:\/\/kortleksbolaget.se\/en\/#website","url":"https:\/\/kortleksbolaget.se\/en\/","name":"Kortleksbolaget","description":"Kortlekar p\u00e5 n\u00e4tet","publisher":{"@id":"https:\/\/kortleksbolaget.se\/en\/#organization"},"potentialAction":[{"@type":"SearchAction","target":{"@type":"EntryPoint","urlTemplate":"https:\/\/kortleksbolaget.se\/en\/?s={search_term_string}"},"query-input":{"@type":"PropertyValueSpecification","valueRequired":true,"valueName":"search_term_string"}}],"inLanguage":"en-US"},{"@type":"Organization","@id":"https:\/\/kortleksbolaget.se\/en\/#organization","name":"Kortleksbolaget","url":"https:\/\/kortleksbolaget.se\/en\/","logo":{"@type":"ImageObject","inLanguage":"en-US","@id":"https:\/\/kortleksbolaget.se\/en\/#\/schema\/logo\/image\/","url":"https:\/\/kortleksbolaget.se\/wp-content\/uploads\/kortleksbolaget_logo-svart.png","contentUrl":"https:\/\/kortleksbolaget.se\/wp-content\/uploads\/kortleksbolaget_logo-svart.png","width":1200,"height":296,"caption":"Kortleksbolaget"},"image":{"@id":"https:\/\/kortleksbolaget.se\/en\/#\/schema\/logo\/image\/"}}]}},"_links":{"self":[{"href":"https:\/\/kortleksbolaget.se\/en\/wp-json\/wp\/v2\/product\/140610","targetHints":{"allow":["GET"]}}],"collection":[{"href":"https:\/\/kortleksbolaget.se\/en\/wp-json\/wp\/v2\/product"}],"about":[{"href":"https:\/\/kortleksbolaget.se\/en\/wp-json\/wp\/v2\/types\/product"}],"wp:featuredmedia":[{"embeddable":true,"href":"https:\/\/kortleksbolaget.se\/en\/wp-json\/wp\/v2\/media\/140616"}],"wp:attachment":[{"href":"https:\/\/kortleksbolaget.se\/en\/wp-json\/wp\/v2\/media?parent=140610"}],"wp:term":[{"taxonomy":"product_brand","embeddable":true,"href":"https:\/\/kortleksbolaget.se\/en\/wp-json\/wp\/v2\/product_brand?post=140610"},{"taxonomy":"product_cat","embeddable":true,"href":"https:\/\/kortleksbolaget.se\/en\/wp-json\/wp\/v2\/product_cat?post=140610"},{"taxonomy":"product_tag","embeddable":true,"href":"https:\/\/kortleksbolaget.se\/en\/wp-json\/wp\/v2\/product_tag?post=140610"}],"curies":[{"name":"wp","href":"https:\/\/api.w.org\/{rel}","templated":true}]}}