{"id":143207,"date":"2024-05-18T23:16:22","date_gmt":"2024-05-18T21:16:22","guid":{"rendered":"https:\/\/kortleksbolaget.se\/produkt\/straitjacket-kortleksfodral\/"},"modified":"2024-12-31T11:08:08","modified_gmt":"2024-12-31T10:08:08","slug":"straitjacket-kortleksfodral","status":"publish","type":"product","link":"https:\/\/kortleksbolaget.se\/en\/product\/straitjacket-kortleksfodral\/","title":{"rendered":"Straitjacket &#8211; Kortleksfodral"},"content":{"rendered":"","protected":false},"excerpt":{"rendered":"<div id=\"tw-target-text-container\" class=\"tw-ta-container F0azHf tw-nfl\" tabindex=\"0\">\n<p id=\"tw-target-text\" class=\"tw-data-text tw-text-large tw-ta\" dir=\"ltr\" data-placeholder=\"\u00d6vers\u00e4ttning\" aria-label=\"\u00d6versatt text\" data-ved=\"2ahUKEwjK8-_ij5iGAxU4R1UIHVAEDtkQ3ewLegQIBRAT\"><span class=\"Y2IQFc\" lang=\"sv\">De flesta har h\u00f6rt talas om utbrytarkungen Harry Houdini. Nu kan du precis som Houdini, anv\u00e4nda en straitjacket, fast till din kortlek. Ett riktigt snyggt kortleksfodral i form av en tv\u00e5ngstr\u00f6ja. F\u00f6rutom att anv\u00e4nda det som ett fodral f\u00f6r ditt vardagliga kortlek, EDC eller exklusiva samlarkortlek s\u00e5 finns h\u00e4r oanade m\u00f6jligheter att skapa ett magiskt nummer. F\u00f6rvara tex din Invisible Deck d\u00e4r inuti, fullt synligt f\u00f6r \u00e5sk\u00e5darna under rutinen. Eller varf\u00f6r inte skicka den till kunden innan du kommer dit&#8230; &#8220;\u00d6ppna inte&#8221;. Sedan, n\u00e4r du v\u00e4l \u00e4r p\u00e5 plats, \u00e4r deras valda kort v\u00e4nt \u00e5t fel h\u00e5ll i leken. <\/span><\/p>\n<p class=\"tw-data-text tw-text-large tw-ta\" dir=\"ltr\" data-placeholder=\"\u00d6vers\u00e4ttning\" aria-label=\"\u00d6versatt text\" data-ved=\"2ahUKEwjK8-_ij5iGAxU4R1UIHVAEDtkQ3ewLegQIBRAT\"><span class=\"Y2IQFc\" lang=\"sv\">Handgjord i Sverige av Patrick Mossberg. S\u00e4ljs exklusivt i Sverige av Kortleksbolaget Sverige AB. <strong>Kortlek medf\u00f6ljer inte.<\/strong><br \/>\n<\/span><\/p>\n<\/div>\n<div id=\"tw-target-rmn-container\" class=\"tw-target-rmn tw-ta-container F0azHf tw-nfl\"><\/div>\n<p> [&#8230;]<\/p>\n<p><a class=\"btn btn-secondary understrap-read-more-link\" href=\"https:\/\/kortleksbolaget.se\/en\/product\/straitjacket-kortleksfodral\/\">Read More&#8230;<span class=\"screen-reader-text\"> from Straitjacket &#8211; Kortleksfodral<\/span><\/a><\/p>\n","protected":false},"featured_media":143199,"template":"","meta":{"_acf_changed":false},"product_brand":[],"product_cat":[77,72],"product_tag":[],"class_list":{"0":"post-143207","1":"product","2":"type-product","3":"status-publish","4":"has-post-thumbnail","6":"product_cat-accessories-gift-cards","7":"product_cat-magic-en","9":"first","10":"instock","11":"taxable","12":"shipping-taxable","13":"purchasable","14":"product-type-simple"},"acf":[],"yoast_head":"<!-- This site is optimized with the Yoast SEO plugin v26.3 - https:\/\/yoast.com\/wordpress\/plugins\/seo\/ -->\n<title>Kortlek Straitjacket - Kortleksfodral | Kortleksbolaget<\/title>\n<meta name=\"description\" content=\"K\u00f6p Straitjacket - Kortleksfodral. Snabba leveranser &amp; bra priser. Sveriges st\u00f6rsta sortiment av kortlekar p\u00e5 Kortleksbolaget!\" \/>\n<meta name=\"robots\" content=\"index, follow, max-snippet:-1, max-image-preview:large, max-video-preview:-1\" \/>\n<link rel=\"canonical\" href=\"https:\/\/kortleksbolaget.se\/en\/product\/straitjacket-kortleksfodral\/\" \/>\n<meta property=\"og:locale\" content=\"en_US\" \/>\n<meta property=\"og:type\" content=\"article\" \/>\n<meta property=\"og:title\" content=\"Kortlek Straitjacket - Kortleksfodral | Kortleksbolaget\" \/>\n<meta property=\"og:description\" content=\"K\u00f6p Straitjacket - Kortleksfodral. Snabba leveranser &amp; bra priser. Sveriges st\u00f6rsta sortiment av kortlekar p\u00e5 Kortleksbolaget!\" \/>\n<meta property=\"og:url\" content=\"https:\/\/kortleksbolaget.se\/en\/product\/straitjacket-kortleksfodral\/\" \/>\n<meta property=\"og:site_name\" content=\"Kortleksbolaget\" \/>\n<meta property=\"article:modified_time\" content=\"2024-12-31T10:08:08+00:00\" \/>\n<meta property=\"og:image\" content=\"https:\/\/kortleksbolaget.se\/wp-content\/uploads\/straitjacket-playingcards-.jpg\" \/>\n\t<meta property=\"og:image:width\" content=\"657\" \/>\n\t<meta property=\"og:image:height\" content=\"984\" \/>\n\t<meta property=\"og:image:type\" content=\"image\/jpeg\" \/>\n<meta name=\"twitter:card\" content=\"summary_large_image\" \/>\n<meta name=\"twitter:label1\" content=\"Est. reading time\" \/>\n\t<meta name=\"twitter:data1\" content=\"1 minute\" \/>\n<script type=\"application\/ld+json\" class=\"yoast-schema-graph\">{\"@context\":\"https:\/\/schema.org\",\"@graph\":[{\"@type\":\"WebPage\",\"@id\":\"https:\/\/kortleksbolaget.se\/en\/product\/straitjacket-kortleksfodral\/\",\"url\":\"https:\/\/kortleksbolaget.se\/en\/product\/straitjacket-kortleksfodral\/\",\"name\":\"Kortlek Straitjacket - Kortleksfodral | Kortleksbolaget\",\"isPartOf\":{\"@id\":\"https:\/\/kortleksbolaget.se\/en\/#website\"},\"primaryImageOfPage\":{\"@id\":\"https:\/\/kortleksbolaget.se\/en\/product\/straitjacket-kortleksfodral\/#primaryimage\"},\"image\":{\"@id\":\"https:\/\/kortleksbolaget.se\/en\/product\/straitjacket-kortleksfodral\/#primaryimage\"},\"thumbnailUrl\":\"https:\/\/kortleksbolaget.se\/wp-content\/uploads\/straitjacket-playingcards-.jpg\",\"datePublished\":\"2024-05-18T21:16:22+00:00\",\"dateModified\":\"2024-12-31T10:08:08+00:00\",\"description\":\"K\u00f6p Straitjacket - Kortleksfodral. Snabba leveranser & bra priser. Sveriges st\u00f6rsta sortiment av kortlekar p\u00e5 Kortleksbolaget!\",\"breadcrumb\":{\"@id\":\"https:\/\/kortleksbolaget.se\/en\/product\/straitjacket-kortleksfodral\/#breadcrumb\"},\"inLanguage\":\"en-US\",\"potentialAction\":[{\"@type\":\"ReadAction\",\"target\":[\"https:\/\/kortleksbolaget.se\/en\/product\/straitjacket-kortleksfodral\/\"]}]},{\"@type\":\"ImageObject\",\"inLanguage\":\"en-US\",\"@id\":\"https:\/\/kortleksbolaget.se\/en\/product\/straitjacket-kortleksfodral\/#primaryimage\",\"url\":\"https:\/\/kortleksbolaget.se\/wp-content\/uploads\/straitjacket-playingcards-.jpg\",\"contentUrl\":\"https:\/\/kortleksbolaget.se\/wp-content\/uploads\/straitjacket-playingcards-.jpg\",\"width\":657,\"height\":984},{\"@type\":\"BreadcrumbList\",\"@id\":\"https:\/\/kortleksbolaget.se\/en\/product\/straitjacket-kortleksfodral\/#breadcrumb\",\"itemListElement\":[{\"@type\":\"ListItem\",\"position\":1,\"name\":\"Hem\",\"item\":\"https:\/\/kortleksbolaget.se\/en\/\"},{\"@type\":\"ListItem\",\"position\":2,\"name\":\"All products\",\"item\":\"https:\/\/kortleksbolaget.se\/en\/shop\/\"},{\"@type\":\"ListItem\",\"position\":3,\"name\":\"Straitjacket &#8211; Kortleksfodral\"}]},{\"@type\":\"WebSite\",\"@id\":\"https:\/\/kortleksbolaget.se\/en\/#website\",\"url\":\"https:\/\/kortleksbolaget.se\/en\/\",\"name\":\"Kortleksbolaget\",\"description\":\"Kortlekar p\u00e5 n\u00e4tet\",\"publisher\":{\"@id\":\"https:\/\/kortleksbolaget.se\/en\/#organization\"},\"potentialAction\":[{\"@type\":\"SearchAction\",\"target\":{\"@type\":\"EntryPoint\",\"urlTemplate\":\"https:\/\/kortleksbolaget.se\/en\/?s={search_term_string}\"},\"query-input\":{\"@type\":\"PropertyValueSpecification\",\"valueRequired\":true,\"valueName\":\"search_term_string\"}}],\"inLanguage\":\"en-US\"},{\"@type\":\"Organization\",\"@id\":\"https:\/\/kortleksbolaget.se\/en\/#organization\",\"name\":\"Kortleksbolaget\",\"url\":\"https:\/\/kortleksbolaget.se\/en\/\",\"logo\":{\"@type\":\"ImageObject\",\"inLanguage\":\"en-US\",\"@id\":\"https:\/\/kortleksbolaget.se\/en\/#\/schema\/logo\/image\/\",\"url\":\"https:\/\/kortleksbolaget.se\/wp-content\/uploads\/kortleksbolaget_logo-svart.png\",\"contentUrl\":\"https:\/\/kortleksbolaget.se\/wp-content\/uploads\/kortleksbolaget_logo-svart.png\",\"width\":1200,\"height\":296,\"caption\":\"Kortleksbolaget\"},\"image\":{\"@id\":\"https:\/\/kortleksbolaget.se\/en\/#\/schema\/logo\/image\/\"}}]}<\/script>\n<!-- \/ Yoast SEO plugin. -->","yoast_head_json":{"title":"Kortlek Straitjacket - Kortleksfodral | Kortleksbolaget","description":"K\u00f6p Straitjacket - Kortleksfodral. Snabba leveranser & bra priser. Sveriges st\u00f6rsta sortiment av kortlekar p\u00e5 Kortleksbolaget!","robots":{"index":"index","follow":"follow","max-snippet":"max-snippet:-1","max-image-preview":"max-image-preview:large","max-video-preview":"max-video-preview:-1"},"canonical":"https:\/\/kortleksbolaget.se\/en\/product\/straitjacket-kortleksfodral\/","og_locale":"en_US","og_type":"article","og_title":"Kortlek Straitjacket - Kortleksfodral | Kortleksbolaget","og_description":"K\u00f6p Straitjacket - Kortleksfodral. Snabba leveranser & bra priser. Sveriges st\u00f6rsta sortiment av kortlekar p\u00e5 Kortleksbolaget!","og_url":"https:\/\/kortleksbolaget.se\/en\/product\/straitjacket-kortleksfodral\/","og_site_name":"Kortleksbolaget","article_modified_time":"2024-12-31T10:08:08+00:00","og_image":[{"width":657,"height":984,"url":"https:\/\/kortleksbolaget.se\/wp-content\/uploads\/straitjacket-playingcards-.jpg","type":"image\/jpeg"}],"twitter_card":"summary_large_image","twitter_misc":{"Est. reading time":"1 minute"},"schema":{"@context":"https:\/\/schema.org","@graph":[{"@type":"WebPage","@id":"https:\/\/kortleksbolaget.se\/en\/product\/straitjacket-kortleksfodral\/","url":"https:\/\/kortleksbolaget.se\/en\/product\/straitjacket-kortleksfodral\/","name":"Kortlek Straitjacket - Kortleksfodral | Kortleksbolaget","isPartOf":{"@id":"https:\/\/kortleksbolaget.se\/en\/#website"},"primaryImageOfPage":{"@id":"https:\/\/kortleksbolaget.se\/en\/product\/straitjacket-kortleksfodral\/#primaryimage"},"image":{"@id":"https:\/\/kortleksbolaget.se\/en\/product\/straitjacket-kortleksfodral\/#primaryimage"},"thumbnailUrl":"https:\/\/kortleksbolaget.se\/wp-content\/uploads\/straitjacket-playingcards-.jpg","datePublished":"2024-05-18T21:16:22+00:00","dateModified":"2024-12-31T10:08:08+00:00","description":"K\u00f6p Straitjacket - Kortleksfodral. Snabba leveranser & bra priser. Sveriges st\u00f6rsta sortiment av kortlekar p\u00e5 Kortleksbolaget!","breadcrumb":{"@id":"https:\/\/kortleksbolaget.se\/en\/product\/straitjacket-kortleksfodral\/#breadcrumb"},"inLanguage":"en-US","potentialAction":[{"@type":"ReadAction","target":["https:\/\/kortleksbolaget.se\/en\/product\/straitjacket-kortleksfodral\/"]}]},{"@type":"ImageObject","inLanguage":"en-US","@id":"https:\/\/kortleksbolaget.se\/en\/product\/straitjacket-kortleksfodral\/#primaryimage","url":"https:\/\/kortleksbolaget.se\/wp-content\/uploads\/straitjacket-playingcards-.jpg","contentUrl":"https:\/\/kortleksbolaget.se\/wp-content\/uploads\/straitjacket-playingcards-.jpg","width":657,"height":984},{"@type":"BreadcrumbList","@id":"https:\/\/kortleksbolaget.se\/en\/product\/straitjacket-kortleksfodral\/#breadcrumb","itemListElement":[{"@type":"ListItem","position":1,"name":"Hem","item":"https:\/\/kortleksbolaget.se\/en\/"},{"@type":"ListItem","position":2,"name":"All products","item":"https:\/\/kortleksbolaget.se\/en\/shop\/"},{"@type":"ListItem","position":3,"name":"Straitjacket &#8211; Kortleksfodral"}]},{"@type":"WebSite","@id":"https:\/\/kortleksbolaget.se\/en\/#website","url":"https:\/\/kortleksbolaget.se\/en\/","name":"Kortleksbolaget","description":"Kortlekar p\u00e5 n\u00e4tet","publisher":{"@id":"https:\/\/kortleksbolaget.se\/en\/#organization"},"potentialAction":[{"@type":"SearchAction","target":{"@type":"EntryPoint","urlTemplate":"https:\/\/kortleksbolaget.se\/en\/?s={search_term_string}"},"query-input":{"@type":"PropertyValueSpecification","valueRequired":true,"valueName":"search_term_string"}}],"inLanguage":"en-US"},{"@type":"Organization","@id":"https:\/\/kortleksbolaget.se\/en\/#organization","name":"Kortleksbolaget","url":"https:\/\/kortleksbolaget.se\/en\/","logo":{"@type":"ImageObject","inLanguage":"en-US","@id":"https:\/\/kortleksbolaget.se\/en\/#\/schema\/logo\/image\/","url":"https:\/\/kortleksbolaget.se\/wp-content\/uploads\/kortleksbolaget_logo-svart.png","contentUrl":"https:\/\/kortleksbolaget.se\/wp-content\/uploads\/kortleksbolaget_logo-svart.png","width":1200,"height":296,"caption":"Kortleksbolaget"},"image":{"@id":"https:\/\/kortleksbolaget.se\/en\/#\/schema\/logo\/image\/"}}]}},"_links":{"self":[{"href":"https:\/\/kortleksbolaget.se\/en\/wp-json\/wp\/v2\/product\/143207","targetHints":{"allow":["GET"]}}],"collection":[{"href":"https:\/\/kortleksbolaget.se\/en\/wp-json\/wp\/v2\/product"}],"about":[{"href":"https:\/\/kortleksbolaget.se\/en\/wp-json\/wp\/v2\/types\/product"}],"wp:featuredmedia":[{"embeddable":true,"href":"https:\/\/kortleksbolaget.se\/en\/wp-json\/wp\/v2\/media\/143199"}],"wp:attachment":[{"href":"https:\/\/kortleksbolaget.se\/en\/wp-json\/wp\/v2\/media?parent=143207"}],"wp:term":[{"taxonomy":"product_brand","embeddable":true,"href":"https:\/\/kortleksbolaget.se\/en\/wp-json\/wp\/v2\/product_brand?post=143207"},{"taxonomy":"product_cat","embeddable":true,"href":"https:\/\/kortleksbolaget.se\/en\/wp-json\/wp\/v2\/product_cat?post=143207"},{"taxonomy":"product_tag","embeddable":true,"href":"https:\/\/kortleksbolaget.se\/en\/wp-json\/wp\/v2\/product_tag?post=143207"}],"curies":[{"name":"wp","href":"https:\/\/api.w.org\/{rel}","templated":true}]}}