{"id":145076,"date":"2024-08-07T17:51:25","date_gmt":"2024-08-07T15:51:25","guid":{"rendered":"https:\/\/kortleksbolaget.se\/produkt\/no-borders-cutback\/"},"modified":"2024-08-07T17:52:17","modified_gmt":"2024-08-07T15:52:17","slug":"no-borders-cutback","status":"publish","type":"product","link":"https:\/\/kortleksbolaget.se\/en\/product\/no-borders-cutback\/","title":{"rendered":"No Borders Cutback"},"content":{"rendered":"","protected":false},"excerpt":{"rendered":"<p>Welcome to the beginning of an extraordinary new collectible series with <b>No Borders Playing Cards<\/b>. Each deck in this series is not just a tool for play; each edition is a piece of collectible art, designed to captivate and inspire.<\/p>\n<p>Following the triumph of our Victory Playing Cards, we&#8217;ve heard your calls for more borderless designs. In response, we&#8217;ve collaborated with our longtime friend, the talented Pedro Oyarbide, to bring you six unique, borderless back designs that blend practicality with unmatched Joker and the Thief style.<\/p>\n<p>These decks are more than just a new offering; they&#8217;re a response to our community&#8217;s desire for functional, collectable, beautiful, and competitively priced playing cards. Be part of this exciting journey and help us turn these artistic visions into reality!<\/p>\n<p>Grand-Prix is a tribute to the timeless allure of racing, with a checkered pattern that speaks to both classic racing flags and a modern aesthetic. It&#8217;s a tasteful celebration of automotive passion and competitive spirit, subtly infused with our brand&#8217;s distinct character. This design stands as a symbol of precision and movement, inviting players to a game where every hand is a quiet echo of the racetrack&#8217;s excitement.<\/p>\n<p><b>Cutback<\/b> is an exuberant homage to the carefree surfer&#8217;s lifestyle, its design rich with the warm hues and rhythmic patterns reminiscent of the rolling waves and vibrant beach-scapes from Bali to Bondi. This deck is a celebration of the surf culture&#8217;s soul and the art of play: spontaneous, lively, and boldly embracing life&#8217;s ebb and flow both on the wave, and on the card table.<\/p>\n<p>Thunderbolt is a dynamic evolution of the classic border design seen on the original Joker and the Thief decks reimagined into a striking, borderless pattern! The thunderbolt&#8217;s sharp angles bring an energetic rhythm to the game, representing the almost electrical surge felt when holding a winning hand. This deck is a bold statement, a flash of creativity that embodies the spirit of those who choose to use Joker and the Thief cards and dare to play boldly!<\/p>\n<p>The Honeycomb exudes a timeless elegance with its geometric precision, offering a sleek, classic aesthetic for the modern card enthusiast. Its design is purposefully clean and uncomplicated, ensuring a seamless integration into the daily routine of any discerning player. This deck stands as a paragon of practicality, designed to accompany its bearer from the quietest of reflections to the liveliest of gatherings.<\/p>\n<p>The Crazy Back is a visual representation of the unpredictable and dynamic essence of the Joker and the Thief, key archetypes of our brand. Woven into an abstract tapestry, the words &#8220;Joker&#8221; and &#8220;Thief&#8221; forms a chaotic dance across the canvas, encapsulating the spirit of mischief and strategy. This design stands as a bold testament to the enigmatic nature of the game, inviting players to embrace the unexpected twists that each card may bring.<\/p>\n<ul>\n<li>Each deck features an identical tuck box with a viewing window on the back of the box to identify which deck is which.<\/li>\n<li>Each deck is complete with a perforated foil seal.<\/li>\n<li>Each deck features the same royal cards, ace of spades and Joker and Thief card.<\/li>\n<li>Each deck has a unique back design.<\/li>\n<\/ul>\n<p> [&#8230;]<\/p>\n<p><a class=\"btn btn-secondary understrap-read-more-link\" href=\"https:\/\/kortleksbolaget.se\/en\/product\/no-borders-cutback\/\">Read More&#8230;<span class=\"screen-reader-text\"> from No Borders Cutback<\/span><\/a><\/p>\n","protected":false},"featured_media":145035,"template":"","meta":{"_acf_changed":false},"product_brand":[],"product_cat":[75],"product_tag":[],"class_list":{"0":"post-145076","1":"product","2":"type-product","3":"status-publish","4":"has-post-thumbnail","6":"varumarke-joker-and-the-thief-en","7":"product_cat-special-lyx-limited-en","9":"first","10":"instock","11":"taxable","12":"shipping-taxable","13":"purchasable","14":"product-type-simple"},"acf":[],"yoast_head":"<!-- This site is optimized with the Yoast SEO plugin v26.3 - https:\/\/yoast.com\/wordpress\/plugins\/seo\/ -->\n<title>Kortlek No Borders Cutback | Kortleksbolaget<\/title>\n<meta name=\"description\" content=\"K\u00f6p No Borders Cutback. Snabba leveranser &amp; bra priser. Sveriges st\u00f6rsta sortiment av kortlekar p\u00e5 Kortleksbolaget!\" \/>\n<meta name=\"robots\" content=\"index, follow, max-snippet:-1, max-image-preview:large, max-video-preview:-1\" \/>\n<link rel=\"canonical\" href=\"https:\/\/kortleksbolaget.se\/en\/product\/no-borders-cutback\/\" \/>\n<meta property=\"og:locale\" content=\"en_US\" \/>\n<meta property=\"og:type\" content=\"article\" \/>\n<meta property=\"og:title\" content=\"Kortlek No Borders Cutback | Kortleksbolaget\" \/>\n<meta property=\"og:description\" content=\"K\u00f6p No Borders Cutback. Snabba leveranser &amp; bra priser. Sveriges st\u00f6rsta sortiment av kortlekar p\u00e5 Kortleksbolaget!\" \/>\n<meta property=\"og:url\" content=\"https:\/\/kortleksbolaget.se\/en\/product\/no-borders-cutback\/\" \/>\n<meta property=\"og:site_name\" content=\"Kortleksbolaget\" \/>\n<meta property=\"article:modified_time\" content=\"2024-08-07T15:52:17+00:00\" \/>\n<meta property=\"og:image\" content=\"https:\/\/kortleksbolaget.se\/wp-content\/uploads\/joker-and-the-thief.jpg\" \/>\n\t<meta property=\"og:image:width\" content=\"489\" \/>\n\t<meta property=\"og:image:height\" content=\"733\" \/>\n\t<meta property=\"og:image:type\" content=\"image\/jpeg\" \/>\n<meta name=\"twitter:card\" content=\"summary_large_image\" \/>\n<meta name=\"twitter:label1\" content=\"Est. reading time\" \/>\n\t<meta name=\"twitter:data1\" content=\"1 minute\" \/>\n<script type=\"application\/ld+json\" class=\"yoast-schema-graph\">{\"@context\":\"https:\/\/schema.org\",\"@graph\":[{\"@type\":\"WebPage\",\"@id\":\"https:\/\/kortleksbolaget.se\/en\/product\/no-borders-cutback\/\",\"url\":\"https:\/\/kortleksbolaget.se\/en\/product\/no-borders-cutback\/\",\"name\":\"Kortlek No Borders Cutback | Kortleksbolaget\",\"isPartOf\":{\"@id\":\"https:\/\/kortleksbolaget.se\/en\/#website\"},\"primaryImageOfPage\":{\"@id\":\"https:\/\/kortleksbolaget.se\/en\/product\/no-borders-cutback\/#primaryimage\"},\"image\":{\"@id\":\"https:\/\/kortleksbolaget.se\/en\/product\/no-borders-cutback\/#primaryimage\"},\"thumbnailUrl\":\"https:\/\/kortleksbolaget.se\/wp-content\/uploads\/joker-and-the-thief.jpg\",\"datePublished\":\"2024-08-07T15:51:25+00:00\",\"dateModified\":\"2024-08-07T15:52:17+00:00\",\"description\":\"K\u00f6p No Borders Cutback. Snabba leveranser & bra priser. Sveriges st\u00f6rsta sortiment av kortlekar p\u00e5 Kortleksbolaget!\",\"breadcrumb\":{\"@id\":\"https:\/\/kortleksbolaget.se\/en\/product\/no-borders-cutback\/#breadcrumb\"},\"inLanguage\":\"en-US\",\"potentialAction\":[{\"@type\":\"ReadAction\",\"target\":[\"https:\/\/kortleksbolaget.se\/en\/product\/no-borders-cutback\/\"]}]},{\"@type\":\"ImageObject\",\"inLanguage\":\"en-US\",\"@id\":\"https:\/\/kortleksbolaget.se\/en\/product\/no-borders-cutback\/#primaryimage\",\"url\":\"https:\/\/kortleksbolaget.se\/wp-content\/uploads\/joker-and-the-thief.jpg\",\"contentUrl\":\"https:\/\/kortleksbolaget.se\/wp-content\/uploads\/joker-and-the-thief.jpg\",\"width\":489,\"height\":733},{\"@type\":\"BreadcrumbList\",\"@id\":\"https:\/\/kortleksbolaget.se\/en\/product\/no-borders-cutback\/#breadcrumb\",\"itemListElement\":[{\"@type\":\"ListItem\",\"position\":1,\"name\":\"Hem\",\"item\":\"https:\/\/kortleksbolaget.se\/en\/\"},{\"@type\":\"ListItem\",\"position\":2,\"name\":\"All products\",\"item\":\"https:\/\/kortleksbolaget.se\/en\/shop\/\"},{\"@type\":\"ListItem\",\"position\":3,\"name\":\"No Borders Cutback\"}]},{\"@type\":\"WebSite\",\"@id\":\"https:\/\/kortleksbolaget.se\/en\/#website\",\"url\":\"https:\/\/kortleksbolaget.se\/en\/\",\"name\":\"Kortleksbolaget\",\"description\":\"Kortlekar p\u00e5 n\u00e4tet\",\"publisher\":{\"@id\":\"https:\/\/kortleksbolaget.se\/en\/#organization\"},\"potentialAction\":[{\"@type\":\"SearchAction\",\"target\":{\"@type\":\"EntryPoint\",\"urlTemplate\":\"https:\/\/kortleksbolaget.se\/en\/?s={search_term_string}\"},\"query-input\":{\"@type\":\"PropertyValueSpecification\",\"valueRequired\":true,\"valueName\":\"search_term_string\"}}],\"inLanguage\":\"en-US\"},{\"@type\":\"Organization\",\"@id\":\"https:\/\/kortleksbolaget.se\/en\/#organization\",\"name\":\"Kortleksbolaget\",\"url\":\"https:\/\/kortleksbolaget.se\/en\/\",\"logo\":{\"@type\":\"ImageObject\",\"inLanguage\":\"en-US\",\"@id\":\"https:\/\/kortleksbolaget.se\/en\/#\/schema\/logo\/image\/\",\"url\":\"https:\/\/kortleksbolaget.se\/wp-content\/uploads\/kortleksbolaget_logo-svart.png\",\"contentUrl\":\"https:\/\/kortleksbolaget.se\/wp-content\/uploads\/kortleksbolaget_logo-svart.png\",\"width\":1200,\"height\":296,\"caption\":\"Kortleksbolaget\"},\"image\":{\"@id\":\"https:\/\/kortleksbolaget.se\/en\/#\/schema\/logo\/image\/\"}}]}<\/script>\n<!-- \/ Yoast SEO plugin. -->","yoast_head_json":{"title":"Kortlek No Borders Cutback | Kortleksbolaget","description":"K\u00f6p No Borders Cutback. Snabba leveranser & bra priser. Sveriges st\u00f6rsta sortiment av kortlekar p\u00e5 Kortleksbolaget!","robots":{"index":"index","follow":"follow","max-snippet":"max-snippet:-1","max-image-preview":"max-image-preview:large","max-video-preview":"max-video-preview:-1"},"canonical":"https:\/\/kortleksbolaget.se\/en\/product\/no-borders-cutback\/","og_locale":"en_US","og_type":"article","og_title":"Kortlek No Borders Cutback | Kortleksbolaget","og_description":"K\u00f6p No Borders Cutback. Snabba leveranser & bra priser. Sveriges st\u00f6rsta sortiment av kortlekar p\u00e5 Kortleksbolaget!","og_url":"https:\/\/kortleksbolaget.se\/en\/product\/no-borders-cutback\/","og_site_name":"Kortleksbolaget","article_modified_time":"2024-08-07T15:52:17+00:00","og_image":[{"width":489,"height":733,"url":"https:\/\/kortleksbolaget.se\/wp-content\/uploads\/joker-and-the-thief.jpg","type":"image\/jpeg"}],"twitter_card":"summary_large_image","twitter_misc":{"Est. reading time":"1 minute"},"schema":{"@context":"https:\/\/schema.org","@graph":[{"@type":"WebPage","@id":"https:\/\/kortleksbolaget.se\/en\/product\/no-borders-cutback\/","url":"https:\/\/kortleksbolaget.se\/en\/product\/no-borders-cutback\/","name":"Kortlek No Borders Cutback | Kortleksbolaget","isPartOf":{"@id":"https:\/\/kortleksbolaget.se\/en\/#website"},"primaryImageOfPage":{"@id":"https:\/\/kortleksbolaget.se\/en\/product\/no-borders-cutback\/#primaryimage"},"image":{"@id":"https:\/\/kortleksbolaget.se\/en\/product\/no-borders-cutback\/#primaryimage"},"thumbnailUrl":"https:\/\/kortleksbolaget.se\/wp-content\/uploads\/joker-and-the-thief.jpg","datePublished":"2024-08-07T15:51:25+00:00","dateModified":"2024-08-07T15:52:17+00:00","description":"K\u00f6p No Borders Cutback. Snabba leveranser & bra priser. Sveriges st\u00f6rsta sortiment av kortlekar p\u00e5 Kortleksbolaget!","breadcrumb":{"@id":"https:\/\/kortleksbolaget.se\/en\/product\/no-borders-cutback\/#breadcrumb"},"inLanguage":"en-US","potentialAction":[{"@type":"ReadAction","target":["https:\/\/kortleksbolaget.se\/en\/product\/no-borders-cutback\/"]}]},{"@type":"ImageObject","inLanguage":"en-US","@id":"https:\/\/kortleksbolaget.se\/en\/product\/no-borders-cutback\/#primaryimage","url":"https:\/\/kortleksbolaget.se\/wp-content\/uploads\/joker-and-the-thief.jpg","contentUrl":"https:\/\/kortleksbolaget.se\/wp-content\/uploads\/joker-and-the-thief.jpg","width":489,"height":733},{"@type":"BreadcrumbList","@id":"https:\/\/kortleksbolaget.se\/en\/product\/no-borders-cutback\/#breadcrumb","itemListElement":[{"@type":"ListItem","position":1,"name":"Hem","item":"https:\/\/kortleksbolaget.se\/en\/"},{"@type":"ListItem","position":2,"name":"All products","item":"https:\/\/kortleksbolaget.se\/en\/shop\/"},{"@type":"ListItem","position":3,"name":"No Borders Cutback"}]},{"@type":"WebSite","@id":"https:\/\/kortleksbolaget.se\/en\/#website","url":"https:\/\/kortleksbolaget.se\/en\/","name":"Kortleksbolaget","description":"Kortlekar p\u00e5 n\u00e4tet","publisher":{"@id":"https:\/\/kortleksbolaget.se\/en\/#organization"},"potentialAction":[{"@type":"SearchAction","target":{"@type":"EntryPoint","urlTemplate":"https:\/\/kortleksbolaget.se\/en\/?s={search_term_string}"},"query-input":{"@type":"PropertyValueSpecification","valueRequired":true,"valueName":"search_term_string"}}],"inLanguage":"en-US"},{"@type":"Organization","@id":"https:\/\/kortleksbolaget.se\/en\/#organization","name":"Kortleksbolaget","url":"https:\/\/kortleksbolaget.se\/en\/","logo":{"@type":"ImageObject","inLanguage":"en-US","@id":"https:\/\/kortleksbolaget.se\/en\/#\/schema\/logo\/image\/","url":"https:\/\/kortleksbolaget.se\/wp-content\/uploads\/kortleksbolaget_logo-svart.png","contentUrl":"https:\/\/kortleksbolaget.se\/wp-content\/uploads\/kortleksbolaget_logo-svart.png","width":1200,"height":296,"caption":"Kortleksbolaget"},"image":{"@id":"https:\/\/kortleksbolaget.se\/en\/#\/schema\/logo\/image\/"}}]}},"_links":{"self":[{"href":"https:\/\/kortleksbolaget.se\/en\/wp-json\/wp\/v2\/product\/145076","targetHints":{"allow":["GET"]}}],"collection":[{"href":"https:\/\/kortleksbolaget.se\/en\/wp-json\/wp\/v2\/product"}],"about":[{"href":"https:\/\/kortleksbolaget.se\/en\/wp-json\/wp\/v2\/types\/product"}],"wp:featuredmedia":[{"embeddable":true,"href":"https:\/\/kortleksbolaget.se\/en\/wp-json\/wp\/v2\/media\/145035"}],"wp:attachment":[{"href":"https:\/\/kortleksbolaget.se\/en\/wp-json\/wp\/v2\/media?parent=145076"}],"wp:term":[{"taxonomy":"product_brand","embeddable":true,"href":"https:\/\/kortleksbolaget.se\/en\/wp-json\/wp\/v2\/product_brand?post=145076"},{"taxonomy":"product_cat","embeddable":true,"href":"https:\/\/kortleksbolaget.se\/en\/wp-json\/wp\/v2\/product_cat?post=145076"},{"taxonomy":"product_tag","embeddable":true,"href":"https:\/\/kortleksbolaget.se\/en\/wp-json\/wp\/v2\/product_tag?post=145076"}],"curies":[{"name":"wp","href":"https:\/\/api.w.org\/{rel}","templated":true}]}}