{"id":146819,"date":"2024-09-30T20:29:21","date_gmt":"2024-09-30T18:29:21","guid":{"rendered":"https:\/\/kortleksbolaget.se\/produkt\/innocence-gold-foil-limited-edition\/"},"modified":"2024-09-30T20:30:29","modified_gmt":"2024-09-30T18:30:29","slug":"innocence-gold-foil-limited-edition","status":"publish","type":"product","link":"https:\/\/kortleksbolaget.se\/en\/product\/innocence-gold-foil-limited-edition\/","title":{"rendered":"Innocence Gold Foil Limited Edition"},"content":{"rendered":"","protected":false},"excerpt":{"rendered":"<div id=\"tw-target-text-container\" class=\"tw-ta-container F0azHf tw-nfl\" tabindex=\"0\">\n<p class=\"tw-data-text tw-text-large tw-ta\" dir=\"ltr\" data-placeholder=\"\u00d6vers\u00e4ttning\" data-ved=\"2ahUKEwjBsM7Y0sqIAxWTHxAIHRfTMEUQ3ewLegQIBxAT\" aria-label=\"Translated text: Denna specialutg\u00e5va hyllar den ikoniska designen av de ursprungliga Innocence-spelkorten, nu tillg\u00e4ngliga med lyxiga gyllene kallfolieaccenter. Varje kort \u00e4r designat s\u00e5 att guldfoliedetaljerna f\u00e5ngar ljuset perfekt, vilket skapar en f\u00e4ngslande visuell upplevelse. Guldfolien pryder inte bara baksidan av d\u00e4cket utan kan \u00e4ven hittas p\u00e5 ansiktena. F\u00f6r att understryka elegansen var det bara vissa detaljer p\u00e5 hovkorten, jokrarna och spaderess som dekorerades med guld. Begr\u00e4nsat till 2500 d\u00e4ck. Helt gyllene kallfolie baksida design. Riktade gyllene kallfoliefl\u00e4ckar p\u00e5 ansiktena. Guldpapper p\u00e5 det inre tuckfodralet. Dubbel backer &amp; 8 spader duplikat.\"><span class=\"Y2IQFc\" lang=\"sv\">This special edition celebrates the iconic design of the original <b>Innocence Playing Cards<\/b>, now available with luxurious golden cold foil accents. Each card is designed so that the gold foil details catch the light perfectly, creating a captivating visual experience.<\/p>\n<p>The gold foil not only adorns the back of the deck but can also be found on the faces. To emphasize the elegance, only certain details on the court cards, the Jokers and the Ace of Spades were decorated with gold.<\/span><\/p>\n<ul>\n<li>Limited to 2500 decks.<\/li>\n<li>Fully golden cold foil back design.<\/li>\n<li>Targeted golden cold foil spots on the faces.<\/li>\n<li>Gold paper on the inner tuck case.<\/li>\n<li>Double backer &amp; 8 of Spades duplicate.<\/li>\n<\/ul>\n<p id=\"tw-target-text\" class=\"tw-data-text tw-text-large tw-ta\" dir=\"ltr\" data-placeholder=\"\u00d6vers\u00e4ttning\" data-ved=\"2ahUKEwjBsM7Y0sqIAxWTHxAIHRfTMEUQ3ewLegQIBxAT\" aria-label=\"Translated text: Denna specialutg\u00e5va hyllar den ikoniska designen av de ursprungliga Innocence-spelkorten, nu tillg\u00e4ngliga med lyxiga gyllene kallfolieaccenter. Varje kort \u00e4r designat s\u00e5 att guldfoliedetaljerna f\u00e5ngar ljuset perfekt, vilket skapar en f\u00e4ngslande visuell upplevelse. Guldfolien pryder inte bara baksidan av d\u00e4cket utan kan \u00e4ven hittas p\u00e5 ansiktena. F\u00f6r att understryka elegansen var det bara vissa detaljer p\u00e5 hovkorten, jokrarna och spaderess som dekorerades med guld. Begr\u00e4nsat till 2500 d\u00e4ck. Helt gyllene kallfolie baksida design. Riktade gyllene kallfoliefl\u00e4ckar p\u00e5 ansiktena. Guldpapper p\u00e5 det inre tuckfodralet. Dubbel backer &amp; 8 spader duplikat.\"><span class=\"Y2IQFc\" lang=\"sv\">\u00a0<\/span><\/p>\n<\/div>\n<div id=\"tw-target-rmn-container\" class=\"tw-target-rmn tw-ta-container F0azHf tw-nfl\">\n<pre id=\"tw-target-rmn\" class=\"tw-data-placeholder tw-text-small tw-ta\" dir=\"ltr\" data-placeholder=\"\"><\/pre>\n<\/div>\n<p> [&#8230;]<\/p>\n<p><a class=\"btn btn-secondary understrap-read-more-link\" href=\"https:\/\/kortleksbolaget.se\/en\/product\/innocence-gold-foil-limited-edition\/\">Read More&#8230;<span class=\"screen-reader-text\"> from Innocence Gold Foil Limited Edition<\/span><\/a><\/p>\n","protected":false},"featured_media":146825,"template":"","meta":{"_acf_changed":false},"product_brand":[],"product_cat":[75],"product_tag":[],"class_list":{"0":"post-146819","1":"product","2":"type-product","3":"status-publish","4":"has-post-thumbnail","6":"product_cat-special-lyx-limited-en","8":"first","9":"outofstock","10":"taxable","11":"shipping-taxable","12":"purchasable","13":"product-type-simple"},"acf":[],"yoast_head":"<!-- This site is optimized with the Yoast SEO plugin v26.3 - https:\/\/yoast.com\/wordpress\/plugins\/seo\/ -->\n<title>Kortlek Innocence Gold Foil Limited Edition | Kortleksbolaget<\/title>\n<meta name=\"description\" content=\"K\u00f6p Innocence Gold Foil Limited Edition. Snabba leveranser &amp; bra priser. Sveriges st\u00f6rsta sortiment av kortlekar p\u00e5 Kortleksbolaget!\" \/>\n<meta name=\"robots\" content=\"index, follow, max-snippet:-1, max-image-preview:large, max-video-preview:-1\" \/>\n<link rel=\"canonical\" href=\"https:\/\/kortleksbolaget.se\/en\/product\/innocence-gold-foil-limited-edition\/\" \/>\n<meta property=\"og:locale\" content=\"en_US\" \/>\n<meta property=\"og:type\" content=\"article\" \/>\n<meta property=\"og:title\" content=\"Kortlek Innocence Gold Foil Limited Edition | Kortleksbolaget\" \/>\n<meta property=\"og:description\" content=\"K\u00f6p Innocence Gold Foil Limited Edition. Snabba leveranser &amp; bra priser. Sveriges st\u00f6rsta sortiment av kortlekar p\u00e5 Kortleksbolaget!\" \/>\n<meta property=\"og:url\" content=\"https:\/\/kortleksbolaget.se\/en\/product\/innocence-gold-foil-limited-edition\/\" \/>\n<meta property=\"og:site_name\" content=\"Kortleksbolaget\" \/>\n<meta property=\"article:modified_time\" content=\"2024-09-30T18:30:29+00:00\" \/>\n<meta property=\"og:image\" content=\"https:\/\/kortleksbolaget.se\/wp-content\/uploads\/innocence-gold-edition-playing-cards-2.jpg\" \/>\n\t<meta property=\"og:image:width\" content=\"513\" \/>\n\t<meta property=\"og:image:height\" content=\"769\" \/>\n\t<meta property=\"og:image:type\" content=\"image\/jpeg\" \/>\n<meta name=\"twitter:card\" content=\"summary_large_image\" \/>\n<meta name=\"twitter:label1\" content=\"Est. reading time\" \/>\n\t<meta name=\"twitter:data1\" content=\"1 minute\" \/>\n<script type=\"application\/ld+json\" class=\"yoast-schema-graph\">{\"@context\":\"https:\/\/schema.org\",\"@graph\":[{\"@type\":\"WebPage\",\"@id\":\"https:\/\/kortleksbolaget.se\/en\/product\/innocence-gold-foil-limited-edition\/\",\"url\":\"https:\/\/kortleksbolaget.se\/en\/product\/innocence-gold-foil-limited-edition\/\",\"name\":\"Kortlek Innocence Gold Foil Limited Edition | Kortleksbolaget\",\"isPartOf\":{\"@id\":\"https:\/\/kortleksbolaget.se\/en\/#website\"},\"primaryImageOfPage\":{\"@id\":\"https:\/\/kortleksbolaget.se\/en\/product\/innocence-gold-foil-limited-edition\/#primaryimage\"},\"image\":{\"@id\":\"https:\/\/kortleksbolaget.se\/en\/product\/innocence-gold-foil-limited-edition\/#primaryimage\"},\"thumbnailUrl\":\"https:\/\/kortleksbolaget.se\/wp-content\/uploads\/innocence-gold-edition-playing-cards-2.jpg\",\"datePublished\":\"2024-09-30T18:29:21+00:00\",\"dateModified\":\"2024-09-30T18:30:29+00:00\",\"description\":\"K\u00f6p Innocence Gold Foil Limited Edition. Snabba leveranser & bra priser. Sveriges st\u00f6rsta sortiment av kortlekar p\u00e5 Kortleksbolaget!\",\"breadcrumb\":{\"@id\":\"https:\/\/kortleksbolaget.se\/en\/product\/innocence-gold-foil-limited-edition\/#breadcrumb\"},\"inLanguage\":\"en-US\",\"potentialAction\":[{\"@type\":\"ReadAction\",\"target\":[\"https:\/\/kortleksbolaget.se\/en\/product\/innocence-gold-foil-limited-edition\/\"]}]},{\"@type\":\"ImageObject\",\"inLanguage\":\"en-US\",\"@id\":\"https:\/\/kortleksbolaget.se\/en\/product\/innocence-gold-foil-limited-edition\/#primaryimage\",\"url\":\"https:\/\/kortleksbolaget.se\/wp-content\/uploads\/innocence-gold-edition-playing-cards-2.jpg\",\"contentUrl\":\"https:\/\/kortleksbolaget.se\/wp-content\/uploads\/innocence-gold-edition-playing-cards-2.jpg\",\"width\":513,\"height\":769},{\"@type\":\"BreadcrumbList\",\"@id\":\"https:\/\/kortleksbolaget.se\/en\/product\/innocence-gold-foil-limited-edition\/#breadcrumb\",\"itemListElement\":[{\"@type\":\"ListItem\",\"position\":1,\"name\":\"Hem\",\"item\":\"https:\/\/kortleksbolaget.se\/en\/\"},{\"@type\":\"ListItem\",\"position\":2,\"name\":\"All products\",\"item\":\"https:\/\/kortleksbolaget.se\/en\/shop\/\"},{\"@type\":\"ListItem\",\"position\":3,\"name\":\"Innocence Gold Foil Limited Edition\"}]},{\"@type\":\"WebSite\",\"@id\":\"https:\/\/kortleksbolaget.se\/en\/#website\",\"url\":\"https:\/\/kortleksbolaget.se\/en\/\",\"name\":\"Kortleksbolaget\",\"description\":\"Kortlekar p\u00e5 n\u00e4tet\",\"publisher\":{\"@id\":\"https:\/\/kortleksbolaget.se\/en\/#organization\"},\"potentialAction\":[{\"@type\":\"SearchAction\",\"target\":{\"@type\":\"EntryPoint\",\"urlTemplate\":\"https:\/\/kortleksbolaget.se\/en\/?s={search_term_string}\"},\"query-input\":{\"@type\":\"PropertyValueSpecification\",\"valueRequired\":true,\"valueName\":\"search_term_string\"}}],\"inLanguage\":\"en-US\"},{\"@type\":\"Organization\",\"@id\":\"https:\/\/kortleksbolaget.se\/en\/#organization\",\"name\":\"Kortleksbolaget\",\"url\":\"https:\/\/kortleksbolaget.se\/en\/\",\"logo\":{\"@type\":\"ImageObject\",\"inLanguage\":\"en-US\",\"@id\":\"https:\/\/kortleksbolaget.se\/en\/#\/schema\/logo\/image\/\",\"url\":\"https:\/\/kortleksbolaget.se\/wp-content\/uploads\/kortleksbolaget_logo-svart.png\",\"contentUrl\":\"https:\/\/kortleksbolaget.se\/wp-content\/uploads\/kortleksbolaget_logo-svart.png\",\"width\":1200,\"height\":296,\"caption\":\"Kortleksbolaget\"},\"image\":{\"@id\":\"https:\/\/kortleksbolaget.se\/en\/#\/schema\/logo\/image\/\"}}]}<\/script>\n<!-- \/ Yoast SEO plugin. -->","yoast_head_json":{"title":"Kortlek Innocence Gold Foil Limited Edition | Kortleksbolaget","description":"K\u00f6p Innocence Gold Foil Limited Edition. Snabba leveranser & bra priser. Sveriges st\u00f6rsta sortiment av kortlekar p\u00e5 Kortleksbolaget!","robots":{"index":"index","follow":"follow","max-snippet":"max-snippet:-1","max-image-preview":"max-image-preview:large","max-video-preview":"max-video-preview:-1"},"canonical":"https:\/\/kortleksbolaget.se\/en\/product\/innocence-gold-foil-limited-edition\/","og_locale":"en_US","og_type":"article","og_title":"Kortlek Innocence Gold Foil Limited Edition | Kortleksbolaget","og_description":"K\u00f6p Innocence Gold Foil Limited Edition. Snabba leveranser & bra priser. Sveriges st\u00f6rsta sortiment av kortlekar p\u00e5 Kortleksbolaget!","og_url":"https:\/\/kortleksbolaget.se\/en\/product\/innocence-gold-foil-limited-edition\/","og_site_name":"Kortleksbolaget","article_modified_time":"2024-09-30T18:30:29+00:00","og_image":[{"width":513,"height":769,"url":"https:\/\/kortleksbolaget.se\/wp-content\/uploads\/innocence-gold-edition-playing-cards-2.jpg","type":"image\/jpeg"}],"twitter_card":"summary_large_image","twitter_misc":{"Est. reading time":"1 minute"},"schema":{"@context":"https:\/\/schema.org","@graph":[{"@type":"WebPage","@id":"https:\/\/kortleksbolaget.se\/en\/product\/innocence-gold-foil-limited-edition\/","url":"https:\/\/kortleksbolaget.se\/en\/product\/innocence-gold-foil-limited-edition\/","name":"Kortlek Innocence Gold Foil Limited Edition | Kortleksbolaget","isPartOf":{"@id":"https:\/\/kortleksbolaget.se\/en\/#website"},"primaryImageOfPage":{"@id":"https:\/\/kortleksbolaget.se\/en\/product\/innocence-gold-foil-limited-edition\/#primaryimage"},"image":{"@id":"https:\/\/kortleksbolaget.se\/en\/product\/innocence-gold-foil-limited-edition\/#primaryimage"},"thumbnailUrl":"https:\/\/kortleksbolaget.se\/wp-content\/uploads\/innocence-gold-edition-playing-cards-2.jpg","datePublished":"2024-09-30T18:29:21+00:00","dateModified":"2024-09-30T18:30:29+00:00","description":"K\u00f6p Innocence Gold Foil Limited Edition. Snabba leveranser & bra priser. Sveriges st\u00f6rsta sortiment av kortlekar p\u00e5 Kortleksbolaget!","breadcrumb":{"@id":"https:\/\/kortleksbolaget.se\/en\/product\/innocence-gold-foil-limited-edition\/#breadcrumb"},"inLanguage":"en-US","potentialAction":[{"@type":"ReadAction","target":["https:\/\/kortleksbolaget.se\/en\/product\/innocence-gold-foil-limited-edition\/"]}]},{"@type":"ImageObject","inLanguage":"en-US","@id":"https:\/\/kortleksbolaget.se\/en\/product\/innocence-gold-foil-limited-edition\/#primaryimage","url":"https:\/\/kortleksbolaget.se\/wp-content\/uploads\/innocence-gold-edition-playing-cards-2.jpg","contentUrl":"https:\/\/kortleksbolaget.se\/wp-content\/uploads\/innocence-gold-edition-playing-cards-2.jpg","width":513,"height":769},{"@type":"BreadcrumbList","@id":"https:\/\/kortleksbolaget.se\/en\/product\/innocence-gold-foil-limited-edition\/#breadcrumb","itemListElement":[{"@type":"ListItem","position":1,"name":"Hem","item":"https:\/\/kortleksbolaget.se\/en\/"},{"@type":"ListItem","position":2,"name":"All products","item":"https:\/\/kortleksbolaget.se\/en\/shop\/"},{"@type":"ListItem","position":3,"name":"Innocence Gold Foil Limited Edition"}]},{"@type":"WebSite","@id":"https:\/\/kortleksbolaget.se\/en\/#website","url":"https:\/\/kortleksbolaget.se\/en\/","name":"Kortleksbolaget","description":"Kortlekar p\u00e5 n\u00e4tet","publisher":{"@id":"https:\/\/kortleksbolaget.se\/en\/#organization"},"potentialAction":[{"@type":"SearchAction","target":{"@type":"EntryPoint","urlTemplate":"https:\/\/kortleksbolaget.se\/en\/?s={search_term_string}"},"query-input":{"@type":"PropertyValueSpecification","valueRequired":true,"valueName":"search_term_string"}}],"inLanguage":"en-US"},{"@type":"Organization","@id":"https:\/\/kortleksbolaget.se\/en\/#organization","name":"Kortleksbolaget","url":"https:\/\/kortleksbolaget.se\/en\/","logo":{"@type":"ImageObject","inLanguage":"en-US","@id":"https:\/\/kortleksbolaget.se\/en\/#\/schema\/logo\/image\/","url":"https:\/\/kortleksbolaget.se\/wp-content\/uploads\/kortleksbolaget_logo-svart.png","contentUrl":"https:\/\/kortleksbolaget.se\/wp-content\/uploads\/kortleksbolaget_logo-svart.png","width":1200,"height":296,"caption":"Kortleksbolaget"},"image":{"@id":"https:\/\/kortleksbolaget.se\/en\/#\/schema\/logo\/image\/"}}]}},"_links":{"self":[{"href":"https:\/\/kortleksbolaget.se\/en\/wp-json\/wp\/v2\/product\/146819","targetHints":{"allow":["GET"]}}],"collection":[{"href":"https:\/\/kortleksbolaget.se\/en\/wp-json\/wp\/v2\/product"}],"about":[{"href":"https:\/\/kortleksbolaget.se\/en\/wp-json\/wp\/v2\/types\/product"}],"wp:featuredmedia":[{"embeddable":true,"href":"https:\/\/kortleksbolaget.se\/en\/wp-json\/wp\/v2\/media\/146825"}],"wp:attachment":[{"href":"https:\/\/kortleksbolaget.se\/en\/wp-json\/wp\/v2\/media?parent=146819"}],"wp:term":[{"taxonomy":"product_brand","embeddable":true,"href":"https:\/\/kortleksbolaget.se\/en\/wp-json\/wp\/v2\/product_brand?post=146819"},{"taxonomy":"product_cat","embeddable":true,"href":"https:\/\/kortleksbolaget.se\/en\/wp-json\/wp\/v2\/product_cat?post=146819"},{"taxonomy":"product_tag","embeddable":true,"href":"https:\/\/kortleksbolaget.se\/en\/wp-json\/wp\/v2\/product_tag?post=146819"}],"curies":[{"name":"wp","href":"https:\/\/api.w.org\/{rel}","templated":true}]}}