{"id":146889,"date":"2024-10-02T20:01:19","date_gmt":"2024-10-02T18:01:19","guid":{"rendered":"https:\/\/kortleksbolaget.se\/produkt\/godzilla-x-kong-kong-special-gilded-limited-edition\/"},"modified":"2024-10-02T20:02:43","modified_gmt":"2024-10-02T18:02:43","slug":"godzilla-x-kong-kong-special-gilded-limited-edition","status":"publish","type":"product","link":"https:\/\/kortleksbolaget.se\/en\/product\/godzilla-x-kong-kong-special-gilded-limited-edition\/","title":{"rendered":"Godzilla x Kong &#8211; Kong Special Gilded Limited Edition"},"content":{"rendered":"","protected":false},"excerpt":{"rendered":"<p><span class=\"HwtZe\" lang=\"sv\"><b>KONG | Special Edition for the Godzilla x Kong: The New Empire Playing Cards.<\/b><\/p>\n<p><b>Signature Room One Cards&#8217; accordion tuck box<\/b>: The special editions of the Godzilla x Kong: New Empire Playing Card decks boast a unique accordion-style tuck box, specially designed by Room One Cards. This exclusive packaging showcases the classic silhouette of the iconic titans that create a sense of epicness.<\/p>\n<p><b>Embossing &amp; hot foiling tuck box<\/b>: The special editions also feature a tuck box embellished with mesmerizing embossing and hot foiling. The combination of these luxurious finishing techniques enhances the overall aesthetic appeal, making these decks a feast for the eyes.<\/p>\n<p><b>Gilded edges &amp; foiling playing cards<\/b>: Adding an extra touch of opulence, the special editions feature stunning gilded edges and foiling on the cards, with the symbolic colors of the titans. This exquisite detail elevates the visual appeal, creating a striking upgrade of the colors to the cards&#8217; artwork and enhancing the overall luxurious feel of the decks.<\/p>\n<p><b>Limited edition<\/b>: Only 1,500 decks available worldwide.<br \/>\n<\/span> [&#8230;]<\/p>\n<p><a class=\"btn btn-secondary understrap-read-more-link\" href=\"https:\/\/kortleksbolaget.se\/en\/product\/godzilla-x-kong-kong-special-gilded-limited-edition\/\">Read More&#8230;<span class=\"screen-reader-text\"> from Godzilla x Kong &#8211; Kong Special Gilded Limited Edition<\/span><\/a><\/p>\n","protected":false},"featured_media":146910,"template":"","meta":{"_acf_changed":false},"product_brand":[],"product_cat":[290,75],"product_tag":[],"class_list":{"0":"post-146889","1":"product","2":"type-product","3":"status-publish","4":"has-post-thumbnail","6":"product_cat-sale-en","7":"product_cat-special-lyx-limited-en","9":"first","10":"instock","11":"sale","12":"taxable","13":"shipping-taxable","14":"purchasable","15":"product-type-simple"},"acf":[],"yoast_head":"<!-- This site is optimized with the Yoast SEO plugin v26.3 - https:\/\/yoast.com\/wordpress\/plugins\/seo\/ -->\n<title>Kortlek Godzilla x Kong - Kong Special Gilded Limited Edition | Kortleksbolaget<\/title>\n<meta name=\"description\" content=\"K\u00f6p Godzilla x Kong - Kong Special Gilded Limited Edition. Snabba leveranser &amp; bra priser. Sveriges st\u00f6rsta sortiment av kortlekar p\u00e5 Kortleksbolaget!\" \/>\n<meta name=\"robots\" content=\"index, follow, max-snippet:-1, max-image-preview:large, max-video-preview:-1\" \/>\n<link rel=\"canonical\" href=\"https:\/\/kortleksbolaget.se\/en\/product\/godzilla-x-kong-kong-special-gilded-limited-edition\/\" \/>\n<meta property=\"og:locale\" content=\"en_US\" \/>\n<meta property=\"og:type\" content=\"article\" \/>\n<meta property=\"og:title\" content=\"Kortlek Godzilla x Kong - Kong Special Gilded Limited Edition | Kortleksbolaget\" \/>\n<meta property=\"og:description\" content=\"K\u00f6p Godzilla x Kong - Kong Special Gilded Limited Edition. Snabba leveranser &amp; bra priser. Sveriges st\u00f6rsta sortiment av kortlekar p\u00e5 Kortleksbolaget!\" \/>\n<meta property=\"og:url\" content=\"https:\/\/kortleksbolaget.se\/en\/product\/godzilla-x-kong-kong-special-gilded-limited-edition\/\" \/>\n<meta property=\"og:site_name\" content=\"Kortleksbolaget\" \/>\n<meta property=\"article:modified_time\" content=\"2024-10-02T18:02:43+00:00\" \/>\n<meta property=\"og:image\" content=\"https:\/\/kortleksbolaget.se\/wp-content\/uploads\/godzilla-kong-kortlek-limited-1.jpg\" \/>\n\t<meta property=\"og:image:width\" content=\"524\" \/>\n\t<meta property=\"og:image:height\" content=\"785\" \/>\n\t<meta property=\"og:image:type\" content=\"image\/jpeg\" \/>\n<meta name=\"twitter:card\" content=\"summary_large_image\" \/>\n<meta name=\"twitter:label1\" content=\"Est. reading time\" \/>\n\t<meta name=\"twitter:data1\" content=\"1 minute\" \/>\n<script type=\"application\/ld+json\" class=\"yoast-schema-graph\">{\"@context\":\"https:\/\/schema.org\",\"@graph\":[{\"@type\":\"WebPage\",\"@id\":\"https:\/\/kortleksbolaget.se\/en\/product\/godzilla-x-kong-kong-special-gilded-limited-edition\/\",\"url\":\"https:\/\/kortleksbolaget.se\/en\/product\/godzilla-x-kong-kong-special-gilded-limited-edition\/\",\"name\":\"Kortlek Godzilla x Kong - Kong Special Gilded Limited Edition | Kortleksbolaget\",\"isPartOf\":{\"@id\":\"https:\/\/kortleksbolaget.se\/en\/#website\"},\"primaryImageOfPage\":{\"@id\":\"https:\/\/kortleksbolaget.se\/en\/product\/godzilla-x-kong-kong-special-gilded-limited-edition\/#primaryimage\"},\"image\":{\"@id\":\"https:\/\/kortleksbolaget.se\/en\/product\/godzilla-x-kong-kong-special-gilded-limited-edition\/#primaryimage\"},\"thumbnailUrl\":\"https:\/\/kortleksbolaget.se\/wp-content\/uploads\/godzilla-kong-kortlek-limited-1.jpg\",\"datePublished\":\"2024-10-02T18:01:19+00:00\",\"dateModified\":\"2024-10-02T18:02:43+00:00\",\"description\":\"K\u00f6p Godzilla x Kong - Kong Special Gilded Limited Edition. Snabba leveranser & bra priser. Sveriges st\u00f6rsta sortiment av kortlekar p\u00e5 Kortleksbolaget!\",\"breadcrumb\":{\"@id\":\"https:\/\/kortleksbolaget.se\/en\/product\/godzilla-x-kong-kong-special-gilded-limited-edition\/#breadcrumb\"},\"inLanguage\":\"en-US\",\"potentialAction\":[{\"@type\":\"ReadAction\",\"target\":[\"https:\/\/kortleksbolaget.se\/en\/product\/godzilla-x-kong-kong-special-gilded-limited-edition\/\"]}]},{\"@type\":\"ImageObject\",\"inLanguage\":\"en-US\",\"@id\":\"https:\/\/kortleksbolaget.se\/en\/product\/godzilla-x-kong-kong-special-gilded-limited-edition\/#primaryimage\",\"url\":\"https:\/\/kortleksbolaget.se\/wp-content\/uploads\/godzilla-kong-kortlek-limited-1.jpg\",\"contentUrl\":\"https:\/\/kortleksbolaget.se\/wp-content\/uploads\/godzilla-kong-kortlek-limited-1.jpg\",\"width\":524,\"height\":785},{\"@type\":\"BreadcrumbList\",\"@id\":\"https:\/\/kortleksbolaget.se\/en\/product\/godzilla-x-kong-kong-special-gilded-limited-edition\/#breadcrumb\",\"itemListElement\":[{\"@type\":\"ListItem\",\"position\":1,\"name\":\"Hem\",\"item\":\"https:\/\/kortleksbolaget.se\/en\/\"},{\"@type\":\"ListItem\",\"position\":2,\"name\":\"All products\",\"item\":\"https:\/\/kortleksbolaget.se\/en\/shop\/\"},{\"@type\":\"ListItem\",\"position\":3,\"name\":\"Godzilla x Kong &#8211; Kong Special Gilded Limited Edition\"}]},{\"@type\":\"WebSite\",\"@id\":\"https:\/\/kortleksbolaget.se\/en\/#website\",\"url\":\"https:\/\/kortleksbolaget.se\/en\/\",\"name\":\"Kortleksbolaget\",\"description\":\"Kortlekar p\u00e5 n\u00e4tet\",\"publisher\":{\"@id\":\"https:\/\/kortleksbolaget.se\/en\/#organization\"},\"potentialAction\":[{\"@type\":\"SearchAction\",\"target\":{\"@type\":\"EntryPoint\",\"urlTemplate\":\"https:\/\/kortleksbolaget.se\/en\/?s={search_term_string}\"},\"query-input\":{\"@type\":\"PropertyValueSpecification\",\"valueRequired\":true,\"valueName\":\"search_term_string\"}}],\"inLanguage\":\"en-US\"},{\"@type\":\"Organization\",\"@id\":\"https:\/\/kortleksbolaget.se\/en\/#organization\",\"name\":\"Kortleksbolaget\",\"url\":\"https:\/\/kortleksbolaget.se\/en\/\",\"logo\":{\"@type\":\"ImageObject\",\"inLanguage\":\"en-US\",\"@id\":\"https:\/\/kortleksbolaget.se\/en\/#\/schema\/logo\/image\/\",\"url\":\"https:\/\/kortleksbolaget.se\/wp-content\/uploads\/kortleksbolaget_logo-svart.png\",\"contentUrl\":\"https:\/\/kortleksbolaget.se\/wp-content\/uploads\/kortleksbolaget_logo-svart.png\",\"width\":1200,\"height\":296,\"caption\":\"Kortleksbolaget\"},\"image\":{\"@id\":\"https:\/\/kortleksbolaget.se\/en\/#\/schema\/logo\/image\/\"}}]}<\/script>\n<!-- \/ Yoast SEO plugin. -->","yoast_head_json":{"title":"Kortlek Godzilla x Kong - Kong Special Gilded Limited Edition | Kortleksbolaget","description":"K\u00f6p Godzilla x Kong - Kong Special Gilded Limited Edition. Snabba leveranser & bra priser. Sveriges st\u00f6rsta sortiment av kortlekar p\u00e5 Kortleksbolaget!","robots":{"index":"index","follow":"follow","max-snippet":"max-snippet:-1","max-image-preview":"max-image-preview:large","max-video-preview":"max-video-preview:-1"},"canonical":"https:\/\/kortleksbolaget.se\/en\/product\/godzilla-x-kong-kong-special-gilded-limited-edition\/","og_locale":"en_US","og_type":"article","og_title":"Kortlek Godzilla x Kong - Kong Special Gilded Limited Edition | Kortleksbolaget","og_description":"K\u00f6p Godzilla x Kong - Kong Special Gilded Limited Edition. Snabba leveranser & bra priser. Sveriges st\u00f6rsta sortiment av kortlekar p\u00e5 Kortleksbolaget!","og_url":"https:\/\/kortleksbolaget.se\/en\/product\/godzilla-x-kong-kong-special-gilded-limited-edition\/","og_site_name":"Kortleksbolaget","article_modified_time":"2024-10-02T18:02:43+00:00","og_image":[{"width":524,"height":785,"url":"https:\/\/kortleksbolaget.se\/wp-content\/uploads\/godzilla-kong-kortlek-limited-1.jpg","type":"image\/jpeg"}],"twitter_card":"summary_large_image","twitter_misc":{"Est. reading time":"1 minute"},"schema":{"@context":"https:\/\/schema.org","@graph":[{"@type":"WebPage","@id":"https:\/\/kortleksbolaget.se\/en\/product\/godzilla-x-kong-kong-special-gilded-limited-edition\/","url":"https:\/\/kortleksbolaget.se\/en\/product\/godzilla-x-kong-kong-special-gilded-limited-edition\/","name":"Kortlek Godzilla x Kong - Kong Special Gilded Limited Edition | Kortleksbolaget","isPartOf":{"@id":"https:\/\/kortleksbolaget.se\/en\/#website"},"primaryImageOfPage":{"@id":"https:\/\/kortleksbolaget.se\/en\/product\/godzilla-x-kong-kong-special-gilded-limited-edition\/#primaryimage"},"image":{"@id":"https:\/\/kortleksbolaget.se\/en\/product\/godzilla-x-kong-kong-special-gilded-limited-edition\/#primaryimage"},"thumbnailUrl":"https:\/\/kortleksbolaget.se\/wp-content\/uploads\/godzilla-kong-kortlek-limited-1.jpg","datePublished":"2024-10-02T18:01:19+00:00","dateModified":"2024-10-02T18:02:43+00:00","description":"K\u00f6p Godzilla x Kong - Kong Special Gilded Limited Edition. Snabba leveranser & bra priser. Sveriges st\u00f6rsta sortiment av kortlekar p\u00e5 Kortleksbolaget!","breadcrumb":{"@id":"https:\/\/kortleksbolaget.se\/en\/product\/godzilla-x-kong-kong-special-gilded-limited-edition\/#breadcrumb"},"inLanguage":"en-US","potentialAction":[{"@type":"ReadAction","target":["https:\/\/kortleksbolaget.se\/en\/product\/godzilla-x-kong-kong-special-gilded-limited-edition\/"]}]},{"@type":"ImageObject","inLanguage":"en-US","@id":"https:\/\/kortleksbolaget.se\/en\/product\/godzilla-x-kong-kong-special-gilded-limited-edition\/#primaryimage","url":"https:\/\/kortleksbolaget.se\/wp-content\/uploads\/godzilla-kong-kortlek-limited-1.jpg","contentUrl":"https:\/\/kortleksbolaget.se\/wp-content\/uploads\/godzilla-kong-kortlek-limited-1.jpg","width":524,"height":785},{"@type":"BreadcrumbList","@id":"https:\/\/kortleksbolaget.se\/en\/product\/godzilla-x-kong-kong-special-gilded-limited-edition\/#breadcrumb","itemListElement":[{"@type":"ListItem","position":1,"name":"Hem","item":"https:\/\/kortleksbolaget.se\/en\/"},{"@type":"ListItem","position":2,"name":"All products","item":"https:\/\/kortleksbolaget.se\/en\/shop\/"},{"@type":"ListItem","position":3,"name":"Godzilla x Kong &#8211; Kong Special Gilded Limited Edition"}]},{"@type":"WebSite","@id":"https:\/\/kortleksbolaget.se\/en\/#website","url":"https:\/\/kortleksbolaget.se\/en\/","name":"Kortleksbolaget","description":"Kortlekar p\u00e5 n\u00e4tet","publisher":{"@id":"https:\/\/kortleksbolaget.se\/en\/#organization"},"potentialAction":[{"@type":"SearchAction","target":{"@type":"EntryPoint","urlTemplate":"https:\/\/kortleksbolaget.se\/en\/?s={search_term_string}"},"query-input":{"@type":"PropertyValueSpecification","valueRequired":true,"valueName":"search_term_string"}}],"inLanguage":"en-US"},{"@type":"Organization","@id":"https:\/\/kortleksbolaget.se\/en\/#organization","name":"Kortleksbolaget","url":"https:\/\/kortleksbolaget.se\/en\/","logo":{"@type":"ImageObject","inLanguage":"en-US","@id":"https:\/\/kortleksbolaget.se\/en\/#\/schema\/logo\/image\/","url":"https:\/\/kortleksbolaget.se\/wp-content\/uploads\/kortleksbolaget_logo-svart.png","contentUrl":"https:\/\/kortleksbolaget.se\/wp-content\/uploads\/kortleksbolaget_logo-svart.png","width":1200,"height":296,"caption":"Kortleksbolaget"},"image":{"@id":"https:\/\/kortleksbolaget.se\/en\/#\/schema\/logo\/image\/"}}]}},"_links":{"self":[{"href":"https:\/\/kortleksbolaget.se\/en\/wp-json\/wp\/v2\/product\/146889","targetHints":{"allow":["GET"]}}],"collection":[{"href":"https:\/\/kortleksbolaget.se\/en\/wp-json\/wp\/v2\/product"}],"about":[{"href":"https:\/\/kortleksbolaget.se\/en\/wp-json\/wp\/v2\/types\/product"}],"wp:featuredmedia":[{"embeddable":true,"href":"https:\/\/kortleksbolaget.se\/en\/wp-json\/wp\/v2\/media\/146910"}],"wp:attachment":[{"href":"https:\/\/kortleksbolaget.se\/en\/wp-json\/wp\/v2\/media?parent=146889"}],"wp:term":[{"taxonomy":"product_brand","embeddable":true,"href":"https:\/\/kortleksbolaget.se\/en\/wp-json\/wp\/v2\/product_brand?post=146889"},{"taxonomy":"product_cat","embeddable":true,"href":"https:\/\/kortleksbolaget.se\/en\/wp-json\/wp\/v2\/product_cat?post=146889"},{"taxonomy":"product_tag","embeddable":true,"href":"https:\/\/kortleksbolaget.se\/en\/wp-json\/wp\/v2\/product_tag?post=146889"}],"curies":[{"name":"wp","href":"https:\/\/api.w.org\/{rel}","templated":true}]}}