{"id":147497,"date":"2024-11-10T12:23:15","date_gmt":"2024-11-10T11:23:15","guid":{"rendered":"https:\/\/kortleksbolaget.se\/produkt\/erinus-eterna-rose-limited-edition\/"},"modified":"2025-08-27T20:14:16","modified_gmt":"2025-08-27T18:14:16","slug":"erinus-eterna-rose-limited-edition","status":"publish","type":"product","link":"https:\/\/kortleksbolaget.se\/en\/product\/erinus-eterna-rose-limited-edition\/","title":{"rendered":"Erinus Eterna Rose Limited Edition"},"content":{"rendered":"","protected":false},"excerpt":{"rendered":"<p class=\"tw-data-text tw-text-large tw-ta\" dir=\"ltr\" data-placeholder=\"\u00d6vers\u00e4ttning\" data-ved=\"2ahUKEwjBsM7Y0sqIAxWTHxAIHRfTMEUQ3ewLegQIBxAT\" aria-label=\"Translated text: Erinus Eterna \u00e4r en kortlek designad av Vincent och inspirerad av v\u00e4xten &quot;Erinus Lobelia&quot;, en av de \u00e4ldsta v\u00e4xterna i v\u00e4rlden, uppt\u00e4ckt och s\u00e5 kallad av biologen och f\u00f6rfattaren Carl von Linn\u00e9 1707. Lobeliablomman representerar en myriad av betydelser som f\u00f6r\u00e4ndras baserat p\u00e5 f\u00e4rgen p\u00e5 dess kronblad, den kan representera k\u00e4rlek, v\u00e4lst\u00e5nd och f\u00f6rening. Dessa blommor betyder ocks\u00e5 lycka, bindning, hopp och stark familj och v\u00e4nskapsrelation. Vidare var Erinus vid tiden f\u00f6r kejsar Nerone en h\u00e4mndande gudom. Erinus Eterna Rose \u00e4r den mest begr\u00e4nsade upplagan bland standardutg\u00e5van, endast 600 exemplar, den visar samma egenskaper som guldupplagan, plus att ett sigill kommer att appliceras p\u00e5 botten av l\u00e5dan 1 av 600 &quot;utan numrering&quot;. Allm\u00e4nna funktioner Begr\u00e4nsad upplaga 600 exemplar Numrerad sigill Tuck box 330gsm med kartong premium Tv\u00e5 f\u00e4rger i folie p\u00e5 tuckfodral Pr\u00e4gling p\u00e5 tuckfodral (CMYK PRINT) p\u00e5 baksidan av kortet 310gsm premium tyskt linnekort med svart k\u00e4rna (sm\u00f6rfinish) 100 % anpassad design (l\u00e5da, baksidan av kortet, ess, banor, Pips, Joker) Pokerstorlek Tryckt av WJPC Design av Vincenzo Alfano (Oxalis Cards)\"><span class=\"Y2IQFc\" lang=\"sv\"><b>Erinus Eterna <\/b> is a deck of playing cards designed by Vincent and inspired by the plant &#8220;Erinus Lobelia&#8221;, one of the oldest plants in the world, discovered and so called by biologist and writer Carl von Linn\u00e9 in 1707.<\/p>\n<p>The Lobelia flower represents a myriad of meanings that changes based on the color of its petals, it can represent love, prosperity and union. These flowers also signify good luck, bonding, hope and strong family and friendship relationship. Furthermore, Erinus at the time of Emperor Nerone was an avenging deity.<\/p>\n<p><b>Erinus Eterna Rose <\/b> is the most limited edition among the standard ones, only 600 copies, it shows the same features as the gold edition, plus a seal will be applied to the bottom of the box 1 of 600 &#8220;without numbering&#8221;.<\/p>\n<p><b>General Features <\/b><\/span><\/p>\n<ul>\n<li>Limited edition 600 copies<\/li>\n<li>Numbered seal<\/li>\n<li>Tuck box 330gsm with cardstock premium<\/li>\n<li>Two colors in foil on tuck case<\/li>\n<li>Embossing on tuck case<\/li>\n<li>(CMYK PRINT) of the back of the card<\/li>\n<li>310gsm premium German linen card stock with black core (Butter finish)<\/li>\n<li>100% Custom design (Box, back of the card, Aces, Courts, Pips, Joker)<\/li>\n<li>Poker size<\/li>\n<li>Printed by WJPC<\/li>\n<li>Design by Vincenzo Alfano (Oxalis Cards)<\/li>\n<\/ul>\n<p id=\"tw-target-text\" class=\"tw-data-text tw-text-large tw-ta\" dir=\"ltr\" data-placeholder=\"\u00d6vers\u00e4ttning\" data-ved=\"2ahUKEwjBsM7Y0sqIAxWTHxAIHRfTMEUQ3ewLegQIBxAT\" aria-label=\"Translated text: Erinus Eterna \u00e4r en kortlek designad av Vincent och inspirerad av v\u00e4xten &quot;Erinus Lobelia&quot;, en av de \u00e4ldsta v\u00e4xterna i v\u00e4rlden, uppt\u00e4ckt och s\u00e5 kallad av biologen och f\u00f6rfattaren Carl von Linn\u00e9 1707. Lobeliablomman representerar en myriad av betydelser som f\u00f6r\u00e4ndras baserat p\u00e5 f\u00e4rgen p\u00e5 dess kronblad, den kan representera k\u00e4rlek, v\u00e4lst\u00e5nd och f\u00f6rening. Dessa blommor betyder ocks\u00e5 lycka, bindning, hopp och stark familj och v\u00e4nskapsrelation. Vidare var Erinus vid tiden f\u00f6r kejsar Nerone en h\u00e4mndande gudom. Erinus Eterna Rose \u00e4r den mest begr\u00e4nsade upplagan bland standardutg\u00e5van, endast 600 exemplar, den visar samma egenskaper som guldupplagan, plus att ett sigill kommer att appliceras p\u00e5 botten av l\u00e5dan 1 av 600 &quot;utan numrering&quot;. Allm\u00e4nna funktioner Begr\u00e4nsad upplaga 600 exemplar Numrerad sigill Tuck box 330gsm med kartong premium Tv\u00e5 f\u00e4rger i folie p\u00e5 tuckfodral Pr\u00e4gling p\u00e5 tuckfodral (CMYK PRINT) p\u00e5 baksidan av kortet 310gsm premium tyskt linnekort med svart k\u00e4rna (sm\u00f6rfinish) 100 % anpassad design (l\u00e5da, baksidan av kortet, ess, banor, Pips, Joker) Pokerstorlek Tryckt av WJPC Design av Vincenzo Alfano (Oxalis Cards)\"><span class=\"Y2IQFc\" lang=\"sv\"><b>Meaning of Back Design <\/b><\/p>\n<p>The overall design is rich in visible and hidden symbols, all underline the various meanings of the Lobelia Plant, in every corner of the deck you will find references of branches and leaves. The predominant choice of green color recalls the color of plants while the variety of different colors in the figures recall the many shades of nature and flowers.<\/p>\n<p><b>The Courts <\/b><\/p>\n<p>The courts are a very important aspect of the deck. Vincent completely redesigned by hand on paper and then digitized the figures with modern style inspired by the ancient Dondorf card deck. In the last period he has been passionate and studied the history of Bernard J. Dondorf, managing to add to his design, elements and meanings of the current historical period to the theme of nature, enriching the figures with different colors and many details.<\/p>\n<p><b>The Aces and Pips <\/b><\/p>\n<p>Even the Aces and Pips were first sketched in pencil and then digitized. Each Ace is intertwined with at least one infinity and wrapped in branches and leaves, while the Pips have an infinity symbol inside personalized in a minimal style to be easily recognizable. Everything highlights the theme of infinity and nature.<\/p>\n<p><b>The Jokers <\/b><\/p>\n<p>One of the predominant symbols of the Erinus Lobelia plant is the family bond, one must have strong roots to cultivate a bond. The jokers are supported by strong hands wrapped in roots and leaves.<br \/>\n<\/span><\/p>\n<p> [&#8230;]<\/p>\n<p><a class=\"btn btn-secondary understrap-read-more-link\" href=\"https:\/\/kortleksbolaget.se\/en\/product\/erinus-eterna-rose-limited-edition\/\">Read More&#8230;<span class=\"screen-reader-text\"> from Erinus Eterna Rose Limited Edition<\/span><\/a><\/p>\n","protected":false},"featured_media":147489,"template":"","meta":{"_acf_changed":false},"product_brand":[],"product_cat":[75],"product_tag":[],"class_list":{"0":"post-147497","1":"product","2":"type-product","3":"status-publish","4":"has-post-thumbnail","6":"product_cat-special-lyx-limited-en","8":"first","9":"outofstock","10":"taxable","11":"shipping-taxable","12":"purchasable","13":"product-type-simple"},"acf":[],"yoast_head":"<!-- This site is optimized with the Yoast SEO plugin v26.3 - https:\/\/yoast.com\/wordpress\/plugins\/seo\/ -->\n<title>Kortlek Erinus Eterna Rose Limited Edition | Kortleksbolaget<\/title>\n<meta name=\"description\" content=\"K\u00f6p Erinus Eterna Rose Limited Edition. Snabba leveranser &amp; bra priser. Sveriges st\u00f6rsta sortiment av kortlekar p\u00e5 Kortleksbolaget!\" \/>\n<meta name=\"robots\" content=\"index, follow, max-snippet:-1, max-image-preview:large, max-video-preview:-1\" \/>\n<link rel=\"canonical\" href=\"https:\/\/kortleksbolaget.se\/en\/product\/erinus-eterna-rose-limited-edition\/\" \/>\n<meta property=\"og:locale\" content=\"en_US\" \/>\n<meta property=\"og:type\" content=\"article\" \/>\n<meta property=\"og:title\" content=\"Kortlek Erinus Eterna Rose Limited Edition | Kortleksbolaget\" \/>\n<meta property=\"og:description\" content=\"K\u00f6p Erinus Eterna Rose Limited Edition. Snabba leveranser &amp; bra priser. Sveriges st\u00f6rsta sortiment av kortlekar p\u00e5 Kortleksbolaget!\" \/>\n<meta property=\"og:url\" content=\"https:\/\/kortleksbolaget.se\/en\/product\/erinus-eterna-rose-limited-edition\/\" \/>\n<meta property=\"og:site_name\" content=\"Kortleksbolaget\" \/>\n<meta property=\"article:modified_time\" content=\"2025-08-27T18:14:16+00:00\" \/>\n<meta property=\"og:image\" content=\"https:\/\/kortleksbolaget.se\/wp-content\/uploads\/eterna-limited-erinus-rose.jpg\" \/>\n\t<meta property=\"og:image:width\" content=\"512\" \/>\n\t<meta property=\"og:image:height\" content=\"766\" \/>\n\t<meta property=\"og:image:type\" content=\"image\/jpeg\" \/>\n<meta name=\"twitter:card\" content=\"summary_large_image\" \/>\n<meta name=\"twitter:label1\" content=\"Est. reading time\" \/>\n\t<meta name=\"twitter:data1\" content=\"1 minute\" \/>\n<script type=\"application\/ld+json\" class=\"yoast-schema-graph\">{\"@context\":\"https:\/\/schema.org\",\"@graph\":[{\"@type\":\"WebPage\",\"@id\":\"https:\/\/kortleksbolaget.se\/en\/product\/erinus-eterna-rose-limited-edition\/\",\"url\":\"https:\/\/kortleksbolaget.se\/en\/product\/erinus-eterna-rose-limited-edition\/\",\"name\":\"Kortlek Erinus Eterna Rose Limited Edition | Kortleksbolaget\",\"isPartOf\":{\"@id\":\"https:\/\/kortleksbolaget.se\/en\/#website\"},\"primaryImageOfPage\":{\"@id\":\"https:\/\/kortleksbolaget.se\/en\/product\/erinus-eterna-rose-limited-edition\/#primaryimage\"},\"image\":{\"@id\":\"https:\/\/kortleksbolaget.se\/en\/product\/erinus-eterna-rose-limited-edition\/#primaryimage\"},\"thumbnailUrl\":\"https:\/\/kortleksbolaget.se\/wp-content\/uploads\/eterna-limited-erinus-rose.jpg\",\"datePublished\":\"2024-11-10T11:23:15+00:00\",\"dateModified\":\"2025-08-27T18:14:16+00:00\",\"description\":\"K\u00f6p Erinus Eterna Rose Limited Edition. Snabba leveranser & bra priser. Sveriges st\u00f6rsta sortiment av kortlekar p\u00e5 Kortleksbolaget!\",\"breadcrumb\":{\"@id\":\"https:\/\/kortleksbolaget.se\/en\/product\/erinus-eterna-rose-limited-edition\/#breadcrumb\"},\"inLanguage\":\"en-US\",\"potentialAction\":[{\"@type\":\"ReadAction\",\"target\":[\"https:\/\/kortleksbolaget.se\/en\/product\/erinus-eterna-rose-limited-edition\/\"]}]},{\"@type\":\"ImageObject\",\"inLanguage\":\"en-US\",\"@id\":\"https:\/\/kortleksbolaget.se\/en\/product\/erinus-eterna-rose-limited-edition\/#primaryimage\",\"url\":\"https:\/\/kortleksbolaget.se\/wp-content\/uploads\/eterna-limited-erinus-rose.jpg\",\"contentUrl\":\"https:\/\/kortleksbolaget.se\/wp-content\/uploads\/eterna-limited-erinus-rose.jpg\",\"width\":512,\"height\":766},{\"@type\":\"BreadcrumbList\",\"@id\":\"https:\/\/kortleksbolaget.se\/en\/product\/erinus-eterna-rose-limited-edition\/#breadcrumb\",\"itemListElement\":[{\"@type\":\"ListItem\",\"position\":1,\"name\":\"Hem\",\"item\":\"https:\/\/kortleksbolaget.se\/en\/\"},{\"@type\":\"ListItem\",\"position\":2,\"name\":\"All products\",\"item\":\"https:\/\/kortleksbolaget.se\/en\/shop\/\"},{\"@type\":\"ListItem\",\"position\":3,\"name\":\"Erinus Eterna Rose Limited Edition\"}]},{\"@type\":\"WebSite\",\"@id\":\"https:\/\/kortleksbolaget.se\/en\/#website\",\"url\":\"https:\/\/kortleksbolaget.se\/en\/\",\"name\":\"Kortleksbolaget\",\"description\":\"Kortlekar p\u00e5 n\u00e4tet\",\"publisher\":{\"@id\":\"https:\/\/kortleksbolaget.se\/en\/#organization\"},\"potentialAction\":[{\"@type\":\"SearchAction\",\"target\":{\"@type\":\"EntryPoint\",\"urlTemplate\":\"https:\/\/kortleksbolaget.se\/en\/?s={search_term_string}\"},\"query-input\":{\"@type\":\"PropertyValueSpecification\",\"valueRequired\":true,\"valueName\":\"search_term_string\"}}],\"inLanguage\":\"en-US\"},{\"@type\":\"Organization\",\"@id\":\"https:\/\/kortleksbolaget.se\/en\/#organization\",\"name\":\"Kortleksbolaget\",\"url\":\"https:\/\/kortleksbolaget.se\/en\/\",\"logo\":{\"@type\":\"ImageObject\",\"inLanguage\":\"en-US\",\"@id\":\"https:\/\/kortleksbolaget.se\/en\/#\/schema\/logo\/image\/\",\"url\":\"https:\/\/kortleksbolaget.se\/wp-content\/uploads\/kortleksbolaget_logo-svart.png\",\"contentUrl\":\"https:\/\/kortleksbolaget.se\/wp-content\/uploads\/kortleksbolaget_logo-svart.png\",\"width\":1200,\"height\":296,\"caption\":\"Kortleksbolaget\"},\"image\":{\"@id\":\"https:\/\/kortleksbolaget.se\/en\/#\/schema\/logo\/image\/\"}}]}<\/script>\n<!-- \/ Yoast SEO plugin. -->","yoast_head_json":{"title":"Kortlek Erinus Eterna Rose Limited Edition | Kortleksbolaget","description":"K\u00f6p Erinus Eterna Rose Limited Edition. Snabba leveranser & bra priser. Sveriges st\u00f6rsta sortiment av kortlekar p\u00e5 Kortleksbolaget!","robots":{"index":"index","follow":"follow","max-snippet":"max-snippet:-1","max-image-preview":"max-image-preview:large","max-video-preview":"max-video-preview:-1"},"canonical":"https:\/\/kortleksbolaget.se\/en\/product\/erinus-eterna-rose-limited-edition\/","og_locale":"en_US","og_type":"article","og_title":"Kortlek Erinus Eterna Rose Limited Edition | Kortleksbolaget","og_description":"K\u00f6p Erinus Eterna Rose Limited Edition. Snabba leveranser & bra priser. Sveriges st\u00f6rsta sortiment av kortlekar p\u00e5 Kortleksbolaget!","og_url":"https:\/\/kortleksbolaget.se\/en\/product\/erinus-eterna-rose-limited-edition\/","og_site_name":"Kortleksbolaget","article_modified_time":"2025-08-27T18:14:16+00:00","og_image":[{"width":512,"height":766,"url":"https:\/\/kortleksbolaget.se\/wp-content\/uploads\/eterna-limited-erinus-rose.jpg","type":"image\/jpeg"}],"twitter_card":"summary_large_image","twitter_misc":{"Est. reading time":"1 minute"},"schema":{"@context":"https:\/\/schema.org","@graph":[{"@type":"WebPage","@id":"https:\/\/kortleksbolaget.se\/en\/product\/erinus-eterna-rose-limited-edition\/","url":"https:\/\/kortleksbolaget.se\/en\/product\/erinus-eterna-rose-limited-edition\/","name":"Kortlek Erinus Eterna Rose Limited Edition | Kortleksbolaget","isPartOf":{"@id":"https:\/\/kortleksbolaget.se\/en\/#website"},"primaryImageOfPage":{"@id":"https:\/\/kortleksbolaget.se\/en\/product\/erinus-eterna-rose-limited-edition\/#primaryimage"},"image":{"@id":"https:\/\/kortleksbolaget.se\/en\/product\/erinus-eterna-rose-limited-edition\/#primaryimage"},"thumbnailUrl":"https:\/\/kortleksbolaget.se\/wp-content\/uploads\/eterna-limited-erinus-rose.jpg","datePublished":"2024-11-10T11:23:15+00:00","dateModified":"2025-08-27T18:14:16+00:00","description":"K\u00f6p Erinus Eterna Rose Limited Edition. Snabba leveranser & bra priser. Sveriges st\u00f6rsta sortiment av kortlekar p\u00e5 Kortleksbolaget!","breadcrumb":{"@id":"https:\/\/kortleksbolaget.se\/en\/product\/erinus-eterna-rose-limited-edition\/#breadcrumb"},"inLanguage":"en-US","potentialAction":[{"@type":"ReadAction","target":["https:\/\/kortleksbolaget.se\/en\/product\/erinus-eterna-rose-limited-edition\/"]}]},{"@type":"ImageObject","inLanguage":"en-US","@id":"https:\/\/kortleksbolaget.se\/en\/product\/erinus-eterna-rose-limited-edition\/#primaryimage","url":"https:\/\/kortleksbolaget.se\/wp-content\/uploads\/eterna-limited-erinus-rose.jpg","contentUrl":"https:\/\/kortleksbolaget.se\/wp-content\/uploads\/eterna-limited-erinus-rose.jpg","width":512,"height":766},{"@type":"BreadcrumbList","@id":"https:\/\/kortleksbolaget.se\/en\/product\/erinus-eterna-rose-limited-edition\/#breadcrumb","itemListElement":[{"@type":"ListItem","position":1,"name":"Hem","item":"https:\/\/kortleksbolaget.se\/en\/"},{"@type":"ListItem","position":2,"name":"All products","item":"https:\/\/kortleksbolaget.se\/en\/shop\/"},{"@type":"ListItem","position":3,"name":"Erinus Eterna Rose Limited Edition"}]},{"@type":"WebSite","@id":"https:\/\/kortleksbolaget.se\/en\/#website","url":"https:\/\/kortleksbolaget.se\/en\/","name":"Kortleksbolaget","description":"Kortlekar p\u00e5 n\u00e4tet","publisher":{"@id":"https:\/\/kortleksbolaget.se\/en\/#organization"},"potentialAction":[{"@type":"SearchAction","target":{"@type":"EntryPoint","urlTemplate":"https:\/\/kortleksbolaget.se\/en\/?s={search_term_string}"},"query-input":{"@type":"PropertyValueSpecification","valueRequired":true,"valueName":"search_term_string"}}],"inLanguage":"en-US"},{"@type":"Organization","@id":"https:\/\/kortleksbolaget.se\/en\/#organization","name":"Kortleksbolaget","url":"https:\/\/kortleksbolaget.se\/en\/","logo":{"@type":"ImageObject","inLanguage":"en-US","@id":"https:\/\/kortleksbolaget.se\/en\/#\/schema\/logo\/image\/","url":"https:\/\/kortleksbolaget.se\/wp-content\/uploads\/kortleksbolaget_logo-svart.png","contentUrl":"https:\/\/kortleksbolaget.se\/wp-content\/uploads\/kortleksbolaget_logo-svart.png","width":1200,"height":296,"caption":"Kortleksbolaget"},"image":{"@id":"https:\/\/kortleksbolaget.se\/en\/#\/schema\/logo\/image\/"}}]}},"_links":{"self":[{"href":"https:\/\/kortleksbolaget.se\/en\/wp-json\/wp\/v2\/product\/147497","targetHints":{"allow":["GET"]}}],"collection":[{"href":"https:\/\/kortleksbolaget.se\/en\/wp-json\/wp\/v2\/product"}],"about":[{"href":"https:\/\/kortleksbolaget.se\/en\/wp-json\/wp\/v2\/types\/product"}],"wp:featuredmedia":[{"embeddable":true,"href":"https:\/\/kortleksbolaget.se\/en\/wp-json\/wp\/v2\/media\/147489"}],"wp:attachment":[{"href":"https:\/\/kortleksbolaget.se\/en\/wp-json\/wp\/v2\/media?parent=147497"}],"wp:term":[{"taxonomy":"product_brand","embeddable":true,"href":"https:\/\/kortleksbolaget.se\/en\/wp-json\/wp\/v2\/product_brand?post=147497"},{"taxonomy":"product_cat","embeddable":true,"href":"https:\/\/kortleksbolaget.se\/en\/wp-json\/wp\/v2\/product_cat?post=147497"},{"taxonomy":"product_tag","embeddable":true,"href":"https:\/\/kortleksbolaget.se\/en\/wp-json\/wp\/v2\/product_tag?post=147497"}],"curies":[{"name":"wp","href":"https:\/\/api.w.org\/{rel}","templated":true}]}}