{"id":149338,"date":"2025-01-14T13:38:07","date_gmt":"2025-01-14T12:38:07","guid":{"rendered":"https:\/\/kortleksbolaget.se\/produkt\/warriors-of-the-stars-midnight-blue-zodiac\/"},"modified":"2025-01-14T13:38:52","modified_gmt":"2025-01-14T12:38:52","slug":"warriors-of-the-stars-midnight-blue-zodiac","status":"publish","type":"product","link":"https:\/\/kortleksbolaget.se\/en\/product\/warriors-of-the-stars-midnight-blue-zodiac\/","title":{"rendered":"Warriors of the Stars &#8211; Midnight Blue &#8211; Zodiac"},"content":{"rendered":"","protected":false},"excerpt":{"rendered":"<div id=\"tw-target-text-container\" class=\"tw-ta-container F0azHf tw-nfl\" tabindex=\"0\" role=\"text\">\n<p class=\"tw-data-text tw-text-large tw-ta\" dir=\"ltr\" data-placeholder=\"\u00d6vers\u00e4ttning\" data-ved=\"2ahUKEwjxk57b_syKAxXhLBAIHZRiOI4Q3ewLegQICRAT\" aria-label=\"\u00d6versatt text: The 12 Warriors of the Stars (som \u00e4r de 12 zodiakerna) \u00e4r p\u00e5 jakt efter att ondskan ska introduceras, kanske snart n\u00e4r de k\u00e4nner av den &quot;onda auran&quot; runt rymden. D\u00e4rf\u00f6r, med varje Zodiacs styrka och svaghet, har de varandras ryggar f\u00f6r att skydda stj\u00e4rnorna och himlen. Detta \u00e4r Morning Sun Edition av Warriors of the Stars med foliering. 52 skr\u00e4ddarsydda spelkort Helt anpassad och pr\u00e4glad folief\u00f6rpackning av Blue Moon Co.\"><span class=\"Y2IQFc\" lang=\"sv\">The 12 Warriors of the Stars (being the 12 Zodiacs) are on the lookout of evil being introduced, perhaps soon when they sense the &#8216;evil aura&#8217; around space. Therefore, with every Zodiac&#8217;s strength and weakness, they have each other&#8217;s backs to protect the stars and sky.<\/p>\n<p>This is the <b>Night Blue Edition of Warriors of the Stars <\/b> with foiling.<\/span><\/p>\n<ul>\n<li>52 customized playing cards<\/li>\n<li>Fully custom and embossed foil tuck box By Blue Moon Co. Printed by Room One Cards<\/li>\n<\/ul>\n<p id=\"tw-target-text\" class=\"tw-data-text tw-text-large tw-ta\" dir=\"ltr\" data-placeholder=\"\u00d6vers\u00e4ttning\" data-ved=\"2ahUKEwjxk57b_syKAxXhLBAIHZRiOI4Q3ewLegQICRAT\" aria-label=\"\u00d6versatt text: The 12 Warriors of the Stars (som \u00e4r de 12 zodiakerna) \u00e4r p\u00e5 jakt efter att ondskan ska introduceras, kanske snart n\u00e4r de k\u00e4nner av den &quot;onda auran&quot; runt rymden. D\u00e4rf\u00f6r, med varje Zodiacs styrka och svaghet, har de varandras ryggar f\u00f6r att skydda stj\u00e4rnorna och himlen. Detta \u00e4r Morning Sun Edition av Warriors of the Stars med foliering. 52 skr\u00e4ddarsydda spelkort Helt anpassad och pr\u00e4glad folief\u00f6rpackning av Blue Moon Co.\"><span class=\"Y2IQFc\" lang=\"sv\">\u00a0<\/span><\/p>\n<\/div>\n<div id=\"tw-target-rmn-container\" class=\"tw-target-rmn tw-ta-container F0azHf tw-nfl\" tabindex=\"0\" role=\"text\">\n<pre id=\"tw-target-rmn\" class=\"tw-data-placeholder tw-text-small tw-ta\" dir=\"ltr\" data-placeholder=\"\"><\/pre>\n<\/div>\n<p> [&#8230;]<\/p>\n<p><a class=\"btn btn-secondary understrap-read-more-link\" href=\"https:\/\/kortleksbolaget.se\/en\/product\/warriors-of-the-stars-midnight-blue-zodiac\/\">Read More&#8230;<span class=\"screen-reader-text\"> from Warriors of the Stars &#8211; Midnight Blue &#8211; Zodiac<\/span><\/a><\/p>\n","protected":false},"featured_media":149330,"template":"","meta":{"_acf_changed":false},"product_brand":[],"product_cat":[75],"product_tag":[],"class_list":{"0":"post-149338","1":"product","2":"type-product","3":"status-publish","4":"has-post-thumbnail","6":"product_cat-special-lyx-limited-en","8":"first","9":"instock","10":"taxable","11":"shipping-taxable","12":"purchasable","13":"product-type-simple"},"acf":[],"yoast_head":"<!-- This site is optimized with the Yoast SEO plugin v26.3 - https:\/\/yoast.com\/wordpress\/plugins\/seo\/ -->\n<title>Kortlek Warriors of the Stars - Midnight Blue - Zodiac | Kortleksbolaget<\/title>\n<meta name=\"description\" content=\"K\u00f6p Warriors of the Stars - Midnight Blue - Zodiac. Snabba leveranser &amp; bra priser. Sveriges st\u00f6rsta sortiment av kortlekar p\u00e5 Kortleksbolaget!\" \/>\n<meta name=\"robots\" content=\"index, follow, max-snippet:-1, max-image-preview:large, max-video-preview:-1\" \/>\n<link rel=\"canonical\" href=\"https:\/\/kortleksbolaget.se\/en\/product\/warriors-of-the-stars-midnight-blue-zodiac\/\" \/>\n<meta property=\"og:locale\" content=\"en_US\" \/>\n<meta property=\"og:type\" content=\"article\" \/>\n<meta property=\"og:title\" content=\"Kortlek Warriors of the Stars - Midnight Blue - Zodiac | Kortleksbolaget\" \/>\n<meta property=\"og:description\" content=\"K\u00f6p Warriors of the Stars - Midnight Blue - Zodiac. Snabba leveranser &amp; bra priser. Sveriges st\u00f6rsta sortiment av kortlekar p\u00e5 Kortleksbolaget!\" \/>\n<meta property=\"og:url\" content=\"https:\/\/kortleksbolaget.se\/en\/product\/warriors-of-the-stars-midnight-blue-zodiac\/\" \/>\n<meta property=\"og:site_name\" content=\"Kortleksbolaget\" \/>\n<meta property=\"article:modified_time\" content=\"2025-01-14T12:38:52+00:00\" \/>\n<meta property=\"og:image\" content=\"https:\/\/kortleksbolaget.se\/wp-content\/uploads\/warriors-of-the-stars-playing-cards.jpg\" \/>\n\t<meta property=\"og:image:width\" content=\"467\" \/>\n\t<meta property=\"og:image:height\" content=\"700\" \/>\n\t<meta property=\"og:image:type\" content=\"image\/jpeg\" \/>\n<meta name=\"twitter:card\" content=\"summary_large_image\" \/>\n<meta name=\"twitter:label1\" content=\"Est. reading time\" \/>\n\t<meta name=\"twitter:data1\" content=\"1 minute\" \/>\n<script type=\"application\/ld+json\" class=\"yoast-schema-graph\">{\"@context\":\"https:\/\/schema.org\",\"@graph\":[{\"@type\":\"WebPage\",\"@id\":\"https:\/\/kortleksbolaget.se\/en\/product\/warriors-of-the-stars-midnight-blue-zodiac\/\",\"url\":\"https:\/\/kortleksbolaget.se\/en\/product\/warriors-of-the-stars-midnight-blue-zodiac\/\",\"name\":\"Kortlek Warriors of the Stars - Midnight Blue - Zodiac | Kortleksbolaget\",\"isPartOf\":{\"@id\":\"https:\/\/kortleksbolaget.se\/en\/#website\"},\"primaryImageOfPage\":{\"@id\":\"https:\/\/kortleksbolaget.se\/en\/product\/warriors-of-the-stars-midnight-blue-zodiac\/#primaryimage\"},\"image\":{\"@id\":\"https:\/\/kortleksbolaget.se\/en\/product\/warriors-of-the-stars-midnight-blue-zodiac\/#primaryimage\"},\"thumbnailUrl\":\"https:\/\/kortleksbolaget.se\/wp-content\/uploads\/warriors-of-the-stars-playing-cards.jpg\",\"datePublished\":\"2025-01-14T12:38:07+00:00\",\"dateModified\":\"2025-01-14T12:38:52+00:00\",\"description\":\"K\u00f6p Warriors of the Stars - Midnight Blue - Zodiac. Snabba leveranser & bra priser. Sveriges st\u00f6rsta sortiment av kortlekar p\u00e5 Kortleksbolaget!\",\"breadcrumb\":{\"@id\":\"https:\/\/kortleksbolaget.se\/en\/product\/warriors-of-the-stars-midnight-blue-zodiac\/#breadcrumb\"},\"inLanguage\":\"en-US\",\"potentialAction\":[{\"@type\":\"ReadAction\",\"target\":[\"https:\/\/kortleksbolaget.se\/en\/product\/warriors-of-the-stars-midnight-blue-zodiac\/\"]}]},{\"@type\":\"ImageObject\",\"inLanguage\":\"en-US\",\"@id\":\"https:\/\/kortleksbolaget.se\/en\/product\/warriors-of-the-stars-midnight-blue-zodiac\/#primaryimage\",\"url\":\"https:\/\/kortleksbolaget.se\/wp-content\/uploads\/warriors-of-the-stars-playing-cards.jpg\",\"contentUrl\":\"https:\/\/kortleksbolaget.se\/wp-content\/uploads\/warriors-of-the-stars-playing-cards.jpg\",\"width\":467,\"height\":700},{\"@type\":\"BreadcrumbList\",\"@id\":\"https:\/\/kortleksbolaget.se\/en\/product\/warriors-of-the-stars-midnight-blue-zodiac\/#breadcrumb\",\"itemListElement\":[{\"@type\":\"ListItem\",\"position\":1,\"name\":\"Hem\",\"item\":\"https:\/\/kortleksbolaget.se\/en\/\"},{\"@type\":\"ListItem\",\"position\":2,\"name\":\"All products\",\"item\":\"https:\/\/kortleksbolaget.se\/en\/shop\/\"},{\"@type\":\"ListItem\",\"position\":3,\"name\":\"Warriors of the Stars &#8211; Midnight Blue &#8211; Zodiac\"}]},{\"@type\":\"WebSite\",\"@id\":\"https:\/\/kortleksbolaget.se\/en\/#website\",\"url\":\"https:\/\/kortleksbolaget.se\/en\/\",\"name\":\"Kortleksbolaget\",\"description\":\"Kortlekar p\u00e5 n\u00e4tet\",\"publisher\":{\"@id\":\"https:\/\/kortleksbolaget.se\/en\/#organization\"},\"potentialAction\":[{\"@type\":\"SearchAction\",\"target\":{\"@type\":\"EntryPoint\",\"urlTemplate\":\"https:\/\/kortleksbolaget.se\/en\/?s={search_term_string}\"},\"query-input\":{\"@type\":\"PropertyValueSpecification\",\"valueRequired\":true,\"valueName\":\"search_term_string\"}}],\"inLanguage\":\"en-US\"},{\"@type\":\"Organization\",\"@id\":\"https:\/\/kortleksbolaget.se\/en\/#organization\",\"name\":\"Kortleksbolaget\",\"url\":\"https:\/\/kortleksbolaget.se\/en\/\",\"logo\":{\"@type\":\"ImageObject\",\"inLanguage\":\"en-US\",\"@id\":\"https:\/\/kortleksbolaget.se\/en\/#\/schema\/logo\/image\/\",\"url\":\"https:\/\/kortleksbolaget.se\/wp-content\/uploads\/kortleksbolaget_logo-svart.png\",\"contentUrl\":\"https:\/\/kortleksbolaget.se\/wp-content\/uploads\/kortleksbolaget_logo-svart.png\",\"width\":1200,\"height\":296,\"caption\":\"Kortleksbolaget\"},\"image\":{\"@id\":\"https:\/\/kortleksbolaget.se\/en\/#\/schema\/logo\/image\/\"}}]}<\/script>\n<!-- \/ Yoast SEO plugin. -->","yoast_head_json":{"title":"Kortlek Warriors of the Stars - Midnight Blue - Zodiac | Kortleksbolaget","description":"K\u00f6p Warriors of the Stars - Midnight Blue - Zodiac. Snabba leveranser & bra priser. Sveriges st\u00f6rsta sortiment av kortlekar p\u00e5 Kortleksbolaget!","robots":{"index":"index","follow":"follow","max-snippet":"max-snippet:-1","max-image-preview":"max-image-preview:large","max-video-preview":"max-video-preview:-1"},"canonical":"https:\/\/kortleksbolaget.se\/en\/product\/warriors-of-the-stars-midnight-blue-zodiac\/","og_locale":"en_US","og_type":"article","og_title":"Kortlek Warriors of the Stars - Midnight Blue - Zodiac | Kortleksbolaget","og_description":"K\u00f6p Warriors of the Stars - Midnight Blue - Zodiac. Snabba leveranser & bra priser. Sveriges st\u00f6rsta sortiment av kortlekar p\u00e5 Kortleksbolaget!","og_url":"https:\/\/kortleksbolaget.se\/en\/product\/warriors-of-the-stars-midnight-blue-zodiac\/","og_site_name":"Kortleksbolaget","article_modified_time":"2025-01-14T12:38:52+00:00","og_image":[{"width":467,"height":700,"url":"https:\/\/kortleksbolaget.se\/wp-content\/uploads\/warriors-of-the-stars-playing-cards.jpg","type":"image\/jpeg"}],"twitter_card":"summary_large_image","twitter_misc":{"Est. reading time":"1 minute"},"schema":{"@context":"https:\/\/schema.org","@graph":[{"@type":"WebPage","@id":"https:\/\/kortleksbolaget.se\/en\/product\/warriors-of-the-stars-midnight-blue-zodiac\/","url":"https:\/\/kortleksbolaget.se\/en\/product\/warriors-of-the-stars-midnight-blue-zodiac\/","name":"Kortlek Warriors of the Stars - Midnight Blue - Zodiac | Kortleksbolaget","isPartOf":{"@id":"https:\/\/kortleksbolaget.se\/en\/#website"},"primaryImageOfPage":{"@id":"https:\/\/kortleksbolaget.se\/en\/product\/warriors-of-the-stars-midnight-blue-zodiac\/#primaryimage"},"image":{"@id":"https:\/\/kortleksbolaget.se\/en\/product\/warriors-of-the-stars-midnight-blue-zodiac\/#primaryimage"},"thumbnailUrl":"https:\/\/kortleksbolaget.se\/wp-content\/uploads\/warriors-of-the-stars-playing-cards.jpg","datePublished":"2025-01-14T12:38:07+00:00","dateModified":"2025-01-14T12:38:52+00:00","description":"K\u00f6p Warriors of the Stars - Midnight Blue - Zodiac. Snabba leveranser & bra priser. Sveriges st\u00f6rsta sortiment av kortlekar p\u00e5 Kortleksbolaget!","breadcrumb":{"@id":"https:\/\/kortleksbolaget.se\/en\/product\/warriors-of-the-stars-midnight-blue-zodiac\/#breadcrumb"},"inLanguage":"en-US","potentialAction":[{"@type":"ReadAction","target":["https:\/\/kortleksbolaget.se\/en\/product\/warriors-of-the-stars-midnight-blue-zodiac\/"]}]},{"@type":"ImageObject","inLanguage":"en-US","@id":"https:\/\/kortleksbolaget.se\/en\/product\/warriors-of-the-stars-midnight-blue-zodiac\/#primaryimage","url":"https:\/\/kortleksbolaget.se\/wp-content\/uploads\/warriors-of-the-stars-playing-cards.jpg","contentUrl":"https:\/\/kortleksbolaget.se\/wp-content\/uploads\/warriors-of-the-stars-playing-cards.jpg","width":467,"height":700},{"@type":"BreadcrumbList","@id":"https:\/\/kortleksbolaget.se\/en\/product\/warriors-of-the-stars-midnight-blue-zodiac\/#breadcrumb","itemListElement":[{"@type":"ListItem","position":1,"name":"Hem","item":"https:\/\/kortleksbolaget.se\/en\/"},{"@type":"ListItem","position":2,"name":"All products","item":"https:\/\/kortleksbolaget.se\/en\/shop\/"},{"@type":"ListItem","position":3,"name":"Warriors of the Stars &#8211; Midnight Blue &#8211; Zodiac"}]},{"@type":"WebSite","@id":"https:\/\/kortleksbolaget.se\/en\/#website","url":"https:\/\/kortleksbolaget.se\/en\/","name":"Kortleksbolaget","description":"Kortlekar p\u00e5 n\u00e4tet","publisher":{"@id":"https:\/\/kortleksbolaget.se\/en\/#organization"},"potentialAction":[{"@type":"SearchAction","target":{"@type":"EntryPoint","urlTemplate":"https:\/\/kortleksbolaget.se\/en\/?s={search_term_string}"},"query-input":{"@type":"PropertyValueSpecification","valueRequired":true,"valueName":"search_term_string"}}],"inLanguage":"en-US"},{"@type":"Organization","@id":"https:\/\/kortleksbolaget.se\/en\/#organization","name":"Kortleksbolaget","url":"https:\/\/kortleksbolaget.se\/en\/","logo":{"@type":"ImageObject","inLanguage":"en-US","@id":"https:\/\/kortleksbolaget.se\/en\/#\/schema\/logo\/image\/","url":"https:\/\/kortleksbolaget.se\/wp-content\/uploads\/kortleksbolaget_logo-svart.png","contentUrl":"https:\/\/kortleksbolaget.se\/wp-content\/uploads\/kortleksbolaget_logo-svart.png","width":1200,"height":296,"caption":"Kortleksbolaget"},"image":{"@id":"https:\/\/kortleksbolaget.se\/en\/#\/schema\/logo\/image\/"}}]}},"_links":{"self":[{"href":"https:\/\/kortleksbolaget.se\/en\/wp-json\/wp\/v2\/product\/149338","targetHints":{"allow":["GET"]}}],"collection":[{"href":"https:\/\/kortleksbolaget.se\/en\/wp-json\/wp\/v2\/product"}],"about":[{"href":"https:\/\/kortleksbolaget.se\/en\/wp-json\/wp\/v2\/types\/product"}],"wp:featuredmedia":[{"embeddable":true,"href":"https:\/\/kortleksbolaget.se\/en\/wp-json\/wp\/v2\/media\/149330"}],"wp:attachment":[{"href":"https:\/\/kortleksbolaget.se\/en\/wp-json\/wp\/v2\/media?parent=149338"}],"wp:term":[{"taxonomy":"product_brand","embeddable":true,"href":"https:\/\/kortleksbolaget.se\/en\/wp-json\/wp\/v2\/product_brand?post=149338"},{"taxonomy":"product_cat","embeddable":true,"href":"https:\/\/kortleksbolaget.se\/en\/wp-json\/wp\/v2\/product_cat?post=149338"},{"taxonomy":"product_tag","embeddable":true,"href":"https:\/\/kortleksbolaget.se\/en\/wp-json\/wp\/v2\/product_tag?post=149338"}],"curies":[{"name":"wp","href":"https:\/\/api.w.org\/{rel}","templated":true}]}}