{"id":151592,"date":"2025-05-06T19:12:30","date_gmt":"2025-05-06T17:12:30","guid":{"rendered":"https:\/\/kortleksbolaget.se\/produkt\/the-beatles-special-limited-edition-white\/"},"modified":"2025-05-06T19:13:14","modified_gmt":"2025-05-06T17:13:14","slug":"the-beatles-special-limited-edition-white","status":"publish","type":"product","link":"https:\/\/kortleksbolaget.se\/en\/product\/the-beatles-special-limited-edition-white\/","title":{"rendered":"The Beatles Special Limited Edition White"},"content":{"rendered":"","protected":false},"excerpt":{"rendered":"<div id=\"tw-target-text-container\" class=\"tw-ta-container tw-nfl\" tabindex=\"0\" role=\"text\">\n<div class=\"box-inner1\">\n<div class=\"product-description Scrollable\">\n<div class=\"product attribute overview\">\n<div class=\"value\">\n<p>The Beatles Premium Playing Cards, in a NEW\u00a0special edition, with glistening gold foil on each card.<\/p>\n<p>Limited Edition &#8211; Breathtaking gold foil<br \/>\nThese are the most elegant and eye-catching editions of The Beatles Playing Cards. Dressed in the style of Sgt. Pepper\u2019s Lonely Hearts Club Band, the boxes feature multi-level embossing and striking gold foil &#8211; with gold foil accents on the backs of each card inside.<\/p>\n<p>Come Together<br \/>\nCUSTOM ART ON EVERY CARD<br \/>\nDiscover tons of easter eggs inside the deck with iconography from your favorite songs! From \u201cLucy In The Sky With Diamonds\u201d to \u201cEleanor Rigby\u201d and \u201cBlackbird\u201d, you\u2019ll want to look closely at each and every card.<\/p>\n<\/div>\n<\/div>\n<\/div>\n<\/div>\n<p id=\"tw-target-text\" class=\"tw-data-text tw-text-large tw-ta\" dir=\"ltr\" data-placeholder=\"\u00d6vers\u00e4ttning\" data-ved=\"2ahUKEwiu8aaiieyMAxXuPhAIHTDUF5QQ3ewLegQICBAU\" aria-label=\"\u00d6versatt text: The Beatles Premium Playing Cards, i en NY specialutg\u00e5va, med glittrande guldfolie p\u00e5 varje kort. Limited Edition - Hisnande guldfolie Dessa \u00e4r de mest eleganta och i\u00f6gonfallande utg\u00e5vorna av The Beatles Playing Cards. Kl\u00e4dd i stil med Sgt. Pepper\u2019s Lonely Hearts Club Band, l\u00e5dorna har pr\u00e4gling p\u00e5 flera niv\u00e5er och sl\u00e5ende guldfolie - med guldfolieaccenter p\u00e5 baksidan av varje kort inuti. Kom Tillsammans ANPASSAD KONST P\u00c5 VARJE KORT Uppt\u00e4ck massor av p\u00e5sk\u00e4gg inne p\u00e5 d\u00e4cket med ikonografi fr\u00e5n dina favoritl\u00e5tar! Fr\u00e5n &quot;Lucy In The Sky With Diamonds&quot; till &quot;Eleanor Rigby&quot; och &quot;Blackbird&quot;, du kommer att vilja titta noga p\u00e5 varje kort.\"><span class=\"Y2IQFc\" lang=\"sv\">\u00a0<\/span><\/p>\n<\/div>\n<div id=\"tw-target-rmn-container\" class=\"tw-target-rmn tw-ta-container tw-nfl\" tabindex=\"0\" role=\"text\">\n<pre id=\"tw-target-rmn\" class=\"tw-data-placeholder tw-text-small tw-ta\" dir=\"ltr\" data-placeholder=\"\"><\/pre>\n<\/div>\n<p> [&#8230;]<\/p>\n<p><a class=\"btn btn-secondary understrap-read-more-link\" href=\"https:\/\/kortleksbolaget.se\/en\/product\/the-beatles-special-limited-edition-white\/\">Read More&#8230;<span class=\"screen-reader-text\"> from The Beatles Special Limited Edition White<\/span><\/a><\/p>\n","protected":false},"featured_media":151584,"template":"","meta":{"_acf_changed":false},"product_brand":[],"product_cat":[75],"product_tag":[],"class_list":{"0":"post-151592","1":"product","2":"type-product","3":"status-publish","4":"has-post-thumbnail","6":"varumarke-theory11-en","7":"product_cat-special-lyx-limited-en","9":"first","10":"instock","11":"taxable","12":"shipping-taxable","13":"purchasable","14":"product-type-simple"},"acf":[],"yoast_head":"<!-- This site is optimized with the Yoast SEO plugin v26.3 - https:\/\/yoast.com\/wordpress\/plugins\/seo\/ -->\n<title>Kortlek The Beatles Special Limited Edition White | Kortleksbolaget<\/title>\n<meta name=\"description\" content=\"K\u00f6p The Beatles Special Limited Edition White. Snabba leveranser &amp; bra priser. Sveriges st\u00f6rsta sortiment av kortlekar p\u00e5 Kortleksbolaget!\" \/>\n<meta name=\"robots\" content=\"index, follow, max-snippet:-1, max-image-preview:large, max-video-preview:-1\" \/>\n<link rel=\"canonical\" href=\"https:\/\/kortleksbolaget.se\/en\/product\/the-beatles-special-limited-edition-white\/\" \/>\n<meta property=\"og:locale\" content=\"en_US\" \/>\n<meta property=\"og:type\" content=\"article\" \/>\n<meta property=\"og:title\" content=\"Kortlek The Beatles Special Limited Edition White | Kortleksbolaget\" \/>\n<meta property=\"og:description\" content=\"K\u00f6p The Beatles Special Limited Edition White. Snabba leveranser &amp; bra priser. Sveriges st\u00f6rsta sortiment av kortlekar p\u00e5 Kortleksbolaget!\" \/>\n<meta property=\"og:url\" content=\"https:\/\/kortleksbolaget.se\/en\/product\/the-beatles-special-limited-edition-white\/\" \/>\n<meta property=\"og:site_name\" content=\"Kortleksbolaget\" \/>\n<meta property=\"article:modified_time\" content=\"2025-05-06T17:13:14+00:00\" \/>\n<meta property=\"og:image\" content=\"https:\/\/kortleksbolaget.se\/wp-content\/uploads\/beatles-white-kortlek.jpg\" \/>\n\t<meta property=\"og:image:width\" content=\"464\" \/>\n\t<meta property=\"og:image:height\" content=\"696\" \/>\n\t<meta property=\"og:image:type\" content=\"image\/jpeg\" \/>\n<meta name=\"twitter:card\" content=\"summary_large_image\" \/>\n<meta name=\"twitter:label1\" content=\"Est. reading time\" \/>\n\t<meta name=\"twitter:data1\" content=\"1 minute\" \/>\n<script type=\"application\/ld+json\" class=\"yoast-schema-graph\">{\"@context\":\"https:\/\/schema.org\",\"@graph\":[{\"@type\":\"WebPage\",\"@id\":\"https:\/\/kortleksbolaget.se\/en\/product\/the-beatles-special-limited-edition-white\/\",\"url\":\"https:\/\/kortleksbolaget.se\/en\/product\/the-beatles-special-limited-edition-white\/\",\"name\":\"Kortlek The Beatles Special Limited Edition White | Kortleksbolaget\",\"isPartOf\":{\"@id\":\"https:\/\/kortleksbolaget.se\/en\/#website\"},\"primaryImageOfPage\":{\"@id\":\"https:\/\/kortleksbolaget.se\/en\/product\/the-beatles-special-limited-edition-white\/#primaryimage\"},\"image\":{\"@id\":\"https:\/\/kortleksbolaget.se\/en\/product\/the-beatles-special-limited-edition-white\/#primaryimage\"},\"thumbnailUrl\":\"https:\/\/kortleksbolaget.se\/wp-content\/uploads\/beatles-white-kortlek.jpg\",\"datePublished\":\"2025-05-06T17:12:30+00:00\",\"dateModified\":\"2025-05-06T17:13:14+00:00\",\"description\":\"K\u00f6p The Beatles Special Limited Edition White. Snabba leveranser & bra priser. Sveriges st\u00f6rsta sortiment av kortlekar p\u00e5 Kortleksbolaget!\",\"breadcrumb\":{\"@id\":\"https:\/\/kortleksbolaget.se\/en\/product\/the-beatles-special-limited-edition-white\/#breadcrumb\"},\"inLanguage\":\"en-US\",\"potentialAction\":[{\"@type\":\"ReadAction\",\"target\":[\"https:\/\/kortleksbolaget.se\/en\/product\/the-beatles-special-limited-edition-white\/\"]}]},{\"@type\":\"ImageObject\",\"inLanguage\":\"en-US\",\"@id\":\"https:\/\/kortleksbolaget.se\/en\/product\/the-beatles-special-limited-edition-white\/#primaryimage\",\"url\":\"https:\/\/kortleksbolaget.se\/wp-content\/uploads\/beatles-white-kortlek.jpg\",\"contentUrl\":\"https:\/\/kortleksbolaget.se\/wp-content\/uploads\/beatles-white-kortlek.jpg\",\"width\":464,\"height\":696},{\"@type\":\"BreadcrumbList\",\"@id\":\"https:\/\/kortleksbolaget.se\/en\/product\/the-beatles-special-limited-edition-white\/#breadcrumb\",\"itemListElement\":[{\"@type\":\"ListItem\",\"position\":1,\"name\":\"Hem\",\"item\":\"https:\/\/kortleksbolaget.se\/en\/\"},{\"@type\":\"ListItem\",\"position\":2,\"name\":\"All products\",\"item\":\"https:\/\/kortleksbolaget.se\/en\/shop\/\"},{\"@type\":\"ListItem\",\"position\":3,\"name\":\"The Beatles Special Limited Edition White\"}]},{\"@type\":\"WebSite\",\"@id\":\"https:\/\/kortleksbolaget.se\/en\/#website\",\"url\":\"https:\/\/kortleksbolaget.se\/en\/\",\"name\":\"Kortleksbolaget\",\"description\":\"Kortlekar p\u00e5 n\u00e4tet\",\"publisher\":{\"@id\":\"https:\/\/kortleksbolaget.se\/en\/#organization\"},\"potentialAction\":[{\"@type\":\"SearchAction\",\"target\":{\"@type\":\"EntryPoint\",\"urlTemplate\":\"https:\/\/kortleksbolaget.se\/en\/?s={search_term_string}\"},\"query-input\":{\"@type\":\"PropertyValueSpecification\",\"valueRequired\":true,\"valueName\":\"search_term_string\"}}],\"inLanguage\":\"en-US\"},{\"@type\":\"Organization\",\"@id\":\"https:\/\/kortleksbolaget.se\/en\/#organization\",\"name\":\"Kortleksbolaget\",\"url\":\"https:\/\/kortleksbolaget.se\/en\/\",\"logo\":{\"@type\":\"ImageObject\",\"inLanguage\":\"en-US\",\"@id\":\"https:\/\/kortleksbolaget.se\/en\/#\/schema\/logo\/image\/\",\"url\":\"https:\/\/kortleksbolaget.se\/wp-content\/uploads\/kortleksbolaget_logo-svart.png\",\"contentUrl\":\"https:\/\/kortleksbolaget.se\/wp-content\/uploads\/kortleksbolaget_logo-svart.png\",\"width\":1200,\"height\":296,\"caption\":\"Kortleksbolaget\"},\"image\":{\"@id\":\"https:\/\/kortleksbolaget.se\/en\/#\/schema\/logo\/image\/\"}}]}<\/script>\n<!-- \/ Yoast SEO plugin. -->","yoast_head_json":{"title":"Kortlek The Beatles Special Limited Edition White | Kortleksbolaget","description":"K\u00f6p The Beatles Special Limited Edition White. Snabba leveranser & bra priser. Sveriges st\u00f6rsta sortiment av kortlekar p\u00e5 Kortleksbolaget!","robots":{"index":"index","follow":"follow","max-snippet":"max-snippet:-1","max-image-preview":"max-image-preview:large","max-video-preview":"max-video-preview:-1"},"canonical":"https:\/\/kortleksbolaget.se\/en\/product\/the-beatles-special-limited-edition-white\/","og_locale":"en_US","og_type":"article","og_title":"Kortlek The Beatles Special Limited Edition White | Kortleksbolaget","og_description":"K\u00f6p The Beatles Special Limited Edition White. Snabba leveranser & bra priser. Sveriges st\u00f6rsta sortiment av kortlekar p\u00e5 Kortleksbolaget!","og_url":"https:\/\/kortleksbolaget.se\/en\/product\/the-beatles-special-limited-edition-white\/","og_site_name":"Kortleksbolaget","article_modified_time":"2025-05-06T17:13:14+00:00","og_image":[{"width":464,"height":696,"url":"https:\/\/kortleksbolaget.se\/wp-content\/uploads\/beatles-white-kortlek.jpg","type":"image\/jpeg"}],"twitter_card":"summary_large_image","twitter_misc":{"Est. reading time":"1 minute"},"schema":{"@context":"https:\/\/schema.org","@graph":[{"@type":"WebPage","@id":"https:\/\/kortleksbolaget.se\/en\/product\/the-beatles-special-limited-edition-white\/","url":"https:\/\/kortleksbolaget.se\/en\/product\/the-beatles-special-limited-edition-white\/","name":"Kortlek The Beatles Special Limited Edition White | Kortleksbolaget","isPartOf":{"@id":"https:\/\/kortleksbolaget.se\/en\/#website"},"primaryImageOfPage":{"@id":"https:\/\/kortleksbolaget.se\/en\/product\/the-beatles-special-limited-edition-white\/#primaryimage"},"image":{"@id":"https:\/\/kortleksbolaget.se\/en\/product\/the-beatles-special-limited-edition-white\/#primaryimage"},"thumbnailUrl":"https:\/\/kortleksbolaget.se\/wp-content\/uploads\/beatles-white-kortlek.jpg","datePublished":"2025-05-06T17:12:30+00:00","dateModified":"2025-05-06T17:13:14+00:00","description":"K\u00f6p The Beatles Special Limited Edition White. Snabba leveranser & bra priser. Sveriges st\u00f6rsta sortiment av kortlekar p\u00e5 Kortleksbolaget!","breadcrumb":{"@id":"https:\/\/kortleksbolaget.se\/en\/product\/the-beatles-special-limited-edition-white\/#breadcrumb"},"inLanguage":"en-US","potentialAction":[{"@type":"ReadAction","target":["https:\/\/kortleksbolaget.se\/en\/product\/the-beatles-special-limited-edition-white\/"]}]},{"@type":"ImageObject","inLanguage":"en-US","@id":"https:\/\/kortleksbolaget.se\/en\/product\/the-beatles-special-limited-edition-white\/#primaryimage","url":"https:\/\/kortleksbolaget.se\/wp-content\/uploads\/beatles-white-kortlek.jpg","contentUrl":"https:\/\/kortleksbolaget.se\/wp-content\/uploads\/beatles-white-kortlek.jpg","width":464,"height":696},{"@type":"BreadcrumbList","@id":"https:\/\/kortleksbolaget.se\/en\/product\/the-beatles-special-limited-edition-white\/#breadcrumb","itemListElement":[{"@type":"ListItem","position":1,"name":"Hem","item":"https:\/\/kortleksbolaget.se\/en\/"},{"@type":"ListItem","position":2,"name":"All products","item":"https:\/\/kortleksbolaget.se\/en\/shop\/"},{"@type":"ListItem","position":3,"name":"The Beatles Special Limited Edition White"}]},{"@type":"WebSite","@id":"https:\/\/kortleksbolaget.se\/en\/#website","url":"https:\/\/kortleksbolaget.se\/en\/","name":"Kortleksbolaget","description":"Kortlekar p\u00e5 n\u00e4tet","publisher":{"@id":"https:\/\/kortleksbolaget.se\/en\/#organization"},"potentialAction":[{"@type":"SearchAction","target":{"@type":"EntryPoint","urlTemplate":"https:\/\/kortleksbolaget.se\/en\/?s={search_term_string}"},"query-input":{"@type":"PropertyValueSpecification","valueRequired":true,"valueName":"search_term_string"}}],"inLanguage":"en-US"},{"@type":"Organization","@id":"https:\/\/kortleksbolaget.se\/en\/#organization","name":"Kortleksbolaget","url":"https:\/\/kortleksbolaget.se\/en\/","logo":{"@type":"ImageObject","inLanguage":"en-US","@id":"https:\/\/kortleksbolaget.se\/en\/#\/schema\/logo\/image\/","url":"https:\/\/kortleksbolaget.se\/wp-content\/uploads\/kortleksbolaget_logo-svart.png","contentUrl":"https:\/\/kortleksbolaget.se\/wp-content\/uploads\/kortleksbolaget_logo-svart.png","width":1200,"height":296,"caption":"Kortleksbolaget"},"image":{"@id":"https:\/\/kortleksbolaget.se\/en\/#\/schema\/logo\/image\/"}}]}},"_links":{"self":[{"href":"https:\/\/kortleksbolaget.se\/en\/wp-json\/wp\/v2\/product\/151592","targetHints":{"allow":["GET"]}}],"collection":[{"href":"https:\/\/kortleksbolaget.se\/en\/wp-json\/wp\/v2\/product"}],"about":[{"href":"https:\/\/kortleksbolaget.se\/en\/wp-json\/wp\/v2\/types\/product"}],"wp:featuredmedia":[{"embeddable":true,"href":"https:\/\/kortleksbolaget.se\/en\/wp-json\/wp\/v2\/media\/151584"}],"wp:attachment":[{"href":"https:\/\/kortleksbolaget.se\/en\/wp-json\/wp\/v2\/media?parent=151592"}],"wp:term":[{"taxonomy":"product_brand","embeddable":true,"href":"https:\/\/kortleksbolaget.se\/en\/wp-json\/wp\/v2\/product_brand?post=151592"},{"taxonomy":"product_cat","embeddable":true,"href":"https:\/\/kortleksbolaget.se\/en\/wp-json\/wp\/v2\/product_cat?post=151592"},{"taxonomy":"product_tag","embeddable":true,"href":"https:\/\/kortleksbolaget.se\/en\/wp-json\/wp\/v2\/product_tag?post=151592"}],"curies":[{"name":"wp","href":"https:\/\/api.w.org\/{rel}","templated":true}]}}