{"id":152891,"date":"2025-07-01T18:10:16","date_gmt":"2025-07-01T16:10:16","guid":{"rendered":"https:\/\/kortleksbolaget.se\/produkt\/the-beetle-backs-prestige-limited-edition\/"},"modified":"2025-07-10T12:11:35","modified_gmt":"2025-07-10T10:11:35","slug":"the-beetle-backs-prestige-limited-edition","status":"publish","type":"product","link":"https:\/\/kortleksbolaget.se\/en\/product\/the-beetle-backs-prestige-limited-edition\/","title":{"rendered":"The Beetle Backs Prestige Limited Edition"},"content":{"rendered":"","protected":false},"excerpt":{"rendered":"<p id=\"tw-target-text\" class=\"tw-data-text tw-text-large tw-ta\" dir=\"ltr\" data-placeholder=\"\u00d6vers\u00e4ttning\" data-ved=\"2ahUKEwi0s-jn5IKOAxW9LBAIHSkjHiUQ3ewLegQICRAV\" aria-label=\"\u00d6versatt text: Beetle Backs Prestige Edition, som \u00e4r begr\u00e4nsad till 5000 exemplar, har ett vackert pr\u00e4glat kortfodral med 3 lager folie tryckt p\u00e5 310 g\/m\u00b2 kartong av h\u00f6gsta kvalitet. Korten inuti har en klassisk spegelblank baksida prydd med vacker guldf\u00e4rgad kallfolie och metalliskt bl\u00e4ck, som kontrasterar mot en djupsvart bakgrund. Kortens framsida \u00e4r ocks\u00e5 tryckt med guldf\u00e4rgad kallfolie. Ett sant samlarobjekt som kommer att f\u00f6rv\u00e5na vid kortbordet eller p\u00e5 hyllan. En specialnumrerad sigill pryder botten av kortfodralet. Beetle Backs, presenterad av The Gentleman Wake och designad av Widakk Design, \u00e4r kulmen p\u00e5 ett tv\u00e5\u00e5rigt arbete med att skapa en kortlek som \u00e4r perfekt f\u00f6r samlare, spelare och magientusiaster \u00f6verallt. Klassisk och vacker, med stil och elegans fr\u00e5n sekelskiftet och de finaste moderna hanterings- och tryckteknikerna f\u00f6r spelkort, ber\u00e4ttar Beetle Backs ocks\u00e5 den kafkaiska historien om en h\u00e5rt k\u00e4mpande entomolog djupt f\u00f6rsjunken i studier av sitt valda omr\u00e5de; underfamiljen Dynastinae av skarab\u00e9baggar. F\u00f6r spelare, samlare och magientusiaster \u00e4r Beetle Backs en m\u00e4sterlig kollektion av kortlekar och tillbeh\u00f6r; en perfekt f\u00f6rening av klassiskt inspirerad illustration och modern design, m\u00e4sterligt tillverkad med material av absolut h\u00f6gsta kvalitet och noggrannhet i detaljerna. Kortlekar \u00e4r f\u00f6rpackade i premiumf\u00f6rpackningar prydda med upp till tre folielager och djup pr\u00e4gling.\"><span class=\"Y2IQFc\" lang=\"sv\">Limited to 5000, the <b>Beetle Backs Prestige Edition <\/b> features a gorgeously embossed tuck case with 3 foil layers printed on the highest quality 310 gsm cardstock. The cards within include a classic mirrored back design adorned in beautiful gold cold foil and metallic ink, contrasting with a deep black background. The faces of the cards are also printed with gold cold foil. A true collector&#8217;s item that will amaze at the card table or on the shelf. A custom numbered seal will adorn the bottom of the tuck.<\/p>\n<p>The <b>Beetle Backs, <\/b> presented by The Gentleman Wake and designed by Widakk Design, is the culmination of a two-year long effort to create a deck of cards perfect for collectors, players and magic enthusiasts everywhere. Classic and beautiful, evoking turn-of-the-20th-century style and elegance and the finest modern handling and playing card printing techniques, the <b>Beetle Backs <\/b> also tells the Kafkaesque tale of an embattled entomologist deep in study of his chosen field; the Dynastinae subfamily of scarab beetles.<\/p>\n<p>For players, collectors, and magic enthusiasts, the <b>Beetle Backs <\/b> is a masterwork collection of decks and accessories; a perfect union of classically inspired illustration and modern design, masterfully realized with the absolute highest quality materials and attention to detail. The decks are packaged within premium tuck boxes emblazoned with as many as three foil layers and deep embossing. <\/span><\/p>\n<p> [&#8230;]<\/p>\n<p><a class=\"btn btn-secondary understrap-read-more-link\" href=\"https:\/\/kortleksbolaget.se\/en\/product\/the-beetle-backs-prestige-limited-edition\/\">Read More&#8230;<span class=\"screen-reader-text\"> from The Beetle Backs Prestige Limited Edition<\/span><\/a><\/p>\n","protected":false},"featured_media":152883,"template":"","meta":{"_acf_changed":false},"product_brand":[],"product_cat":[75],"product_tag":[],"class_list":{"0":"post-152891","1":"product","2":"type-product","3":"status-publish","4":"has-post-thumbnail","6":"product_cat-special-lyx-limited-en","8":"first","9":"instock","10":"taxable","11":"shipping-taxable","12":"purchasable","13":"product-type-simple"},"acf":[],"yoast_head":"<!-- This site is optimized with the Yoast SEO plugin v26.3 - https:\/\/yoast.com\/wordpress\/plugins\/seo\/ -->\n<title>Kortlek The Beetle Backs Prestige Limited Edition | Kortleksbolaget<\/title>\n<meta name=\"description\" content=\"K\u00f6p The Beetle Backs Prestige Limited Edition. Snabba leveranser &amp; bra priser. Sveriges st\u00f6rsta sortiment av kortlekar p\u00e5 Kortleksbolaget!\" \/>\n<meta name=\"robots\" content=\"index, follow, max-snippet:-1, max-image-preview:large, max-video-preview:-1\" \/>\n<link rel=\"canonical\" href=\"https:\/\/kortleksbolaget.se\/en\/product\/the-beetle-backs-prestige-limited-edition\/\" \/>\n<meta property=\"og:locale\" content=\"en_US\" \/>\n<meta property=\"og:type\" content=\"article\" \/>\n<meta property=\"og:title\" content=\"Kortlek The Beetle Backs Prestige Limited Edition | Kortleksbolaget\" \/>\n<meta property=\"og:description\" content=\"K\u00f6p The Beetle Backs Prestige Limited Edition. Snabba leveranser &amp; bra priser. Sveriges st\u00f6rsta sortiment av kortlekar p\u00e5 Kortleksbolaget!\" \/>\n<meta property=\"og:url\" content=\"https:\/\/kortleksbolaget.se\/en\/product\/the-beetle-backs-prestige-limited-edition\/\" \/>\n<meta property=\"og:site_name\" content=\"Kortleksbolaget\" \/>\n<meta property=\"article:modified_time\" content=\"2025-07-10T10:11:35+00:00\" \/>\n<meta property=\"og:image\" content=\"https:\/\/kortleksbolaget.se\/wp-content\/uploads\/black-beetle-backs.jpg\" \/>\n\t<meta property=\"og:image:width\" content=\"466\" \/>\n\t<meta property=\"og:image:height\" content=\"698\" \/>\n\t<meta property=\"og:image:type\" content=\"image\/jpeg\" \/>\n<meta name=\"twitter:card\" content=\"summary_large_image\" \/>\n<meta name=\"twitter:label1\" content=\"Est. reading time\" \/>\n\t<meta name=\"twitter:data1\" content=\"1 minute\" \/>\n<script type=\"application\/ld+json\" class=\"yoast-schema-graph\">{\"@context\":\"https:\/\/schema.org\",\"@graph\":[{\"@type\":\"WebPage\",\"@id\":\"https:\/\/kortleksbolaget.se\/en\/product\/the-beetle-backs-prestige-limited-edition\/\",\"url\":\"https:\/\/kortleksbolaget.se\/en\/product\/the-beetle-backs-prestige-limited-edition\/\",\"name\":\"Kortlek The Beetle Backs Prestige Limited Edition | Kortleksbolaget\",\"isPartOf\":{\"@id\":\"https:\/\/kortleksbolaget.se\/en\/#website\"},\"primaryImageOfPage\":{\"@id\":\"https:\/\/kortleksbolaget.se\/en\/product\/the-beetle-backs-prestige-limited-edition\/#primaryimage\"},\"image\":{\"@id\":\"https:\/\/kortleksbolaget.se\/en\/product\/the-beetle-backs-prestige-limited-edition\/#primaryimage\"},\"thumbnailUrl\":\"https:\/\/kortleksbolaget.se\/wp-content\/uploads\/black-beetle-backs.jpg\",\"datePublished\":\"2025-07-01T16:10:16+00:00\",\"dateModified\":\"2025-07-10T10:11:35+00:00\",\"description\":\"K\u00f6p The Beetle Backs Prestige Limited Edition. Snabba leveranser & bra priser. Sveriges st\u00f6rsta sortiment av kortlekar p\u00e5 Kortleksbolaget!\",\"breadcrumb\":{\"@id\":\"https:\/\/kortleksbolaget.se\/en\/product\/the-beetle-backs-prestige-limited-edition\/#breadcrumb\"},\"inLanguage\":\"en-US\",\"potentialAction\":[{\"@type\":\"ReadAction\",\"target\":[\"https:\/\/kortleksbolaget.se\/en\/product\/the-beetle-backs-prestige-limited-edition\/\"]}]},{\"@type\":\"ImageObject\",\"inLanguage\":\"en-US\",\"@id\":\"https:\/\/kortleksbolaget.se\/en\/product\/the-beetle-backs-prestige-limited-edition\/#primaryimage\",\"url\":\"https:\/\/kortleksbolaget.se\/wp-content\/uploads\/black-beetle-backs.jpg\",\"contentUrl\":\"https:\/\/kortleksbolaget.se\/wp-content\/uploads\/black-beetle-backs.jpg\",\"width\":466,\"height\":698},{\"@type\":\"BreadcrumbList\",\"@id\":\"https:\/\/kortleksbolaget.se\/en\/product\/the-beetle-backs-prestige-limited-edition\/#breadcrumb\",\"itemListElement\":[{\"@type\":\"ListItem\",\"position\":1,\"name\":\"Hem\",\"item\":\"https:\/\/kortleksbolaget.se\/en\/\"},{\"@type\":\"ListItem\",\"position\":2,\"name\":\"All products\",\"item\":\"https:\/\/kortleksbolaget.se\/en\/shop\/\"},{\"@type\":\"ListItem\",\"position\":3,\"name\":\"The Beetle Backs Prestige Limited Edition\"}]},{\"@type\":\"WebSite\",\"@id\":\"https:\/\/kortleksbolaget.se\/en\/#website\",\"url\":\"https:\/\/kortleksbolaget.se\/en\/\",\"name\":\"Kortleksbolaget\",\"description\":\"Kortlekar p\u00e5 n\u00e4tet\",\"publisher\":{\"@id\":\"https:\/\/kortleksbolaget.se\/en\/#organization\"},\"potentialAction\":[{\"@type\":\"SearchAction\",\"target\":{\"@type\":\"EntryPoint\",\"urlTemplate\":\"https:\/\/kortleksbolaget.se\/en\/?s={search_term_string}\"},\"query-input\":{\"@type\":\"PropertyValueSpecification\",\"valueRequired\":true,\"valueName\":\"search_term_string\"}}],\"inLanguage\":\"en-US\"},{\"@type\":\"Organization\",\"@id\":\"https:\/\/kortleksbolaget.se\/en\/#organization\",\"name\":\"Kortleksbolaget\",\"url\":\"https:\/\/kortleksbolaget.se\/en\/\",\"logo\":{\"@type\":\"ImageObject\",\"inLanguage\":\"en-US\",\"@id\":\"https:\/\/kortleksbolaget.se\/en\/#\/schema\/logo\/image\/\",\"url\":\"https:\/\/kortleksbolaget.se\/wp-content\/uploads\/kortleksbolaget_logo-svart.png\",\"contentUrl\":\"https:\/\/kortleksbolaget.se\/wp-content\/uploads\/kortleksbolaget_logo-svart.png\",\"width\":1200,\"height\":296,\"caption\":\"Kortleksbolaget\"},\"image\":{\"@id\":\"https:\/\/kortleksbolaget.se\/en\/#\/schema\/logo\/image\/\"}}]}<\/script>\n<!-- \/ Yoast SEO plugin. -->","yoast_head_json":{"title":"Kortlek The Beetle Backs Prestige Limited Edition | Kortleksbolaget","description":"K\u00f6p The Beetle Backs Prestige Limited Edition. Snabba leveranser & bra priser. Sveriges st\u00f6rsta sortiment av kortlekar p\u00e5 Kortleksbolaget!","robots":{"index":"index","follow":"follow","max-snippet":"max-snippet:-1","max-image-preview":"max-image-preview:large","max-video-preview":"max-video-preview:-1"},"canonical":"https:\/\/kortleksbolaget.se\/en\/product\/the-beetle-backs-prestige-limited-edition\/","og_locale":"en_US","og_type":"article","og_title":"Kortlek The Beetle Backs Prestige Limited Edition | Kortleksbolaget","og_description":"K\u00f6p The Beetle Backs Prestige Limited Edition. Snabba leveranser & bra priser. Sveriges st\u00f6rsta sortiment av kortlekar p\u00e5 Kortleksbolaget!","og_url":"https:\/\/kortleksbolaget.se\/en\/product\/the-beetle-backs-prestige-limited-edition\/","og_site_name":"Kortleksbolaget","article_modified_time":"2025-07-10T10:11:35+00:00","og_image":[{"width":466,"height":698,"url":"https:\/\/kortleksbolaget.se\/wp-content\/uploads\/black-beetle-backs.jpg","type":"image\/jpeg"}],"twitter_card":"summary_large_image","twitter_misc":{"Est. reading time":"1 minute"},"schema":{"@context":"https:\/\/schema.org","@graph":[{"@type":"WebPage","@id":"https:\/\/kortleksbolaget.se\/en\/product\/the-beetle-backs-prestige-limited-edition\/","url":"https:\/\/kortleksbolaget.se\/en\/product\/the-beetle-backs-prestige-limited-edition\/","name":"Kortlek The Beetle Backs Prestige Limited Edition | Kortleksbolaget","isPartOf":{"@id":"https:\/\/kortleksbolaget.se\/en\/#website"},"primaryImageOfPage":{"@id":"https:\/\/kortleksbolaget.se\/en\/product\/the-beetle-backs-prestige-limited-edition\/#primaryimage"},"image":{"@id":"https:\/\/kortleksbolaget.se\/en\/product\/the-beetle-backs-prestige-limited-edition\/#primaryimage"},"thumbnailUrl":"https:\/\/kortleksbolaget.se\/wp-content\/uploads\/black-beetle-backs.jpg","datePublished":"2025-07-01T16:10:16+00:00","dateModified":"2025-07-10T10:11:35+00:00","description":"K\u00f6p The Beetle Backs Prestige Limited Edition. Snabba leveranser & bra priser. Sveriges st\u00f6rsta sortiment av kortlekar p\u00e5 Kortleksbolaget!","breadcrumb":{"@id":"https:\/\/kortleksbolaget.se\/en\/product\/the-beetle-backs-prestige-limited-edition\/#breadcrumb"},"inLanguage":"en-US","potentialAction":[{"@type":"ReadAction","target":["https:\/\/kortleksbolaget.se\/en\/product\/the-beetle-backs-prestige-limited-edition\/"]}]},{"@type":"ImageObject","inLanguage":"en-US","@id":"https:\/\/kortleksbolaget.se\/en\/product\/the-beetle-backs-prestige-limited-edition\/#primaryimage","url":"https:\/\/kortleksbolaget.se\/wp-content\/uploads\/black-beetle-backs.jpg","contentUrl":"https:\/\/kortleksbolaget.se\/wp-content\/uploads\/black-beetle-backs.jpg","width":466,"height":698},{"@type":"BreadcrumbList","@id":"https:\/\/kortleksbolaget.se\/en\/product\/the-beetle-backs-prestige-limited-edition\/#breadcrumb","itemListElement":[{"@type":"ListItem","position":1,"name":"Hem","item":"https:\/\/kortleksbolaget.se\/en\/"},{"@type":"ListItem","position":2,"name":"All products","item":"https:\/\/kortleksbolaget.se\/en\/shop\/"},{"@type":"ListItem","position":3,"name":"The Beetle Backs Prestige Limited Edition"}]},{"@type":"WebSite","@id":"https:\/\/kortleksbolaget.se\/en\/#website","url":"https:\/\/kortleksbolaget.se\/en\/","name":"Kortleksbolaget","description":"Kortlekar p\u00e5 n\u00e4tet","publisher":{"@id":"https:\/\/kortleksbolaget.se\/en\/#organization"},"potentialAction":[{"@type":"SearchAction","target":{"@type":"EntryPoint","urlTemplate":"https:\/\/kortleksbolaget.se\/en\/?s={search_term_string}"},"query-input":{"@type":"PropertyValueSpecification","valueRequired":true,"valueName":"search_term_string"}}],"inLanguage":"en-US"},{"@type":"Organization","@id":"https:\/\/kortleksbolaget.se\/en\/#organization","name":"Kortleksbolaget","url":"https:\/\/kortleksbolaget.se\/en\/","logo":{"@type":"ImageObject","inLanguage":"en-US","@id":"https:\/\/kortleksbolaget.se\/en\/#\/schema\/logo\/image\/","url":"https:\/\/kortleksbolaget.se\/wp-content\/uploads\/kortleksbolaget_logo-svart.png","contentUrl":"https:\/\/kortleksbolaget.se\/wp-content\/uploads\/kortleksbolaget_logo-svart.png","width":1200,"height":296,"caption":"Kortleksbolaget"},"image":{"@id":"https:\/\/kortleksbolaget.se\/en\/#\/schema\/logo\/image\/"}}]}},"_links":{"self":[{"href":"https:\/\/kortleksbolaget.se\/en\/wp-json\/wp\/v2\/product\/152891","targetHints":{"allow":["GET"]}}],"collection":[{"href":"https:\/\/kortleksbolaget.se\/en\/wp-json\/wp\/v2\/product"}],"about":[{"href":"https:\/\/kortleksbolaget.se\/en\/wp-json\/wp\/v2\/types\/product"}],"wp:featuredmedia":[{"embeddable":true,"href":"https:\/\/kortleksbolaget.se\/en\/wp-json\/wp\/v2\/media\/152883"}],"wp:attachment":[{"href":"https:\/\/kortleksbolaget.se\/en\/wp-json\/wp\/v2\/media?parent=152891"}],"wp:term":[{"taxonomy":"product_brand","embeddable":true,"href":"https:\/\/kortleksbolaget.se\/en\/wp-json\/wp\/v2\/product_brand?post=152891"},{"taxonomy":"product_cat","embeddable":true,"href":"https:\/\/kortleksbolaget.se\/en\/wp-json\/wp\/v2\/product_cat?post=152891"},{"taxonomy":"product_tag","embeddable":true,"href":"https:\/\/kortleksbolaget.se\/en\/wp-json\/wp\/v2\/product_tag?post=152891"}],"curies":[{"name":"wp","href":"https:\/\/api.w.org\/{rel}","templated":true}]}}