{"id":153166,"date":"2025-07-11T14:39:35","date_gmt":"2025-07-11T12:39:35","guid":{"rendered":"https:\/\/kortleksbolaget.se\/produkt\/1982-vhs-4th-of-july\/"},"modified":"2025-07-11T14:40:28","modified_gmt":"2025-07-11T12:40:28","slug":"1982-vhs-4th-of-july","status":"publish","type":"product","link":"https:\/\/kortleksbolaget.se\/en\/product\/1982-vhs-4th-of-july\/","title":{"rendered":"1982 VHS 4th of July"},"content":{"rendered":"","protected":false},"excerpt":{"rendered":"<p id=\"tw-target-text\" class=\"tw-data-text tw-text-large tw-ta\" dir=\"ltr\" data-placeholder=\"\u00d6vers\u00e4ttning\" data-ved=\"2ahUKEwi0s-jn5IKOAxW9LBAIHSkjHiUQ3ewLegQICRAV\" aria-label=\"\u00d6versatt text: Dessa VHS-spelkortsset fr\u00e5n 1982 \u00e4r bland de b\u00e4sta och mest eftertraktade Kings Wild-spelkortslekarna. De f\u00f6r med sig nostalgin fr\u00e5n 80-talet genom att anv\u00e4nda dessa ikoniska och dj\u00e4rva stilar av vintagekassettomslag. Dessa nya varianter inneh\u00e5ller samma holografiska hovkort och numrerade kort som den ursprungliga VHS-leken. Alla nya varianter har ocks\u00e5 en ny baksidesdesign med &quot;Be Kind Rewind!&quot;-klisterm\u00e4rken och en ny flashig rosa till bl\u00e5 holografisk gradient och holografisk foliering p\u00e5 bildkorten. Dessa kortlekar \u00e4r tryckta av Expert Playing Card Company i Classic Stock-utf\u00f6randet.\"><span class=\"Y2IQFc\" lang=\"sv\">These <b>1982 VHS Playing Card <\/b> sets are amongst the best and most sought-after Kings Wild playing card decks.<\/p>\n<p>Bringing with it the nostalgia from the &#8217;80s by using these iconic and bold styles of vintage cassette covers. These new variants contain the same, holographic court cards and numbered cards as the original VHS deck.<\/p>\n<p>All the new variants also feature a new back design with, &#8220;Be Kind Rewind!&#8221; stickers and a new flashy pink to blue holographic gradient and holographic foiling on the face cards.<\/p>\n<p>These decks are printed by the Expert Playing Card Company in the Classic Stock.<\/span><\/p>\n<p> [&#8230;]<\/p>\n<p><a class=\"btn btn-secondary understrap-read-more-link\" href=\"https:\/\/kortleksbolaget.se\/en\/product\/1982-vhs-4th-of-july\/\">Read More&#8230;<span class=\"screen-reader-text\"> from 1982 VHS 4th of July<\/span><\/a><\/p>\n","protected":false},"featured_media":153157,"template":"","meta":{"_acf_changed":false},"product_brand":[],"product_cat":[75],"product_tag":[],"class_list":{"0":"post-153166","1":"product","2":"type-product","3":"status-publish","4":"has-post-thumbnail","6":"varumarke-kings-wild-project-en","7":"product_cat-special-lyx-limited-en","9":"first","10":"instock","11":"taxable","12":"shipping-taxable","13":"purchasable","14":"product-type-simple"},"acf":[],"yoast_head":"<!-- This site is optimized with the Yoast SEO plugin v26.3 - https:\/\/yoast.com\/wordpress\/plugins\/seo\/ -->\n<title>Kortlek 1982 VHS 4th of July | Kortleksbolaget<\/title>\n<meta name=\"description\" content=\"K\u00f6p 1982 VHS 4th of July. Snabba leveranser &amp; bra priser. Sveriges st\u00f6rsta sortiment av kortlekar p\u00e5 Kortleksbolaget!\" \/>\n<meta name=\"robots\" content=\"index, follow, max-snippet:-1, max-image-preview:large, max-video-preview:-1\" \/>\n<link rel=\"canonical\" href=\"https:\/\/kortleksbolaget.se\/en\/product\/1982-vhs-4th-of-july\/\" \/>\n<meta property=\"og:locale\" content=\"en_US\" \/>\n<meta property=\"og:type\" content=\"article\" \/>\n<meta property=\"og:title\" content=\"Kortlek 1982 VHS 4th of July | Kortleksbolaget\" \/>\n<meta property=\"og:description\" content=\"K\u00f6p 1982 VHS 4th of July. Snabba leveranser &amp; bra priser. Sveriges st\u00f6rsta sortiment av kortlekar p\u00e5 Kortleksbolaget!\" \/>\n<meta property=\"og:url\" content=\"https:\/\/kortleksbolaget.se\/en\/product\/1982-vhs-4th-of-july\/\" \/>\n<meta property=\"og:site_name\" content=\"Kortleksbolaget\" \/>\n<meta property=\"article:modified_time\" content=\"2025-07-11T12:40:28+00:00\" \/>\n<meta property=\"og:image\" content=\"https:\/\/kortleksbolaget.se\/wp-content\/uploads\/vhs-1982-4th-july.jpg\" \/>\n\t<meta property=\"og:image:width\" content=\"452\" \/>\n\t<meta property=\"og:image:height\" content=\"677\" \/>\n\t<meta property=\"og:image:type\" content=\"image\/jpeg\" \/>\n<meta name=\"twitter:card\" content=\"summary_large_image\" \/>\n<meta name=\"twitter:label1\" content=\"Est. reading time\" \/>\n\t<meta name=\"twitter:data1\" content=\"1 minute\" \/>\n<script type=\"application\/ld+json\" class=\"yoast-schema-graph\">{\"@context\":\"https:\/\/schema.org\",\"@graph\":[{\"@type\":\"WebPage\",\"@id\":\"https:\/\/kortleksbolaget.se\/en\/product\/1982-vhs-4th-of-july\/\",\"url\":\"https:\/\/kortleksbolaget.se\/en\/product\/1982-vhs-4th-of-july\/\",\"name\":\"Kortlek 1982 VHS 4th of July | Kortleksbolaget\",\"isPartOf\":{\"@id\":\"https:\/\/kortleksbolaget.se\/en\/#website\"},\"primaryImageOfPage\":{\"@id\":\"https:\/\/kortleksbolaget.se\/en\/product\/1982-vhs-4th-of-july\/#primaryimage\"},\"image\":{\"@id\":\"https:\/\/kortleksbolaget.se\/en\/product\/1982-vhs-4th-of-july\/#primaryimage\"},\"thumbnailUrl\":\"https:\/\/kortleksbolaget.se\/wp-content\/uploads\/vhs-1982-4th-july.jpg\",\"datePublished\":\"2025-07-11T12:39:35+00:00\",\"dateModified\":\"2025-07-11T12:40:28+00:00\",\"description\":\"K\u00f6p 1982 VHS 4th of July. Snabba leveranser & bra priser. Sveriges st\u00f6rsta sortiment av kortlekar p\u00e5 Kortleksbolaget!\",\"breadcrumb\":{\"@id\":\"https:\/\/kortleksbolaget.se\/en\/product\/1982-vhs-4th-of-july\/#breadcrumb\"},\"inLanguage\":\"en-US\",\"potentialAction\":[{\"@type\":\"ReadAction\",\"target\":[\"https:\/\/kortleksbolaget.se\/en\/product\/1982-vhs-4th-of-july\/\"]}]},{\"@type\":\"ImageObject\",\"inLanguage\":\"en-US\",\"@id\":\"https:\/\/kortleksbolaget.se\/en\/product\/1982-vhs-4th-of-july\/#primaryimage\",\"url\":\"https:\/\/kortleksbolaget.se\/wp-content\/uploads\/vhs-1982-4th-july.jpg\",\"contentUrl\":\"https:\/\/kortleksbolaget.se\/wp-content\/uploads\/vhs-1982-4th-july.jpg\",\"width\":452,\"height\":677},{\"@type\":\"BreadcrumbList\",\"@id\":\"https:\/\/kortleksbolaget.se\/en\/product\/1982-vhs-4th-of-july\/#breadcrumb\",\"itemListElement\":[{\"@type\":\"ListItem\",\"position\":1,\"name\":\"Hem\",\"item\":\"https:\/\/kortleksbolaget.se\/en\/\"},{\"@type\":\"ListItem\",\"position\":2,\"name\":\"All products\",\"item\":\"https:\/\/kortleksbolaget.se\/en\/shop\/\"},{\"@type\":\"ListItem\",\"position\":3,\"name\":\"1982 VHS 4th of July\"}]},{\"@type\":\"WebSite\",\"@id\":\"https:\/\/kortleksbolaget.se\/en\/#website\",\"url\":\"https:\/\/kortleksbolaget.se\/en\/\",\"name\":\"Kortleksbolaget\",\"description\":\"Kortlekar p\u00e5 n\u00e4tet\",\"publisher\":{\"@id\":\"https:\/\/kortleksbolaget.se\/en\/#organization\"},\"potentialAction\":[{\"@type\":\"SearchAction\",\"target\":{\"@type\":\"EntryPoint\",\"urlTemplate\":\"https:\/\/kortleksbolaget.se\/en\/?s={search_term_string}\"},\"query-input\":{\"@type\":\"PropertyValueSpecification\",\"valueRequired\":true,\"valueName\":\"search_term_string\"}}],\"inLanguage\":\"en-US\"},{\"@type\":\"Organization\",\"@id\":\"https:\/\/kortleksbolaget.se\/en\/#organization\",\"name\":\"Kortleksbolaget\",\"url\":\"https:\/\/kortleksbolaget.se\/en\/\",\"logo\":{\"@type\":\"ImageObject\",\"inLanguage\":\"en-US\",\"@id\":\"https:\/\/kortleksbolaget.se\/en\/#\/schema\/logo\/image\/\",\"url\":\"https:\/\/kortleksbolaget.se\/wp-content\/uploads\/kortleksbolaget_logo-svart.png\",\"contentUrl\":\"https:\/\/kortleksbolaget.se\/wp-content\/uploads\/kortleksbolaget_logo-svart.png\",\"width\":1200,\"height\":296,\"caption\":\"Kortleksbolaget\"},\"image\":{\"@id\":\"https:\/\/kortleksbolaget.se\/en\/#\/schema\/logo\/image\/\"}}]}<\/script>\n<!-- \/ Yoast SEO plugin. -->","yoast_head_json":{"title":"Kortlek 1982 VHS 4th of July | Kortleksbolaget","description":"K\u00f6p 1982 VHS 4th of July. Snabba leveranser & bra priser. Sveriges st\u00f6rsta sortiment av kortlekar p\u00e5 Kortleksbolaget!","robots":{"index":"index","follow":"follow","max-snippet":"max-snippet:-1","max-image-preview":"max-image-preview:large","max-video-preview":"max-video-preview:-1"},"canonical":"https:\/\/kortleksbolaget.se\/en\/product\/1982-vhs-4th-of-july\/","og_locale":"en_US","og_type":"article","og_title":"Kortlek 1982 VHS 4th of July | Kortleksbolaget","og_description":"K\u00f6p 1982 VHS 4th of July. Snabba leveranser & bra priser. Sveriges st\u00f6rsta sortiment av kortlekar p\u00e5 Kortleksbolaget!","og_url":"https:\/\/kortleksbolaget.se\/en\/product\/1982-vhs-4th-of-july\/","og_site_name":"Kortleksbolaget","article_modified_time":"2025-07-11T12:40:28+00:00","og_image":[{"width":452,"height":677,"url":"https:\/\/kortleksbolaget.se\/wp-content\/uploads\/vhs-1982-4th-july.jpg","type":"image\/jpeg"}],"twitter_card":"summary_large_image","twitter_misc":{"Est. reading time":"1 minute"},"schema":{"@context":"https:\/\/schema.org","@graph":[{"@type":"WebPage","@id":"https:\/\/kortleksbolaget.se\/en\/product\/1982-vhs-4th-of-july\/","url":"https:\/\/kortleksbolaget.se\/en\/product\/1982-vhs-4th-of-july\/","name":"Kortlek 1982 VHS 4th of July | Kortleksbolaget","isPartOf":{"@id":"https:\/\/kortleksbolaget.se\/en\/#website"},"primaryImageOfPage":{"@id":"https:\/\/kortleksbolaget.se\/en\/product\/1982-vhs-4th-of-july\/#primaryimage"},"image":{"@id":"https:\/\/kortleksbolaget.se\/en\/product\/1982-vhs-4th-of-july\/#primaryimage"},"thumbnailUrl":"https:\/\/kortleksbolaget.se\/wp-content\/uploads\/vhs-1982-4th-july.jpg","datePublished":"2025-07-11T12:39:35+00:00","dateModified":"2025-07-11T12:40:28+00:00","description":"K\u00f6p 1982 VHS 4th of July. Snabba leveranser & bra priser. Sveriges st\u00f6rsta sortiment av kortlekar p\u00e5 Kortleksbolaget!","breadcrumb":{"@id":"https:\/\/kortleksbolaget.se\/en\/product\/1982-vhs-4th-of-july\/#breadcrumb"},"inLanguage":"en-US","potentialAction":[{"@type":"ReadAction","target":["https:\/\/kortleksbolaget.se\/en\/product\/1982-vhs-4th-of-july\/"]}]},{"@type":"ImageObject","inLanguage":"en-US","@id":"https:\/\/kortleksbolaget.se\/en\/product\/1982-vhs-4th-of-july\/#primaryimage","url":"https:\/\/kortleksbolaget.se\/wp-content\/uploads\/vhs-1982-4th-july.jpg","contentUrl":"https:\/\/kortleksbolaget.se\/wp-content\/uploads\/vhs-1982-4th-july.jpg","width":452,"height":677},{"@type":"BreadcrumbList","@id":"https:\/\/kortleksbolaget.se\/en\/product\/1982-vhs-4th-of-july\/#breadcrumb","itemListElement":[{"@type":"ListItem","position":1,"name":"Hem","item":"https:\/\/kortleksbolaget.se\/en\/"},{"@type":"ListItem","position":2,"name":"All products","item":"https:\/\/kortleksbolaget.se\/en\/shop\/"},{"@type":"ListItem","position":3,"name":"1982 VHS 4th of July"}]},{"@type":"WebSite","@id":"https:\/\/kortleksbolaget.se\/en\/#website","url":"https:\/\/kortleksbolaget.se\/en\/","name":"Kortleksbolaget","description":"Kortlekar p\u00e5 n\u00e4tet","publisher":{"@id":"https:\/\/kortleksbolaget.se\/en\/#organization"},"potentialAction":[{"@type":"SearchAction","target":{"@type":"EntryPoint","urlTemplate":"https:\/\/kortleksbolaget.se\/en\/?s={search_term_string}"},"query-input":{"@type":"PropertyValueSpecification","valueRequired":true,"valueName":"search_term_string"}}],"inLanguage":"en-US"},{"@type":"Organization","@id":"https:\/\/kortleksbolaget.se\/en\/#organization","name":"Kortleksbolaget","url":"https:\/\/kortleksbolaget.se\/en\/","logo":{"@type":"ImageObject","inLanguage":"en-US","@id":"https:\/\/kortleksbolaget.se\/en\/#\/schema\/logo\/image\/","url":"https:\/\/kortleksbolaget.se\/wp-content\/uploads\/kortleksbolaget_logo-svart.png","contentUrl":"https:\/\/kortleksbolaget.se\/wp-content\/uploads\/kortleksbolaget_logo-svart.png","width":1200,"height":296,"caption":"Kortleksbolaget"},"image":{"@id":"https:\/\/kortleksbolaget.se\/en\/#\/schema\/logo\/image\/"}}]}},"_links":{"self":[{"href":"https:\/\/kortleksbolaget.se\/en\/wp-json\/wp\/v2\/product\/153166","targetHints":{"allow":["GET"]}}],"collection":[{"href":"https:\/\/kortleksbolaget.se\/en\/wp-json\/wp\/v2\/product"}],"about":[{"href":"https:\/\/kortleksbolaget.se\/en\/wp-json\/wp\/v2\/types\/product"}],"wp:featuredmedia":[{"embeddable":true,"href":"https:\/\/kortleksbolaget.se\/en\/wp-json\/wp\/v2\/media\/153157"}],"wp:attachment":[{"href":"https:\/\/kortleksbolaget.se\/en\/wp-json\/wp\/v2\/media?parent=153166"}],"wp:term":[{"taxonomy":"product_brand","embeddable":true,"href":"https:\/\/kortleksbolaget.se\/en\/wp-json\/wp\/v2\/product_brand?post=153166"},{"taxonomy":"product_cat","embeddable":true,"href":"https:\/\/kortleksbolaget.se\/en\/wp-json\/wp\/v2\/product_cat?post=153166"},{"taxonomy":"product_tag","embeddable":true,"href":"https:\/\/kortleksbolaget.se\/en\/wp-json\/wp\/v2\/product_tag?post=153166"}],"curies":[{"name":"wp","href":"https:\/\/api.w.org\/{rel}","templated":true}]}}