{"id":154343,"date":"2025-09-01T15:49:18","date_gmt":"2025-09-01T13:49:18","guid":{"rendered":"https:\/\/kortleksbolaget.se\/produkt\/stranger-things-puzzle-by-theory11\/"},"modified":"2025-09-01T15:50:12","modified_gmt":"2025-09-01T13:50:12","slug":"stranger-things-puzzle-by-theory11","status":"publish","type":"product","link":"https:\/\/kortleksbolaget.se\/en\/product\/stranger-things-puzzle-by-theory11\/","title":{"rendered":"Stranger Things Puzzle by Theory11"},"content":{"rendered":"","protected":false},"excerpt":{"rendered":"<div id=\"tw-target-text-container\" class=\"tw-ta-container tw-nfl\" tabindex=\"0\" role=\"text\">\n<p id=\"tw-target-text\" class=\"tw-data-text tw-text-large tw-ta\" dir=\"ltr\" data-placeholder=\"\u00d6vers\u00e4ttning\" data-ved=\"2ahUKEwjR-8SAk56PAxWPFhAIHX7nEaYQ3ewLegQICRAV\" aria-label=\"\u00d6versatt text: Ett premiumpussel inspirerat av Netflix-succ\u00e9n, med en flerdimensionell twist! Kliv in i det upp och ner-l\u00e4getBit f\u00f6r bit Genom att anpassa helt specialdesignade bilder fr\u00e5n v\u00e5ra b\u00e4sts\u00e4ljande Stranger Things-spelkort, v\u00e4cker detta pussel med 1 000 bitar de ikoniska karakt\u00e4rerna och referenserna fr\u00e5n serien till liv i livfulla detaljer. Sj\u00e4lva pusselbitarna har en blandning av holografisk r\u00f6d och silverfolie och levereras inb\u00e4ddade i en premiumb\u00e4rv\u00e4ska. En flerdimensionell upplevelse Upplevelsen slutar inte n\u00e4r den sista biten faller p\u00e5 plats. Att slutf\u00f6ra pusslet \u00f6ppnar en port till en flerdimensionell upplevelse som transporterar fans in i Stranger Things v\u00e4rld som aldrig f\u00f6rr - ett innovativt, uppslukande dyk ner i Hawkins \u00f6vernaturliga mysterier! Hisnande kvalitetAlla dina favoritkarakt\u00e4rer! Dina favoritkarakt\u00e4rer v\u00e4cks till liv, med flera p\u00e5sk\u00e4gg som kommer att tillfredsst\u00e4lla \u00e4ven den st\u00f6rsta fanen! Kan du hitta dem alla? Med 1 000 premiumbitar, var och en utformad f\u00f6r en s\u00f6ml\u00f6s passform, l\u00e5ter detta pussel fans f\u00f6rdjupa sig i Stranger Things-universumet.\"><span class=\"Y2IQFc\" lang=\"sv\">A premium jigsaw puzzle inspired by the hit Netflix series, with a multi-dimensional twist!<\/p>\n<p><b>Enter the Upside DownPiece by Piece <\/b><\/p>\n<p>Adapting fully custom artwork from our best-selling <b>Stranger Things Playing Cards, <\/b> this 1,000-piece jigsaw puzzle brings the iconic characters and references from the series to life in vivid detail. The puzzle pieces themselves feature a mix of holographic red and silver foil and arrive nestled inside a premium carrying pouch.<\/p>\n<p><b>A Multi-Dimensional Experience <\/b><\/p>\n<p>The experience doesn&#8217;t end once the last piece pops into place. Completing the puzzle opens a gateway to a multi-dimensional experience, transporting fans into the world of <b>Stranger Things <\/b> like never before &#8211; an innovative, immersive dive into the supernatural mysteries of Hawkins!<\/p>\n<p><b>Breathtaking QualityAll of Your Favorite Characters! <\/b><\/p>\n<p>Your favorite characters are brought to life, featuring multiple easter eggs that will satisfy even the biggest fan! Can you spot them all? With 1,000 premium pieces, each crafted for a seamless fit, this puzzle lets fans immerse themselves in the <b>Stranger Things universe. <\/b><\/span><\/p>\n<\/div>\n<div id=\"tw-target-rmn-container\" class=\"tw-target-rmn tw-ta-container tw-nfl\" tabindex=\"0\" role=\"text\">\n<pre id=\"tw-target-rmn\" class=\"tw-data-placeholder tw-text-small tw-ta\" dir=\"ltr\" data-placeholder=\"\"><\/pre>\n<\/div>\n<p> [&#8230;]<\/p>\n<p><a class=\"btn btn-secondary understrap-read-more-link\" href=\"https:\/\/kortleksbolaget.se\/en\/product\/stranger-things-puzzle-by-theory11\/\">Read More&#8230;<span class=\"screen-reader-text\"> from Stranger Things Puzzle by Theory11<\/span><\/a><\/p>\n","protected":false},"featured_media":154340,"template":"","meta":{"_acf_changed":false},"product_brand":[],"product_cat":[299],"product_tag":[],"class_list":{"0":"post-154343","1":"product","2":"type-product","3":"status-publish","4":"has-post-thumbnail","6":"varumarke-uspcc-en","7":"product_cat-pussel-knep-knap-en","9":"first","10":"outofstock","11":"taxable","12":"shipping-taxable","13":"purchasable","14":"product-type-simple"},"acf":[],"yoast_head":"<!-- This site is optimized with the Yoast SEO plugin v26.3 - https:\/\/yoast.com\/wordpress\/plugins\/seo\/ -->\n<title>Kortlek Stranger Things Puzzle by Theory11 | Kortleksbolaget<\/title>\n<meta name=\"description\" content=\"K\u00f6p Stranger Things Puzzle by Theory11. Snabba leveranser &amp; bra priser. Sveriges st\u00f6rsta sortiment av kortlekar p\u00e5 Kortleksbolaget!\" \/>\n<meta name=\"robots\" content=\"index, follow, max-snippet:-1, max-image-preview:large, max-video-preview:-1\" \/>\n<link rel=\"canonical\" href=\"https:\/\/kortleksbolaget.se\/en\/product\/stranger-things-puzzle-by-theory11\/\" \/>\n<meta property=\"og:locale\" content=\"en_US\" \/>\n<meta property=\"og:type\" content=\"article\" \/>\n<meta property=\"og:title\" content=\"Kortlek Stranger Things Puzzle by Theory11 | Kortleksbolaget\" \/>\n<meta property=\"og:description\" content=\"K\u00f6p Stranger Things Puzzle by Theory11. Snabba leveranser &amp; bra priser. Sveriges st\u00f6rsta sortiment av kortlekar p\u00e5 Kortleksbolaget!\" \/>\n<meta property=\"og:url\" content=\"https:\/\/kortleksbolaget.se\/en\/product\/stranger-things-puzzle-by-theory11\/\" \/>\n<meta property=\"og:site_name\" content=\"Kortleksbolaget\" \/>\n<meta property=\"article:modified_time\" content=\"2025-09-01T13:50:12+00:00\" \/>\n<meta property=\"og:image\" content=\"https:\/\/kortleksbolaget.se\/wp-content\/uploads\/stranger-things-pussel-puzzle.jpg\" \/>\n\t<meta property=\"og:image:width\" content=\"769\" \/>\n\t<meta property=\"og:image:height\" content=\"1153\" \/>\n\t<meta property=\"og:image:type\" content=\"image\/jpeg\" \/>\n<meta name=\"twitter:card\" content=\"summary_large_image\" \/>\n<meta name=\"twitter:label1\" content=\"Est. reading time\" \/>\n\t<meta name=\"twitter:data1\" content=\"1 minute\" \/>\n<script type=\"application\/ld+json\" class=\"yoast-schema-graph\">{\"@context\":\"https:\/\/schema.org\",\"@graph\":[{\"@type\":\"WebPage\",\"@id\":\"https:\/\/kortleksbolaget.se\/en\/product\/stranger-things-puzzle-by-theory11\/\",\"url\":\"https:\/\/kortleksbolaget.se\/en\/product\/stranger-things-puzzle-by-theory11\/\",\"name\":\"Kortlek Stranger Things Puzzle by Theory11 | Kortleksbolaget\",\"isPartOf\":{\"@id\":\"https:\/\/kortleksbolaget.se\/en\/#website\"},\"primaryImageOfPage\":{\"@id\":\"https:\/\/kortleksbolaget.se\/en\/product\/stranger-things-puzzle-by-theory11\/#primaryimage\"},\"image\":{\"@id\":\"https:\/\/kortleksbolaget.se\/en\/product\/stranger-things-puzzle-by-theory11\/#primaryimage\"},\"thumbnailUrl\":\"https:\/\/kortleksbolaget.se\/wp-content\/uploads\/stranger-things-pussel-puzzle.jpg\",\"datePublished\":\"2025-09-01T13:49:18+00:00\",\"dateModified\":\"2025-09-01T13:50:12+00:00\",\"description\":\"K\u00f6p Stranger Things Puzzle by Theory11. Snabba leveranser & bra priser. Sveriges st\u00f6rsta sortiment av kortlekar p\u00e5 Kortleksbolaget!\",\"breadcrumb\":{\"@id\":\"https:\/\/kortleksbolaget.se\/en\/product\/stranger-things-puzzle-by-theory11\/#breadcrumb\"},\"inLanguage\":\"en-US\",\"potentialAction\":[{\"@type\":\"ReadAction\",\"target\":[\"https:\/\/kortleksbolaget.se\/en\/product\/stranger-things-puzzle-by-theory11\/\"]}]},{\"@type\":\"ImageObject\",\"inLanguage\":\"en-US\",\"@id\":\"https:\/\/kortleksbolaget.se\/en\/product\/stranger-things-puzzle-by-theory11\/#primaryimage\",\"url\":\"https:\/\/kortleksbolaget.se\/wp-content\/uploads\/stranger-things-pussel-puzzle.jpg\",\"contentUrl\":\"https:\/\/kortleksbolaget.se\/wp-content\/uploads\/stranger-things-pussel-puzzle.jpg\",\"width\":769,\"height\":1153},{\"@type\":\"BreadcrumbList\",\"@id\":\"https:\/\/kortleksbolaget.se\/en\/product\/stranger-things-puzzle-by-theory11\/#breadcrumb\",\"itemListElement\":[{\"@type\":\"ListItem\",\"position\":1,\"name\":\"Hem\",\"item\":\"https:\/\/kortleksbolaget.se\/en\/\"},{\"@type\":\"ListItem\",\"position\":2,\"name\":\"All products\",\"item\":\"https:\/\/kortleksbolaget.se\/en\/shop\/\"},{\"@type\":\"ListItem\",\"position\":3,\"name\":\"Stranger Things Puzzle by Theory11\"}]},{\"@type\":\"WebSite\",\"@id\":\"https:\/\/kortleksbolaget.se\/en\/#website\",\"url\":\"https:\/\/kortleksbolaget.se\/en\/\",\"name\":\"Kortleksbolaget\",\"description\":\"Kortlekar p\u00e5 n\u00e4tet\",\"publisher\":{\"@id\":\"https:\/\/kortleksbolaget.se\/en\/#organization\"},\"potentialAction\":[{\"@type\":\"SearchAction\",\"target\":{\"@type\":\"EntryPoint\",\"urlTemplate\":\"https:\/\/kortleksbolaget.se\/en\/?s={search_term_string}\"},\"query-input\":{\"@type\":\"PropertyValueSpecification\",\"valueRequired\":true,\"valueName\":\"search_term_string\"}}],\"inLanguage\":\"en-US\"},{\"@type\":\"Organization\",\"@id\":\"https:\/\/kortleksbolaget.se\/en\/#organization\",\"name\":\"Kortleksbolaget\",\"url\":\"https:\/\/kortleksbolaget.se\/en\/\",\"logo\":{\"@type\":\"ImageObject\",\"inLanguage\":\"en-US\",\"@id\":\"https:\/\/kortleksbolaget.se\/en\/#\/schema\/logo\/image\/\",\"url\":\"https:\/\/kortleksbolaget.se\/wp-content\/uploads\/kortleksbolaget_logo-svart.png\",\"contentUrl\":\"https:\/\/kortleksbolaget.se\/wp-content\/uploads\/kortleksbolaget_logo-svart.png\",\"width\":1200,\"height\":296,\"caption\":\"Kortleksbolaget\"},\"image\":{\"@id\":\"https:\/\/kortleksbolaget.se\/en\/#\/schema\/logo\/image\/\"}}]}<\/script>\n<!-- \/ Yoast SEO plugin. -->","yoast_head_json":{"title":"Kortlek Stranger Things Puzzle by Theory11 | Kortleksbolaget","description":"K\u00f6p Stranger Things Puzzle by Theory11. Snabba leveranser & bra priser. Sveriges st\u00f6rsta sortiment av kortlekar p\u00e5 Kortleksbolaget!","robots":{"index":"index","follow":"follow","max-snippet":"max-snippet:-1","max-image-preview":"max-image-preview:large","max-video-preview":"max-video-preview:-1"},"canonical":"https:\/\/kortleksbolaget.se\/en\/product\/stranger-things-puzzle-by-theory11\/","og_locale":"en_US","og_type":"article","og_title":"Kortlek Stranger Things Puzzle by Theory11 | Kortleksbolaget","og_description":"K\u00f6p Stranger Things Puzzle by Theory11. Snabba leveranser & bra priser. Sveriges st\u00f6rsta sortiment av kortlekar p\u00e5 Kortleksbolaget!","og_url":"https:\/\/kortleksbolaget.se\/en\/product\/stranger-things-puzzle-by-theory11\/","og_site_name":"Kortleksbolaget","article_modified_time":"2025-09-01T13:50:12+00:00","og_image":[{"width":769,"height":1153,"url":"https:\/\/kortleksbolaget.se\/wp-content\/uploads\/stranger-things-pussel-puzzle.jpg","type":"image\/jpeg"}],"twitter_card":"summary_large_image","twitter_misc":{"Est. reading time":"1 minute"},"schema":{"@context":"https:\/\/schema.org","@graph":[{"@type":"WebPage","@id":"https:\/\/kortleksbolaget.se\/en\/product\/stranger-things-puzzle-by-theory11\/","url":"https:\/\/kortleksbolaget.se\/en\/product\/stranger-things-puzzle-by-theory11\/","name":"Kortlek Stranger Things Puzzle by Theory11 | Kortleksbolaget","isPartOf":{"@id":"https:\/\/kortleksbolaget.se\/en\/#website"},"primaryImageOfPage":{"@id":"https:\/\/kortleksbolaget.se\/en\/product\/stranger-things-puzzle-by-theory11\/#primaryimage"},"image":{"@id":"https:\/\/kortleksbolaget.se\/en\/product\/stranger-things-puzzle-by-theory11\/#primaryimage"},"thumbnailUrl":"https:\/\/kortleksbolaget.se\/wp-content\/uploads\/stranger-things-pussel-puzzle.jpg","datePublished":"2025-09-01T13:49:18+00:00","dateModified":"2025-09-01T13:50:12+00:00","description":"K\u00f6p Stranger Things Puzzle by Theory11. Snabba leveranser & bra priser. Sveriges st\u00f6rsta sortiment av kortlekar p\u00e5 Kortleksbolaget!","breadcrumb":{"@id":"https:\/\/kortleksbolaget.se\/en\/product\/stranger-things-puzzle-by-theory11\/#breadcrumb"},"inLanguage":"en-US","potentialAction":[{"@type":"ReadAction","target":["https:\/\/kortleksbolaget.se\/en\/product\/stranger-things-puzzle-by-theory11\/"]}]},{"@type":"ImageObject","inLanguage":"en-US","@id":"https:\/\/kortleksbolaget.se\/en\/product\/stranger-things-puzzle-by-theory11\/#primaryimage","url":"https:\/\/kortleksbolaget.se\/wp-content\/uploads\/stranger-things-pussel-puzzle.jpg","contentUrl":"https:\/\/kortleksbolaget.se\/wp-content\/uploads\/stranger-things-pussel-puzzle.jpg","width":769,"height":1153},{"@type":"BreadcrumbList","@id":"https:\/\/kortleksbolaget.se\/en\/product\/stranger-things-puzzle-by-theory11\/#breadcrumb","itemListElement":[{"@type":"ListItem","position":1,"name":"Hem","item":"https:\/\/kortleksbolaget.se\/en\/"},{"@type":"ListItem","position":2,"name":"All products","item":"https:\/\/kortleksbolaget.se\/en\/shop\/"},{"@type":"ListItem","position":3,"name":"Stranger Things Puzzle by Theory11"}]},{"@type":"WebSite","@id":"https:\/\/kortleksbolaget.se\/en\/#website","url":"https:\/\/kortleksbolaget.se\/en\/","name":"Kortleksbolaget","description":"Kortlekar p\u00e5 n\u00e4tet","publisher":{"@id":"https:\/\/kortleksbolaget.se\/en\/#organization"},"potentialAction":[{"@type":"SearchAction","target":{"@type":"EntryPoint","urlTemplate":"https:\/\/kortleksbolaget.se\/en\/?s={search_term_string}"},"query-input":{"@type":"PropertyValueSpecification","valueRequired":true,"valueName":"search_term_string"}}],"inLanguage":"en-US"},{"@type":"Organization","@id":"https:\/\/kortleksbolaget.se\/en\/#organization","name":"Kortleksbolaget","url":"https:\/\/kortleksbolaget.se\/en\/","logo":{"@type":"ImageObject","inLanguage":"en-US","@id":"https:\/\/kortleksbolaget.se\/en\/#\/schema\/logo\/image\/","url":"https:\/\/kortleksbolaget.se\/wp-content\/uploads\/kortleksbolaget_logo-svart.png","contentUrl":"https:\/\/kortleksbolaget.se\/wp-content\/uploads\/kortleksbolaget_logo-svart.png","width":1200,"height":296,"caption":"Kortleksbolaget"},"image":{"@id":"https:\/\/kortleksbolaget.se\/en\/#\/schema\/logo\/image\/"}}]}},"_links":{"self":[{"href":"https:\/\/kortleksbolaget.se\/en\/wp-json\/wp\/v2\/product\/154343","targetHints":{"allow":["GET"]}}],"collection":[{"href":"https:\/\/kortleksbolaget.se\/en\/wp-json\/wp\/v2\/product"}],"about":[{"href":"https:\/\/kortleksbolaget.se\/en\/wp-json\/wp\/v2\/types\/product"}],"wp:featuredmedia":[{"embeddable":true,"href":"https:\/\/kortleksbolaget.se\/en\/wp-json\/wp\/v2\/media\/154340"}],"wp:attachment":[{"href":"https:\/\/kortleksbolaget.se\/en\/wp-json\/wp\/v2\/media?parent=154343"}],"wp:term":[{"taxonomy":"product_brand","embeddable":true,"href":"https:\/\/kortleksbolaget.se\/en\/wp-json\/wp\/v2\/product_brand?post=154343"},{"taxonomy":"product_cat","embeddable":true,"href":"https:\/\/kortleksbolaget.se\/en\/wp-json\/wp\/v2\/product_cat?post=154343"},{"taxonomy":"product_tag","embeddable":true,"href":"https:\/\/kortleksbolaget.se\/en\/wp-json\/wp\/v2\/product_tag?post=154343"}],"curies":[{"name":"wp","href":"https:\/\/api.w.org\/{rel}","templated":true}]}}