{"id":154353,"date":"2025-09-01T15:51:35","date_gmt":"2025-09-01T13:51:35","guid":{"rendered":"https:\/\/kortleksbolaget.se\/produkt\/yellowstone-puzzle-by-theory11\/"},"modified":"2025-09-01T15:52:12","modified_gmt":"2025-09-01T13:52:12","slug":"yellowstone-puzzle-by-theory11","status":"publish","type":"product","link":"https:\/\/kortleksbolaget.se\/en\/product\/yellowstone-puzzle-by-theory11\/","title":{"rendered":"Yellowstone Puzzle by Theory11"},"content":{"rendered":"","protected":false},"excerpt":{"rendered":"<div id=\"tw-target-text-container\" class=\"tw-ta-container tw-nfl\" tabindex=\"0\" role=\"text\">\n<div id=\"ctl00_Content_ProductDetailPanel\">\n<div id=\"ProductDetails\" class=\"ProductDetailsBody\">\n<div id=\"CobaltProductPage_ItemDesc\" class=\"ItemDetailDescription\">\n<div id=\"DescriptionPanel\">Courtesy of Dutton Ranch. A premium jigsaw puzzle featuring a multi-dimensional online experience!<\/p>\n<p><b>The Dutton Ranch Piece by Piece <\/b><\/p>\n<p>Explore the rugged frontier of Yellowstone like never before with a 1,000-piece jigsaw puzzle that brings the Dutton Ranch to life in intricate detail. Featuring gold foil details and tons of easter eggs from the series.<\/p>\n<p><b>Welcome to the Dutton Ranch <\/b><\/p>\n<p>The journey doesn&#8217;t end once the last piece pops into place. Completing the puzzle unlocks and reveals a multi-dimensional online experience, transporting you into the world of <b>Yellowstone <\/b> like never before &#8211; an innovative, immersive dive into the landscapes of Dutton Ranch with Rip, Beth, and more!<\/p>\n<p><b>Breathtaking Quality <\/b><\/p>\n<p><b>Authentically Yellowstone <\/b><\/p>\n<p>The <b>Dutton Ranch puzzle <\/b> is not only designed to be a work of art worthy of display after completion, but also a gateway to adventure, crafted with exceptional quality for fans who wish to bring the wild heart of Montana into their homes. Every detail has been meticulously crafted to immerse you in the world of <b>Yellowstone. <\/b><\/div>\n<\/div>\n<\/div>\n<\/div>\n<div class=\"SepararatorDiv\">\n<hr class=\"separator\" \/>\n<\/div>\n<p id=\"tw-target-text\" class=\"tw-data-text tw-text-large tw-ta\" dir=\"ltr\" data-placeholder=\"\u00d6vers\u00e4ttning\" data-ved=\"2ahUKEwjR-8SAk56PAxWPFhAIHX7nEaYQ3ewLegQICRAV\" aria-label=\"\u00d6versatt text: Med tillst\u00e5nd av Dutton Ranch. Ett premiumpussel med en flerdimensionell onlineupplevelse! Dutton Ranch bit f\u00f6r bit Utforska Yellowstones karga gr\u00e4ns som aldrig f\u00f6rr med ett pussel med 1 000 bitar som v\u00e4cker Dutton Ranch till liv i invecklade detaljer. Med guldfoliedetaljer och massor av p\u00e5sk\u00e4gg fr\u00e5n serien. V\u00e4lkommen till Dutton Ranch Resan slutar inte n\u00e4r den sista biten faller p\u00e5 plats. Att slutf\u00f6ra pusslet l\u00e5ser upp och avsl\u00f6jar en flerdimensionell onlineupplevelse som transporterar dig in i Yellowstones v\u00e4rld som aldrig f\u00f6rr - ett innovativt, uppslukande dyk ner i Dutton Ranchs landskap med Rip, Beth och fler! Hisnande kvalitet Autentiskt Yellowstone Dutton Ranch-pusslet \u00e4r inte bara utformat f\u00f6r att vara ett konstverk v\u00e4rt att visa upp efter att det \u00e4r slutf\u00f6rt, utan ocks\u00e5 en port till \u00e4ventyr, utformat med exceptionell kvalitet f\u00f6r fans som vill ta med sig Montanas vilda hj\u00e4rta in i sina hem. Varje detalj har noggrant utformats f\u00f6r att f\u00f6rdjupa dig i Yellowstones v\u00e4rld.\"><span class=\"Y2IQFc\" lang=\"sv\">\u00a0<\/span><\/p>\n<\/div>\n<div id=\"tw-target-rmn-container\" class=\"tw-target-rmn tw-ta-container tw-nfl\" tabindex=\"0\" role=\"text\">\n<pre id=\"tw-target-rmn\" class=\"tw-data-placeholder tw-text-small tw-ta\" dir=\"ltr\" data-placeholder=\"\"><\/pre>\n<\/div>\n<p> [&#8230;]<\/p>\n<p><a class=\"btn btn-secondary understrap-read-more-link\" href=\"https:\/\/kortleksbolaget.se\/en\/product\/yellowstone-puzzle-by-theory11\/\">Read More&#8230;<span class=\"screen-reader-text\"> from Yellowstone Puzzle by Theory11<\/span><\/a><\/p>\n","protected":false},"featured_media":154350,"template":"","meta":{"_acf_changed":false},"product_brand":[],"product_cat":[299],"product_tag":[],"class_list":{"0":"post-154353","1":"product","2":"type-product","3":"status-publish","4":"has-post-thumbnail","6":"varumarke-theory11-en","7":"product_cat-pussel-knep-knap-en","9":"first","10":"instock","11":"taxable","12":"shipping-taxable","13":"purchasable","14":"product-type-simple"},"acf":[],"yoast_head":"<!-- This site is optimized with the Yoast SEO plugin v26.3 - https:\/\/yoast.com\/wordpress\/plugins\/seo\/ -->\n<title>Kortlek Yellowstone Puzzle by Theory11 | Kortleksbolaget<\/title>\n<meta name=\"description\" content=\"K\u00f6p Yellowstone Puzzle by Theory11. Snabba leveranser &amp; bra priser. Sveriges st\u00f6rsta sortiment av kortlekar p\u00e5 Kortleksbolaget!\" \/>\n<meta name=\"robots\" content=\"index, follow, max-snippet:-1, max-image-preview:large, max-video-preview:-1\" \/>\n<link rel=\"canonical\" href=\"https:\/\/kortleksbolaget.se\/en\/product\/yellowstone-puzzle-by-theory11\/\" \/>\n<meta property=\"og:locale\" content=\"en_US\" \/>\n<meta property=\"og:type\" content=\"article\" \/>\n<meta property=\"og:title\" content=\"Kortlek Yellowstone Puzzle by Theory11 | Kortleksbolaget\" \/>\n<meta property=\"og:description\" content=\"K\u00f6p Yellowstone Puzzle by Theory11. Snabba leveranser &amp; bra priser. Sveriges st\u00f6rsta sortiment av kortlekar p\u00e5 Kortleksbolaget!\" \/>\n<meta property=\"og:url\" content=\"https:\/\/kortleksbolaget.se\/en\/product\/yellowstone-puzzle-by-theory11\/\" \/>\n<meta property=\"og:site_name\" content=\"Kortleksbolaget\" \/>\n<meta property=\"article:modified_time\" content=\"2025-09-01T13:52:12+00:00\" \/>\n<meta property=\"og:image\" content=\"https:\/\/kortleksbolaget.se\/wp-content\/uploads\/yellowstone-pussel-puzzle.jpg\" \/>\n\t<meta property=\"og:image:width\" content=\"767\" \/>\n\t<meta property=\"og:image:height\" content=\"1150\" \/>\n\t<meta property=\"og:image:type\" content=\"image\/jpeg\" \/>\n<meta name=\"twitter:card\" content=\"summary_large_image\" \/>\n<meta name=\"twitter:label1\" content=\"Est. reading time\" \/>\n\t<meta name=\"twitter:data1\" content=\"1 minute\" \/>\n<script type=\"application\/ld+json\" class=\"yoast-schema-graph\">{\"@context\":\"https:\/\/schema.org\",\"@graph\":[{\"@type\":\"WebPage\",\"@id\":\"https:\/\/kortleksbolaget.se\/en\/product\/yellowstone-puzzle-by-theory11\/\",\"url\":\"https:\/\/kortleksbolaget.se\/en\/product\/yellowstone-puzzle-by-theory11\/\",\"name\":\"Kortlek Yellowstone Puzzle by Theory11 | Kortleksbolaget\",\"isPartOf\":{\"@id\":\"https:\/\/kortleksbolaget.se\/en\/#website\"},\"primaryImageOfPage\":{\"@id\":\"https:\/\/kortleksbolaget.se\/en\/product\/yellowstone-puzzle-by-theory11\/#primaryimage\"},\"image\":{\"@id\":\"https:\/\/kortleksbolaget.se\/en\/product\/yellowstone-puzzle-by-theory11\/#primaryimage\"},\"thumbnailUrl\":\"https:\/\/kortleksbolaget.se\/wp-content\/uploads\/yellowstone-pussel-puzzle.jpg\",\"datePublished\":\"2025-09-01T13:51:35+00:00\",\"dateModified\":\"2025-09-01T13:52:12+00:00\",\"description\":\"K\u00f6p Yellowstone Puzzle by Theory11. Snabba leveranser & bra priser. Sveriges st\u00f6rsta sortiment av kortlekar p\u00e5 Kortleksbolaget!\",\"breadcrumb\":{\"@id\":\"https:\/\/kortleksbolaget.se\/en\/product\/yellowstone-puzzle-by-theory11\/#breadcrumb\"},\"inLanguage\":\"en-US\",\"potentialAction\":[{\"@type\":\"ReadAction\",\"target\":[\"https:\/\/kortleksbolaget.se\/en\/product\/yellowstone-puzzle-by-theory11\/\"]}]},{\"@type\":\"ImageObject\",\"inLanguage\":\"en-US\",\"@id\":\"https:\/\/kortleksbolaget.se\/en\/product\/yellowstone-puzzle-by-theory11\/#primaryimage\",\"url\":\"https:\/\/kortleksbolaget.se\/wp-content\/uploads\/yellowstone-pussel-puzzle.jpg\",\"contentUrl\":\"https:\/\/kortleksbolaget.se\/wp-content\/uploads\/yellowstone-pussel-puzzle.jpg\",\"width\":767,\"height\":1150},{\"@type\":\"BreadcrumbList\",\"@id\":\"https:\/\/kortleksbolaget.se\/en\/product\/yellowstone-puzzle-by-theory11\/#breadcrumb\",\"itemListElement\":[{\"@type\":\"ListItem\",\"position\":1,\"name\":\"Hem\",\"item\":\"https:\/\/kortleksbolaget.se\/en\/\"},{\"@type\":\"ListItem\",\"position\":2,\"name\":\"All products\",\"item\":\"https:\/\/kortleksbolaget.se\/en\/shop\/\"},{\"@type\":\"ListItem\",\"position\":3,\"name\":\"Yellowstone Puzzle by Theory11\"}]},{\"@type\":\"WebSite\",\"@id\":\"https:\/\/kortleksbolaget.se\/en\/#website\",\"url\":\"https:\/\/kortleksbolaget.se\/en\/\",\"name\":\"Kortleksbolaget\",\"description\":\"Kortlekar p\u00e5 n\u00e4tet\",\"publisher\":{\"@id\":\"https:\/\/kortleksbolaget.se\/en\/#organization\"},\"potentialAction\":[{\"@type\":\"SearchAction\",\"target\":{\"@type\":\"EntryPoint\",\"urlTemplate\":\"https:\/\/kortleksbolaget.se\/en\/?s={search_term_string}\"},\"query-input\":{\"@type\":\"PropertyValueSpecification\",\"valueRequired\":true,\"valueName\":\"search_term_string\"}}],\"inLanguage\":\"en-US\"},{\"@type\":\"Organization\",\"@id\":\"https:\/\/kortleksbolaget.se\/en\/#organization\",\"name\":\"Kortleksbolaget\",\"url\":\"https:\/\/kortleksbolaget.se\/en\/\",\"logo\":{\"@type\":\"ImageObject\",\"inLanguage\":\"en-US\",\"@id\":\"https:\/\/kortleksbolaget.se\/en\/#\/schema\/logo\/image\/\",\"url\":\"https:\/\/kortleksbolaget.se\/wp-content\/uploads\/kortleksbolaget_logo-svart.png\",\"contentUrl\":\"https:\/\/kortleksbolaget.se\/wp-content\/uploads\/kortleksbolaget_logo-svart.png\",\"width\":1200,\"height\":296,\"caption\":\"Kortleksbolaget\"},\"image\":{\"@id\":\"https:\/\/kortleksbolaget.se\/en\/#\/schema\/logo\/image\/\"}}]}<\/script>\n<!-- \/ Yoast SEO plugin. -->","yoast_head_json":{"title":"Kortlek Yellowstone Puzzle by Theory11 | Kortleksbolaget","description":"K\u00f6p Yellowstone Puzzle by Theory11. Snabba leveranser & bra priser. Sveriges st\u00f6rsta sortiment av kortlekar p\u00e5 Kortleksbolaget!","robots":{"index":"index","follow":"follow","max-snippet":"max-snippet:-1","max-image-preview":"max-image-preview:large","max-video-preview":"max-video-preview:-1"},"canonical":"https:\/\/kortleksbolaget.se\/en\/product\/yellowstone-puzzle-by-theory11\/","og_locale":"en_US","og_type":"article","og_title":"Kortlek Yellowstone Puzzle by Theory11 | Kortleksbolaget","og_description":"K\u00f6p Yellowstone Puzzle by Theory11. Snabba leveranser & bra priser. Sveriges st\u00f6rsta sortiment av kortlekar p\u00e5 Kortleksbolaget!","og_url":"https:\/\/kortleksbolaget.se\/en\/product\/yellowstone-puzzle-by-theory11\/","og_site_name":"Kortleksbolaget","article_modified_time":"2025-09-01T13:52:12+00:00","og_image":[{"width":767,"height":1150,"url":"https:\/\/kortleksbolaget.se\/wp-content\/uploads\/yellowstone-pussel-puzzle.jpg","type":"image\/jpeg"}],"twitter_card":"summary_large_image","twitter_misc":{"Est. reading time":"1 minute"},"schema":{"@context":"https:\/\/schema.org","@graph":[{"@type":"WebPage","@id":"https:\/\/kortleksbolaget.se\/en\/product\/yellowstone-puzzle-by-theory11\/","url":"https:\/\/kortleksbolaget.se\/en\/product\/yellowstone-puzzle-by-theory11\/","name":"Kortlek Yellowstone Puzzle by Theory11 | Kortleksbolaget","isPartOf":{"@id":"https:\/\/kortleksbolaget.se\/en\/#website"},"primaryImageOfPage":{"@id":"https:\/\/kortleksbolaget.se\/en\/product\/yellowstone-puzzle-by-theory11\/#primaryimage"},"image":{"@id":"https:\/\/kortleksbolaget.se\/en\/product\/yellowstone-puzzle-by-theory11\/#primaryimage"},"thumbnailUrl":"https:\/\/kortleksbolaget.se\/wp-content\/uploads\/yellowstone-pussel-puzzle.jpg","datePublished":"2025-09-01T13:51:35+00:00","dateModified":"2025-09-01T13:52:12+00:00","description":"K\u00f6p Yellowstone Puzzle by Theory11. Snabba leveranser & bra priser. Sveriges st\u00f6rsta sortiment av kortlekar p\u00e5 Kortleksbolaget!","breadcrumb":{"@id":"https:\/\/kortleksbolaget.se\/en\/product\/yellowstone-puzzle-by-theory11\/#breadcrumb"},"inLanguage":"en-US","potentialAction":[{"@type":"ReadAction","target":["https:\/\/kortleksbolaget.se\/en\/product\/yellowstone-puzzle-by-theory11\/"]}]},{"@type":"ImageObject","inLanguage":"en-US","@id":"https:\/\/kortleksbolaget.se\/en\/product\/yellowstone-puzzle-by-theory11\/#primaryimage","url":"https:\/\/kortleksbolaget.se\/wp-content\/uploads\/yellowstone-pussel-puzzle.jpg","contentUrl":"https:\/\/kortleksbolaget.se\/wp-content\/uploads\/yellowstone-pussel-puzzle.jpg","width":767,"height":1150},{"@type":"BreadcrumbList","@id":"https:\/\/kortleksbolaget.se\/en\/product\/yellowstone-puzzle-by-theory11\/#breadcrumb","itemListElement":[{"@type":"ListItem","position":1,"name":"Hem","item":"https:\/\/kortleksbolaget.se\/en\/"},{"@type":"ListItem","position":2,"name":"All products","item":"https:\/\/kortleksbolaget.se\/en\/shop\/"},{"@type":"ListItem","position":3,"name":"Yellowstone Puzzle by Theory11"}]},{"@type":"WebSite","@id":"https:\/\/kortleksbolaget.se\/en\/#website","url":"https:\/\/kortleksbolaget.se\/en\/","name":"Kortleksbolaget","description":"Kortlekar p\u00e5 n\u00e4tet","publisher":{"@id":"https:\/\/kortleksbolaget.se\/en\/#organization"},"potentialAction":[{"@type":"SearchAction","target":{"@type":"EntryPoint","urlTemplate":"https:\/\/kortleksbolaget.se\/en\/?s={search_term_string}"},"query-input":{"@type":"PropertyValueSpecification","valueRequired":true,"valueName":"search_term_string"}}],"inLanguage":"en-US"},{"@type":"Organization","@id":"https:\/\/kortleksbolaget.se\/en\/#organization","name":"Kortleksbolaget","url":"https:\/\/kortleksbolaget.se\/en\/","logo":{"@type":"ImageObject","inLanguage":"en-US","@id":"https:\/\/kortleksbolaget.se\/en\/#\/schema\/logo\/image\/","url":"https:\/\/kortleksbolaget.se\/wp-content\/uploads\/kortleksbolaget_logo-svart.png","contentUrl":"https:\/\/kortleksbolaget.se\/wp-content\/uploads\/kortleksbolaget_logo-svart.png","width":1200,"height":296,"caption":"Kortleksbolaget"},"image":{"@id":"https:\/\/kortleksbolaget.se\/en\/#\/schema\/logo\/image\/"}}]}},"_links":{"self":[{"href":"https:\/\/kortleksbolaget.se\/en\/wp-json\/wp\/v2\/product\/154353","targetHints":{"allow":["GET"]}}],"collection":[{"href":"https:\/\/kortleksbolaget.se\/en\/wp-json\/wp\/v2\/product"}],"about":[{"href":"https:\/\/kortleksbolaget.se\/en\/wp-json\/wp\/v2\/types\/product"}],"wp:featuredmedia":[{"embeddable":true,"href":"https:\/\/kortleksbolaget.se\/en\/wp-json\/wp\/v2\/media\/154350"}],"wp:attachment":[{"href":"https:\/\/kortleksbolaget.se\/en\/wp-json\/wp\/v2\/media?parent=154353"}],"wp:term":[{"taxonomy":"product_brand","embeddable":true,"href":"https:\/\/kortleksbolaget.se\/en\/wp-json\/wp\/v2\/product_brand?post=154353"},{"taxonomy":"product_cat","embeddable":true,"href":"https:\/\/kortleksbolaget.se\/en\/wp-json\/wp\/v2\/product_cat?post=154353"},{"taxonomy":"product_tag","embeddable":true,"href":"https:\/\/kortleksbolaget.se\/en\/wp-json\/wp\/v2\/product_tag?post=154353"}],"curies":[{"name":"wp","href":"https:\/\/api.w.org\/{rel}","templated":true}]}}