{"id":154603,"date":"2025-09-17T11:26:47","date_gmt":"2025-09-17T09:26:47","guid":{"rendered":"https:\/\/kortleksbolaget.se\/produkt\/black-roses-casino-gold-foil-limited-edition\/"},"modified":"2025-09-20T12:06:32","modified_gmt":"2025-09-20T10:06:32","slug":"black-roses-casino-gold-foil-limited-edition","status":"publish","type":"product","link":"https:\/\/kortleksbolaget.se\/en\/product\/black-roses-casino-gold-foil-limited-edition\/","title":{"rendered":"Black Roses Casino Gold Foil Limited Edition"},"content":{"rendered":"","protected":false},"excerpt":{"rendered":"<div id=\"tw-target-text-container\" class=\"tw-ta-container tw-nfl\" tabindex=\"0\" role=\"text\">\n<p class=\"tw-data-text tw-text-large tw-ta\" dir=\"ltr\" tabindex=\"-1\" role=\"text\" data-placeholder=\"\u00d6vers\u00e4ttning\" data-ved=\"2ahUKEwiymrrJtN-PAxUHAhAIHaMTDbUQ3ewLegQIChAU\" aria-label=\"\u00d6versatt text: Black Roses Casino Gold Foil Edition har en serie dolda avsl\u00f6janden, specialdesignade urtavlor och sl\u00e5ende guldfolie p\u00e5 urtavlorna, baksidan och asken \u2013 designad f\u00f6r magiker, samlare och alla som kr\u00e4ver elegans i varje detalj. Nu, f\u00f6r f\u00f6rsta g\u00e5ngen, l\u00e4mnar Black Roses Casino Gold Foil Edition bordet. Bara ett f\u00e5tal \u00e5terst\u00e5r. N\u00e4r de \u00e4r borta \u00e4r spelet \u00f6ver. Helt specialdesignad fram- och baksida Dolda avsl\u00f6janden f\u00f6r dina magiska rutiner Subtil env\u00e4gsmarkering p\u00e5 urtavlorna Duplikat av ruter kung Traditionellt slipad f\u00f6r smidiga faro-blandningar\"><span class=\"Y2IQFc\" lang=\"sv\">The <b>Black Roses Casino Gold Foil Edition<\/b> features a series of hidden reveals, custom faces, and striking gold foil on the faces, backs, and tuck box &#8211; designed for magicians, collectors, and anyone who demands elegance in every detail.<\/p>\n<p>Now, for the first time, the <b>Black Roses Casino Gold Foil Edition<\/b> leaves the table.<br \/>\nOnly a few remain. When they&#8217;re gone &#8211; the game is over.<\/span><\/p>\n<ul>\n<li>Fully custom front and back design<\/li>\n<li>Hidden reveals for your magic routines<\/li>\n<li>Subtle one-way marking on the faces<\/li>\n<li>King of Diamonds duplicate<\/li>\n<li>Traditionally cut for smooth faro shuffles<\/li>\n<\/ul>\n<p id=\"tw-target-text\" class=\"tw-data-text tw-text-large tw-ta\" dir=\"ltr\" tabindex=\"-1\" role=\"text\" data-placeholder=\"\u00d6vers\u00e4ttning\" data-ved=\"2ahUKEwiymrrJtN-PAxUHAhAIHaMTDbUQ3ewLegQIChAU\" aria-label=\"\u00d6versatt text: Black Roses Casino Gold Foil Edition har en serie dolda avsl\u00f6janden, specialdesignade urtavlor och sl\u00e5ende guldfolie p\u00e5 urtavlorna, baksidan och asken \u2013 designad f\u00f6r magiker, samlare och alla som kr\u00e4ver elegans i varje detalj. Nu, f\u00f6r f\u00f6rsta g\u00e5ngen, l\u00e4mnar Black Roses Casino Gold Foil Edition bordet. Bara ett f\u00e5tal \u00e5terst\u00e5r. N\u00e4r de \u00e4r borta \u00e4r spelet \u00f6ver. Helt specialdesignad fram- och baksida Dolda avsl\u00f6janden f\u00f6r dina magiska rutiner Subtil env\u00e4gsmarkering p\u00e5 urtavlorna Duplikat av ruter kung Traditionellt slipad f\u00f6r smidiga faro-blandningar\"><span class=\"Y2IQFc\" lang=\"sv\">\u00a0<\/span><\/p>\n<\/div>\n<div id=\"tw-target-rmn-container\" class=\"tw-target-rmn tw-ta-container tw-nfl\" tabindex=\"-1\" role=\"text\">\n<pre id=\"tw-target-rmn\" class=\"tw-data-placeholder tw-text-small tw-ta\" dir=\"ltr\" tabindex=\"-1\" role=\"text\" data-placeholder=\"\"><\/pre>\n<\/div>\n<p> [&#8230;]<\/p>\n<p><a class=\"btn btn-secondary understrap-read-more-link\" href=\"https:\/\/kortleksbolaget.se\/en\/product\/black-roses-casino-gold-foil-limited-edition\/\">Read More&#8230;<span class=\"screen-reader-text\"> from Black Roses Casino Gold Foil Limited Edition<\/span><\/a><\/p>\n","protected":false},"featured_media":154595,"template":"","meta":{"_acf_changed":false},"product_brand":[],"product_cat":[75],"product_tag":[],"class_list":{"0":"post-154603","1":"product","2":"type-product","3":"status-publish","4":"has-post-thumbnail","6":"product_cat-special-lyx-limited-en","8":"first","9":"instock","10":"taxable","11":"shipping-taxable","12":"purchasable","13":"product-type-simple"},"acf":[],"yoast_head":"<!-- This site is optimized with the Yoast SEO plugin v26.3 - https:\/\/yoast.com\/wordpress\/plugins\/seo\/ -->\n<title>Kortlek Black Roses Casino Gold Foil Limited Edition | Kortleksbolaget<\/title>\n<meta name=\"description\" content=\"K\u00f6p Black Roses Casino Gold Foil Limited Edition. Snabba leveranser &amp; bra priser. Sveriges st\u00f6rsta sortiment av kortlekar p\u00e5 Kortleksbolaget!\" \/>\n<meta name=\"robots\" content=\"index, follow, max-snippet:-1, max-image-preview:large, max-video-preview:-1\" \/>\n<link rel=\"canonical\" href=\"https:\/\/kortleksbolaget.se\/en\/product\/black-roses-casino-gold-foil-limited-edition\/\" \/>\n<meta property=\"og:locale\" content=\"en_US\" \/>\n<meta property=\"og:type\" content=\"article\" \/>\n<meta property=\"og:title\" content=\"Kortlek Black Roses Casino Gold Foil Limited Edition | Kortleksbolaget\" \/>\n<meta property=\"og:description\" content=\"K\u00f6p Black Roses Casino Gold Foil Limited Edition. Snabba leveranser &amp; bra priser. Sveriges st\u00f6rsta sortiment av kortlekar p\u00e5 Kortleksbolaget!\" \/>\n<meta property=\"og:url\" content=\"https:\/\/kortleksbolaget.se\/en\/product\/black-roses-casino-gold-foil-limited-edition\/\" \/>\n<meta property=\"og:site_name\" content=\"Kortleksbolaget\" \/>\n<meta property=\"article:modified_time\" content=\"2025-09-20T10:06:32+00:00\" \/>\n<meta property=\"og:image\" content=\"https:\/\/kortleksbolaget.se\/wp-content\/uploads\/black-roses-casino-gold.jpg\" \/>\n\t<meta property=\"og:image:width\" content=\"466\" \/>\n\t<meta property=\"og:image:height\" content=\"698\" \/>\n\t<meta property=\"og:image:type\" content=\"image\/jpeg\" \/>\n<meta name=\"twitter:card\" content=\"summary_large_image\" \/>\n<meta name=\"twitter:label1\" content=\"Est. reading time\" \/>\n\t<meta name=\"twitter:data1\" content=\"1 minute\" \/>\n<script type=\"application\/ld+json\" class=\"yoast-schema-graph\">{\"@context\":\"https:\/\/schema.org\",\"@graph\":[{\"@type\":\"WebPage\",\"@id\":\"https:\/\/kortleksbolaget.se\/en\/product\/black-roses-casino-gold-foil-limited-edition\/\",\"url\":\"https:\/\/kortleksbolaget.se\/en\/product\/black-roses-casino-gold-foil-limited-edition\/\",\"name\":\"Kortlek Black Roses Casino Gold Foil Limited Edition | Kortleksbolaget\",\"isPartOf\":{\"@id\":\"https:\/\/kortleksbolaget.se\/en\/#website\"},\"primaryImageOfPage\":{\"@id\":\"https:\/\/kortleksbolaget.se\/en\/product\/black-roses-casino-gold-foil-limited-edition\/#primaryimage\"},\"image\":{\"@id\":\"https:\/\/kortleksbolaget.se\/en\/product\/black-roses-casino-gold-foil-limited-edition\/#primaryimage\"},\"thumbnailUrl\":\"https:\/\/kortleksbolaget.se\/wp-content\/uploads\/black-roses-casino-gold.jpg\",\"datePublished\":\"2025-09-17T09:26:47+00:00\",\"dateModified\":\"2025-09-20T10:06:32+00:00\",\"description\":\"K\u00f6p Black Roses Casino Gold Foil Limited Edition. Snabba leveranser & bra priser. Sveriges st\u00f6rsta sortiment av kortlekar p\u00e5 Kortleksbolaget!\",\"breadcrumb\":{\"@id\":\"https:\/\/kortleksbolaget.se\/en\/product\/black-roses-casino-gold-foil-limited-edition\/#breadcrumb\"},\"inLanguage\":\"en-US\",\"potentialAction\":[{\"@type\":\"ReadAction\",\"target\":[\"https:\/\/kortleksbolaget.se\/en\/product\/black-roses-casino-gold-foil-limited-edition\/\"]}]},{\"@type\":\"ImageObject\",\"inLanguage\":\"en-US\",\"@id\":\"https:\/\/kortleksbolaget.se\/en\/product\/black-roses-casino-gold-foil-limited-edition\/#primaryimage\",\"url\":\"https:\/\/kortleksbolaget.se\/wp-content\/uploads\/black-roses-casino-gold.jpg\",\"contentUrl\":\"https:\/\/kortleksbolaget.se\/wp-content\/uploads\/black-roses-casino-gold.jpg\",\"width\":466,\"height\":698},{\"@type\":\"BreadcrumbList\",\"@id\":\"https:\/\/kortleksbolaget.se\/en\/product\/black-roses-casino-gold-foil-limited-edition\/#breadcrumb\",\"itemListElement\":[{\"@type\":\"ListItem\",\"position\":1,\"name\":\"Hem\",\"item\":\"https:\/\/kortleksbolaget.se\/en\/\"},{\"@type\":\"ListItem\",\"position\":2,\"name\":\"All products\",\"item\":\"https:\/\/kortleksbolaget.se\/en\/shop\/\"},{\"@type\":\"ListItem\",\"position\":3,\"name\":\"Black Roses Casino Gold Foil Limited Edition\"}]},{\"@type\":\"WebSite\",\"@id\":\"https:\/\/kortleksbolaget.se\/en\/#website\",\"url\":\"https:\/\/kortleksbolaget.se\/en\/\",\"name\":\"Kortleksbolaget\",\"description\":\"Kortlekar p\u00e5 n\u00e4tet\",\"publisher\":{\"@id\":\"https:\/\/kortleksbolaget.se\/en\/#organization\"},\"potentialAction\":[{\"@type\":\"SearchAction\",\"target\":{\"@type\":\"EntryPoint\",\"urlTemplate\":\"https:\/\/kortleksbolaget.se\/en\/?s={search_term_string}\"},\"query-input\":{\"@type\":\"PropertyValueSpecification\",\"valueRequired\":true,\"valueName\":\"search_term_string\"}}],\"inLanguage\":\"en-US\"},{\"@type\":\"Organization\",\"@id\":\"https:\/\/kortleksbolaget.se\/en\/#organization\",\"name\":\"Kortleksbolaget\",\"url\":\"https:\/\/kortleksbolaget.se\/en\/\",\"logo\":{\"@type\":\"ImageObject\",\"inLanguage\":\"en-US\",\"@id\":\"https:\/\/kortleksbolaget.se\/en\/#\/schema\/logo\/image\/\",\"url\":\"https:\/\/kortleksbolaget.se\/wp-content\/uploads\/kortleksbolaget_logo-svart.png\",\"contentUrl\":\"https:\/\/kortleksbolaget.se\/wp-content\/uploads\/kortleksbolaget_logo-svart.png\",\"width\":1200,\"height\":296,\"caption\":\"Kortleksbolaget\"},\"image\":{\"@id\":\"https:\/\/kortleksbolaget.se\/en\/#\/schema\/logo\/image\/\"}}]}<\/script>\n<!-- \/ Yoast SEO plugin. -->","yoast_head_json":{"title":"Kortlek Black Roses Casino Gold Foil Limited Edition | Kortleksbolaget","description":"K\u00f6p Black Roses Casino Gold Foil Limited Edition. Snabba leveranser & bra priser. Sveriges st\u00f6rsta sortiment av kortlekar p\u00e5 Kortleksbolaget!","robots":{"index":"index","follow":"follow","max-snippet":"max-snippet:-1","max-image-preview":"max-image-preview:large","max-video-preview":"max-video-preview:-1"},"canonical":"https:\/\/kortleksbolaget.se\/en\/product\/black-roses-casino-gold-foil-limited-edition\/","og_locale":"en_US","og_type":"article","og_title":"Kortlek Black Roses Casino Gold Foil Limited Edition | Kortleksbolaget","og_description":"K\u00f6p Black Roses Casino Gold Foil Limited Edition. Snabba leveranser & bra priser. Sveriges st\u00f6rsta sortiment av kortlekar p\u00e5 Kortleksbolaget!","og_url":"https:\/\/kortleksbolaget.se\/en\/product\/black-roses-casino-gold-foil-limited-edition\/","og_site_name":"Kortleksbolaget","article_modified_time":"2025-09-20T10:06:32+00:00","og_image":[{"width":466,"height":698,"url":"https:\/\/kortleksbolaget.se\/wp-content\/uploads\/black-roses-casino-gold.jpg","type":"image\/jpeg"}],"twitter_card":"summary_large_image","twitter_misc":{"Est. reading time":"1 minute"},"schema":{"@context":"https:\/\/schema.org","@graph":[{"@type":"WebPage","@id":"https:\/\/kortleksbolaget.se\/en\/product\/black-roses-casino-gold-foil-limited-edition\/","url":"https:\/\/kortleksbolaget.se\/en\/product\/black-roses-casino-gold-foil-limited-edition\/","name":"Kortlek Black Roses Casino Gold Foil Limited Edition | Kortleksbolaget","isPartOf":{"@id":"https:\/\/kortleksbolaget.se\/en\/#website"},"primaryImageOfPage":{"@id":"https:\/\/kortleksbolaget.se\/en\/product\/black-roses-casino-gold-foil-limited-edition\/#primaryimage"},"image":{"@id":"https:\/\/kortleksbolaget.se\/en\/product\/black-roses-casino-gold-foil-limited-edition\/#primaryimage"},"thumbnailUrl":"https:\/\/kortleksbolaget.se\/wp-content\/uploads\/black-roses-casino-gold.jpg","datePublished":"2025-09-17T09:26:47+00:00","dateModified":"2025-09-20T10:06:32+00:00","description":"K\u00f6p Black Roses Casino Gold Foil Limited Edition. Snabba leveranser & bra priser. Sveriges st\u00f6rsta sortiment av kortlekar p\u00e5 Kortleksbolaget!","breadcrumb":{"@id":"https:\/\/kortleksbolaget.se\/en\/product\/black-roses-casino-gold-foil-limited-edition\/#breadcrumb"},"inLanguage":"en-US","potentialAction":[{"@type":"ReadAction","target":["https:\/\/kortleksbolaget.se\/en\/product\/black-roses-casino-gold-foil-limited-edition\/"]}]},{"@type":"ImageObject","inLanguage":"en-US","@id":"https:\/\/kortleksbolaget.se\/en\/product\/black-roses-casino-gold-foil-limited-edition\/#primaryimage","url":"https:\/\/kortleksbolaget.se\/wp-content\/uploads\/black-roses-casino-gold.jpg","contentUrl":"https:\/\/kortleksbolaget.se\/wp-content\/uploads\/black-roses-casino-gold.jpg","width":466,"height":698},{"@type":"BreadcrumbList","@id":"https:\/\/kortleksbolaget.se\/en\/product\/black-roses-casino-gold-foil-limited-edition\/#breadcrumb","itemListElement":[{"@type":"ListItem","position":1,"name":"Hem","item":"https:\/\/kortleksbolaget.se\/en\/"},{"@type":"ListItem","position":2,"name":"All products","item":"https:\/\/kortleksbolaget.se\/en\/shop\/"},{"@type":"ListItem","position":3,"name":"Black Roses Casino Gold Foil Limited Edition"}]},{"@type":"WebSite","@id":"https:\/\/kortleksbolaget.se\/en\/#website","url":"https:\/\/kortleksbolaget.se\/en\/","name":"Kortleksbolaget","description":"Kortlekar p\u00e5 n\u00e4tet","publisher":{"@id":"https:\/\/kortleksbolaget.se\/en\/#organization"},"potentialAction":[{"@type":"SearchAction","target":{"@type":"EntryPoint","urlTemplate":"https:\/\/kortleksbolaget.se\/en\/?s={search_term_string}"},"query-input":{"@type":"PropertyValueSpecification","valueRequired":true,"valueName":"search_term_string"}}],"inLanguage":"en-US"},{"@type":"Organization","@id":"https:\/\/kortleksbolaget.se\/en\/#organization","name":"Kortleksbolaget","url":"https:\/\/kortleksbolaget.se\/en\/","logo":{"@type":"ImageObject","inLanguage":"en-US","@id":"https:\/\/kortleksbolaget.se\/en\/#\/schema\/logo\/image\/","url":"https:\/\/kortleksbolaget.se\/wp-content\/uploads\/kortleksbolaget_logo-svart.png","contentUrl":"https:\/\/kortleksbolaget.se\/wp-content\/uploads\/kortleksbolaget_logo-svart.png","width":1200,"height":296,"caption":"Kortleksbolaget"},"image":{"@id":"https:\/\/kortleksbolaget.se\/en\/#\/schema\/logo\/image\/"}}]}},"_links":{"self":[{"href":"https:\/\/kortleksbolaget.se\/en\/wp-json\/wp\/v2\/product\/154603","targetHints":{"allow":["GET"]}}],"collection":[{"href":"https:\/\/kortleksbolaget.se\/en\/wp-json\/wp\/v2\/product"}],"about":[{"href":"https:\/\/kortleksbolaget.se\/en\/wp-json\/wp\/v2\/types\/product"}],"wp:featuredmedia":[{"embeddable":true,"href":"https:\/\/kortleksbolaget.se\/en\/wp-json\/wp\/v2\/media\/154595"}],"wp:attachment":[{"href":"https:\/\/kortleksbolaget.se\/en\/wp-json\/wp\/v2\/media?parent=154603"}],"wp:term":[{"taxonomy":"product_brand","embeddable":true,"href":"https:\/\/kortleksbolaget.se\/en\/wp-json\/wp\/v2\/product_brand?post=154603"},{"taxonomy":"product_cat","embeddable":true,"href":"https:\/\/kortleksbolaget.se\/en\/wp-json\/wp\/v2\/product_cat?post=154603"},{"taxonomy":"product_tag","embeddable":true,"href":"https:\/\/kortleksbolaget.se\/en\/wp-json\/wp\/v2\/product_tag?post=154603"}],"curies":[{"name":"wp","href":"https:\/\/api.w.org\/{rel}","templated":true}]}}