{"id":157591,"date":"2026-02-10T13:23:41","date_gmt":"2026-02-10T12:23:41","guid":{"rendered":"https:\/\/kortleksbolaget.se\/produkt\/disney-fantasia-deck-guard\/"},"modified":"2026-02-10T13:25:02","modified_gmt":"2026-02-10T12:25:02","slug":"disney-fantasia-deck-guard","status":"publish","type":"product","link":"https:\/\/kortleksbolaget.se\/en\/product\/disney-fantasia-deck-guard\/","title":{"rendered":"Disney Fantasia &#038; Deck Guard"},"content":{"rendered":"","protected":false},"excerpt":{"rendered":"<p id=\"tw-target-text\" class=\"tw-data-text tw-text-large tw-ta\" dir=\"ltr\" tabindex=\"-1\" role=\"text\" data-placeholder=\"\u00d6vers\u00e4ttning\" data-ved=\"2ahUKEwiS_4mFh7aSAxXoUVUIHf0rIy4Q3ewLegQIDBAV\" aria-label=\"\u00d6versatt text: FANTASIA MAGISK LEK: Fantasmas Disney FANTASIA 56-korts premiumspelkort har en hemlighetsfull &quot;Marked Deck&quot;-konstruktion som ger dig m\u00f6jligheten att l\u00e4sa dina v\u00e4nners tankar och utf\u00f6ra m\u00e5nga fantastiska korttrick. Samlarleken best\u00e5r av den vackraste Disney-konsten. Den lyxiga folien och den pr\u00e4glade kortasken inneh\u00e5ller till och med en hemlighet! DELUXE KORTSKYDD: Ditt samlarkortsset \u00e4r skyddat av ett speciellt metallkortskyddskl\u00e4mma som ocks\u00e5 har en hemlig magisk funktion. T\u00e4nk dig att kortet din v\u00e4n valt har sin bild p\u00e5 dina fingertoppar! HEMLIGHETERNAS BOK: Den illustrerade Hemligheternas Bok g\u00f6r det roligt att l\u00e4ra sig magi. L\u00e4r dig att utf\u00f6ra \u00f6ver 25+ magiska trick. Om du \u00e4r intresserad av optiska illusionsspelkort kommer de specifika bonuskorten, som ing\u00e5r i leken, att f\u00f6rv\u00e5na dina v\u00e4nner!\"><span class=\"Y2IQFc\" lang=\"sv\"><b>FANTASIA MAGIC DECK<\/b>: Fantasma&#8217;s <b>Disney FANTASIA<\/b> 56 card premium playing cards feature a secretive &#8220;Marked Deck&#8221; construction that gives you the ability to read your friends minds &amp; perform many amazing card tricks. The collectible deck consists of the most beautiful Disney art. The deluxe foil and embossed card box even hold a secret!<\/p>\n<p><b>DELUXE CARD GUARD<\/b>: Your collectible playing card gift set is protected by a special metal card guard clip that also has a secret magic feature. Imagine the card your friend selected has its image appear on your fingertips!<\/p>\n<p><b>BOOK OF SECRETS<\/b>: The illustrated Book of Secrets makes learning magic fun. Learn to perform over perform over 25+ magic tricks. If you are interested in optical illusion playing cards, the certain bonus cards, included with the deck, will astound your friends!<\/p>\n<p><b>I.B.M. Endorsement<\/b>: Fantasma&#8217;s MARVEL playing cards with the metal card guards are endorsed by The International Brotherhood of Magicians, the world&#8217;s largest magical organization. This is a non-paid endorsement.<\/p>\n<p><b>GUARANTEED SATISFACTION<\/b>: Fantasma products are designed and manufactured to meet the highest quality standards. All products are tested in accordance with Toy Regulatory Compliance. Our customer service team is here to help ensure your Fantasma product is up to your standards. If you have any concerns, please do not hesitate to reach out to our team. <\/span><\/p>\n<pre id=\"tw-target-text\" class=\"tw-data-text tw-text-large tw-ta\" dir=\"ltr\" tabindex=\"-1\" role=\"text\" data-placeholder=\"\u00d6vers\u00e4ttning\" data-ved=\"2ahUKEwiS_4mFh7aSAxXoUVUIHf0rIy4Q3ewLegQIDBAV\" aria-label=\"\u00d6versatt text: IBM-godk\u00e4nnande: Fantasmas MARVEL-spelkort med metallkortskydd \u00e4r godk\u00e4nda av The International Brotherhood of Magicians, v\u00e4rldens st\u00f6rsta magiska organisation. Detta \u00e4r ett icke-betalt godk\u00e4nnande. GARANTERAD N\u00d6JDHETSGARANTI: Fantasma-produkter \u00e4r designade och tillverkade f\u00f6r att uppfylla h\u00f6gsta kvalitetsstandarder. Alla produkter testas i enlighet med Toy Regulatory Compliance. V\u00e5r kundtj\u00e4nst finns h\u00e4r f\u00f6r att s\u00e4kerst\u00e4lla att din Fantasma-produkt uppfyller dina krav. Om du har n\u00e5gra fr\u00e5gor, tveka inte att kontakta v\u00e5rt team.\"><\/pre>\n<p> [&#8230;]<\/p>\n<p><a class=\"btn btn-secondary understrap-read-more-link\" href=\"https:\/\/kortleksbolaget.se\/en\/product\/disney-fantasia-deck-guard\/\">Read More&#8230;<span class=\"screen-reader-text\"> from Disney Fantasia &#038; Deck Guard<\/span><\/a><\/p>\n","protected":false},"featured_media":157583,"template":"","meta":{"_acf_changed":false},"product_brand":[],"product_cat":[72,75],"product_tag":[],"class_list":{"0":"post-157591","1":"product","2":"type-product","3":"status-publish","4":"has-post-thumbnail","6":"product_cat-magic-en","7":"product_cat-special-lyx-limited-en","9":"first","10":"instock","11":"featured","12":"taxable","13":"shipping-taxable","14":"purchasable","15":"product-type-simple"},"acf":[],"yoast_head":"<!-- This site is optimized with the Yoast SEO plugin v26.3 - https:\/\/yoast.com\/wordpress\/plugins\/seo\/ -->\n<title>Kortlek Disney Fantasia &amp; Deck Guard | Kortleksbolaget<\/title>\n<meta name=\"description\" content=\"K\u00f6p Disney Fantasia &amp; Deck Guard. Snabba leveranser &amp; bra priser. Sveriges st\u00f6rsta sortiment av kortlekar p\u00e5 Kortleksbolaget!\" \/>\n<meta name=\"robots\" content=\"index, follow, max-snippet:-1, max-image-preview:large, max-video-preview:-1\" \/>\n<link rel=\"canonical\" href=\"https:\/\/kortleksbolaget.se\/en\/product\/disney-fantasia-deck-guard\/\" \/>\n<meta property=\"og:locale\" content=\"en_US\" \/>\n<meta property=\"og:type\" content=\"article\" \/>\n<meta property=\"og:title\" content=\"Kortlek Disney Fantasia &amp; Deck Guard | Kortleksbolaget\" \/>\n<meta property=\"og:description\" content=\"K\u00f6p Disney Fantasia &amp; Deck Guard. Snabba leveranser &amp; bra priser. Sveriges st\u00f6rsta sortiment av kortlekar p\u00e5 Kortleksbolaget!\" \/>\n<meta property=\"og:url\" content=\"https:\/\/kortleksbolaget.se\/en\/product\/disney-fantasia-deck-guard\/\" \/>\n<meta property=\"og:site_name\" content=\"Kortleksbolaget\" \/>\n<meta property=\"article:modified_time\" content=\"2026-02-10T12:25:02+00:00\" \/>\n<meta property=\"og:image\" content=\"https:\/\/kortleksbolaget.se\/wp-content\/uploads\/disney-fantasia-kortlek.jpg\" \/>\n\t<meta property=\"og:image:width\" content=\"535\" \/>\n\t<meta property=\"og:image:height\" content=\"803\" \/>\n\t<meta property=\"og:image:type\" content=\"image\/jpeg\" \/>\n<meta name=\"twitter:card\" content=\"summary_large_image\" \/>\n<meta name=\"twitter:label1\" content=\"Est. reading time\" \/>\n\t<meta name=\"twitter:data1\" content=\"1 minute\" \/>\n<script type=\"application\/ld+json\" class=\"yoast-schema-graph\">{\"@context\":\"https:\/\/schema.org\",\"@graph\":[{\"@type\":\"WebPage\",\"@id\":\"https:\/\/kortleksbolaget.se\/en\/product\/disney-fantasia-deck-guard\/\",\"url\":\"https:\/\/kortleksbolaget.se\/en\/product\/disney-fantasia-deck-guard\/\",\"name\":\"Kortlek Disney Fantasia & Deck Guard | Kortleksbolaget\",\"isPartOf\":{\"@id\":\"https:\/\/kortleksbolaget.se\/en\/#website\"},\"primaryImageOfPage\":{\"@id\":\"https:\/\/kortleksbolaget.se\/en\/product\/disney-fantasia-deck-guard\/#primaryimage\"},\"image\":{\"@id\":\"https:\/\/kortleksbolaget.se\/en\/product\/disney-fantasia-deck-guard\/#primaryimage\"},\"thumbnailUrl\":\"https:\/\/kortleksbolaget.se\/wp-content\/uploads\/disney-fantasia-kortlek.jpg\",\"datePublished\":\"2026-02-10T12:23:41+00:00\",\"dateModified\":\"2026-02-10T12:25:02+00:00\",\"description\":\"K\u00f6p Disney Fantasia & Deck Guard. Snabba leveranser & bra priser. Sveriges st\u00f6rsta sortiment av kortlekar p\u00e5 Kortleksbolaget!\",\"breadcrumb\":{\"@id\":\"https:\/\/kortleksbolaget.se\/en\/product\/disney-fantasia-deck-guard\/#breadcrumb\"},\"inLanguage\":\"en-US\",\"potentialAction\":[{\"@type\":\"ReadAction\",\"target\":[\"https:\/\/kortleksbolaget.se\/en\/product\/disney-fantasia-deck-guard\/\"]}]},{\"@type\":\"ImageObject\",\"inLanguage\":\"en-US\",\"@id\":\"https:\/\/kortleksbolaget.se\/en\/product\/disney-fantasia-deck-guard\/#primaryimage\",\"url\":\"https:\/\/kortleksbolaget.se\/wp-content\/uploads\/disney-fantasia-kortlek.jpg\",\"contentUrl\":\"https:\/\/kortleksbolaget.se\/wp-content\/uploads\/disney-fantasia-kortlek.jpg\",\"width\":535,\"height\":803},{\"@type\":\"BreadcrumbList\",\"@id\":\"https:\/\/kortleksbolaget.se\/en\/product\/disney-fantasia-deck-guard\/#breadcrumb\",\"itemListElement\":[{\"@type\":\"ListItem\",\"position\":1,\"name\":\"Hem\",\"item\":\"https:\/\/kortleksbolaget.se\/en\/\"},{\"@type\":\"ListItem\",\"position\":2,\"name\":\"All products\",\"item\":\"https:\/\/kortleksbolaget.se\/en\/shop\/\"},{\"@type\":\"ListItem\",\"position\":3,\"name\":\"Disney Fantasia &#038; Deck Guard\"}]},{\"@type\":\"WebSite\",\"@id\":\"https:\/\/kortleksbolaget.se\/en\/#website\",\"url\":\"https:\/\/kortleksbolaget.se\/en\/\",\"name\":\"Kortleksbolaget\",\"description\":\"Kortlekar p\u00e5 n\u00e4tet\",\"publisher\":{\"@id\":\"https:\/\/kortleksbolaget.se\/en\/#organization\"},\"potentialAction\":[{\"@type\":\"SearchAction\",\"target\":{\"@type\":\"EntryPoint\",\"urlTemplate\":\"https:\/\/kortleksbolaget.se\/en\/?s={search_term_string}\"},\"query-input\":{\"@type\":\"PropertyValueSpecification\",\"valueRequired\":true,\"valueName\":\"search_term_string\"}}],\"inLanguage\":\"en-US\"},{\"@type\":\"Organization\",\"@id\":\"https:\/\/kortleksbolaget.se\/en\/#organization\",\"name\":\"Kortleksbolaget\",\"url\":\"https:\/\/kortleksbolaget.se\/en\/\",\"logo\":{\"@type\":\"ImageObject\",\"inLanguage\":\"en-US\",\"@id\":\"https:\/\/kortleksbolaget.se\/en\/#\/schema\/logo\/image\/\",\"url\":\"https:\/\/kortleksbolaget.se\/wp-content\/uploads\/kortleksbolaget_logo-svart.png\",\"contentUrl\":\"https:\/\/kortleksbolaget.se\/wp-content\/uploads\/kortleksbolaget_logo-svart.png\",\"width\":1200,\"height\":296,\"caption\":\"Kortleksbolaget\"},\"image\":{\"@id\":\"https:\/\/kortleksbolaget.se\/en\/#\/schema\/logo\/image\/\"}}]}<\/script>\n<!-- \/ Yoast SEO plugin. -->","yoast_head_json":{"title":"Kortlek Disney Fantasia & Deck Guard | Kortleksbolaget","description":"K\u00f6p Disney Fantasia & Deck Guard. Snabba leveranser & bra priser. Sveriges st\u00f6rsta sortiment av kortlekar p\u00e5 Kortleksbolaget!","robots":{"index":"index","follow":"follow","max-snippet":"max-snippet:-1","max-image-preview":"max-image-preview:large","max-video-preview":"max-video-preview:-1"},"canonical":"https:\/\/kortleksbolaget.se\/en\/product\/disney-fantasia-deck-guard\/","og_locale":"en_US","og_type":"article","og_title":"Kortlek Disney Fantasia & Deck Guard | Kortleksbolaget","og_description":"K\u00f6p Disney Fantasia & Deck Guard. Snabba leveranser & bra priser. Sveriges st\u00f6rsta sortiment av kortlekar p\u00e5 Kortleksbolaget!","og_url":"https:\/\/kortleksbolaget.se\/en\/product\/disney-fantasia-deck-guard\/","og_site_name":"Kortleksbolaget","article_modified_time":"2026-02-10T12:25:02+00:00","og_image":[{"width":535,"height":803,"url":"https:\/\/kortleksbolaget.se\/wp-content\/uploads\/disney-fantasia-kortlek.jpg","type":"image\/jpeg"}],"twitter_card":"summary_large_image","twitter_misc":{"Est. reading time":"1 minute"},"schema":{"@context":"https:\/\/schema.org","@graph":[{"@type":"WebPage","@id":"https:\/\/kortleksbolaget.se\/en\/product\/disney-fantasia-deck-guard\/","url":"https:\/\/kortleksbolaget.se\/en\/product\/disney-fantasia-deck-guard\/","name":"Kortlek Disney Fantasia & Deck Guard | Kortleksbolaget","isPartOf":{"@id":"https:\/\/kortleksbolaget.se\/en\/#website"},"primaryImageOfPage":{"@id":"https:\/\/kortleksbolaget.se\/en\/product\/disney-fantasia-deck-guard\/#primaryimage"},"image":{"@id":"https:\/\/kortleksbolaget.se\/en\/product\/disney-fantasia-deck-guard\/#primaryimage"},"thumbnailUrl":"https:\/\/kortleksbolaget.se\/wp-content\/uploads\/disney-fantasia-kortlek.jpg","datePublished":"2026-02-10T12:23:41+00:00","dateModified":"2026-02-10T12:25:02+00:00","description":"K\u00f6p Disney Fantasia & Deck Guard. Snabba leveranser & bra priser. Sveriges st\u00f6rsta sortiment av kortlekar p\u00e5 Kortleksbolaget!","breadcrumb":{"@id":"https:\/\/kortleksbolaget.se\/en\/product\/disney-fantasia-deck-guard\/#breadcrumb"},"inLanguage":"en-US","potentialAction":[{"@type":"ReadAction","target":["https:\/\/kortleksbolaget.se\/en\/product\/disney-fantasia-deck-guard\/"]}]},{"@type":"ImageObject","inLanguage":"en-US","@id":"https:\/\/kortleksbolaget.se\/en\/product\/disney-fantasia-deck-guard\/#primaryimage","url":"https:\/\/kortleksbolaget.se\/wp-content\/uploads\/disney-fantasia-kortlek.jpg","contentUrl":"https:\/\/kortleksbolaget.se\/wp-content\/uploads\/disney-fantasia-kortlek.jpg","width":535,"height":803},{"@type":"BreadcrumbList","@id":"https:\/\/kortleksbolaget.se\/en\/product\/disney-fantasia-deck-guard\/#breadcrumb","itemListElement":[{"@type":"ListItem","position":1,"name":"Hem","item":"https:\/\/kortleksbolaget.se\/en\/"},{"@type":"ListItem","position":2,"name":"All products","item":"https:\/\/kortleksbolaget.se\/en\/shop\/"},{"@type":"ListItem","position":3,"name":"Disney Fantasia &#038; Deck Guard"}]},{"@type":"WebSite","@id":"https:\/\/kortleksbolaget.se\/en\/#website","url":"https:\/\/kortleksbolaget.se\/en\/","name":"Kortleksbolaget","description":"Kortlekar p\u00e5 n\u00e4tet","publisher":{"@id":"https:\/\/kortleksbolaget.se\/en\/#organization"},"potentialAction":[{"@type":"SearchAction","target":{"@type":"EntryPoint","urlTemplate":"https:\/\/kortleksbolaget.se\/en\/?s={search_term_string}"},"query-input":{"@type":"PropertyValueSpecification","valueRequired":true,"valueName":"search_term_string"}}],"inLanguage":"en-US"},{"@type":"Organization","@id":"https:\/\/kortleksbolaget.se\/en\/#organization","name":"Kortleksbolaget","url":"https:\/\/kortleksbolaget.se\/en\/","logo":{"@type":"ImageObject","inLanguage":"en-US","@id":"https:\/\/kortleksbolaget.se\/en\/#\/schema\/logo\/image\/","url":"https:\/\/kortleksbolaget.se\/wp-content\/uploads\/kortleksbolaget_logo-svart.png","contentUrl":"https:\/\/kortleksbolaget.se\/wp-content\/uploads\/kortleksbolaget_logo-svart.png","width":1200,"height":296,"caption":"Kortleksbolaget"},"image":{"@id":"https:\/\/kortleksbolaget.se\/en\/#\/schema\/logo\/image\/"}}]}},"_links":{"self":[{"href":"https:\/\/kortleksbolaget.se\/en\/wp-json\/wp\/v2\/product\/157591","targetHints":{"allow":["GET"]}}],"collection":[{"href":"https:\/\/kortleksbolaget.se\/en\/wp-json\/wp\/v2\/product"}],"about":[{"href":"https:\/\/kortleksbolaget.se\/en\/wp-json\/wp\/v2\/types\/product"}],"wp:featuredmedia":[{"embeddable":true,"href":"https:\/\/kortleksbolaget.se\/en\/wp-json\/wp\/v2\/media\/157583"}],"wp:attachment":[{"href":"https:\/\/kortleksbolaget.se\/en\/wp-json\/wp\/v2\/media?parent=157591"}],"wp:term":[{"taxonomy":"product_brand","embeddable":true,"href":"https:\/\/kortleksbolaget.se\/en\/wp-json\/wp\/v2\/product_brand?post=157591"},{"taxonomy":"product_cat","embeddable":true,"href":"https:\/\/kortleksbolaget.se\/en\/wp-json\/wp\/v2\/product_cat?post=157591"},{"taxonomy":"product_tag","embeddable":true,"href":"https:\/\/kortleksbolaget.se\/en\/wp-json\/wp\/v2\/product_tag?post=157591"}],"curies":[{"name":"wp","href":"https:\/\/api.w.org\/{rel}","templated":true}]}}