{"id":158438,"date":"2026-03-22T18:52:07","date_gmt":"2026-03-22T17:52:07","guid":{"rendered":"https:\/\/kortleksbolaget.se\/produkt\/dg-maze-deck-marked\/"},"modified":"2026-03-22T18:53:24","modified_gmt":"2026-03-22T17:53:24","slug":"dg-maze-deck-marked","status":"publish","type":"product","link":"https:\/\/kortleksbolaget.se\/en\/product\/dg-maze-deck-marked\/","title":{"rendered":"DG Maze Deck Marked"},"content":{"rendered":"","protected":false},"excerpt":{"rendered":"<div id=\"tw-target-text-container\" class=\"tw-ta-container tw-nfl\" tabindex=\"0\" role=\"text\">\n<p id=\"tw-target-text\" class=\"tw-data-text tw-text-large tw-ta\" dir=\"ltr\" tabindex=\"-1\" role=\"text\" data-placeholder=\"\u00d6vers\u00e4ttning\" data-ved=\"2ahUKEwj3rO_fzfSSAxXIJxAIHcgcL38Q3ewLegQIDBAV\" aria-label=\"\u00d6versatt text: Daniel Garcia \u00e4r k\u00e4nd f\u00f6r att vara ett kreativt kraftpaket och \u00e4r \u00e4lskad av magiker f\u00f6r sitt unika t\u00e4nkande. Vi \u00e4r s\u00e5 glada att presentera hans senaste skapelse, DG Maze Deck. DG Maze Deck, designad av Daniel sj\u00e4lv, \u00e4r en kortlek som d\u00f6ljer en l\u00f6msk hemlighet. Varje korts baksida har Garcias &quot;Maze Design&quot;, ett dj\u00e4rvt, geometriskt m\u00f6nster som \u00e4ven fungerar som ett smart och praktiskt markeringssystem inbyggt i designen, utan avkodning eller mental gymnastik. N\u00e4r du v\u00e4l l\u00e4rt dig markeringssystemet kommer du omedelbart att k\u00e4nna till kortets f\u00e4rg och v\u00e4rde utan att beh\u00f6va titta en andra g\u00e5ng. Markeringssystemet designades f\u00f6r att vara synligt fr\u00e5n andra sidan bordet men osynligt f\u00f6r dem som inte k\u00e4nner till det. Du beh\u00f6ver aldrig luta, kisa eller h\u00e5lla korten n\u00e4ra f\u00f6r att l\u00e4sa markeringarna. Tryckt av United States Playing Card Company p\u00e5 premium krossat papper, hanteras DG Maze Deck smidigt direkt ur l\u00e5dan och \u00e4r perfekt f\u00f6r vardagsbruk och verkliga framtr\u00e4danden. Detta \u00e4r inte bara en kortlek till. Det \u00e4r Daniel Garcias labyrintlek, en du kommer att vilja g\u00e5 vilse i om och om igen.\">Daniel Garcia is known for being a creative powerhouse and is beloved by magicians for his unique thinking. We&#8217;re so excited to introduce his newest creation, the <b>DG Maze Deck<\/b>. Designed by Daniel himself, the <b>DG Maze Deck<\/b> is a pack of cards that hides a devious secret.<\/p>\n<p>Every card back features Garcia&#8217;s &#8220;Maze Design&#8221;, a bold, geometric pattern that doubles as a clever and practical marking system built right into the design, with zero decoding or mental gymnastics. Once you learn the marking system, you&#8217;ll instantly know the card&#8217;s suit and value without having to take a second look. The marking system was designed to be visible from across the table yet invisible to those who don&#8217;t know it. You&#8217;ll never need to tilt, squint, or hold the cards close to read the markings.<\/p>\n<p>Printed by the United States Playing Card Company on premium crushed stock, the <b>DG Maze Deck<\/b> handles smoothly straight out of the box and is perfect for everyday carry and real-world performances.<\/p>\n<p>This is not just another deck of cards. It&#8217;s Daniel Garcia&#8217;s maze deck, one you&#8217;ll want to get lost in again and again.<\/p>\n<\/div>\n<div id=\"tw-target-rmn-container\" class=\"tw-target-rmn tw-ta-container tw-nfl\" tabindex=\"-1\" role=\"text\">\n<pre id=\"tw-target-rmn\" class=\"tw-data-placeholder tw-text-small tw-ta\" dir=\"ltr\" tabindex=\"-1\" role=\"text\" data-placeholder=\"\"><\/pre>\n<\/div>\n<p> [&#8230;]<\/p>\n<p><a class=\"btn btn-secondary understrap-read-more-link\" href=\"https:\/\/kortleksbolaget.se\/en\/product\/dg-maze-deck-marked\/\">Read More&#8230;<span class=\"screen-reader-text\"> from DG Maze Deck Marked<\/span><\/a><\/p>\n","protected":false},"featured_media":158430,"template":"","meta":{"_acf_changed":false},"product_brand":[],"product_cat":[72,75],"product_tag":[],"class_list":{"0":"post-158438","1":"product","2":"type-product","3":"status-publish","4":"has-post-thumbnail","6":"varumarke-uspcc-en","7":"product_cat-magic-en","8":"product_cat-special-lyx-limited-en","10":"first","11":"instock","12":"featured","13":"taxable","14":"shipping-taxable","15":"purchasable","16":"product-type-simple"},"acf":[],"yoast_head":"<!-- This site is optimized with the Yoast SEO plugin v26.3 - https:\/\/yoast.com\/wordpress\/plugins\/seo\/ -->\n<title>Kortlek DG Maze Deck Marked | Kortleksbolaget<\/title>\n<meta name=\"description\" content=\"K\u00f6p DG Maze Deck Marked. Snabba leveranser &amp; bra priser. Sveriges st\u00f6rsta sortiment av kortlekar p\u00e5 Kortleksbolaget!\" \/>\n<meta name=\"robots\" content=\"index, follow, max-snippet:-1, max-image-preview:large, max-video-preview:-1\" \/>\n<link rel=\"canonical\" href=\"https:\/\/kortleksbolaget.se\/en\/product\/dg-maze-deck-marked\/\" \/>\n<meta property=\"og:locale\" content=\"en_US\" \/>\n<meta property=\"og:type\" content=\"article\" \/>\n<meta property=\"og:title\" content=\"Kortlek DG Maze Deck Marked | Kortleksbolaget\" \/>\n<meta property=\"og:description\" content=\"K\u00f6p DG Maze Deck Marked. Snabba leveranser &amp; bra priser. Sveriges st\u00f6rsta sortiment av kortlekar p\u00e5 Kortleksbolaget!\" \/>\n<meta property=\"og:url\" content=\"https:\/\/kortleksbolaget.se\/en\/product\/dg-maze-deck-marked\/\" \/>\n<meta property=\"og:site_name\" content=\"Kortleksbolaget\" \/>\n<meta property=\"article:modified_time\" content=\"2026-03-22T17:53:24+00:00\" \/>\n<meta property=\"og:image\" content=\"https:\/\/kortleksbolaget.se\/wp-content\/uploads\/dg-maze-deck.jpg\" \/>\n\t<meta property=\"og:image:width\" content=\"439\" \/>\n\t<meta property=\"og:image:height\" content=\"657\" \/>\n\t<meta property=\"og:image:type\" content=\"image\/jpeg\" \/>\n<meta name=\"twitter:card\" content=\"summary_large_image\" \/>\n<meta name=\"twitter:label1\" content=\"Est. reading time\" \/>\n\t<meta name=\"twitter:data1\" content=\"1 minute\" \/>\n<script type=\"application\/ld+json\" class=\"yoast-schema-graph\">{\"@context\":\"https:\/\/schema.org\",\"@graph\":[{\"@type\":\"WebPage\",\"@id\":\"https:\/\/kortleksbolaget.se\/en\/product\/dg-maze-deck-marked\/\",\"url\":\"https:\/\/kortleksbolaget.se\/en\/product\/dg-maze-deck-marked\/\",\"name\":\"Kortlek DG Maze Deck Marked | Kortleksbolaget\",\"isPartOf\":{\"@id\":\"https:\/\/kortleksbolaget.se\/en\/#website\"},\"primaryImageOfPage\":{\"@id\":\"https:\/\/kortleksbolaget.se\/en\/product\/dg-maze-deck-marked\/#primaryimage\"},\"image\":{\"@id\":\"https:\/\/kortleksbolaget.se\/en\/product\/dg-maze-deck-marked\/#primaryimage\"},\"thumbnailUrl\":\"https:\/\/kortleksbolaget.se\/wp-content\/uploads\/dg-maze-deck.jpg\",\"datePublished\":\"2026-03-22T17:52:07+00:00\",\"dateModified\":\"2026-03-22T17:53:24+00:00\",\"description\":\"K\u00f6p DG Maze Deck Marked. Snabba leveranser & bra priser. Sveriges st\u00f6rsta sortiment av kortlekar p\u00e5 Kortleksbolaget!\",\"breadcrumb\":{\"@id\":\"https:\/\/kortleksbolaget.se\/en\/product\/dg-maze-deck-marked\/#breadcrumb\"},\"inLanguage\":\"en-US\",\"potentialAction\":[{\"@type\":\"ReadAction\",\"target\":[\"https:\/\/kortleksbolaget.se\/en\/product\/dg-maze-deck-marked\/\"]}]},{\"@type\":\"ImageObject\",\"inLanguage\":\"en-US\",\"@id\":\"https:\/\/kortleksbolaget.se\/en\/product\/dg-maze-deck-marked\/#primaryimage\",\"url\":\"https:\/\/kortleksbolaget.se\/wp-content\/uploads\/dg-maze-deck.jpg\",\"contentUrl\":\"https:\/\/kortleksbolaget.se\/wp-content\/uploads\/dg-maze-deck.jpg\",\"width\":439,\"height\":657},{\"@type\":\"BreadcrumbList\",\"@id\":\"https:\/\/kortleksbolaget.se\/en\/product\/dg-maze-deck-marked\/#breadcrumb\",\"itemListElement\":[{\"@type\":\"ListItem\",\"position\":1,\"name\":\"Hem\",\"item\":\"https:\/\/kortleksbolaget.se\/en\/\"},{\"@type\":\"ListItem\",\"position\":2,\"name\":\"All products\",\"item\":\"https:\/\/kortleksbolaget.se\/en\/shop\/\"},{\"@type\":\"ListItem\",\"position\":3,\"name\":\"DG Maze Deck Marked\"}]},{\"@type\":\"WebSite\",\"@id\":\"https:\/\/kortleksbolaget.se\/en\/#website\",\"url\":\"https:\/\/kortleksbolaget.se\/en\/\",\"name\":\"Kortleksbolaget\",\"description\":\"Kortlekar p\u00e5 n\u00e4tet\",\"publisher\":{\"@id\":\"https:\/\/kortleksbolaget.se\/en\/#organization\"},\"potentialAction\":[{\"@type\":\"SearchAction\",\"target\":{\"@type\":\"EntryPoint\",\"urlTemplate\":\"https:\/\/kortleksbolaget.se\/en\/?s={search_term_string}\"},\"query-input\":{\"@type\":\"PropertyValueSpecification\",\"valueRequired\":true,\"valueName\":\"search_term_string\"}}],\"inLanguage\":\"en-US\"},{\"@type\":\"Organization\",\"@id\":\"https:\/\/kortleksbolaget.se\/en\/#organization\",\"name\":\"Kortleksbolaget\",\"url\":\"https:\/\/kortleksbolaget.se\/en\/\",\"logo\":{\"@type\":\"ImageObject\",\"inLanguage\":\"en-US\",\"@id\":\"https:\/\/kortleksbolaget.se\/en\/#\/schema\/logo\/image\/\",\"url\":\"https:\/\/kortleksbolaget.se\/wp-content\/uploads\/kortleksbolaget_logo-svart.png\",\"contentUrl\":\"https:\/\/kortleksbolaget.se\/wp-content\/uploads\/kortleksbolaget_logo-svart.png\",\"width\":1200,\"height\":296,\"caption\":\"Kortleksbolaget\"},\"image\":{\"@id\":\"https:\/\/kortleksbolaget.se\/en\/#\/schema\/logo\/image\/\"}}]}<\/script>\n<!-- \/ Yoast SEO plugin. -->","yoast_head_json":{"title":"Kortlek DG Maze Deck Marked | Kortleksbolaget","description":"K\u00f6p DG Maze Deck Marked. Snabba leveranser & bra priser. Sveriges st\u00f6rsta sortiment av kortlekar p\u00e5 Kortleksbolaget!","robots":{"index":"index","follow":"follow","max-snippet":"max-snippet:-1","max-image-preview":"max-image-preview:large","max-video-preview":"max-video-preview:-1"},"canonical":"https:\/\/kortleksbolaget.se\/en\/product\/dg-maze-deck-marked\/","og_locale":"en_US","og_type":"article","og_title":"Kortlek DG Maze Deck Marked | Kortleksbolaget","og_description":"K\u00f6p DG Maze Deck Marked. Snabba leveranser & bra priser. Sveriges st\u00f6rsta sortiment av kortlekar p\u00e5 Kortleksbolaget!","og_url":"https:\/\/kortleksbolaget.se\/en\/product\/dg-maze-deck-marked\/","og_site_name":"Kortleksbolaget","article_modified_time":"2026-03-22T17:53:24+00:00","og_image":[{"width":439,"height":657,"url":"https:\/\/kortleksbolaget.se\/wp-content\/uploads\/dg-maze-deck.jpg","type":"image\/jpeg"}],"twitter_card":"summary_large_image","twitter_misc":{"Est. reading time":"1 minute"},"schema":{"@context":"https:\/\/schema.org","@graph":[{"@type":"WebPage","@id":"https:\/\/kortleksbolaget.se\/en\/product\/dg-maze-deck-marked\/","url":"https:\/\/kortleksbolaget.se\/en\/product\/dg-maze-deck-marked\/","name":"Kortlek DG Maze Deck Marked | Kortleksbolaget","isPartOf":{"@id":"https:\/\/kortleksbolaget.se\/en\/#website"},"primaryImageOfPage":{"@id":"https:\/\/kortleksbolaget.se\/en\/product\/dg-maze-deck-marked\/#primaryimage"},"image":{"@id":"https:\/\/kortleksbolaget.se\/en\/product\/dg-maze-deck-marked\/#primaryimage"},"thumbnailUrl":"https:\/\/kortleksbolaget.se\/wp-content\/uploads\/dg-maze-deck.jpg","datePublished":"2026-03-22T17:52:07+00:00","dateModified":"2026-03-22T17:53:24+00:00","description":"K\u00f6p DG Maze Deck Marked. Snabba leveranser & bra priser. Sveriges st\u00f6rsta sortiment av kortlekar p\u00e5 Kortleksbolaget!","breadcrumb":{"@id":"https:\/\/kortleksbolaget.se\/en\/product\/dg-maze-deck-marked\/#breadcrumb"},"inLanguage":"en-US","potentialAction":[{"@type":"ReadAction","target":["https:\/\/kortleksbolaget.se\/en\/product\/dg-maze-deck-marked\/"]}]},{"@type":"ImageObject","inLanguage":"en-US","@id":"https:\/\/kortleksbolaget.se\/en\/product\/dg-maze-deck-marked\/#primaryimage","url":"https:\/\/kortleksbolaget.se\/wp-content\/uploads\/dg-maze-deck.jpg","contentUrl":"https:\/\/kortleksbolaget.se\/wp-content\/uploads\/dg-maze-deck.jpg","width":439,"height":657},{"@type":"BreadcrumbList","@id":"https:\/\/kortleksbolaget.se\/en\/product\/dg-maze-deck-marked\/#breadcrumb","itemListElement":[{"@type":"ListItem","position":1,"name":"Hem","item":"https:\/\/kortleksbolaget.se\/en\/"},{"@type":"ListItem","position":2,"name":"All products","item":"https:\/\/kortleksbolaget.se\/en\/shop\/"},{"@type":"ListItem","position":3,"name":"DG Maze Deck Marked"}]},{"@type":"WebSite","@id":"https:\/\/kortleksbolaget.se\/en\/#website","url":"https:\/\/kortleksbolaget.se\/en\/","name":"Kortleksbolaget","description":"Kortlekar p\u00e5 n\u00e4tet","publisher":{"@id":"https:\/\/kortleksbolaget.se\/en\/#organization"},"potentialAction":[{"@type":"SearchAction","target":{"@type":"EntryPoint","urlTemplate":"https:\/\/kortleksbolaget.se\/en\/?s={search_term_string}"},"query-input":{"@type":"PropertyValueSpecification","valueRequired":true,"valueName":"search_term_string"}}],"inLanguage":"en-US"},{"@type":"Organization","@id":"https:\/\/kortleksbolaget.se\/en\/#organization","name":"Kortleksbolaget","url":"https:\/\/kortleksbolaget.se\/en\/","logo":{"@type":"ImageObject","inLanguage":"en-US","@id":"https:\/\/kortleksbolaget.se\/en\/#\/schema\/logo\/image\/","url":"https:\/\/kortleksbolaget.se\/wp-content\/uploads\/kortleksbolaget_logo-svart.png","contentUrl":"https:\/\/kortleksbolaget.se\/wp-content\/uploads\/kortleksbolaget_logo-svart.png","width":1200,"height":296,"caption":"Kortleksbolaget"},"image":{"@id":"https:\/\/kortleksbolaget.se\/en\/#\/schema\/logo\/image\/"}}]}},"_links":{"self":[{"href":"https:\/\/kortleksbolaget.se\/en\/wp-json\/wp\/v2\/product\/158438","targetHints":{"allow":["GET"]}}],"collection":[{"href":"https:\/\/kortleksbolaget.se\/en\/wp-json\/wp\/v2\/product"}],"about":[{"href":"https:\/\/kortleksbolaget.se\/en\/wp-json\/wp\/v2\/types\/product"}],"wp:featuredmedia":[{"embeddable":true,"href":"https:\/\/kortleksbolaget.se\/en\/wp-json\/wp\/v2\/media\/158430"}],"wp:attachment":[{"href":"https:\/\/kortleksbolaget.se\/en\/wp-json\/wp\/v2\/media?parent=158438"}],"wp:term":[{"taxonomy":"product_brand","embeddable":true,"href":"https:\/\/kortleksbolaget.se\/en\/wp-json\/wp\/v2\/product_brand?post=158438"},{"taxonomy":"product_cat","embeddable":true,"href":"https:\/\/kortleksbolaget.se\/en\/wp-json\/wp\/v2\/product_cat?post=158438"},{"taxonomy":"product_tag","embeddable":true,"href":"https:\/\/kortleksbolaget.se\/en\/wp-json\/wp\/v2\/product_tag?post=158438"}],"curies":[{"name":"wp","href":"https:\/\/api.w.org\/{rel}","templated":true}]}}