{"id":158704,"date":"2026-03-30T21:36:05","date_gmt":"2026-03-30T19:36:05","guid":{"rendered":"https:\/\/kortleksbolaget.se\/produkt\/bicycle-neon-cool-blue-limited-edition\/"},"modified":"2026-03-30T21:36:46","modified_gmt":"2026-03-30T19:36:46","slug":"bicycle-neon-cool-blue-limited-edition","status":"publish","type":"product","link":"https:\/\/kortleksbolaget.se\/en\/product\/bicycle-neon-cool-blue-limited-edition\/","title":{"rendered":"Bicycle Neon Cool Blue Limited Edition"},"content":{"rendered":"","protected":false},"excerpt":{"rendered":"<div id=\"tw-target-text-container\" class=\"tw-ta-container tw-nfl\" tabindex=\"0\" role=\"text\">\n<p class=\"tw-data-text tw-text-large tw-ta\" dir=\"ltr\" tabindex=\"-1\" role=\"text\" data-placeholder=\"\u00d6vers\u00e4ttning\" data-ved=\"2ahUKEwisqpnuhcCTAxVQUlUIHU9mMwQQ3ewLegQIDBAV\" aria-label=\"\u00d6versatt text: Baserat p\u00e5 de ikoniska Bicycle\u00ae Rider Backs. Alla \u00e4lskar en klassiker med en episk twist! Pantone\u00ae Vibrant-bl\u00e4ck som ser otroligt ut, med helt anpassade hovkort som liknar klassikerna men p\u00e5 ett helt nytt och unikt s\u00e4tt! Jokrar p\u00e5 n\u00e4sta niv\u00e5 eftersom du inte kan ha en episk kortlek utan episka Jokrar, sm\u00e5 f\u00f6r\u00e4ndringar i pipen, livfulla kortbaksidor och det &quot;stay addicted&quot; esset f\u00f6r alla v\u00e5ra kortmissbrukare. Samtidigt som vi beh\u00e5ller det ikoniska Bicycle\u00ae Esset och Jokern, men naturligtvis med Pantone\u00ae-bl\u00e4ck. Detaljer: Bicycle NEON Rider Back begr\u00e4nsad upplaga Upplaga 1 200 Helt anpassade hovkort Pantone-bl\u00e4ck Helt anpassad Joker Uppgraderade pips med Pantone-bl\u00e4cksp\u00e5r Helt anpassat kortspelskort Stora pip Ess 2 Spader Ess ALDRIG OMTRYCKT Foto av Ryan Smith\"><span class=\"Y2IQFc\" lang=\"sv\">A limited deck series by Card-Addiction!<\/p>\n<p>Based off the iconic Bicycle\u00ae Rider Backs. Everyone loves a classic with an epic twist!<\/p>\n<p>Pantone\u00ae Vibrant ink that looks incredible, with completely customized court cards that resemble the classics but in a whole new and unique way! Next level Jokers because you can&#8217;t have an epic deck without epic Jokers, slight pip alterations, Vibrant colored card backs, &amp; the stay addicted Ace for all our fellow card addicts.<\/p>\n<p>While still keeping the iconic Bicycle\u00ae Ace &amp; Joker, but of course with Pantone\u00ae ink.<\/p>\n<p>Details:<\/span><\/p>\n<ul>\n<li>Bicycle NEON Rider Back limited edition<\/li>\n<li>Print run 1,200<\/li>\n<li>Fully custom courts<\/li>\n<li>Pantone ink<\/li>\n<li>Fully custom Joker<\/li>\n<li>Upgraded pips w\/ Pantone ink trace<\/li>\n<li>Fully customized cardist card<\/li>\n<li>Large pip Aces<\/li>\n<li>2 Aces of Spades<\/li>\n<li>NEVER RE-PRINTED<\/li>\n<\/ul>\n<p id=\"tw-target-text\" class=\"tw-data-text tw-text-large tw-ta\" dir=\"ltr\" tabindex=\"-1\" role=\"text\" data-placeholder=\"\u00d6vers\u00e4ttning\" data-ved=\"2ahUKEwisqpnuhcCTAxVQUlUIHU9mMwQQ3ewLegQIDBAV\" aria-label=\"\u00d6versatt text: Baserat p\u00e5 de ikoniska Bicycle\u00ae Rider Backs. Alla \u00e4lskar en klassiker med en episk twist! Pantone\u00ae Vibrant-bl\u00e4ck som ser otroligt ut, med helt anpassade hovkort som liknar klassikerna men p\u00e5 ett helt nytt och unikt s\u00e4tt! Jokrar p\u00e5 n\u00e4sta niv\u00e5 eftersom du inte kan ha en episk kortlek utan episka Jokrar, sm\u00e5 f\u00f6r\u00e4ndringar i pipen, livfulla kortbaksidor och det &quot;stay addicted&quot; esset f\u00f6r alla v\u00e5ra kortmissbrukare. Samtidigt som vi beh\u00e5ller det ikoniska Bicycle\u00ae Esset och Jokern, men naturligtvis med Pantone\u00ae-bl\u00e4ck. Detaljer: Bicycle NEON Rider Back begr\u00e4nsad upplaga Upplaga 1 200 Helt anpassade hovkort Pantone-bl\u00e4ck Helt anpassad Joker Uppgraderade pips med Pantone-bl\u00e4cksp\u00e5r Helt anpassat kortspelskort Stora pip Ess 2 Spader Ess ALDRIG OMTRYCKT Foto av Ryan Smith\"><span class=\"Y2IQFc\" lang=\"sv\">Photography by Ryan Smith<br \/>\n<\/span><\/p>\n<\/div>\n<div id=\"tw-target-rmn-container\" class=\"tw-target-rmn tw-ta-container tw-nfl\" tabindex=\"-1\" role=\"text\">\n<pre id=\"tw-target-rmn\" class=\"tw-data-placeholder tw-text-small tw-ta\" dir=\"ltr\" tabindex=\"-1\" role=\"text\" data-placeholder=\"\"><\/pre>\n<\/div>\n<p> [&#8230;]<\/p>\n<p><a class=\"btn btn-secondary understrap-read-more-link\" href=\"https:\/\/kortleksbolaget.se\/en\/product\/bicycle-neon-cool-blue-limited-edition\/\">Read More&#8230;<span class=\"screen-reader-text\"> from Bicycle Neon Cool Blue Limited Edition<\/span><\/a><\/p>\n","protected":false},"featured_media":158696,"template":"","meta":{"_acf_changed":false},"product_brand":[],"product_cat":[75],"product_tag":[],"class_list":{"0":"post-158704","1":"product","2":"type-product","3":"status-publish","4":"has-post-thumbnail","6":"varumarke-bicycle-en","7":"varumarke-uspcc-en","8":"product_cat-special-lyx-limited-en","10":"first","11":"instock","12":"featured","13":"taxable","14":"shipping-taxable","15":"purchasable","16":"product-type-simple"},"acf":[],"yoast_head":"<!-- This site is optimized with the Yoast SEO plugin v26.3 - https:\/\/yoast.com\/wordpress\/plugins\/seo\/ -->\n<title>Kortlek Bicycle Neon Cool Blue Limited Edition | Kortleksbolaget<\/title>\n<meta name=\"description\" content=\"K\u00f6p Bicycle Neon Cool Blue Limited Edition. Snabba leveranser &amp; bra priser. Sveriges st\u00f6rsta sortiment av kortlekar p\u00e5 Kortleksbolaget!\" \/>\n<meta name=\"robots\" content=\"index, follow, max-snippet:-1, max-image-preview:large, max-video-preview:-1\" \/>\n<link rel=\"canonical\" href=\"https:\/\/kortleksbolaget.se\/en\/product\/bicycle-neon-cool-blue-limited-edition\/\" \/>\n<meta property=\"og:locale\" content=\"en_US\" \/>\n<meta property=\"og:type\" content=\"article\" \/>\n<meta property=\"og:title\" content=\"Kortlek Bicycle Neon Cool Blue Limited Edition | Kortleksbolaget\" \/>\n<meta property=\"og:description\" content=\"K\u00f6p Bicycle Neon Cool Blue Limited Edition. Snabba leveranser &amp; bra priser. Sveriges st\u00f6rsta sortiment av kortlekar p\u00e5 Kortleksbolaget!\" \/>\n<meta property=\"og:url\" content=\"https:\/\/kortleksbolaget.se\/en\/product\/bicycle-neon-cool-blue-limited-edition\/\" \/>\n<meta property=\"og:site_name\" content=\"Kortleksbolaget\" \/>\n<meta property=\"article:modified_time\" content=\"2026-03-30T19:36:46+00:00\" \/>\n<meta property=\"og:image\" content=\"https:\/\/kortleksbolaget.se\/wp-content\/uploads\/bicycle-neon-blue.jpg\" \/>\n\t<meta property=\"og:image:width\" content=\"466\" \/>\n\t<meta property=\"og:image:height\" content=\"699\" \/>\n\t<meta property=\"og:image:type\" content=\"image\/jpeg\" \/>\n<meta name=\"twitter:card\" content=\"summary_large_image\" \/>\n<meta name=\"twitter:label1\" content=\"Est. reading time\" \/>\n\t<meta name=\"twitter:data1\" content=\"1 minute\" \/>\n<script type=\"application\/ld+json\" class=\"yoast-schema-graph\">{\"@context\":\"https:\/\/schema.org\",\"@graph\":[{\"@type\":\"WebPage\",\"@id\":\"https:\/\/kortleksbolaget.se\/en\/product\/bicycle-neon-cool-blue-limited-edition\/\",\"url\":\"https:\/\/kortleksbolaget.se\/en\/product\/bicycle-neon-cool-blue-limited-edition\/\",\"name\":\"Kortlek Bicycle Neon Cool Blue Limited Edition | Kortleksbolaget\",\"isPartOf\":{\"@id\":\"https:\/\/kortleksbolaget.se\/en\/#website\"},\"primaryImageOfPage\":{\"@id\":\"https:\/\/kortleksbolaget.se\/en\/product\/bicycle-neon-cool-blue-limited-edition\/#primaryimage\"},\"image\":{\"@id\":\"https:\/\/kortleksbolaget.se\/en\/product\/bicycle-neon-cool-blue-limited-edition\/#primaryimage\"},\"thumbnailUrl\":\"https:\/\/kortleksbolaget.se\/wp-content\/uploads\/bicycle-neon-blue.jpg\",\"datePublished\":\"2026-03-30T19:36:05+00:00\",\"dateModified\":\"2026-03-30T19:36:46+00:00\",\"description\":\"K\u00f6p Bicycle Neon Cool Blue Limited Edition. Snabba leveranser & bra priser. Sveriges st\u00f6rsta sortiment av kortlekar p\u00e5 Kortleksbolaget!\",\"breadcrumb\":{\"@id\":\"https:\/\/kortleksbolaget.se\/en\/product\/bicycle-neon-cool-blue-limited-edition\/#breadcrumb\"},\"inLanguage\":\"en-US\",\"potentialAction\":[{\"@type\":\"ReadAction\",\"target\":[\"https:\/\/kortleksbolaget.se\/en\/product\/bicycle-neon-cool-blue-limited-edition\/\"]}]},{\"@type\":\"ImageObject\",\"inLanguage\":\"en-US\",\"@id\":\"https:\/\/kortleksbolaget.se\/en\/product\/bicycle-neon-cool-blue-limited-edition\/#primaryimage\",\"url\":\"https:\/\/kortleksbolaget.se\/wp-content\/uploads\/bicycle-neon-blue.jpg\",\"contentUrl\":\"https:\/\/kortleksbolaget.se\/wp-content\/uploads\/bicycle-neon-blue.jpg\",\"width\":466,\"height\":699},{\"@type\":\"BreadcrumbList\",\"@id\":\"https:\/\/kortleksbolaget.se\/en\/product\/bicycle-neon-cool-blue-limited-edition\/#breadcrumb\",\"itemListElement\":[{\"@type\":\"ListItem\",\"position\":1,\"name\":\"Hem\",\"item\":\"https:\/\/kortleksbolaget.se\/en\/\"},{\"@type\":\"ListItem\",\"position\":2,\"name\":\"All products\",\"item\":\"https:\/\/kortleksbolaget.se\/en\/shop\/\"},{\"@type\":\"ListItem\",\"position\":3,\"name\":\"Bicycle Neon Cool Blue Limited Edition\"}]},{\"@type\":\"WebSite\",\"@id\":\"https:\/\/kortleksbolaget.se\/en\/#website\",\"url\":\"https:\/\/kortleksbolaget.se\/en\/\",\"name\":\"Kortleksbolaget\",\"description\":\"Kortlekar p\u00e5 n\u00e4tet\",\"publisher\":{\"@id\":\"https:\/\/kortleksbolaget.se\/en\/#organization\"},\"potentialAction\":[{\"@type\":\"SearchAction\",\"target\":{\"@type\":\"EntryPoint\",\"urlTemplate\":\"https:\/\/kortleksbolaget.se\/en\/?s={search_term_string}\"},\"query-input\":{\"@type\":\"PropertyValueSpecification\",\"valueRequired\":true,\"valueName\":\"search_term_string\"}}],\"inLanguage\":\"en-US\"},{\"@type\":\"Organization\",\"@id\":\"https:\/\/kortleksbolaget.se\/en\/#organization\",\"name\":\"Kortleksbolaget\",\"url\":\"https:\/\/kortleksbolaget.se\/en\/\",\"logo\":{\"@type\":\"ImageObject\",\"inLanguage\":\"en-US\",\"@id\":\"https:\/\/kortleksbolaget.se\/en\/#\/schema\/logo\/image\/\",\"url\":\"https:\/\/kortleksbolaget.se\/wp-content\/uploads\/kortleksbolaget_logo-svart.png\",\"contentUrl\":\"https:\/\/kortleksbolaget.se\/wp-content\/uploads\/kortleksbolaget_logo-svart.png\",\"width\":1200,\"height\":296,\"caption\":\"Kortleksbolaget\"},\"image\":{\"@id\":\"https:\/\/kortleksbolaget.se\/en\/#\/schema\/logo\/image\/\"}}]}<\/script>\n<!-- \/ Yoast SEO plugin. -->","yoast_head_json":{"title":"Kortlek Bicycle Neon Cool Blue Limited Edition | Kortleksbolaget","description":"K\u00f6p Bicycle Neon Cool Blue Limited Edition. Snabba leveranser & bra priser. Sveriges st\u00f6rsta sortiment av kortlekar p\u00e5 Kortleksbolaget!","robots":{"index":"index","follow":"follow","max-snippet":"max-snippet:-1","max-image-preview":"max-image-preview:large","max-video-preview":"max-video-preview:-1"},"canonical":"https:\/\/kortleksbolaget.se\/en\/product\/bicycle-neon-cool-blue-limited-edition\/","og_locale":"en_US","og_type":"article","og_title":"Kortlek Bicycle Neon Cool Blue Limited Edition | Kortleksbolaget","og_description":"K\u00f6p Bicycle Neon Cool Blue Limited Edition. Snabba leveranser & bra priser. Sveriges st\u00f6rsta sortiment av kortlekar p\u00e5 Kortleksbolaget!","og_url":"https:\/\/kortleksbolaget.se\/en\/product\/bicycle-neon-cool-blue-limited-edition\/","og_site_name":"Kortleksbolaget","article_modified_time":"2026-03-30T19:36:46+00:00","og_image":[{"width":466,"height":699,"url":"https:\/\/kortleksbolaget.se\/wp-content\/uploads\/bicycle-neon-blue.jpg","type":"image\/jpeg"}],"twitter_card":"summary_large_image","twitter_misc":{"Est. reading time":"1 minute"},"schema":{"@context":"https:\/\/schema.org","@graph":[{"@type":"WebPage","@id":"https:\/\/kortleksbolaget.se\/en\/product\/bicycle-neon-cool-blue-limited-edition\/","url":"https:\/\/kortleksbolaget.se\/en\/product\/bicycle-neon-cool-blue-limited-edition\/","name":"Kortlek Bicycle Neon Cool Blue Limited Edition | Kortleksbolaget","isPartOf":{"@id":"https:\/\/kortleksbolaget.se\/en\/#website"},"primaryImageOfPage":{"@id":"https:\/\/kortleksbolaget.se\/en\/product\/bicycle-neon-cool-blue-limited-edition\/#primaryimage"},"image":{"@id":"https:\/\/kortleksbolaget.se\/en\/product\/bicycle-neon-cool-blue-limited-edition\/#primaryimage"},"thumbnailUrl":"https:\/\/kortleksbolaget.se\/wp-content\/uploads\/bicycle-neon-blue.jpg","datePublished":"2026-03-30T19:36:05+00:00","dateModified":"2026-03-30T19:36:46+00:00","description":"K\u00f6p Bicycle Neon Cool Blue Limited Edition. Snabba leveranser & bra priser. Sveriges st\u00f6rsta sortiment av kortlekar p\u00e5 Kortleksbolaget!","breadcrumb":{"@id":"https:\/\/kortleksbolaget.se\/en\/product\/bicycle-neon-cool-blue-limited-edition\/#breadcrumb"},"inLanguage":"en-US","potentialAction":[{"@type":"ReadAction","target":["https:\/\/kortleksbolaget.se\/en\/product\/bicycle-neon-cool-blue-limited-edition\/"]}]},{"@type":"ImageObject","inLanguage":"en-US","@id":"https:\/\/kortleksbolaget.se\/en\/product\/bicycle-neon-cool-blue-limited-edition\/#primaryimage","url":"https:\/\/kortleksbolaget.se\/wp-content\/uploads\/bicycle-neon-blue.jpg","contentUrl":"https:\/\/kortleksbolaget.se\/wp-content\/uploads\/bicycle-neon-blue.jpg","width":466,"height":699},{"@type":"BreadcrumbList","@id":"https:\/\/kortleksbolaget.se\/en\/product\/bicycle-neon-cool-blue-limited-edition\/#breadcrumb","itemListElement":[{"@type":"ListItem","position":1,"name":"Hem","item":"https:\/\/kortleksbolaget.se\/en\/"},{"@type":"ListItem","position":2,"name":"All products","item":"https:\/\/kortleksbolaget.se\/en\/shop\/"},{"@type":"ListItem","position":3,"name":"Bicycle Neon Cool Blue Limited Edition"}]},{"@type":"WebSite","@id":"https:\/\/kortleksbolaget.se\/en\/#website","url":"https:\/\/kortleksbolaget.se\/en\/","name":"Kortleksbolaget","description":"Kortlekar p\u00e5 n\u00e4tet","publisher":{"@id":"https:\/\/kortleksbolaget.se\/en\/#organization"},"potentialAction":[{"@type":"SearchAction","target":{"@type":"EntryPoint","urlTemplate":"https:\/\/kortleksbolaget.se\/en\/?s={search_term_string}"},"query-input":{"@type":"PropertyValueSpecification","valueRequired":true,"valueName":"search_term_string"}}],"inLanguage":"en-US"},{"@type":"Organization","@id":"https:\/\/kortleksbolaget.se\/en\/#organization","name":"Kortleksbolaget","url":"https:\/\/kortleksbolaget.se\/en\/","logo":{"@type":"ImageObject","inLanguage":"en-US","@id":"https:\/\/kortleksbolaget.se\/en\/#\/schema\/logo\/image\/","url":"https:\/\/kortleksbolaget.se\/wp-content\/uploads\/kortleksbolaget_logo-svart.png","contentUrl":"https:\/\/kortleksbolaget.se\/wp-content\/uploads\/kortleksbolaget_logo-svart.png","width":1200,"height":296,"caption":"Kortleksbolaget"},"image":{"@id":"https:\/\/kortleksbolaget.se\/en\/#\/schema\/logo\/image\/"}}]}},"_links":{"self":[{"href":"https:\/\/kortleksbolaget.se\/en\/wp-json\/wp\/v2\/product\/158704","targetHints":{"allow":["GET"]}}],"collection":[{"href":"https:\/\/kortleksbolaget.se\/en\/wp-json\/wp\/v2\/product"}],"about":[{"href":"https:\/\/kortleksbolaget.se\/en\/wp-json\/wp\/v2\/types\/product"}],"wp:featuredmedia":[{"embeddable":true,"href":"https:\/\/kortleksbolaget.se\/en\/wp-json\/wp\/v2\/media\/158696"}],"wp:attachment":[{"href":"https:\/\/kortleksbolaget.se\/en\/wp-json\/wp\/v2\/media?parent=158704"}],"wp:term":[{"taxonomy":"product_brand","embeddable":true,"href":"https:\/\/kortleksbolaget.se\/en\/wp-json\/wp\/v2\/product_brand?post=158704"},{"taxonomy":"product_cat","embeddable":true,"href":"https:\/\/kortleksbolaget.se\/en\/wp-json\/wp\/v2\/product_cat?post=158704"},{"taxonomy":"product_tag","embeddable":true,"href":"https:\/\/kortleksbolaget.se\/en\/wp-json\/wp\/v2\/product_tag?post=158704"}],"curies":[{"name":"wp","href":"https:\/\/api.w.org\/{rel}","templated":true}]}}