{"id":158758,"date":"2026-04-01T13:36:42","date_gmt":"2026-04-01T11:36:42","guid":{"rendered":"https:\/\/kortleksbolaget.se\/produkt\/bicycle-disney-mickey-friends-box-set\/"},"modified":"2026-04-01T13:37:15","modified_gmt":"2026-04-01T11:37:15","slug":"bicycle-disney-mickey-friends-box-set","status":"publish","type":"product","link":"https:\/\/kortleksbolaget.se\/en\/product\/bicycle-disney-mickey-friends-box-set\/","title":{"rendered":"Bicycle Disney Mickey &#038; Friends Box Set"},"content":{"rendered":"","protected":false},"excerpt":{"rendered":"<p class=\"tw-data-text tw-text-large tw-ta\" dir=\"ltr\" tabindex=\"-1\" role=\"text\" data-placeholder=\"\u00d6vers\u00e4ttning\" data-ved=\"2ahUKEwisqpnuhcCTAxVQUlUIHU9mMwQQ3ewLegQIDBAV\" aria-label=\"\u00d6versatt text: Fira den sp\u00e4nnande gl\u00e4djen hos dina mest \u00e4lskade Disney-karakt\u00e4rer med denna enast\u00e5ende Disney Musse Pigg och v\u00e4nner inspirerade spelkortsbox fr\u00e5n Bicycle. Spr\u00e4ngfylld med karakt\u00e4rsdriven charm, inneh\u00e5ller denna definitiva samlarutg\u00e5va sex vackert utformade kortlekar, var och en inspirerad av en ikonisk medlem av Disneys legendariska bes\u00e4ttning: Musse Pigg, Mimmi Pigg, Kalle Anka, Kajsa Anka, L\u00e5ngben och Pluto. Varf\u00f6r du kommer att \u00e4lska denna box Sp\u00e4nnande Disney-karakt\u00e4rsdesigner: Anpassade konstverk av Disney Musse Pigg, Mimmi Pigg, Kalle Anka, Kajsa Anka, L\u00e5ngben och Pluto. F\u00f6rh\u00f6jd displayl\u00e5da: F\u00f6rvara alla sex kortlekar vackert f\u00f6rvarade i ett set, eller f\u00f6r enkel transport f\u00f6r att spela var som helst. Premiumkvalitet: Klassisk Bicycle-kartong med Air-Cushion\u00ae-finish f\u00f6r smidig hantering. Perfekt f\u00f6r Klassiska Disney-fans: Livfulla konstverk som p\u00e5minner om animationens guld\u00e5lder Samlare och presentgivare: Perfekt f\u00f6r f\u00f6delsedagar, h\u00f6gtider, speciella tillf\u00e4llen eller \u00f6verraskningspresenter f\u00f6r livsl\u00e5nga Disney-fans. Spelkv\u00e4llsentusiaster: En l\u00e5da, sex kortlekar och o\u00e4ndlig potential f\u00f6r spelkv\u00e4llar.\"><span class=\"Y2IQFc\" lang=\"sv\">Celebrate the exciting joy of your most loved Disney characters with this standout <b>Disney Mickey and Friends Inspired Playing Cards Box Set by Bicycle<\/b>.<\/p>\n<p>Bursting with character-driven charm, this definitive collector&#8217;s edition includes six beautifully crafted decks, each inspired by one iconic member of Disney&#8217;s legendary crew: Mickey Mouse, Minnie Mouse, Donald Duck, Daisy Duck, Goofy, and Pluto.<\/p>\n<p><b>Why You&#8217;ll Love This Box Set<\/b><\/span><\/p>\n<ul>\n<li>Exciting Disney Character Designs: Custom artwork of Disney Mickey Mouse, Minnie Mouse, Donald Duck, Daisy Duck, Goofy, and Pluto.<\/li>\n<li>Elevated Display Box: Keep all six decks contained beautifully in one set, or for ease of transport to play anywhere.<\/li>\n<li>Premium Quality: Classic Bicycle cardstock with Air-Cushion\u00ae Finish for smooth handling.<\/li>\n<\/ul>\n<p class=\"tw-data-text tw-text-large tw-ta\" dir=\"ltr\" tabindex=\"-1\" role=\"text\" data-placeholder=\"\u00d6vers\u00e4ttning\" data-ved=\"2ahUKEwisqpnuhcCTAxVQUlUIHU9mMwQQ3ewLegQIDBAV\" aria-label=\"\u00d6versatt text: Fira den sp\u00e4nnande gl\u00e4djen hos dina mest \u00e4lskade Disney-karakt\u00e4rer med denna enast\u00e5ende Disney Musse Pigg och v\u00e4nner inspirerade spelkortsbox fr\u00e5n Bicycle. Spr\u00e4ngfylld med karakt\u00e4rsdriven charm, inneh\u00e5ller denna definitiva samlarutg\u00e5va sex vackert utformade kortlekar, var och en inspirerad av en ikonisk medlem av Disneys legendariska bes\u00e4ttning: Musse Pigg, Mimmi Pigg, Kalle Anka, Kajsa Anka, L\u00e5ngben och Pluto. Varf\u00f6r du kommer att \u00e4lska denna box Sp\u00e4nnande Disney-karakt\u00e4rsdesigner: Anpassade konstverk av Disney Musse Pigg, Mimmi Pigg, Kalle Anka, Kajsa Anka, L\u00e5ngben och Pluto. F\u00f6rh\u00f6jd displayl\u00e5da: F\u00f6rvara alla sex kortlekar vackert f\u00f6rvarade i ett set, eller f\u00f6r enkel transport f\u00f6r att spela var som helst. Premiumkvalitet: Klassisk Bicycle-kartong med Air-Cushion\u00ae-finish f\u00f6r smidig hantering. Perfekt f\u00f6r Klassiska Disney-fans: Livfulla konstverk som p\u00e5minner om animationens guld\u00e5lder Samlare och presentgivare: Perfekt f\u00f6r f\u00f6delsedagar, h\u00f6gtider, speciella tillf\u00e4llen eller \u00f6verraskningspresenter f\u00f6r livsl\u00e5nga Disney-fans. Spelkv\u00e4llsentusiaster: En l\u00e5da, sex kortlekar och o\u00e4ndlig potential f\u00f6r spelkv\u00e4llar.\"><span class=\"Y2IQFc\" lang=\"sv\"><b>Perfect For<\/b><\/span><\/p>\n<ul>\n<li>Classic Disney Fans: Vibrant artwork reminiscent of the Golden Age of animation<\/li>\n<li>Collectors &amp; Gift-Givers: Perfect for birthdays, holidays, special occasions, or surprise treats for lifelong Disney fans.<\/li>\n<li>Game Night Enthusiasts: One box, six decks, and endless game night potential.<\/li>\n<\/ul>\n<p id=\"tw-target-text\" class=\"tw-data-text tw-text-large tw-ta\" dir=\"ltr\" tabindex=\"-1\" role=\"text\" data-placeholder=\"\u00d6vers\u00e4ttning\" data-ved=\"2ahUKEwisqpnuhcCTAxVQUlUIHU9mMwQQ3ewLegQIDBAV\" aria-label=\"\u00d6versatt text: Fira den sp\u00e4nnande gl\u00e4djen hos dina mest \u00e4lskade Disney-karakt\u00e4rer med denna enast\u00e5ende Disney Musse Pigg och v\u00e4nner inspirerade spelkortsbox fr\u00e5n Bicycle. Spr\u00e4ngfylld med karakt\u00e4rsdriven charm, inneh\u00e5ller denna definitiva samlarutg\u00e5va sex vackert utformade kortlekar, var och en inspirerad av en ikonisk medlem av Disneys legendariska bes\u00e4ttning: Musse Pigg, Mimmi Pigg, Kalle Anka, Kajsa Anka, L\u00e5ngben och Pluto. Varf\u00f6r du kommer att \u00e4lska denna box Sp\u00e4nnande Disney-karakt\u00e4rsdesigner: Anpassade konstverk av Disney Musse Pigg, Mimmi Pigg, Kalle Anka, Kajsa Anka, L\u00e5ngben och Pluto. F\u00f6rh\u00f6jd displayl\u00e5da: F\u00f6rvara alla sex kortlekar vackert f\u00f6rvarade i ett set, eller f\u00f6r enkel transport f\u00f6r att spela var som helst. Premiumkvalitet: Klassisk Bicycle-kartong med Air-Cushion\u00ae-finish f\u00f6r smidig hantering. Perfekt f\u00f6r Klassiska Disney-fans: Livfulla konstverk som p\u00e5minner om animationens guld\u00e5lder Samlare och presentgivare: Perfekt f\u00f6r f\u00f6delsedagar, h\u00f6gtider, speciella tillf\u00e4llen eller \u00f6verraskningspresenter f\u00f6r livsl\u00e5nga Disney-fans. Spelkv\u00e4llsentusiaster: En l\u00e5da, sex kortlekar och o\u00e4ndlig potential f\u00f6r spelkv\u00e4llar.\"><span class=\"Y2IQFc\" lang=\"sv\">\u00a0<\/span><\/p>\n<p> [&#8230;]<\/p>\n<p><a class=\"btn btn-secondary understrap-read-more-link\" href=\"https:\/\/kortleksbolaget.se\/en\/product\/bicycle-disney-mickey-friends-box-set\/\">Read More&#8230;<span class=\"screen-reader-text\"> from Bicycle Disney Mickey &#038; Friends Box Set<\/span><\/a><\/p>\n","protected":false},"featured_media":158755,"template":"","meta":{"_acf_changed":false},"product_brand":[],"product_cat":[75],"product_tag":[],"class_list":{"0":"post-158758","1":"product","2":"type-product","3":"status-publish","4":"has-post-thumbnail","6":"varumarke-bicycle-en","7":"varumarke-uspcc-en","8":"product_cat-special-lyx-limited-en","10":"first","11":"instock","12":"featured","13":"taxable","14":"shipping-taxable","15":"purchasable","16":"product-type-simple"},"acf":[],"yoast_head":"<!-- This site is optimized with the Yoast SEO plugin v26.3 - https:\/\/yoast.com\/wordpress\/plugins\/seo\/ -->\n<title>Kortlek Bicycle Disney Mickey &amp; Friends Box Set | Kortleksbolaget<\/title>\n<meta name=\"description\" content=\"K\u00f6p Bicycle Disney Mickey &amp; Friends Box Set. Snabba leveranser &amp; bra priser. Sveriges st\u00f6rsta sortiment av kortlekar p\u00e5 Kortleksbolaget!\" \/>\n<meta name=\"robots\" content=\"index, follow, max-snippet:-1, max-image-preview:large, max-video-preview:-1\" \/>\n<link rel=\"canonical\" href=\"https:\/\/kortleksbolaget.se\/en\/product\/bicycle-disney-mickey-friends-box-set\/\" \/>\n<meta property=\"og:locale\" content=\"en_US\" \/>\n<meta property=\"og:type\" content=\"article\" \/>\n<meta property=\"og:title\" content=\"Kortlek Bicycle Disney Mickey &amp; Friends Box Set | Kortleksbolaget\" \/>\n<meta property=\"og:description\" content=\"K\u00f6p Bicycle Disney Mickey &amp; Friends Box Set. Snabba leveranser &amp; bra priser. Sveriges st\u00f6rsta sortiment av kortlekar p\u00e5 Kortleksbolaget!\" \/>\n<meta property=\"og:url\" content=\"https:\/\/kortleksbolaget.se\/en\/product\/bicycle-disney-mickey-friends-box-set\/\" \/>\n<meta property=\"og:site_name\" content=\"Kortleksbolaget\" \/>\n<meta property=\"article:modified_time\" content=\"2026-04-01T11:37:15+00:00\" \/>\n<meta property=\"og:image\" content=\"https:\/\/kortleksbolaget.se\/wp-content\/uploads\/disney-box.jpg\" \/>\n\t<meta property=\"og:image:width\" content=\"998\" \/>\n\t<meta property=\"og:image:height\" content=\"1497\" \/>\n\t<meta property=\"og:image:type\" content=\"image\/jpeg\" \/>\n<meta name=\"twitter:card\" content=\"summary_large_image\" \/>\n<meta name=\"twitter:label1\" content=\"Est. reading time\" \/>\n\t<meta name=\"twitter:data1\" content=\"1 minute\" \/>\n<script type=\"application\/ld+json\" class=\"yoast-schema-graph\">{\"@context\":\"https:\/\/schema.org\",\"@graph\":[{\"@type\":\"WebPage\",\"@id\":\"https:\/\/kortleksbolaget.se\/en\/product\/bicycle-disney-mickey-friends-box-set\/\",\"url\":\"https:\/\/kortleksbolaget.se\/en\/product\/bicycle-disney-mickey-friends-box-set\/\",\"name\":\"Kortlek Bicycle Disney Mickey & Friends Box Set | Kortleksbolaget\",\"isPartOf\":{\"@id\":\"https:\/\/kortleksbolaget.se\/en\/#website\"},\"primaryImageOfPage\":{\"@id\":\"https:\/\/kortleksbolaget.se\/en\/product\/bicycle-disney-mickey-friends-box-set\/#primaryimage\"},\"image\":{\"@id\":\"https:\/\/kortleksbolaget.se\/en\/product\/bicycle-disney-mickey-friends-box-set\/#primaryimage\"},\"thumbnailUrl\":\"https:\/\/kortleksbolaget.se\/wp-content\/uploads\/disney-box.jpg\",\"datePublished\":\"2026-04-01T11:36:42+00:00\",\"dateModified\":\"2026-04-01T11:37:15+00:00\",\"description\":\"K\u00f6p Bicycle Disney Mickey & Friends Box Set. Snabba leveranser & bra priser. Sveriges st\u00f6rsta sortiment av kortlekar p\u00e5 Kortleksbolaget!\",\"breadcrumb\":{\"@id\":\"https:\/\/kortleksbolaget.se\/en\/product\/bicycle-disney-mickey-friends-box-set\/#breadcrumb\"},\"inLanguage\":\"en-US\",\"potentialAction\":[{\"@type\":\"ReadAction\",\"target\":[\"https:\/\/kortleksbolaget.se\/en\/product\/bicycle-disney-mickey-friends-box-set\/\"]}]},{\"@type\":\"ImageObject\",\"inLanguage\":\"en-US\",\"@id\":\"https:\/\/kortleksbolaget.se\/en\/product\/bicycle-disney-mickey-friends-box-set\/#primaryimage\",\"url\":\"https:\/\/kortleksbolaget.se\/wp-content\/uploads\/disney-box.jpg\",\"contentUrl\":\"https:\/\/kortleksbolaget.se\/wp-content\/uploads\/disney-box.jpg\",\"width\":998,\"height\":1497},{\"@type\":\"BreadcrumbList\",\"@id\":\"https:\/\/kortleksbolaget.se\/en\/product\/bicycle-disney-mickey-friends-box-set\/#breadcrumb\",\"itemListElement\":[{\"@type\":\"ListItem\",\"position\":1,\"name\":\"Hem\",\"item\":\"https:\/\/kortleksbolaget.se\/en\/\"},{\"@type\":\"ListItem\",\"position\":2,\"name\":\"All products\",\"item\":\"https:\/\/kortleksbolaget.se\/en\/shop\/\"},{\"@type\":\"ListItem\",\"position\":3,\"name\":\"Bicycle Disney Mickey &#038; Friends Box Set\"}]},{\"@type\":\"WebSite\",\"@id\":\"https:\/\/kortleksbolaget.se\/en\/#website\",\"url\":\"https:\/\/kortleksbolaget.se\/en\/\",\"name\":\"Kortleksbolaget\",\"description\":\"Kortlekar p\u00e5 n\u00e4tet\",\"publisher\":{\"@id\":\"https:\/\/kortleksbolaget.se\/en\/#organization\"},\"potentialAction\":[{\"@type\":\"SearchAction\",\"target\":{\"@type\":\"EntryPoint\",\"urlTemplate\":\"https:\/\/kortleksbolaget.se\/en\/?s={search_term_string}\"},\"query-input\":{\"@type\":\"PropertyValueSpecification\",\"valueRequired\":true,\"valueName\":\"search_term_string\"}}],\"inLanguage\":\"en-US\"},{\"@type\":\"Organization\",\"@id\":\"https:\/\/kortleksbolaget.se\/en\/#organization\",\"name\":\"Kortleksbolaget\",\"url\":\"https:\/\/kortleksbolaget.se\/en\/\",\"logo\":{\"@type\":\"ImageObject\",\"inLanguage\":\"en-US\",\"@id\":\"https:\/\/kortleksbolaget.se\/en\/#\/schema\/logo\/image\/\",\"url\":\"https:\/\/kortleksbolaget.se\/wp-content\/uploads\/kortleksbolaget_logo-svart.png\",\"contentUrl\":\"https:\/\/kortleksbolaget.se\/wp-content\/uploads\/kortleksbolaget_logo-svart.png\",\"width\":1200,\"height\":296,\"caption\":\"Kortleksbolaget\"},\"image\":{\"@id\":\"https:\/\/kortleksbolaget.se\/en\/#\/schema\/logo\/image\/\"}}]}<\/script>\n<!-- \/ Yoast SEO plugin. -->","yoast_head_json":{"title":"Kortlek Bicycle Disney Mickey & Friends Box Set | Kortleksbolaget","description":"K\u00f6p Bicycle Disney Mickey & Friends Box Set. Snabba leveranser & bra priser. Sveriges st\u00f6rsta sortiment av kortlekar p\u00e5 Kortleksbolaget!","robots":{"index":"index","follow":"follow","max-snippet":"max-snippet:-1","max-image-preview":"max-image-preview:large","max-video-preview":"max-video-preview:-1"},"canonical":"https:\/\/kortleksbolaget.se\/en\/product\/bicycle-disney-mickey-friends-box-set\/","og_locale":"en_US","og_type":"article","og_title":"Kortlek Bicycle Disney Mickey & Friends Box Set | Kortleksbolaget","og_description":"K\u00f6p Bicycle Disney Mickey & Friends Box Set. Snabba leveranser & bra priser. Sveriges st\u00f6rsta sortiment av kortlekar p\u00e5 Kortleksbolaget!","og_url":"https:\/\/kortleksbolaget.se\/en\/product\/bicycle-disney-mickey-friends-box-set\/","og_site_name":"Kortleksbolaget","article_modified_time":"2026-04-01T11:37:15+00:00","og_image":[{"width":998,"height":1497,"url":"https:\/\/kortleksbolaget.se\/wp-content\/uploads\/disney-box.jpg","type":"image\/jpeg"}],"twitter_card":"summary_large_image","twitter_misc":{"Est. reading time":"1 minute"},"schema":{"@context":"https:\/\/schema.org","@graph":[{"@type":"WebPage","@id":"https:\/\/kortleksbolaget.se\/en\/product\/bicycle-disney-mickey-friends-box-set\/","url":"https:\/\/kortleksbolaget.se\/en\/product\/bicycle-disney-mickey-friends-box-set\/","name":"Kortlek Bicycle Disney Mickey & Friends Box Set | Kortleksbolaget","isPartOf":{"@id":"https:\/\/kortleksbolaget.se\/en\/#website"},"primaryImageOfPage":{"@id":"https:\/\/kortleksbolaget.se\/en\/product\/bicycle-disney-mickey-friends-box-set\/#primaryimage"},"image":{"@id":"https:\/\/kortleksbolaget.se\/en\/product\/bicycle-disney-mickey-friends-box-set\/#primaryimage"},"thumbnailUrl":"https:\/\/kortleksbolaget.se\/wp-content\/uploads\/disney-box.jpg","datePublished":"2026-04-01T11:36:42+00:00","dateModified":"2026-04-01T11:37:15+00:00","description":"K\u00f6p Bicycle Disney Mickey & Friends Box Set. Snabba leveranser & bra priser. Sveriges st\u00f6rsta sortiment av kortlekar p\u00e5 Kortleksbolaget!","breadcrumb":{"@id":"https:\/\/kortleksbolaget.se\/en\/product\/bicycle-disney-mickey-friends-box-set\/#breadcrumb"},"inLanguage":"en-US","potentialAction":[{"@type":"ReadAction","target":["https:\/\/kortleksbolaget.se\/en\/product\/bicycle-disney-mickey-friends-box-set\/"]}]},{"@type":"ImageObject","inLanguage":"en-US","@id":"https:\/\/kortleksbolaget.se\/en\/product\/bicycle-disney-mickey-friends-box-set\/#primaryimage","url":"https:\/\/kortleksbolaget.se\/wp-content\/uploads\/disney-box.jpg","contentUrl":"https:\/\/kortleksbolaget.se\/wp-content\/uploads\/disney-box.jpg","width":998,"height":1497},{"@type":"BreadcrumbList","@id":"https:\/\/kortleksbolaget.se\/en\/product\/bicycle-disney-mickey-friends-box-set\/#breadcrumb","itemListElement":[{"@type":"ListItem","position":1,"name":"Hem","item":"https:\/\/kortleksbolaget.se\/en\/"},{"@type":"ListItem","position":2,"name":"All products","item":"https:\/\/kortleksbolaget.se\/en\/shop\/"},{"@type":"ListItem","position":3,"name":"Bicycle Disney Mickey &#038; Friends Box Set"}]},{"@type":"WebSite","@id":"https:\/\/kortleksbolaget.se\/en\/#website","url":"https:\/\/kortleksbolaget.se\/en\/","name":"Kortleksbolaget","description":"Kortlekar p\u00e5 n\u00e4tet","publisher":{"@id":"https:\/\/kortleksbolaget.se\/en\/#organization"},"potentialAction":[{"@type":"SearchAction","target":{"@type":"EntryPoint","urlTemplate":"https:\/\/kortleksbolaget.se\/en\/?s={search_term_string}"},"query-input":{"@type":"PropertyValueSpecification","valueRequired":true,"valueName":"search_term_string"}}],"inLanguage":"en-US"},{"@type":"Organization","@id":"https:\/\/kortleksbolaget.se\/en\/#organization","name":"Kortleksbolaget","url":"https:\/\/kortleksbolaget.se\/en\/","logo":{"@type":"ImageObject","inLanguage":"en-US","@id":"https:\/\/kortleksbolaget.se\/en\/#\/schema\/logo\/image\/","url":"https:\/\/kortleksbolaget.se\/wp-content\/uploads\/kortleksbolaget_logo-svart.png","contentUrl":"https:\/\/kortleksbolaget.se\/wp-content\/uploads\/kortleksbolaget_logo-svart.png","width":1200,"height":296,"caption":"Kortleksbolaget"},"image":{"@id":"https:\/\/kortleksbolaget.se\/en\/#\/schema\/logo\/image\/"}}]}},"_links":{"self":[{"href":"https:\/\/kortleksbolaget.se\/en\/wp-json\/wp\/v2\/product\/158758","targetHints":{"allow":["GET"]}}],"collection":[{"href":"https:\/\/kortleksbolaget.se\/en\/wp-json\/wp\/v2\/product"}],"about":[{"href":"https:\/\/kortleksbolaget.se\/en\/wp-json\/wp\/v2\/types\/product"}],"wp:featuredmedia":[{"embeddable":true,"href":"https:\/\/kortleksbolaget.se\/en\/wp-json\/wp\/v2\/media\/158755"}],"wp:attachment":[{"href":"https:\/\/kortleksbolaget.se\/en\/wp-json\/wp\/v2\/media?parent=158758"}],"wp:term":[{"taxonomy":"product_brand","embeddable":true,"href":"https:\/\/kortleksbolaget.se\/en\/wp-json\/wp\/v2\/product_brand?post=158758"},{"taxonomy":"product_cat","embeddable":true,"href":"https:\/\/kortleksbolaget.se\/en\/wp-json\/wp\/v2\/product_cat?post=158758"},{"taxonomy":"product_tag","embeddable":true,"href":"https:\/\/kortleksbolaget.se\/en\/wp-json\/wp\/v2\/product_tag?post=158758"}],"curies":[{"name":"wp","href":"https:\/\/api.w.org\/{rel}","templated":true}]}}