{"id":42276,"date":"2020-09-22T11:02:56","date_gmt":"2020-09-22T09:02:56","guid":{"rendered":"https:\/\/kortleksbolaget.se\/nyasidan2021\/produkt\/jerrys-nugget-vintage-feel-orange\/"},"modified":"2020-12-10T17:00:54","modified_gmt":"2020-12-10T16:00:54","slug":"jerrys-nugget-vintage-feel-orange","status":"publish","type":"product","link":"https:\/\/kortleksbolaget.se\/en\/product\/jerrys-nugget-vintage-feel-orange\/","title":{"rendered":"Jerry&#8217;s Nugget Vintage Feel Orange"},"content":{"rendered":"","protected":false},"excerpt":{"rendered":"<p><span lang=\"sv\">Jerry&#8217;s Nuggets are now in a new colorway, <b>Vintage Feel Jerry&#8217;s Nuggets (ORANGE) Playing Cards<\/b>. The orange makes the iconic Jerry&#8217;s Nugget tower pop.<br \/>\nThe LIMITED Vintage Feel paper, the traditional cut, and the exclusive JN FINISH will make you swear it is one of the original decks&#8211; yet at an everyday price.<br \/>\nThey are smooth yet snappy&#8230;once in your hands you will NOT be able to put them down. Perfect for magicians, cardists and collectors, the classic Jerry Nugget design contrasts perfectly against the ORANGE back design. Orange is known for success, encouragement and creativity.<\/p>\n<p>The collaboration with Expert Playing Card Company (EPCC) and Jerry&#8217;s Nugget Las Vegas; Murphy&#8217;s Magic is excited to release the Vintage Feel <b>Jerry&#8217;s Nuggets (ORANGE) Playing Cards<\/b>. The world&#8217;s most iconic deck of cards ever to be created. Now Jerry&#8217;s Nuggets Playing Cards are your EVERYDAY cards! See pictures below.<br \/>\n<\/span><\/p>\n<ul>\n<li><b>Vintage Feel<\/b> edition printed by EPCC<\/li>\n<li>Traditionally cut<\/li>\n<li>Traditional long tongue flap, red tear strip, and the off-center tax stamp seal<\/li>\n<li>Original Jokers and Ace of Spades and classic Jerry&#8217;s Nugget design<\/li>\n<li>Printed EPCC&#8217;s JN Finish &#8211; the closest feel to the original Jerry&#8217;s!<\/li>\n<li>Priced low so that Jerry&#8217;s can be your everyday carry<\/li>\n<\/ul>\n<p> [&#8230;]<\/p>\n<p><a class=\"btn btn-secondary understrap-read-more-link\" href=\"https:\/\/kortleksbolaget.se\/en\/product\/jerrys-nugget-vintage-feel-orange\/\">Read More&#8230;<span class=\"screen-reader-text\"> from Jerry&#8217;s Nugget Vintage Feel Orange<\/span><\/a><\/p>\n","protected":false},"featured_media":40621,"template":"","meta":{"_acf_changed":false},"product_brand":[],"product_cat":[75],"product_tag":[],"class_list":{"0":"post-42276","1":"product","2":"type-product","3":"status-publish","4":"has-post-thumbnail","6":"product_cat-special-lyx-limited-en","8":"first","9":"outofstock","10":"taxable","11":"shipping-taxable","12":"purchasable","13":"product-type-simple"},"acf":[],"yoast_head":"<!-- This site is optimized with the Yoast SEO plugin v26.3 - https:\/\/yoast.com\/wordpress\/plugins\/seo\/ -->\n<title>Kortlek Jerry&#039;s Nugget Vintage Feel Orange | Kortleksbolaget<\/title>\n<meta name=\"description\" content=\"K\u00f6p Jerry&#039;s Nugget Vintage Feel Orange. Snabba leveranser &amp; bra priser. Sveriges st\u00f6rsta sortiment av kortlekar p\u00e5 Kortleksbolaget!\" \/>\n<meta name=\"robots\" content=\"index, follow, max-snippet:-1, max-image-preview:large, max-video-preview:-1\" \/>\n<link rel=\"canonical\" href=\"https:\/\/kortleksbolaget.se\/en\/product\/jerrys-nugget-vintage-feel-orange\/\" \/>\n<meta property=\"og:locale\" content=\"en_US\" \/>\n<meta property=\"og:type\" content=\"article\" \/>\n<meta property=\"og:title\" content=\"Kortlek Jerry&#039;s Nugget Vintage Feel Orange | Kortleksbolaget\" \/>\n<meta property=\"og:description\" content=\"K\u00f6p Jerry&#039;s Nugget Vintage Feel Orange. Snabba leveranser &amp; bra priser. Sveriges st\u00f6rsta sortiment av kortlekar p\u00e5 Kortleksbolaget!\" \/>\n<meta property=\"og:url\" content=\"https:\/\/kortleksbolaget.se\/en\/product\/jerrys-nugget-vintage-feel-orange\/\" \/>\n<meta property=\"og:site_name\" content=\"Kortleksbolaget\" \/>\n<meta property=\"article:modified_time\" content=\"2020-12-10T16:00:54+00:00\" \/>\n<meta property=\"og:image\" content=\"https:\/\/kortleksbolaget.se\/wp-content\/uploads\/jerrys-nugget-orange-1.jpg\" \/>\n\t<meta property=\"og:image:width\" content=\"554\" \/>\n\t<meta property=\"og:image:height\" content=\"830\" \/>\n\t<meta property=\"og:image:type\" content=\"image\/jpeg\" \/>\n<meta name=\"twitter:card\" content=\"summary_large_image\" \/>\n<script type=\"application\/ld+json\" class=\"yoast-schema-graph\">{\"@context\":\"https:\/\/schema.org\",\"@graph\":[{\"@type\":\"WebPage\",\"@id\":\"https:\/\/kortleksbolaget.se\/en\/product\/jerrys-nugget-vintage-feel-orange\/\",\"url\":\"https:\/\/kortleksbolaget.se\/en\/product\/jerrys-nugget-vintage-feel-orange\/\",\"name\":\"Kortlek Jerry's Nugget Vintage Feel Orange | Kortleksbolaget\",\"isPartOf\":{\"@id\":\"https:\/\/kortleksbolaget.se\/en\/#website\"},\"primaryImageOfPage\":{\"@id\":\"https:\/\/kortleksbolaget.se\/en\/product\/jerrys-nugget-vintage-feel-orange\/#primaryimage\"},\"image\":{\"@id\":\"https:\/\/kortleksbolaget.se\/en\/product\/jerrys-nugget-vintage-feel-orange\/#primaryimage\"},\"thumbnailUrl\":\"https:\/\/kortleksbolaget.se\/wp-content\/uploads\/jerrys-nugget-orange-1.jpg\",\"datePublished\":\"2020-09-22T09:02:56+00:00\",\"dateModified\":\"2020-12-10T16:00:54+00:00\",\"description\":\"K\u00f6p Jerry's Nugget Vintage Feel Orange. Snabba leveranser & bra priser. Sveriges st\u00f6rsta sortiment av kortlekar p\u00e5 Kortleksbolaget!\",\"breadcrumb\":{\"@id\":\"https:\/\/kortleksbolaget.se\/en\/product\/jerrys-nugget-vintage-feel-orange\/#breadcrumb\"},\"inLanguage\":\"en-US\",\"potentialAction\":[{\"@type\":\"ReadAction\",\"target\":[\"https:\/\/kortleksbolaget.se\/en\/product\/jerrys-nugget-vintage-feel-orange\/\"]}]},{\"@type\":\"ImageObject\",\"inLanguage\":\"en-US\",\"@id\":\"https:\/\/kortleksbolaget.se\/en\/product\/jerrys-nugget-vintage-feel-orange\/#primaryimage\",\"url\":\"https:\/\/kortleksbolaget.se\/wp-content\/uploads\/jerrys-nugget-orange-1.jpg\",\"contentUrl\":\"https:\/\/kortleksbolaget.se\/wp-content\/uploads\/jerrys-nugget-orange-1.jpg\",\"width\":554,\"height\":830},{\"@type\":\"BreadcrumbList\",\"@id\":\"https:\/\/kortleksbolaget.se\/en\/product\/jerrys-nugget-vintage-feel-orange\/#breadcrumb\",\"itemListElement\":[{\"@type\":\"ListItem\",\"position\":1,\"name\":\"Hem\",\"item\":\"https:\/\/kortleksbolaget.se\/en\/\"},{\"@type\":\"ListItem\",\"position\":2,\"name\":\"All products\",\"item\":\"https:\/\/kortleksbolaget.se\/en\/shop\/\"},{\"@type\":\"ListItem\",\"position\":3,\"name\":\"Jerry&#8217;s Nugget Vintage Feel Orange\"}]},{\"@type\":\"WebSite\",\"@id\":\"https:\/\/kortleksbolaget.se\/en\/#website\",\"url\":\"https:\/\/kortleksbolaget.se\/en\/\",\"name\":\"Kortleksbolaget\",\"description\":\"Kortlekar p\u00e5 n\u00e4tet\",\"publisher\":{\"@id\":\"https:\/\/kortleksbolaget.se\/en\/#organization\"},\"potentialAction\":[{\"@type\":\"SearchAction\",\"target\":{\"@type\":\"EntryPoint\",\"urlTemplate\":\"https:\/\/kortleksbolaget.se\/en\/?s={search_term_string}\"},\"query-input\":{\"@type\":\"PropertyValueSpecification\",\"valueRequired\":true,\"valueName\":\"search_term_string\"}}],\"inLanguage\":\"en-US\"},{\"@type\":\"Organization\",\"@id\":\"https:\/\/kortleksbolaget.se\/en\/#organization\",\"name\":\"Kortleksbolaget\",\"url\":\"https:\/\/kortleksbolaget.se\/en\/\",\"logo\":{\"@type\":\"ImageObject\",\"inLanguage\":\"en-US\",\"@id\":\"https:\/\/kortleksbolaget.se\/en\/#\/schema\/logo\/image\/\",\"url\":\"https:\/\/kortleksbolaget.se\/wp-content\/uploads\/kortleksbolaget_logo-svart.png\",\"contentUrl\":\"https:\/\/kortleksbolaget.se\/wp-content\/uploads\/kortleksbolaget_logo-svart.png\",\"width\":1200,\"height\":296,\"caption\":\"Kortleksbolaget\"},\"image\":{\"@id\":\"https:\/\/kortleksbolaget.se\/en\/#\/schema\/logo\/image\/\"}}]}<\/script>\n<!-- \/ Yoast SEO plugin. -->","yoast_head_json":{"title":"Kortlek Jerry's Nugget Vintage Feel Orange | Kortleksbolaget","description":"K\u00f6p Jerry's Nugget Vintage Feel Orange. Snabba leveranser & bra priser. Sveriges st\u00f6rsta sortiment av kortlekar p\u00e5 Kortleksbolaget!","robots":{"index":"index","follow":"follow","max-snippet":"max-snippet:-1","max-image-preview":"max-image-preview:large","max-video-preview":"max-video-preview:-1"},"canonical":"https:\/\/kortleksbolaget.se\/en\/product\/jerrys-nugget-vintage-feel-orange\/","og_locale":"en_US","og_type":"article","og_title":"Kortlek Jerry's Nugget Vintage Feel Orange | Kortleksbolaget","og_description":"K\u00f6p Jerry's Nugget Vintage Feel Orange. Snabba leveranser & bra priser. Sveriges st\u00f6rsta sortiment av kortlekar p\u00e5 Kortleksbolaget!","og_url":"https:\/\/kortleksbolaget.se\/en\/product\/jerrys-nugget-vintage-feel-orange\/","og_site_name":"Kortleksbolaget","article_modified_time":"2020-12-10T16:00:54+00:00","og_image":[{"width":554,"height":830,"url":"https:\/\/kortleksbolaget.se\/wp-content\/uploads\/jerrys-nugget-orange-1.jpg","type":"image\/jpeg"}],"twitter_card":"summary_large_image","schema":{"@context":"https:\/\/schema.org","@graph":[{"@type":"WebPage","@id":"https:\/\/kortleksbolaget.se\/en\/product\/jerrys-nugget-vintage-feel-orange\/","url":"https:\/\/kortleksbolaget.se\/en\/product\/jerrys-nugget-vintage-feel-orange\/","name":"Kortlek Jerry's Nugget Vintage Feel Orange | Kortleksbolaget","isPartOf":{"@id":"https:\/\/kortleksbolaget.se\/en\/#website"},"primaryImageOfPage":{"@id":"https:\/\/kortleksbolaget.se\/en\/product\/jerrys-nugget-vintage-feel-orange\/#primaryimage"},"image":{"@id":"https:\/\/kortleksbolaget.se\/en\/product\/jerrys-nugget-vintage-feel-orange\/#primaryimage"},"thumbnailUrl":"https:\/\/kortleksbolaget.se\/wp-content\/uploads\/jerrys-nugget-orange-1.jpg","datePublished":"2020-09-22T09:02:56+00:00","dateModified":"2020-12-10T16:00:54+00:00","description":"K\u00f6p Jerry's Nugget Vintage Feel Orange. Snabba leveranser & bra priser. Sveriges st\u00f6rsta sortiment av kortlekar p\u00e5 Kortleksbolaget!","breadcrumb":{"@id":"https:\/\/kortleksbolaget.se\/en\/product\/jerrys-nugget-vintage-feel-orange\/#breadcrumb"},"inLanguage":"en-US","potentialAction":[{"@type":"ReadAction","target":["https:\/\/kortleksbolaget.se\/en\/product\/jerrys-nugget-vintage-feel-orange\/"]}]},{"@type":"ImageObject","inLanguage":"en-US","@id":"https:\/\/kortleksbolaget.se\/en\/product\/jerrys-nugget-vintage-feel-orange\/#primaryimage","url":"https:\/\/kortleksbolaget.se\/wp-content\/uploads\/jerrys-nugget-orange-1.jpg","contentUrl":"https:\/\/kortleksbolaget.se\/wp-content\/uploads\/jerrys-nugget-orange-1.jpg","width":554,"height":830},{"@type":"BreadcrumbList","@id":"https:\/\/kortleksbolaget.se\/en\/product\/jerrys-nugget-vintage-feel-orange\/#breadcrumb","itemListElement":[{"@type":"ListItem","position":1,"name":"Hem","item":"https:\/\/kortleksbolaget.se\/en\/"},{"@type":"ListItem","position":2,"name":"All products","item":"https:\/\/kortleksbolaget.se\/en\/shop\/"},{"@type":"ListItem","position":3,"name":"Jerry&#8217;s Nugget Vintage Feel Orange"}]},{"@type":"WebSite","@id":"https:\/\/kortleksbolaget.se\/en\/#website","url":"https:\/\/kortleksbolaget.se\/en\/","name":"Kortleksbolaget","description":"Kortlekar p\u00e5 n\u00e4tet","publisher":{"@id":"https:\/\/kortleksbolaget.se\/en\/#organization"},"potentialAction":[{"@type":"SearchAction","target":{"@type":"EntryPoint","urlTemplate":"https:\/\/kortleksbolaget.se\/en\/?s={search_term_string}"},"query-input":{"@type":"PropertyValueSpecification","valueRequired":true,"valueName":"search_term_string"}}],"inLanguage":"en-US"},{"@type":"Organization","@id":"https:\/\/kortleksbolaget.se\/en\/#organization","name":"Kortleksbolaget","url":"https:\/\/kortleksbolaget.se\/en\/","logo":{"@type":"ImageObject","inLanguage":"en-US","@id":"https:\/\/kortleksbolaget.se\/en\/#\/schema\/logo\/image\/","url":"https:\/\/kortleksbolaget.se\/wp-content\/uploads\/kortleksbolaget_logo-svart.png","contentUrl":"https:\/\/kortleksbolaget.se\/wp-content\/uploads\/kortleksbolaget_logo-svart.png","width":1200,"height":296,"caption":"Kortleksbolaget"},"image":{"@id":"https:\/\/kortleksbolaget.se\/en\/#\/schema\/logo\/image\/"}}]}},"_links":{"self":[{"href":"https:\/\/kortleksbolaget.se\/en\/wp-json\/wp\/v2\/product\/42276","targetHints":{"allow":["GET"]}}],"collection":[{"href":"https:\/\/kortleksbolaget.se\/en\/wp-json\/wp\/v2\/product"}],"about":[{"href":"https:\/\/kortleksbolaget.se\/en\/wp-json\/wp\/v2\/types\/product"}],"wp:featuredmedia":[{"embeddable":true,"href":"https:\/\/kortleksbolaget.se\/en\/wp-json\/wp\/v2\/media\/40621"}],"wp:attachment":[{"href":"https:\/\/kortleksbolaget.se\/en\/wp-json\/wp\/v2\/media?parent=42276"}],"wp:term":[{"taxonomy":"product_brand","embeddable":true,"href":"https:\/\/kortleksbolaget.se\/en\/wp-json\/wp\/v2\/product_brand?post=42276"},{"taxonomy":"product_cat","embeddable":true,"href":"https:\/\/kortleksbolaget.se\/en\/wp-json\/wp\/v2\/product_cat?post=42276"},{"taxonomy":"product_tag","embeddable":true,"href":"https:\/\/kortleksbolaget.se\/en\/wp-json\/wp\/v2\/product_tag?post=42276"}],"curies":[{"name":"wp","href":"https:\/\/api.w.org\/{rel}","templated":true}]}}