{"id":42356,"date":"2020-08-13T19:07:15","date_gmt":"2020-08-13T17:07:15","guid":{"rendered":"https:\/\/kortleksbolaget.se\/nyasidan2021\/produkt\/3-card-monte-card-trick\/"},"modified":"2022-07-27T22:48:08","modified_gmt":"2022-07-27T20:48:08","slug":"3-card-monte-card-trick","status":"publish","type":"product","link":"https:\/\/kortleksbolaget.se\/en\/product\/3-card-monte-card-trick\/","title":{"rendered":"Michael Skinner&#8217;s Ultimate 3 Card Monte Blue"},"content":{"rendered":"","protected":false},"excerpt":{"rendered":"<p>U3CM is Michael Skinner&#8217;s self-working miracle, THE ULTIMATE 3 CARD MONTE!<\/p>\n<p>U3CM has been performed by professional Magicians around the world for decades. Now, you have the opportunity to perform this Miracle yourself.. Don&#8217;t be fooled by the fact that it almost works by itself! Michael Skinner along with thousands of magicians worldwide have fried audiences with this routine! Fits right in your pocket or wallet. You will carry this with you everywhere you go!<\/p>\n<p><b>INCLUDES:<\/b><\/p>\n<ul>\n<li>Specially Printed Gimmicks<\/li>\n<li>Bicycle Back Cards printed by USPCC<\/li>\n<li>Online Instructions<\/li>\n<li>Original Handing<\/li>\n<\/ul>\n<p><b>BONUS!<\/b><br \/>\nYou will also receive bonus handlings and ways to make this legendary effect even more organic and powerful than ever.<\/p>\n<p>Available in Red and Blue back designs. [&#8230;]<\/p>\n<p><a class=\"btn btn-secondary understrap-read-more-link\" href=\"https:\/\/kortleksbolaget.se\/en\/product\/3-card-monte-card-trick\/\">Read More&#8230;<span class=\"screen-reader-text\"> from Michael Skinner&#8217;s Ultimate 3 Card Monte Blue<\/span><\/a><\/p>\n","protected":false},"featured_media":92054,"template":"","meta":{"_acf_changed":false},"product_brand":[],"product_cat":[72],"product_tag":[],"class_list":{"0":"post-42356","1":"product","2":"type-product","3":"status-publish","4":"has-post-thumbnail","6":"product_cat-magic-en","8":"first","9":"instock","10":"taxable","11":"shipping-taxable","12":"purchasable","13":"product-type-simple"},"acf":[],"yoast_head":"<!-- This site is optimized with the Yoast SEO plugin v26.3 - https:\/\/yoast.com\/wordpress\/plugins\/seo\/ -->\n<title>Kortlek Michael Skinner&#039;s Ultimate 3 Card Monte Blue | Kortleksbolaget<\/title>\n<meta name=\"description\" content=\"K\u00f6p Michael Skinner&#039;s Ultimate 3 Card Monte Blue. Snabba leveranser &amp; bra priser. Sveriges st\u00f6rsta sortiment av kortlekar p\u00e5 Kortleksbolaget!\" \/>\n<meta name=\"robots\" content=\"index, follow, max-snippet:-1, max-image-preview:large, max-video-preview:-1\" \/>\n<link rel=\"canonical\" href=\"https:\/\/kortleksbolaget.se\/en\/product\/3-card-monte-card-trick\/\" \/>\n<meta property=\"og:locale\" content=\"en_US\" \/>\n<meta property=\"og:type\" content=\"article\" \/>\n<meta property=\"og:title\" content=\"Kortlek Michael Skinner&#039;s Ultimate 3 Card Monte Blue | Kortleksbolaget\" \/>\n<meta property=\"og:description\" content=\"K\u00f6p Michael Skinner&#039;s Ultimate 3 Card Monte Blue. Snabba leveranser &amp; bra priser. Sveriges st\u00f6rsta sortiment av kortlekar p\u00e5 Kortleksbolaget!\" \/>\n<meta property=\"og:url\" content=\"https:\/\/kortleksbolaget.se\/en\/product\/3-card-monte-card-trick\/\" \/>\n<meta property=\"og:site_name\" content=\"Kortleksbolaget\" \/>\n<meta property=\"article:modified_time\" content=\"2022-07-27T20:48:08+00:00\" \/>\n<meta property=\"og:image\" content=\"https:\/\/kortleksbolaget.se\/wp-content\/uploads\/ultimate-3-card_monte.jpg\" \/>\n\t<meta property=\"og:image:width\" content=\"620\" \/>\n\t<meta property=\"og:image:height\" content=\"930\" \/>\n\t<meta property=\"og:image:type\" content=\"image\/jpeg\" \/>\n<meta name=\"twitter:card\" content=\"summary_large_image\" \/>\n<script type=\"application\/ld+json\" class=\"yoast-schema-graph\">{\"@context\":\"https:\/\/schema.org\",\"@graph\":[{\"@type\":\"WebPage\",\"@id\":\"https:\/\/kortleksbolaget.se\/en\/product\/3-card-monte-card-trick\/\",\"url\":\"https:\/\/kortleksbolaget.se\/en\/product\/3-card-monte-card-trick\/\",\"name\":\"Kortlek Michael Skinner's Ultimate 3 Card Monte Blue | Kortleksbolaget\",\"isPartOf\":{\"@id\":\"https:\/\/kortleksbolaget.se\/en\/#website\"},\"primaryImageOfPage\":{\"@id\":\"https:\/\/kortleksbolaget.se\/en\/product\/3-card-monte-card-trick\/#primaryimage\"},\"image\":{\"@id\":\"https:\/\/kortleksbolaget.se\/en\/product\/3-card-monte-card-trick\/#primaryimage\"},\"thumbnailUrl\":\"https:\/\/kortleksbolaget.se\/wp-content\/uploads\/ultimate-3-card_monte.jpg\",\"datePublished\":\"2020-08-13T17:07:15+00:00\",\"dateModified\":\"2022-07-27T20:48:08+00:00\",\"description\":\"K\u00f6p Michael Skinner's Ultimate 3 Card Monte Blue. Snabba leveranser & bra priser. Sveriges st\u00f6rsta sortiment av kortlekar p\u00e5 Kortleksbolaget!\",\"breadcrumb\":{\"@id\":\"https:\/\/kortleksbolaget.se\/en\/product\/3-card-monte-card-trick\/#breadcrumb\"},\"inLanguage\":\"en-US\",\"potentialAction\":[{\"@type\":\"ReadAction\",\"target\":[\"https:\/\/kortleksbolaget.se\/en\/product\/3-card-monte-card-trick\/\"]}]},{\"@type\":\"ImageObject\",\"inLanguage\":\"en-US\",\"@id\":\"https:\/\/kortleksbolaget.se\/en\/product\/3-card-monte-card-trick\/#primaryimage\",\"url\":\"https:\/\/kortleksbolaget.se\/wp-content\/uploads\/ultimate-3-card_monte.jpg\",\"contentUrl\":\"https:\/\/kortleksbolaget.se\/wp-content\/uploads\/ultimate-3-card_monte.jpg\",\"width\":620,\"height\":930},{\"@type\":\"BreadcrumbList\",\"@id\":\"https:\/\/kortleksbolaget.se\/en\/product\/3-card-monte-card-trick\/#breadcrumb\",\"itemListElement\":[{\"@type\":\"ListItem\",\"position\":1,\"name\":\"Hem\",\"item\":\"https:\/\/kortleksbolaget.se\/en\/\"},{\"@type\":\"ListItem\",\"position\":2,\"name\":\"All products\",\"item\":\"https:\/\/kortleksbolaget.se\/en\/shop\/\"},{\"@type\":\"ListItem\",\"position\":3,\"name\":\"Michael Skinner&#8217;s Ultimate 3 Card Monte Blue\"}]},{\"@type\":\"WebSite\",\"@id\":\"https:\/\/kortleksbolaget.se\/en\/#website\",\"url\":\"https:\/\/kortleksbolaget.se\/en\/\",\"name\":\"Kortleksbolaget\",\"description\":\"Kortlekar p\u00e5 n\u00e4tet\",\"publisher\":{\"@id\":\"https:\/\/kortleksbolaget.se\/en\/#organization\"},\"potentialAction\":[{\"@type\":\"SearchAction\",\"target\":{\"@type\":\"EntryPoint\",\"urlTemplate\":\"https:\/\/kortleksbolaget.se\/en\/?s={search_term_string}\"},\"query-input\":{\"@type\":\"PropertyValueSpecification\",\"valueRequired\":true,\"valueName\":\"search_term_string\"}}],\"inLanguage\":\"en-US\"},{\"@type\":\"Organization\",\"@id\":\"https:\/\/kortleksbolaget.se\/en\/#organization\",\"name\":\"Kortleksbolaget\",\"url\":\"https:\/\/kortleksbolaget.se\/en\/\",\"logo\":{\"@type\":\"ImageObject\",\"inLanguage\":\"en-US\",\"@id\":\"https:\/\/kortleksbolaget.se\/en\/#\/schema\/logo\/image\/\",\"url\":\"https:\/\/kortleksbolaget.se\/wp-content\/uploads\/kortleksbolaget_logo-svart.png\",\"contentUrl\":\"https:\/\/kortleksbolaget.se\/wp-content\/uploads\/kortleksbolaget_logo-svart.png\",\"width\":1200,\"height\":296,\"caption\":\"Kortleksbolaget\"},\"image\":{\"@id\":\"https:\/\/kortleksbolaget.se\/en\/#\/schema\/logo\/image\/\"}}]}<\/script>\n<!-- \/ Yoast SEO plugin. -->","yoast_head_json":{"title":"Kortlek Michael Skinner's Ultimate 3 Card Monte Blue | Kortleksbolaget","description":"K\u00f6p Michael Skinner's Ultimate 3 Card Monte Blue. Snabba leveranser & bra priser. Sveriges st\u00f6rsta sortiment av kortlekar p\u00e5 Kortleksbolaget!","robots":{"index":"index","follow":"follow","max-snippet":"max-snippet:-1","max-image-preview":"max-image-preview:large","max-video-preview":"max-video-preview:-1"},"canonical":"https:\/\/kortleksbolaget.se\/en\/product\/3-card-monte-card-trick\/","og_locale":"en_US","og_type":"article","og_title":"Kortlek Michael Skinner's Ultimate 3 Card Monte Blue | Kortleksbolaget","og_description":"K\u00f6p Michael Skinner's Ultimate 3 Card Monte Blue. Snabba leveranser & bra priser. Sveriges st\u00f6rsta sortiment av kortlekar p\u00e5 Kortleksbolaget!","og_url":"https:\/\/kortleksbolaget.se\/en\/product\/3-card-monte-card-trick\/","og_site_name":"Kortleksbolaget","article_modified_time":"2022-07-27T20:48:08+00:00","og_image":[{"width":620,"height":930,"url":"https:\/\/kortleksbolaget.se\/wp-content\/uploads\/ultimate-3-card_monte.jpg","type":"image\/jpeg"}],"twitter_card":"summary_large_image","schema":{"@context":"https:\/\/schema.org","@graph":[{"@type":"WebPage","@id":"https:\/\/kortleksbolaget.se\/en\/product\/3-card-monte-card-trick\/","url":"https:\/\/kortleksbolaget.se\/en\/product\/3-card-monte-card-trick\/","name":"Kortlek Michael Skinner's Ultimate 3 Card Monte Blue | Kortleksbolaget","isPartOf":{"@id":"https:\/\/kortleksbolaget.se\/en\/#website"},"primaryImageOfPage":{"@id":"https:\/\/kortleksbolaget.se\/en\/product\/3-card-monte-card-trick\/#primaryimage"},"image":{"@id":"https:\/\/kortleksbolaget.se\/en\/product\/3-card-monte-card-trick\/#primaryimage"},"thumbnailUrl":"https:\/\/kortleksbolaget.se\/wp-content\/uploads\/ultimate-3-card_monte.jpg","datePublished":"2020-08-13T17:07:15+00:00","dateModified":"2022-07-27T20:48:08+00:00","description":"K\u00f6p Michael Skinner's Ultimate 3 Card Monte Blue. Snabba leveranser & bra priser. Sveriges st\u00f6rsta sortiment av kortlekar p\u00e5 Kortleksbolaget!","breadcrumb":{"@id":"https:\/\/kortleksbolaget.se\/en\/product\/3-card-monte-card-trick\/#breadcrumb"},"inLanguage":"en-US","potentialAction":[{"@type":"ReadAction","target":["https:\/\/kortleksbolaget.se\/en\/product\/3-card-monte-card-trick\/"]}]},{"@type":"ImageObject","inLanguage":"en-US","@id":"https:\/\/kortleksbolaget.se\/en\/product\/3-card-monte-card-trick\/#primaryimage","url":"https:\/\/kortleksbolaget.se\/wp-content\/uploads\/ultimate-3-card_monte.jpg","contentUrl":"https:\/\/kortleksbolaget.se\/wp-content\/uploads\/ultimate-3-card_monte.jpg","width":620,"height":930},{"@type":"BreadcrumbList","@id":"https:\/\/kortleksbolaget.se\/en\/product\/3-card-monte-card-trick\/#breadcrumb","itemListElement":[{"@type":"ListItem","position":1,"name":"Hem","item":"https:\/\/kortleksbolaget.se\/en\/"},{"@type":"ListItem","position":2,"name":"All products","item":"https:\/\/kortleksbolaget.se\/en\/shop\/"},{"@type":"ListItem","position":3,"name":"Michael Skinner&#8217;s Ultimate 3 Card Monte Blue"}]},{"@type":"WebSite","@id":"https:\/\/kortleksbolaget.se\/en\/#website","url":"https:\/\/kortleksbolaget.se\/en\/","name":"Kortleksbolaget","description":"Kortlekar p\u00e5 n\u00e4tet","publisher":{"@id":"https:\/\/kortleksbolaget.se\/en\/#organization"},"potentialAction":[{"@type":"SearchAction","target":{"@type":"EntryPoint","urlTemplate":"https:\/\/kortleksbolaget.se\/en\/?s={search_term_string}"},"query-input":{"@type":"PropertyValueSpecification","valueRequired":true,"valueName":"search_term_string"}}],"inLanguage":"en-US"},{"@type":"Organization","@id":"https:\/\/kortleksbolaget.se\/en\/#organization","name":"Kortleksbolaget","url":"https:\/\/kortleksbolaget.se\/en\/","logo":{"@type":"ImageObject","inLanguage":"en-US","@id":"https:\/\/kortleksbolaget.se\/en\/#\/schema\/logo\/image\/","url":"https:\/\/kortleksbolaget.se\/wp-content\/uploads\/kortleksbolaget_logo-svart.png","contentUrl":"https:\/\/kortleksbolaget.se\/wp-content\/uploads\/kortleksbolaget_logo-svart.png","width":1200,"height":296,"caption":"Kortleksbolaget"},"image":{"@id":"https:\/\/kortleksbolaget.se\/en\/#\/schema\/logo\/image\/"}}]}},"_links":{"self":[{"href":"https:\/\/kortleksbolaget.se\/en\/wp-json\/wp\/v2\/product\/42356","targetHints":{"allow":["GET"]}}],"collection":[{"href":"https:\/\/kortleksbolaget.se\/en\/wp-json\/wp\/v2\/product"}],"about":[{"href":"https:\/\/kortleksbolaget.se\/en\/wp-json\/wp\/v2\/types\/product"}],"wp:featuredmedia":[{"embeddable":true,"href":"https:\/\/kortleksbolaget.se\/en\/wp-json\/wp\/v2\/media\/92054"}],"wp:attachment":[{"href":"https:\/\/kortleksbolaget.se\/en\/wp-json\/wp\/v2\/media?parent=42356"}],"wp:term":[{"taxonomy":"product_brand","embeddable":true,"href":"https:\/\/kortleksbolaget.se\/en\/wp-json\/wp\/v2\/product_brand?post=42356"},{"taxonomy":"product_cat","embeddable":true,"href":"https:\/\/kortleksbolaget.se\/en\/wp-json\/wp\/v2\/product_cat?post=42356"},{"taxonomy":"product_tag","embeddable":true,"href":"https:\/\/kortleksbolaget.se\/en\/wp-json\/wp\/v2\/product_tag?post=42356"}],"curies":[{"name":"wp","href":"https:\/\/api.w.org\/{rel}","templated":true}]}}