{"id":42546,"date":"2020-05-22T13:35:19","date_gmt":"2020-05-22T11:35:19","guid":{"rendered":"https:\/\/kortleksbolaget.se\/nyasidan2021\/produkt\/jerrys-nugget-vintage-feel-steel\/"},"modified":"2020-12-10T17:02:56","modified_gmt":"2020-12-10T16:02:56","slug":"jerrys-nugget-vintage-feel-steel","status":"publish","type":"product","link":"https:\/\/kortleksbolaget.se\/en\/product\/jerrys-nugget-vintage-feel-steel\/","title":{"rendered":"Jerry&#8217;s Nugget Vintage Feel Steel"},"content":{"rendered":"","protected":false},"excerpt":{"rendered":"<div id=\"tw-target-text-container\" class=\"tw-ta-container hide-focus-ring tw-nfl\" tabindex=\"0\">\n<p id=\"tw-target-text\" class=\"tw-data-text tw-text-large tw-ta\" dir=\"ltr\" data-placeholder=\"\u00d6vers\u00e4ttning\"><span lang=\"sv\">To celebrate Jerry&#8217;s Nugget&#8217;s 50th anniversary we have married the Jerry Nugget design with an incredible pearlescent steel grey to create a metallic masterpiece.<\/p>\n<p>In collaboration with Expert Playing Card Company (EPCC) and Jerry&#8217;s Nugget Las Vegas; Murphy&#8217;s Magic has jointly created the strongest color possible, <b>Vintage Feel Jerry&#8217;s Nuggets (Steel) Playing Cards<\/b>. Like steel, these cards last over time, and feel smooth in your hand. The LIMITED Vintage Feel paper, the traditional cut, and the exclusive JN FINISH will make you swear it is one of the original decks.<\/span><\/p>\n<ul>\n<li><b>Vintage Feel<\/b> edition printed by EPCC<\/li>\n<li>Traditionally cut<\/li>\n<li>Featuring the traditional long tongue flap, red tear strip, and the off-center tax stamp seal<\/li>\n<li>Original back and face design, including the original Jokers and Ace of Spades<\/li>\n<li>Printed EPCC&#8217;s JN Finish &#8211; the closest feel to the original Jerry&#8217;s!<\/li>\n<li>Priced low so that Jerry&#8217;s can be your everyday carry<\/li>\n<\/ul>\n<p dir=\"ltr\" data-placeholder=\"\u00d6vers\u00e4ttning\">Produced by Expert Playing Card Company overseas, these Vintage Feel decks feature our famous JN FINISH! JN Finish is a firmer card stock. We believe these cards will be as close to the originals as anyone has been able to achieve! We&#8217;ve also managed to replicate the off-center seal, the iconic red tear strip, AND the popular long tongue-flap!<\/p>\n<\/div>\n<div id=\"tw-target-rmn-container\" class=\"tw-ta-container hide-focus-ring tw-nfl\">\n<pre id=\"tw-target-rmn\" class=\"tw-data-placeholder tw-text-small tw-ta\" dir=\"ltr\" data-placeholder=\"\"><\/pre>\n<\/div>\n<p> [&#8230;]<\/p>\n<p><a class=\"btn btn-secondary understrap-read-more-link\" href=\"https:\/\/kortleksbolaget.se\/en\/product\/jerrys-nugget-vintage-feel-steel\/\">Read More&#8230;<span class=\"screen-reader-text\"> from Jerry&#8217;s Nugget Vintage Feel Steel<\/span><\/a><\/p>\n","protected":false},"featured_media":37056,"template":"","meta":{"_acf_changed":false},"product_brand":[],"product_cat":[75],"product_tag":[],"class_list":{"0":"post-42546","1":"product","2":"type-product","3":"status-publish","4":"has-post-thumbnail","6":"product_cat-special-lyx-limited-en","8":"first","9":"instock","10":"taxable","11":"shipping-taxable","12":"purchasable","13":"product-type-simple"},"acf":[],"yoast_head":"<!-- This site is optimized with the Yoast SEO plugin v26.3 - https:\/\/yoast.com\/wordpress\/plugins\/seo\/ -->\n<title>Kortlek Jerry&#039;s Nugget Vintage Feel Steel | Kortleksbolaget<\/title>\n<meta name=\"description\" content=\"K\u00f6p Jerry&#039;s Nugget Vintage Feel Steel. Snabba leveranser &amp; bra priser. Sveriges st\u00f6rsta sortiment av kortlekar p\u00e5 Kortleksbolaget!\" \/>\n<meta name=\"robots\" content=\"index, follow, max-snippet:-1, max-image-preview:large, max-video-preview:-1\" \/>\n<link rel=\"canonical\" href=\"https:\/\/kortleksbolaget.se\/en\/product\/jerrys-nugget-vintage-feel-steel\/\" \/>\n<meta property=\"og:locale\" content=\"en_US\" \/>\n<meta property=\"og:type\" content=\"article\" \/>\n<meta property=\"og:title\" content=\"Kortlek Jerry&#039;s Nugget Vintage Feel Steel | Kortleksbolaget\" \/>\n<meta property=\"og:description\" content=\"K\u00f6p Jerry&#039;s Nugget Vintage Feel Steel. Snabba leveranser &amp; bra priser. Sveriges st\u00f6rsta sortiment av kortlekar p\u00e5 Kortleksbolaget!\" \/>\n<meta property=\"og:url\" content=\"https:\/\/kortleksbolaget.se\/en\/product\/jerrys-nugget-vintage-feel-steel\/\" \/>\n<meta property=\"og:site_name\" content=\"Kortleksbolaget\" \/>\n<meta property=\"article:modified_time\" content=\"2020-12-10T16:02:56+00:00\" \/>\n<meta property=\"og:image\" content=\"https:\/\/kortleksbolaget.se\/wp-content\/uploads\/grey-silver-jerrys-1.jpg\" \/>\n\t<meta property=\"og:image:width\" content=\"551\" \/>\n\t<meta property=\"og:image:height\" content=\"828\" \/>\n\t<meta property=\"og:image:type\" content=\"image\/jpeg\" \/>\n<meta name=\"twitter:card\" content=\"summary_large_image\" \/>\n<script type=\"application\/ld+json\" class=\"yoast-schema-graph\">{\"@context\":\"https:\/\/schema.org\",\"@graph\":[{\"@type\":\"WebPage\",\"@id\":\"https:\/\/kortleksbolaget.se\/en\/product\/jerrys-nugget-vintage-feel-steel\/\",\"url\":\"https:\/\/kortleksbolaget.se\/en\/product\/jerrys-nugget-vintage-feel-steel\/\",\"name\":\"Kortlek Jerry's Nugget Vintage Feel Steel | Kortleksbolaget\",\"isPartOf\":{\"@id\":\"https:\/\/kortleksbolaget.se\/en\/#website\"},\"primaryImageOfPage\":{\"@id\":\"https:\/\/kortleksbolaget.se\/en\/product\/jerrys-nugget-vintage-feel-steel\/#primaryimage\"},\"image\":{\"@id\":\"https:\/\/kortleksbolaget.se\/en\/product\/jerrys-nugget-vintage-feel-steel\/#primaryimage\"},\"thumbnailUrl\":\"https:\/\/kortleksbolaget.se\/wp-content\/uploads\/grey-silver-jerrys-1.jpg\",\"datePublished\":\"2020-05-22T11:35:19+00:00\",\"dateModified\":\"2020-12-10T16:02:56+00:00\",\"description\":\"K\u00f6p Jerry's Nugget Vintage Feel Steel. Snabba leveranser & bra priser. Sveriges st\u00f6rsta sortiment av kortlekar p\u00e5 Kortleksbolaget!\",\"breadcrumb\":{\"@id\":\"https:\/\/kortleksbolaget.se\/en\/product\/jerrys-nugget-vintage-feel-steel\/#breadcrumb\"},\"inLanguage\":\"en-US\",\"potentialAction\":[{\"@type\":\"ReadAction\",\"target\":[\"https:\/\/kortleksbolaget.se\/en\/product\/jerrys-nugget-vintage-feel-steel\/\"]}]},{\"@type\":\"ImageObject\",\"inLanguage\":\"en-US\",\"@id\":\"https:\/\/kortleksbolaget.se\/en\/product\/jerrys-nugget-vintage-feel-steel\/#primaryimage\",\"url\":\"https:\/\/kortleksbolaget.se\/wp-content\/uploads\/grey-silver-jerrys-1.jpg\",\"contentUrl\":\"https:\/\/kortleksbolaget.se\/wp-content\/uploads\/grey-silver-jerrys-1.jpg\",\"width\":551,\"height\":828},{\"@type\":\"BreadcrumbList\",\"@id\":\"https:\/\/kortleksbolaget.se\/en\/product\/jerrys-nugget-vintage-feel-steel\/#breadcrumb\",\"itemListElement\":[{\"@type\":\"ListItem\",\"position\":1,\"name\":\"Hem\",\"item\":\"https:\/\/kortleksbolaget.se\/en\/\"},{\"@type\":\"ListItem\",\"position\":2,\"name\":\"All products\",\"item\":\"https:\/\/kortleksbolaget.se\/en\/shop\/\"},{\"@type\":\"ListItem\",\"position\":3,\"name\":\"Jerry&#8217;s Nugget Vintage Feel Steel\"}]},{\"@type\":\"WebSite\",\"@id\":\"https:\/\/kortleksbolaget.se\/en\/#website\",\"url\":\"https:\/\/kortleksbolaget.se\/en\/\",\"name\":\"Kortleksbolaget\",\"description\":\"Kortlekar p\u00e5 n\u00e4tet\",\"publisher\":{\"@id\":\"https:\/\/kortleksbolaget.se\/en\/#organization\"},\"potentialAction\":[{\"@type\":\"SearchAction\",\"target\":{\"@type\":\"EntryPoint\",\"urlTemplate\":\"https:\/\/kortleksbolaget.se\/en\/?s={search_term_string}\"},\"query-input\":{\"@type\":\"PropertyValueSpecification\",\"valueRequired\":true,\"valueName\":\"search_term_string\"}}],\"inLanguage\":\"en-US\"},{\"@type\":\"Organization\",\"@id\":\"https:\/\/kortleksbolaget.se\/en\/#organization\",\"name\":\"Kortleksbolaget\",\"url\":\"https:\/\/kortleksbolaget.se\/en\/\",\"logo\":{\"@type\":\"ImageObject\",\"inLanguage\":\"en-US\",\"@id\":\"https:\/\/kortleksbolaget.se\/en\/#\/schema\/logo\/image\/\",\"url\":\"https:\/\/kortleksbolaget.se\/wp-content\/uploads\/kortleksbolaget_logo-svart.png\",\"contentUrl\":\"https:\/\/kortleksbolaget.se\/wp-content\/uploads\/kortleksbolaget_logo-svart.png\",\"width\":1200,\"height\":296,\"caption\":\"Kortleksbolaget\"},\"image\":{\"@id\":\"https:\/\/kortleksbolaget.se\/en\/#\/schema\/logo\/image\/\"}}]}<\/script>\n<!-- \/ Yoast SEO plugin. -->","yoast_head_json":{"title":"Kortlek Jerry's Nugget Vintage Feel Steel | Kortleksbolaget","description":"K\u00f6p Jerry's Nugget Vintage Feel Steel. Snabba leveranser & bra priser. Sveriges st\u00f6rsta sortiment av kortlekar p\u00e5 Kortleksbolaget!","robots":{"index":"index","follow":"follow","max-snippet":"max-snippet:-1","max-image-preview":"max-image-preview:large","max-video-preview":"max-video-preview:-1"},"canonical":"https:\/\/kortleksbolaget.se\/en\/product\/jerrys-nugget-vintage-feel-steel\/","og_locale":"en_US","og_type":"article","og_title":"Kortlek Jerry's Nugget Vintage Feel Steel | Kortleksbolaget","og_description":"K\u00f6p Jerry's Nugget Vintage Feel Steel. Snabba leveranser & bra priser. Sveriges st\u00f6rsta sortiment av kortlekar p\u00e5 Kortleksbolaget!","og_url":"https:\/\/kortleksbolaget.se\/en\/product\/jerrys-nugget-vintage-feel-steel\/","og_site_name":"Kortleksbolaget","article_modified_time":"2020-12-10T16:02:56+00:00","og_image":[{"width":551,"height":828,"url":"https:\/\/kortleksbolaget.se\/wp-content\/uploads\/grey-silver-jerrys-1.jpg","type":"image\/jpeg"}],"twitter_card":"summary_large_image","schema":{"@context":"https:\/\/schema.org","@graph":[{"@type":"WebPage","@id":"https:\/\/kortleksbolaget.se\/en\/product\/jerrys-nugget-vintage-feel-steel\/","url":"https:\/\/kortleksbolaget.se\/en\/product\/jerrys-nugget-vintage-feel-steel\/","name":"Kortlek Jerry's Nugget Vintage Feel Steel | Kortleksbolaget","isPartOf":{"@id":"https:\/\/kortleksbolaget.se\/en\/#website"},"primaryImageOfPage":{"@id":"https:\/\/kortleksbolaget.se\/en\/product\/jerrys-nugget-vintage-feel-steel\/#primaryimage"},"image":{"@id":"https:\/\/kortleksbolaget.se\/en\/product\/jerrys-nugget-vintage-feel-steel\/#primaryimage"},"thumbnailUrl":"https:\/\/kortleksbolaget.se\/wp-content\/uploads\/grey-silver-jerrys-1.jpg","datePublished":"2020-05-22T11:35:19+00:00","dateModified":"2020-12-10T16:02:56+00:00","description":"K\u00f6p Jerry's Nugget Vintage Feel Steel. Snabba leveranser & bra priser. Sveriges st\u00f6rsta sortiment av kortlekar p\u00e5 Kortleksbolaget!","breadcrumb":{"@id":"https:\/\/kortleksbolaget.se\/en\/product\/jerrys-nugget-vintage-feel-steel\/#breadcrumb"},"inLanguage":"en-US","potentialAction":[{"@type":"ReadAction","target":["https:\/\/kortleksbolaget.se\/en\/product\/jerrys-nugget-vintage-feel-steel\/"]}]},{"@type":"ImageObject","inLanguage":"en-US","@id":"https:\/\/kortleksbolaget.se\/en\/product\/jerrys-nugget-vintage-feel-steel\/#primaryimage","url":"https:\/\/kortleksbolaget.se\/wp-content\/uploads\/grey-silver-jerrys-1.jpg","contentUrl":"https:\/\/kortleksbolaget.se\/wp-content\/uploads\/grey-silver-jerrys-1.jpg","width":551,"height":828},{"@type":"BreadcrumbList","@id":"https:\/\/kortleksbolaget.se\/en\/product\/jerrys-nugget-vintage-feel-steel\/#breadcrumb","itemListElement":[{"@type":"ListItem","position":1,"name":"Hem","item":"https:\/\/kortleksbolaget.se\/en\/"},{"@type":"ListItem","position":2,"name":"All products","item":"https:\/\/kortleksbolaget.se\/en\/shop\/"},{"@type":"ListItem","position":3,"name":"Jerry&#8217;s Nugget Vintage Feel Steel"}]},{"@type":"WebSite","@id":"https:\/\/kortleksbolaget.se\/en\/#website","url":"https:\/\/kortleksbolaget.se\/en\/","name":"Kortleksbolaget","description":"Kortlekar p\u00e5 n\u00e4tet","publisher":{"@id":"https:\/\/kortleksbolaget.se\/en\/#organization"},"potentialAction":[{"@type":"SearchAction","target":{"@type":"EntryPoint","urlTemplate":"https:\/\/kortleksbolaget.se\/en\/?s={search_term_string}"},"query-input":{"@type":"PropertyValueSpecification","valueRequired":true,"valueName":"search_term_string"}}],"inLanguage":"en-US"},{"@type":"Organization","@id":"https:\/\/kortleksbolaget.se\/en\/#organization","name":"Kortleksbolaget","url":"https:\/\/kortleksbolaget.se\/en\/","logo":{"@type":"ImageObject","inLanguage":"en-US","@id":"https:\/\/kortleksbolaget.se\/en\/#\/schema\/logo\/image\/","url":"https:\/\/kortleksbolaget.se\/wp-content\/uploads\/kortleksbolaget_logo-svart.png","contentUrl":"https:\/\/kortleksbolaget.se\/wp-content\/uploads\/kortleksbolaget_logo-svart.png","width":1200,"height":296,"caption":"Kortleksbolaget"},"image":{"@id":"https:\/\/kortleksbolaget.se\/en\/#\/schema\/logo\/image\/"}}]}},"_links":{"self":[{"href":"https:\/\/kortleksbolaget.se\/en\/wp-json\/wp\/v2\/product\/42546","targetHints":{"allow":["GET"]}}],"collection":[{"href":"https:\/\/kortleksbolaget.se\/en\/wp-json\/wp\/v2\/product"}],"about":[{"href":"https:\/\/kortleksbolaget.se\/en\/wp-json\/wp\/v2\/types\/product"}],"wp:featuredmedia":[{"embeddable":true,"href":"https:\/\/kortleksbolaget.se\/en\/wp-json\/wp\/v2\/media\/37056"}],"wp:attachment":[{"href":"https:\/\/kortleksbolaget.se\/en\/wp-json\/wp\/v2\/media?parent=42546"}],"wp:term":[{"taxonomy":"product_brand","embeddable":true,"href":"https:\/\/kortleksbolaget.se\/en\/wp-json\/wp\/v2\/product_brand?post=42546"},{"taxonomy":"product_cat","embeddable":true,"href":"https:\/\/kortleksbolaget.se\/en\/wp-json\/wp\/v2\/product_cat?post=42546"},{"taxonomy":"product_tag","embeddable":true,"href":"https:\/\/kortleksbolaget.se\/en\/wp-json\/wp\/v2\/product_tag?post=42546"}],"curies":[{"name":"wp","href":"https:\/\/api.w.org\/{rel}","templated":true}]}}