{"id":43004,"date":"2019-10-28T22:40:47","date_gmt":"2019-10-28T21:40:47","guid":{"rendered":"https:\/\/kortleksbolaget.se\/nyasidan2021\/produkt\/vintage-label-premier-edition-black\/"},"modified":"2019-10-28T22:40:47","modified_gmt":"2019-10-28T21:40:47","slug":"vintage-label-premier-edition-black","status":"publish","type":"product","link":"https:\/\/kortleksbolaget.se\/en\/product\/vintage-label-premier-edition-black\/","title":{"rendered":"Vintage Label Premier Edition Black"},"content":{"rendered":"","protected":false},"excerpt":{"rendered":"<div class=\"oSioSc\">\n<div id=\"tw-target\">\n<div id=\"kAz1tf\" class=\"g9WsWb\">\n<div id=\"tw-target-text-container\" class=\"tw-ta-container tw-nfl\">\n<p class=\"tw-data-text tw-text-large tw-ta\" dir=\"ltr\" data-placeholder=\"\u00d6vers\u00e4ttning\"><span lang=\"sv\" tabindex=\"0\"><b>LIMITED EDITION: Only 1900 printed! Will NOT be reprinted.<\/b><\/p>\n<p>This <b>Premier Edition Black Vintage Label Playing Cards<\/b> is the first in a collection of luxurious premium quality playing cards developed by CLCPC Studio 52 in association with the Royal Crown Playing Card Company. These decks are inspired by vintage wine bottle labeling from the 1900s to bring card enthusiasts a unique collection of wine-themed decks in a range of wine colors that have a classical look and feel.<\/p>\n<p>These cards project a sense of fine quality, class and sophistication, perfect for your next high stakes poker night, cardistry or magic performance.<\/p>\n<p>Decks include 52 playing cards, 2 Jokers plus 1 double backer plus 1 gaff card.<\/p>\n<p>This <b>Premier Edition Black Vintage Label Playing Cards<\/b> was from a limited print run of just 1900 decks and premiered on Kickstarter on May 7th, 2019.<\/p>\n<p>Much like wine, a deck of playing cards increases in value over time&#8230; the earlier the vintage, the more valuable both wine and playing cards become. Here is your chance to invest in the first editions of <b>Vintage Label Playing Cards<\/b> to start your Vintage Label Wine\/Deck Collection!\u00a0 See pictures below.<\/p>\n<p><b>Deck Features:<\/b><\/span><\/p>\n<ul>\n<li>Premium Casino Quality card stock<\/li>\n<li>Added air pockets for superior performance<\/li>\n<li>Luxurious super-premium feel and handling<\/li>\n<li>Made from long-lasting premium quality materials<\/li>\n<li>Standard USA card faces for poker and magic<\/li>\n<li>Duplicate vintage label Jokers and classic vintage label Ace of Spades<\/li>\n<li>Double backer and gaff color-change 3 of Clubs included<\/li>\n<li>Stacked deck with built-in card trick<\/li>\n<li>Limited print run of 1900 decks<\/li>\n<\/ul>\n<p id=\"tw-target-text\" class=\"tw-data-text tw-text-large tw-ta\" dir=\"ltr\" data-placeholder=\"\u00d6vers\u00e4ttning\"><span lang=\"sv\" tabindex=\"0\">\u00a0<\/span><\/p>\n<\/div>\n<div id=\"z6maec\" class=\"tw-ta-container tw-nfl\">\n<pre id=\"tw-target-rmn\" class=\"tw-data-placeholder tw-text-small tw-ta\" dir=\"ltr\" data-placeholder=\"\"><\/pre>\n<\/div>\n<\/div>\n<\/div>\n<\/div>\n<p> [&#8230;]<\/p>\n<p><a class=\"btn btn-secondary understrap-read-more-link\" href=\"https:\/\/kortleksbolaget.se\/en\/product\/vintage-label-premier-edition-black\/\">Read More&#8230;<span class=\"screen-reader-text\"> from Vintage Label Premier Edition Black<\/span><\/a><\/p>\n","protected":false},"featured_media":31715,"template":"","meta":{"_acf_changed":false},"product_brand":[],"product_cat":[75],"product_tag":[],"class_list":{"0":"post-43004","1":"product","2":"type-product","3":"status-publish","4":"has-post-thumbnail","6":"product_cat-special-lyx-limited-en","8":"first","9":"outofstock","10":"taxable","11":"shipping-taxable","12":"purchasable","13":"product-type-simple"},"acf":[],"yoast_head":"<!-- This site is optimized with the Yoast SEO plugin v26.3 - https:\/\/yoast.com\/wordpress\/plugins\/seo\/ -->\n<title>Kortlek Vintage Label Premier Edition Black | Kortleksbolaget<\/title>\n<meta name=\"description\" content=\"K\u00f6p Vintage Label Premier Edition Black. Snabba leveranser &amp; bra priser. Sveriges st\u00f6rsta sortiment av kortlekar p\u00e5 Kortleksbolaget!\" \/>\n<meta name=\"robots\" content=\"index, follow, max-snippet:-1, max-image-preview:large, max-video-preview:-1\" \/>\n<link rel=\"canonical\" href=\"https:\/\/kortleksbolaget.se\/en\/product\/vintage-label-premier-edition-black\/\" \/>\n<meta property=\"og:locale\" content=\"en_US\" \/>\n<meta property=\"og:type\" content=\"article\" \/>\n<meta property=\"og:title\" content=\"Kortlek Vintage Label Premier Edition Black | Kortleksbolaget\" \/>\n<meta property=\"og:description\" content=\"K\u00f6p Vintage Label Premier Edition Black. Snabba leveranser &amp; bra priser. Sveriges st\u00f6rsta sortiment av kortlekar p\u00e5 Kortleksbolaget!\" \/>\n<meta property=\"og:url\" content=\"https:\/\/kortleksbolaget.se\/en\/product\/vintage-label-premier-edition-black\/\" \/>\n<meta property=\"og:site_name\" content=\"Kortleksbolaget\" \/>\n<meta property=\"og:image\" content=\"https:\/\/kortleksbolaget.se\/wp-content\/uploads\/GOLD1-1.jpg\" \/>\n\t<meta property=\"og:image:width\" content=\"613\" \/>\n\t<meta property=\"og:image:height\" content=\"920\" \/>\n\t<meta property=\"og:image:type\" content=\"image\/jpeg\" \/>\n<meta name=\"twitter:card\" content=\"summary_large_image\" \/>\n<script type=\"application\/ld+json\" class=\"yoast-schema-graph\">{\"@context\":\"https:\/\/schema.org\",\"@graph\":[{\"@type\":\"WebPage\",\"@id\":\"https:\/\/kortleksbolaget.se\/en\/product\/vintage-label-premier-edition-black\/\",\"url\":\"https:\/\/kortleksbolaget.se\/en\/product\/vintage-label-premier-edition-black\/\",\"name\":\"Kortlek Vintage Label Premier Edition Black | Kortleksbolaget\",\"isPartOf\":{\"@id\":\"https:\/\/kortleksbolaget.se\/en\/#website\"},\"primaryImageOfPage\":{\"@id\":\"https:\/\/kortleksbolaget.se\/en\/product\/vintage-label-premier-edition-black\/#primaryimage\"},\"image\":{\"@id\":\"https:\/\/kortleksbolaget.se\/en\/product\/vintage-label-premier-edition-black\/#primaryimage\"},\"thumbnailUrl\":\"https:\/\/kortleksbolaget.se\/wp-content\/uploads\/GOLD1-1.jpg\",\"datePublished\":\"2019-10-28T21:40:47+00:00\",\"description\":\"K\u00f6p Vintage Label Premier Edition Black. Snabba leveranser & bra priser. Sveriges st\u00f6rsta sortiment av kortlekar p\u00e5 Kortleksbolaget!\",\"breadcrumb\":{\"@id\":\"https:\/\/kortleksbolaget.se\/en\/product\/vintage-label-premier-edition-black\/#breadcrumb\"},\"inLanguage\":\"en-US\",\"potentialAction\":[{\"@type\":\"ReadAction\",\"target\":[\"https:\/\/kortleksbolaget.se\/en\/product\/vintage-label-premier-edition-black\/\"]}]},{\"@type\":\"ImageObject\",\"inLanguage\":\"en-US\",\"@id\":\"https:\/\/kortleksbolaget.se\/en\/product\/vintage-label-premier-edition-black\/#primaryimage\",\"url\":\"https:\/\/kortleksbolaget.se\/wp-content\/uploads\/GOLD1-1.jpg\",\"contentUrl\":\"https:\/\/kortleksbolaget.se\/wp-content\/uploads\/GOLD1-1.jpg\",\"width\":613,\"height\":920},{\"@type\":\"BreadcrumbList\",\"@id\":\"https:\/\/kortleksbolaget.se\/en\/product\/vintage-label-premier-edition-black\/#breadcrumb\",\"itemListElement\":[{\"@type\":\"ListItem\",\"position\":1,\"name\":\"Hem\",\"item\":\"https:\/\/kortleksbolaget.se\/en\/\"},{\"@type\":\"ListItem\",\"position\":2,\"name\":\"All products\",\"item\":\"https:\/\/kortleksbolaget.se\/en\/shop\/\"},{\"@type\":\"ListItem\",\"position\":3,\"name\":\"Vintage Label Premier Edition Black\"}]},{\"@type\":\"WebSite\",\"@id\":\"https:\/\/kortleksbolaget.se\/en\/#website\",\"url\":\"https:\/\/kortleksbolaget.se\/en\/\",\"name\":\"Kortleksbolaget\",\"description\":\"Kortlekar p\u00e5 n\u00e4tet\",\"publisher\":{\"@id\":\"https:\/\/kortleksbolaget.se\/en\/#organization\"},\"potentialAction\":[{\"@type\":\"SearchAction\",\"target\":{\"@type\":\"EntryPoint\",\"urlTemplate\":\"https:\/\/kortleksbolaget.se\/en\/?s={search_term_string}\"},\"query-input\":{\"@type\":\"PropertyValueSpecification\",\"valueRequired\":true,\"valueName\":\"search_term_string\"}}],\"inLanguage\":\"en-US\"},{\"@type\":\"Organization\",\"@id\":\"https:\/\/kortleksbolaget.se\/en\/#organization\",\"name\":\"Kortleksbolaget\",\"url\":\"https:\/\/kortleksbolaget.se\/en\/\",\"logo\":{\"@type\":\"ImageObject\",\"inLanguage\":\"en-US\",\"@id\":\"https:\/\/kortleksbolaget.se\/en\/#\/schema\/logo\/image\/\",\"url\":\"https:\/\/kortleksbolaget.se\/wp-content\/uploads\/kortleksbolaget_logo-svart.png\",\"contentUrl\":\"https:\/\/kortleksbolaget.se\/wp-content\/uploads\/kortleksbolaget_logo-svart.png\",\"width\":1200,\"height\":296,\"caption\":\"Kortleksbolaget\"},\"image\":{\"@id\":\"https:\/\/kortleksbolaget.se\/en\/#\/schema\/logo\/image\/\"}}]}<\/script>\n<!-- \/ Yoast SEO plugin. -->","yoast_head_json":{"title":"Kortlek Vintage Label Premier Edition Black | Kortleksbolaget","description":"K\u00f6p Vintage Label Premier Edition Black. Snabba leveranser & bra priser. Sveriges st\u00f6rsta sortiment av kortlekar p\u00e5 Kortleksbolaget!","robots":{"index":"index","follow":"follow","max-snippet":"max-snippet:-1","max-image-preview":"max-image-preview:large","max-video-preview":"max-video-preview:-1"},"canonical":"https:\/\/kortleksbolaget.se\/en\/product\/vintage-label-premier-edition-black\/","og_locale":"en_US","og_type":"article","og_title":"Kortlek Vintage Label Premier Edition Black | Kortleksbolaget","og_description":"K\u00f6p Vintage Label Premier Edition Black. Snabba leveranser & bra priser. Sveriges st\u00f6rsta sortiment av kortlekar p\u00e5 Kortleksbolaget!","og_url":"https:\/\/kortleksbolaget.se\/en\/product\/vintage-label-premier-edition-black\/","og_site_name":"Kortleksbolaget","og_image":[{"width":613,"height":920,"url":"https:\/\/kortleksbolaget.se\/wp-content\/uploads\/GOLD1-1.jpg","type":"image\/jpeg"}],"twitter_card":"summary_large_image","schema":{"@context":"https:\/\/schema.org","@graph":[{"@type":"WebPage","@id":"https:\/\/kortleksbolaget.se\/en\/product\/vintage-label-premier-edition-black\/","url":"https:\/\/kortleksbolaget.se\/en\/product\/vintage-label-premier-edition-black\/","name":"Kortlek Vintage Label Premier Edition Black | Kortleksbolaget","isPartOf":{"@id":"https:\/\/kortleksbolaget.se\/en\/#website"},"primaryImageOfPage":{"@id":"https:\/\/kortleksbolaget.se\/en\/product\/vintage-label-premier-edition-black\/#primaryimage"},"image":{"@id":"https:\/\/kortleksbolaget.se\/en\/product\/vintage-label-premier-edition-black\/#primaryimage"},"thumbnailUrl":"https:\/\/kortleksbolaget.se\/wp-content\/uploads\/GOLD1-1.jpg","datePublished":"2019-10-28T21:40:47+00:00","description":"K\u00f6p Vintage Label Premier Edition Black. Snabba leveranser & bra priser. Sveriges st\u00f6rsta sortiment av kortlekar p\u00e5 Kortleksbolaget!","breadcrumb":{"@id":"https:\/\/kortleksbolaget.se\/en\/product\/vintage-label-premier-edition-black\/#breadcrumb"},"inLanguage":"en-US","potentialAction":[{"@type":"ReadAction","target":["https:\/\/kortleksbolaget.se\/en\/product\/vintage-label-premier-edition-black\/"]}]},{"@type":"ImageObject","inLanguage":"en-US","@id":"https:\/\/kortleksbolaget.se\/en\/product\/vintage-label-premier-edition-black\/#primaryimage","url":"https:\/\/kortleksbolaget.se\/wp-content\/uploads\/GOLD1-1.jpg","contentUrl":"https:\/\/kortleksbolaget.se\/wp-content\/uploads\/GOLD1-1.jpg","width":613,"height":920},{"@type":"BreadcrumbList","@id":"https:\/\/kortleksbolaget.se\/en\/product\/vintage-label-premier-edition-black\/#breadcrumb","itemListElement":[{"@type":"ListItem","position":1,"name":"Hem","item":"https:\/\/kortleksbolaget.se\/en\/"},{"@type":"ListItem","position":2,"name":"All products","item":"https:\/\/kortleksbolaget.se\/en\/shop\/"},{"@type":"ListItem","position":3,"name":"Vintage Label Premier Edition Black"}]},{"@type":"WebSite","@id":"https:\/\/kortleksbolaget.se\/en\/#website","url":"https:\/\/kortleksbolaget.se\/en\/","name":"Kortleksbolaget","description":"Kortlekar p\u00e5 n\u00e4tet","publisher":{"@id":"https:\/\/kortleksbolaget.se\/en\/#organization"},"potentialAction":[{"@type":"SearchAction","target":{"@type":"EntryPoint","urlTemplate":"https:\/\/kortleksbolaget.se\/en\/?s={search_term_string}"},"query-input":{"@type":"PropertyValueSpecification","valueRequired":true,"valueName":"search_term_string"}}],"inLanguage":"en-US"},{"@type":"Organization","@id":"https:\/\/kortleksbolaget.se\/en\/#organization","name":"Kortleksbolaget","url":"https:\/\/kortleksbolaget.se\/en\/","logo":{"@type":"ImageObject","inLanguage":"en-US","@id":"https:\/\/kortleksbolaget.se\/en\/#\/schema\/logo\/image\/","url":"https:\/\/kortleksbolaget.se\/wp-content\/uploads\/kortleksbolaget_logo-svart.png","contentUrl":"https:\/\/kortleksbolaget.se\/wp-content\/uploads\/kortleksbolaget_logo-svart.png","width":1200,"height":296,"caption":"Kortleksbolaget"},"image":{"@id":"https:\/\/kortleksbolaget.se\/en\/#\/schema\/logo\/image\/"}}]}},"_links":{"self":[{"href":"https:\/\/kortleksbolaget.se\/en\/wp-json\/wp\/v2\/product\/43004","targetHints":{"allow":["GET"]}}],"collection":[{"href":"https:\/\/kortleksbolaget.se\/en\/wp-json\/wp\/v2\/product"}],"about":[{"href":"https:\/\/kortleksbolaget.se\/en\/wp-json\/wp\/v2\/types\/product"}],"wp:featuredmedia":[{"embeddable":true,"href":"https:\/\/kortleksbolaget.se\/en\/wp-json\/wp\/v2\/media\/31715"}],"wp:attachment":[{"href":"https:\/\/kortleksbolaget.se\/en\/wp-json\/wp\/v2\/media?parent=43004"}],"wp:term":[{"taxonomy":"product_brand","embeddable":true,"href":"https:\/\/kortleksbolaget.se\/en\/wp-json\/wp\/v2\/product_brand?post=43004"},{"taxonomy":"product_cat","embeddable":true,"href":"https:\/\/kortleksbolaget.se\/en\/wp-json\/wp\/v2\/product_cat?post=43004"},{"taxonomy":"product_tag","embeddable":true,"href":"https:\/\/kortleksbolaget.se\/en\/wp-json\/wp\/v2\/product_tag?post=43004"}],"curies":[{"name":"wp","href":"https:\/\/api.w.org\/{rel}","templated":true}]}}