{"id":45354,"date":"2020-12-19T00:00:02","date_gmt":"2020-12-18T23:00:02","guid":{"rendered":"https:\/\/kortleksbolaget.se\/nyasidan2021\/produkt\/james-bond-007\/"},"modified":"2021-01-25T23:23:24","modified_gmt":"2021-01-25T22:23:24","slug":"james-bond-007","status":"publish","type":"product","link":"https:\/\/kortleksbolaget.se\/en\/product\/james-bond-007\/","title":{"rendered":"James Bond 007"},"content":{"rendered":"","protected":false},"excerpt":{"rendered":"<p><span lang=\"sv\"><span style=\"color: #339966;\"><span style=\"color: #000000;\">James Bond first appeared on our screens in the classic 1962 film <i>Dr. No.<\/i> 58 years later, 007 is still our favorite secret agent. In celebration of the twenty-fifth installment in the beloved James Bond series &#8211; <i>No Time To Die<\/i> &#8211; theory11 proudly presents <b>James Bond <i>007<\/i> Playing Cards<\/b>.<\/span><\/p>\n<p><span style=\"color: #000000;\"><b>Elegance, Class, and Sophistication<\/b><\/span><\/p>\n<p><span style=\"color: #000000;\">THE WORLD OF JAMES BOND<\/span><\/p>\n<p><span style=\"color: #000000;\">Whether it&#8217;s his perfectly tailored suit or the impeccable timepiece clasped to his wrist, Mr. Bond commands your attention when he enters the room. Perfectly encapsulated in gold foil and embossed accents, the ultra-lux outer packaging is truly representative of the esteemed intelligence officer.<\/span><\/p>\n<p><span style=\"color: #000000;\"><b>Unrivaled Print Quality<\/b><\/span><\/p>\n<p><span style=\"color: #000000;\">MADE IN AMERICA<\/span><\/p>\n<p><span style=\"color: #000000;\">theory11 produces the world&#8217;s finest playing cards, and these are a case study example. The box features two layers of gold foil, with a sculpted 3D emboss of the James Bond family crest on the back panel.<\/span><\/p>\n<p><span style=\"color: #000000;\"><b>A Closer Look<\/b><\/span><\/p>\n<p><span style=\"color: #000000;\">INSIDE THE BOX<\/span><\/p>\n<p><span style=\"color: #000000;\">A closer look inside will reveal several iconic weapons and gadgets that have been featured in your favorite Bond films: the pen grenade from <i>GoldenEye<\/i>, Bond&#8217;s trusty Walther PPK, the ski pole gun from <i>The Spy Who Loved Me<\/i>, Jinx&#8217;s knife from <i>Die Another Day<\/i>, and much more!<\/span><\/p>\n<p><span style=\"color: #000000;\"><b>Completely Custom Artwork<\/b><\/span><\/p>\n<p><span style=\"color: #000000;\">THE ACES. THE JOKERS. THE KINGS.<\/span><\/p>\n<p><span style=\"color: #000000;\"><b>James Bond Playing Cards<\/b> feature completely custom artwork in every aspect of the design, with the Ace of Spades, Joker, box design, and court cards inspired by iconic Bond films over the past six decades.<\/span><\/p>\n<p><span style=\"color: #000000;\">The back design of <b>007 Playing Cards<\/b> features the Bond family crest and his family motto: <i>Orbis Non Sufficit<\/i>.<\/span> <\/span><\/span> [&#8230;]<\/p>\n<p><a class=\"btn btn-secondary understrap-read-more-link\" href=\"https:\/\/kortleksbolaget.se\/en\/product\/james-bond-007\/\">Read More&#8230;<span class=\"screen-reader-text\"> from James Bond 007<\/span><\/a><\/p>\n","protected":false},"featured_media":44557,"template":"","meta":{"_acf_changed":false},"product_brand":[],"product_cat":[75],"product_tag":[],"class_list":{"0":"post-45354","1":"product","2":"type-product","3":"status-publish","4":"has-post-thumbnail","6":"varumarke-theory11-en","7":"product_cat-special-lyx-limited-en","9":"first","10":"instock","11":"taxable","12":"shipping-taxable","13":"purchasable","14":"product-type-simple"},"acf":[],"yoast_head":"<!-- This site is optimized with the Yoast SEO plugin v26.3 - https:\/\/yoast.com\/wordpress\/plugins\/seo\/ -->\n<title>Kortlek James Bond 007 | Kortleksbolaget<\/title>\n<meta name=\"description\" content=\"K\u00f6p James Bond 007. Snabba leveranser &amp; bra priser. Sveriges st\u00f6rsta sortiment av kortlekar p\u00e5 Kortleksbolaget!\" \/>\n<meta name=\"robots\" content=\"index, follow, max-snippet:-1, max-image-preview:large, max-video-preview:-1\" \/>\n<link rel=\"canonical\" href=\"https:\/\/kortleksbolaget.se\/en\/product\/james-bond-007\/\" \/>\n<meta property=\"og:locale\" content=\"en_US\" \/>\n<meta property=\"og:type\" content=\"article\" \/>\n<meta property=\"og:title\" content=\"Kortlek James Bond 007 | Kortleksbolaget\" \/>\n<meta property=\"og:description\" content=\"K\u00f6p James Bond 007. Snabba leveranser &amp; bra priser. Sveriges st\u00f6rsta sortiment av kortlekar p\u00e5 Kortleksbolaget!\" \/>\n<meta property=\"og:url\" content=\"https:\/\/kortleksbolaget.se\/en\/product\/james-bond-007\/\" \/>\n<meta property=\"og:site_name\" content=\"Kortleksbolaget\" \/>\n<meta property=\"article:modified_time\" content=\"2021-01-25T22:23:24+00:00\" \/>\n<meta property=\"og:image\" content=\"https:\/\/kortleksbolaget.se\/wp-content\/uploads\/james-bond-007-playing-cards.jpg\" \/>\n\t<meta property=\"og:image:width\" content=\"552\" \/>\n\t<meta property=\"og:image:height\" content=\"828\" \/>\n\t<meta property=\"og:image:type\" content=\"image\/jpeg\" \/>\n<meta name=\"twitter:card\" content=\"summary_large_image\" \/>\n<script type=\"application\/ld+json\" class=\"yoast-schema-graph\">{\"@context\":\"https:\/\/schema.org\",\"@graph\":[{\"@type\":\"WebPage\",\"@id\":\"https:\/\/kortleksbolaget.se\/en\/product\/james-bond-007\/\",\"url\":\"https:\/\/kortleksbolaget.se\/en\/product\/james-bond-007\/\",\"name\":\"Kortlek James Bond 007 | Kortleksbolaget\",\"isPartOf\":{\"@id\":\"https:\/\/kortleksbolaget.se\/en\/#website\"},\"primaryImageOfPage\":{\"@id\":\"https:\/\/kortleksbolaget.se\/en\/product\/james-bond-007\/#primaryimage\"},\"image\":{\"@id\":\"https:\/\/kortleksbolaget.se\/en\/product\/james-bond-007\/#primaryimage\"},\"thumbnailUrl\":\"https:\/\/kortleksbolaget.se\/wp-content\/uploads\/james-bond-007-playing-cards.jpg\",\"datePublished\":\"2020-12-18T23:00:02+00:00\",\"dateModified\":\"2021-01-25T22:23:24+00:00\",\"description\":\"K\u00f6p James Bond 007. Snabba leveranser & bra priser. Sveriges st\u00f6rsta sortiment av kortlekar p\u00e5 Kortleksbolaget!\",\"breadcrumb\":{\"@id\":\"https:\/\/kortleksbolaget.se\/en\/product\/james-bond-007\/#breadcrumb\"},\"inLanguage\":\"en-US\",\"potentialAction\":[{\"@type\":\"ReadAction\",\"target\":[\"https:\/\/kortleksbolaget.se\/en\/product\/james-bond-007\/\"]}]},{\"@type\":\"ImageObject\",\"inLanguage\":\"en-US\",\"@id\":\"https:\/\/kortleksbolaget.se\/en\/product\/james-bond-007\/#primaryimage\",\"url\":\"https:\/\/kortleksbolaget.se\/wp-content\/uploads\/james-bond-007-playing-cards.jpg\",\"contentUrl\":\"https:\/\/kortleksbolaget.se\/wp-content\/uploads\/james-bond-007-playing-cards.jpg\",\"width\":552,\"height\":828},{\"@type\":\"BreadcrumbList\",\"@id\":\"https:\/\/kortleksbolaget.se\/en\/product\/james-bond-007\/#breadcrumb\",\"itemListElement\":[{\"@type\":\"ListItem\",\"position\":1,\"name\":\"Hem\",\"item\":\"https:\/\/kortleksbolaget.se\/en\/\"},{\"@type\":\"ListItem\",\"position\":2,\"name\":\"All products\",\"item\":\"https:\/\/kortleksbolaget.se\/en\/shop\/\"},{\"@type\":\"ListItem\",\"position\":3,\"name\":\"James Bond 007\"}]},{\"@type\":\"WebSite\",\"@id\":\"https:\/\/kortleksbolaget.se\/en\/#website\",\"url\":\"https:\/\/kortleksbolaget.se\/en\/\",\"name\":\"Kortleksbolaget\",\"description\":\"Kortlekar p\u00e5 n\u00e4tet\",\"publisher\":{\"@id\":\"https:\/\/kortleksbolaget.se\/en\/#organization\"},\"potentialAction\":[{\"@type\":\"SearchAction\",\"target\":{\"@type\":\"EntryPoint\",\"urlTemplate\":\"https:\/\/kortleksbolaget.se\/en\/?s={search_term_string}\"},\"query-input\":{\"@type\":\"PropertyValueSpecification\",\"valueRequired\":true,\"valueName\":\"search_term_string\"}}],\"inLanguage\":\"en-US\"},{\"@type\":\"Organization\",\"@id\":\"https:\/\/kortleksbolaget.se\/en\/#organization\",\"name\":\"Kortleksbolaget\",\"url\":\"https:\/\/kortleksbolaget.se\/en\/\",\"logo\":{\"@type\":\"ImageObject\",\"inLanguage\":\"en-US\",\"@id\":\"https:\/\/kortleksbolaget.se\/en\/#\/schema\/logo\/image\/\",\"url\":\"https:\/\/kortleksbolaget.se\/wp-content\/uploads\/kortleksbolaget_logo-svart.png\",\"contentUrl\":\"https:\/\/kortleksbolaget.se\/wp-content\/uploads\/kortleksbolaget_logo-svart.png\",\"width\":1200,\"height\":296,\"caption\":\"Kortleksbolaget\"},\"image\":{\"@id\":\"https:\/\/kortleksbolaget.se\/en\/#\/schema\/logo\/image\/\"}}]}<\/script>\n<!-- \/ Yoast SEO plugin. -->","yoast_head_json":{"title":"Kortlek James Bond 007 | Kortleksbolaget","description":"K\u00f6p James Bond 007. Snabba leveranser & bra priser. Sveriges st\u00f6rsta sortiment av kortlekar p\u00e5 Kortleksbolaget!","robots":{"index":"index","follow":"follow","max-snippet":"max-snippet:-1","max-image-preview":"max-image-preview:large","max-video-preview":"max-video-preview:-1"},"canonical":"https:\/\/kortleksbolaget.se\/en\/product\/james-bond-007\/","og_locale":"en_US","og_type":"article","og_title":"Kortlek James Bond 007 | Kortleksbolaget","og_description":"K\u00f6p James Bond 007. Snabba leveranser & bra priser. Sveriges st\u00f6rsta sortiment av kortlekar p\u00e5 Kortleksbolaget!","og_url":"https:\/\/kortleksbolaget.se\/en\/product\/james-bond-007\/","og_site_name":"Kortleksbolaget","article_modified_time":"2021-01-25T22:23:24+00:00","og_image":[{"width":552,"height":828,"url":"https:\/\/kortleksbolaget.se\/wp-content\/uploads\/james-bond-007-playing-cards.jpg","type":"image\/jpeg"}],"twitter_card":"summary_large_image","schema":{"@context":"https:\/\/schema.org","@graph":[{"@type":"WebPage","@id":"https:\/\/kortleksbolaget.se\/en\/product\/james-bond-007\/","url":"https:\/\/kortleksbolaget.se\/en\/product\/james-bond-007\/","name":"Kortlek James Bond 007 | Kortleksbolaget","isPartOf":{"@id":"https:\/\/kortleksbolaget.se\/en\/#website"},"primaryImageOfPage":{"@id":"https:\/\/kortleksbolaget.se\/en\/product\/james-bond-007\/#primaryimage"},"image":{"@id":"https:\/\/kortleksbolaget.se\/en\/product\/james-bond-007\/#primaryimage"},"thumbnailUrl":"https:\/\/kortleksbolaget.se\/wp-content\/uploads\/james-bond-007-playing-cards.jpg","datePublished":"2020-12-18T23:00:02+00:00","dateModified":"2021-01-25T22:23:24+00:00","description":"K\u00f6p James Bond 007. Snabba leveranser & bra priser. Sveriges st\u00f6rsta sortiment av kortlekar p\u00e5 Kortleksbolaget!","breadcrumb":{"@id":"https:\/\/kortleksbolaget.se\/en\/product\/james-bond-007\/#breadcrumb"},"inLanguage":"en-US","potentialAction":[{"@type":"ReadAction","target":["https:\/\/kortleksbolaget.se\/en\/product\/james-bond-007\/"]}]},{"@type":"ImageObject","inLanguage":"en-US","@id":"https:\/\/kortleksbolaget.se\/en\/product\/james-bond-007\/#primaryimage","url":"https:\/\/kortleksbolaget.se\/wp-content\/uploads\/james-bond-007-playing-cards.jpg","contentUrl":"https:\/\/kortleksbolaget.se\/wp-content\/uploads\/james-bond-007-playing-cards.jpg","width":552,"height":828},{"@type":"BreadcrumbList","@id":"https:\/\/kortleksbolaget.se\/en\/product\/james-bond-007\/#breadcrumb","itemListElement":[{"@type":"ListItem","position":1,"name":"Hem","item":"https:\/\/kortleksbolaget.se\/en\/"},{"@type":"ListItem","position":2,"name":"All products","item":"https:\/\/kortleksbolaget.se\/en\/shop\/"},{"@type":"ListItem","position":3,"name":"James Bond 007"}]},{"@type":"WebSite","@id":"https:\/\/kortleksbolaget.se\/en\/#website","url":"https:\/\/kortleksbolaget.se\/en\/","name":"Kortleksbolaget","description":"Kortlekar p\u00e5 n\u00e4tet","publisher":{"@id":"https:\/\/kortleksbolaget.se\/en\/#organization"},"potentialAction":[{"@type":"SearchAction","target":{"@type":"EntryPoint","urlTemplate":"https:\/\/kortleksbolaget.se\/en\/?s={search_term_string}"},"query-input":{"@type":"PropertyValueSpecification","valueRequired":true,"valueName":"search_term_string"}}],"inLanguage":"en-US"},{"@type":"Organization","@id":"https:\/\/kortleksbolaget.se\/en\/#organization","name":"Kortleksbolaget","url":"https:\/\/kortleksbolaget.se\/en\/","logo":{"@type":"ImageObject","inLanguage":"en-US","@id":"https:\/\/kortleksbolaget.se\/en\/#\/schema\/logo\/image\/","url":"https:\/\/kortleksbolaget.se\/wp-content\/uploads\/kortleksbolaget_logo-svart.png","contentUrl":"https:\/\/kortleksbolaget.se\/wp-content\/uploads\/kortleksbolaget_logo-svart.png","width":1200,"height":296,"caption":"Kortleksbolaget"},"image":{"@id":"https:\/\/kortleksbolaget.se\/en\/#\/schema\/logo\/image\/"}}]}},"_links":{"self":[{"href":"https:\/\/kortleksbolaget.se\/en\/wp-json\/wp\/v2\/product\/45354","targetHints":{"allow":["GET"]}}],"collection":[{"href":"https:\/\/kortleksbolaget.se\/en\/wp-json\/wp\/v2\/product"}],"about":[{"href":"https:\/\/kortleksbolaget.se\/en\/wp-json\/wp\/v2\/types\/product"}],"wp:featuredmedia":[{"embeddable":true,"href":"https:\/\/kortleksbolaget.se\/en\/wp-json\/wp\/v2\/media\/44557"}],"wp:attachment":[{"href":"https:\/\/kortleksbolaget.se\/en\/wp-json\/wp\/v2\/media?parent=45354"}],"wp:term":[{"taxonomy":"product_brand","embeddable":true,"href":"https:\/\/kortleksbolaget.se\/en\/wp-json\/wp\/v2\/product_brand?post=45354"},{"taxonomy":"product_cat","embeddable":true,"href":"https:\/\/kortleksbolaget.se\/en\/wp-json\/wp\/v2\/product_cat?post=45354"},{"taxonomy":"product_tag","embeddable":true,"href":"https:\/\/kortleksbolaget.se\/en\/wp-json\/wp\/v2\/product_tag?post=45354"}],"curies":[{"name":"wp","href":"https:\/\/api.w.org\/{rel}","templated":true}]}}