{"id":45412,"date":"2020-12-18T21:52:49","date_gmt":"2020-12-18T20:52:49","guid":{"rendered":"https:\/\/kortleksbolaget.se\/nyasidan2021\/produkt\/kings-wild-tigers-2\/"},"modified":"2024-04-15T10:45:24","modified_gmt":"2024-04-15T08:45:24","slug":"kings-wild-tigers-2","status":"publish","type":"product","link":"https:\/\/kortleksbolaget.se\/en\/product\/kings-wild-tigers-2\/","title":{"rendered":"Kings Wild Tigers"},"content":{"rendered":"","protected":false},"excerpt":{"rendered":"<p><span lang=\"sv\">&#8220;I have always been interested and also inspired by printing methods and aesthetics of the late 1800s &amp; early 1900s, especially the wide range of matchbook ephemera produced all over the world. I find it so interesting that so much beauty and variety can be found in material that, at the time, was produced to be &#8216;thrown away.&#8217; This project is an artistic study and creation, in the form of playing cards, that pays homage to the beautiful world of matchbook printing of the late 1800s &amp; early 1900s.&#8221; See pictures below.<\/p>\n<p><b>Tuck Case <\/b><\/span><\/p>\n<ul>\n<li>Vintage match box style designs<\/li>\n<li>Premium matte finish paper stock<\/li>\n<li>Fully printed on the inside and out<\/li>\n<li>Fully custom vintage style tax stamp<\/li>\n<\/ul>\n<p><span lang=\"sv\"><b>The Deck <\/b><\/span><\/p>\n<ul>\n<li>Air cushioned embossed card finish<\/li>\n<li>Premium casino grade paper stock<\/li>\n<li>Printed by the United States Playing Cards Co.<\/li>\n<\/ul>\n<p><span lang=\"sv\">\u00a0<\/span> [&#8230;]<\/p>\n<p><a class=\"btn btn-secondary understrap-read-more-link\" href=\"https:\/\/kortleksbolaget.se\/en\/product\/kings-wild-tigers-2\/\">Read More&#8230;<span class=\"screen-reader-text\"> from Kings Wild Tigers<\/span><\/a><\/p>\n","protected":false},"featured_media":44202,"template":"","meta":{"_acf_changed":false},"product_brand":[],"product_cat":[75],"product_tag":[],"class_list":{"0":"post-45412","1":"product","2":"type-product","3":"status-publish","4":"has-post-thumbnail","6":"varumarke-kings-wild-project-en","7":"product_cat-special-lyx-limited-en","9":"first","10":"outofstock","11":"taxable","12":"shipping-taxable","13":"purchasable","14":"product-type-simple"},"acf":[],"yoast_head":"<!-- This site is optimized with the Yoast SEO plugin v27.5 - https:\/\/yoast.com\/product\/yoast-seo-wordpress\/ -->\n<title>Kortlek Kings Wild Tigers | Kortleksbolaget<\/title>\n<meta name=\"description\" content=\"K\u00f6p Kings Wild Tigers. Snabba leveranser &amp; bra priser. Sveriges st\u00f6rsta sortiment av kortlekar p\u00e5 Kortleksbolaget!\" \/>\n<meta name=\"robots\" content=\"index, follow, max-snippet:-1, max-image-preview:large, max-video-preview:-1\" \/>\n<link rel=\"canonical\" href=\"https:\/\/kortleksbolaget.se\/en\/product\/kings-wild-tigers-2\/\" \/>\n<meta property=\"og:locale\" content=\"en_US\" \/>\n<meta property=\"og:type\" content=\"article\" \/>\n<meta property=\"og:title\" content=\"Kortlek Kings Wild Tigers | Kortleksbolaget\" \/>\n<meta property=\"og:description\" content=\"K\u00f6p Kings Wild Tigers. Snabba leveranser &amp; bra priser. Sveriges st\u00f6rsta sortiment av kortlekar p\u00e5 Kortleksbolaget!\" \/>\n<meta property=\"og:url\" content=\"https:\/\/kortleksbolaget.se\/en\/product\/kings-wild-tigers-2\/\" \/>\n<meta property=\"og:site_name\" content=\"Kortleksbolaget\" \/>\n<meta property=\"article:modified_time\" content=\"2024-04-15T08:45:24+00:00\" \/>\n<meta property=\"og:image\" content=\"https:\/\/kortleksbolaget.se\/wp-content\/uploads\/kings-wild-tigers.jpg\" \/>\n\t<meta property=\"og:image:width\" content=\"537\" \/>\n\t<meta property=\"og:image:height\" content=\"806\" \/>\n\t<meta property=\"og:image:type\" content=\"image\/jpeg\" \/>\n<meta name=\"twitter:card\" content=\"summary_large_image\" \/>\n<script type=\"application\/ld+json\" class=\"yoast-schema-graph\">{\"@context\":\"https:\\\/\\\/schema.org\",\"@graph\":[{\"@type\":\"WebPage\",\"@id\":\"https:\\\/\\\/kortleksbolaget.se\\\/en\\\/product\\\/kings-wild-tigers-2\\\/\",\"url\":\"https:\\\/\\\/kortleksbolaget.se\\\/en\\\/product\\\/kings-wild-tigers-2\\\/\",\"name\":\"Kortlek Kings Wild Tigers | Kortleksbolaget\",\"isPartOf\":{\"@id\":\"https:\\\/\\\/kortleksbolaget.se\\\/en\\\/#website\"},\"primaryImageOfPage\":{\"@id\":\"https:\\\/\\\/kortleksbolaget.se\\\/en\\\/product\\\/kings-wild-tigers-2\\\/#primaryimage\"},\"image\":{\"@id\":\"https:\\\/\\\/kortleksbolaget.se\\\/en\\\/product\\\/kings-wild-tigers-2\\\/#primaryimage\"},\"thumbnailUrl\":\"https:\\\/\\\/kortleksbolaget.se\\\/wp-content\\\/uploads\\\/kings-wild-tigers.jpg\",\"datePublished\":\"2020-12-18T20:52:49+00:00\",\"dateModified\":\"2024-04-15T08:45:24+00:00\",\"description\":\"K\u00f6p Kings Wild Tigers. Snabba leveranser & bra priser. Sveriges st\u00f6rsta sortiment av kortlekar p\u00e5 Kortleksbolaget!\",\"breadcrumb\":{\"@id\":\"https:\\\/\\\/kortleksbolaget.se\\\/en\\\/product\\\/kings-wild-tigers-2\\\/#breadcrumb\"},\"inLanguage\":\"en-US\",\"potentialAction\":[{\"@type\":\"ReadAction\",\"target\":[\"https:\\\/\\\/kortleksbolaget.se\\\/en\\\/product\\\/kings-wild-tigers-2\\\/\"]}]},{\"@type\":\"ImageObject\",\"inLanguage\":\"en-US\",\"@id\":\"https:\\\/\\\/kortleksbolaget.se\\\/en\\\/product\\\/kings-wild-tigers-2\\\/#primaryimage\",\"url\":\"https:\\\/\\\/kortleksbolaget.se\\\/wp-content\\\/uploads\\\/kings-wild-tigers.jpg\",\"contentUrl\":\"https:\\\/\\\/kortleksbolaget.se\\\/wp-content\\\/uploads\\\/kings-wild-tigers.jpg\",\"width\":537,\"height\":806},{\"@type\":\"BreadcrumbList\",\"@id\":\"https:\\\/\\\/kortleksbolaget.se\\\/en\\\/product\\\/kings-wild-tigers-2\\\/#breadcrumb\",\"itemListElement\":[{\"@type\":\"ListItem\",\"position\":1,\"name\":\"Hem\",\"item\":\"https:\\\/\\\/kortleksbolaget.se\\\/en\\\/\"},{\"@type\":\"ListItem\",\"position\":2,\"name\":\"All products\",\"item\":\"https:\\\/\\\/kortleksbolaget.se\\\/en\\\/shop\\\/\"},{\"@type\":\"ListItem\",\"position\":3,\"name\":\"Kings Wild Tigers\"}]},{\"@type\":\"WebSite\",\"@id\":\"https:\\\/\\\/kortleksbolaget.se\\\/en\\\/#website\",\"url\":\"https:\\\/\\\/kortleksbolaget.se\\\/en\\\/\",\"name\":\"Kortleksbolaget\",\"description\":\"Kortlekar p\u00e5 n\u00e4tet\",\"publisher\":{\"@id\":\"https:\\\/\\\/kortleksbolaget.se\\\/en\\\/#organization\"},\"potentialAction\":[{\"@type\":\"SearchAction\",\"target\":{\"@type\":\"EntryPoint\",\"urlTemplate\":\"https:\\\/\\\/kortleksbolaget.se\\\/en\\\/?s={search_term_string}\"},\"query-input\":{\"@type\":\"PropertyValueSpecification\",\"valueRequired\":true,\"valueName\":\"search_term_string\"}}],\"inLanguage\":\"en-US\"},{\"@type\":\"Organization\",\"@id\":\"https:\\\/\\\/kortleksbolaget.se\\\/en\\\/#organization\",\"name\":\"Kortleksbolaget\",\"url\":\"https:\\\/\\\/kortleksbolaget.se\\\/en\\\/\",\"logo\":{\"@type\":\"ImageObject\",\"inLanguage\":\"en-US\",\"@id\":\"https:\\\/\\\/kortleksbolaget.se\\\/en\\\/#\\\/schema\\\/logo\\\/image\\\/\",\"url\":\"https:\\\/\\\/kortleksbolaget.se\\\/wp-content\\\/uploads\\\/kortleksbolaget_logo-svart.png\",\"contentUrl\":\"https:\\\/\\\/kortleksbolaget.se\\\/wp-content\\\/uploads\\\/kortleksbolaget_logo-svart.png\",\"width\":1200,\"height\":296,\"caption\":\"Kortleksbolaget\"},\"image\":{\"@id\":\"https:\\\/\\\/kortleksbolaget.se\\\/en\\\/#\\\/schema\\\/logo\\\/image\\\/\"}}]}<\/script>\n<!-- \/ Yoast SEO plugin. -->","yoast_head_json":{"title":"Kortlek Kings Wild Tigers | Kortleksbolaget","description":"K\u00f6p Kings Wild Tigers. Snabba leveranser & bra priser. Sveriges st\u00f6rsta sortiment av kortlekar p\u00e5 Kortleksbolaget!","robots":{"index":"index","follow":"follow","max-snippet":"max-snippet:-1","max-image-preview":"max-image-preview:large","max-video-preview":"max-video-preview:-1"},"canonical":"https:\/\/kortleksbolaget.se\/en\/product\/kings-wild-tigers-2\/","og_locale":"en_US","og_type":"article","og_title":"Kortlek Kings Wild Tigers | Kortleksbolaget","og_description":"K\u00f6p Kings Wild Tigers. Snabba leveranser & bra priser. Sveriges st\u00f6rsta sortiment av kortlekar p\u00e5 Kortleksbolaget!","og_url":"https:\/\/kortleksbolaget.se\/en\/product\/kings-wild-tigers-2\/","og_site_name":"Kortleksbolaget","article_modified_time":"2024-04-15T08:45:24+00:00","og_image":[{"width":537,"height":806,"url":"https:\/\/kortleksbolaget.se\/wp-content\/uploads\/kings-wild-tigers.jpg","type":"image\/jpeg"}],"twitter_card":"summary_large_image","schema":{"@context":"https:\/\/schema.org","@graph":[{"@type":"WebPage","@id":"https:\/\/kortleksbolaget.se\/en\/product\/kings-wild-tigers-2\/","url":"https:\/\/kortleksbolaget.se\/en\/product\/kings-wild-tigers-2\/","name":"Kortlek Kings Wild Tigers | Kortleksbolaget","isPartOf":{"@id":"https:\/\/kortleksbolaget.se\/en\/#website"},"primaryImageOfPage":{"@id":"https:\/\/kortleksbolaget.se\/en\/product\/kings-wild-tigers-2\/#primaryimage"},"image":{"@id":"https:\/\/kortleksbolaget.se\/en\/product\/kings-wild-tigers-2\/#primaryimage"},"thumbnailUrl":"https:\/\/kortleksbolaget.se\/wp-content\/uploads\/kings-wild-tigers.jpg","datePublished":"2020-12-18T20:52:49+00:00","dateModified":"2024-04-15T08:45:24+00:00","description":"K\u00f6p Kings Wild Tigers. Snabba leveranser & bra priser. Sveriges st\u00f6rsta sortiment av kortlekar p\u00e5 Kortleksbolaget!","breadcrumb":{"@id":"https:\/\/kortleksbolaget.se\/en\/product\/kings-wild-tigers-2\/#breadcrumb"},"inLanguage":"en-US","potentialAction":[{"@type":"ReadAction","target":["https:\/\/kortleksbolaget.se\/en\/product\/kings-wild-tigers-2\/"]}]},{"@type":"ImageObject","inLanguage":"en-US","@id":"https:\/\/kortleksbolaget.se\/en\/product\/kings-wild-tigers-2\/#primaryimage","url":"https:\/\/kortleksbolaget.se\/wp-content\/uploads\/kings-wild-tigers.jpg","contentUrl":"https:\/\/kortleksbolaget.se\/wp-content\/uploads\/kings-wild-tigers.jpg","width":537,"height":806},{"@type":"BreadcrumbList","@id":"https:\/\/kortleksbolaget.se\/en\/product\/kings-wild-tigers-2\/#breadcrumb","itemListElement":[{"@type":"ListItem","position":1,"name":"Hem","item":"https:\/\/kortleksbolaget.se\/en\/"},{"@type":"ListItem","position":2,"name":"All products","item":"https:\/\/kortleksbolaget.se\/en\/shop\/"},{"@type":"ListItem","position":3,"name":"Kings Wild Tigers"}]},{"@type":"WebSite","@id":"https:\/\/kortleksbolaget.se\/en\/#website","url":"https:\/\/kortleksbolaget.se\/en\/","name":"Kortleksbolaget","description":"Kortlekar p\u00e5 n\u00e4tet","publisher":{"@id":"https:\/\/kortleksbolaget.se\/en\/#organization"},"potentialAction":[{"@type":"SearchAction","target":{"@type":"EntryPoint","urlTemplate":"https:\/\/kortleksbolaget.se\/en\/?s={search_term_string}"},"query-input":{"@type":"PropertyValueSpecification","valueRequired":true,"valueName":"search_term_string"}}],"inLanguage":"en-US"},{"@type":"Organization","@id":"https:\/\/kortleksbolaget.se\/en\/#organization","name":"Kortleksbolaget","url":"https:\/\/kortleksbolaget.se\/en\/","logo":{"@type":"ImageObject","inLanguage":"en-US","@id":"https:\/\/kortleksbolaget.se\/en\/#\/schema\/logo\/image\/","url":"https:\/\/kortleksbolaget.se\/wp-content\/uploads\/kortleksbolaget_logo-svart.png","contentUrl":"https:\/\/kortleksbolaget.se\/wp-content\/uploads\/kortleksbolaget_logo-svart.png","width":1200,"height":296,"caption":"Kortleksbolaget"},"image":{"@id":"https:\/\/kortleksbolaget.se\/en\/#\/schema\/logo\/image\/"}}]}},"_links":{"self":[{"href":"https:\/\/kortleksbolaget.se\/en\/wp-json\/wp\/v2\/product\/45412","targetHints":{"allow":["GET"]}}],"collection":[{"href":"https:\/\/kortleksbolaget.se\/en\/wp-json\/wp\/v2\/product"}],"about":[{"href":"https:\/\/kortleksbolaget.se\/en\/wp-json\/wp\/v2\/types\/product"}],"wp:featuredmedia":[{"embeddable":true,"href":"https:\/\/kortleksbolaget.se\/en\/wp-json\/wp\/v2\/media\/44202"}],"wp:attachment":[{"href":"https:\/\/kortleksbolaget.se\/en\/wp-json\/wp\/v2\/media?parent=45412"}],"wp:term":[{"taxonomy":"product_brand","embeddable":true,"href":"https:\/\/kortleksbolaget.se\/en\/wp-json\/wp\/v2\/product_brand?post=45412"},{"taxonomy":"product_cat","embeddable":true,"href":"https:\/\/kortleksbolaget.se\/en\/wp-json\/wp\/v2\/product_cat?post=45412"},{"taxonomy":"product_tag","embeddable":true,"href":"https:\/\/kortleksbolaget.se\/en\/wp-json\/wp\/v2\/product_tag?post=45412"}],"curies":[{"name":"wp","href":"https:\/\/api.w.org\/{rel}","templated":true}]}}