{"id":45495,"date":"2021-01-26T22:11:08","date_gmt":"2021-01-26T21:11:08","guid":{"rendered":"https:\/\/kortleksbolaget.se\/nyasidan2021\/produkt\/diamon-playing-cards-n-14-purple-star\/"},"modified":"2025-01-27T21:05:44","modified_gmt":"2025-01-27T20:05:44","slug":"diamon-playing-cards-n-14-purple-star","status":"publish","type":"product","link":"https:\/\/kortleksbolaget.se\/en\/product\/diamon-playing-cards-n-14-purple-star\/","title":{"rendered":"Diamon Playing Cards N\u00b0 14 Purple Star"},"content":{"rendered":"<p>Diamon Playing Cards never fails to surprise! Like the previous editions, <b>Diamon Playing Cards N\u00b014<\/b> by the Dutch Card House Company is a vivid deck crafted for Cardistry and Card enthusiasts. The contrasting bright colors will make fan, flourish, and shuffle outstanding.<\/p>\n<p>The all-new Diamon deck features a composition of the color ranging from banana to canary yellow and from amethyst to eggplant purple hues.<\/p>\n<p>Much of what you know and love about the Diamon deck series has remained the same. No.14 features the same small border-bleeding arrow that folds over the edge of every card, allowing for awesome spreads and fans!<\/p>\n<p>The pips are consistent with the Diamond pattern found on the back to create a harmonious deck of cards. Overall, N\u00ba14 is fully custom, complete with custom-designed aces and court cards. This is probably the most striking Diamon Playing Cards in the series! See pictures below.<\/p>\n<ul>\n<li>52 poker-size playing cards<\/li>\n<li>Printed by the USPCC<\/li>\n<li>Premium Bicycle stock, air-cushion finish<\/li>\n<li>Traditional cut<\/li>\n<li>Crushed stock<\/li>\n<li>Thin white borders<\/li>\n<li>100% custom design back and faces<\/li>\n<li>Blank face card<\/li>\n<li>Double backer<\/li>\n<li>One time print run (2500 decks)<\/li>\n<\/ul>\n","protected":false},"excerpt":{"rendered":"<p><span lang=\"sv\">Diamons-kortlekar upph\u00f6r aldrig att \u00f6verraska p\u00e5 ett positivt s\u00e4tt. Precis som de tidigare utg\u00e5vorna \u00e4r Diamon Playing Cards N \u00b0 14 av Dutch Card House Company en levande kortlek utformad f\u00f6r Cardistry och kortentusiaster. De kontrasterande ljusa f\u00e4rgerna kommer att g\u00f6ra fans, cardistry och sleights enast\u00e5ende. Den helt nya Diamon-kortleken har en f\u00e4rgkomposition som str\u00e4cker sig fr\u00e5n banangul till kanariegul och fr\u00e5n ametist till aubergine-lila nyanser. Mycket av det du k\u00e4nner till och \u00e4lskar med Diamons kortleksserie \u00e4r detsamma. No.14 har samma lilla gr\u00e4ns\u00f6verskridande pil som viks \u00f6ver kanten p\u00e5 varje kort, vilket m\u00f6jligg\u00f6r fantastiska spreads och fans. K\u00e4rnorna \u00f6verensst\u00e4mmer med diamantm\u00f6nstret p\u00e5 baksidan f\u00f6r att skapa en harmonisk kortlek. Sammantaget \u00e4r N\u00ba14 helt customgjord, komplett med specialdesignade framsidor. Detta \u00e4r f\u00f6rmodligen den mest sl\u00e5ende Diamon-kortleken i serien. 52 spelkort i pokerstorlek. Tryckt av USPCC. Premium Bicycle Stock, Air Cushion Finish, Traditional Cut,\u00a0 Crushed Stock. Ett blank face-kort och en doublebacker. Limited Edition, 2500. Se bilder nedan.<\/span> [&#8230;]<\/p>\n<p><a class=\"btn btn-secondary understrap-read-more-link\" href=\"https:\/\/kortleksbolaget.se\/en\/product\/diamon-playing-cards-n-14-purple-star\/\">Read More&#8230;<span class=\"screen-reader-text\"> from Diamon Playing Cards N\u00b0 14 Purple Star<\/span><\/a><\/p>\n","protected":false},"featured_media":47567,"template":"","meta":{"_acf_changed":false},"product_brand":[],"product_cat":[71],"product_tag":[],"class_list":{"0":"post-45495","1":"product","2":"type-product","3":"status-publish","4":"has-post-thumbnail","6":"varumarke-uspcc-en","7":"product_cat-cardistry-en","9":"first","10":"outofstock","11":"taxable","12":"shipping-taxable","13":"purchasable","14":"product-type-simple"},"acf":[],"yoast_head":"<!-- This site is optimized with the Yoast SEO plugin v26.3 - https:\/\/yoast.com\/wordpress\/plugins\/seo\/ -->\n<title>Kortlek Diamon Playing Cards N\u00b0 14 Purple Star | Kortleksbolaget<\/title>\n<meta name=\"description\" content=\"K\u00f6p Diamon Playing Cards N\u00b0 14 Purple Star. Snabba leveranser &amp; bra priser. Sveriges st\u00f6rsta sortiment av kortlekar p\u00e5 Kortleksbolaget!\" \/>\n<meta name=\"robots\" content=\"index, follow, max-snippet:-1, max-image-preview:large, max-video-preview:-1\" \/>\n<link rel=\"canonical\" href=\"https:\/\/kortleksbolaget.se\/en\/product\/diamon-playing-cards-n-14-purple-star\/\" \/>\n<meta property=\"og:locale\" content=\"en_US\" \/>\n<meta property=\"og:type\" content=\"article\" \/>\n<meta property=\"og:title\" content=\"Kortlek Diamon Playing Cards N\u00b0 14 Purple Star | Kortleksbolaget\" \/>\n<meta property=\"og:description\" content=\"K\u00f6p Diamon Playing Cards N\u00b0 14 Purple Star. Snabba leveranser &amp; bra priser. Sveriges st\u00f6rsta sortiment av kortlekar p\u00e5 Kortleksbolaget!\" \/>\n<meta property=\"og:url\" content=\"https:\/\/kortleksbolaget.se\/en\/product\/diamon-playing-cards-n-14-purple-star\/\" \/>\n<meta property=\"og:site_name\" content=\"Kortleksbolaget\" \/>\n<meta property=\"article:modified_time\" content=\"2025-01-27T20:05:44+00:00\" \/>\n<meta property=\"og:image\" content=\"https:\/\/kortleksbolaget.se\/wp-content\/uploads\/diamon-no14.jpg\" \/>\n\t<meta property=\"og:image:width\" content=\"536\" \/>\n\t<meta property=\"og:image:height\" content=\"804\" \/>\n\t<meta property=\"og:image:type\" content=\"image\/jpeg\" \/>\n<meta name=\"twitter:card\" content=\"summary_large_image\" \/>\n<meta name=\"twitter:label1\" content=\"Est. reading time\" \/>\n\t<meta name=\"twitter:data1\" content=\"1 minute\" \/>\n<script type=\"application\/ld+json\" class=\"yoast-schema-graph\">{\"@context\":\"https:\/\/schema.org\",\"@graph\":[{\"@type\":\"WebPage\",\"@id\":\"https:\/\/kortleksbolaget.se\/en\/product\/diamon-playing-cards-n-14-purple-star\/\",\"url\":\"https:\/\/kortleksbolaget.se\/en\/product\/diamon-playing-cards-n-14-purple-star\/\",\"name\":\"Kortlek Diamon Playing Cards N\u00b0 14 Purple Star | Kortleksbolaget\",\"isPartOf\":{\"@id\":\"https:\/\/kortleksbolaget.se\/en\/#website\"},\"primaryImageOfPage\":{\"@id\":\"https:\/\/kortleksbolaget.se\/en\/product\/diamon-playing-cards-n-14-purple-star\/#primaryimage\"},\"image\":{\"@id\":\"https:\/\/kortleksbolaget.se\/en\/product\/diamon-playing-cards-n-14-purple-star\/#primaryimage\"},\"thumbnailUrl\":\"https:\/\/kortleksbolaget.se\/wp-content\/uploads\/diamon-no14.jpg\",\"datePublished\":\"2021-01-26T21:11:08+00:00\",\"dateModified\":\"2025-01-27T20:05:44+00:00\",\"description\":\"K\u00f6p Diamon Playing Cards N\u00b0 14 Purple Star. Snabba leveranser & bra priser. Sveriges st\u00f6rsta sortiment av kortlekar p\u00e5 Kortleksbolaget!\",\"breadcrumb\":{\"@id\":\"https:\/\/kortleksbolaget.se\/en\/product\/diamon-playing-cards-n-14-purple-star\/#breadcrumb\"},\"inLanguage\":\"en-US\",\"potentialAction\":[{\"@type\":\"ReadAction\",\"target\":[\"https:\/\/kortleksbolaget.se\/en\/product\/diamon-playing-cards-n-14-purple-star\/\"]}]},{\"@type\":\"ImageObject\",\"inLanguage\":\"en-US\",\"@id\":\"https:\/\/kortleksbolaget.se\/en\/product\/diamon-playing-cards-n-14-purple-star\/#primaryimage\",\"url\":\"https:\/\/kortleksbolaget.se\/wp-content\/uploads\/diamon-no14.jpg\",\"contentUrl\":\"https:\/\/kortleksbolaget.se\/wp-content\/uploads\/diamon-no14.jpg\",\"width\":536,\"height\":804,\"caption\":\"Kortstokker med spesialemballasje\"},{\"@type\":\"BreadcrumbList\",\"@id\":\"https:\/\/kortleksbolaget.se\/en\/product\/diamon-playing-cards-n-14-purple-star\/#breadcrumb\",\"itemListElement\":[{\"@type\":\"ListItem\",\"position\":1,\"name\":\"Hem\",\"item\":\"https:\/\/kortleksbolaget.se\/en\/\"},{\"@type\":\"ListItem\",\"position\":2,\"name\":\"All products\",\"item\":\"https:\/\/kortleksbolaget.se\/en\/shop\/\"},{\"@type\":\"ListItem\",\"position\":3,\"name\":\"Diamon Playing Cards N\u00b0 14 Purple Star\"}]},{\"@type\":\"WebSite\",\"@id\":\"https:\/\/kortleksbolaget.se\/en\/#website\",\"url\":\"https:\/\/kortleksbolaget.se\/en\/\",\"name\":\"Kortleksbolaget\",\"description\":\"Kortlekar p\u00e5 n\u00e4tet\",\"publisher\":{\"@id\":\"https:\/\/kortleksbolaget.se\/en\/#organization\"},\"potentialAction\":[{\"@type\":\"SearchAction\",\"target\":{\"@type\":\"EntryPoint\",\"urlTemplate\":\"https:\/\/kortleksbolaget.se\/en\/?s={search_term_string}\"},\"query-input\":{\"@type\":\"PropertyValueSpecification\",\"valueRequired\":true,\"valueName\":\"search_term_string\"}}],\"inLanguage\":\"en-US\"},{\"@type\":\"Organization\",\"@id\":\"https:\/\/kortleksbolaget.se\/en\/#organization\",\"name\":\"Kortleksbolaget\",\"url\":\"https:\/\/kortleksbolaget.se\/en\/\",\"logo\":{\"@type\":\"ImageObject\",\"inLanguage\":\"en-US\",\"@id\":\"https:\/\/kortleksbolaget.se\/en\/#\/schema\/logo\/image\/\",\"url\":\"https:\/\/kortleksbolaget.se\/wp-content\/uploads\/kortleksbolaget_logo-svart.png\",\"contentUrl\":\"https:\/\/kortleksbolaget.se\/wp-content\/uploads\/kortleksbolaget_logo-svart.png\",\"width\":1200,\"height\":296,\"caption\":\"Kortleksbolaget\"},\"image\":{\"@id\":\"https:\/\/kortleksbolaget.se\/en\/#\/schema\/logo\/image\/\"}}]}<\/script>\n<!-- \/ Yoast SEO plugin. -->","yoast_head_json":{"title":"Kortlek Diamon Playing Cards N\u00b0 14 Purple Star | Kortleksbolaget","description":"K\u00f6p Diamon Playing Cards N\u00b0 14 Purple Star. Snabba leveranser & bra priser. Sveriges st\u00f6rsta sortiment av kortlekar p\u00e5 Kortleksbolaget!","robots":{"index":"index","follow":"follow","max-snippet":"max-snippet:-1","max-image-preview":"max-image-preview:large","max-video-preview":"max-video-preview:-1"},"canonical":"https:\/\/kortleksbolaget.se\/en\/product\/diamon-playing-cards-n-14-purple-star\/","og_locale":"en_US","og_type":"article","og_title":"Kortlek Diamon Playing Cards N\u00b0 14 Purple Star | Kortleksbolaget","og_description":"K\u00f6p Diamon Playing Cards N\u00b0 14 Purple Star. Snabba leveranser & bra priser. Sveriges st\u00f6rsta sortiment av kortlekar p\u00e5 Kortleksbolaget!","og_url":"https:\/\/kortleksbolaget.se\/en\/product\/diamon-playing-cards-n-14-purple-star\/","og_site_name":"Kortleksbolaget","article_modified_time":"2025-01-27T20:05:44+00:00","og_image":[{"width":536,"height":804,"url":"https:\/\/kortleksbolaget.se\/wp-content\/uploads\/diamon-no14.jpg","type":"image\/jpeg"}],"twitter_card":"summary_large_image","twitter_misc":{"Est. reading time":"1 minute"},"schema":{"@context":"https:\/\/schema.org","@graph":[{"@type":"WebPage","@id":"https:\/\/kortleksbolaget.se\/en\/product\/diamon-playing-cards-n-14-purple-star\/","url":"https:\/\/kortleksbolaget.se\/en\/product\/diamon-playing-cards-n-14-purple-star\/","name":"Kortlek Diamon Playing Cards N\u00b0 14 Purple Star | Kortleksbolaget","isPartOf":{"@id":"https:\/\/kortleksbolaget.se\/en\/#website"},"primaryImageOfPage":{"@id":"https:\/\/kortleksbolaget.se\/en\/product\/diamon-playing-cards-n-14-purple-star\/#primaryimage"},"image":{"@id":"https:\/\/kortleksbolaget.se\/en\/product\/diamon-playing-cards-n-14-purple-star\/#primaryimage"},"thumbnailUrl":"https:\/\/kortleksbolaget.se\/wp-content\/uploads\/diamon-no14.jpg","datePublished":"2021-01-26T21:11:08+00:00","dateModified":"2025-01-27T20:05:44+00:00","description":"K\u00f6p Diamon Playing Cards N\u00b0 14 Purple Star. Snabba leveranser & bra priser. Sveriges st\u00f6rsta sortiment av kortlekar p\u00e5 Kortleksbolaget!","breadcrumb":{"@id":"https:\/\/kortleksbolaget.se\/en\/product\/diamon-playing-cards-n-14-purple-star\/#breadcrumb"},"inLanguage":"en-US","potentialAction":[{"@type":"ReadAction","target":["https:\/\/kortleksbolaget.se\/en\/product\/diamon-playing-cards-n-14-purple-star\/"]}]},{"@type":"ImageObject","inLanguage":"en-US","@id":"https:\/\/kortleksbolaget.se\/en\/product\/diamon-playing-cards-n-14-purple-star\/#primaryimage","url":"https:\/\/kortleksbolaget.se\/wp-content\/uploads\/diamon-no14.jpg","contentUrl":"https:\/\/kortleksbolaget.se\/wp-content\/uploads\/diamon-no14.jpg","width":536,"height":804,"caption":"Kortstokker med spesialemballasje"},{"@type":"BreadcrumbList","@id":"https:\/\/kortleksbolaget.se\/en\/product\/diamon-playing-cards-n-14-purple-star\/#breadcrumb","itemListElement":[{"@type":"ListItem","position":1,"name":"Hem","item":"https:\/\/kortleksbolaget.se\/en\/"},{"@type":"ListItem","position":2,"name":"All products","item":"https:\/\/kortleksbolaget.se\/en\/shop\/"},{"@type":"ListItem","position":3,"name":"Diamon Playing Cards N\u00b0 14 Purple Star"}]},{"@type":"WebSite","@id":"https:\/\/kortleksbolaget.se\/en\/#website","url":"https:\/\/kortleksbolaget.se\/en\/","name":"Kortleksbolaget","description":"Kortlekar p\u00e5 n\u00e4tet","publisher":{"@id":"https:\/\/kortleksbolaget.se\/en\/#organization"},"potentialAction":[{"@type":"SearchAction","target":{"@type":"EntryPoint","urlTemplate":"https:\/\/kortleksbolaget.se\/en\/?s={search_term_string}"},"query-input":{"@type":"PropertyValueSpecification","valueRequired":true,"valueName":"search_term_string"}}],"inLanguage":"en-US"},{"@type":"Organization","@id":"https:\/\/kortleksbolaget.se\/en\/#organization","name":"Kortleksbolaget","url":"https:\/\/kortleksbolaget.se\/en\/","logo":{"@type":"ImageObject","inLanguage":"en-US","@id":"https:\/\/kortleksbolaget.se\/en\/#\/schema\/logo\/image\/","url":"https:\/\/kortleksbolaget.se\/wp-content\/uploads\/kortleksbolaget_logo-svart.png","contentUrl":"https:\/\/kortleksbolaget.se\/wp-content\/uploads\/kortleksbolaget_logo-svart.png","width":1200,"height":296,"caption":"Kortleksbolaget"},"image":{"@id":"https:\/\/kortleksbolaget.se\/en\/#\/schema\/logo\/image\/"}}]}},"_links":{"self":[{"href":"https:\/\/kortleksbolaget.se\/en\/wp-json\/wp\/v2\/product\/45495","targetHints":{"allow":["GET"]}}],"collection":[{"href":"https:\/\/kortleksbolaget.se\/en\/wp-json\/wp\/v2\/product"}],"about":[{"href":"https:\/\/kortleksbolaget.se\/en\/wp-json\/wp\/v2\/types\/product"}],"wp:featuredmedia":[{"embeddable":true,"href":"https:\/\/kortleksbolaget.se\/en\/wp-json\/wp\/v2\/media\/47567"}],"wp:attachment":[{"href":"https:\/\/kortleksbolaget.se\/en\/wp-json\/wp\/v2\/media?parent=45495"}],"wp:term":[{"taxonomy":"product_brand","embeddable":true,"href":"https:\/\/kortleksbolaget.se\/en\/wp-json\/wp\/v2\/product_brand?post=45495"},{"taxonomy":"product_cat","embeddable":true,"href":"https:\/\/kortleksbolaget.se\/en\/wp-json\/wp\/v2\/product_cat?post=45495"},{"taxonomy":"product_tag","embeddable":true,"href":"https:\/\/kortleksbolaget.se\/en\/wp-json\/wp\/v2\/product_tag?post=45495"}],"curies":[{"name":"wp","href":"https:\/\/api.w.org\/{rel}","templated":true}]}}