{"id":57525,"date":"2021-07-07T21:13:09","date_gmt":"2021-07-07T19:13:09","guid":{"rendered":"https:\/\/kortleksbolaget.se\/produkt\/bicycle-mandolin-back-red\/"},"modified":"2021-07-07T21:15:55","modified_gmt":"2021-07-07T19:15:55","slug":"bicycle-mandolin-back-red","status":"publish","type":"product","link":"https:\/\/kortleksbolaget.se\/en\/product\/bicycle-mandolin-back-red\/","title":{"rendered":"Bicycle Mandolin Back &#8211; Red"},"content":{"rendered":"","protected":false},"excerpt":{"rendered":"<div id=\"tw-target-text-container\" class=\"tw-ta-container hide-focus-ring tw-nfl\" tabindex=\"0\">\n<p id=\"tw-target-text\" class=\"tw-data-text tw-text-large XcVN5d tw-ta\" dir=\"ltr\" data-placeholder=\"\u00d6vers\u00e4ttning\"><span class=\"Y2IQFc\" lang=\"sv\">The Mandolin deck is the only Bicycle brand deck that provides maximum flexibility in gaffs and is specifically designed to look similar to the Bicycle Rider Backs. Mandolins meet the highest quality standards of stock, moisture content, pliability, finish, cut, durability, and handling of any current mass market USPC deck in the world. They are available as Svengali, Stripper, Invisible, Short and One-Ways in all values.<\/p>\n<p><b>Design: <\/b>Paul Harris directed the development of the new 809 Bicycle back with USPCC. Paul worked with three world class artists (including Garrett Thomas) to create a soothing traditional looking back that&#8217;s instantly trusted as part of the Bicycle family. And yes, this classic looking deck even features the trademarked Bicycle Ace of Spades, Joker and the traditional box.<\/p>\n<p><b>Quality: <\/b>Richard Turner worked directly with USPCC manufacturing to ensure the new Bicycle 809 Mandolin has a superior cut and quality. These are exquisitely crafted decks! Once you feel these cards you will never want to put them down. Jon Racherbaumer, Bill Kalush, Alan Ackerman, Johnny Thompson, Richard Kaufman, Jason England, Justin Miller, Steve Haynes, David Ben, and other pros have tested and enthusiastically approved of the Mandolins.<\/p>\n<p>Mandolins also are the only deck on the market featuring the classic &#8220;full-back&#8221; Bicycle card case that so many performers prefer. <\/span><\/p>\n<\/div>\n<div id=\"tw-target-rmn-container\" class=\"tw-target-rmn tw-ta-container hide-focus-ring tw-nfl\">\n<pre id=\"tw-target-rmn\" class=\"tw-data-placeholder tw-text-small tw-ta\" dir=\"ltr\" data-placeholder=\"\"><\/pre>\n<\/div>\n<p> [&#8230;]<\/p>\n<p><a class=\"btn btn-secondary understrap-read-more-link\" href=\"https:\/\/kortleksbolaget.se\/en\/product\/bicycle-mandolin-back-red\/\">Read More&#8230;<span class=\"screen-reader-text\"> from Bicycle Mandolin Back &#8211; Red<\/span><\/a><\/p>\n","protected":false},"featured_media":57517,"template":"","meta":{"_acf_changed":false},"product_brand":[],"product_cat":[76],"product_tag":[],"class_list":{"0":"post-57525","1":"product","2":"type-product","3":"status-publish","4":"has-post-thumbnail","6":"varumarke-bicycle-en","7":"product_cat-standard-en","9":"first","10":"instock","11":"taxable","12":"shipping-taxable","13":"purchasable","14":"product-type-simple"},"acf":[],"yoast_head":"<!-- This site is optimized with the Yoast SEO plugin v26.3 - https:\/\/yoast.com\/wordpress\/plugins\/seo\/ -->\n<title>Kortlek Bicycle Mandolin Back - Red | Kortleksbolaget<\/title>\n<meta name=\"description\" content=\"K\u00f6p Bicycle Mandolin Back - Red. Snabba leveranser &amp; bra priser. Sveriges st\u00f6rsta sortiment av kortlekar p\u00e5 Kortleksbolaget!\" \/>\n<meta name=\"robots\" content=\"index, follow, max-snippet:-1, max-image-preview:large, max-video-preview:-1\" \/>\n<link rel=\"canonical\" href=\"https:\/\/kortleksbolaget.se\/en\/product\/bicycle-mandolin-back-red\/\" \/>\n<meta property=\"og:locale\" content=\"en_US\" \/>\n<meta property=\"og:type\" content=\"article\" \/>\n<meta property=\"og:title\" content=\"Kortlek Bicycle Mandolin Back - Red | Kortleksbolaget\" \/>\n<meta property=\"og:description\" content=\"K\u00f6p Bicycle Mandolin Back - Red. Snabba leveranser &amp; bra priser. Sveriges st\u00f6rsta sortiment av kortlekar p\u00e5 Kortleksbolaget!\" \/>\n<meta property=\"og:url\" content=\"https:\/\/kortleksbolaget.se\/en\/product\/bicycle-mandolin-back-red\/\" \/>\n<meta property=\"og:site_name\" content=\"Kortleksbolaget\" \/>\n<meta property=\"article:modified_time\" content=\"2021-07-07T19:15:55+00:00\" \/>\n<meta property=\"og:image\" content=\"https:\/\/kortleksbolaget.se\/wp-content\/uploads\/bicycle_mandolin.jpg\" \/>\n\t<meta property=\"og:image:width\" content=\"545\" \/>\n\t<meta property=\"og:image:height\" content=\"818\" \/>\n\t<meta property=\"og:image:type\" content=\"image\/jpeg\" \/>\n<meta name=\"twitter:card\" content=\"summary_large_image\" \/>\n<script type=\"application\/ld+json\" class=\"yoast-schema-graph\">{\"@context\":\"https:\/\/schema.org\",\"@graph\":[{\"@type\":\"WebPage\",\"@id\":\"https:\/\/kortleksbolaget.se\/en\/product\/bicycle-mandolin-back-red\/\",\"url\":\"https:\/\/kortleksbolaget.se\/en\/product\/bicycle-mandolin-back-red\/\",\"name\":\"Kortlek Bicycle Mandolin Back - Red | Kortleksbolaget\",\"isPartOf\":{\"@id\":\"https:\/\/kortleksbolaget.se\/en\/#website\"},\"primaryImageOfPage\":{\"@id\":\"https:\/\/kortleksbolaget.se\/en\/product\/bicycle-mandolin-back-red\/#primaryimage\"},\"image\":{\"@id\":\"https:\/\/kortleksbolaget.se\/en\/product\/bicycle-mandolin-back-red\/#primaryimage\"},\"thumbnailUrl\":\"https:\/\/kortleksbolaget.se\/wp-content\/uploads\/bicycle_mandolin.jpg\",\"datePublished\":\"2021-07-07T19:13:09+00:00\",\"dateModified\":\"2021-07-07T19:15:55+00:00\",\"description\":\"K\u00f6p Bicycle Mandolin Back - Red. Snabba leveranser & bra priser. Sveriges st\u00f6rsta sortiment av kortlekar p\u00e5 Kortleksbolaget!\",\"breadcrumb\":{\"@id\":\"https:\/\/kortleksbolaget.se\/en\/product\/bicycle-mandolin-back-red\/#breadcrumb\"},\"inLanguage\":\"en-US\",\"potentialAction\":[{\"@type\":\"ReadAction\",\"target\":[\"https:\/\/kortleksbolaget.se\/en\/product\/bicycle-mandolin-back-red\/\"]}]},{\"@type\":\"ImageObject\",\"inLanguage\":\"en-US\",\"@id\":\"https:\/\/kortleksbolaget.se\/en\/product\/bicycle-mandolin-back-red\/#primaryimage\",\"url\":\"https:\/\/kortleksbolaget.se\/wp-content\/uploads\/bicycle_mandolin.jpg\",\"contentUrl\":\"https:\/\/kortleksbolaget.se\/wp-content\/uploads\/bicycle_mandolin.jpg\",\"width\":545,\"height\":818},{\"@type\":\"BreadcrumbList\",\"@id\":\"https:\/\/kortleksbolaget.se\/en\/product\/bicycle-mandolin-back-red\/#breadcrumb\",\"itemListElement\":[{\"@type\":\"ListItem\",\"position\":1,\"name\":\"Hem\",\"item\":\"https:\/\/kortleksbolaget.se\/en\/\"},{\"@type\":\"ListItem\",\"position\":2,\"name\":\"All products\",\"item\":\"https:\/\/kortleksbolaget.se\/en\/shop\/\"},{\"@type\":\"ListItem\",\"position\":3,\"name\":\"Bicycle Mandolin Back &#8211; Red\"}]},{\"@type\":\"WebSite\",\"@id\":\"https:\/\/kortleksbolaget.se\/en\/#website\",\"url\":\"https:\/\/kortleksbolaget.se\/en\/\",\"name\":\"Kortleksbolaget\",\"description\":\"Kortlekar p\u00e5 n\u00e4tet\",\"publisher\":{\"@id\":\"https:\/\/kortleksbolaget.se\/en\/#organization\"},\"potentialAction\":[{\"@type\":\"SearchAction\",\"target\":{\"@type\":\"EntryPoint\",\"urlTemplate\":\"https:\/\/kortleksbolaget.se\/en\/?s={search_term_string}\"},\"query-input\":{\"@type\":\"PropertyValueSpecification\",\"valueRequired\":true,\"valueName\":\"search_term_string\"}}],\"inLanguage\":\"en-US\"},{\"@type\":\"Organization\",\"@id\":\"https:\/\/kortleksbolaget.se\/en\/#organization\",\"name\":\"Kortleksbolaget\",\"url\":\"https:\/\/kortleksbolaget.se\/en\/\",\"logo\":{\"@type\":\"ImageObject\",\"inLanguage\":\"en-US\",\"@id\":\"https:\/\/kortleksbolaget.se\/en\/#\/schema\/logo\/image\/\",\"url\":\"https:\/\/kortleksbolaget.se\/wp-content\/uploads\/kortleksbolaget_logo-svart.png\",\"contentUrl\":\"https:\/\/kortleksbolaget.se\/wp-content\/uploads\/kortleksbolaget_logo-svart.png\",\"width\":1200,\"height\":296,\"caption\":\"Kortleksbolaget\"},\"image\":{\"@id\":\"https:\/\/kortleksbolaget.se\/en\/#\/schema\/logo\/image\/\"}}]}<\/script>\n<!-- \/ Yoast SEO plugin. -->","yoast_head_json":{"title":"Kortlek Bicycle Mandolin Back - Red | Kortleksbolaget","description":"K\u00f6p Bicycle Mandolin Back - Red. Snabba leveranser & bra priser. Sveriges st\u00f6rsta sortiment av kortlekar p\u00e5 Kortleksbolaget!","robots":{"index":"index","follow":"follow","max-snippet":"max-snippet:-1","max-image-preview":"max-image-preview:large","max-video-preview":"max-video-preview:-1"},"canonical":"https:\/\/kortleksbolaget.se\/en\/product\/bicycle-mandolin-back-red\/","og_locale":"en_US","og_type":"article","og_title":"Kortlek Bicycle Mandolin Back - Red | Kortleksbolaget","og_description":"K\u00f6p Bicycle Mandolin Back - Red. Snabba leveranser & bra priser. Sveriges st\u00f6rsta sortiment av kortlekar p\u00e5 Kortleksbolaget!","og_url":"https:\/\/kortleksbolaget.se\/en\/product\/bicycle-mandolin-back-red\/","og_site_name":"Kortleksbolaget","article_modified_time":"2021-07-07T19:15:55+00:00","og_image":[{"width":545,"height":818,"url":"https:\/\/kortleksbolaget.se\/wp-content\/uploads\/bicycle_mandolin.jpg","type":"image\/jpeg"}],"twitter_card":"summary_large_image","schema":{"@context":"https:\/\/schema.org","@graph":[{"@type":"WebPage","@id":"https:\/\/kortleksbolaget.se\/en\/product\/bicycle-mandolin-back-red\/","url":"https:\/\/kortleksbolaget.se\/en\/product\/bicycle-mandolin-back-red\/","name":"Kortlek Bicycle Mandolin Back - Red | Kortleksbolaget","isPartOf":{"@id":"https:\/\/kortleksbolaget.se\/en\/#website"},"primaryImageOfPage":{"@id":"https:\/\/kortleksbolaget.se\/en\/product\/bicycle-mandolin-back-red\/#primaryimage"},"image":{"@id":"https:\/\/kortleksbolaget.se\/en\/product\/bicycle-mandolin-back-red\/#primaryimage"},"thumbnailUrl":"https:\/\/kortleksbolaget.se\/wp-content\/uploads\/bicycle_mandolin.jpg","datePublished":"2021-07-07T19:13:09+00:00","dateModified":"2021-07-07T19:15:55+00:00","description":"K\u00f6p Bicycle Mandolin Back - Red. Snabba leveranser & bra priser. Sveriges st\u00f6rsta sortiment av kortlekar p\u00e5 Kortleksbolaget!","breadcrumb":{"@id":"https:\/\/kortleksbolaget.se\/en\/product\/bicycle-mandolin-back-red\/#breadcrumb"},"inLanguage":"en-US","potentialAction":[{"@type":"ReadAction","target":["https:\/\/kortleksbolaget.se\/en\/product\/bicycle-mandolin-back-red\/"]}]},{"@type":"ImageObject","inLanguage":"en-US","@id":"https:\/\/kortleksbolaget.se\/en\/product\/bicycle-mandolin-back-red\/#primaryimage","url":"https:\/\/kortleksbolaget.se\/wp-content\/uploads\/bicycle_mandolin.jpg","contentUrl":"https:\/\/kortleksbolaget.se\/wp-content\/uploads\/bicycle_mandolin.jpg","width":545,"height":818},{"@type":"BreadcrumbList","@id":"https:\/\/kortleksbolaget.se\/en\/product\/bicycle-mandolin-back-red\/#breadcrumb","itemListElement":[{"@type":"ListItem","position":1,"name":"Hem","item":"https:\/\/kortleksbolaget.se\/en\/"},{"@type":"ListItem","position":2,"name":"All products","item":"https:\/\/kortleksbolaget.se\/en\/shop\/"},{"@type":"ListItem","position":3,"name":"Bicycle Mandolin Back &#8211; Red"}]},{"@type":"WebSite","@id":"https:\/\/kortleksbolaget.se\/en\/#website","url":"https:\/\/kortleksbolaget.se\/en\/","name":"Kortleksbolaget","description":"Kortlekar p\u00e5 n\u00e4tet","publisher":{"@id":"https:\/\/kortleksbolaget.se\/en\/#organization"},"potentialAction":[{"@type":"SearchAction","target":{"@type":"EntryPoint","urlTemplate":"https:\/\/kortleksbolaget.se\/en\/?s={search_term_string}"},"query-input":{"@type":"PropertyValueSpecification","valueRequired":true,"valueName":"search_term_string"}}],"inLanguage":"en-US"},{"@type":"Organization","@id":"https:\/\/kortleksbolaget.se\/en\/#organization","name":"Kortleksbolaget","url":"https:\/\/kortleksbolaget.se\/en\/","logo":{"@type":"ImageObject","inLanguage":"en-US","@id":"https:\/\/kortleksbolaget.se\/en\/#\/schema\/logo\/image\/","url":"https:\/\/kortleksbolaget.se\/wp-content\/uploads\/kortleksbolaget_logo-svart.png","contentUrl":"https:\/\/kortleksbolaget.se\/wp-content\/uploads\/kortleksbolaget_logo-svart.png","width":1200,"height":296,"caption":"Kortleksbolaget"},"image":{"@id":"https:\/\/kortleksbolaget.se\/en\/#\/schema\/logo\/image\/"}}]}},"_links":{"self":[{"href":"https:\/\/kortleksbolaget.se\/en\/wp-json\/wp\/v2\/product\/57525","targetHints":{"allow":["GET"]}}],"collection":[{"href":"https:\/\/kortleksbolaget.se\/en\/wp-json\/wp\/v2\/product"}],"about":[{"href":"https:\/\/kortleksbolaget.se\/en\/wp-json\/wp\/v2\/types\/product"}],"wp:featuredmedia":[{"embeddable":true,"href":"https:\/\/kortleksbolaget.se\/en\/wp-json\/wp\/v2\/media\/57517"}],"wp:attachment":[{"href":"https:\/\/kortleksbolaget.se\/en\/wp-json\/wp\/v2\/media?parent=57525"}],"wp:term":[{"taxonomy":"product_brand","embeddable":true,"href":"https:\/\/kortleksbolaget.se\/en\/wp-json\/wp\/v2\/product_brand?post=57525"},{"taxonomy":"product_cat","embeddable":true,"href":"https:\/\/kortleksbolaget.se\/en\/wp-json\/wp\/v2\/product_cat?post=57525"},{"taxonomy":"product_tag","embeddable":true,"href":"https:\/\/kortleksbolaget.se\/en\/wp-json\/wp\/v2\/product_tag?post=57525"}],"curies":[{"name":"wp","href":"https:\/\/api.w.org\/{rel}","templated":true}]}}