{"id":61180,"date":"2021-08-31T15:39:58","date_gmt":"2021-08-31T13:39:58","guid":{"rendered":"https:\/\/kortleksbolaget.se\/produkt\/shooters-collectors-edition-white\/"},"modified":"2021-08-31T15:41:18","modified_gmt":"2021-08-31T13:41:18","slug":"shooters-collectors-edition-white","status":"publish","type":"product","link":"https:\/\/kortleksbolaget.se\/en\/product\/shooters-collectors-edition-white\/","title":{"rendered":"Shooters Collector&#8217;s Edition White"},"content":{"rendered":"","protected":false},"excerpt":{"rendered":"<p>From the Dutch Card House Company, comes Shooter f\/1.2, a set of playing cards combining the passions for professional photography and clean graphic designing. Printed by the USPCC.<\/p>\n<p>The deck is a collaboration with Matt Fujiwara and brilliantly mimics the aesthetics of a camera. The card back features icons that can be found and recognized by any camera owner or operator (shooter).<\/p>\n<p>Classic icons like, battery level display, settings, brightness, flash, or self-timer, just to name a few. The red border was created to keep that &#8220;red ring&#8221; theme throughout the deck. Red metallic ink can be found on the back design and faces of the cards.<\/p>\n<p>The court cards are pretty much standard but splashed intricately with camera icons. Custom-designed Jokers contain what resembles the control wheel found on most cameras.<\/p>\n<p>All four Aces have enlarged pips with the cross-hair in the center. The Ace of Spades design was meant to look like what you would normally see on a camera display.<\/p>\n<p>The tuck was designed to mimic the aesthetics of a DSLR camera lens (a.k.a &#8220;Glass&#8221;) while displaying information more related to playing cards. The red ring around the tuck mimics a professional line of lenses, known as Red Rings, which are classified as a higher grade of glass. This deck was created to spark the urge for shooters to get out and shoot.<\/p>\n<p>Three editions available:<\/p>\n<p><b>Black workers deck<\/b> &#8211; Crushed stock<\/p>\n<p><b>White special edition<\/b> &#8211; Tuck with embossing and 2 color foil print<\/p>\n<p><b>Black special edition<\/b> &#8211; Tuck with embossing, 2 color foil print and numbered seal. [&#8230;]<\/p>\n<p><a class=\"btn btn-secondary understrap-read-more-link\" href=\"https:\/\/kortleksbolaget.se\/en\/product\/shooters-collectors-edition-white\/\">Read More&#8230;<span class=\"screen-reader-text\"> from Shooters Collector&#8217;s Edition White<\/span><\/a><\/p>\n","protected":false},"featured_media":61195,"template":"","meta":{"_acf_changed":false},"product_brand":[],"product_cat":[75],"product_tag":[],"class_list":{"0":"post-61180","1":"product","2":"type-product","3":"status-publish","4":"has-post-thumbnail","6":"varumarke-uspcc-en","7":"product_cat-special-lyx-limited-en","9":"first","10":"instock","11":"taxable","12":"shipping-taxable","13":"purchasable","14":"product-type-simple"},"acf":[],"yoast_head":"<!-- This site is optimized with the Yoast SEO plugin v26.3 - https:\/\/yoast.com\/wordpress\/plugins\/seo\/ -->\n<title>Kortlek Shooters Collector&#039;s Edition White | Kortleksbolaget<\/title>\n<meta name=\"description\" content=\"K\u00f6p Shooters Collector&#039;s Edition White. Snabba leveranser &amp; bra priser. Sveriges st\u00f6rsta sortiment av kortlekar p\u00e5 Kortleksbolaget!\" \/>\n<meta name=\"robots\" content=\"index, follow, max-snippet:-1, max-image-preview:large, max-video-preview:-1\" \/>\n<link rel=\"canonical\" href=\"https:\/\/kortleksbolaget.se\/en\/product\/shooters-collectors-edition-white\/\" \/>\n<meta property=\"og:locale\" content=\"en_US\" \/>\n<meta property=\"og:type\" content=\"article\" \/>\n<meta property=\"og:title\" content=\"Kortlek Shooters Collector&#039;s Edition White | Kortleksbolaget\" \/>\n<meta property=\"og:description\" content=\"K\u00f6p Shooters Collector&#039;s Edition White. Snabba leveranser &amp; bra priser. Sveriges st\u00f6rsta sortiment av kortlekar p\u00e5 Kortleksbolaget!\" \/>\n<meta property=\"og:url\" content=\"https:\/\/kortleksbolaget.se\/en\/product\/shooters-collectors-edition-white\/\" \/>\n<meta property=\"og:site_name\" content=\"Kortleksbolaget\" \/>\n<meta property=\"article:modified_time\" content=\"2021-08-31T13:41:18+00:00\" \/>\n<meta property=\"og:image\" content=\"https:\/\/kortleksbolaget.se\/wp-content\/uploads\/shooters-collectors-white-2.jpg\" \/>\n\t<meta property=\"og:image:width\" content=\"512\" \/>\n\t<meta property=\"og:image:height\" content=\"767\" \/>\n\t<meta property=\"og:image:type\" content=\"image\/jpeg\" \/>\n<meta name=\"twitter:card\" content=\"summary_large_image\" \/>\n<script type=\"application\/ld+json\" class=\"yoast-schema-graph\">{\"@context\":\"https:\/\/schema.org\",\"@graph\":[{\"@type\":\"WebPage\",\"@id\":\"https:\/\/kortleksbolaget.se\/en\/product\/shooters-collectors-edition-white\/\",\"url\":\"https:\/\/kortleksbolaget.se\/en\/product\/shooters-collectors-edition-white\/\",\"name\":\"Kortlek Shooters Collector's Edition White | Kortleksbolaget\",\"isPartOf\":{\"@id\":\"https:\/\/kortleksbolaget.se\/en\/#website\"},\"primaryImageOfPage\":{\"@id\":\"https:\/\/kortleksbolaget.se\/en\/product\/shooters-collectors-edition-white\/#primaryimage\"},\"image\":{\"@id\":\"https:\/\/kortleksbolaget.se\/en\/product\/shooters-collectors-edition-white\/#primaryimage\"},\"thumbnailUrl\":\"https:\/\/kortleksbolaget.se\/wp-content\/uploads\/shooters-collectors-white-2.jpg\",\"datePublished\":\"2021-08-31T13:39:58+00:00\",\"dateModified\":\"2021-08-31T13:41:18+00:00\",\"description\":\"K\u00f6p Shooters Collector's Edition White. Snabba leveranser & bra priser. Sveriges st\u00f6rsta sortiment av kortlekar p\u00e5 Kortleksbolaget!\",\"breadcrumb\":{\"@id\":\"https:\/\/kortleksbolaget.se\/en\/product\/shooters-collectors-edition-white\/#breadcrumb\"},\"inLanguage\":\"en-US\",\"potentialAction\":[{\"@type\":\"ReadAction\",\"target\":[\"https:\/\/kortleksbolaget.se\/en\/product\/shooters-collectors-edition-white\/\"]}]},{\"@type\":\"ImageObject\",\"inLanguage\":\"en-US\",\"@id\":\"https:\/\/kortleksbolaget.se\/en\/product\/shooters-collectors-edition-white\/#primaryimage\",\"url\":\"https:\/\/kortleksbolaget.se\/wp-content\/uploads\/shooters-collectors-white-2.jpg\",\"contentUrl\":\"https:\/\/kortleksbolaget.se\/wp-content\/uploads\/shooters-collectors-white-2.jpg\",\"width\":512,\"height\":767},{\"@type\":\"BreadcrumbList\",\"@id\":\"https:\/\/kortleksbolaget.se\/en\/product\/shooters-collectors-edition-white\/#breadcrumb\",\"itemListElement\":[{\"@type\":\"ListItem\",\"position\":1,\"name\":\"Hem\",\"item\":\"https:\/\/kortleksbolaget.se\/en\/\"},{\"@type\":\"ListItem\",\"position\":2,\"name\":\"All products\",\"item\":\"https:\/\/kortleksbolaget.se\/en\/shop\/\"},{\"@type\":\"ListItem\",\"position\":3,\"name\":\"Shooters Collector&#8217;s Edition White\"}]},{\"@type\":\"WebSite\",\"@id\":\"https:\/\/kortleksbolaget.se\/en\/#website\",\"url\":\"https:\/\/kortleksbolaget.se\/en\/\",\"name\":\"Kortleksbolaget\",\"description\":\"Kortlekar p\u00e5 n\u00e4tet\",\"publisher\":{\"@id\":\"https:\/\/kortleksbolaget.se\/en\/#organization\"},\"potentialAction\":[{\"@type\":\"SearchAction\",\"target\":{\"@type\":\"EntryPoint\",\"urlTemplate\":\"https:\/\/kortleksbolaget.se\/en\/?s={search_term_string}\"},\"query-input\":{\"@type\":\"PropertyValueSpecification\",\"valueRequired\":true,\"valueName\":\"search_term_string\"}}],\"inLanguage\":\"en-US\"},{\"@type\":\"Organization\",\"@id\":\"https:\/\/kortleksbolaget.se\/en\/#organization\",\"name\":\"Kortleksbolaget\",\"url\":\"https:\/\/kortleksbolaget.se\/en\/\",\"logo\":{\"@type\":\"ImageObject\",\"inLanguage\":\"en-US\",\"@id\":\"https:\/\/kortleksbolaget.se\/en\/#\/schema\/logo\/image\/\",\"url\":\"https:\/\/kortleksbolaget.se\/wp-content\/uploads\/kortleksbolaget_logo-svart.png\",\"contentUrl\":\"https:\/\/kortleksbolaget.se\/wp-content\/uploads\/kortleksbolaget_logo-svart.png\",\"width\":1200,\"height\":296,\"caption\":\"Kortleksbolaget\"},\"image\":{\"@id\":\"https:\/\/kortleksbolaget.se\/en\/#\/schema\/logo\/image\/\"}}]}<\/script>\n<!-- \/ Yoast SEO plugin. -->","yoast_head_json":{"title":"Kortlek Shooters Collector's Edition White | Kortleksbolaget","description":"K\u00f6p Shooters Collector's Edition White. Snabba leveranser & bra priser. Sveriges st\u00f6rsta sortiment av kortlekar p\u00e5 Kortleksbolaget!","robots":{"index":"index","follow":"follow","max-snippet":"max-snippet:-1","max-image-preview":"max-image-preview:large","max-video-preview":"max-video-preview:-1"},"canonical":"https:\/\/kortleksbolaget.se\/en\/product\/shooters-collectors-edition-white\/","og_locale":"en_US","og_type":"article","og_title":"Kortlek Shooters Collector's Edition White | Kortleksbolaget","og_description":"K\u00f6p Shooters Collector's Edition White. Snabba leveranser & bra priser. Sveriges st\u00f6rsta sortiment av kortlekar p\u00e5 Kortleksbolaget!","og_url":"https:\/\/kortleksbolaget.se\/en\/product\/shooters-collectors-edition-white\/","og_site_name":"Kortleksbolaget","article_modified_time":"2021-08-31T13:41:18+00:00","og_image":[{"width":512,"height":767,"url":"https:\/\/kortleksbolaget.se\/wp-content\/uploads\/shooters-collectors-white-2.jpg","type":"image\/jpeg"}],"twitter_card":"summary_large_image","schema":{"@context":"https:\/\/schema.org","@graph":[{"@type":"WebPage","@id":"https:\/\/kortleksbolaget.se\/en\/product\/shooters-collectors-edition-white\/","url":"https:\/\/kortleksbolaget.se\/en\/product\/shooters-collectors-edition-white\/","name":"Kortlek Shooters Collector's Edition White | Kortleksbolaget","isPartOf":{"@id":"https:\/\/kortleksbolaget.se\/en\/#website"},"primaryImageOfPage":{"@id":"https:\/\/kortleksbolaget.se\/en\/product\/shooters-collectors-edition-white\/#primaryimage"},"image":{"@id":"https:\/\/kortleksbolaget.se\/en\/product\/shooters-collectors-edition-white\/#primaryimage"},"thumbnailUrl":"https:\/\/kortleksbolaget.se\/wp-content\/uploads\/shooters-collectors-white-2.jpg","datePublished":"2021-08-31T13:39:58+00:00","dateModified":"2021-08-31T13:41:18+00:00","description":"K\u00f6p Shooters Collector's Edition White. Snabba leveranser & bra priser. Sveriges st\u00f6rsta sortiment av kortlekar p\u00e5 Kortleksbolaget!","breadcrumb":{"@id":"https:\/\/kortleksbolaget.se\/en\/product\/shooters-collectors-edition-white\/#breadcrumb"},"inLanguage":"en-US","potentialAction":[{"@type":"ReadAction","target":["https:\/\/kortleksbolaget.se\/en\/product\/shooters-collectors-edition-white\/"]}]},{"@type":"ImageObject","inLanguage":"en-US","@id":"https:\/\/kortleksbolaget.se\/en\/product\/shooters-collectors-edition-white\/#primaryimage","url":"https:\/\/kortleksbolaget.se\/wp-content\/uploads\/shooters-collectors-white-2.jpg","contentUrl":"https:\/\/kortleksbolaget.se\/wp-content\/uploads\/shooters-collectors-white-2.jpg","width":512,"height":767},{"@type":"BreadcrumbList","@id":"https:\/\/kortleksbolaget.se\/en\/product\/shooters-collectors-edition-white\/#breadcrumb","itemListElement":[{"@type":"ListItem","position":1,"name":"Hem","item":"https:\/\/kortleksbolaget.se\/en\/"},{"@type":"ListItem","position":2,"name":"All products","item":"https:\/\/kortleksbolaget.se\/en\/shop\/"},{"@type":"ListItem","position":3,"name":"Shooters Collector&#8217;s Edition White"}]},{"@type":"WebSite","@id":"https:\/\/kortleksbolaget.se\/en\/#website","url":"https:\/\/kortleksbolaget.se\/en\/","name":"Kortleksbolaget","description":"Kortlekar p\u00e5 n\u00e4tet","publisher":{"@id":"https:\/\/kortleksbolaget.se\/en\/#organization"},"potentialAction":[{"@type":"SearchAction","target":{"@type":"EntryPoint","urlTemplate":"https:\/\/kortleksbolaget.se\/en\/?s={search_term_string}"},"query-input":{"@type":"PropertyValueSpecification","valueRequired":true,"valueName":"search_term_string"}}],"inLanguage":"en-US"},{"@type":"Organization","@id":"https:\/\/kortleksbolaget.se\/en\/#organization","name":"Kortleksbolaget","url":"https:\/\/kortleksbolaget.se\/en\/","logo":{"@type":"ImageObject","inLanguage":"en-US","@id":"https:\/\/kortleksbolaget.se\/en\/#\/schema\/logo\/image\/","url":"https:\/\/kortleksbolaget.se\/wp-content\/uploads\/kortleksbolaget_logo-svart.png","contentUrl":"https:\/\/kortleksbolaget.se\/wp-content\/uploads\/kortleksbolaget_logo-svart.png","width":1200,"height":296,"caption":"Kortleksbolaget"},"image":{"@id":"https:\/\/kortleksbolaget.se\/en\/#\/schema\/logo\/image\/"}}]}},"_links":{"self":[{"href":"https:\/\/kortleksbolaget.se\/en\/wp-json\/wp\/v2\/product\/61180","targetHints":{"allow":["GET"]}}],"collection":[{"href":"https:\/\/kortleksbolaget.se\/en\/wp-json\/wp\/v2\/product"}],"about":[{"href":"https:\/\/kortleksbolaget.se\/en\/wp-json\/wp\/v2\/types\/product"}],"wp:featuredmedia":[{"embeddable":true,"href":"https:\/\/kortleksbolaget.se\/en\/wp-json\/wp\/v2\/media\/61195"}],"wp:attachment":[{"href":"https:\/\/kortleksbolaget.se\/en\/wp-json\/wp\/v2\/media?parent=61180"}],"wp:term":[{"taxonomy":"product_brand","embeddable":true,"href":"https:\/\/kortleksbolaget.se\/en\/wp-json\/wp\/v2\/product_brand?post=61180"},{"taxonomy":"product_cat","embeddable":true,"href":"https:\/\/kortleksbolaget.se\/en\/wp-json\/wp\/v2\/product_cat?post=61180"},{"taxonomy":"product_tag","embeddable":true,"href":"https:\/\/kortleksbolaget.se\/en\/wp-json\/wp\/v2\/product_tag?post=61180"}],"curies":[{"name":"wp","href":"https:\/\/api.w.org\/{rel}","templated":true}]}}