{"id":66238,"date":"2021-11-11T16:14:08","date_gmt":"2021-11-11T15:14:08","guid":{"rendered":"https:\/\/kortleksbolaget.se\/produkt\/avengers-red-edition\/"},"modified":"2022-07-19T08:48:11","modified_gmt":"2022-07-19T06:48:11","slug":"avengers-red-edition","status":"publish","type":"product","link":"https:\/\/kortleksbolaget.se\/en\/product\/avengers-red-edition\/","title":{"rendered":"Avengers Red Edition"},"content":{"rendered":"","protected":false},"excerpt":{"rendered":"<div id=\"tw-target-text-container\" class=\"tw-ta-container F0azHf tw-nfl\" tabindex=\"0\">\n<p id=\"tw-target-text\" class=\"tw-data-text tw-text-large XcVN5d tw-ta\" dir=\"ltr\" data-placeholder=\"\u00d6vers\u00e4ttning\"><span class=\"Y2IQFc\" lang=\"sv\">Since the debut of <i>Iron Man<\/i> in 2008, the Marvel Cinematic Universe has captivated the hearts and minds of loyal fans all over the world. Follow the eleven year journey of Marvel Studios&#8217; <i>The Infinity Saga<\/i> and the adventures of your all-time favorite heroes.<\/p>\n<p>Premium playing cards featuring all of your favorite heroes &#8211; now in a powerful red edition! Made in America. Assemble your own squad of Avengers every time the cards are brought out for play &#8211; and relive the most memorable moments of the iconic film series.<\/p>\n<p><b>Unrivaled Print Quality &#8211; MADE IN AMERICA<\/b><\/p>\n<p>theory11 produces the world&#8217;s finest playing cards. The cards themselves are made in the USA &#8211; printed on FSC-certified paper derived from sustainable forests, vegetable-based inks, and starch-based laminates.<\/p>\n<p><b>A Closer Look &#8211; THE INFINITY SAGA IN YOUR HAND<\/b><\/p>\n<p>The outer packaging is simply jaw-dropping. The radiant, red foil shimmers and glows like the reality stone at every angle. Complete with gold foil accents and precise embossing, the ultra-lux outer packaging is truly representative of the legendary Infinity Saga.<\/p>\n<p><b>Inside and out &#8211; Complete custom artwork<\/b><\/p>\n<p><i>AVENGERS: Infinity Saga<\/i> playing cards feature completely custom artwork in every aspect of the design, with the Aces, Jokers, box design, and court cards inspired directly by fan-favorite characters quintessential to the Marvel Cinematic Universe.<\/p>\n<p><b>Inside the Box &#8211; NO DETAIL OVERLOOKED<\/b><\/p>\n<p>Inside the box, even the Aces feature callbacks to characters like Doctor Strange, Vision, Winter Soldier, and Gamora. And this wouldn&#8217;t be an Infinity Saga deck without a little bit of mischief and balance: Loki and Thanos make their presence known on each Joker!<\/p>\n<p><b>Character Court Cards &#8211; ALL OF YOUR FAVORITE HEROES<\/b><\/p>\n<p>Your favorite characters are brought to life! Thor and Hulk sport their Ragnarok attire, Hawkeye and Ronin share the spotlight (with a special appearance from Ant-Man!), and Iron Man wields his own Nano Gauntlet &#8211; alongside Captain Marvel, Black Panther, Spider-Man, Captain America, and MANY more.<\/p>\n<p><b>A Stunning Celebration OF THE INFINITY SAGA<\/b><\/p>\n<p><i>AVENGERS: Infinity Saga<\/i> playing cards are the perfect tribute to the Marvel Cinematic Universe. From <i>Iron Man<\/i> to <i>Avengers: Endgame<\/i>, follow and experience the storyline and its iconic moments every time they&#8217;re held in your hands.<\/span><\/p>\n<\/div>\n<div id=\"tw-target-rmn-container\" class=\"tw-target-rmn tw-ta-container F0azHf tw-nfl\">\n<pre id=\"tw-target-rmn\" class=\"tw-data-placeholder tw-text-small tw-ta\" dir=\"ltr\" data-placeholder=\"\"><\/pre>\n<\/div>\n<p> [&#8230;]<\/p>\n<p><a class=\"btn btn-secondary understrap-read-more-link\" href=\"https:\/\/kortleksbolaget.se\/en\/product\/avengers-red-edition\/\">Read More&#8230;<span class=\"screen-reader-text\"> from Avengers Red Edition<\/span><\/a><\/p>\n","protected":false},"featured_media":66229,"template":"","meta":{"_acf_changed":false},"product_brand":[],"product_cat":[75],"product_tag":[],"class_list":{"0":"post-66238","1":"product","2":"type-product","3":"status-publish","4":"has-post-thumbnail","6":"varumarke-theory11-en","7":"varumarke-uspcc-en","8":"product_cat-special-lyx-limited-en","10":"first","11":"instock","12":"taxable","13":"shipping-taxable","14":"purchasable","15":"product-type-simple"},"acf":[],"yoast_head":"<!-- This site is optimized with the Yoast SEO plugin v26.3 - https:\/\/yoast.com\/wordpress\/plugins\/seo\/ -->\n<title>Kortlek Avengers Red Edition | Kortleksbolaget<\/title>\n<meta name=\"description\" content=\"K\u00f6p Avengers Red Edition. Snabba leveranser &amp; bra priser. Sveriges st\u00f6rsta sortiment av kortlekar p\u00e5 Kortleksbolaget!\" \/>\n<meta name=\"robots\" content=\"index, follow, max-snippet:-1, max-image-preview:large, max-video-preview:-1\" \/>\n<link rel=\"canonical\" href=\"https:\/\/kortleksbolaget.se\/en\/product\/avengers-red-edition\/\" \/>\n<meta property=\"og:locale\" content=\"en_US\" \/>\n<meta property=\"og:type\" content=\"article\" \/>\n<meta property=\"og:title\" content=\"Kortlek Avengers Red Edition | Kortleksbolaget\" \/>\n<meta property=\"og:description\" content=\"K\u00f6p Avengers Red Edition. Snabba leveranser &amp; bra priser. Sveriges st\u00f6rsta sortiment av kortlekar p\u00e5 Kortleksbolaget!\" \/>\n<meta property=\"og:url\" content=\"https:\/\/kortleksbolaget.se\/en\/product\/avengers-red-edition\/\" \/>\n<meta property=\"og:site_name\" content=\"Kortleksbolaget\" \/>\n<meta property=\"article:modified_time\" content=\"2022-07-19T06:48:11+00:00\" \/>\n<meta property=\"og:image\" content=\"https:\/\/kortleksbolaget.se\/wp-content\/uploads\/avengers-red-edition.jpg\" \/>\n\t<meta property=\"og:image:width\" content=\"525\" \/>\n\t<meta property=\"og:image:height\" content=\"787\" \/>\n\t<meta property=\"og:image:type\" content=\"image\/jpeg\" \/>\n<meta name=\"twitter:card\" content=\"summary_large_image\" \/>\n<script type=\"application\/ld+json\" class=\"yoast-schema-graph\">{\"@context\":\"https:\/\/schema.org\",\"@graph\":[{\"@type\":\"WebPage\",\"@id\":\"https:\/\/kortleksbolaget.se\/en\/product\/avengers-red-edition\/\",\"url\":\"https:\/\/kortleksbolaget.se\/en\/product\/avengers-red-edition\/\",\"name\":\"Kortlek Avengers Red Edition | Kortleksbolaget\",\"isPartOf\":{\"@id\":\"https:\/\/kortleksbolaget.se\/en\/#website\"},\"primaryImageOfPage\":{\"@id\":\"https:\/\/kortleksbolaget.se\/en\/product\/avengers-red-edition\/#primaryimage\"},\"image\":{\"@id\":\"https:\/\/kortleksbolaget.se\/en\/product\/avengers-red-edition\/#primaryimage\"},\"thumbnailUrl\":\"https:\/\/kortleksbolaget.se\/wp-content\/uploads\/avengers-red-edition.jpg\",\"datePublished\":\"2021-11-11T15:14:08+00:00\",\"dateModified\":\"2022-07-19T06:48:11+00:00\",\"description\":\"K\u00f6p Avengers Red Edition. Snabba leveranser & bra priser. Sveriges st\u00f6rsta sortiment av kortlekar p\u00e5 Kortleksbolaget!\",\"breadcrumb\":{\"@id\":\"https:\/\/kortleksbolaget.se\/en\/product\/avengers-red-edition\/#breadcrumb\"},\"inLanguage\":\"en-US\",\"potentialAction\":[{\"@type\":\"ReadAction\",\"target\":[\"https:\/\/kortleksbolaget.se\/en\/product\/avengers-red-edition\/\"]}]},{\"@type\":\"ImageObject\",\"inLanguage\":\"en-US\",\"@id\":\"https:\/\/kortleksbolaget.se\/en\/product\/avengers-red-edition\/#primaryimage\",\"url\":\"https:\/\/kortleksbolaget.se\/wp-content\/uploads\/avengers-red-edition.jpg\",\"contentUrl\":\"https:\/\/kortleksbolaget.se\/wp-content\/uploads\/avengers-red-edition.jpg\",\"width\":525,\"height\":787},{\"@type\":\"BreadcrumbList\",\"@id\":\"https:\/\/kortleksbolaget.se\/en\/product\/avengers-red-edition\/#breadcrumb\",\"itemListElement\":[{\"@type\":\"ListItem\",\"position\":1,\"name\":\"Hem\",\"item\":\"https:\/\/kortleksbolaget.se\/en\/\"},{\"@type\":\"ListItem\",\"position\":2,\"name\":\"All products\",\"item\":\"https:\/\/kortleksbolaget.se\/en\/shop\/\"},{\"@type\":\"ListItem\",\"position\":3,\"name\":\"Avengers Red Edition\"}]},{\"@type\":\"WebSite\",\"@id\":\"https:\/\/kortleksbolaget.se\/en\/#website\",\"url\":\"https:\/\/kortleksbolaget.se\/en\/\",\"name\":\"Kortleksbolaget\",\"description\":\"Kortlekar p\u00e5 n\u00e4tet\",\"publisher\":{\"@id\":\"https:\/\/kortleksbolaget.se\/en\/#organization\"},\"potentialAction\":[{\"@type\":\"SearchAction\",\"target\":{\"@type\":\"EntryPoint\",\"urlTemplate\":\"https:\/\/kortleksbolaget.se\/en\/?s={search_term_string}\"},\"query-input\":{\"@type\":\"PropertyValueSpecification\",\"valueRequired\":true,\"valueName\":\"search_term_string\"}}],\"inLanguage\":\"en-US\"},{\"@type\":\"Organization\",\"@id\":\"https:\/\/kortleksbolaget.se\/en\/#organization\",\"name\":\"Kortleksbolaget\",\"url\":\"https:\/\/kortleksbolaget.se\/en\/\",\"logo\":{\"@type\":\"ImageObject\",\"inLanguage\":\"en-US\",\"@id\":\"https:\/\/kortleksbolaget.se\/en\/#\/schema\/logo\/image\/\",\"url\":\"https:\/\/kortleksbolaget.se\/wp-content\/uploads\/kortleksbolaget_logo-svart.png\",\"contentUrl\":\"https:\/\/kortleksbolaget.se\/wp-content\/uploads\/kortleksbolaget_logo-svart.png\",\"width\":1200,\"height\":296,\"caption\":\"Kortleksbolaget\"},\"image\":{\"@id\":\"https:\/\/kortleksbolaget.se\/en\/#\/schema\/logo\/image\/\"}}]}<\/script>\n<!-- \/ Yoast SEO plugin. -->","yoast_head_json":{"title":"Kortlek Avengers Red Edition | Kortleksbolaget","description":"K\u00f6p Avengers Red Edition. Snabba leveranser & bra priser. Sveriges st\u00f6rsta sortiment av kortlekar p\u00e5 Kortleksbolaget!","robots":{"index":"index","follow":"follow","max-snippet":"max-snippet:-1","max-image-preview":"max-image-preview:large","max-video-preview":"max-video-preview:-1"},"canonical":"https:\/\/kortleksbolaget.se\/en\/product\/avengers-red-edition\/","og_locale":"en_US","og_type":"article","og_title":"Kortlek Avengers Red Edition | Kortleksbolaget","og_description":"K\u00f6p Avengers Red Edition. Snabba leveranser & bra priser. Sveriges st\u00f6rsta sortiment av kortlekar p\u00e5 Kortleksbolaget!","og_url":"https:\/\/kortleksbolaget.se\/en\/product\/avengers-red-edition\/","og_site_name":"Kortleksbolaget","article_modified_time":"2022-07-19T06:48:11+00:00","og_image":[{"width":525,"height":787,"url":"https:\/\/kortleksbolaget.se\/wp-content\/uploads\/avengers-red-edition.jpg","type":"image\/jpeg"}],"twitter_card":"summary_large_image","schema":{"@context":"https:\/\/schema.org","@graph":[{"@type":"WebPage","@id":"https:\/\/kortleksbolaget.se\/en\/product\/avengers-red-edition\/","url":"https:\/\/kortleksbolaget.se\/en\/product\/avengers-red-edition\/","name":"Kortlek Avengers Red Edition | Kortleksbolaget","isPartOf":{"@id":"https:\/\/kortleksbolaget.se\/en\/#website"},"primaryImageOfPage":{"@id":"https:\/\/kortleksbolaget.se\/en\/product\/avengers-red-edition\/#primaryimage"},"image":{"@id":"https:\/\/kortleksbolaget.se\/en\/product\/avengers-red-edition\/#primaryimage"},"thumbnailUrl":"https:\/\/kortleksbolaget.se\/wp-content\/uploads\/avengers-red-edition.jpg","datePublished":"2021-11-11T15:14:08+00:00","dateModified":"2022-07-19T06:48:11+00:00","description":"K\u00f6p Avengers Red Edition. Snabba leveranser & bra priser. Sveriges st\u00f6rsta sortiment av kortlekar p\u00e5 Kortleksbolaget!","breadcrumb":{"@id":"https:\/\/kortleksbolaget.se\/en\/product\/avengers-red-edition\/#breadcrumb"},"inLanguage":"en-US","potentialAction":[{"@type":"ReadAction","target":["https:\/\/kortleksbolaget.se\/en\/product\/avengers-red-edition\/"]}]},{"@type":"ImageObject","inLanguage":"en-US","@id":"https:\/\/kortleksbolaget.se\/en\/product\/avengers-red-edition\/#primaryimage","url":"https:\/\/kortleksbolaget.se\/wp-content\/uploads\/avengers-red-edition.jpg","contentUrl":"https:\/\/kortleksbolaget.se\/wp-content\/uploads\/avengers-red-edition.jpg","width":525,"height":787},{"@type":"BreadcrumbList","@id":"https:\/\/kortleksbolaget.se\/en\/product\/avengers-red-edition\/#breadcrumb","itemListElement":[{"@type":"ListItem","position":1,"name":"Hem","item":"https:\/\/kortleksbolaget.se\/en\/"},{"@type":"ListItem","position":2,"name":"All products","item":"https:\/\/kortleksbolaget.se\/en\/shop\/"},{"@type":"ListItem","position":3,"name":"Avengers Red Edition"}]},{"@type":"WebSite","@id":"https:\/\/kortleksbolaget.se\/en\/#website","url":"https:\/\/kortleksbolaget.se\/en\/","name":"Kortleksbolaget","description":"Kortlekar p\u00e5 n\u00e4tet","publisher":{"@id":"https:\/\/kortleksbolaget.se\/en\/#organization"},"potentialAction":[{"@type":"SearchAction","target":{"@type":"EntryPoint","urlTemplate":"https:\/\/kortleksbolaget.se\/en\/?s={search_term_string}"},"query-input":{"@type":"PropertyValueSpecification","valueRequired":true,"valueName":"search_term_string"}}],"inLanguage":"en-US"},{"@type":"Organization","@id":"https:\/\/kortleksbolaget.se\/en\/#organization","name":"Kortleksbolaget","url":"https:\/\/kortleksbolaget.se\/en\/","logo":{"@type":"ImageObject","inLanguage":"en-US","@id":"https:\/\/kortleksbolaget.se\/en\/#\/schema\/logo\/image\/","url":"https:\/\/kortleksbolaget.se\/wp-content\/uploads\/kortleksbolaget_logo-svart.png","contentUrl":"https:\/\/kortleksbolaget.se\/wp-content\/uploads\/kortleksbolaget_logo-svart.png","width":1200,"height":296,"caption":"Kortleksbolaget"},"image":{"@id":"https:\/\/kortleksbolaget.se\/en\/#\/schema\/logo\/image\/"}}]}},"_links":{"self":[{"href":"https:\/\/kortleksbolaget.se\/en\/wp-json\/wp\/v2\/product\/66238","targetHints":{"allow":["GET"]}}],"collection":[{"href":"https:\/\/kortleksbolaget.se\/en\/wp-json\/wp\/v2\/product"}],"about":[{"href":"https:\/\/kortleksbolaget.se\/en\/wp-json\/wp\/v2\/types\/product"}],"wp:featuredmedia":[{"embeddable":true,"href":"https:\/\/kortleksbolaget.se\/en\/wp-json\/wp\/v2\/media\/66229"}],"wp:attachment":[{"href":"https:\/\/kortleksbolaget.se\/en\/wp-json\/wp\/v2\/media?parent=66238"}],"wp:term":[{"taxonomy":"product_brand","embeddable":true,"href":"https:\/\/kortleksbolaget.se\/en\/wp-json\/wp\/v2\/product_brand?post=66238"},{"taxonomy":"product_cat","embeddable":true,"href":"https:\/\/kortleksbolaget.se\/en\/wp-json\/wp\/v2\/product_cat?post=66238"},{"taxonomy":"product_tag","embeddable":true,"href":"https:\/\/kortleksbolaget.se\/en\/wp-json\/wp\/v2\/product_tag?post=66238"}],"curies":[{"name":"wp","href":"https:\/\/api.w.org\/{rel}","templated":true}]}}