{"id":71679,"date":"2021-12-16T19:58:49","date_gmt":"2021-12-16T18:58:49","guid":{"rendered":"https:\/\/kortleksbolaget.se\/produkt\/bicycle-lux-hominum-aureum\/"},"modified":"2021-12-16T20:00:47","modified_gmt":"2021-12-16T19:00:47","slug":"bicycle-lux-hominum-aureum","status":"publish","type":"product","link":"https:\/\/kortleksbolaget.se\/en\/product\/bicycle-lux-hominum-aureum\/","title":{"rendered":"Bicycle Lux Hominum Aureum"},"content":{"rendered":"","protected":false},"excerpt":{"rendered":"<p>The old wise say there are creatures beautiful living among us, at a higher frequency where they grant us their positive energies.<\/p>\n<p>They are kind creatures with the mission to guide us through the obstacles of life.<\/p>\n<p>These mystical entities are called &#8220;beings of light&#8221;.<\/p>\n<p>To connect with them, you must silence your world, and search inside of you.<\/p>\n<p>You are the means to contact them and you always have been, you only have you feel them and you can listen to them.<\/p>\n<p>The main design of the <b>Lux Hominum Playing Cards<\/b> represents the range of colors that white light is made of.<\/p>\n<p>And if you mix all the colors again you will create the white Ace of Spades.<\/p>\n<p>One deck complements the other, cold light and warm light.<\/p>\n<p>In the <b>Aureum deck<\/b> of cards you will find an ancient spiritual symbol on each card.<\/p>\n<p><b>Spades Aureum Courts<\/b><\/p>\n<p>The spades are spirits of the forest.<\/p>\n<p>The Jack has the symbol of the hand of Fatima: a talisman that protects from disease and attracts good luck. He is a faun who represents music and the music sheet that is written is a part of the song &#8220;now we are free&#8221;, the theme of the movie &#8220;The Gladiator&#8221;.<\/p>\n<p>The Queen has the symbol of the tree of life. She represents a Nymph.<\/p>\n<p>The King has an owl and a book, which evoke knowledge. He represents a Wise from the mountains<\/p>\n<p><b>Hearts Aureum Courts<\/b><\/p>\n<p>The hearts are the wise men of the East.<\/p>\n<p>The Jack represents a Shaolin monk, it has the symbol &#8220;Ying Yang&#8221;: the duality between good and evil.<\/p>\n<p>The Queen is a beautiful Hindu woman, her symbol is &#8220;the lotus flower&#8221;: purity of soul and spirit<\/p>\n<p>The King is inspired by the god &#8220;Brahma&#8221;, the most important symbol you will see is &#8220;Ohm&#8221;: Union with the spirit. He also holds a conch shell: victory, and of course the sword with which he defeats the demons.<\/p>\n<p><b>Clovers Aureum Courts<\/b><\/p>\n<p>The clovers are pre-Hispanic Royal Court Characters.<\/p>\n<p>Jack is a&#8221; Ha-lash&#8221; warrior (Mayan chief) with the symbol, &#8220;K\u00e1n&#8221;: abundance and maturity<\/p>\n<p>The Queen is a Mayan maiden. The symbol is a mystery, it is believed that it symbolizes the god &#8220;Hunab Ku&#8221;: the heart that coordinates the entire universe. In his hand he holds the symbol &#8220;xochitl&#8221;: flower.<\/p>\n<p>The King is an Aztec &#8220;Tlatoani&#8221;. (Maximum ruler). The symbol is &#8220;Ollin&#8221;: perpetual motion.<\/p>\n<p><b>Diamond Aureum Courts<\/b><\/p>\n<p>The diamonds represent various regions<\/p>\n<p>The Jack of Diamonds has 7 hidden symbols, never lose sight of it. Well, all together are the way to happiness. Inspired by the book &#8220;the monk who sold his Ferrari&#8221;. Here is the explanation of each one:<\/p>\n<ul>\n<li>The garden: Never let the garden of your mind fill with plague, negative thoughts that do not make you happy. Transmute them, watch them and let them go, don&#8217;t fight them.<\/li>\n<li>The lighthouse. Set goals in your life, whether they are short or long term.<\/li>\n<li>The sumo wrestler. Practice Kaisen, continuously improve every day.<\/li>\n<li>Belt or cord. Create new disciplines.<\/li>\n<li>The gold watch. Please respect your time.<\/li>\n<li>The roses. Live to serve.<\/li>\n<li>The diamonds. Enjoy the little moments of life and the present.<\/li>\n<\/ul>\n<p>The Queen is inspired by the Celtic Goddess Danu. The symbol it protects is the triquetra: Life, death and rebirth. It also represents body, mind and spirit.<\/p>\n<p>The King is inspired by the greatest warriors in history: the Spartans. The symbols are, Alpha and Omega: the beginning and the end. The laurel: victory in life.<\/p>\n<p>The Joker Aureum is a magician who is meditating reaching enlightenment through the alignment of the chakras. Represented by the suits of the deck.<\/p>\n<p>Each <b>Aureum Deck<\/b> will contain:<\/p>\n<ul>\n<li>52 cards from Ace to King<\/li>\n<li>2 Jokers<\/li>\n<li>2 Gaff Card<\/li>\n<\/ul>\n<p> [&#8230;]<\/p>\n<p><a class=\"btn btn-secondary understrap-read-more-link\" href=\"https:\/\/kortleksbolaget.se\/en\/product\/bicycle-lux-hominum-aureum\/\">Read More&#8230;<span class=\"screen-reader-text\"> from Bicycle Lux Hominum Aureum<\/span><\/a><\/p>\n","protected":false},"featured_media":71671,"template":"","meta":{"_acf_changed":false},"product_brand":[],"product_cat":[75],"product_tag":[],"class_list":{"0":"post-71679","1":"product","2":"type-product","3":"status-publish","4":"has-post-thumbnail","6":"varumarke-bicycle-en","7":"varumarke-uspcc-en","8":"product_cat-special-lyx-limited-en","10":"first","11":"instock","12":"featured","13":"taxable","14":"shipping-taxable","15":"purchasable","16":"product-type-simple"},"acf":[],"yoast_head":"<!-- This site is optimized with the Yoast SEO plugin v26.3 - https:\/\/yoast.com\/wordpress\/plugins\/seo\/ -->\n<title>Kortlek Bicycle Lux Hominum Aureum | Kortleksbolaget<\/title>\n<meta name=\"description\" content=\"K\u00f6p Bicycle Lux Hominum Aureum. Snabba leveranser &amp; bra priser. Sveriges st\u00f6rsta sortiment av kortlekar p\u00e5 Kortleksbolaget!\" \/>\n<meta name=\"robots\" content=\"index, follow, max-snippet:-1, max-image-preview:large, max-video-preview:-1\" \/>\n<link rel=\"canonical\" href=\"https:\/\/kortleksbolaget.se\/en\/product\/bicycle-lux-hominum-aureum\/\" \/>\n<meta property=\"og:locale\" content=\"en_US\" \/>\n<meta property=\"og:type\" content=\"article\" \/>\n<meta property=\"og:title\" content=\"Kortlek Bicycle Lux Hominum Aureum | Kortleksbolaget\" \/>\n<meta property=\"og:description\" content=\"K\u00f6p Bicycle Lux Hominum Aureum. Snabba leveranser &amp; bra priser. Sveriges st\u00f6rsta sortiment av kortlekar p\u00e5 Kortleksbolaget!\" \/>\n<meta property=\"og:url\" content=\"https:\/\/kortleksbolaget.se\/en\/product\/bicycle-lux-hominum-aureum\/\" \/>\n<meta property=\"og:site_name\" content=\"Kortleksbolaget\" \/>\n<meta property=\"article:modified_time\" content=\"2021-12-16T19:00:47+00:00\" \/>\n<meta property=\"og:image\" content=\"https:\/\/kortleksbolaget.se\/wp-content\/uploads\/bicycle_lux_hominum_aureum.jpg\" \/>\n\t<meta property=\"og:image:width\" content=\"513\" \/>\n\t<meta property=\"og:image:height\" content=\"769\" \/>\n\t<meta property=\"og:image:type\" content=\"image\/jpeg\" \/>\n<meta name=\"twitter:card\" content=\"summary_large_image\" \/>\n<script type=\"application\/ld+json\" class=\"yoast-schema-graph\">{\"@context\":\"https:\/\/schema.org\",\"@graph\":[{\"@type\":\"WebPage\",\"@id\":\"https:\/\/kortleksbolaget.se\/en\/product\/bicycle-lux-hominum-aureum\/\",\"url\":\"https:\/\/kortleksbolaget.se\/en\/product\/bicycle-lux-hominum-aureum\/\",\"name\":\"Kortlek Bicycle Lux Hominum Aureum | Kortleksbolaget\",\"isPartOf\":{\"@id\":\"https:\/\/kortleksbolaget.se\/en\/#website\"},\"primaryImageOfPage\":{\"@id\":\"https:\/\/kortleksbolaget.se\/en\/product\/bicycle-lux-hominum-aureum\/#primaryimage\"},\"image\":{\"@id\":\"https:\/\/kortleksbolaget.se\/en\/product\/bicycle-lux-hominum-aureum\/#primaryimage\"},\"thumbnailUrl\":\"https:\/\/kortleksbolaget.se\/wp-content\/uploads\/bicycle_lux_hominum_aureum.jpg\",\"datePublished\":\"2021-12-16T18:58:49+00:00\",\"dateModified\":\"2021-12-16T19:00:47+00:00\",\"description\":\"K\u00f6p Bicycle Lux Hominum Aureum. Snabba leveranser & bra priser. Sveriges st\u00f6rsta sortiment av kortlekar p\u00e5 Kortleksbolaget!\",\"breadcrumb\":{\"@id\":\"https:\/\/kortleksbolaget.se\/en\/product\/bicycle-lux-hominum-aureum\/#breadcrumb\"},\"inLanguage\":\"en-US\",\"potentialAction\":[{\"@type\":\"ReadAction\",\"target\":[\"https:\/\/kortleksbolaget.se\/en\/product\/bicycle-lux-hominum-aureum\/\"]}]},{\"@type\":\"ImageObject\",\"inLanguage\":\"en-US\",\"@id\":\"https:\/\/kortleksbolaget.se\/en\/product\/bicycle-lux-hominum-aureum\/#primaryimage\",\"url\":\"https:\/\/kortleksbolaget.se\/wp-content\/uploads\/bicycle_lux_hominum_aureum.jpg\",\"contentUrl\":\"https:\/\/kortleksbolaget.se\/wp-content\/uploads\/bicycle_lux_hominum_aureum.jpg\",\"width\":513,\"height\":769},{\"@type\":\"BreadcrumbList\",\"@id\":\"https:\/\/kortleksbolaget.se\/en\/product\/bicycle-lux-hominum-aureum\/#breadcrumb\",\"itemListElement\":[{\"@type\":\"ListItem\",\"position\":1,\"name\":\"Hem\",\"item\":\"https:\/\/kortleksbolaget.se\/en\/\"},{\"@type\":\"ListItem\",\"position\":2,\"name\":\"All products\",\"item\":\"https:\/\/kortleksbolaget.se\/en\/shop\/\"},{\"@type\":\"ListItem\",\"position\":3,\"name\":\"Bicycle Lux Hominum Aureum\"}]},{\"@type\":\"WebSite\",\"@id\":\"https:\/\/kortleksbolaget.se\/en\/#website\",\"url\":\"https:\/\/kortleksbolaget.se\/en\/\",\"name\":\"Kortleksbolaget\",\"description\":\"Kortlekar p\u00e5 n\u00e4tet\",\"publisher\":{\"@id\":\"https:\/\/kortleksbolaget.se\/en\/#organization\"},\"potentialAction\":[{\"@type\":\"SearchAction\",\"target\":{\"@type\":\"EntryPoint\",\"urlTemplate\":\"https:\/\/kortleksbolaget.se\/en\/?s={search_term_string}\"},\"query-input\":{\"@type\":\"PropertyValueSpecification\",\"valueRequired\":true,\"valueName\":\"search_term_string\"}}],\"inLanguage\":\"en-US\"},{\"@type\":\"Organization\",\"@id\":\"https:\/\/kortleksbolaget.se\/en\/#organization\",\"name\":\"Kortleksbolaget\",\"url\":\"https:\/\/kortleksbolaget.se\/en\/\",\"logo\":{\"@type\":\"ImageObject\",\"inLanguage\":\"en-US\",\"@id\":\"https:\/\/kortleksbolaget.se\/en\/#\/schema\/logo\/image\/\",\"url\":\"https:\/\/kortleksbolaget.se\/wp-content\/uploads\/kortleksbolaget_logo-svart.png\",\"contentUrl\":\"https:\/\/kortleksbolaget.se\/wp-content\/uploads\/kortleksbolaget_logo-svart.png\",\"width\":1200,\"height\":296,\"caption\":\"Kortleksbolaget\"},\"image\":{\"@id\":\"https:\/\/kortleksbolaget.se\/en\/#\/schema\/logo\/image\/\"}}]}<\/script>\n<!-- \/ Yoast SEO plugin. -->","yoast_head_json":{"title":"Kortlek Bicycle Lux Hominum Aureum | Kortleksbolaget","description":"K\u00f6p Bicycle Lux Hominum Aureum. Snabba leveranser & bra priser. Sveriges st\u00f6rsta sortiment av kortlekar p\u00e5 Kortleksbolaget!","robots":{"index":"index","follow":"follow","max-snippet":"max-snippet:-1","max-image-preview":"max-image-preview:large","max-video-preview":"max-video-preview:-1"},"canonical":"https:\/\/kortleksbolaget.se\/en\/product\/bicycle-lux-hominum-aureum\/","og_locale":"en_US","og_type":"article","og_title":"Kortlek Bicycle Lux Hominum Aureum | Kortleksbolaget","og_description":"K\u00f6p Bicycle Lux Hominum Aureum. Snabba leveranser & bra priser. Sveriges st\u00f6rsta sortiment av kortlekar p\u00e5 Kortleksbolaget!","og_url":"https:\/\/kortleksbolaget.se\/en\/product\/bicycle-lux-hominum-aureum\/","og_site_name":"Kortleksbolaget","article_modified_time":"2021-12-16T19:00:47+00:00","og_image":[{"width":513,"height":769,"url":"https:\/\/kortleksbolaget.se\/wp-content\/uploads\/bicycle_lux_hominum_aureum.jpg","type":"image\/jpeg"}],"twitter_card":"summary_large_image","schema":{"@context":"https:\/\/schema.org","@graph":[{"@type":"WebPage","@id":"https:\/\/kortleksbolaget.se\/en\/product\/bicycle-lux-hominum-aureum\/","url":"https:\/\/kortleksbolaget.se\/en\/product\/bicycle-lux-hominum-aureum\/","name":"Kortlek Bicycle Lux Hominum Aureum | Kortleksbolaget","isPartOf":{"@id":"https:\/\/kortleksbolaget.se\/en\/#website"},"primaryImageOfPage":{"@id":"https:\/\/kortleksbolaget.se\/en\/product\/bicycle-lux-hominum-aureum\/#primaryimage"},"image":{"@id":"https:\/\/kortleksbolaget.se\/en\/product\/bicycle-lux-hominum-aureum\/#primaryimage"},"thumbnailUrl":"https:\/\/kortleksbolaget.se\/wp-content\/uploads\/bicycle_lux_hominum_aureum.jpg","datePublished":"2021-12-16T18:58:49+00:00","dateModified":"2021-12-16T19:00:47+00:00","description":"K\u00f6p Bicycle Lux Hominum Aureum. Snabba leveranser & bra priser. Sveriges st\u00f6rsta sortiment av kortlekar p\u00e5 Kortleksbolaget!","breadcrumb":{"@id":"https:\/\/kortleksbolaget.se\/en\/product\/bicycle-lux-hominum-aureum\/#breadcrumb"},"inLanguage":"en-US","potentialAction":[{"@type":"ReadAction","target":["https:\/\/kortleksbolaget.se\/en\/product\/bicycle-lux-hominum-aureum\/"]}]},{"@type":"ImageObject","inLanguage":"en-US","@id":"https:\/\/kortleksbolaget.se\/en\/product\/bicycle-lux-hominum-aureum\/#primaryimage","url":"https:\/\/kortleksbolaget.se\/wp-content\/uploads\/bicycle_lux_hominum_aureum.jpg","contentUrl":"https:\/\/kortleksbolaget.se\/wp-content\/uploads\/bicycle_lux_hominum_aureum.jpg","width":513,"height":769},{"@type":"BreadcrumbList","@id":"https:\/\/kortleksbolaget.se\/en\/product\/bicycle-lux-hominum-aureum\/#breadcrumb","itemListElement":[{"@type":"ListItem","position":1,"name":"Hem","item":"https:\/\/kortleksbolaget.se\/en\/"},{"@type":"ListItem","position":2,"name":"All products","item":"https:\/\/kortleksbolaget.se\/en\/shop\/"},{"@type":"ListItem","position":3,"name":"Bicycle Lux Hominum Aureum"}]},{"@type":"WebSite","@id":"https:\/\/kortleksbolaget.se\/en\/#website","url":"https:\/\/kortleksbolaget.se\/en\/","name":"Kortleksbolaget","description":"Kortlekar p\u00e5 n\u00e4tet","publisher":{"@id":"https:\/\/kortleksbolaget.se\/en\/#organization"},"potentialAction":[{"@type":"SearchAction","target":{"@type":"EntryPoint","urlTemplate":"https:\/\/kortleksbolaget.se\/en\/?s={search_term_string}"},"query-input":{"@type":"PropertyValueSpecification","valueRequired":true,"valueName":"search_term_string"}}],"inLanguage":"en-US"},{"@type":"Organization","@id":"https:\/\/kortleksbolaget.se\/en\/#organization","name":"Kortleksbolaget","url":"https:\/\/kortleksbolaget.se\/en\/","logo":{"@type":"ImageObject","inLanguage":"en-US","@id":"https:\/\/kortleksbolaget.se\/en\/#\/schema\/logo\/image\/","url":"https:\/\/kortleksbolaget.se\/wp-content\/uploads\/kortleksbolaget_logo-svart.png","contentUrl":"https:\/\/kortleksbolaget.se\/wp-content\/uploads\/kortleksbolaget_logo-svart.png","width":1200,"height":296,"caption":"Kortleksbolaget"},"image":{"@id":"https:\/\/kortleksbolaget.se\/en\/#\/schema\/logo\/image\/"}}]}},"_links":{"self":[{"href":"https:\/\/kortleksbolaget.se\/en\/wp-json\/wp\/v2\/product\/71679","targetHints":{"allow":["GET"]}}],"collection":[{"href":"https:\/\/kortleksbolaget.se\/en\/wp-json\/wp\/v2\/product"}],"about":[{"href":"https:\/\/kortleksbolaget.se\/en\/wp-json\/wp\/v2\/types\/product"}],"wp:featuredmedia":[{"embeddable":true,"href":"https:\/\/kortleksbolaget.se\/en\/wp-json\/wp\/v2\/media\/71671"}],"wp:attachment":[{"href":"https:\/\/kortleksbolaget.se\/en\/wp-json\/wp\/v2\/media?parent=71679"}],"wp:term":[{"taxonomy":"product_brand","embeddable":true,"href":"https:\/\/kortleksbolaget.se\/en\/wp-json\/wp\/v2\/product_brand?post=71679"},{"taxonomy":"product_cat","embeddable":true,"href":"https:\/\/kortleksbolaget.se\/en\/wp-json\/wp\/v2\/product_cat?post=71679"},{"taxonomy":"product_tag","embeddable":true,"href":"https:\/\/kortleksbolaget.se\/en\/wp-json\/wp\/v2\/product_tag?post=71679"}],"curies":[{"name":"wp","href":"https:\/\/api.w.org\/{rel}","templated":true}]}}