{"id":72659,"date":"2021-12-22T16:15:29","date_gmt":"2021-12-22T15:15:29","guid":{"rendered":"https:\/\/kortleksbolaget.se\/produkt\/hollingworth-emerald\/"},"modified":"2021-12-22T16:17:58","modified_gmt":"2021-12-22T15:17:58","slug":"hollingworth-emerald","status":"publish","type":"product","link":"https:\/\/kortleksbolaget.se\/en\/product\/hollingworth-emerald\/","title":{"rendered":"Hollingworth Emerald"},"content":{"rendered":"","protected":false},"excerpt":{"rendered":"<div id=\"DescriptionPanel\">After years of waiting, an icon has finally been reborn.<\/p>\n<p>Vanishing Inc. and Guy Hollingworth introduce a new-and-improved version of one of the most beloved decks of cards ever produced.<\/p>\n<p>Since being first introduced by Dan and Dave Buck many years ago, &#8220;<b>Guy Hollingworth Playing Cards<\/b>&#8221; have been cherished by magicians, cardists and playing card collectors alike. They were an instant bestseller that have fetched top dollar and trade value on the secondary market since selling out not long after their launch.<\/p>\n<p>Now, you can finally get your hands on the breathtaking, art-deco inspired &#8220;<b>Guy Hollingworth Playing Cards<\/b>&#8221; again. While they are a wonderful homage to the originals, they also feature some key updates designed with the modern magician and cardist in mind. There&#8217;s even a special collectable version for the most avid collectors.<\/p>\n<p>Guy always loved the original design. But, he also completely agreed with the feedback that the borderless design made them difficult to use for card magic. So, the new &#8220;<b>Guy Hollingworth Playing Cards<\/b>&#8221; feature thin white borders. Each deck is also now printed on the best-in-class Cartamundi slimline stock and comes with matching Jokers, a blank-facer and a special Quartet gimmick card (instructions not included).<\/p>\n<p>Grab them now in two gorgeous colors: &#8220;<b>Burgundy<\/b>&#8221; or &#8220;<b>Emerald Green<\/b>&#8220;. These elegant hues are the perfect backdrop for the striking gold shimmer you&#8217;ll find on the premium embossed matte tuck case. Like the man they&#8217;re named after, these sophisticated decks are the epitome of class.<\/p>\n<p>&#8220;<b>Hollingworth Playing Cards<\/b>&#8221; are being offered as a limited release from Vanishing Inc. Add them to your collection today before they&#8217;re gone for good.<\/p>\n<p>For the most serious card collectors, an extremely limited amount of exclusive collectable brick boxes are available. Each one comes with 6 decks of each color and is signed and numbered on the inside of the special brick box lid.<\/p><\/div>\n<div><\/div>\n<div>\n<div id=\"DealerInformationPanel\">\n<ul>\n<li>Designed by Guy Hollingworth, these iconic playing cards now have a thin white border, making them perfect for everyday use.<\/li>\n<li>Available in two colours: Emerald, and Burgundy.<\/li>\n<li>Each deck includes Guy&#8217;s famous &#8220;Quartet&#8221; gimmick.<\/li>\n<li>The cards feature metallic accents which shimmer in the light.<\/li>\n<li>Custom backs, faces, and tuck box. There is no seal.<\/li>\n<li>Printed in Europe by Cartamundi on their slimline stock with a B9 finish<\/li>\n<\/ul>\n<p><span id=\"LoggedInDescription\"><br \/>\n<\/span><\/div>\n<div id=\"DescriptionPanel\">\n<div id=\"ItemSpecificPanel\"><\/div>\n<\/div>\n<\/div>\n<p id=\"tw-target-text\" class=\"tw-data-text tw-text-large tw-ta\" dir=\"ltr\" data-placeholder=\"\u00d6vers\u00e4ttning\"><span class=\"Y2IQFc\" lang=\"sv\">\u00a0<\/span><\/p>\n<p> [&#8230;]<\/p>\n<p><a class=\"btn btn-secondary understrap-read-more-link\" href=\"https:\/\/kortleksbolaget.se\/en\/product\/hollingworth-emerald\/\">Read More&#8230;<span class=\"screen-reader-text\"> from Hollingworth Emerald<\/span><\/a><\/p>\n","protected":false},"featured_media":72699,"template":"","meta":{"_acf_changed":false},"product_brand":[],"product_cat":[75],"product_tag":[],"class_list":{"0":"post-72659","1":"product","2":"type-product","3":"status-publish","4":"has-post-thumbnail","6":"varumarke-cartamundi-en","7":"product_cat-special-lyx-limited-en","9":"first","10":"instock","11":"featured","12":"taxable","13":"shipping-taxable","14":"purchasable","15":"product-type-simple"},"acf":[],"yoast_head":"<!-- This site is optimized with the Yoast SEO plugin v26.3 - https:\/\/yoast.com\/wordpress\/plugins\/seo\/ -->\n<title>Kortlek Hollingworth Emerald | Kortleksbolaget<\/title>\n<meta name=\"description\" content=\"K\u00f6p Hollingworth Emerald. Snabba leveranser &amp; bra priser. Sveriges st\u00f6rsta sortiment av kortlekar p\u00e5 Kortleksbolaget!\" \/>\n<meta name=\"robots\" content=\"index, follow, max-snippet:-1, max-image-preview:large, max-video-preview:-1\" \/>\n<link rel=\"canonical\" href=\"https:\/\/kortleksbolaget.se\/en\/product\/hollingworth-emerald\/\" \/>\n<meta property=\"og:locale\" content=\"en_US\" \/>\n<meta property=\"og:type\" content=\"article\" \/>\n<meta property=\"og:title\" content=\"Kortlek Hollingworth Emerald | Kortleksbolaget\" \/>\n<meta property=\"og:description\" content=\"K\u00f6p Hollingworth Emerald. Snabba leveranser &amp; bra priser. Sveriges st\u00f6rsta sortiment av kortlekar p\u00e5 Kortleksbolaget!\" \/>\n<meta property=\"og:url\" content=\"https:\/\/kortleksbolaget.se\/en\/product\/hollingworth-emerald\/\" \/>\n<meta property=\"og:site_name\" content=\"Kortleksbolaget\" \/>\n<meta property=\"article:modified_time\" content=\"2021-12-22T15:17:58+00:00\" \/>\n<meta property=\"og:image\" content=\"https:\/\/kortleksbolaget.se\/wp-content\/uploads\/hollingwort-emerald.jpg\" \/>\n\t<meta property=\"og:image:width\" content=\"504\" \/>\n\t<meta property=\"og:image:height\" content=\"757\" \/>\n\t<meta property=\"og:image:type\" content=\"image\/jpeg\" \/>\n<meta name=\"twitter:card\" content=\"summary_large_image\" \/>\n<script type=\"application\/ld+json\" class=\"yoast-schema-graph\">{\"@context\":\"https:\/\/schema.org\",\"@graph\":[{\"@type\":\"WebPage\",\"@id\":\"https:\/\/kortleksbolaget.se\/en\/product\/hollingworth-emerald\/\",\"url\":\"https:\/\/kortleksbolaget.se\/en\/product\/hollingworth-emerald\/\",\"name\":\"Kortlek Hollingworth Emerald | Kortleksbolaget\",\"isPartOf\":{\"@id\":\"https:\/\/kortleksbolaget.se\/en\/#website\"},\"primaryImageOfPage\":{\"@id\":\"https:\/\/kortleksbolaget.se\/en\/product\/hollingworth-emerald\/#primaryimage\"},\"image\":{\"@id\":\"https:\/\/kortleksbolaget.se\/en\/product\/hollingworth-emerald\/#primaryimage\"},\"thumbnailUrl\":\"https:\/\/kortleksbolaget.se\/wp-content\/uploads\/hollingwort-emerald.jpg\",\"datePublished\":\"2021-12-22T15:15:29+00:00\",\"dateModified\":\"2021-12-22T15:17:58+00:00\",\"description\":\"K\u00f6p Hollingworth Emerald. Snabba leveranser & bra priser. Sveriges st\u00f6rsta sortiment av kortlekar p\u00e5 Kortleksbolaget!\",\"breadcrumb\":{\"@id\":\"https:\/\/kortleksbolaget.se\/en\/product\/hollingworth-emerald\/#breadcrumb\"},\"inLanguage\":\"en-US\",\"potentialAction\":[{\"@type\":\"ReadAction\",\"target\":[\"https:\/\/kortleksbolaget.se\/en\/product\/hollingworth-emerald\/\"]}]},{\"@type\":\"ImageObject\",\"inLanguage\":\"en-US\",\"@id\":\"https:\/\/kortleksbolaget.se\/en\/product\/hollingworth-emerald\/#primaryimage\",\"url\":\"https:\/\/kortleksbolaget.se\/wp-content\/uploads\/hollingwort-emerald.jpg\",\"contentUrl\":\"https:\/\/kortleksbolaget.se\/wp-content\/uploads\/hollingwort-emerald.jpg\",\"width\":504,\"height\":757},{\"@type\":\"BreadcrumbList\",\"@id\":\"https:\/\/kortleksbolaget.se\/en\/product\/hollingworth-emerald\/#breadcrumb\",\"itemListElement\":[{\"@type\":\"ListItem\",\"position\":1,\"name\":\"Hem\",\"item\":\"https:\/\/kortleksbolaget.se\/en\/\"},{\"@type\":\"ListItem\",\"position\":2,\"name\":\"All products\",\"item\":\"https:\/\/kortleksbolaget.se\/en\/shop\/\"},{\"@type\":\"ListItem\",\"position\":3,\"name\":\"Hollingworth Emerald\"}]},{\"@type\":\"WebSite\",\"@id\":\"https:\/\/kortleksbolaget.se\/en\/#website\",\"url\":\"https:\/\/kortleksbolaget.se\/en\/\",\"name\":\"Kortleksbolaget\",\"description\":\"Kortlekar p\u00e5 n\u00e4tet\",\"publisher\":{\"@id\":\"https:\/\/kortleksbolaget.se\/en\/#organization\"},\"potentialAction\":[{\"@type\":\"SearchAction\",\"target\":{\"@type\":\"EntryPoint\",\"urlTemplate\":\"https:\/\/kortleksbolaget.se\/en\/?s={search_term_string}\"},\"query-input\":{\"@type\":\"PropertyValueSpecification\",\"valueRequired\":true,\"valueName\":\"search_term_string\"}}],\"inLanguage\":\"en-US\"},{\"@type\":\"Organization\",\"@id\":\"https:\/\/kortleksbolaget.se\/en\/#organization\",\"name\":\"Kortleksbolaget\",\"url\":\"https:\/\/kortleksbolaget.se\/en\/\",\"logo\":{\"@type\":\"ImageObject\",\"inLanguage\":\"en-US\",\"@id\":\"https:\/\/kortleksbolaget.se\/en\/#\/schema\/logo\/image\/\",\"url\":\"https:\/\/kortleksbolaget.se\/wp-content\/uploads\/kortleksbolaget_logo-svart.png\",\"contentUrl\":\"https:\/\/kortleksbolaget.se\/wp-content\/uploads\/kortleksbolaget_logo-svart.png\",\"width\":1200,\"height\":296,\"caption\":\"Kortleksbolaget\"},\"image\":{\"@id\":\"https:\/\/kortleksbolaget.se\/en\/#\/schema\/logo\/image\/\"}}]}<\/script>\n<!-- \/ Yoast SEO plugin. -->","yoast_head_json":{"title":"Kortlek Hollingworth Emerald | Kortleksbolaget","description":"K\u00f6p Hollingworth Emerald. Snabba leveranser & bra priser. Sveriges st\u00f6rsta sortiment av kortlekar p\u00e5 Kortleksbolaget!","robots":{"index":"index","follow":"follow","max-snippet":"max-snippet:-1","max-image-preview":"max-image-preview:large","max-video-preview":"max-video-preview:-1"},"canonical":"https:\/\/kortleksbolaget.se\/en\/product\/hollingworth-emerald\/","og_locale":"en_US","og_type":"article","og_title":"Kortlek Hollingworth Emerald | Kortleksbolaget","og_description":"K\u00f6p Hollingworth Emerald. Snabba leveranser & bra priser. Sveriges st\u00f6rsta sortiment av kortlekar p\u00e5 Kortleksbolaget!","og_url":"https:\/\/kortleksbolaget.se\/en\/product\/hollingworth-emerald\/","og_site_name":"Kortleksbolaget","article_modified_time":"2021-12-22T15:17:58+00:00","og_image":[{"width":504,"height":757,"url":"https:\/\/kortleksbolaget.se\/wp-content\/uploads\/hollingwort-emerald.jpg","type":"image\/jpeg"}],"twitter_card":"summary_large_image","schema":{"@context":"https:\/\/schema.org","@graph":[{"@type":"WebPage","@id":"https:\/\/kortleksbolaget.se\/en\/product\/hollingworth-emerald\/","url":"https:\/\/kortleksbolaget.se\/en\/product\/hollingworth-emerald\/","name":"Kortlek Hollingworth Emerald | Kortleksbolaget","isPartOf":{"@id":"https:\/\/kortleksbolaget.se\/en\/#website"},"primaryImageOfPage":{"@id":"https:\/\/kortleksbolaget.se\/en\/product\/hollingworth-emerald\/#primaryimage"},"image":{"@id":"https:\/\/kortleksbolaget.se\/en\/product\/hollingworth-emerald\/#primaryimage"},"thumbnailUrl":"https:\/\/kortleksbolaget.se\/wp-content\/uploads\/hollingwort-emerald.jpg","datePublished":"2021-12-22T15:15:29+00:00","dateModified":"2021-12-22T15:17:58+00:00","description":"K\u00f6p Hollingworth Emerald. Snabba leveranser & bra priser. Sveriges st\u00f6rsta sortiment av kortlekar p\u00e5 Kortleksbolaget!","breadcrumb":{"@id":"https:\/\/kortleksbolaget.se\/en\/product\/hollingworth-emerald\/#breadcrumb"},"inLanguage":"en-US","potentialAction":[{"@type":"ReadAction","target":["https:\/\/kortleksbolaget.se\/en\/product\/hollingworth-emerald\/"]}]},{"@type":"ImageObject","inLanguage":"en-US","@id":"https:\/\/kortleksbolaget.se\/en\/product\/hollingworth-emerald\/#primaryimage","url":"https:\/\/kortleksbolaget.se\/wp-content\/uploads\/hollingwort-emerald.jpg","contentUrl":"https:\/\/kortleksbolaget.se\/wp-content\/uploads\/hollingwort-emerald.jpg","width":504,"height":757},{"@type":"BreadcrumbList","@id":"https:\/\/kortleksbolaget.se\/en\/product\/hollingworth-emerald\/#breadcrumb","itemListElement":[{"@type":"ListItem","position":1,"name":"Hem","item":"https:\/\/kortleksbolaget.se\/en\/"},{"@type":"ListItem","position":2,"name":"All products","item":"https:\/\/kortleksbolaget.se\/en\/shop\/"},{"@type":"ListItem","position":3,"name":"Hollingworth Emerald"}]},{"@type":"WebSite","@id":"https:\/\/kortleksbolaget.se\/en\/#website","url":"https:\/\/kortleksbolaget.se\/en\/","name":"Kortleksbolaget","description":"Kortlekar p\u00e5 n\u00e4tet","publisher":{"@id":"https:\/\/kortleksbolaget.se\/en\/#organization"},"potentialAction":[{"@type":"SearchAction","target":{"@type":"EntryPoint","urlTemplate":"https:\/\/kortleksbolaget.se\/en\/?s={search_term_string}"},"query-input":{"@type":"PropertyValueSpecification","valueRequired":true,"valueName":"search_term_string"}}],"inLanguage":"en-US"},{"@type":"Organization","@id":"https:\/\/kortleksbolaget.se\/en\/#organization","name":"Kortleksbolaget","url":"https:\/\/kortleksbolaget.se\/en\/","logo":{"@type":"ImageObject","inLanguage":"en-US","@id":"https:\/\/kortleksbolaget.se\/en\/#\/schema\/logo\/image\/","url":"https:\/\/kortleksbolaget.se\/wp-content\/uploads\/kortleksbolaget_logo-svart.png","contentUrl":"https:\/\/kortleksbolaget.se\/wp-content\/uploads\/kortleksbolaget_logo-svart.png","width":1200,"height":296,"caption":"Kortleksbolaget"},"image":{"@id":"https:\/\/kortleksbolaget.se\/en\/#\/schema\/logo\/image\/"}}]}},"_links":{"self":[{"href":"https:\/\/kortleksbolaget.se\/en\/wp-json\/wp\/v2\/product\/72659","targetHints":{"allow":["GET"]}}],"collection":[{"href":"https:\/\/kortleksbolaget.se\/en\/wp-json\/wp\/v2\/product"}],"about":[{"href":"https:\/\/kortleksbolaget.se\/en\/wp-json\/wp\/v2\/types\/product"}],"wp:featuredmedia":[{"embeddable":true,"href":"https:\/\/kortleksbolaget.se\/en\/wp-json\/wp\/v2\/media\/72699"}],"wp:attachment":[{"href":"https:\/\/kortleksbolaget.se\/en\/wp-json\/wp\/v2\/media?parent=72659"}],"wp:term":[{"taxonomy":"product_brand","embeddable":true,"href":"https:\/\/kortleksbolaget.se\/en\/wp-json\/wp\/v2\/product_brand?post=72659"},{"taxonomy":"product_cat","embeddable":true,"href":"https:\/\/kortleksbolaget.se\/en\/wp-json\/wp\/v2\/product_cat?post=72659"},{"taxonomy":"product_tag","embeddable":true,"href":"https:\/\/kortleksbolaget.se\/en\/wp-json\/wp\/v2\/product_tag?post=72659"}],"curies":[{"name":"wp","href":"https:\/\/api.w.org\/{rel}","templated":true}]}}