{"id":81425,"date":"2022-03-16T14:58:27","date_gmt":"2022-03-16T13:58:27","guid":{"rendered":"https:\/\/kortleksbolaget.se\/produkt\/water-tiger-limited-edition\/"},"modified":"2022-03-16T14:59:48","modified_gmt":"2022-03-16T13:59:48","slug":"water-tiger-limited-edition","status":"publish","type":"product","link":"https:\/\/kortleksbolaget.se\/en\/product\/water-tiger-limited-edition\/","title":{"rendered":"Water Tiger Limited Edition"},"content":{"rendered":"","protected":false},"excerpt":{"rendered":"<div id=\"tw-target-text-container\" class=\"tw-ta-container F0azHf tw-nfl\" tabindex=\"0\">\n<p>In the Chinese Zodiac, each year is represented by one of 12 different animals. The Zodiac also has a cycle of 5 different elements &#8211; Metal\/Gold, Water, Wood, Fire, and Earth. 2022 is the year of the Water Tiger.<\/p>\n<p>We worked with artist &amp; illustrator Panji Putra Prima Aji to create a beautiful, playable deck of cards that celebrates the strength and beauty of the Water Tiger. The card backs feature a front-facing tiger head with waves crashing around him, printed in a gorgeous blue.<\/p>\n<p>The faces feature completely custom number cards, pips, and court cards with tiger royalty. The aces have enlarged center pips with detailed artwork. Two different custom jokers can be used as wild cards in all of your favorite games, while two bonus gaff cards can be used for magic tricks.<\/p>\n<p>The custom tuck box is made from a bright blue paper with a matte finish, with the inner &amp; outer designs completely crafted from white foil for amazing visual contrast and a subtle luxurious texture. The box is topped off with a custom, individually-numbered sticker seal.<\/p>\n<p>Water Tiger playing cards feature UltraLux\u2122 Finish and AquaFlow\u2122 Coating. This blend of casino-grade European card stock and water-based coating, with a perfect linen texture and vegetable-based inks results in a deck that handles like an absolute dream. The cards are traditionally cut with smooth edges that provide just the right amount of grip. These cards are soft enough to get to work straight out of the box, but durable enough to meet the needs of a full-time magician, cardist, or card sharp.<\/p>\n<p>Available singly or in 6-packs with custom half brick collector boxes, get your Water Tiger decks for a year of good luck!<\/p>\n<p>\u2022Limited run of 2500 decks<br \/>\n\u2022100% custom artwork<br \/>\n\u2022Designed by Panji Putra Prima Aji<br \/>\n\u2022Custom tuck box crafted from blue paper &amp; white foil<br \/>\n\u2022Individually-numbered sticker seal<br \/>\n\u2022UltraLux\u2122 Finish with AquaFlow\u2122 Coating<br \/>\n\u2022Traditionally cut<br \/>\n\u20222 custom jokers<br \/>\n\u20222 bonus gaff cards included<\/p>\n<p id=\"tw-target-text\" class=\"tw-data-text tw-text-large tw-ta\" dir=\"ltr\" data-placeholder=\"\u00d6vers\u00e4ttning\"><span class=\"Y2IQFc\" lang=\"sv\">\u00a0<\/span><\/p>\n<\/div>\n<p> [&#8230;]<\/p>\n<p><a class=\"btn btn-secondary understrap-read-more-link\" href=\"https:\/\/kortleksbolaget.se\/en\/product\/water-tiger-limited-edition\/\">Read More&#8230;<span class=\"screen-reader-text\"> from Water Tiger Limited Edition<\/span><\/a><\/p>\n","protected":false},"featured_media":81422,"template":"","meta":{"_acf_changed":false},"product_brand":[],"product_cat":[75],"product_tag":[],"class_list":{"0":"post-81425","1":"product","2":"type-product","3":"status-publish","4":"has-post-thumbnail","6":"product_cat-special-lyx-limited-en","8":"first","9":"outofstock","10":"taxable","11":"shipping-taxable","12":"purchasable","13":"product-type-simple"},"acf":[],"yoast_head":"<!-- This site is optimized with the Yoast SEO plugin v26.3 - https:\/\/yoast.com\/wordpress\/plugins\/seo\/ -->\n<title>Kortlek Water Tiger Limited Edition | Kortleksbolaget<\/title>\n<meta name=\"description\" content=\"K\u00f6p Water Tiger Limited Edition. Snabba leveranser &amp; bra priser. Sveriges st\u00f6rsta sortiment av kortlekar p\u00e5 Kortleksbolaget!\" \/>\n<meta name=\"robots\" content=\"index, follow, max-snippet:-1, max-image-preview:large, max-video-preview:-1\" \/>\n<link rel=\"canonical\" href=\"https:\/\/kortleksbolaget.se\/en\/product\/water-tiger-limited-edition\/\" \/>\n<meta property=\"og:locale\" content=\"en_US\" \/>\n<meta property=\"og:type\" content=\"article\" \/>\n<meta property=\"og:title\" content=\"Kortlek Water Tiger Limited Edition | Kortleksbolaget\" \/>\n<meta property=\"og:description\" content=\"K\u00f6p Water Tiger Limited Edition. Snabba leveranser &amp; bra priser. Sveriges st\u00f6rsta sortiment av kortlekar p\u00e5 Kortleksbolaget!\" \/>\n<meta property=\"og:url\" content=\"https:\/\/kortleksbolaget.se\/en\/product\/water-tiger-limited-edition\/\" \/>\n<meta property=\"og:site_name\" content=\"Kortleksbolaget\" \/>\n<meta property=\"article:modified_time\" content=\"2022-03-16T13:59:48+00:00\" \/>\n<meta property=\"og:image\" content=\"https:\/\/kortleksbolaget.se\/wp-content\/uploads\/water-tiger-playing-cards-1.jpg\" \/>\n\t<meta property=\"og:image:width\" content=\"505\" \/>\n\t<meta property=\"og:image:height\" content=\"757\" \/>\n\t<meta property=\"og:image:type\" content=\"image\/jpeg\" \/>\n<meta name=\"twitter:card\" content=\"summary_large_image\" \/>\n<script type=\"application\/ld+json\" class=\"yoast-schema-graph\">{\"@context\":\"https:\/\/schema.org\",\"@graph\":[{\"@type\":\"WebPage\",\"@id\":\"https:\/\/kortleksbolaget.se\/en\/product\/water-tiger-limited-edition\/\",\"url\":\"https:\/\/kortleksbolaget.se\/en\/product\/water-tiger-limited-edition\/\",\"name\":\"Kortlek Water Tiger Limited Edition | Kortleksbolaget\",\"isPartOf\":{\"@id\":\"https:\/\/kortleksbolaget.se\/en\/#website\"},\"primaryImageOfPage\":{\"@id\":\"https:\/\/kortleksbolaget.se\/en\/product\/water-tiger-limited-edition\/#primaryimage\"},\"image\":{\"@id\":\"https:\/\/kortleksbolaget.se\/en\/product\/water-tiger-limited-edition\/#primaryimage\"},\"thumbnailUrl\":\"https:\/\/kortleksbolaget.se\/wp-content\/uploads\/water-tiger-playing-cards-1.jpg\",\"datePublished\":\"2022-03-16T13:58:27+00:00\",\"dateModified\":\"2022-03-16T13:59:48+00:00\",\"description\":\"K\u00f6p Water Tiger Limited Edition. Snabba leveranser & bra priser. Sveriges st\u00f6rsta sortiment av kortlekar p\u00e5 Kortleksbolaget!\",\"breadcrumb\":{\"@id\":\"https:\/\/kortleksbolaget.se\/en\/product\/water-tiger-limited-edition\/#breadcrumb\"},\"inLanguage\":\"en-US\",\"potentialAction\":[{\"@type\":\"ReadAction\",\"target\":[\"https:\/\/kortleksbolaget.se\/en\/product\/water-tiger-limited-edition\/\"]}]},{\"@type\":\"ImageObject\",\"inLanguage\":\"en-US\",\"@id\":\"https:\/\/kortleksbolaget.se\/en\/product\/water-tiger-limited-edition\/#primaryimage\",\"url\":\"https:\/\/kortleksbolaget.se\/wp-content\/uploads\/water-tiger-playing-cards-1.jpg\",\"contentUrl\":\"https:\/\/kortleksbolaget.se\/wp-content\/uploads\/water-tiger-playing-cards-1.jpg\",\"width\":505,\"height\":757},{\"@type\":\"BreadcrumbList\",\"@id\":\"https:\/\/kortleksbolaget.se\/en\/product\/water-tiger-limited-edition\/#breadcrumb\",\"itemListElement\":[{\"@type\":\"ListItem\",\"position\":1,\"name\":\"Hem\",\"item\":\"https:\/\/kortleksbolaget.se\/en\/\"},{\"@type\":\"ListItem\",\"position\":2,\"name\":\"All products\",\"item\":\"https:\/\/kortleksbolaget.se\/en\/shop\/\"},{\"@type\":\"ListItem\",\"position\":3,\"name\":\"Water Tiger Limited Edition\"}]},{\"@type\":\"WebSite\",\"@id\":\"https:\/\/kortleksbolaget.se\/en\/#website\",\"url\":\"https:\/\/kortleksbolaget.se\/en\/\",\"name\":\"Kortleksbolaget\",\"description\":\"Kortlekar p\u00e5 n\u00e4tet\",\"publisher\":{\"@id\":\"https:\/\/kortleksbolaget.se\/en\/#organization\"},\"potentialAction\":[{\"@type\":\"SearchAction\",\"target\":{\"@type\":\"EntryPoint\",\"urlTemplate\":\"https:\/\/kortleksbolaget.se\/en\/?s={search_term_string}\"},\"query-input\":{\"@type\":\"PropertyValueSpecification\",\"valueRequired\":true,\"valueName\":\"search_term_string\"}}],\"inLanguage\":\"en-US\"},{\"@type\":\"Organization\",\"@id\":\"https:\/\/kortleksbolaget.se\/en\/#organization\",\"name\":\"Kortleksbolaget\",\"url\":\"https:\/\/kortleksbolaget.se\/en\/\",\"logo\":{\"@type\":\"ImageObject\",\"inLanguage\":\"en-US\",\"@id\":\"https:\/\/kortleksbolaget.se\/en\/#\/schema\/logo\/image\/\",\"url\":\"https:\/\/kortleksbolaget.se\/wp-content\/uploads\/kortleksbolaget_logo-svart.png\",\"contentUrl\":\"https:\/\/kortleksbolaget.se\/wp-content\/uploads\/kortleksbolaget_logo-svart.png\",\"width\":1200,\"height\":296,\"caption\":\"Kortleksbolaget\"},\"image\":{\"@id\":\"https:\/\/kortleksbolaget.se\/en\/#\/schema\/logo\/image\/\"}}]}<\/script>\n<!-- \/ Yoast SEO plugin. -->","yoast_head_json":{"title":"Kortlek Water Tiger Limited Edition | Kortleksbolaget","description":"K\u00f6p Water Tiger Limited Edition. Snabba leveranser & bra priser. Sveriges st\u00f6rsta sortiment av kortlekar p\u00e5 Kortleksbolaget!","robots":{"index":"index","follow":"follow","max-snippet":"max-snippet:-1","max-image-preview":"max-image-preview:large","max-video-preview":"max-video-preview:-1"},"canonical":"https:\/\/kortleksbolaget.se\/en\/product\/water-tiger-limited-edition\/","og_locale":"en_US","og_type":"article","og_title":"Kortlek Water Tiger Limited Edition | Kortleksbolaget","og_description":"K\u00f6p Water Tiger Limited Edition. Snabba leveranser & bra priser. Sveriges st\u00f6rsta sortiment av kortlekar p\u00e5 Kortleksbolaget!","og_url":"https:\/\/kortleksbolaget.se\/en\/product\/water-tiger-limited-edition\/","og_site_name":"Kortleksbolaget","article_modified_time":"2022-03-16T13:59:48+00:00","og_image":[{"width":505,"height":757,"url":"https:\/\/kortleksbolaget.se\/wp-content\/uploads\/water-tiger-playing-cards-1.jpg","type":"image\/jpeg"}],"twitter_card":"summary_large_image","schema":{"@context":"https:\/\/schema.org","@graph":[{"@type":"WebPage","@id":"https:\/\/kortleksbolaget.se\/en\/product\/water-tiger-limited-edition\/","url":"https:\/\/kortleksbolaget.se\/en\/product\/water-tiger-limited-edition\/","name":"Kortlek Water Tiger Limited Edition | Kortleksbolaget","isPartOf":{"@id":"https:\/\/kortleksbolaget.se\/en\/#website"},"primaryImageOfPage":{"@id":"https:\/\/kortleksbolaget.se\/en\/product\/water-tiger-limited-edition\/#primaryimage"},"image":{"@id":"https:\/\/kortleksbolaget.se\/en\/product\/water-tiger-limited-edition\/#primaryimage"},"thumbnailUrl":"https:\/\/kortleksbolaget.se\/wp-content\/uploads\/water-tiger-playing-cards-1.jpg","datePublished":"2022-03-16T13:58:27+00:00","dateModified":"2022-03-16T13:59:48+00:00","description":"K\u00f6p Water Tiger Limited Edition. Snabba leveranser & bra priser. Sveriges st\u00f6rsta sortiment av kortlekar p\u00e5 Kortleksbolaget!","breadcrumb":{"@id":"https:\/\/kortleksbolaget.se\/en\/product\/water-tiger-limited-edition\/#breadcrumb"},"inLanguage":"en-US","potentialAction":[{"@type":"ReadAction","target":["https:\/\/kortleksbolaget.se\/en\/product\/water-tiger-limited-edition\/"]}]},{"@type":"ImageObject","inLanguage":"en-US","@id":"https:\/\/kortleksbolaget.se\/en\/product\/water-tiger-limited-edition\/#primaryimage","url":"https:\/\/kortleksbolaget.se\/wp-content\/uploads\/water-tiger-playing-cards-1.jpg","contentUrl":"https:\/\/kortleksbolaget.se\/wp-content\/uploads\/water-tiger-playing-cards-1.jpg","width":505,"height":757},{"@type":"BreadcrumbList","@id":"https:\/\/kortleksbolaget.se\/en\/product\/water-tiger-limited-edition\/#breadcrumb","itemListElement":[{"@type":"ListItem","position":1,"name":"Hem","item":"https:\/\/kortleksbolaget.se\/en\/"},{"@type":"ListItem","position":2,"name":"All products","item":"https:\/\/kortleksbolaget.se\/en\/shop\/"},{"@type":"ListItem","position":3,"name":"Water Tiger Limited Edition"}]},{"@type":"WebSite","@id":"https:\/\/kortleksbolaget.se\/en\/#website","url":"https:\/\/kortleksbolaget.se\/en\/","name":"Kortleksbolaget","description":"Kortlekar p\u00e5 n\u00e4tet","publisher":{"@id":"https:\/\/kortleksbolaget.se\/en\/#organization"},"potentialAction":[{"@type":"SearchAction","target":{"@type":"EntryPoint","urlTemplate":"https:\/\/kortleksbolaget.se\/en\/?s={search_term_string}"},"query-input":{"@type":"PropertyValueSpecification","valueRequired":true,"valueName":"search_term_string"}}],"inLanguage":"en-US"},{"@type":"Organization","@id":"https:\/\/kortleksbolaget.se\/en\/#organization","name":"Kortleksbolaget","url":"https:\/\/kortleksbolaget.se\/en\/","logo":{"@type":"ImageObject","inLanguage":"en-US","@id":"https:\/\/kortleksbolaget.se\/en\/#\/schema\/logo\/image\/","url":"https:\/\/kortleksbolaget.se\/wp-content\/uploads\/kortleksbolaget_logo-svart.png","contentUrl":"https:\/\/kortleksbolaget.se\/wp-content\/uploads\/kortleksbolaget_logo-svart.png","width":1200,"height":296,"caption":"Kortleksbolaget"},"image":{"@id":"https:\/\/kortleksbolaget.se\/en\/#\/schema\/logo\/image\/"}}]}},"_links":{"self":[{"href":"https:\/\/kortleksbolaget.se\/en\/wp-json\/wp\/v2\/product\/81425","targetHints":{"allow":["GET"]}}],"collection":[{"href":"https:\/\/kortleksbolaget.se\/en\/wp-json\/wp\/v2\/product"}],"about":[{"href":"https:\/\/kortleksbolaget.se\/en\/wp-json\/wp\/v2\/types\/product"}],"wp:featuredmedia":[{"embeddable":true,"href":"https:\/\/kortleksbolaget.se\/en\/wp-json\/wp\/v2\/media\/81422"}],"wp:attachment":[{"href":"https:\/\/kortleksbolaget.se\/en\/wp-json\/wp\/v2\/media?parent=81425"}],"wp:term":[{"taxonomy":"product_brand","embeddable":true,"href":"https:\/\/kortleksbolaget.se\/en\/wp-json\/wp\/v2\/product_brand?post=81425"},{"taxonomy":"product_cat","embeddable":true,"href":"https:\/\/kortleksbolaget.se\/en\/wp-json\/wp\/v2\/product_cat?post=81425"},{"taxonomy":"product_tag","embeddable":true,"href":"https:\/\/kortleksbolaget.se\/en\/wp-json\/wp\/v2\/product_tag?post=81425"}],"curies":[{"name":"wp","href":"https:\/\/api.w.org\/{rel}","templated":true}]}}