{"id":90252,"date":"2022-06-30T21:32:40","date_gmt":"2022-06-30T19:32:40","guid":{"rendered":"https:\/\/kortleksbolaget.se\/produkt\/playing-card-collection-orange-12-deck-box-by-tcc\/"},"modified":"2022-06-30T21:33:42","modified_gmt":"2022-06-30T19:33:42","slug":"playing-card-collection-orange-12-deck-box-by-tcc","status":"publish","type":"product","link":"https:\/\/kortleksbolaget.se\/en\/product\/playing-card-collection-orange-12-deck-box-by-tcc\/","title":{"rendered":"Playing Card Collection Orange 12 deck box by TCC"},"content":{"rendered":"","protected":false},"excerpt":{"rendered":"<div id=\"tw-target-text-container\" class=\"tw-ta-container F0azHf tw-nfl\" tabindex=\"0\">\n<p id=\"tw-target-text\" class=\"tw-data-text tw-text-large tw-ta\" dir=\"ltr\" data-placeholder=\"\u00d6vers\u00e4ttning\"><span class=\"Y2IQFc\" lang=\"sv\">None of us would express dissatisfaction that we have too many decks of playing cards. With one&#8217;s growing collection of playing cards, brick boxes have become a necessity among playing card collectors. Various custom brick boxes have always been particularly popular. Who would reject a portable and durable High-quality <b>Playing Card Collection Brick Box<\/b>?<\/p>\n<p>One would only need to experience using the <b>Collection Brick Box<\/b> once for its ease of use and durability to leave a deep and lasting first impression.<\/p>\n<p>The leathery material makes the brick box have a firmness that other boxes cannot match. The leathery material and flannel lining were specially selected. Whether it is the hands contacting the leather, or the playing card decks lying on the flannel, you can feel the excellent quality of the box. The delicate touch is as if it is saying, <i>&#8220;You can be rest assured, leave them to me.&#8221;<\/i><\/p>\n<p>Every detail of the box has been researched. The exterior material is similar to the color and texture of leather, which makes the box look very pure.<\/p>\n<p>The lid inlay has an in-built magnetic concealed clasp, which improves the user experience while also improving the security. It greatly avoids any irreversible losses that may be caused by various little accidents.<\/p>\n<p>The color <b>Orange<\/b> always brings a vibrant vibe, the warmest of all colors. It could be a Jack-o-lantern, or the energetic vibe of Vitamin C, sweet orange grapefruit, or bright sunshine. Bright, cheerful, and enthusiastic brick boxes will inject new vitality into your card collection.<\/p>\n<p><b>Brick Box<\/b> dimensions: 233mm \u00d7 102mm \u00d7 67mm<\/span><\/p>\n<\/div>\n<div id=\"tw-target-rmn-container\" class=\"tw-target-rmn tw-ta-container F0azHf tw-nfl\">\n<pre id=\"tw-target-rmn\" class=\"tw-data-placeholder tw-text-small tw-ta\" dir=\"ltr\" data-placeholder=\"\"><\/pre>\n<\/div>\n<p> [&#8230;]<\/p>\n<p><a class=\"btn btn-secondary understrap-read-more-link\" href=\"https:\/\/kortleksbolaget.se\/en\/product\/playing-card-collection-orange-12-deck-box-by-tcc\/\">Read More&#8230;<span class=\"screen-reader-text\"> from Playing Card Collection Orange 12 deck box by TCC<\/span><\/a><\/p>\n","protected":false},"featured_media":90243,"template":"","meta":{"_acf_changed":false},"product_brand":[],"product_cat":[77],"product_tag":[],"class_list":{"0":"post-90252","1":"product","2":"type-product","3":"status-publish","4":"has-post-thumbnail","6":"product_cat-accessories-gift-cards","8":"first","9":"outofstock","10":"taxable","11":"shipping-taxable","12":"purchasable","13":"product-type-simple"},"acf":[],"yoast_head":"<!-- This site is optimized with the Yoast SEO plugin v26.3 - https:\/\/yoast.com\/wordpress\/plugins\/seo\/ -->\n<title>Kortlek Playing Card Collection Orange 12 deck box by TCC | Kortleksbolaget<\/title>\n<meta name=\"description\" content=\"K\u00f6p Playing Card Collection Orange 12 deck box by TCC. Snabba leveranser &amp; bra priser. Sveriges st\u00f6rsta sortiment av kortlekar p\u00e5 Kortleksbolaget!\" \/>\n<meta name=\"robots\" content=\"index, follow, max-snippet:-1, max-image-preview:large, max-video-preview:-1\" \/>\n<link rel=\"canonical\" href=\"https:\/\/kortleksbolaget.se\/en\/product\/playing-card-collection-orange-12-deck-box-by-tcc\/\" \/>\n<meta property=\"og:locale\" content=\"en_US\" \/>\n<meta property=\"og:type\" content=\"article\" \/>\n<meta property=\"og:title\" content=\"Kortlek Playing Card Collection Orange 12 deck box by TCC | Kortleksbolaget\" \/>\n<meta property=\"og:description\" content=\"K\u00f6p Playing Card Collection Orange 12 deck box by TCC. Snabba leveranser &amp; bra priser. Sveriges st\u00f6rsta sortiment av kortlekar p\u00e5 Kortleksbolaget!\" \/>\n<meta property=\"og:url\" content=\"https:\/\/kortleksbolaget.se\/en\/product\/playing-card-collection-orange-12-deck-box-by-tcc\/\" \/>\n<meta property=\"og:site_name\" content=\"Kortleksbolaget\" \/>\n<meta property=\"article:modified_time\" content=\"2022-06-30T19:33:42+00:00\" \/>\n<meta property=\"og:image\" content=\"https:\/\/kortleksbolaget.se\/wp-content\/uploads\/box-tcc-playing-cards-collection.jpg\" \/>\n\t<meta property=\"og:image:width\" content=\"946\" \/>\n\t<meta property=\"og:image:height\" content=\"1419\" \/>\n\t<meta property=\"og:image:type\" content=\"image\/jpeg\" \/>\n<meta name=\"twitter:card\" content=\"summary_large_image\" \/>\n<script type=\"application\/ld+json\" class=\"yoast-schema-graph\">{\"@context\":\"https:\/\/schema.org\",\"@graph\":[{\"@type\":\"WebPage\",\"@id\":\"https:\/\/kortleksbolaget.se\/en\/product\/playing-card-collection-orange-12-deck-box-by-tcc\/\",\"url\":\"https:\/\/kortleksbolaget.se\/en\/product\/playing-card-collection-orange-12-deck-box-by-tcc\/\",\"name\":\"Kortlek Playing Card Collection Orange 12 deck box by TCC | Kortleksbolaget\",\"isPartOf\":{\"@id\":\"https:\/\/kortleksbolaget.se\/en\/#website\"},\"primaryImageOfPage\":{\"@id\":\"https:\/\/kortleksbolaget.se\/en\/product\/playing-card-collection-orange-12-deck-box-by-tcc\/#primaryimage\"},\"image\":{\"@id\":\"https:\/\/kortleksbolaget.se\/en\/product\/playing-card-collection-orange-12-deck-box-by-tcc\/#primaryimage\"},\"thumbnailUrl\":\"https:\/\/kortleksbolaget.se\/wp-content\/uploads\/box-tcc-playing-cards-collection.jpg\",\"datePublished\":\"2022-06-30T19:32:40+00:00\",\"dateModified\":\"2022-06-30T19:33:42+00:00\",\"description\":\"K\u00f6p Playing Card Collection Orange 12 deck box by TCC. Snabba leveranser & bra priser. Sveriges st\u00f6rsta sortiment av kortlekar p\u00e5 Kortleksbolaget!\",\"breadcrumb\":{\"@id\":\"https:\/\/kortleksbolaget.se\/en\/product\/playing-card-collection-orange-12-deck-box-by-tcc\/#breadcrumb\"},\"inLanguage\":\"en-US\",\"potentialAction\":[{\"@type\":\"ReadAction\",\"target\":[\"https:\/\/kortleksbolaget.se\/en\/product\/playing-card-collection-orange-12-deck-box-by-tcc\/\"]}]},{\"@type\":\"ImageObject\",\"inLanguage\":\"en-US\",\"@id\":\"https:\/\/kortleksbolaget.se\/en\/product\/playing-card-collection-orange-12-deck-box-by-tcc\/#primaryimage\",\"url\":\"https:\/\/kortleksbolaget.se\/wp-content\/uploads\/box-tcc-playing-cards-collection.jpg\",\"contentUrl\":\"https:\/\/kortleksbolaget.se\/wp-content\/uploads\/box-tcc-playing-cards-collection.jpg\",\"width\":946,\"height\":1419},{\"@type\":\"BreadcrumbList\",\"@id\":\"https:\/\/kortleksbolaget.se\/en\/product\/playing-card-collection-orange-12-deck-box-by-tcc\/#breadcrumb\",\"itemListElement\":[{\"@type\":\"ListItem\",\"position\":1,\"name\":\"Hem\",\"item\":\"https:\/\/kortleksbolaget.se\/en\/\"},{\"@type\":\"ListItem\",\"position\":2,\"name\":\"All products\",\"item\":\"https:\/\/kortleksbolaget.se\/en\/shop\/\"},{\"@type\":\"ListItem\",\"position\":3,\"name\":\"Playing Card Collection Orange 12 deck box by TCC\"}]},{\"@type\":\"WebSite\",\"@id\":\"https:\/\/kortleksbolaget.se\/en\/#website\",\"url\":\"https:\/\/kortleksbolaget.se\/en\/\",\"name\":\"Kortleksbolaget\",\"description\":\"Kortlekar p\u00e5 n\u00e4tet\",\"publisher\":{\"@id\":\"https:\/\/kortleksbolaget.se\/en\/#organization\"},\"potentialAction\":[{\"@type\":\"SearchAction\",\"target\":{\"@type\":\"EntryPoint\",\"urlTemplate\":\"https:\/\/kortleksbolaget.se\/en\/?s={search_term_string}\"},\"query-input\":{\"@type\":\"PropertyValueSpecification\",\"valueRequired\":true,\"valueName\":\"search_term_string\"}}],\"inLanguage\":\"en-US\"},{\"@type\":\"Organization\",\"@id\":\"https:\/\/kortleksbolaget.se\/en\/#organization\",\"name\":\"Kortleksbolaget\",\"url\":\"https:\/\/kortleksbolaget.se\/en\/\",\"logo\":{\"@type\":\"ImageObject\",\"inLanguage\":\"en-US\",\"@id\":\"https:\/\/kortleksbolaget.se\/en\/#\/schema\/logo\/image\/\",\"url\":\"https:\/\/kortleksbolaget.se\/wp-content\/uploads\/kortleksbolaget_logo-svart.png\",\"contentUrl\":\"https:\/\/kortleksbolaget.se\/wp-content\/uploads\/kortleksbolaget_logo-svart.png\",\"width\":1200,\"height\":296,\"caption\":\"Kortleksbolaget\"},\"image\":{\"@id\":\"https:\/\/kortleksbolaget.se\/en\/#\/schema\/logo\/image\/\"}}]}<\/script>\n<!-- \/ Yoast SEO plugin. -->","yoast_head_json":{"title":"Kortlek Playing Card Collection Orange 12 deck box by TCC | Kortleksbolaget","description":"K\u00f6p Playing Card Collection Orange 12 deck box by TCC. Snabba leveranser & bra priser. Sveriges st\u00f6rsta sortiment av kortlekar p\u00e5 Kortleksbolaget!","robots":{"index":"index","follow":"follow","max-snippet":"max-snippet:-1","max-image-preview":"max-image-preview:large","max-video-preview":"max-video-preview:-1"},"canonical":"https:\/\/kortleksbolaget.se\/en\/product\/playing-card-collection-orange-12-deck-box-by-tcc\/","og_locale":"en_US","og_type":"article","og_title":"Kortlek Playing Card Collection Orange 12 deck box by TCC | Kortleksbolaget","og_description":"K\u00f6p Playing Card Collection Orange 12 deck box by TCC. Snabba leveranser & bra priser. Sveriges st\u00f6rsta sortiment av kortlekar p\u00e5 Kortleksbolaget!","og_url":"https:\/\/kortleksbolaget.se\/en\/product\/playing-card-collection-orange-12-deck-box-by-tcc\/","og_site_name":"Kortleksbolaget","article_modified_time":"2022-06-30T19:33:42+00:00","og_image":[{"width":946,"height":1419,"url":"https:\/\/kortleksbolaget.se\/wp-content\/uploads\/box-tcc-playing-cards-collection.jpg","type":"image\/jpeg"}],"twitter_card":"summary_large_image","schema":{"@context":"https:\/\/schema.org","@graph":[{"@type":"WebPage","@id":"https:\/\/kortleksbolaget.se\/en\/product\/playing-card-collection-orange-12-deck-box-by-tcc\/","url":"https:\/\/kortleksbolaget.se\/en\/product\/playing-card-collection-orange-12-deck-box-by-tcc\/","name":"Kortlek Playing Card Collection Orange 12 deck box by TCC | Kortleksbolaget","isPartOf":{"@id":"https:\/\/kortleksbolaget.se\/en\/#website"},"primaryImageOfPage":{"@id":"https:\/\/kortleksbolaget.se\/en\/product\/playing-card-collection-orange-12-deck-box-by-tcc\/#primaryimage"},"image":{"@id":"https:\/\/kortleksbolaget.se\/en\/product\/playing-card-collection-orange-12-deck-box-by-tcc\/#primaryimage"},"thumbnailUrl":"https:\/\/kortleksbolaget.se\/wp-content\/uploads\/box-tcc-playing-cards-collection.jpg","datePublished":"2022-06-30T19:32:40+00:00","dateModified":"2022-06-30T19:33:42+00:00","description":"K\u00f6p Playing Card Collection Orange 12 deck box by TCC. Snabba leveranser & bra priser. Sveriges st\u00f6rsta sortiment av kortlekar p\u00e5 Kortleksbolaget!","breadcrumb":{"@id":"https:\/\/kortleksbolaget.se\/en\/product\/playing-card-collection-orange-12-deck-box-by-tcc\/#breadcrumb"},"inLanguage":"en-US","potentialAction":[{"@type":"ReadAction","target":["https:\/\/kortleksbolaget.se\/en\/product\/playing-card-collection-orange-12-deck-box-by-tcc\/"]}]},{"@type":"ImageObject","inLanguage":"en-US","@id":"https:\/\/kortleksbolaget.se\/en\/product\/playing-card-collection-orange-12-deck-box-by-tcc\/#primaryimage","url":"https:\/\/kortleksbolaget.se\/wp-content\/uploads\/box-tcc-playing-cards-collection.jpg","contentUrl":"https:\/\/kortleksbolaget.se\/wp-content\/uploads\/box-tcc-playing-cards-collection.jpg","width":946,"height":1419},{"@type":"BreadcrumbList","@id":"https:\/\/kortleksbolaget.se\/en\/product\/playing-card-collection-orange-12-deck-box-by-tcc\/#breadcrumb","itemListElement":[{"@type":"ListItem","position":1,"name":"Hem","item":"https:\/\/kortleksbolaget.se\/en\/"},{"@type":"ListItem","position":2,"name":"All products","item":"https:\/\/kortleksbolaget.se\/en\/shop\/"},{"@type":"ListItem","position":3,"name":"Playing Card Collection Orange 12 deck box by TCC"}]},{"@type":"WebSite","@id":"https:\/\/kortleksbolaget.se\/en\/#website","url":"https:\/\/kortleksbolaget.se\/en\/","name":"Kortleksbolaget","description":"Kortlekar p\u00e5 n\u00e4tet","publisher":{"@id":"https:\/\/kortleksbolaget.se\/en\/#organization"},"potentialAction":[{"@type":"SearchAction","target":{"@type":"EntryPoint","urlTemplate":"https:\/\/kortleksbolaget.se\/en\/?s={search_term_string}"},"query-input":{"@type":"PropertyValueSpecification","valueRequired":true,"valueName":"search_term_string"}}],"inLanguage":"en-US"},{"@type":"Organization","@id":"https:\/\/kortleksbolaget.se\/en\/#organization","name":"Kortleksbolaget","url":"https:\/\/kortleksbolaget.se\/en\/","logo":{"@type":"ImageObject","inLanguage":"en-US","@id":"https:\/\/kortleksbolaget.se\/en\/#\/schema\/logo\/image\/","url":"https:\/\/kortleksbolaget.se\/wp-content\/uploads\/kortleksbolaget_logo-svart.png","contentUrl":"https:\/\/kortleksbolaget.se\/wp-content\/uploads\/kortleksbolaget_logo-svart.png","width":1200,"height":296,"caption":"Kortleksbolaget"},"image":{"@id":"https:\/\/kortleksbolaget.se\/en\/#\/schema\/logo\/image\/"}}]}},"_links":{"self":[{"href":"https:\/\/kortleksbolaget.se\/en\/wp-json\/wp\/v2\/product\/90252","targetHints":{"allow":["GET"]}}],"collection":[{"href":"https:\/\/kortleksbolaget.se\/en\/wp-json\/wp\/v2\/product"}],"about":[{"href":"https:\/\/kortleksbolaget.se\/en\/wp-json\/wp\/v2\/types\/product"}],"wp:featuredmedia":[{"embeddable":true,"href":"https:\/\/kortleksbolaget.se\/en\/wp-json\/wp\/v2\/media\/90243"}],"wp:attachment":[{"href":"https:\/\/kortleksbolaget.se\/en\/wp-json\/wp\/v2\/media?parent=90252"}],"wp:term":[{"taxonomy":"product_brand","embeddable":true,"href":"https:\/\/kortleksbolaget.se\/en\/wp-json\/wp\/v2\/product_brand?post=90252"},{"taxonomy":"product_cat","embeddable":true,"href":"https:\/\/kortleksbolaget.se\/en\/wp-json\/wp\/v2\/product_cat?post=90252"},{"taxonomy":"product_tag","embeddable":true,"href":"https:\/\/kortleksbolaget.se\/en\/wp-json\/wp\/v2\/product_tag?post=90252"}],"curies":[{"name":"wp","href":"https:\/\/api.w.org\/{rel}","templated":true}]}}