{"id":92298,"date":"2022-07-31T18:27:12","date_gmt":"2022-07-31T16:27:12","guid":{"rendered":"https:\/\/kortleksbolaget.se\/produkt\/glider-back-v2\/"},"modified":"2022-07-31T18:28:30","modified_gmt":"2022-07-31T16:28:30","slug":"glider-back-v2","status":"publish","type":"product","link":"https:\/\/kortleksbolaget.se\/en\/product\/glider-back-v2\/","title":{"rendered":"Glider Back V2"},"content":{"rendered":"","protected":false},"excerpt":{"rendered":"<div id=\"tw-target-text-container\" class=\"tw-ta-container F0azHf tw-nfl\" tabindex=\"0\">\n<p class=\"tw-data-text tw-text-large tw-ta\" dir=\"ltr\" data-placeholder=\"\u00d6vers\u00e4ttning\"><span class=\"Y2IQFc\" lang=\"sv\">Gliders are back! One year ago, Penguin released the first edition of Glider Back playing cards. They sold out quickly, and fans have been demanding their return ever since.<\/p>\n<p>We are proud to introduce the new V2 Glider Backs. We&#8217;ve made several improvements to the deck, while keeping some key elements the same as the originals.<\/p>\n<p>The Glider Back deck is a 100% custom deck of playing cards featuring origami-inspired artwork. The back design has paper gliders arranged in an appealing geometric layout against a classic blue background. The traditional-looking back also contains a devious but easy-to-learn coded marking system designed by Kevin Reylek that allows you to identify the suit and value of each card.<\/p>\n<p>We sent a sample deck to one of the world&#8217;s foremost experts on marked cards, but we didn&#8217;t explain the system to him. His first response was, &#8220;I tried to work it out with the riffle test &#8211; couldn&#8217;t see ANYTHING &#8211; I did eventually work it out but d*** that is well hidden. I was starting to wonder if you were winding me up!&#8221;<\/p>\n<p>So before you view the instructions on how to read the cards, see if you can figure out the system on your own!<\/p>\n<p>The V2 edition has all-new court card and joker designs, while the familiar spot cards are designed to look as if they&#8217;ve been folded out of paper. The whole package has been given an upgrade with an all-new tuck box crafted from premium soft-touch paper with blue foil. A custom sticker seal completes the ensemble.<\/p>\n<p>Glider Back playing cards feature UltraLux\u2122 Finish and AquaFlow\u2122 Coating. The casino-grade European card stock and perfect linen texture deliver a deck that handles like an absolute dream. The cards are traditionally cut with smooth edges that provide just the right amount of grip. Printed with vegetable-based inks and water-based coating, the cards are planet-friendly as well! Gliders are soft enough to get to work straight out of the box, but durable enough to meet the needs of a full-time magician, cardist, or card sharp.<\/p>\n<p><\/span><\/p>\n<ul>\n<li>Limited print run of 2500 decks<\/li>\n<li>100% custom artwork by Gabriel Costache &amp; Drew Hughes<\/li>\n<li>Same back design &amp; marks as V1<\/li>\n<li>Fully marked for suit &amp; value with coded system by Kevin Reylek<\/li>\n<li>New court card and joker designs<\/li>\n<li>UltraLux\u2122 Finish with AquaFlow\u2122 Coating<\/li>\n<li>Traditionally cut<\/li>\n<li>All-new premium custom tuck box with blue foil design<\/li>\n<li>Custom sticker seal<\/li>\n<li>2 gaff cards included<\/li>\n<\/ul>\n<p id=\"tw-target-text\" class=\"tw-data-text tw-text-large tw-ta\" dir=\"ltr\" data-placeholder=\"\u00d6vers\u00e4ttning\"><span class=\"Y2IQFc\" lang=\"sv\">\u00a0<\/span><\/p>\n<\/div>\n<div id=\"tw-target-rmn-container\" class=\"tw-target-rmn tw-ta-container F0azHf tw-nfl\">\n<pre id=\"tw-target-rmn\" class=\"tw-data-placeholder tw-text-small tw-ta\" dir=\"ltr\" data-placeholder=\"\"><\/pre>\n<\/div>\n<p> [&#8230;]<\/p>\n<p><a class=\"btn btn-secondary understrap-read-more-link\" href=\"https:\/\/kortleksbolaget.se\/en\/product\/glider-back-v2\/\">Read More&#8230;<span class=\"screen-reader-text\"> from Glider Back V2<\/span><\/a><\/p>\n","protected":false},"featured_media":92289,"template":"","meta":{"_acf_changed":false},"product_brand":[],"product_cat":[75],"product_tag":[],"class_list":{"0":"post-92298","1":"product","2":"type-product","3":"status-publish","4":"has-post-thumbnail","6":"product_cat-special-lyx-limited-en","8":"first","9":"instock","10":"featured","11":"taxable","12":"shipping-taxable","13":"purchasable","14":"product-type-simple"},"acf":[],"yoast_head":"<!-- This site is optimized with the Yoast SEO plugin v26.3 - https:\/\/yoast.com\/wordpress\/plugins\/seo\/ -->\n<title>Kortlek Glider Back V2 | Kortleksbolaget<\/title>\n<meta name=\"description\" content=\"K\u00f6p Glider Back V2. Snabba leveranser &amp; bra priser. Sveriges st\u00f6rsta sortiment av kortlekar p\u00e5 Kortleksbolaget!\" \/>\n<meta name=\"robots\" content=\"index, follow, max-snippet:-1, max-image-preview:large, max-video-preview:-1\" \/>\n<link rel=\"canonical\" href=\"https:\/\/kortleksbolaget.se\/en\/product\/glider-back-v2\/\" \/>\n<meta property=\"og:locale\" content=\"en_US\" \/>\n<meta property=\"og:type\" content=\"article\" \/>\n<meta property=\"og:title\" content=\"Kortlek Glider Back V2 | Kortleksbolaget\" \/>\n<meta property=\"og:description\" content=\"K\u00f6p Glider Back V2. Snabba leveranser &amp; bra priser. Sveriges st\u00f6rsta sortiment av kortlekar p\u00e5 Kortleksbolaget!\" \/>\n<meta property=\"og:url\" content=\"https:\/\/kortleksbolaget.se\/en\/product\/glider-back-v2\/\" \/>\n<meta property=\"og:site_name\" content=\"Kortleksbolaget\" \/>\n<meta property=\"article:modified_time\" content=\"2022-07-31T16:28:30+00:00\" \/>\n<meta property=\"og:image\" content=\"https:\/\/kortleksbolaget.se\/wp-content\/uploads\/glider-back-v2.jpg\" \/>\n\t<meta property=\"og:image:width\" content=\"542\" \/>\n\t<meta property=\"og:image:height\" content=\"813\" \/>\n\t<meta property=\"og:image:type\" content=\"image\/jpeg\" \/>\n<meta name=\"twitter:card\" content=\"summary_large_image\" \/>\n<script type=\"application\/ld+json\" class=\"yoast-schema-graph\">{\"@context\":\"https:\/\/schema.org\",\"@graph\":[{\"@type\":\"WebPage\",\"@id\":\"https:\/\/kortleksbolaget.se\/en\/product\/glider-back-v2\/\",\"url\":\"https:\/\/kortleksbolaget.se\/en\/product\/glider-back-v2\/\",\"name\":\"Kortlek Glider Back V2 | Kortleksbolaget\",\"isPartOf\":{\"@id\":\"https:\/\/kortleksbolaget.se\/en\/#website\"},\"primaryImageOfPage\":{\"@id\":\"https:\/\/kortleksbolaget.se\/en\/product\/glider-back-v2\/#primaryimage\"},\"image\":{\"@id\":\"https:\/\/kortleksbolaget.se\/en\/product\/glider-back-v2\/#primaryimage\"},\"thumbnailUrl\":\"https:\/\/kortleksbolaget.se\/wp-content\/uploads\/glider-back-v2.jpg\",\"datePublished\":\"2022-07-31T16:27:12+00:00\",\"dateModified\":\"2022-07-31T16:28:30+00:00\",\"description\":\"K\u00f6p Glider Back V2. Snabba leveranser & bra priser. Sveriges st\u00f6rsta sortiment av kortlekar p\u00e5 Kortleksbolaget!\",\"breadcrumb\":{\"@id\":\"https:\/\/kortleksbolaget.se\/en\/product\/glider-back-v2\/#breadcrumb\"},\"inLanguage\":\"en-US\",\"potentialAction\":[{\"@type\":\"ReadAction\",\"target\":[\"https:\/\/kortleksbolaget.se\/en\/product\/glider-back-v2\/\"]}]},{\"@type\":\"ImageObject\",\"inLanguage\":\"en-US\",\"@id\":\"https:\/\/kortleksbolaget.se\/en\/product\/glider-back-v2\/#primaryimage\",\"url\":\"https:\/\/kortleksbolaget.se\/wp-content\/uploads\/glider-back-v2.jpg\",\"contentUrl\":\"https:\/\/kortleksbolaget.se\/wp-content\/uploads\/glider-back-v2.jpg\",\"width\":542,\"height\":813},{\"@type\":\"BreadcrumbList\",\"@id\":\"https:\/\/kortleksbolaget.se\/en\/product\/glider-back-v2\/#breadcrumb\",\"itemListElement\":[{\"@type\":\"ListItem\",\"position\":1,\"name\":\"Hem\",\"item\":\"https:\/\/kortleksbolaget.se\/en\/\"},{\"@type\":\"ListItem\",\"position\":2,\"name\":\"All products\",\"item\":\"https:\/\/kortleksbolaget.se\/en\/shop\/\"},{\"@type\":\"ListItem\",\"position\":3,\"name\":\"Glider Back V2\"}]},{\"@type\":\"WebSite\",\"@id\":\"https:\/\/kortleksbolaget.se\/en\/#website\",\"url\":\"https:\/\/kortleksbolaget.se\/en\/\",\"name\":\"Kortleksbolaget\",\"description\":\"Kortlekar p\u00e5 n\u00e4tet\",\"publisher\":{\"@id\":\"https:\/\/kortleksbolaget.se\/en\/#organization\"},\"potentialAction\":[{\"@type\":\"SearchAction\",\"target\":{\"@type\":\"EntryPoint\",\"urlTemplate\":\"https:\/\/kortleksbolaget.se\/en\/?s={search_term_string}\"},\"query-input\":{\"@type\":\"PropertyValueSpecification\",\"valueRequired\":true,\"valueName\":\"search_term_string\"}}],\"inLanguage\":\"en-US\"},{\"@type\":\"Organization\",\"@id\":\"https:\/\/kortleksbolaget.se\/en\/#organization\",\"name\":\"Kortleksbolaget\",\"url\":\"https:\/\/kortleksbolaget.se\/en\/\",\"logo\":{\"@type\":\"ImageObject\",\"inLanguage\":\"en-US\",\"@id\":\"https:\/\/kortleksbolaget.se\/en\/#\/schema\/logo\/image\/\",\"url\":\"https:\/\/kortleksbolaget.se\/wp-content\/uploads\/kortleksbolaget_logo-svart.png\",\"contentUrl\":\"https:\/\/kortleksbolaget.se\/wp-content\/uploads\/kortleksbolaget_logo-svart.png\",\"width\":1200,\"height\":296,\"caption\":\"Kortleksbolaget\"},\"image\":{\"@id\":\"https:\/\/kortleksbolaget.se\/en\/#\/schema\/logo\/image\/\"}}]}<\/script>\n<!-- \/ Yoast SEO plugin. -->","yoast_head_json":{"title":"Kortlek Glider Back V2 | Kortleksbolaget","description":"K\u00f6p Glider Back V2. Snabba leveranser & bra priser. Sveriges st\u00f6rsta sortiment av kortlekar p\u00e5 Kortleksbolaget!","robots":{"index":"index","follow":"follow","max-snippet":"max-snippet:-1","max-image-preview":"max-image-preview:large","max-video-preview":"max-video-preview:-1"},"canonical":"https:\/\/kortleksbolaget.se\/en\/product\/glider-back-v2\/","og_locale":"en_US","og_type":"article","og_title":"Kortlek Glider Back V2 | Kortleksbolaget","og_description":"K\u00f6p Glider Back V2. Snabba leveranser & bra priser. Sveriges st\u00f6rsta sortiment av kortlekar p\u00e5 Kortleksbolaget!","og_url":"https:\/\/kortleksbolaget.se\/en\/product\/glider-back-v2\/","og_site_name":"Kortleksbolaget","article_modified_time":"2022-07-31T16:28:30+00:00","og_image":[{"width":542,"height":813,"url":"https:\/\/kortleksbolaget.se\/wp-content\/uploads\/glider-back-v2.jpg","type":"image\/jpeg"}],"twitter_card":"summary_large_image","schema":{"@context":"https:\/\/schema.org","@graph":[{"@type":"WebPage","@id":"https:\/\/kortleksbolaget.se\/en\/product\/glider-back-v2\/","url":"https:\/\/kortleksbolaget.se\/en\/product\/glider-back-v2\/","name":"Kortlek Glider Back V2 | Kortleksbolaget","isPartOf":{"@id":"https:\/\/kortleksbolaget.se\/en\/#website"},"primaryImageOfPage":{"@id":"https:\/\/kortleksbolaget.se\/en\/product\/glider-back-v2\/#primaryimage"},"image":{"@id":"https:\/\/kortleksbolaget.se\/en\/product\/glider-back-v2\/#primaryimage"},"thumbnailUrl":"https:\/\/kortleksbolaget.se\/wp-content\/uploads\/glider-back-v2.jpg","datePublished":"2022-07-31T16:27:12+00:00","dateModified":"2022-07-31T16:28:30+00:00","description":"K\u00f6p Glider Back V2. Snabba leveranser & bra priser. Sveriges st\u00f6rsta sortiment av kortlekar p\u00e5 Kortleksbolaget!","breadcrumb":{"@id":"https:\/\/kortleksbolaget.se\/en\/product\/glider-back-v2\/#breadcrumb"},"inLanguage":"en-US","potentialAction":[{"@type":"ReadAction","target":["https:\/\/kortleksbolaget.se\/en\/product\/glider-back-v2\/"]}]},{"@type":"ImageObject","inLanguage":"en-US","@id":"https:\/\/kortleksbolaget.se\/en\/product\/glider-back-v2\/#primaryimage","url":"https:\/\/kortleksbolaget.se\/wp-content\/uploads\/glider-back-v2.jpg","contentUrl":"https:\/\/kortleksbolaget.se\/wp-content\/uploads\/glider-back-v2.jpg","width":542,"height":813},{"@type":"BreadcrumbList","@id":"https:\/\/kortleksbolaget.se\/en\/product\/glider-back-v2\/#breadcrumb","itemListElement":[{"@type":"ListItem","position":1,"name":"Hem","item":"https:\/\/kortleksbolaget.se\/en\/"},{"@type":"ListItem","position":2,"name":"All products","item":"https:\/\/kortleksbolaget.se\/en\/shop\/"},{"@type":"ListItem","position":3,"name":"Glider Back V2"}]},{"@type":"WebSite","@id":"https:\/\/kortleksbolaget.se\/en\/#website","url":"https:\/\/kortleksbolaget.se\/en\/","name":"Kortleksbolaget","description":"Kortlekar p\u00e5 n\u00e4tet","publisher":{"@id":"https:\/\/kortleksbolaget.se\/en\/#organization"},"potentialAction":[{"@type":"SearchAction","target":{"@type":"EntryPoint","urlTemplate":"https:\/\/kortleksbolaget.se\/en\/?s={search_term_string}"},"query-input":{"@type":"PropertyValueSpecification","valueRequired":true,"valueName":"search_term_string"}}],"inLanguage":"en-US"},{"@type":"Organization","@id":"https:\/\/kortleksbolaget.se\/en\/#organization","name":"Kortleksbolaget","url":"https:\/\/kortleksbolaget.se\/en\/","logo":{"@type":"ImageObject","inLanguage":"en-US","@id":"https:\/\/kortleksbolaget.se\/en\/#\/schema\/logo\/image\/","url":"https:\/\/kortleksbolaget.se\/wp-content\/uploads\/kortleksbolaget_logo-svart.png","contentUrl":"https:\/\/kortleksbolaget.se\/wp-content\/uploads\/kortleksbolaget_logo-svart.png","width":1200,"height":296,"caption":"Kortleksbolaget"},"image":{"@id":"https:\/\/kortleksbolaget.se\/en\/#\/schema\/logo\/image\/"}}]}},"_links":{"self":[{"href":"https:\/\/kortleksbolaget.se\/en\/wp-json\/wp\/v2\/product\/92298","targetHints":{"allow":["GET"]}}],"collection":[{"href":"https:\/\/kortleksbolaget.se\/en\/wp-json\/wp\/v2\/product"}],"about":[{"href":"https:\/\/kortleksbolaget.se\/en\/wp-json\/wp\/v2\/types\/product"}],"wp:featuredmedia":[{"embeddable":true,"href":"https:\/\/kortleksbolaget.se\/en\/wp-json\/wp\/v2\/media\/92289"}],"wp:attachment":[{"href":"https:\/\/kortleksbolaget.se\/en\/wp-json\/wp\/v2\/media?parent=92298"}],"wp:term":[{"taxonomy":"product_brand","embeddable":true,"href":"https:\/\/kortleksbolaget.se\/en\/wp-json\/wp\/v2\/product_brand?post=92298"},{"taxonomy":"product_cat","embeddable":true,"href":"https:\/\/kortleksbolaget.se\/en\/wp-json\/wp\/v2\/product_cat?post=92298"},{"taxonomy":"product_tag","embeddable":true,"href":"https:\/\/kortleksbolaget.se\/en\/wp-json\/wp\/v2\/product_tag?post=92298"}],"curies":[{"name":"wp","href":"https:\/\/api.w.org\/{rel}","templated":true}]}}