{"id":93633,"date":"2022-08-12T17:52:43","date_gmt":"2022-08-12T15:52:43","guid":{"rendered":"https:\/\/kortleksbolaget.se\/produkt\/summer-noc-pro-sunrise-teal\/"},"modified":"2022-08-26T13:38:01","modified_gmt":"2022-08-26T11:38:01","slug":"summer-noc-pro-sunrise-teal","status":"publish","type":"product","link":"https:\/\/kortleksbolaget.se\/en\/product\/summer-noc-pro-sunrise-teal\/","title":{"rendered":"Summer NOC Pro Sunrise Teal"},"content":{"rendered":"","protected":false},"excerpt":{"rendered":"<div id=\"tw-target-text-container\" class=\"tw-ta-container F0azHf tw-nfl\" tabindex=\"0\">\n<p class=\"tw-data-text tw-text-large tw-ta\" dir=\"ltr\" data-placeholder=\"\u00d6vers\u00e4ttning\"><span class=\"Y2IQFc\" lang=\"sv\"><b>Summer NOC Pros &#8211; The PERFECT summer deck! 2 NEW Epic Color-ways + a limited one. FULLY Marked.<\/b><\/p>\n<p>For nearly 10 years the NOC brand has been the top custom deck choice for magicians, cardists and card collectors all around the world. <i>Millions of decks<\/i> sold over in over 100 unique variations.<\/p>\n<p>We have upgraded everything about the NOC decks to create what we believe to be the perfect deck of cards. Our famous minimal back design has been upgraded with an added inner border that brings an elegant vibe to a simplistic deck.<\/p>\n<p>Summer NOC Pros come in 2 stunning color variations: Sunrise Teal, Sunset Orange.<\/p>\n<p><b>THIS DECK IS FULLY MARKED FOR SUIT AND VALUE<\/b> &#8211; Since 2012, our NOC Original back design has been secretly marked for suit. Today we are excited to present to you a <b><i>FULLY MARKED system<\/i><\/b> (for both suit and value) on our minimal back design.<b><\/b><\/span><\/p>\n<ul>\n<li>Printed to perfection by The United States Playing Cards Company<\/li>\n<li>Bicycle Premium Stock with Air-Cushion Finish<\/li>\n<\/ul>\n<\/div>\n<div id=\"tw-target-rmn-container\" class=\"tw-target-rmn tw-ta-container F0azHf tw-nfl\">\n<pre id=\"tw-target-rmn\" class=\"tw-data-placeholder tw-text-small tw-ta\" dir=\"ltr\" data-placeholder=\"\"><\/pre>\n<\/div>\n<p> [&#8230;]<\/p>\n<p><a class=\"btn btn-secondary understrap-read-more-link\" href=\"https:\/\/kortleksbolaget.se\/en\/product\/summer-noc-pro-sunrise-teal\/\">Read More&#8230;<span class=\"screen-reader-text\"> from Summer NOC Pro Sunrise Teal<\/span><\/a><\/p>\n","protected":false},"featured_media":93624,"template":"","meta":{"_acf_changed":false},"product_brand":[],"product_cat":[75],"product_tag":[],"class_list":{"0":"post-93633","1":"product","2":"type-product","3":"status-publish","4":"has-post-thumbnail","6":"varumarke-uspcc-en","7":"product_cat-special-lyx-limited-en","9":"first","10":"outofstock","11":"taxable","12":"shipping-taxable","13":"purchasable","14":"product-type-simple"},"acf":[],"yoast_head":"<!-- This site is optimized with the Yoast SEO plugin v26.3 - https:\/\/yoast.com\/wordpress\/plugins\/seo\/ -->\n<title>Kortlek Summer NOC Pro Sunrise Teal | Kortleksbolaget<\/title>\n<meta name=\"description\" content=\"K\u00f6p Summer NOC Pro Sunrise Teal. Snabba leveranser &amp; bra priser. Sveriges st\u00f6rsta sortiment av kortlekar p\u00e5 Kortleksbolaget!\" \/>\n<meta name=\"robots\" content=\"index, follow, max-snippet:-1, max-image-preview:large, max-video-preview:-1\" \/>\n<link rel=\"canonical\" href=\"https:\/\/kortleksbolaget.se\/en\/product\/summer-noc-pro-sunrise-teal\/\" \/>\n<meta property=\"og:locale\" content=\"en_US\" \/>\n<meta property=\"og:type\" content=\"article\" \/>\n<meta property=\"og:title\" content=\"Kortlek Summer NOC Pro Sunrise Teal | Kortleksbolaget\" \/>\n<meta property=\"og:description\" content=\"K\u00f6p Summer NOC Pro Sunrise Teal. Snabba leveranser &amp; bra priser. Sveriges st\u00f6rsta sortiment av kortlekar p\u00e5 Kortleksbolaget!\" \/>\n<meta property=\"og:url\" content=\"https:\/\/kortleksbolaget.se\/en\/product\/summer-noc-pro-sunrise-teal\/\" \/>\n<meta property=\"og:site_name\" content=\"Kortleksbolaget\" \/>\n<meta property=\"article:modified_time\" content=\"2022-08-26T11:38:01+00:00\" \/>\n<meta property=\"og:image\" content=\"https:\/\/kortleksbolaget.se\/wp-content\/uploads\/summer-noc-teal-pro.jpg\" \/>\n\t<meta property=\"og:image:width\" content=\"547\" \/>\n\t<meta property=\"og:image:height\" content=\"821\" \/>\n\t<meta property=\"og:image:type\" content=\"image\/jpeg\" \/>\n<meta name=\"twitter:card\" content=\"summary_large_image\" \/>\n<script type=\"application\/ld+json\" class=\"yoast-schema-graph\">{\"@context\":\"https:\/\/schema.org\",\"@graph\":[{\"@type\":\"WebPage\",\"@id\":\"https:\/\/kortleksbolaget.se\/en\/product\/summer-noc-pro-sunrise-teal\/\",\"url\":\"https:\/\/kortleksbolaget.se\/en\/product\/summer-noc-pro-sunrise-teal\/\",\"name\":\"Kortlek Summer NOC Pro Sunrise Teal | Kortleksbolaget\",\"isPartOf\":{\"@id\":\"https:\/\/kortleksbolaget.se\/en\/#website\"},\"primaryImageOfPage\":{\"@id\":\"https:\/\/kortleksbolaget.se\/en\/product\/summer-noc-pro-sunrise-teal\/#primaryimage\"},\"image\":{\"@id\":\"https:\/\/kortleksbolaget.se\/en\/product\/summer-noc-pro-sunrise-teal\/#primaryimage\"},\"thumbnailUrl\":\"https:\/\/kortleksbolaget.se\/wp-content\/uploads\/summer-noc-teal-pro.jpg\",\"datePublished\":\"2022-08-12T15:52:43+00:00\",\"dateModified\":\"2022-08-26T11:38:01+00:00\",\"description\":\"K\u00f6p Summer NOC Pro Sunrise Teal. Snabba leveranser & bra priser. Sveriges st\u00f6rsta sortiment av kortlekar p\u00e5 Kortleksbolaget!\",\"breadcrumb\":{\"@id\":\"https:\/\/kortleksbolaget.se\/en\/product\/summer-noc-pro-sunrise-teal\/#breadcrumb\"},\"inLanguage\":\"en-US\",\"potentialAction\":[{\"@type\":\"ReadAction\",\"target\":[\"https:\/\/kortleksbolaget.se\/en\/product\/summer-noc-pro-sunrise-teal\/\"]}]},{\"@type\":\"ImageObject\",\"inLanguage\":\"en-US\",\"@id\":\"https:\/\/kortleksbolaget.se\/en\/product\/summer-noc-pro-sunrise-teal\/#primaryimage\",\"url\":\"https:\/\/kortleksbolaget.se\/wp-content\/uploads\/summer-noc-teal-pro.jpg\",\"contentUrl\":\"https:\/\/kortleksbolaget.se\/wp-content\/uploads\/summer-noc-teal-pro.jpg\",\"width\":547,\"height\":821},{\"@type\":\"BreadcrumbList\",\"@id\":\"https:\/\/kortleksbolaget.se\/en\/product\/summer-noc-pro-sunrise-teal\/#breadcrumb\",\"itemListElement\":[{\"@type\":\"ListItem\",\"position\":1,\"name\":\"Hem\",\"item\":\"https:\/\/kortleksbolaget.se\/en\/\"},{\"@type\":\"ListItem\",\"position\":2,\"name\":\"All products\",\"item\":\"https:\/\/kortleksbolaget.se\/en\/shop\/\"},{\"@type\":\"ListItem\",\"position\":3,\"name\":\"Summer NOC Pro Sunrise Teal\"}]},{\"@type\":\"WebSite\",\"@id\":\"https:\/\/kortleksbolaget.se\/en\/#website\",\"url\":\"https:\/\/kortleksbolaget.se\/en\/\",\"name\":\"Kortleksbolaget\",\"description\":\"Kortlekar p\u00e5 n\u00e4tet\",\"publisher\":{\"@id\":\"https:\/\/kortleksbolaget.se\/en\/#organization\"},\"potentialAction\":[{\"@type\":\"SearchAction\",\"target\":{\"@type\":\"EntryPoint\",\"urlTemplate\":\"https:\/\/kortleksbolaget.se\/en\/?s={search_term_string}\"},\"query-input\":{\"@type\":\"PropertyValueSpecification\",\"valueRequired\":true,\"valueName\":\"search_term_string\"}}],\"inLanguage\":\"en-US\"},{\"@type\":\"Organization\",\"@id\":\"https:\/\/kortleksbolaget.se\/en\/#organization\",\"name\":\"Kortleksbolaget\",\"url\":\"https:\/\/kortleksbolaget.se\/en\/\",\"logo\":{\"@type\":\"ImageObject\",\"inLanguage\":\"en-US\",\"@id\":\"https:\/\/kortleksbolaget.se\/en\/#\/schema\/logo\/image\/\",\"url\":\"https:\/\/kortleksbolaget.se\/wp-content\/uploads\/kortleksbolaget_logo-svart.png\",\"contentUrl\":\"https:\/\/kortleksbolaget.se\/wp-content\/uploads\/kortleksbolaget_logo-svart.png\",\"width\":1200,\"height\":296,\"caption\":\"Kortleksbolaget\"},\"image\":{\"@id\":\"https:\/\/kortleksbolaget.se\/en\/#\/schema\/logo\/image\/\"}}]}<\/script>\n<!-- \/ Yoast SEO plugin. -->","yoast_head_json":{"title":"Kortlek Summer NOC Pro Sunrise Teal | Kortleksbolaget","description":"K\u00f6p Summer NOC Pro Sunrise Teal. Snabba leveranser & bra priser. Sveriges st\u00f6rsta sortiment av kortlekar p\u00e5 Kortleksbolaget!","robots":{"index":"index","follow":"follow","max-snippet":"max-snippet:-1","max-image-preview":"max-image-preview:large","max-video-preview":"max-video-preview:-1"},"canonical":"https:\/\/kortleksbolaget.se\/en\/product\/summer-noc-pro-sunrise-teal\/","og_locale":"en_US","og_type":"article","og_title":"Kortlek Summer NOC Pro Sunrise Teal | Kortleksbolaget","og_description":"K\u00f6p Summer NOC Pro Sunrise Teal. Snabba leveranser & bra priser. Sveriges st\u00f6rsta sortiment av kortlekar p\u00e5 Kortleksbolaget!","og_url":"https:\/\/kortleksbolaget.se\/en\/product\/summer-noc-pro-sunrise-teal\/","og_site_name":"Kortleksbolaget","article_modified_time":"2022-08-26T11:38:01+00:00","og_image":[{"width":547,"height":821,"url":"https:\/\/kortleksbolaget.se\/wp-content\/uploads\/summer-noc-teal-pro.jpg","type":"image\/jpeg"}],"twitter_card":"summary_large_image","schema":{"@context":"https:\/\/schema.org","@graph":[{"@type":"WebPage","@id":"https:\/\/kortleksbolaget.se\/en\/product\/summer-noc-pro-sunrise-teal\/","url":"https:\/\/kortleksbolaget.se\/en\/product\/summer-noc-pro-sunrise-teal\/","name":"Kortlek Summer NOC Pro Sunrise Teal | Kortleksbolaget","isPartOf":{"@id":"https:\/\/kortleksbolaget.se\/en\/#website"},"primaryImageOfPage":{"@id":"https:\/\/kortleksbolaget.se\/en\/product\/summer-noc-pro-sunrise-teal\/#primaryimage"},"image":{"@id":"https:\/\/kortleksbolaget.se\/en\/product\/summer-noc-pro-sunrise-teal\/#primaryimage"},"thumbnailUrl":"https:\/\/kortleksbolaget.se\/wp-content\/uploads\/summer-noc-teal-pro.jpg","datePublished":"2022-08-12T15:52:43+00:00","dateModified":"2022-08-26T11:38:01+00:00","description":"K\u00f6p Summer NOC Pro Sunrise Teal. Snabba leveranser & bra priser. Sveriges st\u00f6rsta sortiment av kortlekar p\u00e5 Kortleksbolaget!","breadcrumb":{"@id":"https:\/\/kortleksbolaget.se\/en\/product\/summer-noc-pro-sunrise-teal\/#breadcrumb"},"inLanguage":"en-US","potentialAction":[{"@type":"ReadAction","target":["https:\/\/kortleksbolaget.se\/en\/product\/summer-noc-pro-sunrise-teal\/"]}]},{"@type":"ImageObject","inLanguage":"en-US","@id":"https:\/\/kortleksbolaget.se\/en\/product\/summer-noc-pro-sunrise-teal\/#primaryimage","url":"https:\/\/kortleksbolaget.se\/wp-content\/uploads\/summer-noc-teal-pro.jpg","contentUrl":"https:\/\/kortleksbolaget.se\/wp-content\/uploads\/summer-noc-teal-pro.jpg","width":547,"height":821},{"@type":"BreadcrumbList","@id":"https:\/\/kortleksbolaget.se\/en\/product\/summer-noc-pro-sunrise-teal\/#breadcrumb","itemListElement":[{"@type":"ListItem","position":1,"name":"Hem","item":"https:\/\/kortleksbolaget.se\/en\/"},{"@type":"ListItem","position":2,"name":"All products","item":"https:\/\/kortleksbolaget.se\/en\/shop\/"},{"@type":"ListItem","position":3,"name":"Summer NOC Pro Sunrise Teal"}]},{"@type":"WebSite","@id":"https:\/\/kortleksbolaget.se\/en\/#website","url":"https:\/\/kortleksbolaget.se\/en\/","name":"Kortleksbolaget","description":"Kortlekar p\u00e5 n\u00e4tet","publisher":{"@id":"https:\/\/kortleksbolaget.se\/en\/#organization"},"potentialAction":[{"@type":"SearchAction","target":{"@type":"EntryPoint","urlTemplate":"https:\/\/kortleksbolaget.se\/en\/?s={search_term_string}"},"query-input":{"@type":"PropertyValueSpecification","valueRequired":true,"valueName":"search_term_string"}}],"inLanguage":"en-US"},{"@type":"Organization","@id":"https:\/\/kortleksbolaget.se\/en\/#organization","name":"Kortleksbolaget","url":"https:\/\/kortleksbolaget.se\/en\/","logo":{"@type":"ImageObject","inLanguage":"en-US","@id":"https:\/\/kortleksbolaget.se\/en\/#\/schema\/logo\/image\/","url":"https:\/\/kortleksbolaget.se\/wp-content\/uploads\/kortleksbolaget_logo-svart.png","contentUrl":"https:\/\/kortleksbolaget.se\/wp-content\/uploads\/kortleksbolaget_logo-svart.png","width":1200,"height":296,"caption":"Kortleksbolaget"},"image":{"@id":"https:\/\/kortleksbolaget.se\/en\/#\/schema\/logo\/image\/"}}]}},"_links":{"self":[{"href":"https:\/\/kortleksbolaget.se\/en\/wp-json\/wp\/v2\/product\/93633","targetHints":{"allow":["GET"]}}],"collection":[{"href":"https:\/\/kortleksbolaget.se\/en\/wp-json\/wp\/v2\/product"}],"about":[{"href":"https:\/\/kortleksbolaget.se\/en\/wp-json\/wp\/v2\/types\/product"}],"wp:featuredmedia":[{"embeddable":true,"href":"https:\/\/kortleksbolaget.se\/en\/wp-json\/wp\/v2\/media\/93624"}],"wp:attachment":[{"href":"https:\/\/kortleksbolaget.se\/en\/wp-json\/wp\/v2\/media?parent=93633"}],"wp:term":[{"taxonomy":"product_brand","embeddable":true,"href":"https:\/\/kortleksbolaget.se\/en\/wp-json\/wp\/v2\/product_brand?post=93633"},{"taxonomy":"product_cat","embeddable":true,"href":"https:\/\/kortleksbolaget.se\/en\/wp-json\/wp\/v2\/product_cat?post=93633"},{"taxonomy":"product_tag","embeddable":true,"href":"https:\/\/kortleksbolaget.se\/en\/wp-json\/wp\/v2\/product_tag?post=93633"}],"curies":[{"name":"wp","href":"https:\/\/api.w.org\/{rel}","templated":true}]}}