{"id":95794,"date":"2022-08-31T20:01:59","date_gmt":"2022-08-31T18:01:59","guid":{"rendered":"https:\/\/kortleksbolaget.se\/produkt\/stronghold-natural-special-edition\/"},"modified":"2022-08-31T20:03:17","modified_gmt":"2022-08-31T18:03:17","slug":"stronghold-natural-special-edition","status":"publish","type":"product","link":"https:\/\/kortleksbolaget.se\/en\/product\/stronghold-natural-special-edition\/","title":{"rendered":"Stronghold Natural Special Edition"},"content":{"rendered":"","protected":false},"excerpt":{"rendered":"<p>Following the success of our first Stronghold XXMM campaign, we have received many requests from our fans to create a new edition that shows the most spiritual aspect of the Knights Templar.<\/p>\n<p>GAMBLER&#8217;S WAREHOUSE is proud to present this new edition designed by SHAPESHIFTERS: <b>STRONGHOLD NATURAL<\/b>, a delicate deck that respects tradition cards but with a modern and elegant touch.<\/p>\n<p>For centuries, the Knights Templar have been the great defenders of the Holy Grail, the chalice used in the Last Supper Jesus shared with his apostles. These holy warriors have defended with their lives the constant attempts to steal the sacred object full of mysterious magical properties.<\/p>\n<p>But the order of the Templars has disappeared and, with it, the secret of the Grail&#8217;s whereabouts. Four great kingdoms fight to get it and do not hesitate to turn historical quarrels into real bloodshed battles.<\/p>\n<p>The purity of the knight spirit is reflected in a white background back where the cross and the sword, symbols from the Templar imagery, are depicted in silver and red in an elaborate symmetrical composition. That symbology is also present in both Jokers.<\/p>\n<p>Oversized aces, perfectly identifiable for game or magic, but fully customized with detailed patterns.<\/p>\n<p>The traditional structure has also been kept in the numbered cards and in the poses of the court characters. Kings, queens and knights with their armor are ready for the fight. The delicacy of the details creates stylized illustrations full of beauty. A new color scheme with more subtle hues softens compositions.<\/p>\n<p>The special edition tuck box would have 4 different foils on the outside with embossing &amp; 2 foils on the interior of tuck box to give it a superior look and a special tuck box for collectors. [&#8230;]<\/p>\n<p><a class=\"btn btn-secondary understrap-read-more-link\" href=\"https:\/\/kortleksbolaget.se\/en\/product\/stronghold-natural-special-edition\/\">Read More&#8230;<span class=\"screen-reader-text\"> from Stronghold Natural Special Edition<\/span><\/a><\/p>\n","protected":false},"featured_media":95785,"template":"","meta":{"_acf_changed":false},"product_brand":[],"product_cat":[75],"product_tag":[],"class_list":{"0":"post-95794","1":"product","2":"type-product","3":"status-publish","4":"has-post-thumbnail","6":"product_cat-special-lyx-limited-en","8":"first","9":"instock","10":"taxable","11":"shipping-taxable","12":"purchasable","13":"product-type-simple"},"acf":[],"yoast_head":"<!-- This site is optimized with the Yoast SEO plugin v26.3 - https:\/\/yoast.com\/wordpress\/plugins\/seo\/ -->\n<title>Kortlek Stronghold Natural Special Edition | Kortleksbolaget<\/title>\n<meta name=\"description\" content=\"K\u00f6p Stronghold Natural Special Edition. Snabba leveranser &amp; bra priser. Sveriges st\u00f6rsta sortiment av kortlekar p\u00e5 Kortleksbolaget!\" \/>\n<meta name=\"robots\" content=\"index, follow, max-snippet:-1, max-image-preview:large, max-video-preview:-1\" \/>\n<link rel=\"canonical\" href=\"https:\/\/kortleksbolaget.se\/en\/product\/stronghold-natural-special-edition\/\" \/>\n<meta property=\"og:locale\" content=\"en_US\" \/>\n<meta property=\"og:type\" content=\"article\" \/>\n<meta property=\"og:title\" content=\"Kortlek Stronghold Natural Special Edition | Kortleksbolaget\" \/>\n<meta property=\"og:description\" content=\"K\u00f6p Stronghold Natural Special Edition. Snabba leveranser &amp; bra priser. Sveriges st\u00f6rsta sortiment av kortlekar p\u00e5 Kortleksbolaget!\" \/>\n<meta property=\"og:url\" content=\"https:\/\/kortleksbolaget.se\/en\/product\/stronghold-natural-special-edition\/\" \/>\n<meta property=\"og:site_name\" content=\"Kortleksbolaget\" \/>\n<meta property=\"article:modified_time\" content=\"2022-08-31T18:03:17+00:00\" \/>\n<meta property=\"og:image\" content=\"https:\/\/kortleksbolaget.se\/wp-content\/uploads\/stronghold-natural-special-limited-1.jpg\" \/>\n\t<meta property=\"og:image:width\" content=\"496\" \/>\n\t<meta property=\"og:image:height\" content=\"744\" \/>\n\t<meta property=\"og:image:type\" content=\"image\/jpeg\" \/>\n<meta name=\"twitter:card\" content=\"summary_large_image\" \/>\n<script type=\"application\/ld+json\" class=\"yoast-schema-graph\">{\"@context\":\"https:\/\/schema.org\",\"@graph\":[{\"@type\":\"WebPage\",\"@id\":\"https:\/\/kortleksbolaget.se\/en\/product\/stronghold-natural-special-edition\/\",\"url\":\"https:\/\/kortleksbolaget.se\/en\/product\/stronghold-natural-special-edition\/\",\"name\":\"Kortlek Stronghold Natural Special Edition | Kortleksbolaget\",\"isPartOf\":{\"@id\":\"https:\/\/kortleksbolaget.se\/en\/#website\"},\"primaryImageOfPage\":{\"@id\":\"https:\/\/kortleksbolaget.se\/en\/product\/stronghold-natural-special-edition\/#primaryimage\"},\"image\":{\"@id\":\"https:\/\/kortleksbolaget.se\/en\/product\/stronghold-natural-special-edition\/#primaryimage\"},\"thumbnailUrl\":\"https:\/\/kortleksbolaget.se\/wp-content\/uploads\/stronghold-natural-special-limited-1.jpg\",\"datePublished\":\"2022-08-31T18:01:59+00:00\",\"dateModified\":\"2022-08-31T18:03:17+00:00\",\"description\":\"K\u00f6p Stronghold Natural Special Edition. Snabba leveranser & bra priser. Sveriges st\u00f6rsta sortiment av kortlekar p\u00e5 Kortleksbolaget!\",\"breadcrumb\":{\"@id\":\"https:\/\/kortleksbolaget.se\/en\/product\/stronghold-natural-special-edition\/#breadcrumb\"},\"inLanguage\":\"en-US\",\"potentialAction\":[{\"@type\":\"ReadAction\",\"target\":[\"https:\/\/kortleksbolaget.se\/en\/product\/stronghold-natural-special-edition\/\"]}]},{\"@type\":\"ImageObject\",\"inLanguage\":\"en-US\",\"@id\":\"https:\/\/kortleksbolaget.se\/en\/product\/stronghold-natural-special-edition\/#primaryimage\",\"url\":\"https:\/\/kortleksbolaget.se\/wp-content\/uploads\/stronghold-natural-special-limited-1.jpg\",\"contentUrl\":\"https:\/\/kortleksbolaget.se\/wp-content\/uploads\/stronghold-natural-special-limited-1.jpg\",\"width\":496,\"height\":744},{\"@type\":\"BreadcrumbList\",\"@id\":\"https:\/\/kortleksbolaget.se\/en\/product\/stronghold-natural-special-edition\/#breadcrumb\",\"itemListElement\":[{\"@type\":\"ListItem\",\"position\":1,\"name\":\"Hem\",\"item\":\"https:\/\/kortleksbolaget.se\/en\/\"},{\"@type\":\"ListItem\",\"position\":2,\"name\":\"All products\",\"item\":\"https:\/\/kortleksbolaget.se\/en\/shop\/\"},{\"@type\":\"ListItem\",\"position\":3,\"name\":\"Stronghold Natural Special Edition\"}]},{\"@type\":\"WebSite\",\"@id\":\"https:\/\/kortleksbolaget.se\/en\/#website\",\"url\":\"https:\/\/kortleksbolaget.se\/en\/\",\"name\":\"Kortleksbolaget\",\"description\":\"Kortlekar p\u00e5 n\u00e4tet\",\"publisher\":{\"@id\":\"https:\/\/kortleksbolaget.se\/en\/#organization\"},\"potentialAction\":[{\"@type\":\"SearchAction\",\"target\":{\"@type\":\"EntryPoint\",\"urlTemplate\":\"https:\/\/kortleksbolaget.se\/en\/?s={search_term_string}\"},\"query-input\":{\"@type\":\"PropertyValueSpecification\",\"valueRequired\":true,\"valueName\":\"search_term_string\"}}],\"inLanguage\":\"en-US\"},{\"@type\":\"Organization\",\"@id\":\"https:\/\/kortleksbolaget.se\/en\/#organization\",\"name\":\"Kortleksbolaget\",\"url\":\"https:\/\/kortleksbolaget.se\/en\/\",\"logo\":{\"@type\":\"ImageObject\",\"inLanguage\":\"en-US\",\"@id\":\"https:\/\/kortleksbolaget.se\/en\/#\/schema\/logo\/image\/\",\"url\":\"https:\/\/kortleksbolaget.se\/wp-content\/uploads\/kortleksbolaget_logo-svart.png\",\"contentUrl\":\"https:\/\/kortleksbolaget.se\/wp-content\/uploads\/kortleksbolaget_logo-svart.png\",\"width\":1200,\"height\":296,\"caption\":\"Kortleksbolaget\"},\"image\":{\"@id\":\"https:\/\/kortleksbolaget.se\/en\/#\/schema\/logo\/image\/\"}}]}<\/script>\n<!-- \/ Yoast SEO plugin. -->","yoast_head_json":{"title":"Kortlek Stronghold Natural Special Edition | Kortleksbolaget","description":"K\u00f6p Stronghold Natural Special Edition. Snabba leveranser & bra priser. Sveriges st\u00f6rsta sortiment av kortlekar p\u00e5 Kortleksbolaget!","robots":{"index":"index","follow":"follow","max-snippet":"max-snippet:-1","max-image-preview":"max-image-preview:large","max-video-preview":"max-video-preview:-1"},"canonical":"https:\/\/kortleksbolaget.se\/en\/product\/stronghold-natural-special-edition\/","og_locale":"en_US","og_type":"article","og_title":"Kortlek Stronghold Natural Special Edition | Kortleksbolaget","og_description":"K\u00f6p Stronghold Natural Special Edition. Snabba leveranser & bra priser. Sveriges st\u00f6rsta sortiment av kortlekar p\u00e5 Kortleksbolaget!","og_url":"https:\/\/kortleksbolaget.se\/en\/product\/stronghold-natural-special-edition\/","og_site_name":"Kortleksbolaget","article_modified_time":"2022-08-31T18:03:17+00:00","og_image":[{"width":496,"height":744,"url":"https:\/\/kortleksbolaget.se\/wp-content\/uploads\/stronghold-natural-special-limited-1.jpg","type":"image\/jpeg"}],"twitter_card":"summary_large_image","schema":{"@context":"https:\/\/schema.org","@graph":[{"@type":"WebPage","@id":"https:\/\/kortleksbolaget.se\/en\/product\/stronghold-natural-special-edition\/","url":"https:\/\/kortleksbolaget.se\/en\/product\/stronghold-natural-special-edition\/","name":"Kortlek Stronghold Natural Special Edition | Kortleksbolaget","isPartOf":{"@id":"https:\/\/kortleksbolaget.se\/en\/#website"},"primaryImageOfPage":{"@id":"https:\/\/kortleksbolaget.se\/en\/product\/stronghold-natural-special-edition\/#primaryimage"},"image":{"@id":"https:\/\/kortleksbolaget.se\/en\/product\/stronghold-natural-special-edition\/#primaryimage"},"thumbnailUrl":"https:\/\/kortleksbolaget.se\/wp-content\/uploads\/stronghold-natural-special-limited-1.jpg","datePublished":"2022-08-31T18:01:59+00:00","dateModified":"2022-08-31T18:03:17+00:00","description":"K\u00f6p Stronghold Natural Special Edition. Snabba leveranser & bra priser. Sveriges st\u00f6rsta sortiment av kortlekar p\u00e5 Kortleksbolaget!","breadcrumb":{"@id":"https:\/\/kortleksbolaget.se\/en\/product\/stronghold-natural-special-edition\/#breadcrumb"},"inLanguage":"en-US","potentialAction":[{"@type":"ReadAction","target":["https:\/\/kortleksbolaget.se\/en\/product\/stronghold-natural-special-edition\/"]}]},{"@type":"ImageObject","inLanguage":"en-US","@id":"https:\/\/kortleksbolaget.se\/en\/product\/stronghold-natural-special-edition\/#primaryimage","url":"https:\/\/kortleksbolaget.se\/wp-content\/uploads\/stronghold-natural-special-limited-1.jpg","contentUrl":"https:\/\/kortleksbolaget.se\/wp-content\/uploads\/stronghold-natural-special-limited-1.jpg","width":496,"height":744},{"@type":"BreadcrumbList","@id":"https:\/\/kortleksbolaget.se\/en\/product\/stronghold-natural-special-edition\/#breadcrumb","itemListElement":[{"@type":"ListItem","position":1,"name":"Hem","item":"https:\/\/kortleksbolaget.se\/en\/"},{"@type":"ListItem","position":2,"name":"All products","item":"https:\/\/kortleksbolaget.se\/en\/shop\/"},{"@type":"ListItem","position":3,"name":"Stronghold Natural Special Edition"}]},{"@type":"WebSite","@id":"https:\/\/kortleksbolaget.se\/en\/#website","url":"https:\/\/kortleksbolaget.se\/en\/","name":"Kortleksbolaget","description":"Kortlekar p\u00e5 n\u00e4tet","publisher":{"@id":"https:\/\/kortleksbolaget.se\/en\/#organization"},"potentialAction":[{"@type":"SearchAction","target":{"@type":"EntryPoint","urlTemplate":"https:\/\/kortleksbolaget.se\/en\/?s={search_term_string}"},"query-input":{"@type":"PropertyValueSpecification","valueRequired":true,"valueName":"search_term_string"}}],"inLanguage":"en-US"},{"@type":"Organization","@id":"https:\/\/kortleksbolaget.se\/en\/#organization","name":"Kortleksbolaget","url":"https:\/\/kortleksbolaget.se\/en\/","logo":{"@type":"ImageObject","inLanguage":"en-US","@id":"https:\/\/kortleksbolaget.se\/en\/#\/schema\/logo\/image\/","url":"https:\/\/kortleksbolaget.se\/wp-content\/uploads\/kortleksbolaget_logo-svart.png","contentUrl":"https:\/\/kortleksbolaget.se\/wp-content\/uploads\/kortleksbolaget_logo-svart.png","width":1200,"height":296,"caption":"Kortleksbolaget"},"image":{"@id":"https:\/\/kortleksbolaget.se\/en\/#\/schema\/logo\/image\/"}}]}},"_links":{"self":[{"href":"https:\/\/kortleksbolaget.se\/en\/wp-json\/wp\/v2\/product\/95794","targetHints":{"allow":["GET"]}}],"collection":[{"href":"https:\/\/kortleksbolaget.se\/en\/wp-json\/wp\/v2\/product"}],"about":[{"href":"https:\/\/kortleksbolaget.se\/en\/wp-json\/wp\/v2\/types\/product"}],"wp:featuredmedia":[{"embeddable":true,"href":"https:\/\/kortleksbolaget.se\/en\/wp-json\/wp\/v2\/media\/95785"}],"wp:attachment":[{"href":"https:\/\/kortleksbolaget.se\/en\/wp-json\/wp\/v2\/media?parent=95794"}],"wp:term":[{"taxonomy":"product_brand","embeddable":true,"href":"https:\/\/kortleksbolaget.se\/en\/wp-json\/wp\/v2\/product_brand?post=95794"},{"taxonomy":"product_cat","embeddable":true,"href":"https:\/\/kortleksbolaget.se\/en\/wp-json\/wp\/v2\/product_cat?post=95794"},{"taxonomy":"product_tag","embeddable":true,"href":"https:\/\/kortleksbolaget.se\/en\/wp-json\/wp\/v2\/product_tag?post=95794"}],"curies":[{"name":"wp","href":"https:\/\/api.w.org\/{rel}","templated":true}]}}