{"id":97203,"date":"2022-09-15T19:07:47","date_gmt":"2022-09-15T17:07:47","guid":{"rendered":"https:\/\/kortleksbolaget.se\/produkt\/ace-fultons-10-year-anniversary-tobacco-brown\/"},"modified":"2022-09-15T19:08:56","modified_gmt":"2022-09-15T17:08:56","slug":"ace-fultons-10-year-anniversary-tobacco-brown","status":"publish","type":"product","link":"https:\/\/kortleksbolaget.se\/en\/product\/ace-fultons-10-year-anniversary-tobacco-brown\/","title":{"rendered":"Ace Fulton&#8217;s 10 Year Anniversary Tobacco Brown"},"content":{"rendered":"","protected":false},"excerpt":{"rendered":"<div id=\"tw-target-text-container\" class=\"tw-ta-container F0azHf tw-nfl\" tabindex=\"0\">\n<p>Ace is going all out for the TENTH ANNIVERSARY of the ORIGINAL Casino Cards from the modern era. This back is an authentic reprint of the 2012 classic but this time with inverted colors &#8211; Tobacco Brown and Sunset Orange, rather than Tobacco and Cream.<\/p>\n<p>Each of these authentic reprints are housed in a special letter pressed tuck box complete with the gold emblem which is embossed on the front stating &#8220;TEN YEARS OF ACE FULTON.&#8221; These backs are Fulton&#8217;s long time dream &#8211; a back that matches the legendary tuck box.<\/p>\n<p>Printed on crushed &#8220;Buck Twin&#8221; stock by the USPCC, produced by the legendary duo, Dan &amp; Dave. This special edition is sealed with the original &#8220;D&amp;D Playing Card Company&#8221; seal, submitted for your approval.<\/p>\n<p id=\"tw-target-text\" class=\"tw-data-text tw-text-large tw-ta\" dir=\"ltr\" data-placeholder=\"\u00d6vers\u00e4ttning\"><span class=\"Y2IQFc\" lang=\"sv\">\u00a0<\/span><\/p>\n<\/div>\n<div id=\"tw-target-rmn-container\" class=\"tw-target-rmn tw-ta-container F0azHf tw-nfl\">\n<pre id=\"tw-target-rmn\" class=\"tw-data-placeholder tw-text-small tw-ta\" dir=\"ltr\" data-placeholder=\"\"><\/pre>\n<\/div>\n<p> [&#8230;]<\/p>\n<p><a class=\"btn btn-secondary understrap-read-more-link\" href=\"https:\/\/kortleksbolaget.se\/en\/product\/ace-fultons-10-year-anniversary-tobacco-brown\/\">Read More&#8230;<span class=\"screen-reader-text\"> from Ace Fulton&#8217;s 10 Year Anniversary Tobacco Brown<\/span><\/a><\/p>\n","protected":false},"featured_media":97209,"template":"","meta":{"_acf_changed":false},"product_brand":[],"product_cat":[75],"product_tag":[],"class_list":{"0":"post-97203","1":"product","2":"type-product","3":"status-publish","4":"has-post-thumbnail","6":"varumarke-dan-dave-en","7":"varumarke-uspcc-en","8":"product_cat-special-lyx-limited-en","10":"first","11":"outofstock","12":"taxable","13":"shipping-taxable","14":"purchasable","15":"product-type-simple"},"acf":[],"yoast_head":"<!-- This site is optimized with the Yoast SEO plugin v26.3 - https:\/\/yoast.com\/wordpress\/plugins\/seo\/ -->\n<title>Kortlek Ace Fulton&#039;s 10 Year Anniversary Tobacco Brown | Kortleksbolaget<\/title>\n<meta name=\"description\" content=\"K\u00f6p Ace Fulton&#039;s 10 Year Anniversary Tobacco Brown. Snabba leveranser &amp; bra priser. Sveriges st\u00f6rsta sortiment av kortlekar p\u00e5 Kortleksbolaget!\" \/>\n<meta name=\"robots\" content=\"index, follow, max-snippet:-1, max-image-preview:large, max-video-preview:-1\" \/>\n<link rel=\"canonical\" href=\"https:\/\/kortleksbolaget.se\/en\/product\/ace-fultons-10-year-anniversary-tobacco-brown\/\" \/>\n<meta property=\"og:locale\" content=\"en_US\" \/>\n<meta property=\"og:type\" content=\"article\" \/>\n<meta property=\"og:title\" content=\"Kortlek Ace Fulton&#039;s 10 Year Anniversary Tobacco Brown | Kortleksbolaget\" \/>\n<meta property=\"og:description\" content=\"K\u00f6p Ace Fulton&#039;s 10 Year Anniversary Tobacco Brown. Snabba leveranser &amp; bra priser. Sveriges st\u00f6rsta sortiment av kortlekar p\u00e5 Kortleksbolaget!\" \/>\n<meta property=\"og:url\" content=\"https:\/\/kortleksbolaget.se\/en\/product\/ace-fultons-10-year-anniversary-tobacco-brown\/\" \/>\n<meta property=\"og:site_name\" content=\"Kortleksbolaget\" \/>\n<meta property=\"article:modified_time\" content=\"2022-09-15T17:08:56+00:00\" \/>\n<meta property=\"og:image\" content=\"https:\/\/kortleksbolaget.se\/wp-content\/uploads\/fulton-ace-10-year-2.jpg\" \/>\n\t<meta property=\"og:image:width\" content=\"478\" \/>\n\t<meta property=\"og:image:height\" content=\"718\" \/>\n\t<meta property=\"og:image:type\" content=\"image\/jpeg\" \/>\n<meta name=\"twitter:card\" content=\"summary_large_image\" \/>\n<script type=\"application\/ld+json\" class=\"yoast-schema-graph\">{\"@context\":\"https:\/\/schema.org\",\"@graph\":[{\"@type\":\"WebPage\",\"@id\":\"https:\/\/kortleksbolaget.se\/en\/product\/ace-fultons-10-year-anniversary-tobacco-brown\/\",\"url\":\"https:\/\/kortleksbolaget.se\/en\/product\/ace-fultons-10-year-anniversary-tobacco-brown\/\",\"name\":\"Kortlek Ace Fulton's 10 Year Anniversary Tobacco Brown | Kortleksbolaget\",\"isPartOf\":{\"@id\":\"https:\/\/kortleksbolaget.se\/en\/#website\"},\"primaryImageOfPage\":{\"@id\":\"https:\/\/kortleksbolaget.se\/en\/product\/ace-fultons-10-year-anniversary-tobacco-brown\/#primaryimage\"},\"image\":{\"@id\":\"https:\/\/kortleksbolaget.se\/en\/product\/ace-fultons-10-year-anniversary-tobacco-brown\/#primaryimage\"},\"thumbnailUrl\":\"https:\/\/kortleksbolaget.se\/wp-content\/uploads\/fulton-ace-10-year-2.jpg\",\"datePublished\":\"2022-09-15T17:07:47+00:00\",\"dateModified\":\"2022-09-15T17:08:56+00:00\",\"description\":\"K\u00f6p Ace Fulton's 10 Year Anniversary Tobacco Brown. Snabba leveranser & bra priser. Sveriges st\u00f6rsta sortiment av kortlekar p\u00e5 Kortleksbolaget!\",\"breadcrumb\":{\"@id\":\"https:\/\/kortleksbolaget.se\/en\/product\/ace-fultons-10-year-anniversary-tobacco-brown\/#breadcrumb\"},\"inLanguage\":\"en-US\",\"potentialAction\":[{\"@type\":\"ReadAction\",\"target\":[\"https:\/\/kortleksbolaget.se\/en\/product\/ace-fultons-10-year-anniversary-tobacco-brown\/\"]}]},{\"@type\":\"ImageObject\",\"inLanguage\":\"en-US\",\"@id\":\"https:\/\/kortleksbolaget.se\/en\/product\/ace-fultons-10-year-anniversary-tobacco-brown\/#primaryimage\",\"url\":\"https:\/\/kortleksbolaget.se\/wp-content\/uploads\/fulton-ace-10-year-2.jpg\",\"contentUrl\":\"https:\/\/kortleksbolaget.se\/wp-content\/uploads\/fulton-ace-10-year-2.jpg\",\"width\":478,\"height\":718},{\"@type\":\"BreadcrumbList\",\"@id\":\"https:\/\/kortleksbolaget.se\/en\/product\/ace-fultons-10-year-anniversary-tobacco-brown\/#breadcrumb\",\"itemListElement\":[{\"@type\":\"ListItem\",\"position\":1,\"name\":\"Hem\",\"item\":\"https:\/\/kortleksbolaget.se\/en\/\"},{\"@type\":\"ListItem\",\"position\":2,\"name\":\"All products\",\"item\":\"https:\/\/kortleksbolaget.se\/en\/shop\/\"},{\"@type\":\"ListItem\",\"position\":3,\"name\":\"Ace Fulton&#8217;s 10 Year Anniversary Tobacco Brown\"}]},{\"@type\":\"WebSite\",\"@id\":\"https:\/\/kortleksbolaget.se\/en\/#website\",\"url\":\"https:\/\/kortleksbolaget.se\/en\/\",\"name\":\"Kortleksbolaget\",\"description\":\"Kortlekar p\u00e5 n\u00e4tet\",\"publisher\":{\"@id\":\"https:\/\/kortleksbolaget.se\/en\/#organization\"},\"potentialAction\":[{\"@type\":\"SearchAction\",\"target\":{\"@type\":\"EntryPoint\",\"urlTemplate\":\"https:\/\/kortleksbolaget.se\/en\/?s={search_term_string}\"},\"query-input\":{\"@type\":\"PropertyValueSpecification\",\"valueRequired\":true,\"valueName\":\"search_term_string\"}}],\"inLanguage\":\"en-US\"},{\"@type\":\"Organization\",\"@id\":\"https:\/\/kortleksbolaget.se\/en\/#organization\",\"name\":\"Kortleksbolaget\",\"url\":\"https:\/\/kortleksbolaget.se\/en\/\",\"logo\":{\"@type\":\"ImageObject\",\"inLanguage\":\"en-US\",\"@id\":\"https:\/\/kortleksbolaget.se\/en\/#\/schema\/logo\/image\/\",\"url\":\"https:\/\/kortleksbolaget.se\/wp-content\/uploads\/kortleksbolaget_logo-svart.png\",\"contentUrl\":\"https:\/\/kortleksbolaget.se\/wp-content\/uploads\/kortleksbolaget_logo-svart.png\",\"width\":1200,\"height\":296,\"caption\":\"Kortleksbolaget\"},\"image\":{\"@id\":\"https:\/\/kortleksbolaget.se\/en\/#\/schema\/logo\/image\/\"}}]}<\/script>\n<!-- \/ Yoast SEO plugin. -->","yoast_head_json":{"title":"Kortlek Ace Fulton's 10 Year Anniversary Tobacco Brown | Kortleksbolaget","description":"K\u00f6p Ace Fulton's 10 Year Anniversary Tobacco Brown. Snabba leveranser & bra priser. Sveriges st\u00f6rsta sortiment av kortlekar p\u00e5 Kortleksbolaget!","robots":{"index":"index","follow":"follow","max-snippet":"max-snippet:-1","max-image-preview":"max-image-preview:large","max-video-preview":"max-video-preview:-1"},"canonical":"https:\/\/kortleksbolaget.se\/en\/product\/ace-fultons-10-year-anniversary-tobacco-brown\/","og_locale":"en_US","og_type":"article","og_title":"Kortlek Ace Fulton's 10 Year Anniversary Tobacco Brown | Kortleksbolaget","og_description":"K\u00f6p Ace Fulton's 10 Year Anniversary Tobacco Brown. Snabba leveranser & bra priser. Sveriges st\u00f6rsta sortiment av kortlekar p\u00e5 Kortleksbolaget!","og_url":"https:\/\/kortleksbolaget.se\/en\/product\/ace-fultons-10-year-anniversary-tobacco-brown\/","og_site_name":"Kortleksbolaget","article_modified_time":"2022-09-15T17:08:56+00:00","og_image":[{"width":478,"height":718,"url":"https:\/\/kortleksbolaget.se\/wp-content\/uploads\/fulton-ace-10-year-2.jpg","type":"image\/jpeg"}],"twitter_card":"summary_large_image","schema":{"@context":"https:\/\/schema.org","@graph":[{"@type":"WebPage","@id":"https:\/\/kortleksbolaget.se\/en\/product\/ace-fultons-10-year-anniversary-tobacco-brown\/","url":"https:\/\/kortleksbolaget.se\/en\/product\/ace-fultons-10-year-anniversary-tobacco-brown\/","name":"Kortlek Ace Fulton's 10 Year Anniversary Tobacco Brown | Kortleksbolaget","isPartOf":{"@id":"https:\/\/kortleksbolaget.se\/en\/#website"},"primaryImageOfPage":{"@id":"https:\/\/kortleksbolaget.se\/en\/product\/ace-fultons-10-year-anniversary-tobacco-brown\/#primaryimage"},"image":{"@id":"https:\/\/kortleksbolaget.se\/en\/product\/ace-fultons-10-year-anniversary-tobacco-brown\/#primaryimage"},"thumbnailUrl":"https:\/\/kortleksbolaget.se\/wp-content\/uploads\/fulton-ace-10-year-2.jpg","datePublished":"2022-09-15T17:07:47+00:00","dateModified":"2022-09-15T17:08:56+00:00","description":"K\u00f6p Ace Fulton's 10 Year Anniversary Tobacco Brown. Snabba leveranser & bra priser. Sveriges st\u00f6rsta sortiment av kortlekar p\u00e5 Kortleksbolaget!","breadcrumb":{"@id":"https:\/\/kortleksbolaget.se\/en\/product\/ace-fultons-10-year-anniversary-tobacco-brown\/#breadcrumb"},"inLanguage":"en-US","potentialAction":[{"@type":"ReadAction","target":["https:\/\/kortleksbolaget.se\/en\/product\/ace-fultons-10-year-anniversary-tobacco-brown\/"]}]},{"@type":"ImageObject","inLanguage":"en-US","@id":"https:\/\/kortleksbolaget.se\/en\/product\/ace-fultons-10-year-anniversary-tobacco-brown\/#primaryimage","url":"https:\/\/kortleksbolaget.se\/wp-content\/uploads\/fulton-ace-10-year-2.jpg","contentUrl":"https:\/\/kortleksbolaget.se\/wp-content\/uploads\/fulton-ace-10-year-2.jpg","width":478,"height":718},{"@type":"BreadcrumbList","@id":"https:\/\/kortleksbolaget.se\/en\/product\/ace-fultons-10-year-anniversary-tobacco-brown\/#breadcrumb","itemListElement":[{"@type":"ListItem","position":1,"name":"Hem","item":"https:\/\/kortleksbolaget.se\/en\/"},{"@type":"ListItem","position":2,"name":"All products","item":"https:\/\/kortleksbolaget.se\/en\/shop\/"},{"@type":"ListItem","position":3,"name":"Ace Fulton&#8217;s 10 Year Anniversary Tobacco Brown"}]},{"@type":"WebSite","@id":"https:\/\/kortleksbolaget.se\/en\/#website","url":"https:\/\/kortleksbolaget.se\/en\/","name":"Kortleksbolaget","description":"Kortlekar p\u00e5 n\u00e4tet","publisher":{"@id":"https:\/\/kortleksbolaget.se\/en\/#organization"},"potentialAction":[{"@type":"SearchAction","target":{"@type":"EntryPoint","urlTemplate":"https:\/\/kortleksbolaget.se\/en\/?s={search_term_string}"},"query-input":{"@type":"PropertyValueSpecification","valueRequired":true,"valueName":"search_term_string"}}],"inLanguage":"en-US"},{"@type":"Organization","@id":"https:\/\/kortleksbolaget.se\/en\/#organization","name":"Kortleksbolaget","url":"https:\/\/kortleksbolaget.se\/en\/","logo":{"@type":"ImageObject","inLanguage":"en-US","@id":"https:\/\/kortleksbolaget.se\/en\/#\/schema\/logo\/image\/","url":"https:\/\/kortleksbolaget.se\/wp-content\/uploads\/kortleksbolaget_logo-svart.png","contentUrl":"https:\/\/kortleksbolaget.se\/wp-content\/uploads\/kortleksbolaget_logo-svart.png","width":1200,"height":296,"caption":"Kortleksbolaget"},"image":{"@id":"https:\/\/kortleksbolaget.se\/en\/#\/schema\/logo\/image\/"}}]}},"_links":{"self":[{"href":"https:\/\/kortleksbolaget.se\/en\/wp-json\/wp\/v2\/product\/97203","targetHints":{"allow":["GET"]}}],"collection":[{"href":"https:\/\/kortleksbolaget.se\/en\/wp-json\/wp\/v2\/product"}],"about":[{"href":"https:\/\/kortleksbolaget.se\/en\/wp-json\/wp\/v2\/types\/product"}],"wp:featuredmedia":[{"embeddable":true,"href":"https:\/\/kortleksbolaget.se\/en\/wp-json\/wp\/v2\/media\/97209"}],"wp:attachment":[{"href":"https:\/\/kortleksbolaget.se\/en\/wp-json\/wp\/v2\/media?parent=97203"}],"wp:term":[{"taxonomy":"product_brand","embeddable":true,"href":"https:\/\/kortleksbolaget.se\/en\/wp-json\/wp\/v2\/product_brand?post=97203"},{"taxonomy":"product_cat","embeddable":true,"href":"https:\/\/kortleksbolaget.se\/en\/wp-json\/wp\/v2\/product_cat?post=97203"},{"taxonomy":"product_tag","embeddable":true,"href":"https:\/\/kortleksbolaget.se\/en\/wp-json\/wp\/v2\/product_tag?post=97203"}],"curies":[{"name":"wp","href":"https:\/\/api.w.org\/{rel}","templated":true}]}}