{"id":99848,"date":"2022-10-07T18:35:42","date_gmt":"2022-10-07T16:35:42","guid":{"rendered":"https:\/\/kortleksbolaget.se\/produkt\/card-masters-precious-metals-foil-limited-edition\/"},"modified":"2022-10-07T18:38:13","modified_gmt":"2022-10-07T16:38:13","slug":"card-masters-precious-metals-foil-limited-edition","status":"publish","type":"product","link":"https:\/\/kortleksbolaget.se\/en\/product\/card-masters-precious-metals-foil-limited-edition\/","title":{"rendered":"Card Masters Precious Metals Foil Limited Edition"},"content":{"rendered":"","protected":false},"excerpt":{"rendered":"<p>&#8220;De&#8217;vo&#8217;s Signature Series Card Masters&#8221; Precious Metals is the embodiment of unique and beautiful in playing card design! This amazing new deck has custom everything- custom pips, court cards and jokers all done in 4 different precious metal coloring patterns &#8211; Platinum, Tungsten, Yellow Gold and Rose Gold. The AMAZING artwork by Anika Burrell is breathtaking! Each suit has its own unique mask and coloring broken up into the 4 different precious metals.<\/p>\n<p>Each &#8220;Card Master&#8221; court card has signature card manipulation moves such as fans and card springs. This is the special 4 foil embossed &#8220;Soft Touche&#8221; box which is the first time De&#8217;vo has created a box with 4 different foils! You have to see this in person to appreciate all the beautiful details. You may have seen De&#8217;vo&#8217;s previous decks on a large variety of television shows to include Stan Lee&#8217;s Superhumans.<\/p>\n<p>De&#8217;vo&#8217;s Chrome Kings Deck was featured on Dude Perfect with Rick Smith Jr. (has over 178+ MILLION VIEWS). Most recently De&#8217;vo&#8217;s Falcon Deck appeared on Penn and Teller&#8217;s Fool Us! De&#8217;vo&#8217;s decks have also appeared in many shows used by a variety of professional magicians and card manipulators. De&#8217;vo&#8217;s decks are some of the most sought after cards in the world and are in the homes of presidents and celebrities around the globe. This brand new HOT offering from De&#8217;vo is 100% custom from the pips to the incredible detail on each and every court card.<br \/>\n,Br&gt;De&#8217;vo&#8217;s decks handle like no other and are WORLD CLASS! These are PERFECT for card collectors, poker\/game players, magicians and manipulators that want a beautiful and BOLD deck of playing cards! If you even remotely like playing cards, then you NEED this deck in your collection before they are gone forever!<\/p>\n<p id=\"tw-target-text\" class=\"tw-data-text tw-text-large tw-ta\" dir=\"ltr\" data-placeholder=\"\u00d6vers\u00e4ttning\"><span class=\"Y2IQFc\" lang=\"sv\">\u00a0<\/span><\/p>\n<p> [&#8230;]<\/p>\n<p><a class=\"btn btn-secondary understrap-read-more-link\" href=\"https:\/\/kortleksbolaget.se\/en\/product\/card-masters-precious-metals-foil-limited-edition\/\">Read More&#8230;<span class=\"screen-reader-text\"> from Card Masters Precious Metals Foil Limited Edition<\/span><\/a><\/p>\n","protected":false},"featured_media":99835,"template":"","meta":{"_acf_changed":false},"product_brand":[],"product_cat":[75],"product_tag":[],"class_list":{"0":"post-99848","1":"product","2":"type-product","3":"status-publish","4":"has-post-thumbnail","6":"product_cat-special-lyx-limited-en","8":"first","9":"outofstock","10":"featured","11":"taxable","12":"shipping-taxable","13":"purchasable","14":"product-type-simple"},"acf":[],"yoast_head":"<!-- This site is optimized with the Yoast SEO plugin v27.5 - https:\/\/yoast.com\/product\/yoast-seo-wordpress\/ -->\n<title>Kortlek Card Masters Precious Metals Foil Limited Edition | Kortleksbolaget<\/title>\n<meta name=\"description\" content=\"K\u00f6p Card Masters Precious Metals Foil Limited Edition. Snabba leveranser &amp; bra priser. Sveriges st\u00f6rsta sortiment av kortlekar p\u00e5 Kortleksbolaget!\" \/>\n<meta name=\"robots\" content=\"index, follow, max-snippet:-1, max-image-preview:large, max-video-preview:-1\" \/>\n<link rel=\"canonical\" href=\"https:\/\/kortleksbolaget.se\/en\/product\/card-masters-precious-metals-foil-limited-edition\/\" \/>\n<meta property=\"og:locale\" content=\"en_US\" \/>\n<meta property=\"og:type\" content=\"article\" \/>\n<meta property=\"og:title\" content=\"Kortlek Card Masters Precious Metals Foil Limited Edition | Kortleksbolaget\" \/>\n<meta property=\"og:description\" content=\"K\u00f6p Card Masters Precious Metals Foil Limited Edition. Snabba leveranser &amp; bra priser. Sveriges st\u00f6rsta sortiment av kortlekar p\u00e5 Kortleksbolaget!\" \/>\n<meta property=\"og:url\" content=\"https:\/\/kortleksbolaget.se\/en\/product\/card-masters-precious-metals-foil-limited-edition\/\" \/>\n<meta property=\"og:site_name\" content=\"Kortleksbolaget\" \/>\n<meta property=\"article:modified_time\" content=\"2022-10-07T16:38:13+00:00\" \/>\n<meta property=\"og:image\" content=\"https:\/\/kortleksbolaget.se\/wp-content\/uploads\/card-masters-1.jpg\" \/>\n\t<meta property=\"og:image:width\" content=\"504\" \/>\n\t<meta property=\"og:image:height\" content=\"756\" \/>\n\t<meta property=\"og:image:type\" content=\"image\/jpeg\" \/>\n<meta name=\"twitter:card\" content=\"summary_large_image\" \/>\n<script type=\"application\/ld+json\" class=\"yoast-schema-graph\">{\"@context\":\"https:\\\/\\\/schema.org\",\"@graph\":[{\"@type\":\"WebPage\",\"@id\":\"https:\\\/\\\/kortleksbolaget.se\\\/en\\\/product\\\/card-masters-precious-metals-foil-limited-edition\\\/\",\"url\":\"https:\\\/\\\/kortleksbolaget.se\\\/en\\\/product\\\/card-masters-precious-metals-foil-limited-edition\\\/\",\"name\":\"Kortlek Card Masters Precious Metals Foil Limited Edition | Kortleksbolaget\",\"isPartOf\":{\"@id\":\"https:\\\/\\\/kortleksbolaget.se\\\/en\\\/#website\"},\"primaryImageOfPage\":{\"@id\":\"https:\\\/\\\/kortleksbolaget.se\\\/en\\\/product\\\/card-masters-precious-metals-foil-limited-edition\\\/#primaryimage\"},\"image\":{\"@id\":\"https:\\\/\\\/kortleksbolaget.se\\\/en\\\/product\\\/card-masters-precious-metals-foil-limited-edition\\\/#primaryimage\"},\"thumbnailUrl\":\"https:\\\/\\\/kortleksbolaget.se\\\/wp-content\\\/uploads\\\/card-masters-1.jpg\",\"datePublished\":\"2022-10-07T16:35:42+00:00\",\"dateModified\":\"2022-10-07T16:38:13+00:00\",\"description\":\"K\u00f6p Card Masters Precious Metals Foil Limited Edition. Snabba leveranser & bra priser. Sveriges st\u00f6rsta sortiment av kortlekar p\u00e5 Kortleksbolaget!\",\"breadcrumb\":{\"@id\":\"https:\\\/\\\/kortleksbolaget.se\\\/en\\\/product\\\/card-masters-precious-metals-foil-limited-edition\\\/#breadcrumb\"},\"inLanguage\":\"en-US\",\"potentialAction\":[{\"@type\":\"ReadAction\",\"target\":[\"https:\\\/\\\/kortleksbolaget.se\\\/en\\\/product\\\/card-masters-precious-metals-foil-limited-edition\\\/\"]}]},{\"@type\":\"ImageObject\",\"inLanguage\":\"en-US\",\"@id\":\"https:\\\/\\\/kortleksbolaget.se\\\/en\\\/product\\\/card-masters-precious-metals-foil-limited-edition\\\/#primaryimage\",\"url\":\"https:\\\/\\\/kortleksbolaget.se\\\/wp-content\\\/uploads\\\/card-masters-1.jpg\",\"contentUrl\":\"https:\\\/\\\/kortleksbolaget.se\\\/wp-content\\\/uploads\\\/card-masters-1.jpg\",\"width\":504,\"height\":756},{\"@type\":\"BreadcrumbList\",\"@id\":\"https:\\\/\\\/kortleksbolaget.se\\\/en\\\/product\\\/card-masters-precious-metals-foil-limited-edition\\\/#breadcrumb\",\"itemListElement\":[{\"@type\":\"ListItem\",\"position\":1,\"name\":\"Hem\",\"item\":\"https:\\\/\\\/kortleksbolaget.se\\\/en\\\/\"},{\"@type\":\"ListItem\",\"position\":2,\"name\":\"All products\",\"item\":\"https:\\\/\\\/kortleksbolaget.se\\\/en\\\/shop\\\/\"},{\"@type\":\"ListItem\",\"position\":3,\"name\":\"Card Masters Precious Metals Foil Limited Edition\"}]},{\"@type\":\"WebSite\",\"@id\":\"https:\\\/\\\/kortleksbolaget.se\\\/en\\\/#website\",\"url\":\"https:\\\/\\\/kortleksbolaget.se\\\/en\\\/\",\"name\":\"Kortleksbolaget\",\"description\":\"Kortlekar p\u00e5 n\u00e4tet\",\"publisher\":{\"@id\":\"https:\\\/\\\/kortleksbolaget.se\\\/en\\\/#organization\"},\"potentialAction\":[{\"@type\":\"SearchAction\",\"target\":{\"@type\":\"EntryPoint\",\"urlTemplate\":\"https:\\\/\\\/kortleksbolaget.se\\\/en\\\/?s={search_term_string}\"},\"query-input\":{\"@type\":\"PropertyValueSpecification\",\"valueRequired\":true,\"valueName\":\"search_term_string\"}}],\"inLanguage\":\"en-US\"},{\"@type\":\"Organization\",\"@id\":\"https:\\\/\\\/kortleksbolaget.se\\\/en\\\/#organization\",\"name\":\"Kortleksbolaget\",\"url\":\"https:\\\/\\\/kortleksbolaget.se\\\/en\\\/\",\"logo\":{\"@type\":\"ImageObject\",\"inLanguage\":\"en-US\",\"@id\":\"https:\\\/\\\/kortleksbolaget.se\\\/en\\\/#\\\/schema\\\/logo\\\/image\\\/\",\"url\":\"https:\\\/\\\/kortleksbolaget.se\\\/wp-content\\\/uploads\\\/kortleksbolaget_logo-svart.png\",\"contentUrl\":\"https:\\\/\\\/kortleksbolaget.se\\\/wp-content\\\/uploads\\\/kortleksbolaget_logo-svart.png\",\"width\":1200,\"height\":296,\"caption\":\"Kortleksbolaget\"},\"image\":{\"@id\":\"https:\\\/\\\/kortleksbolaget.se\\\/en\\\/#\\\/schema\\\/logo\\\/image\\\/\"}}]}<\/script>\n<!-- \/ Yoast SEO plugin. -->","yoast_head_json":{"title":"Kortlek Card Masters Precious Metals Foil Limited Edition | Kortleksbolaget","description":"K\u00f6p Card Masters Precious Metals Foil Limited Edition. Snabba leveranser & bra priser. Sveriges st\u00f6rsta sortiment av kortlekar p\u00e5 Kortleksbolaget!","robots":{"index":"index","follow":"follow","max-snippet":"max-snippet:-1","max-image-preview":"max-image-preview:large","max-video-preview":"max-video-preview:-1"},"canonical":"https:\/\/kortleksbolaget.se\/en\/product\/card-masters-precious-metals-foil-limited-edition\/","og_locale":"en_US","og_type":"article","og_title":"Kortlek Card Masters Precious Metals Foil Limited Edition | Kortleksbolaget","og_description":"K\u00f6p Card Masters Precious Metals Foil Limited Edition. Snabba leveranser & bra priser. Sveriges st\u00f6rsta sortiment av kortlekar p\u00e5 Kortleksbolaget!","og_url":"https:\/\/kortleksbolaget.se\/en\/product\/card-masters-precious-metals-foil-limited-edition\/","og_site_name":"Kortleksbolaget","article_modified_time":"2022-10-07T16:38:13+00:00","og_image":[{"width":504,"height":756,"url":"https:\/\/kortleksbolaget.se\/wp-content\/uploads\/card-masters-1.jpg","type":"image\/jpeg"}],"twitter_card":"summary_large_image","schema":{"@context":"https:\/\/schema.org","@graph":[{"@type":"WebPage","@id":"https:\/\/kortleksbolaget.se\/en\/product\/card-masters-precious-metals-foil-limited-edition\/","url":"https:\/\/kortleksbolaget.se\/en\/product\/card-masters-precious-metals-foil-limited-edition\/","name":"Kortlek Card Masters Precious Metals Foil Limited Edition | Kortleksbolaget","isPartOf":{"@id":"https:\/\/kortleksbolaget.se\/en\/#website"},"primaryImageOfPage":{"@id":"https:\/\/kortleksbolaget.se\/en\/product\/card-masters-precious-metals-foil-limited-edition\/#primaryimage"},"image":{"@id":"https:\/\/kortleksbolaget.se\/en\/product\/card-masters-precious-metals-foil-limited-edition\/#primaryimage"},"thumbnailUrl":"https:\/\/kortleksbolaget.se\/wp-content\/uploads\/card-masters-1.jpg","datePublished":"2022-10-07T16:35:42+00:00","dateModified":"2022-10-07T16:38:13+00:00","description":"K\u00f6p Card Masters Precious Metals Foil Limited Edition. Snabba leveranser & bra priser. Sveriges st\u00f6rsta sortiment av kortlekar p\u00e5 Kortleksbolaget!","breadcrumb":{"@id":"https:\/\/kortleksbolaget.se\/en\/product\/card-masters-precious-metals-foil-limited-edition\/#breadcrumb"},"inLanguage":"en-US","potentialAction":[{"@type":"ReadAction","target":["https:\/\/kortleksbolaget.se\/en\/product\/card-masters-precious-metals-foil-limited-edition\/"]}]},{"@type":"ImageObject","inLanguage":"en-US","@id":"https:\/\/kortleksbolaget.se\/en\/product\/card-masters-precious-metals-foil-limited-edition\/#primaryimage","url":"https:\/\/kortleksbolaget.se\/wp-content\/uploads\/card-masters-1.jpg","contentUrl":"https:\/\/kortleksbolaget.se\/wp-content\/uploads\/card-masters-1.jpg","width":504,"height":756},{"@type":"BreadcrumbList","@id":"https:\/\/kortleksbolaget.se\/en\/product\/card-masters-precious-metals-foil-limited-edition\/#breadcrumb","itemListElement":[{"@type":"ListItem","position":1,"name":"Hem","item":"https:\/\/kortleksbolaget.se\/en\/"},{"@type":"ListItem","position":2,"name":"All products","item":"https:\/\/kortleksbolaget.se\/en\/shop\/"},{"@type":"ListItem","position":3,"name":"Card Masters Precious Metals Foil Limited Edition"}]},{"@type":"WebSite","@id":"https:\/\/kortleksbolaget.se\/en\/#website","url":"https:\/\/kortleksbolaget.se\/en\/","name":"Kortleksbolaget","description":"Kortlekar p\u00e5 n\u00e4tet","publisher":{"@id":"https:\/\/kortleksbolaget.se\/en\/#organization"},"potentialAction":[{"@type":"SearchAction","target":{"@type":"EntryPoint","urlTemplate":"https:\/\/kortleksbolaget.se\/en\/?s={search_term_string}"},"query-input":{"@type":"PropertyValueSpecification","valueRequired":true,"valueName":"search_term_string"}}],"inLanguage":"en-US"},{"@type":"Organization","@id":"https:\/\/kortleksbolaget.se\/en\/#organization","name":"Kortleksbolaget","url":"https:\/\/kortleksbolaget.se\/en\/","logo":{"@type":"ImageObject","inLanguage":"en-US","@id":"https:\/\/kortleksbolaget.se\/en\/#\/schema\/logo\/image\/","url":"https:\/\/kortleksbolaget.se\/wp-content\/uploads\/kortleksbolaget_logo-svart.png","contentUrl":"https:\/\/kortleksbolaget.se\/wp-content\/uploads\/kortleksbolaget_logo-svart.png","width":1200,"height":296,"caption":"Kortleksbolaget"},"image":{"@id":"https:\/\/kortleksbolaget.se\/en\/#\/schema\/logo\/image\/"}}]}},"_links":{"self":[{"href":"https:\/\/kortleksbolaget.se\/en\/wp-json\/wp\/v2\/product\/99848","targetHints":{"allow":["GET"]}}],"collection":[{"href":"https:\/\/kortleksbolaget.se\/en\/wp-json\/wp\/v2\/product"}],"about":[{"href":"https:\/\/kortleksbolaget.se\/en\/wp-json\/wp\/v2\/types\/product"}],"wp:featuredmedia":[{"embeddable":true,"href":"https:\/\/kortleksbolaget.se\/en\/wp-json\/wp\/v2\/media\/99835"}],"wp:attachment":[{"href":"https:\/\/kortleksbolaget.se\/en\/wp-json\/wp\/v2\/media?parent=99848"}],"wp:term":[{"taxonomy":"product_brand","embeddable":true,"href":"https:\/\/kortleksbolaget.se\/en\/wp-json\/wp\/v2\/product_brand?post=99848"},{"taxonomy":"product_cat","embeddable":true,"href":"https:\/\/kortleksbolaget.se\/en\/wp-json\/wp\/v2\/product_cat?post=99848"},{"taxonomy":"product_tag","embeddable":true,"href":"https:\/\/kortleksbolaget.se\/en\/wp-json\/wp\/v2\/product_tag?post=99848"}],"curies":[{"name":"wp","href":"https:\/\/api.w.org\/{rel}","templated":true}]}}