{"id":18182,"date":"2020-11-18T15:26:56","date_gmt":"2020-11-18T14:26:56","guid":{"rendered":"https:\/\/kortleksbolaget.se\/nyasidan2021\/start\/"},"modified":"2025-11-28T23:36:28","modified_gmt":"2025-11-28T22:36:28","slug":"start","status":"publish","type":"page","link":"https:\/\/kortleksbolaget.se\/fi\/","title":{"rendered":"Start"},"content":{"rendered":"<h2 style=\"text-align: center;\">Pelikortti &#8211; t\u00e4ydellinen lahja<\/h2>\n<div id='gallery-1' class='gallery galleryid-18182 gallery-columns-3 gallery-size-medium'><figure class='gallery-item'>\n\t\t\t<div class='gallery-icon portrait'>\n\t\t\t\t<img loading=\"lazy\" decoding=\"async\" width=\"600\" height=\"600\" src=\"https:\/\/kortleksbolaget.se\/wp-content\/uploads\/Ska\u0308rmavbild-2022-06-29-kl.-21.47.04-600x600.jpg\" class=\"attachment-medium size-medium\" alt=\"Kortipakka\" srcset=\"https:\/\/kortleksbolaget.se\/wp-content\/uploads\/Ska\u0308rmavbild-2022-06-29-kl.-21.47.04-600x601.jpg 600w, https:\/\/kortleksbolaget.se\/wp-content\/uploads\/Ska\u0308rmavbild-2022-06-29-kl.-21.47.04-768x769.jpg 768w, https:\/\/kortleksbolaget.se\/wp-content\/uploads\/Ska\u0308rmavbild-2022-06-29-kl.-21.47.04-100x100.jpg 100w, https:\/\/kortleksbolaget.se\/wp-content\/uploads\/Ska\u0308rmavbild-2022-06-29-kl.-21.47.04-64x64.jpg 64w, https:\/\/kortleksbolaget.se\/wp-content\/uploads\/Ska\u0308rmavbild-2022-06-29-kl.-21.47.04-60x60.jpg 60w, https:\/\/kortleksbolaget.se\/wp-content\/uploads\/Ska\u0308rmavbild-2022-06-29-kl.-21.47.04-90x90.jpg 90w, https:\/\/kortleksbolaget.se\/wp-content\/uploads\/Ska\u0308rmavbild-2022-06-29-kl.-21.47.04.jpg 1038w\" sizes=\"auto, (max-width: 600px) 100vw, 600px\" \/>\n\t\t\t<\/div><\/figure><figure class='gallery-item'>\n\t\t\t<div class='gallery-icon landscape'>\n\t\t\t\t<img loading=\"lazy\" decoding=\"async\" width=\"600\" height=\"595\" src=\"https:\/\/kortleksbolaget.se\/wp-content\/uploads\/Ska\u0308rmavbild-2022-06-29-kl.-21.47.30-600x595.jpg\" class=\"attachment-medium size-medium\" alt=\"Korttipeli p\u00f6yd\u00e4ll\u00e4\" srcset=\"https:\/\/kortleksbolaget.se\/wp-content\/uploads\/Ska\u0308rmavbild-2022-06-29-kl.-21.47.30-600x595.jpg 600w, https:\/\/kortleksbolaget.se\/wp-content\/uploads\/Ska\u0308rmavbild-2022-06-29-kl.-21.47.30-768x762.jpg 768w, https:\/\/kortleksbolaget.se\/wp-content\/uploads\/Ska\u0308rmavbild-2022-06-29-kl.-21.47.30-100x100.jpg 100w, https:\/\/kortleksbolaget.se\/wp-content\/uploads\/Ska\u0308rmavbild-2022-06-29-kl.-21.47.30-64x64.jpg 64w, https:\/\/kortleksbolaget.se\/wp-content\/uploads\/Ska\u0308rmavbild-2022-06-29-kl.-21.47.30-60x60.jpg 60w, https:\/\/kortleksbolaget.se\/wp-content\/uploads\/Ska\u0308rmavbild-2022-06-29-kl.-21.47.30-91x90.jpg 91w, https:\/\/kortleksbolaget.se\/wp-content\/uploads\/Ska\u0308rmavbild-2022-06-29-kl.-21.47.30.jpg 1040w\" sizes=\"auto, (max-width: 600px) 100vw, 600px\" \/>\n\t\t\t<\/div><\/figure><figure class='gallery-item'>\n\t\t\t<div class='gallery-icon landscape'>\n\t\t\t\t<img loading=\"lazy\" decoding=\"async\" width=\"600\" height=\"600\" src=\"https:\/\/kortleksbolaget.se\/wp-content\/uploads\/Ska\u0308rmavbild-2022-06-29-kl.-21.45.51-600x600.jpg\" class=\"attachment-medium size-medium\" alt=\"Korttipeli kullalla\" srcset=\"https:\/\/kortleksbolaget.se\/wp-content\/uploads\/Ska\u0308rmavbild-2022-06-29-kl.-21.45.51-600x599.jpg 600w, https:\/\/kortleksbolaget.se\/wp-content\/uploads\/Ska\u0308rmavbild-2022-06-29-kl.-21.45.51-768x767.jpg 768w, https:\/\/kortleksbolaget.se\/wp-content\/uploads\/Ska\u0308rmavbild-2022-06-29-kl.-21.45.51-100x100.jpg 100w, https:\/\/kortleksbolaget.se\/wp-content\/uploads\/Ska\u0308rmavbild-2022-06-29-kl.-21.45.51-64x64.jpg 64w, https:\/\/kortleksbolaget.se\/wp-content\/uploads\/Ska\u0308rmavbild-2022-06-29-kl.-21.45.51-60x60.jpg 60w, https:\/\/kortleksbolaget.se\/wp-content\/uploads\/Ska\u0308rmavbild-2022-06-29-kl.-21.45.51-90x90.jpg 90w, https:\/\/kortleksbolaget.se\/wp-content\/uploads\/Ska\u0308rmavbild-2022-06-29-kl.-21.45.51.jpg 1038w\" sizes=\"auto, (max-width: 600px) 100vw, 600px\" \/>\n\t\t\t<\/div><\/figure>\n\t\t<\/div>\n\n<p style=\"text-align: center;\">T\u00e4\u00e4ll\u00e4 korttipeliyhti\u00f6ss\u00e4 meill\u00e4 on laaja valikoima korttipelej\u00e4. Rakastamme korttipeli\u00e4 ja haluamme luoda myym\u00e4l\u00e4n, josta saat parasta. Kuten kaikessa muussakin, siit\u00e4 tulee hauskempaa hyvill\u00e4 varusteilla. Korttipakka ei ole vain hauska saada omaksi osaksesi, vaan se on my\u00f6s t\u00e4ydellinen lahja. Tavallisten pelikorttien lis\u00e4ksi meilt\u00e4 l\u00f6ytyy erikoisaiheisia tuotteita. Meill\u00e4 on esimerkiksi Star Wars -korttipelej\u00e4 ja vastaavia.<br \/>\nKlikkaa vapaasti sivuillamme. Toivomme, ett\u00e4 l\u00f6yd\u00e4t etsim\u00e4si kannen.<\/p>\n<p style=\"text-align: center;\">Pelikortit ovat turvallinen valinta mihin tahansa tapahtumaan. Meilt\u00e4 voit ostaa laadukkaita pelikortteja. Toimimme Ruotsissa, mutta toimitamme koko maailmalle.<\/p>\n<p style=\"text-align: center;\">Onko sinulla kysytt\u00e4v\u00e4\u00e4 pelikorteistamme tai korttipakoistamme? Ota rohkeasti yhteytt\u00e4. Autamme mielell\u00e4mme!<\/p>\n<p>&nbsp;<\/p>\n<p>&nbsp;<\/p>\n<h2 style=\"text-align: center;\">Osta korttipakkasi verkosta edulliseen hintaan<\/h2>\n<p style=\"text-align: center;\">Tervetuloa Kortleksbolagetiin. Olemme ainoa pelk\u00e4st\u00e4\u00e4n korttipelit myyv\u00e4 pohjoismainen nettikauppa. Kaupastamme l\u00f6yd\u00e4t yli 800 erilaista, niin tavallista kuin ker\u00e4ilypakkaa, usealta eri valmistajalta ja jokaiseen k\u00e4ytt\u00f6tarkoitukseen.<\/p>\n<p style=\"text-align: center;\">Pelikorteista on moneksi. Yhdell\u00e4 pelikorttipakalla voit viihdytt\u00e4\u00e4 itse\u00e4si tai yleis\u00f6\u00e4si pitki\u00e4kin aikoja. Pelaa pokeria ja pasianssia tai tee taikatemppuja. Kun puhutaan pelikorteista, tarkoitetaan yleens\u00e4 ranskalais-englantilaista korttipakkaa. Siin\u00e4 on 52 korttia, jotka jaetaan nelj\u00e4\u00e4n pelikorttimaahan. Jokaisessa pelikorttimaassa on yksi \u00e4ss\u00e4, numerokortit kahdesta kymmeneen ja kolme kuvakorttia: sotilas, kuningatar ja kuningas. N\u00e4iden korttien avulla on kautta historian keksitty monenlaisia korttipelej\u00e4, jotka ovat kulkeneet sukupolvelta toiselle.<\/p>\n<p>&nbsp;<\/p>\n<h2 style=\"text-align: center;\">Pokerikortit &#8211; Pelikortit pokeriin<\/h2>\n<div id='gallery-2' class='gallery galleryid-18182 gallery-columns-4 gallery-size-medium'><figure class='gallery-item'>\n\t\t\t<div class='gallery-icon portrait'>\n\t\t\t\t<img loading=\"lazy\" decoding=\"async\" width=\"400\" height=\"600\" src=\"https:\/\/kortleksbolaget.se\/wp-content\/uploads\/Copag-ept-playingcards-2.jpg\" class=\"attachment-medium size-medium\" alt=\"Pokerikorttipeli merkilt\u00e4 Copag\" srcset=\"https:\/\/kortleksbolaget.se\/wp-content\/uploads\/Copag-ept-playingcards-2.jpg 635w, https:\/\/kortleksbolaget.se\/wp-content\/uploads\/Copag-ept-playingcards-2-275x413.jpg 275w, https:\/\/kortleksbolaget.se\/wp-content\/uploads\/Copag-ept-playingcards-2-600x900.jpg 600w\" sizes=\"auto, (max-width: 400px) 100vw, 400px\" \/>\n\t\t\t<\/div><\/figure><figure class='gallery-item'>\n\t\t\t<div class='gallery-icon portrait'>\n\t\t\t\t<img loading=\"lazy\" decoding=\"async\" width=\"400\" height=\"600\" src=\"https:\/\/kortleksbolaget.se\/wp-content\/uploads\/bicycle-grey-400x600.jpg\" class=\"attachment-medium size-medium\" alt=\"Bicycle Grey Scaled\" srcset=\"https:\/\/kortleksbolaget.se\/wp-content\/uploads\/bicycle-grey-400x600.jpg 400w, https:\/\/kortleksbolaget.se\/wp-content\/uploads\/bicycle-grey-800x1200.jpg 800w, https:\/\/kortleksbolaget.se\/wp-content\/uploads\/bicycle-grey-200x300.jpg 200w, https:\/\/kortleksbolaget.se\/wp-content\/uploads\/bicycle-grey-768x1152.jpg 768w, https:\/\/kortleksbolaget.se\/wp-content\/uploads\/bicycle-grey-1024x1536.jpg 1024w, https:\/\/kortleksbolaget.se\/wp-content\/uploads\/bicycle-grey-scaled.jpg 1365w, https:\/\/kortleksbolaget.se\/wp-content\/uploads\/bicycle-grey-275x413.jpg 275w, https:\/\/kortleksbolaget.se\/wp-content\/uploads\/bicycle-grey-600x900.jpg 600w, https:\/\/kortleksbolaget.se\/wp-content\/uploads\/bicycle-grey-40x60.jpg 40w, https:\/\/kortleksbolaget.se\/wp-content\/uploads\/bicycle-grey-60x90.jpg 60w\" sizes=\"auto, (max-width: 400px) 100vw, 400px\" \/>\n\t\t\t<\/div><\/figure><figure class='gallery-item'>\n\t\t\t<div class='gallery-icon portrait'>\n\t\t\t\t<img loading=\"lazy\" decoding=\"async\" width=\"400\" height=\"600\" src=\"https:\/\/kortleksbolaget.se\/wp-content\/uploads\/copag-texas-playingcards-3-400x600.jpg\" class=\"attachment-medium size-medium\" alt=\"Pokerikorttipeli merkilt\u00e4 Copag\" srcset=\"https:\/\/kortleksbolaget.se\/wp-content\/uploads\/copag-texas-playingcards-3-400x600.jpg 400w, https:\/\/kortleksbolaget.se\/wp-content\/uploads\/copag-texas-playingcards-3-200x300.jpg 200w, https:\/\/kortleksbolaget.se\/wp-content\/uploads\/copag-texas-playingcards-3-275x413.jpg 275w, https:\/\/kortleksbolaget.se\/wp-content\/uploads\/copag-texas-playingcards-3-40x60.jpg 40w, https:\/\/kortleksbolaget.se\/wp-content\/uploads\/copag-texas-playingcards-3-60x90.jpg 60w, https:\/\/kortleksbolaget.se\/wp-content\/uploads\/copag-texas-playingcards-3.jpg 580w\" sizes=\"auto, (max-width: 400px) 100vw, 400px\" \/>\n\t\t\t<\/div><\/figure><figure class='gallery-item'>\n\t\t\t<div class='gallery-icon portrait'>\n\t\t\t\t<img loading=\"lazy\" decoding=\"async\" width=\"400\" height=\"600\" src=\"https:\/\/kortleksbolaget.se\/wp-content\/uploads\/bicycle-fuchsia-400x600.jpg\" class=\"attachment-medium size-medium\" alt=\"Pokerikorttipeli merkilt\u00e4 Bicycle\" srcset=\"https:\/\/kortleksbolaget.se\/wp-content\/uploads\/bicycle-fuchsia-400x600.jpg 400w, https:\/\/kortleksbolaget.se\/wp-content\/uploads\/bicycle-fuchsia-800x1200.jpg 800w, https:\/\/kortleksbolaget.se\/wp-content\/uploads\/bicycle-fuchsia-200x300.jpg 200w, https:\/\/kortleksbolaget.se\/wp-content\/uploads\/bicycle-fuchsia-768x1152.jpg 768w, https:\/\/kortleksbolaget.se\/wp-content\/uploads\/bicycle-fuchsia-1024x1536.jpg 1024w, https:\/\/kortleksbolaget.se\/wp-content\/uploads\/bicycle-fuchsia-scaled.jpg 1365w, https:\/\/kortleksbolaget.se\/wp-content\/uploads\/bicycle-fuchsia-275x413.jpg 275w, https:\/\/kortleksbolaget.se\/wp-content\/uploads\/bicycle-fuchsia-600x900.jpg 600w, https:\/\/kortleksbolaget.se\/wp-content\/uploads\/bicycle-fuchsia-40x60.jpg 40w, https:\/\/kortleksbolaget.se\/wp-content\/uploads\/bicycle-fuchsia-60x90.jpg 60w\" sizes=\"auto, (max-width: 400px) 100vw, 400px\" \/>\n\t\t\t<\/div><\/figure>\n\t\t<\/div>\n\n<p style=\"text-align: center;\">Todella mukava ja ammattimainen <a href=\"https:\/\/kortleksbolaget.se\/fi\/tuotekategoria\/pokeri-fi\/\"><strong>pokerikorttipeli<\/strong><\/a> tekee pokeri-illasta paljon hauskempaa. Pokeripakimme on suunniteltu erityisesti pokeriin sopivaksi. Pelikortit on valmistettu muovista ja niit\u00e4 on helppo sekoittaa ja jakaa. Meill\u00e4 on pelikortteja tunnetuilta br\u00e4ndeilt\u00e4, \u200b\u200bkuten Bicycle, KEM ja Copag. Kaikkia n\u00e4it\u00e4 pelikortteja k\u00e4ytet\u00e4\u00e4n suurimmissa kasinoissa ymp\u00e4ri maailmaa ja World Poker Tourilla.<\/p>\n<p style=\"text-align: center;\">Tutustu laajaan pokerikorttivalikoimaamme!<\/p>\n<p>&nbsp;<\/p>\n<p>&nbsp;<\/p>\n<h2 style=\"text-align: center;\">Rajoitettu er\u00e4 &#8211; Erikoiskorttipakat<\/h2>\n<div id='gallery-3' class='gallery galleryid-18182 gallery-columns-4 gallery-size-medium'><figure class='gallery-item'>\n\t\t\t<div class='gallery-icon portrait'>\n\t\t\t\t<img loading=\"lazy\" decoding=\"async\" width=\"400\" height=\"600\" src=\"https:\/\/kortleksbolaget.se\/wp-content\/uploads\/starwars-playingcards-1.jpg\" class=\"attachment-medium size-medium\" alt=\"Star Wars Blue\" srcset=\"https:\/\/kortleksbolaget.se\/wp-content\/uploads\/starwars-playingcards-1.jpg 520w, https:\/\/kortleksbolaget.se\/wp-content\/uploads\/starwars-playingcards-1-275x413.jpg 275w\" sizes=\"auto, (max-width: 400px) 100vw, 400px\" \/>\n\t\t\t<\/div><\/figure><figure class='gallery-item'>\n\t\t\t<div class='gallery-icon portrait'>\n\t\t\t\t<img loading=\"lazy\" decoding=\"async\" width=\"399\" height=\"600\" src=\"https:\/\/kortleksbolaget.se\/wp-content\/uploads\/steampunk-arist-v2-1-399x600.jpg\" class=\"attachment-medium size-medium\" alt=\"Steam Punk\" srcset=\"https:\/\/kortleksbolaget.se\/wp-content\/uploads\/steampunk-arist-v2-1-399x600.jpg 399w, https:\/\/kortleksbolaget.se\/wp-content\/uploads\/steampunk-arist-v2-1-200x300.jpg 200w, https:\/\/kortleksbolaget.se\/wp-content\/uploads\/steampunk-arist-v2-1-275x413.jpg 275w, https:\/\/kortleksbolaget.se\/wp-content\/uploads\/steampunk-arist-v2-1-40x60.jpg 40w, https:\/\/kortleksbolaget.se\/wp-content\/uploads\/steampunk-arist-v2-1-60x90.jpg 60w, https:\/\/kortleksbolaget.se\/wp-content\/uploads\/steampunk-arist-v2-1.jpg 521w\" sizes=\"auto, (max-width: 399px) 100vw, 399px\" \/>\n\t\t\t<\/div><\/figure><figure class='gallery-item'>\n\t\t\t<div class='gallery-icon portrait'>\n\t\t\t\t<img loading=\"lazy\" decoding=\"async\" width=\"400\" height=\"600\" src=\"https:\/\/kortleksbolaget.se\/wp-content\/uploads\/cherry-casino-1.jpg\" class=\"attachment-medium size-medium\" alt=\"Cherry Green\" srcset=\"https:\/\/kortleksbolaget.se\/wp-content\/uploads\/cherry-casino-1.jpg 544w, https:\/\/kortleksbolaget.se\/wp-content\/uploads\/cherry-casino-1-275x413.jpg 275w\" sizes=\"auto, (max-width: 400px) 100vw, 400px\" \/>\n\t\t\t<\/div><\/figure><figure class='gallery-item'>\n\t\t\t<div class='gallery-icon portrait'>\n\t\t\t\t<img loading=\"lazy\" decoding=\"async\" width=\"400\" height=\"600\" src=\"https:\/\/kortleksbolaget.se\/wp-content\/uploads\/starwars_silver_edition-3-400x600.jpg\" class=\"attachment-medium size-medium\" alt=\"Star Wars White\" srcset=\"https:\/\/kortleksbolaget.se\/wp-content\/uploads\/starwars_silver_edition-3-400x600.jpg 400w, https:\/\/kortleksbolaget.se\/wp-content\/uploads\/starwars_silver_edition-3-200x300.jpg 200w, https:\/\/kortleksbolaget.se\/wp-content\/uploads\/starwars_silver_edition-3-275x413.jpg 275w, https:\/\/kortleksbolaget.se\/wp-content\/uploads\/starwars_silver_edition-3-64x96.jpg 64w, https:\/\/kortleksbolaget.se\/wp-content\/uploads\/starwars_silver_edition-3-40x60.jpg 40w, https:\/\/kortleksbolaget.se\/wp-content\/uploads\/starwars_silver_edition-3-60x90.jpg 60w, https:\/\/kortleksbolaget.se\/wp-content\/uploads\/starwars_silver_edition-3.jpg 561w\" sizes=\"auto, (max-width: 400px) 100vw, 400px\" \/>\n\t\t\t<\/div><\/figure>\n\t\t<\/div>\n\n<p style=\"text-align: center;\">Pid\u00e4tk\u00f6 siit\u00e4, ett\u00e4 sinulla on jotain mit\u00e4 harvoilla muilla on? Nyt sinulla on mahdollisuus omistaa <a href=\"https:\/\/kortleksbolaget.se\/fi\/tuotekategoria\/special-lyx-limited-fi\/\"><strong>ylellinen korttipakka<\/strong><\/a>, jonka vain harvat muut omistavat. Rajoitetun er\u00e4n dekkej\u00e4mme on saatavana useilla eri teemoilla. Korttipelit ovat eritt\u00e4in mukavia ja sopivat t\u00e4ydellisesti kirjahyllyyn sisustukseen. Hy\u00f6dynn\u00e4 tilaisuus ostaa suosikkikorttipakkasi nyt, ennen kuin se loppuu!<\/p>\n<p style=\"text-align: center;\">Meill\u00e4 on korttipelej\u00e4, joiden teemoina ovat Star Wars, Steampunk jne.<\/p>\n<p>&nbsp;<\/p>\n<h2 style=\"text-align: center;\">Lahjaksi korttipakka<\/h2>\n<p style=\"text-align: center;\">Meill\u00e4 on korttipakka, joka sopii kaikille. Mikset antaisi korttipakan lahjaksi jollekulle, joka pelaa paljon korttia tai joka vain pit\u00e4\u00e4 korttien pelaamisesta. Meill\u00e4 on laaja valikoima lahjaksi sopivia korttipelej\u00e4. Jos et tied\u00e4 mink\u00e4 korttipelin lahjoitat, voit ostaa lahjakortin. T\u00e4ll\u00f6in lahjakortin saaja voi valita tarkalleen mink\u00e4 tahansa korttipelin.<\/p>\n<p style=\"text-align: center;\">Ilahduta jotakuta lahjoittamalla hieno ja ylellinen korttipakka!<\/p>\n<p style=\"text-align: center;\"><strong>Osta pelikortit t\u00e4n\u00e4\u00e4n Kortleksbolagetista!<\/strong><\/p>\n","protected":false},"excerpt":{"rendered":"<p>Pelikortti &#8211; t\u00e4ydellinen lahja T\u00e4\u00e4ll\u00e4 korttipeliyhti\u00f6ss\u00e4 meill\u00e4 on laaja valikoima korttipelej\u00e4. Rakastamme korttipeli\u00e4 ja haluamme luoda myym\u00e4l\u00e4n, josta saat parasta. Kuten kaikessa muussakin, siit\u00e4 tulee hauskempaa hyvill\u00e4 varusteilla. Korttipakka ei ole vain hauska saada omaksi osaksesi, vaan se on my\u00f6s t\u00e4ydellinen lahja. Tavallisten pelikorttien lis\u00e4ksi meilt\u00e4 l\u00f6ytyy erikoisaiheisia tuotteita. Meill\u00e4 on esimerkiksi Star Wars -korttipelej\u00e4 [&#8230;]<\/p>\n<p><a class=\"btn btn-secondary understrap-read-more-link\" href=\"https:\/\/kortleksbolaget.se\/fi\/\">Lue lis\u00e4\u00e4&#8230;<span class=\"screen-reader-text\"> from Start<\/span><\/a><\/p>\n","protected":false},"author":2138,"featured_media":0,"parent":0,"menu_order":0,"comment_status":"closed","ping_status":"closed","template":"","meta":{"_acf_changed":false,"footnotes":""},"class_list":["post-18182","page","type-page","status-publish","hentry"],"acf":[],"yoast_head":"<!-- This site is optimized with the Yoast SEO plugin v26.3 - https:\/\/yoast.com\/wordpress\/plugins\/seo\/ -->\n<title>Osta pelikortteja Kortleksbolaget \u2013 Korttipakka kaikille<\/title>\n<meta name=\"description\" content=\"Meill\u00e4 on Pohjoismaiden suurin korttipakkavalikoima. Meill\u00e4 on yli 800 erilaista korttipakkaa. Osta pelikorttisi Kortleksbolaget!\" \/>\n<meta name=\"robots\" content=\"index, follow, max-snippet:-1, max-image-preview:large, max-video-preview:-1\" \/>\n<link rel=\"canonical\" href=\"https:\/\/kortleksbolaget.se\/fi\/\" \/>\n<meta property=\"og:locale\" content=\"fi_FI\" \/>\n<meta property=\"og:type\" content=\"article\" \/>\n<meta property=\"og:title\" content=\"Osta pelikortteja Kortleksbolaget \u2013 Korttipakka kaikille\" \/>\n<meta property=\"og:description\" content=\"Meill\u00e4 on Pohjoismaiden suurin korttipakkavalikoima. Meill\u00e4 on yli 800 erilaista korttipakkaa. Osta pelikorttisi Kortleksbolaget!\" \/>\n<meta property=\"og:url\" content=\"https:\/\/kortleksbolaget.se\/fi\/\" \/>\n<meta property=\"og:site_name\" content=\"Kortleksbolaget\" \/>\n<meta property=\"article:modified_time\" content=\"2025-11-28T22:36:28+00:00\" \/>\n<meta property=\"og:image\" content=\"https:\/\/kortleksbolaget.se\/wp-content\/uploads\/Ska\u0308rmavbild-2022-06-29-kl.-21.47.04-600x600.jpg\" \/>\n<meta name=\"twitter:card\" content=\"summary_large_image\" \/>\n<meta name=\"twitter:label1\" content=\"Arvioitu lukuaika\" \/>\n\t<meta name=\"twitter:data1\" content=\"5 minuuttia\" \/>\n<script type=\"application\/ld+json\" class=\"yoast-schema-graph\">{\"@context\":\"https:\/\/schema.org\",\"@graph\":[{\"@type\":\"WebPage\",\"@id\":\"https:\/\/kortleksbolaget.se\/fi\/\",\"url\":\"https:\/\/kortleksbolaget.se\/fi\/\",\"name\":\"Osta pelikortteja Kortleksbolaget \u2013 Korttipakka kaikille\",\"isPartOf\":{\"@id\":\"https:\/\/kortleksbolaget.se\/fi\/#website\"},\"datePublished\":\"2020-11-18T14:26:56+00:00\",\"dateModified\":\"2025-11-28T22:36:28+00:00\",\"description\":\"Meill\u00e4 on Pohjoismaiden suurin korttipakkavalikoima. Meill\u00e4 on yli 800 erilaista korttipakkaa. Osta pelikorttisi Kortleksbolaget!\",\"breadcrumb\":{\"@id\":\"https:\/\/kortleksbolaget.se\/fi\/#breadcrumb\"},\"inLanguage\":\"fi\",\"potentialAction\":[{\"@type\":\"ReadAction\",\"target\":[\"https:\/\/kortleksbolaget.se\/fi\/\"]}]},{\"@type\":\"BreadcrumbList\",\"@id\":\"https:\/\/kortleksbolaget.se\/fi\/#breadcrumb\",\"itemListElement\":[{\"@type\":\"ListItem\",\"position\":1,\"name\":\"Hem\",\"item\":\"https:\/\/kortleksbolaget.se\/fi\/\"},{\"@type\":\"ListItem\",\"position\":2,\"name\":\"Start\"}]},{\"@type\":\"WebSite\",\"@id\":\"https:\/\/kortleksbolaget.se\/fi\/#website\",\"url\":\"https:\/\/kortleksbolaget.se\/fi\/\",\"name\":\"Kortleksbolaget\",\"description\":\"Kortlekar p\u00e5 n\u00e4tet\",\"publisher\":{\"@id\":\"https:\/\/kortleksbolaget.se\/fi\/#organization\"},\"potentialAction\":[{\"@type\":\"SearchAction\",\"target\":{\"@type\":\"EntryPoint\",\"urlTemplate\":\"https:\/\/kortleksbolaget.se\/fi\/?s={search_term_string}\"},\"query-input\":{\"@type\":\"PropertyValueSpecification\",\"valueRequired\":true,\"valueName\":\"search_term_string\"}}],\"inLanguage\":\"fi\"},{\"@type\":\"Organization\",\"@id\":\"https:\/\/kortleksbolaget.se\/fi\/#organization\",\"name\":\"Kortleksbolaget\",\"url\":\"https:\/\/kortleksbolaget.se\/fi\/\",\"logo\":{\"@type\":\"ImageObject\",\"inLanguage\":\"fi\",\"@id\":\"https:\/\/kortleksbolaget.se\/fi\/#\/schema\/logo\/image\/\",\"url\":\"https:\/\/kortleksbolaget.se\/wp-content\/uploads\/kortleksbolaget_logo-svart.png\",\"contentUrl\":\"https:\/\/kortleksbolaget.se\/wp-content\/uploads\/kortleksbolaget_logo-svart.png\",\"width\":1200,\"height\":296,\"caption\":\"Kortleksbolaget\"},\"image\":{\"@id\":\"https:\/\/kortleksbolaget.se\/fi\/#\/schema\/logo\/image\/\"}}]}<\/script>\n<!-- \/ Yoast SEO plugin. -->","yoast_head_json":{"title":"Osta pelikortteja Kortleksbolaget \u2013 Korttipakka kaikille","description":"Meill\u00e4 on Pohjoismaiden suurin korttipakkavalikoima. Meill\u00e4 on yli 800 erilaista korttipakkaa. Osta pelikorttisi Kortleksbolaget!","robots":{"index":"index","follow":"follow","max-snippet":"max-snippet:-1","max-image-preview":"max-image-preview:large","max-video-preview":"max-video-preview:-1"},"canonical":"https:\/\/kortleksbolaget.se\/fi\/","og_locale":"fi_FI","og_type":"article","og_title":"Osta pelikortteja Kortleksbolaget \u2013 Korttipakka kaikille","og_description":"Meill\u00e4 on Pohjoismaiden suurin korttipakkavalikoima. Meill\u00e4 on yli 800 erilaista korttipakkaa. Osta pelikorttisi Kortleksbolaget!","og_url":"https:\/\/kortleksbolaget.se\/fi\/","og_site_name":"Kortleksbolaget","article_modified_time":"2025-11-28T22:36:28+00:00","og_image":[{"url":"https:\/\/kortleksbolaget.se\/wp-content\/uploads\/Ska\u0308rmavbild-2022-06-29-kl.-21.47.04-600x600.jpg","type":"","width":"","height":""}],"twitter_card":"summary_large_image","twitter_misc":{"Arvioitu lukuaika":"5 minuuttia"},"schema":{"@context":"https:\/\/schema.org","@graph":[{"@type":"WebPage","@id":"https:\/\/kortleksbolaget.se\/fi\/","url":"https:\/\/kortleksbolaget.se\/fi\/","name":"Osta pelikortteja Kortleksbolaget \u2013 Korttipakka kaikille","isPartOf":{"@id":"https:\/\/kortleksbolaget.se\/fi\/#website"},"datePublished":"2020-11-18T14:26:56+00:00","dateModified":"2025-11-28T22:36:28+00:00","description":"Meill\u00e4 on Pohjoismaiden suurin korttipakkavalikoima. Meill\u00e4 on yli 800 erilaista korttipakkaa. Osta pelikorttisi Kortleksbolaget!","breadcrumb":{"@id":"https:\/\/kortleksbolaget.se\/fi\/#breadcrumb"},"inLanguage":"fi","potentialAction":[{"@type":"ReadAction","target":["https:\/\/kortleksbolaget.se\/fi\/"]}]},{"@type":"BreadcrumbList","@id":"https:\/\/kortleksbolaget.se\/fi\/#breadcrumb","itemListElement":[{"@type":"ListItem","position":1,"name":"Hem","item":"https:\/\/kortleksbolaget.se\/fi\/"},{"@type":"ListItem","position":2,"name":"Start"}]},{"@type":"WebSite","@id":"https:\/\/kortleksbolaget.se\/fi\/#website","url":"https:\/\/kortleksbolaget.se\/fi\/","name":"Kortleksbolaget","description":"Kortlekar p\u00e5 n\u00e4tet","publisher":{"@id":"https:\/\/kortleksbolaget.se\/fi\/#organization"},"potentialAction":[{"@type":"SearchAction","target":{"@type":"EntryPoint","urlTemplate":"https:\/\/kortleksbolaget.se\/fi\/?s={search_term_string}"},"query-input":{"@type":"PropertyValueSpecification","valueRequired":true,"valueName":"search_term_string"}}],"inLanguage":"fi"},{"@type":"Organization","@id":"https:\/\/kortleksbolaget.se\/fi\/#organization","name":"Kortleksbolaget","url":"https:\/\/kortleksbolaget.se\/fi\/","logo":{"@type":"ImageObject","inLanguage":"fi","@id":"https:\/\/kortleksbolaget.se\/fi\/#\/schema\/logo\/image\/","url":"https:\/\/kortleksbolaget.se\/wp-content\/uploads\/kortleksbolaget_logo-svart.png","contentUrl":"https:\/\/kortleksbolaget.se\/wp-content\/uploads\/kortleksbolaget_logo-svart.png","width":1200,"height":296,"caption":"Kortleksbolaget"},"image":{"@id":"https:\/\/kortleksbolaget.se\/fi\/#\/schema\/logo\/image\/"}}]}},"_links":{"self":[{"href":"https:\/\/kortleksbolaget.se\/fi\/wp-json\/wp\/v2\/pages\/18182","targetHints":{"allow":["GET"]}}],"collection":[{"href":"https:\/\/kortleksbolaget.se\/fi\/wp-json\/wp\/v2\/pages"}],"about":[{"href":"https:\/\/kortleksbolaget.se\/fi\/wp-json\/wp\/v2\/types\/page"}],"author":[{"embeddable":true,"href":"https:\/\/kortleksbolaget.se\/fi\/wp-json\/wp\/v2\/users\/2138"}],"replies":[{"embeddable":true,"href":"https:\/\/kortleksbolaget.se\/fi\/wp-json\/wp\/v2\/comments?post=18182"}],"version-history":[{"count":8,"href":"https:\/\/kortleksbolaget.se\/fi\/wp-json\/wp\/v2\/pages\/18182\/revisions"}],"predecessor-version":[{"id":156043,"href":"https:\/\/kortleksbolaget.se\/fi\/wp-json\/wp\/v2\/pages\/18182\/revisions\/156043"}],"wp:attachment":[{"href":"https:\/\/kortleksbolaget.se\/fi\/wp-json\/wp\/v2\/media?parent=18182"}],"curies":[{"name":"wp","href":"https:\/\/api.w.org\/{rel}","templated":true}]}}