{"id":29289,"date":"2020-11-24T18:56:51","date_gmt":"2020-11-24T17:56:51","guid":{"rendered":"https:\/\/kortleksbolaget.se\/nyasidan2021\/?page_id=29289"},"modified":"2024-04-22T14:20:03","modified_gmt":"2024-04-22T12:20:03","slug":"ehdot","status":"publish","type":"page","link":"https:\/\/kortleksbolaget.se\/fi\/ehdot\/","title":{"rendered":"Ehdot"},"content":{"rendered":"<p><strong>Hinnat ja maksaminen<\/strong><\/p>\n<p><strong>\u00a0<\/strong>Kaikki hinnat sis\u00e4lt\u00e4v\u00e4t ALV:n. Ostoskorissa n\u00e4et hinnat, johon sis\u00e4ltyv\u00e4t kaikki kustannukset, ALV, toimitus ja maksu. Toimitusmaksut n\u00e4kyv\u00e4t ostoskorissa. Toimitusmaksu on aina 11\u20ac. Pid\u00e4t\u00e4mme itsellemme oikeuden mahdollisiin paino- ja kirjoitusvirheisiin. Jos tilauksesi summa muuttuu, saat siit\u00e4 tiedon ja sinulla on oikeus muuttaa tilaustasi tai peruuttaa se. Voimme yhdess\u00e4 Klarnan kanssa tarjota seuraavat maksutavat: lasku, osamaksu, luottokortti ja verkkopankki.<\/p>\n<p><strong>Toimitusehdot<\/strong><\/p>\n<p><strong>\u00a0<\/strong><\/p>\n<p>Kortleksbolaget tarjoaa seuraavat toimitusvaihtoehdot:<\/p>\n<p>&nbsp;<\/p>\n<ul>\n<li>kirje pienemmille toimituksille, jotka voi j\u00e4tt\u00e4\u00e4 postilaatikkoon<\/li>\n<li>paketti, joka toimitetaan noutopaikkaan. Pakettia noudettaessa tulee esitt\u00e4\u00e4 voimassa oleva henkil\u00f6todistus.<\/li>\n<\/ul>\n<p><strong>\u00a0<\/strong><\/p>\n<p><strong>Lunastamattomat paketit\/l\u00e4hetykset<\/strong><\/p>\n<p><strong>\u00a0<\/strong>Paketit, joita ei ole lunastettu 14 p\u00e4iv\u00e4n kuluessa, l\u00e4hetet\u00e4\u00e4n takaisin Kortleksbolagetille. T\u00e4ss\u00e4 tapauksessa ostajalta veloitetaan rahtikustannukset (sek\u00e4 l\u00e4hetys- ett\u00e4 palautuskustannukset), v\u00e4hint\u00e4\u00e4n \u20ac. Lunastamattomia paketteja ei koske kuluttajalain mukainen palautusoikeus.<\/p>\n<p>&nbsp;<\/p>\n<p><strong>Kuluttajansuoja yksityishenkil\u00f6ille<\/strong><\/p>\n<p><strong>\u00a0<\/strong>Yksityishenkil\u00f6ill\u00e4 on aina kuluttajansuojalain mukainen et\u00e4myynnin palautusoikeus. Palauta tuote hyvin pakattuna ja liit\u00e4 mukaan kuitti sek\u00e4 ilmoitus, josta k\u00e4y selke\u00e4sti ilmi, ett\u00e4 haluat k\u00e4ytt\u00e4\u00e4 palautusoikeuttasi.<\/p>\n<p>Palauttamasi tuotteen tulee olla samassa kunnossa kuin ostohetkell\u00e4. Tuote tulee olla k\u00e4ytt\u00e4m\u00e4t\u00f6n, mutta sit\u00e4 on voitu tutkia. Vioittuneella tuotteella ei ole palautusoikeutta. Hyv\u00e4ksytyst\u00e4 palautuksesta maksamme rahat 30 p\u00e4iv\u00e4n sis\u00e4ll\u00e4. Asiakas vastaa palautuksen postimaksusta. Palautusosoite: Kortleksbolaget, B\u00e5tmansgatan 15, Habo, Sverige<\/p>\n<p>&nbsp;<\/p>\n<p><strong>Yhteystiedot<\/strong><\/p>\n<p>Kortleksbolaget Sverige AB<br \/>\nOrg. Nr: 559275-3403<br \/>\nB\u00e5tmansgatan 15<br \/>\n556 35 HABO<br \/>\nSVERIGE<\/p>\n<p>&nbsp;<\/p>\n<h2>Tietosuojaehdot<\/h2>\n<p>Tekem\u00e4ll\u00e4 tilauksen ja rekister\u00f6itym\u00e4ll\u00e4 Kortleksbolagetissa annatte meille oikeuden tallentaa ja k\u00e4sitell\u00e4 henkil\u00f6tietojanne tilauksen toimittamiseksi sek\u00e4 l\u00e4hett\u00e4\u00e4 s\u00e4hk\u00f6postiinne uutisia ja tarjouksia. Henkil\u00f6tietojanne s\u00e4ilytet\u00e4\u00e4n ainoastaan niin kauan kuin on v\u00e4ltt\u00e4m\u00e4t\u00f6nt\u00e4. Kortleksbolaget s\u00e4ilytt\u00e4\u00e4 asiakkaan henkil\u00f6tietoja korkeintaan 36 kuukautta viimeisest\u00e4 ostoksesta. Henkil\u00f6tietolain mukaan asiakkaalla on oikeus tarkastella h\u00e4nest\u00e4 tallennettuja tietoja. Asiakkaalla on oikeus oikaista tai pyyt\u00e4\u00e4 poistamaan virheellinen, puuttuva tai ep\u00e4t\u00e4ydellinen tieto. Ottakaa siin\u00e4 tapauksessa yhteytt\u00e4 s\u00e4hk\u00f6postilla osoitteeseen jimmy@kortleksbolaget.se.<\/p>\n<p><strong>Tietoa verkkosivuston turvallisuudesta osoitteessa kotleksbolaget.se <\/strong><\/p>\n<p>T\u00e4m\u00e4 sivu k\u00e4ytt\u00e4\u00e4 SSL-varmenteita taataksemme henkil\u00f6tietojesi turvallisen k\u00e4sittelyn. N\u00e4in varmistamme, ettei nettikaupassamme antamiasi henkil\u00f6tietoja voi kukaan kolmas osapuoli n\u00e4hd\u00e4, salakuunnella tai muuttaa.<\/p>\n","protected":false},"excerpt":{"rendered":"<p>Hinnat ja maksaminen \u00a0Kaikki hinnat sis\u00e4lt\u00e4v\u00e4t ALV:n. Ostoskorissa n\u00e4et hinnat, johon sis\u00e4ltyv\u00e4t kaikki kustannukset, ALV, toimitus ja maksu. Toimitusmaksut n\u00e4kyv\u00e4t ostoskorissa. Toimitusmaksu on aina 11\u20ac. Pid\u00e4t\u00e4mme itsellemme oikeuden mahdollisiin paino- ja kirjoitusvirheisiin. Jos tilauksesi summa muuttuu, saat siit\u00e4 tiedon ja sinulla on oikeus muuttaa tilaustasi tai peruuttaa se. Voimme yhdess\u00e4 Klarnan kanssa tarjota seuraavat maksutavat: [&#8230;]<\/p>\n<p><a class=\"btn btn-secondary understrap-read-more-link\" href=\"https:\/\/kortleksbolaget.se\/fi\/ehdot\/\">Lue lis\u00e4\u00e4&#8230;<span class=\"screen-reader-text\"> from Ehdot<\/span><\/a><\/p>\n","protected":false},"author":2138,"featured_media":0,"parent":0,"menu_order":0,"comment_status":"closed","ping_status":"closed","template":"","meta":{"_acf_changed":false,"footnotes":""},"class_list":["post-29289","page","type-page","status-publish","hentry"],"acf":[],"yoast_head":"<!-- This site is optimized with the Yoast SEO plugin v26.3 - https:\/\/yoast.com\/wordpress\/plugins\/seo\/ -->\n<title>Ehdot - Kortleksbolaget<\/title>\n<meta name=\"robots\" content=\"index, follow, max-snippet:-1, max-image-preview:large, max-video-preview:-1\" \/>\n<link rel=\"canonical\" href=\"https:\/\/kortleksbolaget.se\/fi\/ehdot\/\" \/>\n<meta property=\"og:locale\" content=\"fi_FI\" \/>\n<meta property=\"og:type\" content=\"article\" \/>\n<meta property=\"og:title\" content=\"Ehdot - Kortleksbolaget\" \/>\n<meta property=\"og:description\" content=\"Hinnat ja maksaminen \u00a0Kaikki hinnat sis\u00e4lt\u00e4v\u00e4t ALV:n. Ostoskorissa n\u00e4et hinnat, johon sis\u00e4ltyv\u00e4t kaikki kustannukset, ALV, toimitus ja maksu. Toimitusmaksut n\u00e4kyv\u00e4t ostoskorissa. Toimitusmaksu on aina 11\u20ac. Pid\u00e4t\u00e4mme itsellemme oikeuden mahdollisiin paino- ja kirjoitusvirheisiin. Jos tilauksesi summa muuttuu, saat siit\u00e4 tiedon ja sinulla on oikeus muuttaa tilaustasi tai peruuttaa se. Voimme yhdess\u00e4 Klarnan kanssa tarjota seuraavat maksutavat: [...]Lue lis\u00e4\u00e4... from Ehdot\" \/>\n<meta property=\"og:url\" content=\"https:\/\/kortleksbolaget.se\/fi\/ehdot\/\" \/>\n<meta property=\"og:site_name\" content=\"Kortleksbolaget\" \/>\n<meta property=\"article:modified_time\" content=\"2024-04-22T12:20:03+00:00\" \/>\n<meta property=\"og:image\" content=\"https:\/\/kortleksbolaget.se\/wp-content\/uploads\/58253-alt2.png\" \/>\n\t<meta property=\"og:image:width\" content=\"740\" \/>\n\t<meta property=\"og:image:height\" content=\"416\" \/>\n\t<meta property=\"og:image:type\" content=\"image\/png\" \/>\n<meta name=\"twitter:card\" content=\"summary_large_image\" \/>\n<meta name=\"twitter:label1\" content=\"Arvioitu lukuaika\" \/>\n\t<meta name=\"twitter:data1\" content=\"2 minuuttia\" \/>\n<script type=\"application\/ld+json\" class=\"yoast-schema-graph\">{\"@context\":\"https:\/\/schema.org\",\"@graph\":[{\"@type\":\"WebPage\",\"@id\":\"https:\/\/kortleksbolaget.se\/fi\/ehdot\/\",\"url\":\"https:\/\/kortleksbolaget.se\/fi\/ehdot\/\",\"name\":\"Ehdot - Kortleksbolaget\",\"isPartOf\":{\"@id\":\"https:\/\/kortleksbolaget.se\/fi\/#website\"},\"datePublished\":\"2020-11-24T17:56:51+00:00\",\"dateModified\":\"2024-04-22T12:20:03+00:00\",\"breadcrumb\":{\"@id\":\"https:\/\/kortleksbolaget.se\/fi\/ehdot\/#breadcrumb\"},\"inLanguage\":\"fi\",\"potentialAction\":[{\"@type\":\"ReadAction\",\"target\":[\"https:\/\/kortleksbolaget.se\/fi\/ehdot\/\"]}]},{\"@type\":\"BreadcrumbList\",\"@id\":\"https:\/\/kortleksbolaget.se\/fi\/ehdot\/#breadcrumb\",\"itemListElement\":[{\"@type\":\"ListItem\",\"position\":1,\"name\":\"Hem\",\"item\":\"https:\/\/kortleksbolaget.se\/fi\/\"},{\"@type\":\"ListItem\",\"position\":2,\"name\":\"Ehdot\"}]},{\"@type\":\"WebSite\",\"@id\":\"https:\/\/kortleksbolaget.se\/fi\/#website\",\"url\":\"https:\/\/kortleksbolaget.se\/fi\/\",\"name\":\"Kortleksbolaget\",\"description\":\"Kortlekar p\u00e5 n\u00e4tet\",\"publisher\":{\"@id\":\"https:\/\/kortleksbolaget.se\/fi\/#organization\"},\"potentialAction\":[{\"@type\":\"SearchAction\",\"target\":{\"@type\":\"EntryPoint\",\"urlTemplate\":\"https:\/\/kortleksbolaget.se\/fi\/?s={search_term_string}\"},\"query-input\":{\"@type\":\"PropertyValueSpecification\",\"valueRequired\":true,\"valueName\":\"search_term_string\"}}],\"inLanguage\":\"fi\"},{\"@type\":\"Organization\",\"@id\":\"https:\/\/kortleksbolaget.se\/fi\/#organization\",\"name\":\"Kortleksbolaget\",\"url\":\"https:\/\/kortleksbolaget.se\/fi\/\",\"logo\":{\"@type\":\"ImageObject\",\"inLanguage\":\"fi\",\"@id\":\"https:\/\/kortleksbolaget.se\/fi\/#\/schema\/logo\/image\/\",\"url\":\"https:\/\/kortleksbolaget.se\/wp-content\/uploads\/kortleksbolaget_logo-svart.png\",\"contentUrl\":\"https:\/\/kortleksbolaget.se\/wp-content\/uploads\/kortleksbolaget_logo-svart.png\",\"width\":1200,\"height\":296,\"caption\":\"Kortleksbolaget\"},\"image\":{\"@id\":\"https:\/\/kortleksbolaget.se\/fi\/#\/schema\/logo\/image\/\"}}]}<\/script>\n<!-- \/ Yoast SEO plugin. -->","yoast_head_json":{"title":"Ehdot - Kortleksbolaget","robots":{"index":"index","follow":"follow","max-snippet":"max-snippet:-1","max-image-preview":"max-image-preview:large","max-video-preview":"max-video-preview:-1"},"canonical":"https:\/\/kortleksbolaget.se\/fi\/ehdot\/","og_locale":"fi_FI","og_type":"article","og_title":"Ehdot - Kortleksbolaget","og_description":"Hinnat ja maksaminen \u00a0Kaikki hinnat sis\u00e4lt\u00e4v\u00e4t ALV:n. Ostoskorissa n\u00e4et hinnat, johon sis\u00e4ltyv\u00e4t kaikki kustannukset, ALV, toimitus ja maksu. Toimitusmaksut n\u00e4kyv\u00e4t ostoskorissa. Toimitusmaksu on aina 11\u20ac. Pid\u00e4t\u00e4mme itsellemme oikeuden mahdollisiin paino- ja kirjoitusvirheisiin. Jos tilauksesi summa muuttuu, saat siit\u00e4 tiedon ja sinulla on oikeus muuttaa tilaustasi tai peruuttaa se. Voimme yhdess\u00e4 Klarnan kanssa tarjota seuraavat maksutavat: [...]Lue lis\u00e4\u00e4... from Ehdot","og_url":"https:\/\/kortleksbolaget.se\/fi\/ehdot\/","og_site_name":"Kortleksbolaget","article_modified_time":"2024-04-22T12:20:03+00:00","og_image":[{"width":740,"height":416,"url":"https:\/\/kortleksbolaget.se\/wp-content\/uploads\/58253-alt2.png","type":"image\/png"}],"twitter_card":"summary_large_image","twitter_misc":{"Arvioitu lukuaika":"2 minuuttia"},"schema":{"@context":"https:\/\/schema.org","@graph":[{"@type":"WebPage","@id":"https:\/\/kortleksbolaget.se\/fi\/ehdot\/","url":"https:\/\/kortleksbolaget.se\/fi\/ehdot\/","name":"Ehdot - Kortleksbolaget","isPartOf":{"@id":"https:\/\/kortleksbolaget.se\/fi\/#website"},"datePublished":"2020-11-24T17:56:51+00:00","dateModified":"2024-04-22T12:20:03+00:00","breadcrumb":{"@id":"https:\/\/kortleksbolaget.se\/fi\/ehdot\/#breadcrumb"},"inLanguage":"fi","potentialAction":[{"@type":"ReadAction","target":["https:\/\/kortleksbolaget.se\/fi\/ehdot\/"]}]},{"@type":"BreadcrumbList","@id":"https:\/\/kortleksbolaget.se\/fi\/ehdot\/#breadcrumb","itemListElement":[{"@type":"ListItem","position":1,"name":"Hem","item":"https:\/\/kortleksbolaget.se\/fi\/"},{"@type":"ListItem","position":2,"name":"Ehdot"}]},{"@type":"WebSite","@id":"https:\/\/kortleksbolaget.se\/fi\/#website","url":"https:\/\/kortleksbolaget.se\/fi\/","name":"Kortleksbolaget","description":"Kortlekar p\u00e5 n\u00e4tet","publisher":{"@id":"https:\/\/kortleksbolaget.se\/fi\/#organization"},"potentialAction":[{"@type":"SearchAction","target":{"@type":"EntryPoint","urlTemplate":"https:\/\/kortleksbolaget.se\/fi\/?s={search_term_string}"},"query-input":{"@type":"PropertyValueSpecification","valueRequired":true,"valueName":"search_term_string"}}],"inLanguage":"fi"},{"@type":"Organization","@id":"https:\/\/kortleksbolaget.se\/fi\/#organization","name":"Kortleksbolaget","url":"https:\/\/kortleksbolaget.se\/fi\/","logo":{"@type":"ImageObject","inLanguage":"fi","@id":"https:\/\/kortleksbolaget.se\/fi\/#\/schema\/logo\/image\/","url":"https:\/\/kortleksbolaget.se\/wp-content\/uploads\/kortleksbolaget_logo-svart.png","contentUrl":"https:\/\/kortleksbolaget.se\/wp-content\/uploads\/kortleksbolaget_logo-svart.png","width":1200,"height":296,"caption":"Kortleksbolaget"},"image":{"@id":"https:\/\/kortleksbolaget.se\/fi\/#\/schema\/logo\/image\/"}}]}},"_links":{"self":[{"href":"https:\/\/kortleksbolaget.se\/fi\/wp-json\/wp\/v2\/pages\/29289","targetHints":{"allow":["GET"]}}],"collection":[{"href":"https:\/\/kortleksbolaget.se\/fi\/wp-json\/wp\/v2\/pages"}],"about":[{"href":"https:\/\/kortleksbolaget.se\/fi\/wp-json\/wp\/v2\/types\/page"}],"author":[{"embeddable":true,"href":"https:\/\/kortleksbolaget.se\/fi\/wp-json\/wp\/v2\/users\/2138"}],"replies":[{"embeddable":true,"href":"https:\/\/kortleksbolaget.se\/fi\/wp-json\/wp\/v2\/comments?post=29289"}],"version-history":[{"count":1,"href":"https:\/\/kortleksbolaget.se\/fi\/wp-json\/wp\/v2\/pages\/29289\/revisions"}],"predecessor-version":[{"id":142665,"href":"https:\/\/kortleksbolaget.se\/fi\/wp-json\/wp\/v2\/pages\/29289\/revisions\/142665"}],"wp:attachment":[{"href":"https:\/\/kortleksbolaget.se\/fi\/wp-json\/wp\/v2\/media?parent=29289"}],"curies":[{"name":"wp","href":"https:\/\/api.w.org\/{rel}","templated":true}]}}