{"id":30150,"date":"2020-11-24T19:00:17","date_gmt":"2020-11-24T18:00:17","guid":{"rendered":"https:\/\/kortleksbolaget.se\/nyasidan2021\/?page_id=30150"},"modified":"2020-11-24T19:00:17","modified_gmt":"2020-11-24T18:00:17","slug":"tietosuoja","status":"publish","type":"page","link":"https:\/\/kortleksbolaget.se\/fi\/tietosuoja\/","title":{"rendered":"Tietosuoja"},"content":{"rendered":"<p>T\u00e4ss\u00e4 tietosuojailmoituksessa kerromme, miten Kortleksbolaget k\u00e4sittelee asiakkaansa henkil\u00f6tietoja.<\/p>\n<h3>1. Esittely<\/h3>\n<p>Kortleksbolaget Sverige AB, 559275-3403, suhtautuu tietosuoja-asioihin vakavasti. Kerromme t\u00e4ss\u00e4 tietosuojailmoituksessa henkil\u00f6tietojesi k\u00e4sittelyst\u00e4 ja tallentamisesta. Henkil\u00f6tiedoilla tarkoitetaan tietoja, joiden avulla henkil\u00f6 voidaan tunnistaa suoraan tai v\u00e4lillisesti. N\u00e4it\u00e4 tietoja ovat esimerkiksi nimi, puhelinnumero, osoite ja s\u00e4hk\u00f6postiosoite. Kortleksbolaget noudattaa asiakkaan tietojen k\u00e4sittelyss\u00e4 ja tallentamisessa EU:n tietosuoja-asetusta (GDPR (EU) 2016\/679). Tietosuoja-asetuksesta voi lukea lis\u00e4\u00e4 Ruotsin valvontaviranomaisen sivuilta <a href=\"http:\/\/www.datainspektionen.se\">www.datainspektionen.se<\/a>.<\/p>\n<p>&nbsp;<\/p>\n<p>Henkil\u00f6tietojen k\u00e4sittelyst\u00e4 vastaa Kortleksbolaget, 559275-3403.\u00a0\u00a0Tietosuoja-asioissa meihin voi olla yhteydess\u00e4 s\u00e4hk\u00f6postitse <a href=\"mailto:info@kortleksbolaget.se\">info@kortleksbolaget.se<\/a> tai puhelimitse +46 709792007.<\/p>\n<h3>2. Tietojen keruu<\/h3>\n<p>Kun vierailet osoitteessa www.kortleksbolaget.se, teet ostoksen, kirjaudut sivustolle tai kirjaudut ulos, ker\u00e4\u00e4mme sinusta tietoja. N\u00e4ist\u00e4 tiedoista k\u00e4yv\u00e4t ilmi nimesi, s\u00e4hk\u00f6postiosoitteesi ja puhelinnumerosi.<\/p>\n<p>Saamme my\u00f6s automaattisesti tietoa tietokoneestasi ja selaimestasi. N\u00e4it\u00e4 tietoja ovat IP-osoitteesi, tiedot k\u00e4ytt\u00e4m\u00e4st\u00e4si ohjelmistosta ja laitteestasi sek\u00e4 k\u00e4ytt\u00e4m\u00e4st\u00e4si sivusta.<\/p>\n<p>&nbsp;<\/p>\n<p>Tietosuojailmoituksemme auttaa sinua ymm\u00e4rt\u00e4m\u00e4\u00e4n, mit\u00e4 tietoja Kortleksbolaget ker\u00e4\u00e4 ja miten niit\u00e4 k\u00e4ytet\u00e4\u00e4n. Tekem\u00e4ll\u00e4 tilauksen nettisivuillamme ja antamalla henkil\u00f6tietosi hyv\u00e4ksyt henkil\u00f6tietojesi k\u00e4sittelyn alla olevalla tavalla.<\/p>\n<h3>3. Mihin tietojasi k\u00e4ytet\u00e4\u00e4n<\/h3>\n<ul>\n<li>Parantamaan k\u00e4ytt\u00f6kokemustasi sivustollamme<\/li>\n<li>Kohdennettuun mainontaan<\/li>\n<li>Sivustomme kehitt\u00e4miseen<\/li>\n<li>Parantamaan asiakaspalveluamme<\/li>\n<li>S\u00e4hk\u00f6postiviestint\u00e4\u00e4n<\/li>\n<li>Kilpailujen j\u00e4rjest\u00e4miseen, sinulle kohdennettuihin tarjouksiin tai kyselyiden tekemiseen.<\/li>\n<\/ul>\n<h3>4. Turvallisuus<\/h3>\n<p>Emme v\u00e4lit\u00e4 henkil\u00f6tietojasi kolmansille osapuolille. Henkil\u00f6tietojasi jaetaan vain siin\u00e4 tapauksessa, ett\u00e4 se on v\u00e4ltt\u00e4m\u00e4t\u00f6nt\u00e4 pyynt\u00f6si, tiedustelusi tai tilauksesi k\u00e4sittelyss\u00e4.<\/p>\n<h3>5. Tietojen v\u00e4litys kolmansille osapuolille<\/h3>\n<p>Emme myy, osta tai mill\u00e4\u00e4n muulla tavoin v\u00e4lit\u00e4 henkil\u00f6tietojasi kolmansille osapuolille. T\u00e4m\u00e4 ei koske kolmansia osapuolia, jotka auttavat meit\u00e4 sivustomme tai yrityksemme yll\u00e4pidossa. Vaatimuksena on, ett\u00e4 n\u00e4m\u00e4 osapuolet k\u00e4sittelev\u00e4t henkil\u00f6tietojasi luottamuksellisesti.<\/p>\n<p>&nbsp;<\/p>\n<p>Meid\u00e4n on v\u00e4ltt\u00e4m\u00e4t\u00f6nt\u00e4 jakaa tietoja tutkiaksemme tai est\u00e4\u00e4ksemme rikosta tai jos ryhdymme toimenpiteisiin rikosasiassa, petosep\u00e4ilyss\u00e4, henkil\u00f6n fyysist\u00e4 turvallisuutta uhkaavassa tilanteessa, k\u00e4ytt\u00e4j\u00e4ehtojamme rikottaessa tai muissa lain tarkoittamissa tilanteissa.<\/p>\n<p>&nbsp;<\/p>\n<p>Julkiset tiedot voidaan jakaa kolmansille osapuolille markkinointia ja mainontaa koskien tai muissa tarkoituksissa. Suosittelemme, ett\u00e4 luet kanssamme yhteisty\u00f6t\u00e4 tekevien kolmansien osapuolten tietosuojak\u00e4yt\u00e4nn\u00f6t.<\/p>\n<h3>6. Ev\u00e4steet<\/h3>\n<p>Kortleksbolaget.se k\u00e4ytt\u00e4\u00e4 ev\u00e4steit\u00e4 parantaakseen saatavuutta, k\u00e4ytt\u00e4jien tunnistamiseen sek\u00e4 analysoimaan, miten vierailijat k\u00e4ytt\u00e4v\u00e4t sivustoamme kortleksbolaget.se. Ev\u00e4steiden avulla voimme parantaa k\u00e4ytt\u00e4j\u00e4kokemusta seuraamalla ja kohdentamalla vierailijoiden kiinnostuksen kohteita.<\/p>\n<p>&nbsp;<\/p>\n<p>Kortleksbolaget k\u00e4ytt\u00e4\u00e4 Google Analyticsia tilastotietojen ker\u00e4\u00e4miseen ja verkkosivujen kehitt\u00e4miseen.<\/p>\n<p>&nbsp;<\/p>\n<p><strong>On kahdenlaisia ev\u00e4steit\u00e4.<\/strong><\/p>\n<p>Toiset ev\u00e4steet tallentavat tiedostot pitemm\u00e4ksi aikaa tietokoneellesi. Niit\u00e4 k\u00e4ytet\u00e4\u00e4n toimintoihin, joista n\u00e4kee esimerkiksi, mit\u00e4 uutta edellisen vierailun j\u00e4lkeen on tullut.<\/p>\n<p>Toiset taas ovat istuntokohtaisia ev\u00e4steit\u00e4. Ne tallentuvat v\u00e4liaikaisesti tietokoneesi muistiin, kun vierailet jollakin sivustolla ja seuraavat esimerkiksi kielivalintojasi. N\u00e4m\u00e4 ev\u00e4steet poistuvat tietokoneeltasi, kun suljet selaimen.<\/p>\n<p>Ev\u00e4steiden k\u00e4ytt\u00f6 t\u00e4ll\u00e4 sivustolla on vapaaehtoista. Ev\u00e4steiden k\u00e4yt\u00f6n voi est\u00e4\u00e4 selaimen asetuksista.<\/p>\n<h3>7. Muutoksia tietosuojak\u00e4yt\u00e4nt\u00f6\u00f6n<\/h3>\n<p>Suhtaudumme tietosuojak\u00e4yt\u00e4nt\u00f6\u00f6n vakavasti, mutta tiedostamme my\u00f6s, ett\u00e4 k\u00e4yt\u00e4nn\u00f6t saattavat muuttua ajan kuluessa. T\u00e4st\u00e4 syyst\u00e4 pid\u00e4t\u00e4mme oikeuden muuttaa tietosuojak\u00e4yt\u00e4nt\u00f6\u00e4mme, jos se on v\u00e4ltt\u00e4m\u00e4t\u00f6nt\u00e4 uusien oikeudellisten ja teknisten vaatimusten takia.<\/p>\n<h3>8. Uutiskirjeen tilaus<\/h3>\n<p>Kortleksbolaget k\u00e4ytt\u00e4\u00e4 rekister\u00f6im\u00e4\u00e4si s\u00e4hk\u00f6postiosoitetta l\u00e4hett\u00e4\u00e4kseen sinulle tarpeellisia tietoja ja p\u00e4ivityksi\u00e4. Uutiskirjeen voi perua seuraamalla jokaisen s\u00e4hk\u00f6postin lopussa olevia ohjeita.<\/p>\n<h3>9. Suostumus<\/h3>\n<p>K\u00e4ytt\u00e4m\u00e4ll\u00e4 sivustoamme annat suostumuksesi henkil\u00f6tietojesi k\u00e4sittelyyn.<\/p>\n<p>&nbsp;<\/p>\n<p>&nbsp;<\/p>\n","protected":false},"excerpt":{"rendered":"<p>T\u00e4ss\u00e4 tietosuojailmoituksessa kerromme, miten Kortleksbolaget k\u00e4sittelee asiakkaansa henkil\u00f6tietoja. 1. Esittely Kortleksbolaget Sverige AB, 559275-3403, suhtautuu tietosuoja-asioihin vakavasti. Kerromme t\u00e4ss\u00e4 tietosuojailmoituksessa henkil\u00f6tietojesi k\u00e4sittelyst\u00e4 ja tallentamisesta. Henkil\u00f6tiedoilla tarkoitetaan tietoja, joiden avulla henkil\u00f6 voidaan tunnistaa suoraan tai v\u00e4lillisesti. N\u00e4it\u00e4 tietoja ovat esimerkiksi nimi, puhelinnumero, osoite ja s\u00e4hk\u00f6postiosoite. Kortleksbolaget noudattaa asiakkaan tietojen k\u00e4sittelyss\u00e4 ja tallentamisessa EU:n tietosuoja-asetusta (GDPR (EU) [&#8230;]<\/p>\n<p><a class=\"btn btn-secondary understrap-read-more-link\" href=\"https:\/\/kortleksbolaget.se\/fi\/tietosuoja\/\">Lue lis\u00e4\u00e4&#8230;<span class=\"screen-reader-text\"> from Tietosuoja<\/span><\/a><\/p>\n","protected":false},"author":2138,"featured_media":0,"parent":0,"menu_order":0,"comment_status":"closed","ping_status":"closed","template":"","meta":{"_acf_changed":false,"footnotes":""},"class_list":["post-30150","page","type-page","status-publish","hentry"],"acf":[],"yoast_head":"<!-- This site is optimized with the Yoast SEO plugin v26.3 - https:\/\/yoast.com\/wordpress\/plugins\/seo\/ -->\n<title>Tietosuoja - Kortleksbolaget<\/title>\n<meta name=\"robots\" content=\"index, follow, max-snippet:-1, max-image-preview:large, max-video-preview:-1\" \/>\n<link rel=\"canonical\" href=\"https:\/\/kortleksbolaget.se\/fi\/tietosuoja\/\" \/>\n<meta property=\"og:locale\" content=\"fi_FI\" \/>\n<meta property=\"og:type\" content=\"article\" \/>\n<meta property=\"og:title\" content=\"Tietosuoja - Kortleksbolaget\" \/>\n<meta property=\"og:description\" content=\"T\u00e4ss\u00e4 tietosuojailmoituksessa kerromme, miten Kortleksbolaget k\u00e4sittelee asiakkaansa henkil\u00f6tietoja. 1. Esittely Kortleksbolaget Sverige AB, 559275-3403, suhtautuu tietosuoja-asioihin vakavasti. Kerromme t\u00e4ss\u00e4 tietosuojailmoituksessa henkil\u00f6tietojesi k\u00e4sittelyst\u00e4 ja tallentamisesta. Henkil\u00f6tiedoilla tarkoitetaan tietoja, joiden avulla henkil\u00f6 voidaan tunnistaa suoraan tai v\u00e4lillisesti. N\u00e4it\u00e4 tietoja ovat esimerkiksi nimi, puhelinnumero, osoite ja s\u00e4hk\u00f6postiosoite. Kortleksbolaget noudattaa asiakkaan tietojen k\u00e4sittelyss\u00e4 ja tallentamisessa EU:n tietosuoja-asetusta (GDPR (EU) [...]Lue lis\u00e4\u00e4... from Tietosuoja\" \/>\n<meta property=\"og:url\" content=\"https:\/\/kortleksbolaget.se\/fi\/tietosuoja\/\" \/>\n<meta property=\"og:site_name\" content=\"Kortleksbolaget\" \/>\n<meta property=\"og:image\" content=\"https:\/\/kortleksbolaget.se\/wp-content\/uploads\/58253-alt2.png\" \/>\n\t<meta property=\"og:image:width\" content=\"740\" \/>\n\t<meta property=\"og:image:height\" content=\"416\" \/>\n\t<meta property=\"og:image:type\" content=\"image\/png\" \/>\n<meta name=\"twitter:card\" content=\"summary_large_image\" \/>\n<meta name=\"twitter:label1\" content=\"Arvioitu lukuaika\" \/>\n\t<meta name=\"twitter:data1\" content=\"3 minuuttia\" \/>\n<script type=\"application\/ld+json\" class=\"yoast-schema-graph\">{\"@context\":\"https:\/\/schema.org\",\"@graph\":[{\"@type\":\"WebPage\",\"@id\":\"https:\/\/kortleksbolaget.se\/fi\/tietosuoja\/\",\"url\":\"https:\/\/kortleksbolaget.se\/fi\/tietosuoja\/\",\"name\":\"Tietosuoja - Kortleksbolaget\",\"isPartOf\":{\"@id\":\"https:\/\/kortleksbolaget.se\/fi\/#website\"},\"datePublished\":\"2020-11-24T18:00:17+00:00\",\"breadcrumb\":{\"@id\":\"https:\/\/kortleksbolaget.se\/fi\/tietosuoja\/#breadcrumb\"},\"inLanguage\":\"fi\",\"potentialAction\":[{\"@type\":\"ReadAction\",\"target\":[\"https:\/\/kortleksbolaget.se\/fi\/tietosuoja\/\"]}]},{\"@type\":\"BreadcrumbList\",\"@id\":\"https:\/\/kortleksbolaget.se\/fi\/tietosuoja\/#breadcrumb\",\"itemListElement\":[{\"@type\":\"ListItem\",\"position\":1,\"name\":\"Hem\",\"item\":\"https:\/\/kortleksbolaget.se\/fi\/\"},{\"@type\":\"ListItem\",\"position\":2,\"name\":\"Tietosuoja\"}]},{\"@type\":\"WebSite\",\"@id\":\"https:\/\/kortleksbolaget.se\/fi\/#website\",\"url\":\"https:\/\/kortleksbolaget.se\/fi\/\",\"name\":\"Kortleksbolaget\",\"description\":\"Kortlekar p\u00e5 n\u00e4tet\",\"publisher\":{\"@id\":\"https:\/\/kortleksbolaget.se\/fi\/#organization\"},\"potentialAction\":[{\"@type\":\"SearchAction\",\"target\":{\"@type\":\"EntryPoint\",\"urlTemplate\":\"https:\/\/kortleksbolaget.se\/fi\/?s={search_term_string}\"},\"query-input\":{\"@type\":\"PropertyValueSpecification\",\"valueRequired\":true,\"valueName\":\"search_term_string\"}}],\"inLanguage\":\"fi\"},{\"@type\":\"Organization\",\"@id\":\"https:\/\/kortleksbolaget.se\/fi\/#organization\",\"name\":\"Kortleksbolaget\",\"url\":\"https:\/\/kortleksbolaget.se\/fi\/\",\"logo\":{\"@type\":\"ImageObject\",\"inLanguage\":\"fi\",\"@id\":\"https:\/\/kortleksbolaget.se\/fi\/#\/schema\/logo\/image\/\",\"url\":\"https:\/\/kortleksbolaget.se\/wp-content\/uploads\/kortleksbolaget_logo-svart.png\",\"contentUrl\":\"https:\/\/kortleksbolaget.se\/wp-content\/uploads\/kortleksbolaget_logo-svart.png\",\"width\":1200,\"height\":296,\"caption\":\"Kortleksbolaget\"},\"image\":{\"@id\":\"https:\/\/kortleksbolaget.se\/fi\/#\/schema\/logo\/image\/\"}}]}<\/script>\n<!-- \/ Yoast SEO plugin. -->","yoast_head_json":{"title":"Tietosuoja - Kortleksbolaget","robots":{"index":"index","follow":"follow","max-snippet":"max-snippet:-1","max-image-preview":"max-image-preview:large","max-video-preview":"max-video-preview:-1"},"canonical":"https:\/\/kortleksbolaget.se\/fi\/tietosuoja\/","og_locale":"fi_FI","og_type":"article","og_title":"Tietosuoja - Kortleksbolaget","og_description":"T\u00e4ss\u00e4 tietosuojailmoituksessa kerromme, miten Kortleksbolaget k\u00e4sittelee asiakkaansa henkil\u00f6tietoja. 1. Esittely Kortleksbolaget Sverige AB, 559275-3403, suhtautuu tietosuoja-asioihin vakavasti. Kerromme t\u00e4ss\u00e4 tietosuojailmoituksessa henkil\u00f6tietojesi k\u00e4sittelyst\u00e4 ja tallentamisesta. Henkil\u00f6tiedoilla tarkoitetaan tietoja, joiden avulla henkil\u00f6 voidaan tunnistaa suoraan tai v\u00e4lillisesti. N\u00e4it\u00e4 tietoja ovat esimerkiksi nimi, puhelinnumero, osoite ja s\u00e4hk\u00f6postiosoite. Kortleksbolaget noudattaa asiakkaan tietojen k\u00e4sittelyss\u00e4 ja tallentamisessa EU:n tietosuoja-asetusta (GDPR (EU) [...]Lue lis\u00e4\u00e4... from Tietosuoja","og_url":"https:\/\/kortleksbolaget.se\/fi\/tietosuoja\/","og_site_name":"Kortleksbolaget","og_image":[{"width":740,"height":416,"url":"https:\/\/kortleksbolaget.se\/wp-content\/uploads\/58253-alt2.png","type":"image\/png"}],"twitter_card":"summary_large_image","twitter_misc":{"Arvioitu lukuaika":"3 minuuttia"},"schema":{"@context":"https:\/\/schema.org","@graph":[{"@type":"WebPage","@id":"https:\/\/kortleksbolaget.se\/fi\/tietosuoja\/","url":"https:\/\/kortleksbolaget.se\/fi\/tietosuoja\/","name":"Tietosuoja - Kortleksbolaget","isPartOf":{"@id":"https:\/\/kortleksbolaget.se\/fi\/#website"},"datePublished":"2020-11-24T18:00:17+00:00","breadcrumb":{"@id":"https:\/\/kortleksbolaget.se\/fi\/tietosuoja\/#breadcrumb"},"inLanguage":"fi","potentialAction":[{"@type":"ReadAction","target":["https:\/\/kortleksbolaget.se\/fi\/tietosuoja\/"]}]},{"@type":"BreadcrumbList","@id":"https:\/\/kortleksbolaget.se\/fi\/tietosuoja\/#breadcrumb","itemListElement":[{"@type":"ListItem","position":1,"name":"Hem","item":"https:\/\/kortleksbolaget.se\/fi\/"},{"@type":"ListItem","position":2,"name":"Tietosuoja"}]},{"@type":"WebSite","@id":"https:\/\/kortleksbolaget.se\/fi\/#website","url":"https:\/\/kortleksbolaget.se\/fi\/","name":"Kortleksbolaget","description":"Kortlekar p\u00e5 n\u00e4tet","publisher":{"@id":"https:\/\/kortleksbolaget.se\/fi\/#organization"},"potentialAction":[{"@type":"SearchAction","target":{"@type":"EntryPoint","urlTemplate":"https:\/\/kortleksbolaget.se\/fi\/?s={search_term_string}"},"query-input":{"@type":"PropertyValueSpecification","valueRequired":true,"valueName":"search_term_string"}}],"inLanguage":"fi"},{"@type":"Organization","@id":"https:\/\/kortleksbolaget.se\/fi\/#organization","name":"Kortleksbolaget","url":"https:\/\/kortleksbolaget.se\/fi\/","logo":{"@type":"ImageObject","inLanguage":"fi","@id":"https:\/\/kortleksbolaget.se\/fi\/#\/schema\/logo\/image\/","url":"https:\/\/kortleksbolaget.se\/wp-content\/uploads\/kortleksbolaget_logo-svart.png","contentUrl":"https:\/\/kortleksbolaget.se\/wp-content\/uploads\/kortleksbolaget_logo-svart.png","width":1200,"height":296,"caption":"Kortleksbolaget"},"image":{"@id":"https:\/\/kortleksbolaget.se\/fi\/#\/schema\/logo\/image\/"}}]}},"_links":{"self":[{"href":"https:\/\/kortleksbolaget.se\/fi\/wp-json\/wp\/v2\/pages\/30150","targetHints":{"allow":["GET"]}}],"collection":[{"href":"https:\/\/kortleksbolaget.se\/fi\/wp-json\/wp\/v2\/pages"}],"about":[{"href":"https:\/\/kortleksbolaget.se\/fi\/wp-json\/wp\/v2\/types\/page"}],"author":[{"embeddable":true,"href":"https:\/\/kortleksbolaget.se\/fi\/wp-json\/wp\/v2\/users\/2138"}],"replies":[{"embeddable":true,"href":"https:\/\/kortleksbolaget.se\/fi\/wp-json\/wp\/v2\/comments?post=30150"}],"version-history":[{"count":0,"href":"https:\/\/kortleksbolaget.se\/fi\/wp-json\/wp\/v2\/pages\/30150\/revisions"}],"wp:attachment":[{"href":"https:\/\/kortleksbolaget.se\/fi\/wp-json\/wp\/v2\/media?parent=30150"}],"curies":[{"name":"wp","href":"https:\/\/api.w.org\/{rel}","templated":true}]}}