{"id":100919,"date":"2022-10-18T18:58:28","date_gmt":"2022-10-18T16:58:28","guid":{"rendered":"https:\/\/kortleksbolaget.se\/produkt\/spread-travel-2-0\/"},"modified":"2022-10-18T18:58:28","modified_gmt":"2022-10-18T16:58:28","slug":"spread-travel-2-0","status":"publish","type":"product","link":"https:\/\/kortleksbolaget.se\/fi\/tuote\/spread-travel-2-0\/","title":{"rendered":"Spread Travel 2.0"},"content":{"rendered":"","protected":false},"excerpt":{"rendered":"<div class=\"box-inner1\">\n<div class=\"product-description Scrollable\">\n<div class=\"product attribute overview\">\n<div class=\"value\">\n<p><strong>SPREAD &#8211; A COMPLETE SELL-OUT AT THE BLACKPOOL MAGICIANS CONVENTION 2020 AND NOW IT\u2019S BACK AND BETTER THAN EVER!\u00a0<\/strong><\/p>\n<p>Spread 2.0 has been redesigned to provide you with even more performing possibilities.<\/p>\n<p>Including routines ideas from Gary Sumpter, Stevo Watson, Peter Nardi and Harry Nardi<\/p>\n<p>At Blackpool 2020, we released SPREAD V1 &#8211; a completely custom designed UNIQUE deck of cards that allows for a super visual mentalism routine. Check out the trailer above to see how AWESOME the spreads look!<\/p>\n<p><strong>This Trick \/ Deck \/ Routine was REALLY popular, many people telling us that it was the best thing they had seen.\u00a0<\/strong><\/p>\n<p>We sold out completely, but now in conjunction with Alakazam we have made some great changes that takes V2 to an entire new level.<\/p>\n<p><strong>What is Spread 2.0?\u00a0<\/strong><\/p>\n<p>Spread 2.0 is a custom designed poker deck (cards and box). It is meant to look like a deck of souvenir cards that you would find in any gift shop.<\/p>\n<p>On the face of each card is a different location in the world, these are some of the most visited travel destinations.<\/p>\n<p>Your spectators cut the cards and are then offered 2, 3 or 4 cards where they cut.<\/p>\n<p>They take these cards and choose just ONE, placing the others on the table, face down of course.<\/p>\n<p>You can now read the spectators mind and tell them the place that they are thinking of.<\/p>\n<p><strong>BUT. That&#8217;s not the kicker.\u00a0<\/strong><\/p>\n<p>When you spread the deck face down, their thought of place appears as a highly visual image (just watch the trailer to see how visual the reveal is!)<\/p>\n<p>Each deck has 4 reveals built in, depending on which way you spread the deck.<\/p>\n<p>&nbsp;<\/p>\n<p><strong>The Travel Edition\u00a0<\/strong><\/p>\n<p>The Statue of Liberty (New York),\u00a0<strong>The Eiffel Tower (Paris)<\/strong>,\u00a0The Leaning Tower of Pisa (Italy) &amp;\u00a0<strong>Big Ben (London)\u00a0<\/strong><\/p>\n<p><strong>Spread is SO easy to perform but packs a seriously visual PUNCH!<\/strong><\/p>\n<p>Trust us when we say that you WILL want to perform this!<\/p>\n<p><strong>Comes with full video instructions to have you performing SPREAD straight away!\u00a0<\/strong><\/p>\n<\/div>\n<\/div>\n<\/div>\n<\/div>\n<p id=\"tw-target-text\" class=\"tw-data-text tw-text-large tw-ta\" dir=\"ltr\" data-placeholder=\"\u00d6vers\u00e4ttning\"><span class=\"Y2IQFc\" lang=\"sv\">\u00a0<\/span><\/p>\n<p> [&#8230;]<\/p>\n<p><a class=\"btn btn-secondary understrap-read-more-link\" href=\"https:\/\/kortleksbolaget.se\/fi\/tuote\/spread-travel-2-0\/\">Lue lis\u00e4\u00e4&#8230;<span class=\"screen-reader-text\"> from Spread Travel 2.0<\/span><\/a><\/p>\n","protected":false},"featured_media":100905,"template":"","meta":{"_acf_changed":false},"product_brand":[],"product_cat":[129],"product_tag":[],"class_list":{"0":"post-100919","1":"product","2":"type-product","3":"status-publish","4":"has-post-thumbnail","6":"product_cat-taikuus-fi","8":"first","9":"instock","10":"taxable","11":"shipping-taxable","12":"purchasable","13":"product-type-simple"},"acf":[],"yoast_head":"<!-- This site is optimized with the Yoast SEO plugin v26.3 - https:\/\/yoast.com\/wordpress\/plugins\/seo\/ -->\n<title>Kortlek Spread Travel 2.0 | Kortleksbolaget<\/title>\n<meta name=\"description\" content=\"K\u00f6p Spread Travel 2.0. Snabba leveranser &amp; bra priser. Sveriges st\u00f6rsta sortiment av kortlekar p\u00e5 Kortleksbolaget!\" \/>\n<meta name=\"robots\" content=\"index, follow, max-snippet:-1, max-image-preview:large, max-video-preview:-1\" \/>\n<link rel=\"canonical\" href=\"https:\/\/kortleksbolaget.se\/fi\/tuote\/spread-travel-2-0\/\" \/>\n<meta property=\"og:locale\" content=\"fi_FI\" \/>\n<meta property=\"og:type\" content=\"article\" \/>\n<meta property=\"og:title\" content=\"Kortlek Spread Travel 2.0 | Kortleksbolaget\" \/>\n<meta property=\"og:description\" content=\"K\u00f6p Spread Travel 2.0. Snabba leveranser &amp; bra priser. Sveriges st\u00f6rsta sortiment av kortlekar p\u00e5 Kortleksbolaget!\" \/>\n<meta property=\"og:url\" content=\"https:\/\/kortleksbolaget.se\/fi\/tuote\/spread-travel-2-0\/\" \/>\n<meta property=\"og:site_name\" content=\"Kortleksbolaget\" \/>\n<meta property=\"og:image\" content=\"https:\/\/kortleksbolaget.se\/wp-content\/uploads\/spread-travel-2-1.jpg\" \/>\n\t<meta property=\"og:image:width\" content=\"508\" \/>\n\t<meta property=\"og:image:height\" content=\"761\" \/>\n\t<meta property=\"og:image:type\" content=\"image\/jpeg\" \/>\n<meta name=\"twitter:card\" content=\"summary_large_image\" \/>\n<script type=\"application\/ld+json\" class=\"yoast-schema-graph\">{\"@context\":\"https:\/\/schema.org\",\"@graph\":[{\"@type\":\"WebPage\",\"@id\":\"https:\/\/kortleksbolaget.se\/fi\/tuote\/spread-travel-2-0\/\",\"url\":\"https:\/\/kortleksbolaget.se\/fi\/tuote\/spread-travel-2-0\/\",\"name\":\"Kortlek Spread Travel 2.0 | Kortleksbolaget\",\"isPartOf\":{\"@id\":\"https:\/\/kortleksbolaget.se\/fi\/#website\"},\"primaryImageOfPage\":{\"@id\":\"https:\/\/kortleksbolaget.se\/fi\/tuote\/spread-travel-2-0\/#primaryimage\"},\"image\":{\"@id\":\"https:\/\/kortleksbolaget.se\/fi\/tuote\/spread-travel-2-0\/#primaryimage\"},\"thumbnailUrl\":\"https:\/\/kortleksbolaget.se\/wp-content\/uploads\/spread-travel-2-1.jpg\",\"datePublished\":\"2022-10-18T16:58:28+00:00\",\"description\":\"K\u00f6p Spread Travel 2.0. Snabba leveranser & bra priser. Sveriges st\u00f6rsta sortiment av kortlekar p\u00e5 Kortleksbolaget!\",\"breadcrumb\":{\"@id\":\"https:\/\/kortleksbolaget.se\/fi\/tuote\/spread-travel-2-0\/#breadcrumb\"},\"inLanguage\":\"fi\",\"potentialAction\":[{\"@type\":\"ReadAction\",\"target\":[\"https:\/\/kortleksbolaget.se\/fi\/tuote\/spread-travel-2-0\/\"]}]},{\"@type\":\"ImageObject\",\"inLanguage\":\"fi\",\"@id\":\"https:\/\/kortleksbolaget.se\/fi\/tuote\/spread-travel-2-0\/#primaryimage\",\"url\":\"https:\/\/kortleksbolaget.se\/wp-content\/uploads\/spread-travel-2-1.jpg\",\"contentUrl\":\"https:\/\/kortleksbolaget.se\/wp-content\/uploads\/spread-travel-2-1.jpg\",\"width\":508,\"height\":761},{\"@type\":\"BreadcrumbList\",\"@id\":\"https:\/\/kortleksbolaget.se\/fi\/tuote\/spread-travel-2-0\/#breadcrumb\",\"itemListElement\":[{\"@type\":\"ListItem\",\"position\":1,\"name\":\"Hem\",\"item\":\"https:\/\/kortleksbolaget.se\/fi\/\"},{\"@type\":\"ListItem\",\"position\":2,\"name\":\"N\u00e4yt\u00e4 kaikki tuotteet\",\"item\":\"https:\/\/kortleksbolaget.se\/fi\/kaupassa\/\"},{\"@type\":\"ListItem\",\"position\":3,\"name\":\"Spread Travel 2.0\"}]},{\"@type\":\"WebSite\",\"@id\":\"https:\/\/kortleksbolaget.se\/fi\/#website\",\"url\":\"https:\/\/kortleksbolaget.se\/fi\/\",\"name\":\"Kortleksbolaget\",\"description\":\"Kortlekar p\u00e5 n\u00e4tet\",\"publisher\":{\"@id\":\"https:\/\/kortleksbolaget.se\/fi\/#organization\"},\"potentialAction\":[{\"@type\":\"SearchAction\",\"target\":{\"@type\":\"EntryPoint\",\"urlTemplate\":\"https:\/\/kortleksbolaget.se\/fi\/?s={search_term_string}\"},\"query-input\":{\"@type\":\"PropertyValueSpecification\",\"valueRequired\":true,\"valueName\":\"search_term_string\"}}],\"inLanguage\":\"fi\"},{\"@type\":\"Organization\",\"@id\":\"https:\/\/kortleksbolaget.se\/fi\/#organization\",\"name\":\"Kortleksbolaget\",\"url\":\"https:\/\/kortleksbolaget.se\/fi\/\",\"logo\":{\"@type\":\"ImageObject\",\"inLanguage\":\"fi\",\"@id\":\"https:\/\/kortleksbolaget.se\/fi\/#\/schema\/logo\/image\/\",\"url\":\"https:\/\/kortleksbolaget.se\/wp-content\/uploads\/kortleksbolaget_logo-svart.png\",\"contentUrl\":\"https:\/\/kortleksbolaget.se\/wp-content\/uploads\/kortleksbolaget_logo-svart.png\",\"width\":1200,\"height\":296,\"caption\":\"Kortleksbolaget\"},\"image\":{\"@id\":\"https:\/\/kortleksbolaget.se\/fi\/#\/schema\/logo\/image\/\"}}]}<\/script>\n<!-- \/ Yoast SEO plugin. -->","yoast_head_json":{"title":"Kortlek Spread Travel 2.0 | Kortleksbolaget","description":"K\u00f6p Spread Travel 2.0. Snabba leveranser & bra priser. Sveriges st\u00f6rsta sortiment av kortlekar p\u00e5 Kortleksbolaget!","robots":{"index":"index","follow":"follow","max-snippet":"max-snippet:-1","max-image-preview":"max-image-preview:large","max-video-preview":"max-video-preview:-1"},"canonical":"https:\/\/kortleksbolaget.se\/fi\/tuote\/spread-travel-2-0\/","og_locale":"fi_FI","og_type":"article","og_title":"Kortlek Spread Travel 2.0 | Kortleksbolaget","og_description":"K\u00f6p Spread Travel 2.0. Snabba leveranser & bra priser. Sveriges st\u00f6rsta sortiment av kortlekar p\u00e5 Kortleksbolaget!","og_url":"https:\/\/kortleksbolaget.se\/fi\/tuote\/spread-travel-2-0\/","og_site_name":"Kortleksbolaget","og_image":[{"width":508,"height":761,"url":"https:\/\/kortleksbolaget.se\/wp-content\/uploads\/spread-travel-2-1.jpg","type":"image\/jpeg"}],"twitter_card":"summary_large_image","schema":{"@context":"https:\/\/schema.org","@graph":[{"@type":"WebPage","@id":"https:\/\/kortleksbolaget.se\/fi\/tuote\/spread-travel-2-0\/","url":"https:\/\/kortleksbolaget.se\/fi\/tuote\/spread-travel-2-0\/","name":"Kortlek Spread Travel 2.0 | Kortleksbolaget","isPartOf":{"@id":"https:\/\/kortleksbolaget.se\/fi\/#website"},"primaryImageOfPage":{"@id":"https:\/\/kortleksbolaget.se\/fi\/tuote\/spread-travel-2-0\/#primaryimage"},"image":{"@id":"https:\/\/kortleksbolaget.se\/fi\/tuote\/spread-travel-2-0\/#primaryimage"},"thumbnailUrl":"https:\/\/kortleksbolaget.se\/wp-content\/uploads\/spread-travel-2-1.jpg","datePublished":"2022-10-18T16:58:28+00:00","description":"K\u00f6p Spread Travel 2.0. Snabba leveranser & bra priser. Sveriges st\u00f6rsta sortiment av kortlekar p\u00e5 Kortleksbolaget!","breadcrumb":{"@id":"https:\/\/kortleksbolaget.se\/fi\/tuote\/spread-travel-2-0\/#breadcrumb"},"inLanguage":"fi","potentialAction":[{"@type":"ReadAction","target":["https:\/\/kortleksbolaget.se\/fi\/tuote\/spread-travel-2-0\/"]}]},{"@type":"ImageObject","inLanguage":"fi","@id":"https:\/\/kortleksbolaget.se\/fi\/tuote\/spread-travel-2-0\/#primaryimage","url":"https:\/\/kortleksbolaget.se\/wp-content\/uploads\/spread-travel-2-1.jpg","contentUrl":"https:\/\/kortleksbolaget.se\/wp-content\/uploads\/spread-travel-2-1.jpg","width":508,"height":761},{"@type":"BreadcrumbList","@id":"https:\/\/kortleksbolaget.se\/fi\/tuote\/spread-travel-2-0\/#breadcrumb","itemListElement":[{"@type":"ListItem","position":1,"name":"Hem","item":"https:\/\/kortleksbolaget.se\/fi\/"},{"@type":"ListItem","position":2,"name":"N\u00e4yt\u00e4 kaikki tuotteet","item":"https:\/\/kortleksbolaget.se\/fi\/kaupassa\/"},{"@type":"ListItem","position":3,"name":"Spread Travel 2.0"}]},{"@type":"WebSite","@id":"https:\/\/kortleksbolaget.se\/fi\/#website","url":"https:\/\/kortleksbolaget.se\/fi\/","name":"Kortleksbolaget","description":"Kortlekar p\u00e5 n\u00e4tet","publisher":{"@id":"https:\/\/kortleksbolaget.se\/fi\/#organization"},"potentialAction":[{"@type":"SearchAction","target":{"@type":"EntryPoint","urlTemplate":"https:\/\/kortleksbolaget.se\/fi\/?s={search_term_string}"},"query-input":{"@type":"PropertyValueSpecification","valueRequired":true,"valueName":"search_term_string"}}],"inLanguage":"fi"},{"@type":"Organization","@id":"https:\/\/kortleksbolaget.se\/fi\/#organization","name":"Kortleksbolaget","url":"https:\/\/kortleksbolaget.se\/fi\/","logo":{"@type":"ImageObject","inLanguage":"fi","@id":"https:\/\/kortleksbolaget.se\/fi\/#\/schema\/logo\/image\/","url":"https:\/\/kortleksbolaget.se\/wp-content\/uploads\/kortleksbolaget_logo-svart.png","contentUrl":"https:\/\/kortleksbolaget.se\/wp-content\/uploads\/kortleksbolaget_logo-svart.png","width":1200,"height":296,"caption":"Kortleksbolaget"},"image":{"@id":"https:\/\/kortleksbolaget.se\/fi\/#\/schema\/logo\/image\/"}}]}},"_links":{"self":[{"href":"https:\/\/kortleksbolaget.se\/fi\/wp-json\/wp\/v2\/product\/100919","targetHints":{"allow":["GET"]}}],"collection":[{"href":"https:\/\/kortleksbolaget.se\/fi\/wp-json\/wp\/v2\/product"}],"about":[{"href":"https:\/\/kortleksbolaget.se\/fi\/wp-json\/wp\/v2\/types\/product"}],"wp:featuredmedia":[{"embeddable":true,"href":"https:\/\/kortleksbolaget.se\/fi\/wp-json\/wp\/v2\/media\/100905"}],"wp:attachment":[{"href":"https:\/\/kortleksbolaget.se\/fi\/wp-json\/wp\/v2\/media?parent=100919"}],"wp:term":[{"taxonomy":"product_brand","embeddable":true,"href":"https:\/\/kortleksbolaget.se\/fi\/wp-json\/wp\/v2\/product_brand?post=100919"},{"taxonomy":"product_cat","embeddable":true,"href":"https:\/\/kortleksbolaget.se\/fi\/wp-json\/wp\/v2\/product_cat?post=100919"},{"taxonomy":"product_tag","embeddable":true,"href":"https:\/\/kortleksbolaget.se\/fi\/wp-json\/wp\/v2\/product_tag?post=100919"}],"curies":[{"name":"wp","href":"https:\/\/api.w.org\/{rel}","templated":true}]}}