{"id":102978,"date":"2022-10-30T20:00:06","date_gmt":"2022-10-30T19:00:06","guid":{"rendered":"https:\/\/kortleksbolaget.se\/produkt\/iron-man-mk-1-by-card-mafia\/"},"modified":"2022-10-30T20:00:06","modified_gmt":"2022-10-30T19:00:06","slug":"iron-man-mk-1-by-card-mafia","status":"publish","type":"product","link":"https:\/\/kortleksbolaget.se\/fi\/tuote\/iron-man-mk-1-by-card-mafia\/","title":{"rendered":"Iron Man MK 1 by Card Mafia"},"content":{"rendered":"","protected":false},"excerpt":{"rendered":"<p class=\"tw-data-text tw-text-large tw-ta\" dir=\"ltr\" data-placeholder=\"\u00d6vers\u00e4ttning\"><span class=\"Y2IQFc\" lang=\"sv\">&#8221;Proof That Tony Stark Has A Heart&#8221;. The Iron Man Mark 1 was first introduced in the first Iron Man film. We are about to take you on the journey of Tony Stark (a.k.a Iron Man), created by Marvel Studios. The classic arc reactor reminds us of the beginning of Iron Man&#8217;s journey<\/p>\n<p>Main Features:<\/span><\/p>\n<ul>\n<li>The Iconic Mark 1 Armour with Circular Arc Reactor From the First Iron Man<\/li>\n<li>The Mark 1 Deck lights up in WHITE LED proving that Tony Stark has a heart.<\/li>\n<li>Fully upgraded with an easy battery-replacement system.<\/li>\n<li>The back design features a NEW color scheme for a more metallic look.<\/li>\n<li>Magnetic Opening and Closing System with Built-In Magnet Lighting Sensor &amp; LED Lights circuit board<\/li>\n<li>The Center of the Arc Reactor Lights Up when you Open the Tuck Case. LED Lights last more than 100,000 Seconds.<\/li>\n<li>Featuring laser engraving, laser cutting, and hand assembly. Each tuck case is constructed with 20 components &amp; 70 gluing parts, which takes an hour to complete the full hand assembling process.<\/li>\n<li>Tuck Case features Silver, White &amp; Black hot stamp foil on premium matte finish paper with embossing<\/li>\n<li>Printed by the United States Playing Card Company with Silver Metallic Ink.<\/li>\n<li>Officially licensed by Disney with the Anti-counterfeit Hologram Label<\/li>\n<\/ul>\n<p id=\"tw-target-text\" class=\"tw-data-text tw-text-large tw-ta\" dir=\"ltr\" data-placeholder=\"\u00d6vers\u00e4ttning\"><span class=\"Y2IQFc\" lang=\"sv\">\u00a0<\/span><\/p>\n<p> [&#8230;]<\/p>\n<p><a class=\"btn btn-secondary understrap-read-more-link\" href=\"https:\/\/kortleksbolaget.se\/fi\/tuote\/iron-man-mk-1-by-card-mafia\/\">Lue lis\u00e4\u00e4&#8230;<span class=\"screen-reader-text\"> from Iron Man MK 1 by Card Mafia<\/span><\/a><\/p>\n","protected":false},"featured_media":103018,"template":"","meta":{"_acf_changed":false},"product_brand":[],"product_cat":[130],"product_tag":[],"class_list":{"0":"post-102978","1":"product","2":"type-product","3":"status-publish","4":"has-post-thumbnail","6":"varumarke-uspcc-fi","7":"product_cat-special-lyx-limited-fi","9":"first","10":"outofstock","11":"sale","12":"taxable","13":"shipping-taxable","14":"purchasable","15":"product-type-simple"},"acf":[],"yoast_head":"<!-- This site is optimized with the Yoast SEO plugin v26.3 - https:\/\/yoast.com\/wordpress\/plugins\/seo\/ -->\n<title>Kortlek Iron Man MK 1 by Card Mafia | Kortleksbolaget<\/title>\n<meta name=\"description\" content=\"K\u00f6p Iron Man MK 1 by Card Mafia. Snabba leveranser &amp; bra priser. Sveriges st\u00f6rsta sortiment av kortlekar p\u00e5 Kortleksbolaget!\" \/>\n<meta name=\"robots\" content=\"index, follow, max-snippet:-1, max-image-preview:large, max-video-preview:-1\" \/>\n<link rel=\"canonical\" href=\"https:\/\/kortleksbolaget.se\/fi\/tuote\/iron-man-mk-1-by-card-mafia\/\" \/>\n<meta property=\"og:locale\" content=\"fi_FI\" \/>\n<meta property=\"og:type\" content=\"article\" \/>\n<meta property=\"og:title\" content=\"Kortlek Iron Man MK 1 by Card Mafia | Kortleksbolaget\" \/>\n<meta property=\"og:description\" content=\"K\u00f6p Iron Man MK 1 by Card Mafia. Snabba leveranser &amp; bra priser. Sveriges st\u00f6rsta sortiment av kortlekar p\u00e5 Kortleksbolaget!\" \/>\n<meta property=\"og:url\" content=\"https:\/\/kortleksbolaget.se\/fi\/tuote\/iron-man-mk-1-by-card-mafia\/\" \/>\n<meta property=\"og:site_name\" content=\"Kortleksbolaget\" \/>\n<meta property=\"og:image\" content=\"https:\/\/kortleksbolaget.se\/wp-content\/uploads\/ironman-mk-1-3.jpg\" \/>\n\t<meta property=\"og:image:width\" content=\"496\" \/>\n\t<meta property=\"og:image:height\" content=\"744\" \/>\n\t<meta property=\"og:image:type\" content=\"image\/jpeg\" \/>\n<meta name=\"twitter:card\" content=\"summary_large_image\" \/>\n<script type=\"application\/ld+json\" class=\"yoast-schema-graph\">{\"@context\":\"https:\/\/schema.org\",\"@graph\":[{\"@type\":\"WebPage\",\"@id\":\"https:\/\/kortleksbolaget.se\/fi\/tuote\/iron-man-mk-1-by-card-mafia\/\",\"url\":\"https:\/\/kortleksbolaget.se\/fi\/tuote\/iron-man-mk-1-by-card-mafia\/\",\"name\":\"Kortlek Iron Man MK 1 by Card Mafia | Kortleksbolaget\",\"isPartOf\":{\"@id\":\"https:\/\/kortleksbolaget.se\/fi\/#website\"},\"primaryImageOfPage\":{\"@id\":\"https:\/\/kortleksbolaget.se\/fi\/tuote\/iron-man-mk-1-by-card-mafia\/#primaryimage\"},\"image\":{\"@id\":\"https:\/\/kortleksbolaget.se\/fi\/tuote\/iron-man-mk-1-by-card-mafia\/#primaryimage\"},\"thumbnailUrl\":\"https:\/\/kortleksbolaget.se\/wp-content\/uploads\/ironman-mk-1-3.jpg\",\"datePublished\":\"2022-10-30T19:00:06+00:00\",\"description\":\"K\u00f6p Iron Man MK 1 by Card Mafia. Snabba leveranser & bra priser. Sveriges st\u00f6rsta sortiment av kortlekar p\u00e5 Kortleksbolaget!\",\"breadcrumb\":{\"@id\":\"https:\/\/kortleksbolaget.se\/fi\/tuote\/iron-man-mk-1-by-card-mafia\/#breadcrumb\"},\"inLanguage\":\"fi\",\"potentialAction\":[{\"@type\":\"ReadAction\",\"target\":[\"https:\/\/kortleksbolaget.se\/fi\/tuote\/iron-man-mk-1-by-card-mafia\/\"]}]},{\"@type\":\"ImageObject\",\"inLanguage\":\"fi\",\"@id\":\"https:\/\/kortleksbolaget.se\/fi\/tuote\/iron-man-mk-1-by-card-mafia\/#primaryimage\",\"url\":\"https:\/\/kortleksbolaget.se\/wp-content\/uploads\/ironman-mk-1-3.jpg\",\"contentUrl\":\"https:\/\/kortleksbolaget.se\/wp-content\/uploads\/ironman-mk-1-3.jpg\",\"width\":496,\"height\":744},{\"@type\":\"BreadcrumbList\",\"@id\":\"https:\/\/kortleksbolaget.se\/fi\/tuote\/iron-man-mk-1-by-card-mafia\/#breadcrumb\",\"itemListElement\":[{\"@type\":\"ListItem\",\"position\":1,\"name\":\"Hem\",\"item\":\"https:\/\/kortleksbolaget.se\/fi\/\"},{\"@type\":\"ListItem\",\"position\":2,\"name\":\"N\u00e4yt\u00e4 kaikki tuotteet\",\"item\":\"https:\/\/kortleksbolaget.se\/fi\/kaupassa\/\"},{\"@type\":\"ListItem\",\"position\":3,\"name\":\"Iron Man MK 1 by Card Mafia\"}]},{\"@type\":\"WebSite\",\"@id\":\"https:\/\/kortleksbolaget.se\/fi\/#website\",\"url\":\"https:\/\/kortleksbolaget.se\/fi\/\",\"name\":\"Kortleksbolaget\",\"description\":\"Kortlekar p\u00e5 n\u00e4tet\",\"publisher\":{\"@id\":\"https:\/\/kortleksbolaget.se\/fi\/#organization\"},\"potentialAction\":[{\"@type\":\"SearchAction\",\"target\":{\"@type\":\"EntryPoint\",\"urlTemplate\":\"https:\/\/kortleksbolaget.se\/fi\/?s={search_term_string}\"},\"query-input\":{\"@type\":\"PropertyValueSpecification\",\"valueRequired\":true,\"valueName\":\"search_term_string\"}}],\"inLanguage\":\"fi\"},{\"@type\":\"Organization\",\"@id\":\"https:\/\/kortleksbolaget.se\/fi\/#organization\",\"name\":\"Kortleksbolaget\",\"url\":\"https:\/\/kortleksbolaget.se\/fi\/\",\"logo\":{\"@type\":\"ImageObject\",\"inLanguage\":\"fi\",\"@id\":\"https:\/\/kortleksbolaget.se\/fi\/#\/schema\/logo\/image\/\",\"url\":\"https:\/\/kortleksbolaget.se\/wp-content\/uploads\/kortleksbolaget_logo-svart.png\",\"contentUrl\":\"https:\/\/kortleksbolaget.se\/wp-content\/uploads\/kortleksbolaget_logo-svart.png\",\"width\":1200,\"height\":296,\"caption\":\"Kortleksbolaget\"},\"image\":{\"@id\":\"https:\/\/kortleksbolaget.se\/fi\/#\/schema\/logo\/image\/\"}}]}<\/script>\n<!-- \/ Yoast SEO plugin. -->","yoast_head_json":{"title":"Kortlek Iron Man MK 1 by Card Mafia | Kortleksbolaget","description":"K\u00f6p Iron Man MK 1 by Card Mafia. Snabba leveranser & bra priser. Sveriges st\u00f6rsta sortiment av kortlekar p\u00e5 Kortleksbolaget!","robots":{"index":"index","follow":"follow","max-snippet":"max-snippet:-1","max-image-preview":"max-image-preview:large","max-video-preview":"max-video-preview:-1"},"canonical":"https:\/\/kortleksbolaget.se\/fi\/tuote\/iron-man-mk-1-by-card-mafia\/","og_locale":"fi_FI","og_type":"article","og_title":"Kortlek Iron Man MK 1 by Card Mafia | Kortleksbolaget","og_description":"K\u00f6p Iron Man MK 1 by Card Mafia. Snabba leveranser & bra priser. Sveriges st\u00f6rsta sortiment av kortlekar p\u00e5 Kortleksbolaget!","og_url":"https:\/\/kortleksbolaget.se\/fi\/tuote\/iron-man-mk-1-by-card-mafia\/","og_site_name":"Kortleksbolaget","og_image":[{"width":496,"height":744,"url":"https:\/\/kortleksbolaget.se\/wp-content\/uploads\/ironman-mk-1-3.jpg","type":"image\/jpeg"}],"twitter_card":"summary_large_image","schema":{"@context":"https:\/\/schema.org","@graph":[{"@type":"WebPage","@id":"https:\/\/kortleksbolaget.se\/fi\/tuote\/iron-man-mk-1-by-card-mafia\/","url":"https:\/\/kortleksbolaget.se\/fi\/tuote\/iron-man-mk-1-by-card-mafia\/","name":"Kortlek Iron Man MK 1 by Card Mafia | Kortleksbolaget","isPartOf":{"@id":"https:\/\/kortleksbolaget.se\/fi\/#website"},"primaryImageOfPage":{"@id":"https:\/\/kortleksbolaget.se\/fi\/tuote\/iron-man-mk-1-by-card-mafia\/#primaryimage"},"image":{"@id":"https:\/\/kortleksbolaget.se\/fi\/tuote\/iron-man-mk-1-by-card-mafia\/#primaryimage"},"thumbnailUrl":"https:\/\/kortleksbolaget.se\/wp-content\/uploads\/ironman-mk-1-3.jpg","datePublished":"2022-10-30T19:00:06+00:00","description":"K\u00f6p Iron Man MK 1 by Card Mafia. Snabba leveranser & bra priser. Sveriges st\u00f6rsta sortiment av kortlekar p\u00e5 Kortleksbolaget!","breadcrumb":{"@id":"https:\/\/kortleksbolaget.se\/fi\/tuote\/iron-man-mk-1-by-card-mafia\/#breadcrumb"},"inLanguage":"fi","potentialAction":[{"@type":"ReadAction","target":["https:\/\/kortleksbolaget.se\/fi\/tuote\/iron-man-mk-1-by-card-mafia\/"]}]},{"@type":"ImageObject","inLanguage":"fi","@id":"https:\/\/kortleksbolaget.se\/fi\/tuote\/iron-man-mk-1-by-card-mafia\/#primaryimage","url":"https:\/\/kortleksbolaget.se\/wp-content\/uploads\/ironman-mk-1-3.jpg","contentUrl":"https:\/\/kortleksbolaget.se\/wp-content\/uploads\/ironman-mk-1-3.jpg","width":496,"height":744},{"@type":"BreadcrumbList","@id":"https:\/\/kortleksbolaget.se\/fi\/tuote\/iron-man-mk-1-by-card-mafia\/#breadcrumb","itemListElement":[{"@type":"ListItem","position":1,"name":"Hem","item":"https:\/\/kortleksbolaget.se\/fi\/"},{"@type":"ListItem","position":2,"name":"N\u00e4yt\u00e4 kaikki tuotteet","item":"https:\/\/kortleksbolaget.se\/fi\/kaupassa\/"},{"@type":"ListItem","position":3,"name":"Iron Man MK 1 by Card Mafia"}]},{"@type":"WebSite","@id":"https:\/\/kortleksbolaget.se\/fi\/#website","url":"https:\/\/kortleksbolaget.se\/fi\/","name":"Kortleksbolaget","description":"Kortlekar p\u00e5 n\u00e4tet","publisher":{"@id":"https:\/\/kortleksbolaget.se\/fi\/#organization"},"potentialAction":[{"@type":"SearchAction","target":{"@type":"EntryPoint","urlTemplate":"https:\/\/kortleksbolaget.se\/fi\/?s={search_term_string}"},"query-input":{"@type":"PropertyValueSpecification","valueRequired":true,"valueName":"search_term_string"}}],"inLanguage":"fi"},{"@type":"Organization","@id":"https:\/\/kortleksbolaget.se\/fi\/#organization","name":"Kortleksbolaget","url":"https:\/\/kortleksbolaget.se\/fi\/","logo":{"@type":"ImageObject","inLanguage":"fi","@id":"https:\/\/kortleksbolaget.se\/fi\/#\/schema\/logo\/image\/","url":"https:\/\/kortleksbolaget.se\/wp-content\/uploads\/kortleksbolaget_logo-svart.png","contentUrl":"https:\/\/kortleksbolaget.se\/wp-content\/uploads\/kortleksbolaget_logo-svart.png","width":1200,"height":296,"caption":"Kortleksbolaget"},"image":{"@id":"https:\/\/kortleksbolaget.se\/fi\/#\/schema\/logo\/image\/"}}]}},"_links":{"self":[{"href":"https:\/\/kortleksbolaget.se\/fi\/wp-json\/wp\/v2\/product\/102978","targetHints":{"allow":["GET"]}}],"collection":[{"href":"https:\/\/kortleksbolaget.se\/fi\/wp-json\/wp\/v2\/product"}],"about":[{"href":"https:\/\/kortleksbolaget.se\/fi\/wp-json\/wp\/v2\/types\/product"}],"wp:featuredmedia":[{"embeddable":true,"href":"https:\/\/kortleksbolaget.se\/fi\/wp-json\/wp\/v2\/media\/103018"}],"wp:attachment":[{"href":"https:\/\/kortleksbolaget.se\/fi\/wp-json\/wp\/v2\/media?parent=102978"}],"wp:term":[{"taxonomy":"product_brand","embeddable":true,"href":"https:\/\/kortleksbolaget.se\/fi\/wp-json\/wp\/v2\/product_brand?post=102978"},{"taxonomy":"product_cat","embeddable":true,"href":"https:\/\/kortleksbolaget.se\/fi\/wp-json\/wp\/v2\/product_cat?post=102978"},{"taxonomy":"product_tag","embeddable":true,"href":"https:\/\/kortleksbolaget.se\/fi\/wp-json\/wp\/v2\/product_tag?post=102978"}],"curies":[{"name":"wp","href":"https:\/\/api.w.org\/{rel}","templated":true}]}}