{"id":107398,"date":"2022-12-06T00:02:21","date_gmt":"2022-12-05T23:02:21","guid":{"rendered":"https:\/\/kortleksbolaget.se\/produkt\/apostles-by-luke-jermay\/"},"modified":"2023-12-28T22:14:40","modified_gmt":"2023-12-28T21:14:40","slug":"apostles-by-luke-jermay","status":"publish","type":"product","link":"https:\/\/kortleksbolaget.se\/fi\/tuote\/apostles-by-luke-jermay\/","title":{"rendered":"Apostles by Luke Jermay"},"content":{"rendered":"","protected":false},"excerpt":{"rendered":"<div id=\"tw-target-text-container\" class=\"tw-ta-container F0azHf tw-nfl\" tabindex=\"0\">\n<p>A stunning custom deck of cards with a versatile hidden feature from Luke Jermay and Vanishing Inc. {.lead}<\/p>\n<p>Luke Jermay is one of magic and mentalism&#8217;s greatest thinkers. He spares no detail in anything he does, and &#8221;Apostles Playing Cards&#8221; are no exception.<\/p>\n<p>From a pure aesthetic standpoint, the &#8221;Apostles Deck&#8221; is a thing of beauty. Its elegant design was hand-illustrated by Stefan Eriksson to infuse a touch of luxury into your card magic without being overbearing. Manufactured by Cartamundi on their signature thin stock, this deck of cards is a dream to handle. Any card collector would be thrilled to have these in their collection.<\/p>\n<p>However, what really sets them apart, is the fact that secretly hidden within the back design of &#8221;Apostles Playing Cards&#8221; is a special feature that transforms them into a must-own for any magician or mentalist. The &#8221;Apostles Deck&#8221; can be customized to suit your own unique performing needs.<\/p>\n<p>Magicians and mentalists are familiar with marked playing cards. But few have studied them like Luke Jermay. Having spent years and years working with them, Luke discovered that not every marked deck trick requires the same markings. Sometimes, a trick may require you know the suit and value, while other times, the ability to quickly idenify the color of a card can allow you to look like a miracle worker.<\/p>\n<p>Carefully integrated into the design of &#8221;Apostles Playing Cards&#8221; is space for you to secretly mark the cards based on your needs. You can mark the suit and\/or value, the color, or the identify of the card. It just takes a few seconds per card and the markings blend in seamlessly. They&#8217;re totally invisible to the untrainted eye.<\/p>\n<p>In the 30-minute tutorial, Luke walks you through everything you need to know to get the most out of this marking system and take advantage of its distinct benefits. All this at a price that is affordable enough to make these your new worker deck of cards.<\/p>\n<p>&#8221;Apostles Playing Cards&#8221; come with matching jokers, an extra three of clubs and a special gimmick card that you&#8217;ll learn to love after watching the tutorial. Everything is packed into a gorgeous custom tuck case.<\/p>\n<p id=\"tw-target-text\" class=\"tw-data-text tw-text-large tw-ta\" dir=\"ltr\" data-placeholder=\"\u00d6vers\u00e4ttning\"><span class=\"Y2IQFc\" lang=\"sv\">\u00a0<\/span><\/p>\n<\/div>\n<div id=\"tw-target-rmn-container\" class=\"tw-target-rmn tw-ta-container F0azHf tw-nfl\">\n<pre id=\"tw-target-rmn\" class=\"tw-data-placeholder tw-text-small tw-ta\" dir=\"ltr\" data-placeholder=\"\"><\/pre>\n<\/div>\n<p> [&#8230;]<\/p>\n<p><a class=\"btn btn-secondary understrap-read-more-link\" href=\"https:\/\/kortleksbolaget.se\/fi\/tuote\/apostles-by-luke-jermay\/\">Lue lis\u00e4\u00e4&#8230;<span class=\"screen-reader-text\"> from Apostles by Luke Jermay<\/span><\/a><\/p>\n","protected":false},"featured_media":107384,"template":"","meta":{"_acf_changed":false},"product_brand":[],"product_cat":[130,129],"product_tag":[],"class_list":{"0":"post-107398","1":"product","2":"type-product","3":"status-publish","4":"has-post-thumbnail","6":"varumarke-cards-by-stfn-fi","7":"varumarke-cartamundi-fi","8":"product_cat-special-lyx-limited-fi","9":"product_cat-taikuus-fi","11":"first","12":"outofstock","13":"taxable","14":"shipping-taxable","15":"purchasable","16":"product-type-simple"},"acf":[],"yoast_head":"<!-- This site is optimized with the Yoast SEO plugin v26.3 - https:\/\/yoast.com\/wordpress\/plugins\/seo\/ -->\n<title>Kortlek Apostles by Luke Jermay | Kortleksbolaget<\/title>\n<meta name=\"description\" content=\"K\u00f6p Apostles by Luke Jermay. Snabba leveranser &amp; bra priser. Sveriges st\u00f6rsta sortiment av kortlekar p\u00e5 Kortleksbolaget!\" \/>\n<meta name=\"robots\" content=\"index, follow, max-snippet:-1, max-image-preview:large, max-video-preview:-1\" \/>\n<link rel=\"canonical\" href=\"https:\/\/kortleksbolaget.se\/fi\/tuote\/apostles-by-luke-jermay\/\" \/>\n<meta property=\"og:locale\" content=\"fi_FI\" \/>\n<meta property=\"og:type\" content=\"article\" \/>\n<meta property=\"og:title\" content=\"Kortlek Apostles by Luke Jermay | Kortleksbolaget\" \/>\n<meta property=\"og:description\" content=\"K\u00f6p Apostles by Luke Jermay. Snabba leveranser &amp; bra priser. Sveriges st\u00f6rsta sortiment av kortlekar p\u00e5 Kortleksbolaget!\" \/>\n<meta property=\"og:url\" content=\"https:\/\/kortleksbolaget.se\/fi\/tuote\/apostles-by-luke-jermay\/\" \/>\n<meta property=\"og:site_name\" content=\"Kortleksbolaget\" \/>\n<meta property=\"article:modified_time\" content=\"2023-12-28T21:14:40+00:00\" \/>\n<meta property=\"og:image\" content=\"https:\/\/kortleksbolaget.se\/wp-content\/uploads\/apostles-playing-cards-jermay-1.jpg\" \/>\n\t<meta property=\"og:image:width\" content=\"496\" \/>\n\t<meta property=\"og:image:height\" content=\"744\" \/>\n\t<meta property=\"og:image:type\" content=\"image\/jpeg\" \/>\n<meta name=\"twitter:card\" content=\"summary_large_image\" \/>\n<script type=\"application\/ld+json\" class=\"yoast-schema-graph\">{\"@context\":\"https:\/\/schema.org\",\"@graph\":[{\"@type\":\"WebPage\",\"@id\":\"https:\/\/kortleksbolaget.se\/fi\/tuote\/apostles-by-luke-jermay\/\",\"url\":\"https:\/\/kortleksbolaget.se\/fi\/tuote\/apostles-by-luke-jermay\/\",\"name\":\"Kortlek Apostles by Luke Jermay | Kortleksbolaget\",\"isPartOf\":{\"@id\":\"https:\/\/kortleksbolaget.se\/fi\/#website\"},\"primaryImageOfPage\":{\"@id\":\"https:\/\/kortleksbolaget.se\/fi\/tuote\/apostles-by-luke-jermay\/#primaryimage\"},\"image\":{\"@id\":\"https:\/\/kortleksbolaget.se\/fi\/tuote\/apostles-by-luke-jermay\/#primaryimage\"},\"thumbnailUrl\":\"https:\/\/kortleksbolaget.se\/wp-content\/uploads\/apostles-playing-cards-jermay-1.jpg\",\"datePublished\":\"2022-12-05T23:02:21+00:00\",\"dateModified\":\"2023-12-28T21:14:40+00:00\",\"description\":\"K\u00f6p Apostles by Luke Jermay. Snabba leveranser & bra priser. Sveriges st\u00f6rsta sortiment av kortlekar p\u00e5 Kortleksbolaget!\",\"breadcrumb\":{\"@id\":\"https:\/\/kortleksbolaget.se\/fi\/tuote\/apostles-by-luke-jermay\/#breadcrumb\"},\"inLanguage\":\"fi\",\"potentialAction\":[{\"@type\":\"ReadAction\",\"target\":[\"https:\/\/kortleksbolaget.se\/fi\/tuote\/apostles-by-luke-jermay\/\"]}]},{\"@type\":\"ImageObject\",\"inLanguage\":\"fi\",\"@id\":\"https:\/\/kortleksbolaget.se\/fi\/tuote\/apostles-by-luke-jermay\/#primaryimage\",\"url\":\"https:\/\/kortleksbolaget.se\/wp-content\/uploads\/apostles-playing-cards-jermay-1.jpg\",\"contentUrl\":\"https:\/\/kortleksbolaget.se\/wp-content\/uploads\/apostles-playing-cards-jermay-1.jpg\",\"width\":496,\"height\":744},{\"@type\":\"BreadcrumbList\",\"@id\":\"https:\/\/kortleksbolaget.se\/fi\/tuote\/apostles-by-luke-jermay\/#breadcrumb\",\"itemListElement\":[{\"@type\":\"ListItem\",\"position\":1,\"name\":\"Hem\",\"item\":\"https:\/\/kortleksbolaget.se\/fi\/\"},{\"@type\":\"ListItem\",\"position\":2,\"name\":\"N\u00e4yt\u00e4 kaikki tuotteet\",\"item\":\"https:\/\/kortleksbolaget.se\/fi\/kaupassa\/\"},{\"@type\":\"ListItem\",\"position\":3,\"name\":\"Apostles by Luke Jermay\"}]},{\"@type\":\"WebSite\",\"@id\":\"https:\/\/kortleksbolaget.se\/fi\/#website\",\"url\":\"https:\/\/kortleksbolaget.se\/fi\/\",\"name\":\"Kortleksbolaget\",\"description\":\"Kortlekar p\u00e5 n\u00e4tet\",\"publisher\":{\"@id\":\"https:\/\/kortleksbolaget.se\/fi\/#organization\"},\"potentialAction\":[{\"@type\":\"SearchAction\",\"target\":{\"@type\":\"EntryPoint\",\"urlTemplate\":\"https:\/\/kortleksbolaget.se\/fi\/?s={search_term_string}\"},\"query-input\":{\"@type\":\"PropertyValueSpecification\",\"valueRequired\":true,\"valueName\":\"search_term_string\"}}],\"inLanguage\":\"fi\"},{\"@type\":\"Organization\",\"@id\":\"https:\/\/kortleksbolaget.se\/fi\/#organization\",\"name\":\"Kortleksbolaget\",\"url\":\"https:\/\/kortleksbolaget.se\/fi\/\",\"logo\":{\"@type\":\"ImageObject\",\"inLanguage\":\"fi\",\"@id\":\"https:\/\/kortleksbolaget.se\/fi\/#\/schema\/logo\/image\/\",\"url\":\"https:\/\/kortleksbolaget.se\/wp-content\/uploads\/kortleksbolaget_logo-svart.png\",\"contentUrl\":\"https:\/\/kortleksbolaget.se\/wp-content\/uploads\/kortleksbolaget_logo-svart.png\",\"width\":1200,\"height\":296,\"caption\":\"Kortleksbolaget\"},\"image\":{\"@id\":\"https:\/\/kortleksbolaget.se\/fi\/#\/schema\/logo\/image\/\"}}]}<\/script>\n<!-- \/ Yoast SEO plugin. -->","yoast_head_json":{"title":"Kortlek Apostles by Luke Jermay | Kortleksbolaget","description":"K\u00f6p Apostles by Luke Jermay. Snabba leveranser & bra priser. Sveriges st\u00f6rsta sortiment av kortlekar p\u00e5 Kortleksbolaget!","robots":{"index":"index","follow":"follow","max-snippet":"max-snippet:-1","max-image-preview":"max-image-preview:large","max-video-preview":"max-video-preview:-1"},"canonical":"https:\/\/kortleksbolaget.se\/fi\/tuote\/apostles-by-luke-jermay\/","og_locale":"fi_FI","og_type":"article","og_title":"Kortlek Apostles by Luke Jermay | Kortleksbolaget","og_description":"K\u00f6p Apostles by Luke Jermay. Snabba leveranser & bra priser. Sveriges st\u00f6rsta sortiment av kortlekar p\u00e5 Kortleksbolaget!","og_url":"https:\/\/kortleksbolaget.se\/fi\/tuote\/apostles-by-luke-jermay\/","og_site_name":"Kortleksbolaget","article_modified_time":"2023-12-28T21:14:40+00:00","og_image":[{"width":496,"height":744,"url":"https:\/\/kortleksbolaget.se\/wp-content\/uploads\/apostles-playing-cards-jermay-1.jpg","type":"image\/jpeg"}],"twitter_card":"summary_large_image","schema":{"@context":"https:\/\/schema.org","@graph":[{"@type":"WebPage","@id":"https:\/\/kortleksbolaget.se\/fi\/tuote\/apostles-by-luke-jermay\/","url":"https:\/\/kortleksbolaget.se\/fi\/tuote\/apostles-by-luke-jermay\/","name":"Kortlek Apostles by Luke Jermay | Kortleksbolaget","isPartOf":{"@id":"https:\/\/kortleksbolaget.se\/fi\/#website"},"primaryImageOfPage":{"@id":"https:\/\/kortleksbolaget.se\/fi\/tuote\/apostles-by-luke-jermay\/#primaryimage"},"image":{"@id":"https:\/\/kortleksbolaget.se\/fi\/tuote\/apostles-by-luke-jermay\/#primaryimage"},"thumbnailUrl":"https:\/\/kortleksbolaget.se\/wp-content\/uploads\/apostles-playing-cards-jermay-1.jpg","datePublished":"2022-12-05T23:02:21+00:00","dateModified":"2023-12-28T21:14:40+00:00","description":"K\u00f6p Apostles by Luke Jermay. Snabba leveranser & bra priser. Sveriges st\u00f6rsta sortiment av kortlekar p\u00e5 Kortleksbolaget!","breadcrumb":{"@id":"https:\/\/kortleksbolaget.se\/fi\/tuote\/apostles-by-luke-jermay\/#breadcrumb"},"inLanguage":"fi","potentialAction":[{"@type":"ReadAction","target":["https:\/\/kortleksbolaget.se\/fi\/tuote\/apostles-by-luke-jermay\/"]}]},{"@type":"ImageObject","inLanguage":"fi","@id":"https:\/\/kortleksbolaget.se\/fi\/tuote\/apostles-by-luke-jermay\/#primaryimage","url":"https:\/\/kortleksbolaget.se\/wp-content\/uploads\/apostles-playing-cards-jermay-1.jpg","contentUrl":"https:\/\/kortleksbolaget.se\/wp-content\/uploads\/apostles-playing-cards-jermay-1.jpg","width":496,"height":744},{"@type":"BreadcrumbList","@id":"https:\/\/kortleksbolaget.se\/fi\/tuote\/apostles-by-luke-jermay\/#breadcrumb","itemListElement":[{"@type":"ListItem","position":1,"name":"Hem","item":"https:\/\/kortleksbolaget.se\/fi\/"},{"@type":"ListItem","position":2,"name":"N\u00e4yt\u00e4 kaikki tuotteet","item":"https:\/\/kortleksbolaget.se\/fi\/kaupassa\/"},{"@type":"ListItem","position":3,"name":"Apostles by Luke Jermay"}]},{"@type":"WebSite","@id":"https:\/\/kortleksbolaget.se\/fi\/#website","url":"https:\/\/kortleksbolaget.se\/fi\/","name":"Kortleksbolaget","description":"Kortlekar p\u00e5 n\u00e4tet","publisher":{"@id":"https:\/\/kortleksbolaget.se\/fi\/#organization"},"potentialAction":[{"@type":"SearchAction","target":{"@type":"EntryPoint","urlTemplate":"https:\/\/kortleksbolaget.se\/fi\/?s={search_term_string}"},"query-input":{"@type":"PropertyValueSpecification","valueRequired":true,"valueName":"search_term_string"}}],"inLanguage":"fi"},{"@type":"Organization","@id":"https:\/\/kortleksbolaget.se\/fi\/#organization","name":"Kortleksbolaget","url":"https:\/\/kortleksbolaget.se\/fi\/","logo":{"@type":"ImageObject","inLanguage":"fi","@id":"https:\/\/kortleksbolaget.se\/fi\/#\/schema\/logo\/image\/","url":"https:\/\/kortleksbolaget.se\/wp-content\/uploads\/kortleksbolaget_logo-svart.png","contentUrl":"https:\/\/kortleksbolaget.se\/wp-content\/uploads\/kortleksbolaget_logo-svart.png","width":1200,"height":296,"caption":"Kortleksbolaget"},"image":{"@id":"https:\/\/kortleksbolaget.se\/fi\/#\/schema\/logo\/image\/"}}]}},"_links":{"self":[{"href":"https:\/\/kortleksbolaget.se\/fi\/wp-json\/wp\/v2\/product\/107398","targetHints":{"allow":["GET"]}}],"collection":[{"href":"https:\/\/kortleksbolaget.se\/fi\/wp-json\/wp\/v2\/product"}],"about":[{"href":"https:\/\/kortleksbolaget.se\/fi\/wp-json\/wp\/v2\/types\/product"}],"wp:featuredmedia":[{"embeddable":true,"href":"https:\/\/kortleksbolaget.se\/fi\/wp-json\/wp\/v2\/media\/107384"}],"wp:attachment":[{"href":"https:\/\/kortleksbolaget.se\/fi\/wp-json\/wp\/v2\/media?parent=107398"}],"wp:term":[{"taxonomy":"product_brand","embeddable":true,"href":"https:\/\/kortleksbolaget.se\/fi\/wp-json\/wp\/v2\/product_brand?post=107398"},{"taxonomy":"product_cat","embeddable":true,"href":"https:\/\/kortleksbolaget.se\/fi\/wp-json\/wp\/v2\/product_cat?post=107398"},{"taxonomy":"product_tag","embeddable":true,"href":"https:\/\/kortleksbolaget.se\/fi\/wp-json\/wp\/v2\/product_tag?post=107398"}],"curies":[{"name":"wp","href":"https:\/\/api.w.org\/{rel}","templated":true}]}}