{"id":132779,"date":"2023-08-22T17:58:20","date_gmt":"2023-08-22T15:58:20","guid":{"rendered":"https:\/\/kortleksbolaget.se\/produkt\/8-deck-wooden-storage-box-by-tcc\/"},"modified":"2023-08-22T17:58:20","modified_gmt":"2023-08-22T15:58:20","slug":"8-deck-wooden-storage-box-by-tcc","status":"publish","type":"product","link":"https:\/\/kortleksbolaget.se\/fi\/tuote\/8-deck-wooden-storage-box-by-tcc\/","title":{"rendered":"8 Deck Wooden Storage Box by TCC"},"content":{"rendered":"","protected":false},"excerpt":{"rendered":"<div id=\"tw-target-text-container\" class=\"tw-ta-container F0azHf tw-nfl\" tabindex=\"0\">\n<div>Material: Fraxinus Mandshurica: NortheastChina Ash (Latin name Fraxinus Mandshurica Rupr.)<\/div>\n<div>Do you want to receive the highest praise for your card collection?<\/div>\n<div>If so, this series of high-end <b>Wooden Storage Boxes<\/b> will be a perfect option.<\/div>\n<div>The wooden box looks very high-end, and it also elevates the high value of the playing cards. Perfect for your most prized playing cards.<\/div>\n<div><\/div>\n<div>Each finished product undergoes at least three times polishing, and each polishing strictly follows the direction of the wood grain. The natural charm of the wood grain is completely retained.<\/div>\n<div><\/div>\n<div>Each detail of both function and form is carefully considered. Strict quality control standards have been formulated and each wood board and empty slot has to be precisely measured and cut during the production process. It fits a standard-size playing card tuck box perfectly.<\/div>\n<div><\/div>\n<div>The interior is lined with soft flannel which provides your playing cards with the best protection.<\/div>\n<div><\/div>\n<div>The Wooden Storage Box is\u00a0fully enclosed to prevent moisture and dust in the air from sullying your collection.<\/div>\n<div><\/div>\n<div>At the same time, in order to allow you to appreciate your playing cards, we included a skylight on the display box.<\/div>\n<div><\/div>\n<div>The skylight is made of transparent clear acrylic, so you can admire your playing cards at any time.<\/div>\n<div><\/div>\n<div>The playing cards in the <b>8 Deck Wooden Storage Box<\/b> have their side profiles facing forward.<\/div>\n<div><\/div>\n<div>Product specifications:<\/p>\n<ul>\n<li>310mm x 145mm x 93mm<\/li>\n<li>Can hold 8 standard size playing cards<\/li>\n<li>Fraxinus Mandshurica solid wood material<\/li>\n<li>Flannel lining<\/li>\n<li>Transparent skylight<\/li>\n<\/ul>\n<p>Note: decks not included.<\/p><\/div>\n<p id=\"tw-target-text\" class=\"tw-data-text tw-text-large tw-ta\" dir=\"ltr\" data-placeholder=\"\u00d6vers\u00e4ttning\"><span class=\"Y2IQFc\" lang=\"sv\">\u00a0<\/span><\/p>\n<\/div>\n<div id=\"tw-target-rmn-container\" class=\"tw-target-rmn tw-ta-container F0azHf tw-nfl\">\n<pre id=\"tw-target-rmn\" class=\"tw-data-placeholder tw-text-small tw-ta\" dir=\"ltr\" data-placeholder=\"\"><\/pre>\n<\/div>\n<p> [&#8230;]<\/p>\n<p><a class=\"btn btn-secondary understrap-read-more-link\" href=\"https:\/\/kortleksbolaget.se\/fi\/tuote\/8-deck-wooden-storage-box-by-tcc\/\">Lue lis\u00e4\u00e4&#8230;<span class=\"screen-reader-text\"> from 8 Deck Wooden Storage Box by TCC<\/span><\/a><\/p>\n","protected":false},"featured_media":132784,"template":"","meta":{"_acf_changed":false},"product_brand":[],"product_cat":[138],"product_tag":[],"class_list":{"0":"post-132779","1":"product","2":"type-product","3":"status-publish","4":"has-post-thumbnail","6":"product_cat-tarvikket-ja-lahjakortit-fi","8":"first","9":"outofstock","10":"taxable","11":"shipping-taxable","12":"purchasable","13":"product-type-simple"},"acf":[],"yoast_head":"<!-- This site is optimized with the Yoast SEO plugin v26.3 - https:\/\/yoast.com\/wordpress\/plugins\/seo\/ -->\n<title>Kortlek 8 Deck Wooden Storage Box by TCC | Kortleksbolaget<\/title>\n<meta name=\"description\" content=\"K\u00f6p 8 Deck Wooden Storage Box by TCC. Snabba leveranser &amp; bra priser. Sveriges st\u00f6rsta sortiment av kortlekar p\u00e5 Kortleksbolaget!\" \/>\n<meta name=\"robots\" content=\"index, follow, max-snippet:-1, max-image-preview:large, max-video-preview:-1\" \/>\n<link rel=\"canonical\" href=\"https:\/\/kortleksbolaget.se\/fi\/tuote\/8-deck-wooden-storage-box-by-tcc\/\" \/>\n<meta property=\"og:locale\" content=\"fi_FI\" \/>\n<meta property=\"og:type\" content=\"article\" \/>\n<meta property=\"og:title\" content=\"Kortlek 8 Deck Wooden Storage Box by TCC | Kortleksbolaget\" \/>\n<meta property=\"og:description\" content=\"K\u00f6p 8 Deck Wooden Storage Box by TCC. Snabba leveranser &amp; bra priser. Sveriges st\u00f6rsta sortiment av kortlekar p\u00e5 Kortleksbolaget!\" \/>\n<meta property=\"og:url\" content=\"https:\/\/kortleksbolaget.se\/fi\/tuote\/8-deck-wooden-storage-box-by-tcc\/\" \/>\n<meta property=\"og:site_name\" content=\"Kortleksbolaget\" \/>\n<meta property=\"og:image\" content=\"https:\/\/kortleksbolaget.se\/wp-content\/uploads\/wooden-box-display-1.jpg\" \/>\n\t<meta property=\"og:image:width\" content=\"1000\" \/>\n\t<meta property=\"og:image:height\" content=\"1502\" \/>\n\t<meta property=\"og:image:type\" content=\"image\/jpeg\" \/>\n<meta name=\"twitter:card\" content=\"summary_large_image\" \/>\n<script type=\"application\/ld+json\" class=\"yoast-schema-graph\">{\"@context\":\"https:\/\/schema.org\",\"@graph\":[{\"@type\":\"WebPage\",\"@id\":\"https:\/\/kortleksbolaget.se\/fi\/tuote\/8-deck-wooden-storage-box-by-tcc\/\",\"url\":\"https:\/\/kortleksbolaget.se\/fi\/tuote\/8-deck-wooden-storage-box-by-tcc\/\",\"name\":\"Kortlek 8 Deck Wooden Storage Box by TCC | Kortleksbolaget\",\"isPartOf\":{\"@id\":\"https:\/\/kortleksbolaget.se\/fi\/#website\"},\"primaryImageOfPage\":{\"@id\":\"https:\/\/kortleksbolaget.se\/fi\/tuote\/8-deck-wooden-storage-box-by-tcc\/#primaryimage\"},\"image\":{\"@id\":\"https:\/\/kortleksbolaget.se\/fi\/tuote\/8-deck-wooden-storage-box-by-tcc\/#primaryimage\"},\"thumbnailUrl\":\"https:\/\/kortleksbolaget.se\/wp-content\/uploads\/wooden-box-display-1.jpg\",\"datePublished\":\"2023-08-22T15:58:20+00:00\",\"description\":\"K\u00f6p 8 Deck Wooden Storage Box by TCC. Snabba leveranser & bra priser. Sveriges st\u00f6rsta sortiment av kortlekar p\u00e5 Kortleksbolaget!\",\"breadcrumb\":{\"@id\":\"https:\/\/kortleksbolaget.se\/fi\/tuote\/8-deck-wooden-storage-box-by-tcc\/#breadcrumb\"},\"inLanguage\":\"fi\",\"potentialAction\":[{\"@type\":\"ReadAction\",\"target\":[\"https:\/\/kortleksbolaget.se\/fi\/tuote\/8-deck-wooden-storage-box-by-tcc\/\"]}]},{\"@type\":\"ImageObject\",\"inLanguage\":\"fi\",\"@id\":\"https:\/\/kortleksbolaget.se\/fi\/tuote\/8-deck-wooden-storage-box-by-tcc\/#primaryimage\",\"url\":\"https:\/\/kortleksbolaget.se\/wp-content\/uploads\/wooden-box-display-1.jpg\",\"contentUrl\":\"https:\/\/kortleksbolaget.se\/wp-content\/uploads\/wooden-box-display-1.jpg\",\"width\":1000,\"height\":1502},{\"@type\":\"BreadcrumbList\",\"@id\":\"https:\/\/kortleksbolaget.se\/fi\/tuote\/8-deck-wooden-storage-box-by-tcc\/#breadcrumb\",\"itemListElement\":[{\"@type\":\"ListItem\",\"position\":1,\"name\":\"Hem\",\"item\":\"https:\/\/kortleksbolaget.se\/fi\/\"},{\"@type\":\"ListItem\",\"position\":2,\"name\":\"N\u00e4yt\u00e4 kaikki tuotteet\",\"item\":\"https:\/\/kortleksbolaget.se\/fi\/kaupassa\/\"},{\"@type\":\"ListItem\",\"position\":3,\"name\":\"8 Deck Wooden Storage Box by TCC\"}]},{\"@type\":\"WebSite\",\"@id\":\"https:\/\/kortleksbolaget.se\/fi\/#website\",\"url\":\"https:\/\/kortleksbolaget.se\/fi\/\",\"name\":\"Kortleksbolaget\",\"description\":\"Kortlekar p\u00e5 n\u00e4tet\",\"publisher\":{\"@id\":\"https:\/\/kortleksbolaget.se\/fi\/#organization\"},\"potentialAction\":[{\"@type\":\"SearchAction\",\"target\":{\"@type\":\"EntryPoint\",\"urlTemplate\":\"https:\/\/kortleksbolaget.se\/fi\/?s={search_term_string}\"},\"query-input\":{\"@type\":\"PropertyValueSpecification\",\"valueRequired\":true,\"valueName\":\"search_term_string\"}}],\"inLanguage\":\"fi\"},{\"@type\":\"Organization\",\"@id\":\"https:\/\/kortleksbolaget.se\/fi\/#organization\",\"name\":\"Kortleksbolaget\",\"url\":\"https:\/\/kortleksbolaget.se\/fi\/\",\"logo\":{\"@type\":\"ImageObject\",\"inLanguage\":\"fi\",\"@id\":\"https:\/\/kortleksbolaget.se\/fi\/#\/schema\/logo\/image\/\",\"url\":\"https:\/\/kortleksbolaget.se\/wp-content\/uploads\/kortleksbolaget_logo-svart.png\",\"contentUrl\":\"https:\/\/kortleksbolaget.se\/wp-content\/uploads\/kortleksbolaget_logo-svart.png\",\"width\":1200,\"height\":296,\"caption\":\"Kortleksbolaget\"},\"image\":{\"@id\":\"https:\/\/kortleksbolaget.se\/fi\/#\/schema\/logo\/image\/\"}}]}<\/script>\n<!-- \/ Yoast SEO plugin. -->","yoast_head_json":{"title":"Kortlek 8 Deck Wooden Storage Box by TCC | Kortleksbolaget","description":"K\u00f6p 8 Deck Wooden Storage Box by TCC. Snabba leveranser & bra priser. Sveriges st\u00f6rsta sortiment av kortlekar p\u00e5 Kortleksbolaget!","robots":{"index":"index","follow":"follow","max-snippet":"max-snippet:-1","max-image-preview":"max-image-preview:large","max-video-preview":"max-video-preview:-1"},"canonical":"https:\/\/kortleksbolaget.se\/fi\/tuote\/8-deck-wooden-storage-box-by-tcc\/","og_locale":"fi_FI","og_type":"article","og_title":"Kortlek 8 Deck Wooden Storage Box by TCC | Kortleksbolaget","og_description":"K\u00f6p 8 Deck Wooden Storage Box by TCC. Snabba leveranser & bra priser. Sveriges st\u00f6rsta sortiment av kortlekar p\u00e5 Kortleksbolaget!","og_url":"https:\/\/kortleksbolaget.se\/fi\/tuote\/8-deck-wooden-storage-box-by-tcc\/","og_site_name":"Kortleksbolaget","og_image":[{"width":1000,"height":1502,"url":"https:\/\/kortleksbolaget.se\/wp-content\/uploads\/wooden-box-display-1.jpg","type":"image\/jpeg"}],"twitter_card":"summary_large_image","schema":{"@context":"https:\/\/schema.org","@graph":[{"@type":"WebPage","@id":"https:\/\/kortleksbolaget.se\/fi\/tuote\/8-deck-wooden-storage-box-by-tcc\/","url":"https:\/\/kortleksbolaget.se\/fi\/tuote\/8-deck-wooden-storage-box-by-tcc\/","name":"Kortlek 8 Deck Wooden Storage Box by TCC | Kortleksbolaget","isPartOf":{"@id":"https:\/\/kortleksbolaget.se\/fi\/#website"},"primaryImageOfPage":{"@id":"https:\/\/kortleksbolaget.se\/fi\/tuote\/8-deck-wooden-storage-box-by-tcc\/#primaryimage"},"image":{"@id":"https:\/\/kortleksbolaget.se\/fi\/tuote\/8-deck-wooden-storage-box-by-tcc\/#primaryimage"},"thumbnailUrl":"https:\/\/kortleksbolaget.se\/wp-content\/uploads\/wooden-box-display-1.jpg","datePublished":"2023-08-22T15:58:20+00:00","description":"K\u00f6p 8 Deck Wooden Storage Box by TCC. Snabba leveranser & bra priser. Sveriges st\u00f6rsta sortiment av kortlekar p\u00e5 Kortleksbolaget!","breadcrumb":{"@id":"https:\/\/kortleksbolaget.se\/fi\/tuote\/8-deck-wooden-storage-box-by-tcc\/#breadcrumb"},"inLanguage":"fi","potentialAction":[{"@type":"ReadAction","target":["https:\/\/kortleksbolaget.se\/fi\/tuote\/8-deck-wooden-storage-box-by-tcc\/"]}]},{"@type":"ImageObject","inLanguage":"fi","@id":"https:\/\/kortleksbolaget.se\/fi\/tuote\/8-deck-wooden-storage-box-by-tcc\/#primaryimage","url":"https:\/\/kortleksbolaget.se\/wp-content\/uploads\/wooden-box-display-1.jpg","contentUrl":"https:\/\/kortleksbolaget.se\/wp-content\/uploads\/wooden-box-display-1.jpg","width":1000,"height":1502},{"@type":"BreadcrumbList","@id":"https:\/\/kortleksbolaget.se\/fi\/tuote\/8-deck-wooden-storage-box-by-tcc\/#breadcrumb","itemListElement":[{"@type":"ListItem","position":1,"name":"Hem","item":"https:\/\/kortleksbolaget.se\/fi\/"},{"@type":"ListItem","position":2,"name":"N\u00e4yt\u00e4 kaikki tuotteet","item":"https:\/\/kortleksbolaget.se\/fi\/kaupassa\/"},{"@type":"ListItem","position":3,"name":"8 Deck Wooden Storage Box by TCC"}]},{"@type":"WebSite","@id":"https:\/\/kortleksbolaget.se\/fi\/#website","url":"https:\/\/kortleksbolaget.se\/fi\/","name":"Kortleksbolaget","description":"Kortlekar p\u00e5 n\u00e4tet","publisher":{"@id":"https:\/\/kortleksbolaget.se\/fi\/#organization"},"potentialAction":[{"@type":"SearchAction","target":{"@type":"EntryPoint","urlTemplate":"https:\/\/kortleksbolaget.se\/fi\/?s={search_term_string}"},"query-input":{"@type":"PropertyValueSpecification","valueRequired":true,"valueName":"search_term_string"}}],"inLanguage":"fi"},{"@type":"Organization","@id":"https:\/\/kortleksbolaget.se\/fi\/#organization","name":"Kortleksbolaget","url":"https:\/\/kortleksbolaget.se\/fi\/","logo":{"@type":"ImageObject","inLanguage":"fi","@id":"https:\/\/kortleksbolaget.se\/fi\/#\/schema\/logo\/image\/","url":"https:\/\/kortleksbolaget.se\/wp-content\/uploads\/kortleksbolaget_logo-svart.png","contentUrl":"https:\/\/kortleksbolaget.se\/wp-content\/uploads\/kortleksbolaget_logo-svart.png","width":1200,"height":296,"caption":"Kortleksbolaget"},"image":{"@id":"https:\/\/kortleksbolaget.se\/fi\/#\/schema\/logo\/image\/"}}]}},"_links":{"self":[{"href":"https:\/\/kortleksbolaget.se\/fi\/wp-json\/wp\/v2\/product\/132779","targetHints":{"allow":["GET"]}}],"collection":[{"href":"https:\/\/kortleksbolaget.se\/fi\/wp-json\/wp\/v2\/product"}],"about":[{"href":"https:\/\/kortleksbolaget.se\/fi\/wp-json\/wp\/v2\/types\/product"}],"wp:featuredmedia":[{"embeddable":true,"href":"https:\/\/kortleksbolaget.se\/fi\/wp-json\/wp\/v2\/media\/132784"}],"wp:attachment":[{"href":"https:\/\/kortleksbolaget.se\/fi\/wp-json\/wp\/v2\/media?parent=132779"}],"wp:term":[{"taxonomy":"product_brand","embeddable":true,"href":"https:\/\/kortleksbolaget.se\/fi\/wp-json\/wp\/v2\/product_brand?post=132779"},{"taxonomy":"product_cat","embeddable":true,"href":"https:\/\/kortleksbolaget.se\/fi\/wp-json\/wp\/v2\/product_cat?post=132779"},{"taxonomy":"product_tag","embeddable":true,"href":"https:\/\/kortleksbolaget.se\/fi\/wp-json\/wp\/v2\/product_tag?post=132779"}],"curies":[{"name":"wp","href":"https:\/\/api.w.org\/{rel}","templated":true}]}}