{"id":135338,"date":"2023-10-20T19:53:29","date_gmt":"2023-10-20T17:53:29","guid":{"rendered":"https:\/\/kortleksbolaget.se\/produkt\/demi-deck\/"},"modified":"2023-10-20T19:53:29","modified_gmt":"2023-10-20T17:53:29","slug":"demi-deck","status":"publish","type":"product","link":"https:\/\/kortleksbolaget.se\/fi\/tuote\/demi-deck\/","title":{"rendered":"Demi Deck by Angelo Carbone"},"content":{"rendered":"","protected":false},"excerpt":{"rendered":"<p><i>&#8221;How utterly fooling. I haven&#8217;t got a clue. You are brilliant! Well done!&#8221;<\/i><br \/>\n&#8211; <b>Derren Brown<\/b><\/p>\n<p><i>&#8221;Angelo Carbone is one of the most clever creators of magic I know. You will appreciate this trick even more once you see the uncompromising attention to detail that Angelo has put into this creation. It&#8217;s Incredible!&#8221;<\/i><br \/>\n&#8211; <b>Asi Wind<\/b><\/p>\n<p><i>&#8221;When Angelo Carbone releases a new effect the magic world stands up and cheers, and Demi Deck is an excellent example of the reason why. This is brilliant!&#8221;<\/i><br \/>\n&#8211; <b>David Regal<\/b><\/p>\n<p><i>&#8221;Everything about Demi Deck is genius. The creation, routine, the added convincers, and every other aspect. And the fact that this is real world practical&#8230; damn!&#8221;<\/i><br \/>\n&#8211; <b>Lloyd Barnes <\/b><\/p>\n<p>Stage illusions are distinct from all other types of magic&#8230;They are larger than life exhibitions of our will to accomplish the impossible. But to maintain that illusion, the audience must view it at a considerable distance. Angelo Carbone&#8217;s brilliant mind brings the grandest of stage illusions &#8211; cutting a person in half &#8211; to the palm of your hand, with <b>Demi Deck<\/b>.<\/p>\n<p>Imagine taking an ordinary deck of cards, putting it inside the case, and with a slice of the blade you cut the deck in half, showing both ends. Then with a few kind words, magically heal the deck back together. Use this as an opener, in the middle of your set, or as a show stopping closer.<\/p>\n<ul>\n<li>Use any normal deck<\/li>\n<li>Includes multiple routines<\/li>\n<li>Magician fooler<\/li>\n<li>Easy to learn<\/li>\n<li>No switches of any kind<\/li>\n<li>Completely self-contained<\/li>\n<\/ul>\n<p>After 17 years of perfecting the design, award winning magician Angelo Carbone is finally ready to open the curtains and reveal his latest masterwork, welcome to <b>Demi Deck<\/b>.<\/p>\n<p><i>&#8221;My brain opened like <b>Demi Deck<\/b> when Angelo showed me this in front of my eyes!&#8221;<\/i><br \/>\n&#8211; <b>Tobias Dostal <\/b><\/p>\n<p><i>&#8221;Absolutely fooled me and it plays like a grand illusion.&#8221;<\/i><br \/>\n&#8211; <b>Lisa Menna (Special Fellowship AMA Award winner)<\/b><\/p>\n<p><i>&#8221;It has been both a privilege and a curse to know about this for as long as I have and not been able to tell anyone how awesome it is!&#8221;<\/i><br \/>\n&#8211; <b> Marc Lavelle <\/b><\/p>\n<p><i>&#8221;Just incredible, one of the most impressive big illusions [to fit] into your pocket! David Copperfield will be jealous!&#8221;<\/i><br \/>\n&#8211; <b>Mickael Chatelain<\/b><\/p>\n<p><i>&#8221;Angelo has just shown me <b>Demi Deck<\/b> and I am mad. He should have released this sooner so I could have had this in my set sooner! That&#8217;s insane!&#8221;<\/i><br \/>\n&#8211; <b>Alan Rorrison<\/b><\/p>\n<p><i>&#8221;You can put <b>Demi Deck<\/b> in the &#8221;Fooled me badly&#8221; pile. It&#8217;s the only pile I have for Angelo.&#8221;<\/i><br \/>\n&#8211; <b>Jon Allen<\/b><\/p>\n<p><i>&#8221;How!!! Just HOW!?!&#8221; <\/i><br \/>\n&#8211; <b>Titanas<\/b><\/p>\n<p><i>&#8221;Once again, the innovative genius of Angelo Carbone has created another creative miracle! I&#8217;ve always been a Close-Up guy, but now thanks to <b>DEMI DECK<\/b>, I will be performing &#8221;Grand Illusion!&#8221;<\/i><br \/>\n&#8211; <b>Paul Green<\/b><\/p>\n<p><i>&#8221;I&#8217;m a big fan of Angelo&#8217;s work, every piece he has designed is as baffling to knowledgeable magicians as it is entertaining for audiences, but this&#8230; this is his magnum opus. I have no desire to learn the secret (which I&#8217;m sure is a stroke of genius) as I haven&#8217;t been this fooled in many, many years.&#8221;<\/i><br \/>\n&#8211; <b> Dee Christopher <\/b><\/p>\n<p><i>&#8221;I love the idea of taking a grand illusion and adapting it for close up. It immediately engages the spectators, and you have their full attention&#8221;<\/i><br \/>\n&#8211; <b>Nikolas Mavresis <\/b> [&#8230;]<\/p>\n<p><a class=\"btn btn-secondary understrap-read-more-link\" href=\"https:\/\/kortleksbolaget.se\/fi\/tuote\/demi-deck\/\">Lue lis\u00e4\u00e4&#8230;<span class=\"screen-reader-text\"> from Demi Deck by Angelo Carbone<\/span><\/a><\/p>\n","protected":false},"featured_media":142966,"template":"","meta":{"_acf_changed":false},"product_brand":[],"product_cat":[129],"product_tag":[],"class_list":{"0":"post-135338","1":"product","2":"type-product","3":"status-publish","4":"has-post-thumbnail","6":"product_cat-taikuus-fi","8":"first","9":"instock","10":"taxable","11":"shipping-taxable","12":"purchasable","13":"product-type-simple"},"acf":[],"yoast_head":"<!-- This site is optimized with the Yoast SEO plugin v26.3 - https:\/\/yoast.com\/wordpress\/plugins\/seo\/ -->\n<title>Kortlek Demi Deck by Angelo Carbone | Kortleksbolaget<\/title>\n<meta name=\"description\" content=\"K\u00f6p Demi Deck by Angelo Carbone. Snabba leveranser &amp; bra priser. Sveriges st\u00f6rsta sortiment av kortlekar p\u00e5 Kortleksbolaget!\" \/>\n<meta name=\"robots\" content=\"index, follow, max-snippet:-1, max-image-preview:large, max-video-preview:-1\" \/>\n<link rel=\"canonical\" href=\"https:\/\/kortleksbolaget.se\/fi\/tuote\/demi-deck\/\" \/>\n<meta property=\"og:locale\" content=\"fi_FI\" \/>\n<meta property=\"og:type\" content=\"article\" \/>\n<meta property=\"og:title\" content=\"Kortlek Demi Deck by Angelo Carbone | Kortleksbolaget\" \/>\n<meta property=\"og:description\" content=\"K\u00f6p Demi Deck by Angelo Carbone. Snabba leveranser &amp; bra priser. Sveriges st\u00f6rsta sortiment av kortlekar p\u00e5 Kortleksbolaget!\" \/>\n<meta property=\"og:url\" content=\"https:\/\/kortleksbolaget.se\/fi\/tuote\/demi-deck\/\" \/>\n<meta property=\"og:site_name\" content=\"Kortleksbolaget\" \/>\n<meta property=\"og:image\" content=\"https:\/\/kortleksbolaget.se\/wp-content\/uploads\/demi-deck2.jpg\" \/>\n\t<meta property=\"og:image:width\" content=\"744\" \/>\n\t<meta property=\"og:image:height\" content=\"1115\" \/>\n\t<meta property=\"og:image:type\" content=\"image\/jpeg\" \/>\n<meta name=\"twitter:card\" content=\"summary_large_image\" \/>\n<script type=\"application\/ld+json\" class=\"yoast-schema-graph\">{\"@context\":\"https:\/\/schema.org\",\"@graph\":[{\"@type\":\"WebPage\",\"@id\":\"https:\/\/kortleksbolaget.se\/fi\/tuote\/demi-deck\/\",\"url\":\"https:\/\/kortleksbolaget.se\/fi\/tuote\/demi-deck\/\",\"name\":\"Kortlek Demi Deck by Angelo Carbone | Kortleksbolaget\",\"isPartOf\":{\"@id\":\"https:\/\/kortleksbolaget.se\/fi\/#website\"},\"primaryImageOfPage\":{\"@id\":\"https:\/\/kortleksbolaget.se\/fi\/tuote\/demi-deck\/#primaryimage\"},\"image\":{\"@id\":\"https:\/\/kortleksbolaget.se\/fi\/tuote\/demi-deck\/#primaryimage\"},\"thumbnailUrl\":\"https:\/\/kortleksbolaget.se\/wp-content\/uploads\/demi-deck2.jpg\",\"datePublished\":\"2023-10-20T17:53:29+00:00\",\"description\":\"K\u00f6p Demi Deck by Angelo Carbone. Snabba leveranser & bra priser. Sveriges st\u00f6rsta sortiment av kortlekar p\u00e5 Kortleksbolaget!\",\"breadcrumb\":{\"@id\":\"https:\/\/kortleksbolaget.se\/fi\/tuote\/demi-deck\/#breadcrumb\"},\"inLanguage\":\"fi\",\"potentialAction\":[{\"@type\":\"ReadAction\",\"target\":[\"https:\/\/kortleksbolaget.se\/fi\/tuote\/demi-deck\/\"]}]},{\"@type\":\"ImageObject\",\"inLanguage\":\"fi\",\"@id\":\"https:\/\/kortleksbolaget.se\/fi\/tuote\/demi-deck\/#primaryimage\",\"url\":\"https:\/\/kortleksbolaget.se\/wp-content\/uploads\/demi-deck2.jpg\",\"contentUrl\":\"https:\/\/kortleksbolaget.se\/wp-content\/uploads\/demi-deck2.jpg\",\"width\":744,\"height\":1115},{\"@type\":\"BreadcrumbList\",\"@id\":\"https:\/\/kortleksbolaget.se\/fi\/tuote\/demi-deck\/#breadcrumb\",\"itemListElement\":[{\"@type\":\"ListItem\",\"position\":1,\"name\":\"Hem\",\"item\":\"https:\/\/kortleksbolaget.se\/fi\/\"},{\"@type\":\"ListItem\",\"position\":2,\"name\":\"N\u00e4yt\u00e4 kaikki tuotteet\",\"item\":\"https:\/\/kortleksbolaget.se\/fi\/kaupassa\/\"},{\"@type\":\"ListItem\",\"position\":3,\"name\":\"Demi Deck by Angelo Carbone\"}]},{\"@type\":\"WebSite\",\"@id\":\"https:\/\/kortleksbolaget.se\/fi\/#website\",\"url\":\"https:\/\/kortleksbolaget.se\/fi\/\",\"name\":\"Kortleksbolaget\",\"description\":\"Kortlekar p\u00e5 n\u00e4tet\",\"publisher\":{\"@id\":\"https:\/\/kortleksbolaget.se\/fi\/#organization\"},\"potentialAction\":[{\"@type\":\"SearchAction\",\"target\":{\"@type\":\"EntryPoint\",\"urlTemplate\":\"https:\/\/kortleksbolaget.se\/fi\/?s={search_term_string}\"},\"query-input\":{\"@type\":\"PropertyValueSpecification\",\"valueRequired\":true,\"valueName\":\"search_term_string\"}}],\"inLanguage\":\"fi\"},{\"@type\":\"Organization\",\"@id\":\"https:\/\/kortleksbolaget.se\/fi\/#organization\",\"name\":\"Kortleksbolaget\",\"url\":\"https:\/\/kortleksbolaget.se\/fi\/\",\"logo\":{\"@type\":\"ImageObject\",\"inLanguage\":\"fi\",\"@id\":\"https:\/\/kortleksbolaget.se\/fi\/#\/schema\/logo\/image\/\",\"url\":\"https:\/\/kortleksbolaget.se\/wp-content\/uploads\/kortleksbolaget_logo-svart.png\",\"contentUrl\":\"https:\/\/kortleksbolaget.se\/wp-content\/uploads\/kortleksbolaget_logo-svart.png\",\"width\":1200,\"height\":296,\"caption\":\"Kortleksbolaget\"},\"image\":{\"@id\":\"https:\/\/kortleksbolaget.se\/fi\/#\/schema\/logo\/image\/\"}}]}<\/script>\n<!-- \/ Yoast SEO plugin. -->","yoast_head_json":{"title":"Kortlek Demi Deck by Angelo Carbone | Kortleksbolaget","description":"K\u00f6p Demi Deck by Angelo Carbone. Snabba leveranser & bra priser. Sveriges st\u00f6rsta sortiment av kortlekar p\u00e5 Kortleksbolaget!","robots":{"index":"index","follow":"follow","max-snippet":"max-snippet:-1","max-image-preview":"max-image-preview:large","max-video-preview":"max-video-preview:-1"},"canonical":"https:\/\/kortleksbolaget.se\/fi\/tuote\/demi-deck\/","og_locale":"fi_FI","og_type":"article","og_title":"Kortlek Demi Deck by Angelo Carbone | Kortleksbolaget","og_description":"K\u00f6p Demi Deck by Angelo Carbone. Snabba leveranser & bra priser. Sveriges st\u00f6rsta sortiment av kortlekar p\u00e5 Kortleksbolaget!","og_url":"https:\/\/kortleksbolaget.se\/fi\/tuote\/demi-deck\/","og_site_name":"Kortleksbolaget","og_image":[{"width":744,"height":1115,"url":"https:\/\/kortleksbolaget.se\/wp-content\/uploads\/demi-deck2.jpg","type":"image\/jpeg"}],"twitter_card":"summary_large_image","schema":{"@context":"https:\/\/schema.org","@graph":[{"@type":"WebPage","@id":"https:\/\/kortleksbolaget.se\/fi\/tuote\/demi-deck\/","url":"https:\/\/kortleksbolaget.se\/fi\/tuote\/demi-deck\/","name":"Kortlek Demi Deck by Angelo Carbone | Kortleksbolaget","isPartOf":{"@id":"https:\/\/kortleksbolaget.se\/fi\/#website"},"primaryImageOfPage":{"@id":"https:\/\/kortleksbolaget.se\/fi\/tuote\/demi-deck\/#primaryimage"},"image":{"@id":"https:\/\/kortleksbolaget.se\/fi\/tuote\/demi-deck\/#primaryimage"},"thumbnailUrl":"https:\/\/kortleksbolaget.se\/wp-content\/uploads\/demi-deck2.jpg","datePublished":"2023-10-20T17:53:29+00:00","description":"K\u00f6p Demi Deck by Angelo Carbone. Snabba leveranser & bra priser. Sveriges st\u00f6rsta sortiment av kortlekar p\u00e5 Kortleksbolaget!","breadcrumb":{"@id":"https:\/\/kortleksbolaget.se\/fi\/tuote\/demi-deck\/#breadcrumb"},"inLanguage":"fi","potentialAction":[{"@type":"ReadAction","target":["https:\/\/kortleksbolaget.se\/fi\/tuote\/demi-deck\/"]}]},{"@type":"ImageObject","inLanguage":"fi","@id":"https:\/\/kortleksbolaget.se\/fi\/tuote\/demi-deck\/#primaryimage","url":"https:\/\/kortleksbolaget.se\/wp-content\/uploads\/demi-deck2.jpg","contentUrl":"https:\/\/kortleksbolaget.se\/wp-content\/uploads\/demi-deck2.jpg","width":744,"height":1115},{"@type":"BreadcrumbList","@id":"https:\/\/kortleksbolaget.se\/fi\/tuote\/demi-deck\/#breadcrumb","itemListElement":[{"@type":"ListItem","position":1,"name":"Hem","item":"https:\/\/kortleksbolaget.se\/fi\/"},{"@type":"ListItem","position":2,"name":"N\u00e4yt\u00e4 kaikki tuotteet","item":"https:\/\/kortleksbolaget.se\/fi\/kaupassa\/"},{"@type":"ListItem","position":3,"name":"Demi Deck by Angelo Carbone"}]},{"@type":"WebSite","@id":"https:\/\/kortleksbolaget.se\/fi\/#website","url":"https:\/\/kortleksbolaget.se\/fi\/","name":"Kortleksbolaget","description":"Kortlekar p\u00e5 n\u00e4tet","publisher":{"@id":"https:\/\/kortleksbolaget.se\/fi\/#organization"},"potentialAction":[{"@type":"SearchAction","target":{"@type":"EntryPoint","urlTemplate":"https:\/\/kortleksbolaget.se\/fi\/?s={search_term_string}"},"query-input":{"@type":"PropertyValueSpecification","valueRequired":true,"valueName":"search_term_string"}}],"inLanguage":"fi"},{"@type":"Organization","@id":"https:\/\/kortleksbolaget.se\/fi\/#organization","name":"Kortleksbolaget","url":"https:\/\/kortleksbolaget.se\/fi\/","logo":{"@type":"ImageObject","inLanguage":"fi","@id":"https:\/\/kortleksbolaget.se\/fi\/#\/schema\/logo\/image\/","url":"https:\/\/kortleksbolaget.se\/wp-content\/uploads\/kortleksbolaget_logo-svart.png","contentUrl":"https:\/\/kortleksbolaget.se\/wp-content\/uploads\/kortleksbolaget_logo-svart.png","width":1200,"height":296,"caption":"Kortleksbolaget"},"image":{"@id":"https:\/\/kortleksbolaget.se\/fi\/#\/schema\/logo\/image\/"}}]}},"_links":{"self":[{"href":"https:\/\/kortleksbolaget.se\/fi\/wp-json\/wp\/v2\/product\/135338","targetHints":{"allow":["GET"]}}],"collection":[{"href":"https:\/\/kortleksbolaget.se\/fi\/wp-json\/wp\/v2\/product"}],"about":[{"href":"https:\/\/kortleksbolaget.se\/fi\/wp-json\/wp\/v2\/types\/product"}],"wp:featuredmedia":[{"embeddable":true,"href":"https:\/\/kortleksbolaget.se\/fi\/wp-json\/wp\/v2\/media\/142966"}],"wp:attachment":[{"href":"https:\/\/kortleksbolaget.se\/fi\/wp-json\/wp\/v2\/media?parent=135338"}],"wp:term":[{"taxonomy":"product_brand","embeddable":true,"href":"https:\/\/kortleksbolaget.se\/fi\/wp-json\/wp\/v2\/product_brand?post=135338"},{"taxonomy":"product_cat","embeddable":true,"href":"https:\/\/kortleksbolaget.se\/fi\/wp-json\/wp\/v2\/product_cat?post=135338"},{"taxonomy":"product_tag","embeddable":true,"href":"https:\/\/kortleksbolaget.se\/fi\/wp-json\/wp\/v2\/product_tag?post=135338"}],"curies":[{"name":"wp","href":"https:\/\/api.w.org\/{rel}","templated":true}]}}