{"id":145045,"date":"2024-08-07T17:39:51","date_gmt":"2024-08-07T15:39:51","guid":{"rendered":"https:\/\/kortleksbolaget.se\/produkt\/no-borders-thunderbolt\/"},"modified":"2024-10-11T22:36:06","modified_gmt":"2024-10-11T20:36:06","slug":"no-borders-thunderbolt","status":"publish","type":"product","link":"https:\/\/kortleksbolaget.se\/fi\/tuote\/no-borders-thunderbolt\/","title":{"rendered":"Joker and the Thief &#8211; Thunderbolt"},"content":{"rendered":"","protected":false},"excerpt":{"rendered":"<div id=\"tw-target-text-container\" class=\"tw-ta-container F0azHf tw-nfl\" tabindex=\"0\">\n<p><span class=\"Y2IQFc\" lang=\"sv\">V\u00e4lkommen till b\u00f6rjan av en extraordin\u00e4r ny samlarserie med No Borders-spelkort. Varje kortlek i den h\u00e4r serien \u00e4r inte bara ett verktyg f\u00f6r spel; varje utg\u00e5va \u00e4r ett samlarkonst, designad f\u00f6r att f\u00e4ngsla och inspirera. Efter triumfen f\u00f6r v\u00e5ra Victory Playing Cards har vi h\u00f6rsammat dina krav p\u00e5 mer gr\u00e4nsl\u00f6s design. Som svar har vi samarbetat med v\u00e5r m\u00e5ng\u00e5rige v\u00e4n, den beg\u00e5vade Pedro Oyarbide, f\u00f6r att ge dig sex unika, kantl\u00f6sa baksidedesigner som blandar praktiskt med o\u00f6vertr\u00e4ffad Joker och Thief-stil.<\/span><\/p>\n<p><span class=\"Y2IQFc\" lang=\"sv\">Varje kortlek har en identisk ask med ett visningsf\u00f6nster p\u00e5 baksidan av boxen f\u00f6r att identifiera vilken kortlek som \u00e4r vilken. Varje kortlek \u00e4r komplett med en perforerad folief\u00f6rsegling. Varje kortlek har samma kl\u00e4dda kort, spader ess och Joker och Thief-kort. Varje kortlek har en unik baksidedesign.<\/span><\/p>\n<p id=\"tw-target-text\" class=\"tw-data-text tw-text-large tw-ta\" dir=\"ltr\" data-placeholder=\"\u00d6vers\u00e4ttning\" aria-label=\"\u00d6versatt text\" data-ved=\"2ahUKEwiupY_agqeHAxWxJxAIHaVpCKUQ3ewLegQIBRAT\"><span class=\"Y2IQFc\" lang=\"sv\">Thunderbolt \u00e4r en dynamisk utveckling av den klassiska borderdesignen som ses p\u00e5 de ursprungliga Joker and the Thief-kortlekarna ombildade till ett sl\u00e5ende, kantl\u00f6st m\u00f6nster! Blixtens skarpa vinklar ger en energisk rytm till kortleken, vilket representerar den n\u00e4stan elektriska v\u00e5gen som k\u00e4nns n\u00e4r du h\u00e5ller en vinnande hand. Denna kortlek tar ett dj\u00e4rvt grepp, en blixt av kreativitet som f\u00f6rkroppsligar andan hos dem som v\u00e4ljer att anv\u00e4nda Joker and the Thief-kort och v\u00e5gar spela dj\u00e4rvt!<\/span><\/p>\n<\/div>\n<div id=\"tw-target-rmn-container\" class=\"tw-target-rmn tw-ta-container F0azHf tw-nfl\">\n<pre id=\"tw-target-rmn\" class=\"tw-data-placeholder tw-text-small tw-ta\" dir=\"ltr\" data-placeholder=\"\"><\/pre>\n<\/div>\n<p> [&#8230;]<\/p>\n<p><a class=\"btn btn-secondary understrap-read-more-link\" href=\"https:\/\/kortleksbolaget.se\/fi\/tuote\/no-borders-thunderbolt\/\">Lue lis\u00e4\u00e4&#8230;<span class=\"screen-reader-text\"> from Joker and the Thief &#8211; Thunderbolt<\/span><\/a><\/p>\n","protected":false},"featured_media":145036,"template":"","meta":{"_acf_changed":false},"product_brand":[],"product_cat":[130],"product_tag":[],"class_list":{"0":"post-145045","1":"product","2":"type-product","3":"status-publish","4":"has-post-thumbnail","6":"varumarke-joker-and-the-thief-en-fi","7":"product_cat-special-lyx-limited-fi","9":"first","10":"instock","11":"taxable","12":"shipping-taxable","13":"purchasable","14":"product-type-simple"},"acf":[],"yoast_head":"<!-- This site is optimized with the Yoast SEO plugin v26.3 - https:\/\/yoast.com\/wordpress\/plugins\/seo\/ -->\n<title>Kortlek Joker and the Thief - Thunderbolt | Kortleksbolaget<\/title>\n<meta name=\"description\" content=\"K\u00f6p Joker and the Thief - Thunderbolt. Snabba leveranser &amp; bra priser. Sveriges st\u00f6rsta sortiment av kortlekar p\u00e5 Kortleksbolaget!\" \/>\n<meta name=\"robots\" content=\"index, follow, max-snippet:-1, max-image-preview:large, max-video-preview:-1\" \/>\n<link rel=\"canonical\" href=\"https:\/\/kortleksbolaget.se\/fi\/tuote\/no-borders-thunderbolt\/\" \/>\n<meta property=\"og:locale\" content=\"fi_FI\" \/>\n<meta property=\"og:type\" content=\"article\" \/>\n<meta property=\"og:title\" content=\"Kortlek Joker and the Thief - Thunderbolt | Kortleksbolaget\" \/>\n<meta property=\"og:description\" content=\"K\u00f6p Joker and the Thief - Thunderbolt. Snabba leveranser &amp; bra priser. Sveriges st\u00f6rsta sortiment av kortlekar p\u00e5 Kortleksbolaget!\" \/>\n<meta property=\"og:url\" content=\"https:\/\/kortleksbolaget.se\/fi\/tuote\/no-borders-thunderbolt\/\" \/>\n<meta property=\"og:site_name\" content=\"Kortleksbolaget\" \/>\n<meta property=\"article:modified_time\" content=\"2024-10-11T20:36:06+00:00\" \/>\n<meta property=\"og:image\" content=\"https:\/\/kortleksbolaget.se\/wp-content\/uploads\/joker-and-the-thief.jpg\" \/>\n\t<meta property=\"og:image:width\" content=\"489\" \/>\n\t<meta property=\"og:image:height\" content=\"733\" \/>\n\t<meta property=\"og:image:type\" content=\"image\/jpeg\" \/>\n<meta name=\"twitter:card\" content=\"summary_large_image\" \/>\n<script type=\"application\/ld+json\" class=\"yoast-schema-graph\">{\"@context\":\"https:\/\/schema.org\",\"@graph\":[{\"@type\":\"WebPage\",\"@id\":\"https:\/\/kortleksbolaget.se\/fi\/tuote\/no-borders-thunderbolt\/\",\"url\":\"https:\/\/kortleksbolaget.se\/fi\/tuote\/no-borders-thunderbolt\/\",\"name\":\"Kortlek Joker and the Thief - Thunderbolt | Kortleksbolaget\",\"isPartOf\":{\"@id\":\"https:\/\/kortleksbolaget.se\/fi\/#website\"},\"primaryImageOfPage\":{\"@id\":\"https:\/\/kortleksbolaget.se\/fi\/tuote\/no-borders-thunderbolt\/#primaryimage\"},\"image\":{\"@id\":\"https:\/\/kortleksbolaget.se\/fi\/tuote\/no-borders-thunderbolt\/#primaryimage\"},\"thumbnailUrl\":\"https:\/\/kortleksbolaget.se\/wp-content\/uploads\/joker-and-the-thief.jpg\",\"datePublished\":\"2024-08-07T15:39:51+00:00\",\"dateModified\":\"2024-10-11T20:36:06+00:00\",\"description\":\"K\u00f6p Joker and the Thief - Thunderbolt. Snabba leveranser & bra priser. Sveriges st\u00f6rsta sortiment av kortlekar p\u00e5 Kortleksbolaget!\",\"breadcrumb\":{\"@id\":\"https:\/\/kortleksbolaget.se\/fi\/tuote\/no-borders-thunderbolt\/#breadcrumb\"},\"inLanguage\":\"fi\",\"potentialAction\":[{\"@type\":\"ReadAction\",\"target\":[\"https:\/\/kortleksbolaget.se\/fi\/tuote\/no-borders-thunderbolt\/\"]}]},{\"@type\":\"ImageObject\",\"inLanguage\":\"fi\",\"@id\":\"https:\/\/kortleksbolaget.se\/fi\/tuote\/no-borders-thunderbolt\/#primaryimage\",\"url\":\"https:\/\/kortleksbolaget.se\/wp-content\/uploads\/joker-and-the-thief.jpg\",\"contentUrl\":\"https:\/\/kortleksbolaget.se\/wp-content\/uploads\/joker-and-the-thief.jpg\",\"width\":489,\"height\":733},{\"@type\":\"BreadcrumbList\",\"@id\":\"https:\/\/kortleksbolaget.se\/fi\/tuote\/no-borders-thunderbolt\/#breadcrumb\",\"itemListElement\":[{\"@type\":\"ListItem\",\"position\":1,\"name\":\"Hem\",\"item\":\"https:\/\/kortleksbolaget.se\/fi\/\"},{\"@type\":\"ListItem\",\"position\":2,\"name\":\"N\u00e4yt\u00e4 kaikki tuotteet\",\"item\":\"https:\/\/kortleksbolaget.se\/fi\/kaupassa\/\"},{\"@type\":\"ListItem\",\"position\":3,\"name\":\"Joker and the Thief &#8211; Thunderbolt\"}]},{\"@type\":\"WebSite\",\"@id\":\"https:\/\/kortleksbolaget.se\/fi\/#website\",\"url\":\"https:\/\/kortleksbolaget.se\/fi\/\",\"name\":\"Kortleksbolaget\",\"description\":\"Kortlekar p\u00e5 n\u00e4tet\",\"publisher\":{\"@id\":\"https:\/\/kortleksbolaget.se\/fi\/#organization\"},\"potentialAction\":[{\"@type\":\"SearchAction\",\"target\":{\"@type\":\"EntryPoint\",\"urlTemplate\":\"https:\/\/kortleksbolaget.se\/fi\/?s={search_term_string}\"},\"query-input\":{\"@type\":\"PropertyValueSpecification\",\"valueRequired\":true,\"valueName\":\"search_term_string\"}}],\"inLanguage\":\"fi\"},{\"@type\":\"Organization\",\"@id\":\"https:\/\/kortleksbolaget.se\/fi\/#organization\",\"name\":\"Kortleksbolaget\",\"url\":\"https:\/\/kortleksbolaget.se\/fi\/\",\"logo\":{\"@type\":\"ImageObject\",\"inLanguage\":\"fi\",\"@id\":\"https:\/\/kortleksbolaget.se\/fi\/#\/schema\/logo\/image\/\",\"url\":\"https:\/\/kortleksbolaget.se\/wp-content\/uploads\/kortleksbolaget_logo-svart.png\",\"contentUrl\":\"https:\/\/kortleksbolaget.se\/wp-content\/uploads\/kortleksbolaget_logo-svart.png\",\"width\":1200,\"height\":296,\"caption\":\"Kortleksbolaget\"},\"image\":{\"@id\":\"https:\/\/kortleksbolaget.se\/fi\/#\/schema\/logo\/image\/\"}}]}<\/script>\n<!-- \/ Yoast SEO plugin. -->","yoast_head_json":{"title":"Kortlek Joker and the Thief - Thunderbolt | Kortleksbolaget","description":"K\u00f6p Joker and the Thief - Thunderbolt. Snabba leveranser & bra priser. Sveriges st\u00f6rsta sortiment av kortlekar p\u00e5 Kortleksbolaget!","robots":{"index":"index","follow":"follow","max-snippet":"max-snippet:-1","max-image-preview":"max-image-preview:large","max-video-preview":"max-video-preview:-1"},"canonical":"https:\/\/kortleksbolaget.se\/fi\/tuote\/no-borders-thunderbolt\/","og_locale":"fi_FI","og_type":"article","og_title":"Kortlek Joker and the Thief - Thunderbolt | Kortleksbolaget","og_description":"K\u00f6p Joker and the Thief - Thunderbolt. Snabba leveranser & bra priser. Sveriges st\u00f6rsta sortiment av kortlekar p\u00e5 Kortleksbolaget!","og_url":"https:\/\/kortleksbolaget.se\/fi\/tuote\/no-borders-thunderbolt\/","og_site_name":"Kortleksbolaget","article_modified_time":"2024-10-11T20:36:06+00:00","og_image":[{"width":489,"height":733,"url":"https:\/\/kortleksbolaget.se\/wp-content\/uploads\/joker-and-the-thief.jpg","type":"image\/jpeg"}],"twitter_card":"summary_large_image","schema":{"@context":"https:\/\/schema.org","@graph":[{"@type":"WebPage","@id":"https:\/\/kortleksbolaget.se\/fi\/tuote\/no-borders-thunderbolt\/","url":"https:\/\/kortleksbolaget.se\/fi\/tuote\/no-borders-thunderbolt\/","name":"Kortlek Joker and the Thief - Thunderbolt | Kortleksbolaget","isPartOf":{"@id":"https:\/\/kortleksbolaget.se\/fi\/#website"},"primaryImageOfPage":{"@id":"https:\/\/kortleksbolaget.se\/fi\/tuote\/no-borders-thunderbolt\/#primaryimage"},"image":{"@id":"https:\/\/kortleksbolaget.se\/fi\/tuote\/no-borders-thunderbolt\/#primaryimage"},"thumbnailUrl":"https:\/\/kortleksbolaget.se\/wp-content\/uploads\/joker-and-the-thief.jpg","datePublished":"2024-08-07T15:39:51+00:00","dateModified":"2024-10-11T20:36:06+00:00","description":"K\u00f6p Joker and the Thief - Thunderbolt. Snabba leveranser & bra priser. Sveriges st\u00f6rsta sortiment av kortlekar p\u00e5 Kortleksbolaget!","breadcrumb":{"@id":"https:\/\/kortleksbolaget.se\/fi\/tuote\/no-borders-thunderbolt\/#breadcrumb"},"inLanguage":"fi","potentialAction":[{"@type":"ReadAction","target":["https:\/\/kortleksbolaget.se\/fi\/tuote\/no-borders-thunderbolt\/"]}]},{"@type":"ImageObject","inLanguage":"fi","@id":"https:\/\/kortleksbolaget.se\/fi\/tuote\/no-borders-thunderbolt\/#primaryimage","url":"https:\/\/kortleksbolaget.se\/wp-content\/uploads\/joker-and-the-thief.jpg","contentUrl":"https:\/\/kortleksbolaget.se\/wp-content\/uploads\/joker-and-the-thief.jpg","width":489,"height":733},{"@type":"BreadcrumbList","@id":"https:\/\/kortleksbolaget.se\/fi\/tuote\/no-borders-thunderbolt\/#breadcrumb","itemListElement":[{"@type":"ListItem","position":1,"name":"Hem","item":"https:\/\/kortleksbolaget.se\/fi\/"},{"@type":"ListItem","position":2,"name":"N\u00e4yt\u00e4 kaikki tuotteet","item":"https:\/\/kortleksbolaget.se\/fi\/kaupassa\/"},{"@type":"ListItem","position":3,"name":"Joker and the Thief &#8211; Thunderbolt"}]},{"@type":"WebSite","@id":"https:\/\/kortleksbolaget.se\/fi\/#website","url":"https:\/\/kortleksbolaget.se\/fi\/","name":"Kortleksbolaget","description":"Kortlekar p\u00e5 n\u00e4tet","publisher":{"@id":"https:\/\/kortleksbolaget.se\/fi\/#organization"},"potentialAction":[{"@type":"SearchAction","target":{"@type":"EntryPoint","urlTemplate":"https:\/\/kortleksbolaget.se\/fi\/?s={search_term_string}"},"query-input":{"@type":"PropertyValueSpecification","valueRequired":true,"valueName":"search_term_string"}}],"inLanguage":"fi"},{"@type":"Organization","@id":"https:\/\/kortleksbolaget.se\/fi\/#organization","name":"Kortleksbolaget","url":"https:\/\/kortleksbolaget.se\/fi\/","logo":{"@type":"ImageObject","inLanguage":"fi","@id":"https:\/\/kortleksbolaget.se\/fi\/#\/schema\/logo\/image\/","url":"https:\/\/kortleksbolaget.se\/wp-content\/uploads\/kortleksbolaget_logo-svart.png","contentUrl":"https:\/\/kortleksbolaget.se\/wp-content\/uploads\/kortleksbolaget_logo-svart.png","width":1200,"height":296,"caption":"Kortleksbolaget"},"image":{"@id":"https:\/\/kortleksbolaget.se\/fi\/#\/schema\/logo\/image\/"}}]}},"_links":{"self":[{"href":"https:\/\/kortleksbolaget.se\/fi\/wp-json\/wp\/v2\/product\/145045","targetHints":{"allow":["GET"]}}],"collection":[{"href":"https:\/\/kortleksbolaget.se\/fi\/wp-json\/wp\/v2\/product"}],"about":[{"href":"https:\/\/kortleksbolaget.se\/fi\/wp-json\/wp\/v2\/types\/product"}],"wp:featuredmedia":[{"embeddable":true,"href":"https:\/\/kortleksbolaget.se\/fi\/wp-json\/wp\/v2\/media\/145036"}],"wp:attachment":[{"href":"https:\/\/kortleksbolaget.se\/fi\/wp-json\/wp\/v2\/media?parent=145045"}],"wp:term":[{"taxonomy":"product_brand","embeddable":true,"href":"https:\/\/kortleksbolaget.se\/fi\/wp-json\/wp\/v2\/product_brand?post=145045"},{"taxonomy":"product_cat","embeddable":true,"href":"https:\/\/kortleksbolaget.se\/fi\/wp-json\/wp\/v2\/product_cat?post=145045"},{"taxonomy":"product_tag","embeddable":true,"href":"https:\/\/kortleksbolaget.se\/fi\/wp-json\/wp\/v2\/product_tag?post=145045"}],"curies":[{"name":"wp","href":"https:\/\/api.w.org\/{rel}","templated":true}]}}