{"id":148252,"date":"2024-12-04T15:47:21","date_gmt":"2024-12-04T14:47:21","guid":{"rendered":"https:\/\/kortleksbolaget.se\/produkt\/lighthouse-dusk\/"},"modified":"2024-12-04T15:47:21","modified_gmt":"2024-12-04T14:47:21","slug":"lighthouse-dusk","status":"publish","type":"product","link":"https:\/\/kortleksbolaget.se\/fi\/tuote\/lighthouse-dusk\/","title":{"rendered":"Lighthouse Dusk"},"content":{"rendered":"","protected":false},"excerpt":{"rendered":"<div id=\"tw-target-text-container\" class=\"tw-ta-container F0azHf tw-nfl\" tabindex=\"0\" role=\"text\">\n<p class=\"tw-data-text tw-text-large tw-ta\" dir=\"ltr\" data-placeholder=\"\u00d6vers\u00e4ttning\" data-ved=\"2ahUKEwitsurpq9eJAxVUBhAIHTkeI_AQ3ewLegQICRAT\" aria-label=\"\u00d6versatt text: Lighthouse Dusk Playing Cards produceras av EmilySleights52 och tillverkas av WJPC. Korten \u00e4r sl\u00e4ta och mjuka, men \u00e4nd\u00e5 h\u00e5llbara och kan h\u00e5lla under l\u00e5nga tidsperioder. Tv\u00e5v\u00e4gs ryggdesign. Anpassat spaderess. Pips f\u00e4rgas om till orange och lila f\u00f6r att matcha baksidans design. Duplicate Jokers-perfekt f\u00f6r tricks\/rutiner! Anpassade domstolar Extra kort med avsl\u00f6jande och dubbel baksida Tillverkad av Boschiero &amp; Newton, denna specialtuck passar definitivt till elegansen i kortleken! Denna specialtuck kommer att ha ett h\u00e5llbart, lila kartongpapper. En folierad ljusstr\u00e5le lindas runt baksidan av tucket och s\u00e4ger: &quot;Var ljuset.&quot; Fyren och orden kommer att pr\u00e4glas. Inre tucktryck kommer att ha ett m\u00f6nster av silverfolierade fyrar.\"><span class=\"Y2IQFc\" lang=\"sv\"><b>Lighthouse Dusk Playing Cards <\/b> are produced by EmilySleights52 and manufactured byWJPC. The cards are smooth and soft, yet durable and able to hold up over long periods of time.<\/span><\/p>\n<ul>\n<li>Two-way back design.<\/li>\n<li>Custom Ace of Spades.<\/li>\n<li>Pips are recolored to orange and purple to match back design.<\/li>\n<li>Duplicate Jokers-perfect for tricks\/routines!<\/li>\n<li>Custom courts<\/li>\n<li>Extra card with reveal and double backer<\/li>\n<\/ul>\n<p class=\"tw-data-text tw-text-large tw-ta\" dir=\"ltr\" data-placeholder=\"\u00d6vers\u00e4ttning\" data-ved=\"2ahUKEwitsurpq9eJAxVUBhAIHTkeI_AQ3ewLegQICRAT\" aria-label=\"\u00d6versatt text: Lighthouse Dusk Playing Cards produceras av EmilySleights52 och tillverkas av WJPC. Korten \u00e4r sl\u00e4ta och mjuka, men \u00e4nd\u00e5 h\u00e5llbara och kan h\u00e5lla under l\u00e5nga tidsperioder. Tv\u00e5v\u00e4gs ryggdesign. Anpassat spaderess. Pips f\u00e4rgas om till orange och lila f\u00f6r att matcha baksidans design. Duplicate Jokers-perfekt f\u00f6r tricks\/rutiner! Anpassade domstolar Extra kort med avsl\u00f6jande och dubbel baksida Tillverkad av Boschiero &amp; Newton, denna specialtuck passar definitivt till elegansen i kortleken! Denna specialtuck kommer att ha ett h\u00e5llbart, lila kartongpapper. En folierad ljusstr\u00e5le lindas runt baksidan av tucket och s\u00e4ger: &quot;Var ljuset.&quot; Fyren och orden kommer att pr\u00e4glas. Inre tucktryck kommer att ha ett m\u00f6nster av silverfolierade fyrar.\"><span class=\"Y2IQFc\" lang=\"sv\"><b>Produced by Boschiero &amp; Newton, this specialty tuck definitely fits the elegance of the deck! <\/b><\/span><\/p>\n<ul>\n<li>This specialty tuck will feature a durable, purple cardboard paper.<\/li>\n<li>A foiled beam of light will wrap around to the back of the tuck saying, &#8221;Be the light.&#8221;<\/li>\n<li>The lighthouse and words will be embossed.<\/li>\n<li>Inner tuck printing will feature a pattern of silver foiled lighthouses.<\/li>\n<\/ul>\n<p id=\"tw-target-text\" class=\"tw-data-text tw-text-large tw-ta\" dir=\"ltr\" data-placeholder=\"\u00d6vers\u00e4ttning\" data-ved=\"2ahUKEwitsurpq9eJAxVUBhAIHTkeI_AQ3ewLegQICRAT\" aria-label=\"\u00d6versatt text: Lighthouse Dusk Playing Cards produceras av EmilySleights52 och tillverkas av WJPC. Korten \u00e4r sl\u00e4ta och mjuka, men \u00e4nd\u00e5 h\u00e5llbara och kan h\u00e5lla under l\u00e5nga tidsperioder. Tv\u00e5v\u00e4gs ryggdesign. Anpassat spaderess. Pips f\u00e4rgas om till orange och lila f\u00f6r att matcha baksidans design. Duplicate Jokers-perfekt f\u00f6r tricks\/rutiner! Anpassade domstolar Extra kort med avsl\u00f6jande och dubbel baksida Tillverkad av Boschiero &amp; Newton, denna specialtuck passar definitivt till elegansen i kortleken! Denna specialtuck kommer att ha ett h\u00e5llbart, lila kartongpapper. En folierad ljusstr\u00e5le lindas runt baksidan av tucket och s\u00e4ger: &quot;Var ljuset.&quot; Fyren och orden kommer att pr\u00e4glas. Inre tucktryck kommer att ha ett m\u00f6nster av silverfolierade fyrar.\"><span class=\"Y2IQFc\" lang=\"sv\">\u00a0<\/span><\/p>\n<\/div>\n<div id=\"tw-target-rmn-container\" class=\"tw-target-rmn tw-ta-container F0azHf tw-nfl\" tabindex=\"0\" role=\"text\">\n<pre id=\"tw-target-rmn\" class=\"tw-data-placeholder tw-text-small tw-ta\" dir=\"ltr\" data-placeholder=\"\"><\/pre>\n<\/div>\n<p> [&#8230;]<\/p>\n<p><a class=\"btn btn-secondary understrap-read-more-link\" href=\"https:\/\/kortleksbolaget.se\/fi\/tuote\/lighthouse-dusk\/\">Lue lis\u00e4\u00e4&#8230;<span class=\"screen-reader-text\"> from Lighthouse Dusk<\/span><\/a><\/p>\n","protected":false},"featured_media":148243,"template":"","meta":{"_acf_changed":false},"product_brand":[],"product_cat":[136,130],"product_tag":[],"class_list":{"0":"post-148252","1":"product","2":"type-product","3":"status-publish","4":"has-post-thumbnail","6":"product_cat-cardistry-fi","7":"product_cat-special-lyx-limited-fi","9":"first","10":"outofstock","11":"taxable","12":"shipping-taxable","13":"purchasable","14":"product-type-simple"},"acf":[],"yoast_head":"<!-- This site is optimized with the Yoast SEO plugin v26.3 - https:\/\/yoast.com\/wordpress\/plugins\/seo\/ -->\n<title>Kortlek Lighthouse Dusk | Kortleksbolaget<\/title>\n<meta name=\"description\" content=\"K\u00f6p Lighthouse Dusk. Snabba leveranser &amp; bra priser. Sveriges st\u00f6rsta sortiment av kortlekar p\u00e5 Kortleksbolaget!\" \/>\n<meta name=\"robots\" content=\"index, follow, max-snippet:-1, max-image-preview:large, max-video-preview:-1\" \/>\n<link rel=\"canonical\" href=\"https:\/\/kortleksbolaget.se\/fi\/tuote\/lighthouse-dusk\/\" \/>\n<meta property=\"og:locale\" content=\"fi_FI\" \/>\n<meta property=\"og:type\" content=\"article\" \/>\n<meta property=\"og:title\" content=\"Kortlek Lighthouse Dusk | Kortleksbolaget\" \/>\n<meta property=\"og:description\" content=\"K\u00f6p Lighthouse Dusk. Snabba leveranser &amp; bra priser. Sveriges st\u00f6rsta sortiment av kortlekar p\u00e5 Kortleksbolaget!\" \/>\n<meta property=\"og:url\" content=\"https:\/\/kortleksbolaget.se\/fi\/tuote\/lighthouse-dusk\/\" \/>\n<meta property=\"og:site_name\" content=\"Kortleksbolaget\" \/>\n<meta property=\"og:image\" content=\"https:\/\/kortleksbolaget.se\/wp-content\/uploads\/lighthouse-dusk-playing-cards-fyr-kortlek.jpg\" \/>\n\t<meta property=\"og:image:width\" content=\"486\" \/>\n\t<meta property=\"og:image:height\" content=\"728\" \/>\n\t<meta property=\"og:image:type\" content=\"image\/jpeg\" \/>\n<meta name=\"twitter:card\" content=\"summary_large_image\" \/>\n<script type=\"application\/ld+json\" class=\"yoast-schema-graph\">{\"@context\":\"https:\/\/schema.org\",\"@graph\":[{\"@type\":\"WebPage\",\"@id\":\"https:\/\/kortleksbolaget.se\/fi\/tuote\/lighthouse-dusk\/\",\"url\":\"https:\/\/kortleksbolaget.se\/fi\/tuote\/lighthouse-dusk\/\",\"name\":\"Kortlek Lighthouse Dusk | Kortleksbolaget\",\"isPartOf\":{\"@id\":\"https:\/\/kortleksbolaget.se\/fi\/#website\"},\"primaryImageOfPage\":{\"@id\":\"https:\/\/kortleksbolaget.se\/fi\/tuote\/lighthouse-dusk\/#primaryimage\"},\"image\":{\"@id\":\"https:\/\/kortleksbolaget.se\/fi\/tuote\/lighthouse-dusk\/#primaryimage\"},\"thumbnailUrl\":\"https:\/\/kortleksbolaget.se\/wp-content\/uploads\/lighthouse-dusk-playing-cards-fyr-kortlek.jpg\",\"datePublished\":\"2024-12-04T14:47:21+00:00\",\"description\":\"K\u00f6p Lighthouse Dusk. Snabba leveranser & bra priser. Sveriges st\u00f6rsta sortiment av kortlekar p\u00e5 Kortleksbolaget!\",\"breadcrumb\":{\"@id\":\"https:\/\/kortleksbolaget.se\/fi\/tuote\/lighthouse-dusk\/#breadcrumb\"},\"inLanguage\":\"fi\",\"potentialAction\":[{\"@type\":\"ReadAction\",\"target\":[\"https:\/\/kortleksbolaget.se\/fi\/tuote\/lighthouse-dusk\/\"]}]},{\"@type\":\"ImageObject\",\"inLanguage\":\"fi\",\"@id\":\"https:\/\/kortleksbolaget.se\/fi\/tuote\/lighthouse-dusk\/#primaryimage\",\"url\":\"https:\/\/kortleksbolaget.se\/wp-content\/uploads\/lighthouse-dusk-playing-cards-fyr-kortlek.jpg\",\"contentUrl\":\"https:\/\/kortleksbolaget.se\/wp-content\/uploads\/lighthouse-dusk-playing-cards-fyr-kortlek.jpg\",\"width\":486,\"height\":728},{\"@type\":\"BreadcrumbList\",\"@id\":\"https:\/\/kortleksbolaget.se\/fi\/tuote\/lighthouse-dusk\/#breadcrumb\",\"itemListElement\":[{\"@type\":\"ListItem\",\"position\":1,\"name\":\"Hem\",\"item\":\"https:\/\/kortleksbolaget.se\/fi\/\"},{\"@type\":\"ListItem\",\"position\":2,\"name\":\"N\u00e4yt\u00e4 kaikki tuotteet\",\"item\":\"https:\/\/kortleksbolaget.se\/fi\/kaupassa\/\"},{\"@type\":\"ListItem\",\"position\":3,\"name\":\"Lighthouse Dusk\"}]},{\"@type\":\"WebSite\",\"@id\":\"https:\/\/kortleksbolaget.se\/fi\/#website\",\"url\":\"https:\/\/kortleksbolaget.se\/fi\/\",\"name\":\"Kortleksbolaget\",\"description\":\"Kortlekar p\u00e5 n\u00e4tet\",\"publisher\":{\"@id\":\"https:\/\/kortleksbolaget.se\/fi\/#organization\"},\"potentialAction\":[{\"@type\":\"SearchAction\",\"target\":{\"@type\":\"EntryPoint\",\"urlTemplate\":\"https:\/\/kortleksbolaget.se\/fi\/?s={search_term_string}\"},\"query-input\":{\"@type\":\"PropertyValueSpecification\",\"valueRequired\":true,\"valueName\":\"search_term_string\"}}],\"inLanguage\":\"fi\"},{\"@type\":\"Organization\",\"@id\":\"https:\/\/kortleksbolaget.se\/fi\/#organization\",\"name\":\"Kortleksbolaget\",\"url\":\"https:\/\/kortleksbolaget.se\/fi\/\",\"logo\":{\"@type\":\"ImageObject\",\"inLanguage\":\"fi\",\"@id\":\"https:\/\/kortleksbolaget.se\/fi\/#\/schema\/logo\/image\/\",\"url\":\"https:\/\/kortleksbolaget.se\/wp-content\/uploads\/kortleksbolaget_logo-svart.png\",\"contentUrl\":\"https:\/\/kortleksbolaget.se\/wp-content\/uploads\/kortleksbolaget_logo-svart.png\",\"width\":1200,\"height\":296,\"caption\":\"Kortleksbolaget\"},\"image\":{\"@id\":\"https:\/\/kortleksbolaget.se\/fi\/#\/schema\/logo\/image\/\"}}]}<\/script>\n<!-- \/ Yoast SEO plugin. -->","yoast_head_json":{"title":"Kortlek Lighthouse Dusk | Kortleksbolaget","description":"K\u00f6p Lighthouse Dusk. Snabba leveranser & bra priser. Sveriges st\u00f6rsta sortiment av kortlekar p\u00e5 Kortleksbolaget!","robots":{"index":"index","follow":"follow","max-snippet":"max-snippet:-1","max-image-preview":"max-image-preview:large","max-video-preview":"max-video-preview:-1"},"canonical":"https:\/\/kortleksbolaget.se\/fi\/tuote\/lighthouse-dusk\/","og_locale":"fi_FI","og_type":"article","og_title":"Kortlek Lighthouse Dusk | Kortleksbolaget","og_description":"K\u00f6p Lighthouse Dusk. Snabba leveranser & bra priser. Sveriges st\u00f6rsta sortiment av kortlekar p\u00e5 Kortleksbolaget!","og_url":"https:\/\/kortleksbolaget.se\/fi\/tuote\/lighthouse-dusk\/","og_site_name":"Kortleksbolaget","og_image":[{"width":486,"height":728,"url":"https:\/\/kortleksbolaget.se\/wp-content\/uploads\/lighthouse-dusk-playing-cards-fyr-kortlek.jpg","type":"image\/jpeg"}],"twitter_card":"summary_large_image","schema":{"@context":"https:\/\/schema.org","@graph":[{"@type":"WebPage","@id":"https:\/\/kortleksbolaget.se\/fi\/tuote\/lighthouse-dusk\/","url":"https:\/\/kortleksbolaget.se\/fi\/tuote\/lighthouse-dusk\/","name":"Kortlek Lighthouse Dusk | Kortleksbolaget","isPartOf":{"@id":"https:\/\/kortleksbolaget.se\/fi\/#website"},"primaryImageOfPage":{"@id":"https:\/\/kortleksbolaget.se\/fi\/tuote\/lighthouse-dusk\/#primaryimage"},"image":{"@id":"https:\/\/kortleksbolaget.se\/fi\/tuote\/lighthouse-dusk\/#primaryimage"},"thumbnailUrl":"https:\/\/kortleksbolaget.se\/wp-content\/uploads\/lighthouse-dusk-playing-cards-fyr-kortlek.jpg","datePublished":"2024-12-04T14:47:21+00:00","description":"K\u00f6p Lighthouse Dusk. Snabba leveranser & bra priser. Sveriges st\u00f6rsta sortiment av kortlekar p\u00e5 Kortleksbolaget!","breadcrumb":{"@id":"https:\/\/kortleksbolaget.se\/fi\/tuote\/lighthouse-dusk\/#breadcrumb"},"inLanguage":"fi","potentialAction":[{"@type":"ReadAction","target":["https:\/\/kortleksbolaget.se\/fi\/tuote\/lighthouse-dusk\/"]}]},{"@type":"ImageObject","inLanguage":"fi","@id":"https:\/\/kortleksbolaget.se\/fi\/tuote\/lighthouse-dusk\/#primaryimage","url":"https:\/\/kortleksbolaget.se\/wp-content\/uploads\/lighthouse-dusk-playing-cards-fyr-kortlek.jpg","contentUrl":"https:\/\/kortleksbolaget.se\/wp-content\/uploads\/lighthouse-dusk-playing-cards-fyr-kortlek.jpg","width":486,"height":728},{"@type":"BreadcrumbList","@id":"https:\/\/kortleksbolaget.se\/fi\/tuote\/lighthouse-dusk\/#breadcrumb","itemListElement":[{"@type":"ListItem","position":1,"name":"Hem","item":"https:\/\/kortleksbolaget.se\/fi\/"},{"@type":"ListItem","position":2,"name":"N\u00e4yt\u00e4 kaikki tuotteet","item":"https:\/\/kortleksbolaget.se\/fi\/kaupassa\/"},{"@type":"ListItem","position":3,"name":"Lighthouse Dusk"}]},{"@type":"WebSite","@id":"https:\/\/kortleksbolaget.se\/fi\/#website","url":"https:\/\/kortleksbolaget.se\/fi\/","name":"Kortleksbolaget","description":"Kortlekar p\u00e5 n\u00e4tet","publisher":{"@id":"https:\/\/kortleksbolaget.se\/fi\/#organization"},"potentialAction":[{"@type":"SearchAction","target":{"@type":"EntryPoint","urlTemplate":"https:\/\/kortleksbolaget.se\/fi\/?s={search_term_string}"},"query-input":{"@type":"PropertyValueSpecification","valueRequired":true,"valueName":"search_term_string"}}],"inLanguage":"fi"},{"@type":"Organization","@id":"https:\/\/kortleksbolaget.se\/fi\/#organization","name":"Kortleksbolaget","url":"https:\/\/kortleksbolaget.se\/fi\/","logo":{"@type":"ImageObject","inLanguage":"fi","@id":"https:\/\/kortleksbolaget.se\/fi\/#\/schema\/logo\/image\/","url":"https:\/\/kortleksbolaget.se\/wp-content\/uploads\/kortleksbolaget_logo-svart.png","contentUrl":"https:\/\/kortleksbolaget.se\/wp-content\/uploads\/kortleksbolaget_logo-svart.png","width":1200,"height":296,"caption":"Kortleksbolaget"},"image":{"@id":"https:\/\/kortleksbolaget.se\/fi\/#\/schema\/logo\/image\/"}}]}},"_links":{"self":[{"href":"https:\/\/kortleksbolaget.se\/fi\/wp-json\/wp\/v2\/product\/148252","targetHints":{"allow":["GET"]}}],"collection":[{"href":"https:\/\/kortleksbolaget.se\/fi\/wp-json\/wp\/v2\/product"}],"about":[{"href":"https:\/\/kortleksbolaget.se\/fi\/wp-json\/wp\/v2\/types\/product"}],"wp:featuredmedia":[{"embeddable":true,"href":"https:\/\/kortleksbolaget.se\/fi\/wp-json\/wp\/v2\/media\/148243"}],"wp:attachment":[{"href":"https:\/\/kortleksbolaget.se\/fi\/wp-json\/wp\/v2\/media?parent=148252"}],"wp:term":[{"taxonomy":"product_brand","embeddable":true,"href":"https:\/\/kortleksbolaget.se\/fi\/wp-json\/wp\/v2\/product_brand?post=148252"},{"taxonomy":"product_cat","embeddable":true,"href":"https:\/\/kortleksbolaget.se\/fi\/wp-json\/wp\/v2\/product_cat?post=148252"},{"taxonomy":"product_tag","embeddable":true,"href":"https:\/\/kortleksbolaget.se\/fi\/wp-json\/wp\/v2\/product_tag?post=148252"}],"curies":[{"name":"wp","href":"https:\/\/api.w.org\/{rel}","templated":true}]}}