{"id":148918,"date":"2024-12-27T10:03:01","date_gmt":"2024-12-27T09:03:01","guid":{"rendered":"https:\/\/kortleksbolaget.se\/produkt\/game-of-thrones\/"},"modified":"2024-12-27T10:03:01","modified_gmt":"2024-12-27T09:03:01","slug":"game-of-thrones","status":"publish","type":"product","link":"https:\/\/kortleksbolaget.se\/fi\/tuote\/game-of-thrones\/","title":{"rendered":"Game of Thrones"},"content":{"rendered":"","protected":false},"excerpt":{"rendered":"<div id=\"tw-target-text-container\" class=\"tw-ta-container F0azHf tw-nfl\" tabindex=\"0\" role=\"text\">\n<p id=\"tw-target-text\" class=\"tw-data-text tw-text-large tw-ta\" dir=\"ltr\" data-placeholder=\"\u00d6vers\u00e4ttning\" data-ved=\"2ahUKEwieme-mgqOKAxXoGxAIHb0WNwoQ3ewLegQICRAT\" aria-label=\"\u00d6versatt text: \u00c4r du v\u00e4rd j\u00e4rntronen? Premiumspelkort inspirerade av den legendariska tv-serien HBO. De sju kungad\u00f6mena en resa genom westeros N\u00e4r du spelar Game of Thrones vinner du eller s\u00e5 d\u00f6r du. Med en p\u00e5kostad blandning av brons, guld, isbl\u00e5 och j\u00e4rnfoliedetaljer, tillsammans med f\u00f6rstklassig texturerad pr\u00e4gling, \u00e4r det som att varje d\u00e4ck sjunger en s\u00e5ng av is och eld. VINTERN KOMMER G\u00f6r din v\u00e4g genom Westeros med Jon Snow, Daenerys Targaryen, Arya och Sansa Stark, Cersei och Jaime Lannister, The Night King och alla dina favoritkarakt\u00e4rer! \u00c5terupplev alla dina favorit\u00f6gonblick fr\u00e5n serien medan du sl\u00e5ss om j\u00e4rntronen n\u00e4sta spelkv\u00e4ll. Kungen i norr! kriget \u00e4r inte \u00f6ver The Night King and the White Walkers kommer, och det \u00e4r den sista montern i Winterfell. Tiden har kommit f\u00f6r det stora kriget - \u00e4r du redo att tappert k\u00e4mpa och ta j\u00e4rntronen? Om du \u00e4r ett Game of Thrones-fan \u00e4r detta kortlek ett m\u00e5ste f\u00f6r att hj\u00e4lpa dig i strid.\"><span class=\"Y2IQFc\" lang=\"sv\">Are you worthy of the Iron Throne? Premium playing cards inspired by the legendary HBO television series.<\/p>\n<p><b>The Seven Kingdoms <\/b><br \/>\nA Journey Through Westeros<\/p>\n<p>When you play the <b>Game of Thrones <\/b>, you win or you die. Featuring a lavish blend of bronze, gold, ice blue, and iron foil details, along with premium textured embossing, it&#8217;s like each deck sings a song of ice and fire.<\/p>\n<p><b>Winter is Coming <\/b><\/p>\n<p>Forge your path through Westeros with Jon Snow, Daenerys Targaryen, Arya and Sansa Stark, Cersei and Jamie Lannister, The Night King, and all of your favorite characters! Relive all of your favorite moments from the series while you fight for the Iron Throne at the next game night.<\/p>\n<p><b>The King in the North!<\/b><br \/>\nThe War Is Not Over<\/p>\n<p>The Night King and the White Walkers are coming, and it&#8217;s the final stand in Winterfell. The time has come for the Great War &#8211; are you ready to fight valiantly and take the Iron Throne? If you&#8217;re a <b>Game of Thrones fan<\/b>, this deck is a must-have to assist you in battle.<\/p>\n<p><b>Game of Thrones <\/b> and all related characters and elements \u00a9 &amp; TM Home Box Office, Inc. <\/span><\/p>\n<\/div>\n<div id=\"tw-target-rmn-container\" class=\"tw-target-rmn tw-ta-container F0azHf tw-nfl\" tabindex=\"0\" role=\"text\">\n<pre id=\"tw-target-rmn\" class=\"tw-data-placeholder tw-text-small tw-ta\" dir=\"ltr\" data-placeholder=\"\"><\/pre>\n<\/div>\n<p> [&#8230;]<\/p>\n<p><a class=\"btn btn-secondary understrap-read-more-link\" href=\"https:\/\/kortleksbolaget.se\/fi\/tuote\/game-of-thrones\/\">Lue lis\u00e4\u00e4&#8230;<span class=\"screen-reader-text\"> from Game of Thrones<\/span><\/a><\/p>\n","protected":false},"featured_media":148769,"template":"","meta":{"_acf_changed":false},"product_brand":[],"product_cat":[130],"product_tag":[],"class_list":{"0":"post-148918","1":"product","2":"type-product","3":"status-publish","4":"has-post-thumbnail","6":"varumarke-theory11-fi","7":"product_cat-special-lyx-limited-fi","9":"first","10":"instock","11":"taxable","12":"shipping-taxable","13":"purchasable","14":"product-type-simple"},"acf":[],"yoast_head":"<!-- This site is optimized with the Yoast SEO plugin v26.3 - https:\/\/yoast.com\/wordpress\/plugins\/seo\/ -->\n<title>Kortlek Game of Thrones | Kortleksbolaget<\/title>\n<meta name=\"description\" content=\"K\u00f6p Game of Thrones. Snabba leveranser &amp; bra priser. Sveriges st\u00f6rsta sortiment av kortlekar p\u00e5 Kortleksbolaget!\" \/>\n<meta name=\"robots\" content=\"index, follow, max-snippet:-1, max-image-preview:large, max-video-preview:-1\" \/>\n<link rel=\"canonical\" href=\"https:\/\/kortleksbolaget.se\/fi\/tuote\/game-of-thrones\/\" \/>\n<meta property=\"og:locale\" content=\"fi_FI\" \/>\n<meta property=\"og:type\" content=\"article\" \/>\n<meta property=\"og:title\" content=\"Kortlek Game of Thrones | Kortleksbolaget\" \/>\n<meta property=\"og:description\" content=\"K\u00f6p Game of Thrones. Snabba leveranser &amp; bra priser. Sveriges st\u00f6rsta sortiment av kortlekar p\u00e5 Kortleksbolaget!\" \/>\n<meta property=\"og:url\" content=\"https:\/\/kortleksbolaget.se\/fi\/tuote\/game-of-thrones\/\" \/>\n<meta property=\"og:site_name\" content=\"Kortleksbolaget\" \/>\n<meta property=\"og:image\" content=\"https:\/\/kortleksbolaget.se\/wp-content\/uploads\/game-of-thrones-kortlek.jpg\" \/>\n\t<meta property=\"og:image:width\" content=\"481\" \/>\n\t<meta property=\"og:image:height\" content=\"721\" \/>\n\t<meta property=\"og:image:type\" content=\"image\/jpeg\" \/>\n<meta name=\"twitter:card\" content=\"summary_large_image\" \/>\n<script type=\"application\/ld+json\" class=\"yoast-schema-graph\">{\"@context\":\"https:\/\/schema.org\",\"@graph\":[{\"@type\":\"WebPage\",\"@id\":\"https:\/\/kortleksbolaget.se\/fi\/tuote\/game-of-thrones\/\",\"url\":\"https:\/\/kortleksbolaget.se\/fi\/tuote\/game-of-thrones\/\",\"name\":\"Kortlek Game of Thrones | Kortleksbolaget\",\"isPartOf\":{\"@id\":\"https:\/\/kortleksbolaget.se\/fi\/#website\"},\"primaryImageOfPage\":{\"@id\":\"https:\/\/kortleksbolaget.se\/fi\/tuote\/game-of-thrones\/#primaryimage\"},\"image\":{\"@id\":\"https:\/\/kortleksbolaget.se\/fi\/tuote\/game-of-thrones\/#primaryimage\"},\"thumbnailUrl\":\"https:\/\/kortleksbolaget.se\/wp-content\/uploads\/game-of-thrones-kortlek.jpg\",\"datePublished\":\"2024-12-27T09:03:01+00:00\",\"description\":\"K\u00f6p Game of Thrones. Snabba leveranser & bra priser. Sveriges st\u00f6rsta sortiment av kortlekar p\u00e5 Kortleksbolaget!\",\"breadcrumb\":{\"@id\":\"https:\/\/kortleksbolaget.se\/fi\/tuote\/game-of-thrones\/#breadcrumb\"},\"inLanguage\":\"fi\",\"potentialAction\":[{\"@type\":\"ReadAction\",\"target\":[\"https:\/\/kortleksbolaget.se\/fi\/tuote\/game-of-thrones\/\"]}]},{\"@type\":\"ImageObject\",\"inLanguage\":\"fi\",\"@id\":\"https:\/\/kortleksbolaget.se\/fi\/tuote\/game-of-thrones\/#primaryimage\",\"url\":\"https:\/\/kortleksbolaget.se\/wp-content\/uploads\/game-of-thrones-kortlek.jpg\",\"contentUrl\":\"https:\/\/kortleksbolaget.se\/wp-content\/uploads\/game-of-thrones-kortlek.jpg\",\"width\":481,\"height\":721},{\"@type\":\"BreadcrumbList\",\"@id\":\"https:\/\/kortleksbolaget.se\/fi\/tuote\/game-of-thrones\/#breadcrumb\",\"itemListElement\":[{\"@type\":\"ListItem\",\"position\":1,\"name\":\"Hem\",\"item\":\"https:\/\/kortleksbolaget.se\/fi\/\"},{\"@type\":\"ListItem\",\"position\":2,\"name\":\"N\u00e4yt\u00e4 kaikki tuotteet\",\"item\":\"https:\/\/kortleksbolaget.se\/fi\/kaupassa\/\"},{\"@type\":\"ListItem\",\"position\":3,\"name\":\"Game of Thrones\"}]},{\"@type\":\"WebSite\",\"@id\":\"https:\/\/kortleksbolaget.se\/fi\/#website\",\"url\":\"https:\/\/kortleksbolaget.se\/fi\/\",\"name\":\"Kortleksbolaget\",\"description\":\"Kortlekar p\u00e5 n\u00e4tet\",\"publisher\":{\"@id\":\"https:\/\/kortleksbolaget.se\/fi\/#organization\"},\"potentialAction\":[{\"@type\":\"SearchAction\",\"target\":{\"@type\":\"EntryPoint\",\"urlTemplate\":\"https:\/\/kortleksbolaget.se\/fi\/?s={search_term_string}\"},\"query-input\":{\"@type\":\"PropertyValueSpecification\",\"valueRequired\":true,\"valueName\":\"search_term_string\"}}],\"inLanguage\":\"fi\"},{\"@type\":\"Organization\",\"@id\":\"https:\/\/kortleksbolaget.se\/fi\/#organization\",\"name\":\"Kortleksbolaget\",\"url\":\"https:\/\/kortleksbolaget.se\/fi\/\",\"logo\":{\"@type\":\"ImageObject\",\"inLanguage\":\"fi\",\"@id\":\"https:\/\/kortleksbolaget.se\/fi\/#\/schema\/logo\/image\/\",\"url\":\"https:\/\/kortleksbolaget.se\/wp-content\/uploads\/kortleksbolaget_logo-svart.png\",\"contentUrl\":\"https:\/\/kortleksbolaget.se\/wp-content\/uploads\/kortleksbolaget_logo-svart.png\",\"width\":1200,\"height\":296,\"caption\":\"Kortleksbolaget\"},\"image\":{\"@id\":\"https:\/\/kortleksbolaget.se\/fi\/#\/schema\/logo\/image\/\"}}]}<\/script>\n<!-- \/ Yoast SEO plugin. -->","yoast_head_json":{"title":"Kortlek Game of Thrones | Kortleksbolaget","description":"K\u00f6p Game of Thrones. Snabba leveranser & bra priser. Sveriges st\u00f6rsta sortiment av kortlekar p\u00e5 Kortleksbolaget!","robots":{"index":"index","follow":"follow","max-snippet":"max-snippet:-1","max-image-preview":"max-image-preview:large","max-video-preview":"max-video-preview:-1"},"canonical":"https:\/\/kortleksbolaget.se\/fi\/tuote\/game-of-thrones\/","og_locale":"fi_FI","og_type":"article","og_title":"Kortlek Game of Thrones | Kortleksbolaget","og_description":"K\u00f6p Game of Thrones. Snabba leveranser & bra priser. Sveriges st\u00f6rsta sortiment av kortlekar p\u00e5 Kortleksbolaget!","og_url":"https:\/\/kortleksbolaget.se\/fi\/tuote\/game-of-thrones\/","og_site_name":"Kortleksbolaget","og_image":[{"width":481,"height":721,"url":"https:\/\/kortleksbolaget.se\/wp-content\/uploads\/game-of-thrones-kortlek.jpg","type":"image\/jpeg"}],"twitter_card":"summary_large_image","schema":{"@context":"https:\/\/schema.org","@graph":[{"@type":"WebPage","@id":"https:\/\/kortleksbolaget.se\/fi\/tuote\/game-of-thrones\/","url":"https:\/\/kortleksbolaget.se\/fi\/tuote\/game-of-thrones\/","name":"Kortlek Game of Thrones | Kortleksbolaget","isPartOf":{"@id":"https:\/\/kortleksbolaget.se\/fi\/#website"},"primaryImageOfPage":{"@id":"https:\/\/kortleksbolaget.se\/fi\/tuote\/game-of-thrones\/#primaryimage"},"image":{"@id":"https:\/\/kortleksbolaget.se\/fi\/tuote\/game-of-thrones\/#primaryimage"},"thumbnailUrl":"https:\/\/kortleksbolaget.se\/wp-content\/uploads\/game-of-thrones-kortlek.jpg","datePublished":"2024-12-27T09:03:01+00:00","description":"K\u00f6p Game of Thrones. Snabba leveranser & bra priser. Sveriges st\u00f6rsta sortiment av kortlekar p\u00e5 Kortleksbolaget!","breadcrumb":{"@id":"https:\/\/kortleksbolaget.se\/fi\/tuote\/game-of-thrones\/#breadcrumb"},"inLanguage":"fi","potentialAction":[{"@type":"ReadAction","target":["https:\/\/kortleksbolaget.se\/fi\/tuote\/game-of-thrones\/"]}]},{"@type":"ImageObject","inLanguage":"fi","@id":"https:\/\/kortleksbolaget.se\/fi\/tuote\/game-of-thrones\/#primaryimage","url":"https:\/\/kortleksbolaget.se\/wp-content\/uploads\/game-of-thrones-kortlek.jpg","contentUrl":"https:\/\/kortleksbolaget.se\/wp-content\/uploads\/game-of-thrones-kortlek.jpg","width":481,"height":721},{"@type":"BreadcrumbList","@id":"https:\/\/kortleksbolaget.se\/fi\/tuote\/game-of-thrones\/#breadcrumb","itemListElement":[{"@type":"ListItem","position":1,"name":"Hem","item":"https:\/\/kortleksbolaget.se\/fi\/"},{"@type":"ListItem","position":2,"name":"N\u00e4yt\u00e4 kaikki tuotteet","item":"https:\/\/kortleksbolaget.se\/fi\/kaupassa\/"},{"@type":"ListItem","position":3,"name":"Game of Thrones"}]},{"@type":"WebSite","@id":"https:\/\/kortleksbolaget.se\/fi\/#website","url":"https:\/\/kortleksbolaget.se\/fi\/","name":"Kortleksbolaget","description":"Kortlekar p\u00e5 n\u00e4tet","publisher":{"@id":"https:\/\/kortleksbolaget.se\/fi\/#organization"},"potentialAction":[{"@type":"SearchAction","target":{"@type":"EntryPoint","urlTemplate":"https:\/\/kortleksbolaget.se\/fi\/?s={search_term_string}"},"query-input":{"@type":"PropertyValueSpecification","valueRequired":true,"valueName":"search_term_string"}}],"inLanguage":"fi"},{"@type":"Organization","@id":"https:\/\/kortleksbolaget.se\/fi\/#organization","name":"Kortleksbolaget","url":"https:\/\/kortleksbolaget.se\/fi\/","logo":{"@type":"ImageObject","inLanguage":"fi","@id":"https:\/\/kortleksbolaget.se\/fi\/#\/schema\/logo\/image\/","url":"https:\/\/kortleksbolaget.se\/wp-content\/uploads\/kortleksbolaget_logo-svart.png","contentUrl":"https:\/\/kortleksbolaget.se\/wp-content\/uploads\/kortleksbolaget_logo-svart.png","width":1200,"height":296,"caption":"Kortleksbolaget"},"image":{"@id":"https:\/\/kortleksbolaget.se\/fi\/#\/schema\/logo\/image\/"}}]}},"_links":{"self":[{"href":"https:\/\/kortleksbolaget.se\/fi\/wp-json\/wp\/v2\/product\/148918","targetHints":{"allow":["GET"]}}],"collection":[{"href":"https:\/\/kortleksbolaget.se\/fi\/wp-json\/wp\/v2\/product"}],"about":[{"href":"https:\/\/kortleksbolaget.se\/fi\/wp-json\/wp\/v2\/types\/product"}],"wp:featuredmedia":[{"embeddable":true,"href":"https:\/\/kortleksbolaget.se\/fi\/wp-json\/wp\/v2\/media\/148769"}],"wp:attachment":[{"href":"https:\/\/kortleksbolaget.se\/fi\/wp-json\/wp\/v2\/media?parent=148918"}],"wp:term":[{"taxonomy":"product_brand","embeddable":true,"href":"https:\/\/kortleksbolaget.se\/fi\/wp-json\/wp\/v2\/product_brand?post=148918"},{"taxonomy":"product_cat","embeddable":true,"href":"https:\/\/kortleksbolaget.se\/fi\/wp-json\/wp\/v2\/product_cat?post=148918"},{"taxonomy":"product_tag","embeddable":true,"href":"https:\/\/kortleksbolaget.se\/fi\/wp-json\/wp\/v2\/product_tag?post=148918"}],"curies":[{"name":"wp","href":"https:\/\/api.w.org\/{rel}","templated":true}]}}