{"id":149748,"date":"2025-01-31T23:57:01","date_gmt":"2025-01-31T22:57:01","guid":{"rendered":"https:\/\/kortleksbolaget.se\/produkt\/pirates-daylight-limited-edition\/"},"modified":"2025-01-31T23:57:01","modified_gmt":"2025-01-31T22:57:01","slug":"pirates-daylight-limited-edition","status":"publish","type":"product","link":"https:\/\/kortleksbolaget.se\/fi\/tuote\/pirates-daylight-limited-edition\/","title":{"rendered":"Pirates Daylight Limited Edition"},"content":{"rendered":"","protected":false},"excerpt":{"rendered":"<div id=\"tw-target-text-container\" class=\"tw-ta-container F0azHf tw-nfl\" tabindex=\"0\" role=\"text\">\n<p class=\"tw-data-text tw-text-large tw-ta\" dir=\"ltr\" data-placeholder=\"\u00d6vers\u00e4ttning\" data-ved=\"2ahUKEwiQkLC_qsCKAxW4JBAIHb15CWMQ3ewLegQICRAT\" aria-label=\"\u00d6versatt text: Pirates Playing Cards \u00e4r en vackert och intrikat designad kortlek med premiumspelkort med pirattema som placeras i en mekanisk \u00f6ppnings- och st\u00e4ngningsl\u00e5da med v\u00e4xelr\u00f6relse gjord helt av papper som inte \u00e4r st\u00f6rre \u00e4n en vanlig kortlek. Konceptualiserade och designade i sin helhet av oss p\u00e5 The Paper Gear Company under de senaste 3 \u00e5ren, vi hoppas att v\u00e5ra Pirates Playing Cards kommer att vara en kortlek som du anser vara v\u00e4rd att vara i din samling. Drag: Nattutg\u00e5van \u00e4r v\u00e5rt m\u00f6rkf\u00e4rgade temakortlek. Dagsljusutg\u00e5van \u00e4r v\u00e5rt d\u00e4ck med ljust tema. Begr\u00e4nsade upplagor Endast 500 d\u00e4ck varje version. Special &quot;v\u00e4xell\u00e5da&quot; gjord helt av papper. Designad av The Paper Gear Company.\"><span class=\"Y2IQFc\" lang=\"sv\"><b>Pirates Playing Cards <\/b> is a beautifully and intricately designed deck of pirates themed premium playing cards put into a mechanical opening and closing tuck box with gear movement made entirely out of paper which is no bigger than a standard deck of cards. Conceptualized and designed in its entirety by us at The Paper Gear Company over the last 3 years, we hope our <b>Pirates Playing Cards <\/b> will be a deck that you consider worthy to be in your collection.<\/p>\n<p><b>Features: <\/b><\/span><\/p>\n<ul>\n<li>The night edition is our dark-colored themed deck.<\/li>\n<li>The daylight edition is our light-colored themed deck.<\/li>\n<li>Limited editions<\/li>\n<li>Only 500 decks each version.<\/li>\n<li>Special &#8221;gear box&#8221; made entirely out of paper.<\/li>\n<li>Designed by The Paper Gear Company.<\/li>\n<\/ul>\n<p id=\"tw-target-text\" class=\"tw-data-text tw-text-large tw-ta\" dir=\"ltr\" data-placeholder=\"\u00d6vers\u00e4ttning\" data-ved=\"2ahUKEwiQkLC_qsCKAxW4JBAIHb15CWMQ3ewLegQICRAT\" aria-label=\"\u00d6versatt text: Pirates Playing Cards \u00e4r en vackert och intrikat designad kortlek med premiumspelkort med pirattema som placeras i en mekanisk \u00f6ppnings- och st\u00e4ngningsl\u00e5da med v\u00e4xelr\u00f6relse gjord helt av papper som inte \u00e4r st\u00f6rre \u00e4n en vanlig kortlek. Konceptualiserade och designade i sin helhet av oss p\u00e5 The Paper Gear Company under de senaste 3 \u00e5ren, vi hoppas att v\u00e5ra Pirates Playing Cards kommer att vara en kortlek som du anser vara v\u00e4rd att vara i din samling. Drag: Nattutg\u00e5van \u00e4r v\u00e5rt m\u00f6rkf\u00e4rgade temakortlek. Dagsljusutg\u00e5van \u00e4r v\u00e5rt d\u00e4ck med ljust tema. Begr\u00e4nsade upplagor Endast 500 d\u00e4ck varje version. Special &quot;v\u00e4xell\u00e5da&quot; gjord helt av papper. Designad av The Paper Gear Company.\"><span class=\"Y2IQFc\" lang=\"sv\">\u00a0<\/span><\/p>\n<\/div>\n<p> [&#8230;]<\/p>\n<p><a class=\"btn btn-secondary understrap-read-more-link\" href=\"https:\/\/kortleksbolaget.se\/fi\/tuote\/pirates-daylight-limited-edition\/\">Lue lis\u00e4\u00e4&#8230;<span class=\"screen-reader-text\"> from Pirates Daylight Limited Edition<\/span><\/a><\/p>\n","protected":false},"featured_media":149757,"template":"","meta":{"_acf_changed":false},"product_brand":[],"product_cat":[130],"product_tag":[],"class_list":{"0":"post-149748","1":"product","2":"type-product","3":"status-publish","4":"has-post-thumbnail","6":"product_cat-special-lyx-limited-fi","8":"first","9":"instock","10":"taxable","11":"shipping-taxable","12":"purchasable","13":"product-type-simple"},"acf":[],"yoast_head":"<!-- This site is optimized with the Yoast SEO plugin v26.3 - https:\/\/yoast.com\/wordpress\/plugins\/seo\/ -->\n<title>Kortlek Pirates Daylight Limited Edition | Kortleksbolaget<\/title>\n<meta name=\"description\" content=\"K\u00f6p Pirates Daylight Limited Edition. Snabba leveranser &amp; bra priser. Sveriges st\u00f6rsta sortiment av kortlekar p\u00e5 Kortleksbolaget!\" \/>\n<meta name=\"robots\" content=\"index, follow, max-snippet:-1, max-image-preview:large, max-video-preview:-1\" \/>\n<link rel=\"canonical\" href=\"https:\/\/kortleksbolaget.se\/fi\/tuote\/pirates-daylight-limited-edition\/\" \/>\n<meta property=\"og:locale\" content=\"fi_FI\" \/>\n<meta property=\"og:type\" content=\"article\" \/>\n<meta property=\"og:title\" content=\"Kortlek Pirates Daylight Limited Edition | Kortleksbolaget\" \/>\n<meta property=\"og:description\" content=\"K\u00f6p Pirates Daylight Limited Edition. Snabba leveranser &amp; bra priser. Sveriges st\u00f6rsta sortiment av kortlekar p\u00e5 Kortleksbolaget!\" \/>\n<meta property=\"og:url\" content=\"https:\/\/kortleksbolaget.se\/fi\/tuote\/pirates-daylight-limited-edition\/\" \/>\n<meta property=\"og:site_name\" content=\"Kortleksbolaget\" \/>\n<meta property=\"og:image\" content=\"https:\/\/kortleksbolaget.se\/wp-content\/uploads\/pirat-kortlek-1-1.jpg\" \/>\n\t<meta property=\"og:image:width\" content=\"467\" \/>\n\t<meta property=\"og:image:height\" content=\"701\" \/>\n\t<meta property=\"og:image:type\" content=\"image\/jpeg\" \/>\n<meta name=\"twitter:card\" content=\"summary_large_image\" \/>\n<script type=\"application\/ld+json\" class=\"yoast-schema-graph\">{\"@context\":\"https:\/\/schema.org\",\"@graph\":[{\"@type\":\"WebPage\",\"@id\":\"https:\/\/kortleksbolaget.se\/fi\/tuote\/pirates-daylight-limited-edition\/\",\"url\":\"https:\/\/kortleksbolaget.se\/fi\/tuote\/pirates-daylight-limited-edition\/\",\"name\":\"Kortlek Pirates Daylight Limited Edition | Kortleksbolaget\",\"isPartOf\":{\"@id\":\"https:\/\/kortleksbolaget.se\/fi\/#website\"},\"primaryImageOfPage\":{\"@id\":\"https:\/\/kortleksbolaget.se\/fi\/tuote\/pirates-daylight-limited-edition\/#primaryimage\"},\"image\":{\"@id\":\"https:\/\/kortleksbolaget.se\/fi\/tuote\/pirates-daylight-limited-edition\/#primaryimage\"},\"thumbnailUrl\":\"https:\/\/kortleksbolaget.se\/wp-content\/uploads\/pirat-kortlek-1-1.jpg\",\"datePublished\":\"2025-01-31T22:57:01+00:00\",\"description\":\"K\u00f6p Pirates Daylight Limited Edition. Snabba leveranser & bra priser. Sveriges st\u00f6rsta sortiment av kortlekar p\u00e5 Kortleksbolaget!\",\"breadcrumb\":{\"@id\":\"https:\/\/kortleksbolaget.se\/fi\/tuote\/pirates-daylight-limited-edition\/#breadcrumb\"},\"inLanguage\":\"fi\",\"potentialAction\":[{\"@type\":\"ReadAction\",\"target\":[\"https:\/\/kortleksbolaget.se\/fi\/tuote\/pirates-daylight-limited-edition\/\"]}]},{\"@type\":\"ImageObject\",\"inLanguage\":\"fi\",\"@id\":\"https:\/\/kortleksbolaget.se\/fi\/tuote\/pirates-daylight-limited-edition\/#primaryimage\",\"url\":\"https:\/\/kortleksbolaget.se\/wp-content\/uploads\/pirat-kortlek-1-1.jpg\",\"contentUrl\":\"https:\/\/kortleksbolaget.se\/wp-content\/uploads\/pirat-kortlek-1-1.jpg\",\"width\":467,\"height\":701},{\"@type\":\"BreadcrumbList\",\"@id\":\"https:\/\/kortleksbolaget.se\/fi\/tuote\/pirates-daylight-limited-edition\/#breadcrumb\",\"itemListElement\":[{\"@type\":\"ListItem\",\"position\":1,\"name\":\"Hem\",\"item\":\"https:\/\/kortleksbolaget.se\/fi\/\"},{\"@type\":\"ListItem\",\"position\":2,\"name\":\"N\u00e4yt\u00e4 kaikki tuotteet\",\"item\":\"https:\/\/kortleksbolaget.se\/fi\/kaupassa\/\"},{\"@type\":\"ListItem\",\"position\":3,\"name\":\"Pirates Daylight Limited Edition\"}]},{\"@type\":\"WebSite\",\"@id\":\"https:\/\/kortleksbolaget.se\/fi\/#website\",\"url\":\"https:\/\/kortleksbolaget.se\/fi\/\",\"name\":\"Kortleksbolaget\",\"description\":\"Kortlekar p\u00e5 n\u00e4tet\",\"publisher\":{\"@id\":\"https:\/\/kortleksbolaget.se\/fi\/#organization\"},\"potentialAction\":[{\"@type\":\"SearchAction\",\"target\":{\"@type\":\"EntryPoint\",\"urlTemplate\":\"https:\/\/kortleksbolaget.se\/fi\/?s={search_term_string}\"},\"query-input\":{\"@type\":\"PropertyValueSpecification\",\"valueRequired\":true,\"valueName\":\"search_term_string\"}}],\"inLanguage\":\"fi\"},{\"@type\":\"Organization\",\"@id\":\"https:\/\/kortleksbolaget.se\/fi\/#organization\",\"name\":\"Kortleksbolaget\",\"url\":\"https:\/\/kortleksbolaget.se\/fi\/\",\"logo\":{\"@type\":\"ImageObject\",\"inLanguage\":\"fi\",\"@id\":\"https:\/\/kortleksbolaget.se\/fi\/#\/schema\/logo\/image\/\",\"url\":\"https:\/\/kortleksbolaget.se\/wp-content\/uploads\/kortleksbolaget_logo-svart.png\",\"contentUrl\":\"https:\/\/kortleksbolaget.se\/wp-content\/uploads\/kortleksbolaget_logo-svart.png\",\"width\":1200,\"height\":296,\"caption\":\"Kortleksbolaget\"},\"image\":{\"@id\":\"https:\/\/kortleksbolaget.se\/fi\/#\/schema\/logo\/image\/\"}}]}<\/script>\n<!-- \/ Yoast SEO plugin. -->","yoast_head_json":{"title":"Kortlek Pirates Daylight Limited Edition | Kortleksbolaget","description":"K\u00f6p Pirates Daylight Limited Edition. Snabba leveranser & bra priser. Sveriges st\u00f6rsta sortiment av kortlekar p\u00e5 Kortleksbolaget!","robots":{"index":"index","follow":"follow","max-snippet":"max-snippet:-1","max-image-preview":"max-image-preview:large","max-video-preview":"max-video-preview:-1"},"canonical":"https:\/\/kortleksbolaget.se\/fi\/tuote\/pirates-daylight-limited-edition\/","og_locale":"fi_FI","og_type":"article","og_title":"Kortlek Pirates Daylight Limited Edition | Kortleksbolaget","og_description":"K\u00f6p Pirates Daylight Limited Edition. Snabba leveranser & bra priser. Sveriges st\u00f6rsta sortiment av kortlekar p\u00e5 Kortleksbolaget!","og_url":"https:\/\/kortleksbolaget.se\/fi\/tuote\/pirates-daylight-limited-edition\/","og_site_name":"Kortleksbolaget","og_image":[{"width":467,"height":701,"url":"https:\/\/kortleksbolaget.se\/wp-content\/uploads\/pirat-kortlek-1-1.jpg","type":"image\/jpeg"}],"twitter_card":"summary_large_image","schema":{"@context":"https:\/\/schema.org","@graph":[{"@type":"WebPage","@id":"https:\/\/kortleksbolaget.se\/fi\/tuote\/pirates-daylight-limited-edition\/","url":"https:\/\/kortleksbolaget.se\/fi\/tuote\/pirates-daylight-limited-edition\/","name":"Kortlek Pirates Daylight Limited Edition | Kortleksbolaget","isPartOf":{"@id":"https:\/\/kortleksbolaget.se\/fi\/#website"},"primaryImageOfPage":{"@id":"https:\/\/kortleksbolaget.se\/fi\/tuote\/pirates-daylight-limited-edition\/#primaryimage"},"image":{"@id":"https:\/\/kortleksbolaget.se\/fi\/tuote\/pirates-daylight-limited-edition\/#primaryimage"},"thumbnailUrl":"https:\/\/kortleksbolaget.se\/wp-content\/uploads\/pirat-kortlek-1-1.jpg","datePublished":"2025-01-31T22:57:01+00:00","description":"K\u00f6p Pirates Daylight Limited Edition. Snabba leveranser & bra priser. Sveriges st\u00f6rsta sortiment av kortlekar p\u00e5 Kortleksbolaget!","breadcrumb":{"@id":"https:\/\/kortleksbolaget.se\/fi\/tuote\/pirates-daylight-limited-edition\/#breadcrumb"},"inLanguage":"fi","potentialAction":[{"@type":"ReadAction","target":["https:\/\/kortleksbolaget.se\/fi\/tuote\/pirates-daylight-limited-edition\/"]}]},{"@type":"ImageObject","inLanguage":"fi","@id":"https:\/\/kortleksbolaget.se\/fi\/tuote\/pirates-daylight-limited-edition\/#primaryimage","url":"https:\/\/kortleksbolaget.se\/wp-content\/uploads\/pirat-kortlek-1-1.jpg","contentUrl":"https:\/\/kortleksbolaget.se\/wp-content\/uploads\/pirat-kortlek-1-1.jpg","width":467,"height":701},{"@type":"BreadcrumbList","@id":"https:\/\/kortleksbolaget.se\/fi\/tuote\/pirates-daylight-limited-edition\/#breadcrumb","itemListElement":[{"@type":"ListItem","position":1,"name":"Hem","item":"https:\/\/kortleksbolaget.se\/fi\/"},{"@type":"ListItem","position":2,"name":"N\u00e4yt\u00e4 kaikki tuotteet","item":"https:\/\/kortleksbolaget.se\/fi\/kaupassa\/"},{"@type":"ListItem","position":3,"name":"Pirates Daylight Limited Edition"}]},{"@type":"WebSite","@id":"https:\/\/kortleksbolaget.se\/fi\/#website","url":"https:\/\/kortleksbolaget.se\/fi\/","name":"Kortleksbolaget","description":"Kortlekar p\u00e5 n\u00e4tet","publisher":{"@id":"https:\/\/kortleksbolaget.se\/fi\/#organization"},"potentialAction":[{"@type":"SearchAction","target":{"@type":"EntryPoint","urlTemplate":"https:\/\/kortleksbolaget.se\/fi\/?s={search_term_string}"},"query-input":{"@type":"PropertyValueSpecification","valueRequired":true,"valueName":"search_term_string"}}],"inLanguage":"fi"},{"@type":"Organization","@id":"https:\/\/kortleksbolaget.se\/fi\/#organization","name":"Kortleksbolaget","url":"https:\/\/kortleksbolaget.se\/fi\/","logo":{"@type":"ImageObject","inLanguage":"fi","@id":"https:\/\/kortleksbolaget.se\/fi\/#\/schema\/logo\/image\/","url":"https:\/\/kortleksbolaget.se\/wp-content\/uploads\/kortleksbolaget_logo-svart.png","contentUrl":"https:\/\/kortleksbolaget.se\/wp-content\/uploads\/kortleksbolaget_logo-svart.png","width":1200,"height":296,"caption":"Kortleksbolaget"},"image":{"@id":"https:\/\/kortleksbolaget.se\/fi\/#\/schema\/logo\/image\/"}}]}},"_links":{"self":[{"href":"https:\/\/kortleksbolaget.se\/fi\/wp-json\/wp\/v2\/product\/149748","targetHints":{"allow":["GET"]}}],"collection":[{"href":"https:\/\/kortleksbolaget.se\/fi\/wp-json\/wp\/v2\/product"}],"about":[{"href":"https:\/\/kortleksbolaget.se\/fi\/wp-json\/wp\/v2\/types\/product"}],"wp:featuredmedia":[{"embeddable":true,"href":"https:\/\/kortleksbolaget.se\/fi\/wp-json\/wp\/v2\/media\/149757"}],"wp:attachment":[{"href":"https:\/\/kortleksbolaget.se\/fi\/wp-json\/wp\/v2\/media?parent=149748"}],"wp:term":[{"taxonomy":"product_brand","embeddable":true,"href":"https:\/\/kortleksbolaget.se\/fi\/wp-json\/wp\/v2\/product_brand?post=149748"},{"taxonomy":"product_cat","embeddable":true,"href":"https:\/\/kortleksbolaget.se\/fi\/wp-json\/wp\/v2\/product_cat?post=149748"},{"taxonomy":"product_tag","embeddable":true,"href":"https:\/\/kortleksbolaget.se\/fi\/wp-json\/wp\/v2\/product_tag?post=149748"}],"curies":[{"name":"wp","href":"https:\/\/api.w.org\/{rel}","templated":true}]}}