{"id":149813,"date":"2025-02-03T07:29:17","date_gmt":"2025-02-03T06:29:17","guid":{"rendered":"https:\/\/kortleksbolaget.se\/produkt\/star-wars-year-of-the-dark-side\/"},"modified":"2025-12-12T16:08:19","modified_gmt":"2025-12-12T15:08:19","slug":"star-wars-year-of-the-dark-side","status":"publish","type":"product","link":"https:\/\/kortleksbolaget.se\/fi\/tuote\/star-wars-year-of-the-dark-side\/","title":{"rendered":"Star Wars Year of the Dark Side"},"content":{"rendered":"","protected":false},"excerpt":{"rendered":"<div class=\"box-inner1\">\n<div class=\"product-description Scrollable\">\n<div class=\"product attribute overview\">\n<div class=\"value\">\n<p>Premium Star Wars\u2122 playing cards for those who want to embrace their inner Sith.<\/p>\n<p>Embrace the Dark Side &#8211; Obedience to the empire<br \/>\nThe outer packaging is breathtaking, with striking, galactic silver and red foil accents worthy enough for a new Sith apprentice. Featuring iconic dark side elements such as the Imperial crest, the Death Star, the Imperial Throne Room window, and the helmet of the most feared Sith Lord &#8211; Darth Vader!<\/p>\n<p>YEAR OF THE DARK SIDE<br \/>\nCelebrate the legendary characters and symbols that represent the Dark Side, bringing iconic villains like Darth Vader, Darth Maul, Count Dooku, Emperor Palpatine, and more to life with all-new, stunning custom artwork!<\/p>\n<p>Channel Your Inner Sith &#8211; Unrivaled print quality<br \/>\nPerfect for Star Wars fans, collectors, and anyone ready to harness the Dark Side! Every card is filled with dark and mysterious details that honor the most formidable forces in the Star Wars galaxy. Whether you\u2019re a Sith at heart or a fan of the series, these playing cards are a powerful addition to any collection.<\/p>\n<\/div>\n<\/div>\n<\/div>\n<\/div>\n<p id=\"tw-target-text\" class=\"tw-data-text tw-text-large tw-ta\" dir=\"ltr\" data-placeholder=\"\u00d6vers\u00e4ttning\" data-ved=\"2ahUKEwjjsZ-Ih5GLAxXUCRAIHdbPGTsQ3ewLegQIBxAU\" aria-label=\"\u00d6versatt text: Premium Star Wars\u2122 spelkort f\u00f6r dem som vill omfamna sin inre Sith. Embrace the Dark Side - Lydnad till imperiet Den yttre f\u00f6rpackningen \u00e4r hisnande, med sl\u00e5ende, galaktiska silver och r\u00f6da folieaccenter som \u00e4r v\u00e4rdiga nog f\u00f6r en ny Sith-l\u00e4rling. Med ikoniska m\u00f6rka sidoelement som Imperial vapen, D\u00f6dsstj\u00e4rnan, Imperial Throne Room-f\u00f6nstret och hj\u00e4lmen fr\u00e5n den mest fruktade Sith Lord - Darth Vader! \u00c5R AV DEN M\u00d6RKA SIDEN Fira de legendariska karakt\u00e4rerna och symbolerna som representerar den m\u00f6rka sidan, v\u00e4ck ikoniska skurkar som Darth Vader, Darth Maul, Count Dooku, Emperor Palpatine och mer till liv med helt nya, fantastiska anpassade konstverk! Channel Your Inner Sith - O\u00f6vertr\u00e4ffad utskriftskvalitet Perfekt f\u00f6r Star Wars-fans, samlare och alla som \u00e4r redo att utnyttja den m\u00f6rka sidan! Varje kort \u00e4r fyllt med m\u00f6rka och mystiska detaljer som hedrar de mest formidabla krafterna i Star Wars-galaxen. Oavsett om du \u00e4r en Sith i hj\u00e4rtat eller ett fan av serien, \u00e4r dessa spelkort ett kraftfullt till\u00e4gg till alla samlingar.\"><span class=\"Y2IQFc\" lang=\"sv\">\u00a0<\/span><\/p>\n<p> [&#8230;]<\/p>\n<p><a class=\"btn btn-secondary understrap-read-more-link\" href=\"https:\/\/kortleksbolaget.se\/fi\/tuote\/star-wars-year-of-the-dark-side\/\">Lue lis\u00e4\u00e4&#8230;<span class=\"screen-reader-text\"> from Star Wars Year of the Dark Side<\/span><\/a><\/p>\n","protected":false},"featured_media":149818,"template":"","meta":{"_acf_changed":false},"product_brand":[],"product_cat":[130],"product_tag":[],"class_list":{"0":"post-149813","1":"product","2":"type-product","3":"status-publish","4":"has-post-thumbnail","6":"varumarke-theory11-fi","7":"product_cat-special-lyx-limited-fi","9":"first","10":"instock","11":"taxable","12":"shipping-taxable","13":"purchasable","14":"product-type-simple"},"acf":[],"yoast_head":"<!-- This site is optimized with the Yoast SEO plugin v26.3 - https:\/\/yoast.com\/wordpress\/plugins\/seo\/ -->\n<title>Kortlek Star Wars Year of the Dark Side | Kortleksbolaget<\/title>\n<meta name=\"description\" content=\"K\u00f6p Star Wars Year of the Dark Side. Snabba leveranser &amp; bra priser. Sveriges st\u00f6rsta sortiment av kortlekar p\u00e5 Kortleksbolaget!\" \/>\n<meta name=\"robots\" content=\"index, follow, max-snippet:-1, max-image-preview:large, max-video-preview:-1\" \/>\n<link rel=\"canonical\" href=\"https:\/\/kortleksbolaget.se\/fi\/tuote\/star-wars-year-of-the-dark-side\/\" \/>\n<meta property=\"og:locale\" content=\"fi_FI\" \/>\n<meta property=\"og:type\" content=\"article\" \/>\n<meta property=\"og:title\" content=\"Kortlek Star Wars Year of the Dark Side | Kortleksbolaget\" \/>\n<meta property=\"og:description\" content=\"K\u00f6p Star Wars Year of the Dark Side. Snabba leveranser &amp; bra priser. Sveriges st\u00f6rsta sortiment av kortlekar p\u00e5 Kortleksbolaget!\" \/>\n<meta property=\"og:url\" content=\"https:\/\/kortleksbolaget.se\/fi\/tuote\/star-wars-year-of-the-dark-side\/\" \/>\n<meta property=\"og:site_name\" content=\"Kortleksbolaget\" \/>\n<meta property=\"article:modified_time\" content=\"2025-12-12T15:08:19+00:00\" \/>\n<meta property=\"og:image\" content=\"https:\/\/kortleksbolaget.se\/wp-content\/uploads\/star-wars-kortlek-2.jpg\" \/>\n\t<meta property=\"og:image:width\" content=\"454\" \/>\n\t<meta property=\"og:image:height\" content=\"682\" \/>\n\t<meta property=\"og:image:type\" content=\"image\/jpeg\" \/>\n<meta name=\"twitter:card\" content=\"summary_large_image\" \/>\n<script type=\"application\/ld+json\" class=\"yoast-schema-graph\">{\"@context\":\"https:\/\/schema.org\",\"@graph\":[{\"@type\":\"WebPage\",\"@id\":\"https:\/\/kortleksbolaget.se\/fi\/tuote\/star-wars-year-of-the-dark-side\/\",\"url\":\"https:\/\/kortleksbolaget.se\/fi\/tuote\/star-wars-year-of-the-dark-side\/\",\"name\":\"Kortlek Star Wars Year of the Dark Side | Kortleksbolaget\",\"isPartOf\":{\"@id\":\"https:\/\/kortleksbolaget.se\/fi\/#website\"},\"primaryImageOfPage\":{\"@id\":\"https:\/\/kortleksbolaget.se\/fi\/tuote\/star-wars-year-of-the-dark-side\/#primaryimage\"},\"image\":{\"@id\":\"https:\/\/kortleksbolaget.se\/fi\/tuote\/star-wars-year-of-the-dark-side\/#primaryimage\"},\"thumbnailUrl\":\"https:\/\/kortleksbolaget.se\/wp-content\/uploads\/star-wars-kortlek-2.jpg\",\"datePublished\":\"2025-02-03T06:29:17+00:00\",\"dateModified\":\"2025-12-12T15:08:19+00:00\",\"description\":\"K\u00f6p Star Wars Year of the Dark Side. Snabba leveranser & bra priser. Sveriges st\u00f6rsta sortiment av kortlekar p\u00e5 Kortleksbolaget!\",\"breadcrumb\":{\"@id\":\"https:\/\/kortleksbolaget.se\/fi\/tuote\/star-wars-year-of-the-dark-side\/#breadcrumb\"},\"inLanguage\":\"fi\",\"potentialAction\":[{\"@type\":\"ReadAction\",\"target\":[\"https:\/\/kortleksbolaget.se\/fi\/tuote\/star-wars-year-of-the-dark-side\/\"]}]},{\"@type\":\"ImageObject\",\"inLanguage\":\"fi\",\"@id\":\"https:\/\/kortleksbolaget.se\/fi\/tuote\/star-wars-year-of-the-dark-side\/#primaryimage\",\"url\":\"https:\/\/kortleksbolaget.se\/wp-content\/uploads\/star-wars-kortlek-2.jpg\",\"contentUrl\":\"https:\/\/kortleksbolaget.se\/wp-content\/uploads\/star-wars-kortlek-2.jpg\",\"width\":454,\"height\":682},{\"@type\":\"BreadcrumbList\",\"@id\":\"https:\/\/kortleksbolaget.se\/fi\/tuote\/star-wars-year-of-the-dark-side\/#breadcrumb\",\"itemListElement\":[{\"@type\":\"ListItem\",\"position\":1,\"name\":\"Hem\",\"item\":\"https:\/\/kortleksbolaget.se\/fi\/\"},{\"@type\":\"ListItem\",\"position\":2,\"name\":\"N\u00e4yt\u00e4 kaikki tuotteet\",\"item\":\"https:\/\/kortleksbolaget.se\/fi\/kaupassa\/\"},{\"@type\":\"ListItem\",\"position\":3,\"name\":\"Star Wars Year of the Dark Side\"}]},{\"@type\":\"WebSite\",\"@id\":\"https:\/\/kortleksbolaget.se\/fi\/#website\",\"url\":\"https:\/\/kortleksbolaget.se\/fi\/\",\"name\":\"Kortleksbolaget\",\"description\":\"Kortlekar p\u00e5 n\u00e4tet\",\"publisher\":{\"@id\":\"https:\/\/kortleksbolaget.se\/fi\/#organization\"},\"potentialAction\":[{\"@type\":\"SearchAction\",\"target\":{\"@type\":\"EntryPoint\",\"urlTemplate\":\"https:\/\/kortleksbolaget.se\/fi\/?s={search_term_string}\"},\"query-input\":{\"@type\":\"PropertyValueSpecification\",\"valueRequired\":true,\"valueName\":\"search_term_string\"}}],\"inLanguage\":\"fi\"},{\"@type\":\"Organization\",\"@id\":\"https:\/\/kortleksbolaget.se\/fi\/#organization\",\"name\":\"Kortleksbolaget\",\"url\":\"https:\/\/kortleksbolaget.se\/fi\/\",\"logo\":{\"@type\":\"ImageObject\",\"inLanguage\":\"fi\",\"@id\":\"https:\/\/kortleksbolaget.se\/fi\/#\/schema\/logo\/image\/\",\"url\":\"https:\/\/kortleksbolaget.se\/wp-content\/uploads\/kortleksbolaget_logo-svart.png\",\"contentUrl\":\"https:\/\/kortleksbolaget.se\/wp-content\/uploads\/kortleksbolaget_logo-svart.png\",\"width\":1200,\"height\":296,\"caption\":\"Kortleksbolaget\"},\"image\":{\"@id\":\"https:\/\/kortleksbolaget.se\/fi\/#\/schema\/logo\/image\/\"}}]}<\/script>\n<!-- \/ Yoast SEO plugin. -->","yoast_head_json":{"title":"Kortlek Star Wars Year of the Dark Side | Kortleksbolaget","description":"K\u00f6p Star Wars Year of the Dark Side. Snabba leveranser & bra priser. Sveriges st\u00f6rsta sortiment av kortlekar p\u00e5 Kortleksbolaget!","robots":{"index":"index","follow":"follow","max-snippet":"max-snippet:-1","max-image-preview":"max-image-preview:large","max-video-preview":"max-video-preview:-1"},"canonical":"https:\/\/kortleksbolaget.se\/fi\/tuote\/star-wars-year-of-the-dark-side\/","og_locale":"fi_FI","og_type":"article","og_title":"Kortlek Star Wars Year of the Dark Side | Kortleksbolaget","og_description":"K\u00f6p Star Wars Year of the Dark Side. Snabba leveranser & bra priser. Sveriges st\u00f6rsta sortiment av kortlekar p\u00e5 Kortleksbolaget!","og_url":"https:\/\/kortleksbolaget.se\/fi\/tuote\/star-wars-year-of-the-dark-side\/","og_site_name":"Kortleksbolaget","article_modified_time":"2025-12-12T15:08:19+00:00","og_image":[{"width":454,"height":682,"url":"https:\/\/kortleksbolaget.se\/wp-content\/uploads\/star-wars-kortlek-2.jpg","type":"image\/jpeg"}],"twitter_card":"summary_large_image","schema":{"@context":"https:\/\/schema.org","@graph":[{"@type":"WebPage","@id":"https:\/\/kortleksbolaget.se\/fi\/tuote\/star-wars-year-of-the-dark-side\/","url":"https:\/\/kortleksbolaget.se\/fi\/tuote\/star-wars-year-of-the-dark-side\/","name":"Kortlek Star Wars Year of the Dark Side | Kortleksbolaget","isPartOf":{"@id":"https:\/\/kortleksbolaget.se\/fi\/#website"},"primaryImageOfPage":{"@id":"https:\/\/kortleksbolaget.se\/fi\/tuote\/star-wars-year-of-the-dark-side\/#primaryimage"},"image":{"@id":"https:\/\/kortleksbolaget.se\/fi\/tuote\/star-wars-year-of-the-dark-side\/#primaryimage"},"thumbnailUrl":"https:\/\/kortleksbolaget.se\/wp-content\/uploads\/star-wars-kortlek-2.jpg","datePublished":"2025-02-03T06:29:17+00:00","dateModified":"2025-12-12T15:08:19+00:00","description":"K\u00f6p Star Wars Year of the Dark Side. Snabba leveranser & bra priser. Sveriges st\u00f6rsta sortiment av kortlekar p\u00e5 Kortleksbolaget!","breadcrumb":{"@id":"https:\/\/kortleksbolaget.se\/fi\/tuote\/star-wars-year-of-the-dark-side\/#breadcrumb"},"inLanguage":"fi","potentialAction":[{"@type":"ReadAction","target":["https:\/\/kortleksbolaget.se\/fi\/tuote\/star-wars-year-of-the-dark-side\/"]}]},{"@type":"ImageObject","inLanguage":"fi","@id":"https:\/\/kortleksbolaget.se\/fi\/tuote\/star-wars-year-of-the-dark-side\/#primaryimage","url":"https:\/\/kortleksbolaget.se\/wp-content\/uploads\/star-wars-kortlek-2.jpg","contentUrl":"https:\/\/kortleksbolaget.se\/wp-content\/uploads\/star-wars-kortlek-2.jpg","width":454,"height":682},{"@type":"BreadcrumbList","@id":"https:\/\/kortleksbolaget.se\/fi\/tuote\/star-wars-year-of-the-dark-side\/#breadcrumb","itemListElement":[{"@type":"ListItem","position":1,"name":"Hem","item":"https:\/\/kortleksbolaget.se\/fi\/"},{"@type":"ListItem","position":2,"name":"N\u00e4yt\u00e4 kaikki tuotteet","item":"https:\/\/kortleksbolaget.se\/fi\/kaupassa\/"},{"@type":"ListItem","position":3,"name":"Star Wars Year of the Dark Side"}]},{"@type":"WebSite","@id":"https:\/\/kortleksbolaget.se\/fi\/#website","url":"https:\/\/kortleksbolaget.se\/fi\/","name":"Kortleksbolaget","description":"Kortlekar p\u00e5 n\u00e4tet","publisher":{"@id":"https:\/\/kortleksbolaget.se\/fi\/#organization"},"potentialAction":[{"@type":"SearchAction","target":{"@type":"EntryPoint","urlTemplate":"https:\/\/kortleksbolaget.se\/fi\/?s={search_term_string}"},"query-input":{"@type":"PropertyValueSpecification","valueRequired":true,"valueName":"search_term_string"}}],"inLanguage":"fi"},{"@type":"Organization","@id":"https:\/\/kortleksbolaget.se\/fi\/#organization","name":"Kortleksbolaget","url":"https:\/\/kortleksbolaget.se\/fi\/","logo":{"@type":"ImageObject","inLanguage":"fi","@id":"https:\/\/kortleksbolaget.se\/fi\/#\/schema\/logo\/image\/","url":"https:\/\/kortleksbolaget.se\/wp-content\/uploads\/kortleksbolaget_logo-svart.png","contentUrl":"https:\/\/kortleksbolaget.se\/wp-content\/uploads\/kortleksbolaget_logo-svart.png","width":1200,"height":296,"caption":"Kortleksbolaget"},"image":{"@id":"https:\/\/kortleksbolaget.se\/fi\/#\/schema\/logo\/image\/"}}]}},"_links":{"self":[{"href":"https:\/\/kortleksbolaget.se\/fi\/wp-json\/wp\/v2\/product\/149813","targetHints":{"allow":["GET"]}}],"collection":[{"href":"https:\/\/kortleksbolaget.se\/fi\/wp-json\/wp\/v2\/product"}],"about":[{"href":"https:\/\/kortleksbolaget.se\/fi\/wp-json\/wp\/v2\/types\/product"}],"wp:featuredmedia":[{"embeddable":true,"href":"https:\/\/kortleksbolaget.se\/fi\/wp-json\/wp\/v2\/media\/149818"}],"wp:attachment":[{"href":"https:\/\/kortleksbolaget.se\/fi\/wp-json\/wp\/v2\/media?parent=149813"}],"wp:term":[{"taxonomy":"product_brand","embeddable":true,"href":"https:\/\/kortleksbolaget.se\/fi\/wp-json\/wp\/v2\/product_brand?post=149813"},{"taxonomy":"product_cat","embeddable":true,"href":"https:\/\/kortleksbolaget.se\/fi\/wp-json\/wp\/v2\/product_cat?post=149813"},{"taxonomy":"product_tag","embeddable":true,"href":"https:\/\/kortleksbolaget.se\/fi\/wp-json\/wp\/v2\/product_tag?post=149813"}],"curies":[{"name":"wp","href":"https:\/\/api.w.org\/{rel}","templated":true}]}}