{"id":150342,"date":"2025-02-27T14:57:13","date_gmt":"2025-02-27T13:57:13","guid":{"rendered":"https:\/\/kortleksbolaget.se\/produkt\/the-eye-of-the-ocean-gibborim\/"},"modified":"2025-02-27T14:57:13","modified_gmt":"2025-02-27T13:57:13","slug":"the-eye-of-the-ocean-gibborim","status":"publish","type":"product","link":"https:\/\/kortleksbolaget.se\/fi\/tuote\/the-eye-of-the-ocean-gibborim\/","title":{"rendered":"The Eye of the Ocean Gibborim"},"content":{"rendered":"","protected":false},"excerpt":{"rendered":"<p><b>The Eye of the Ocean:<\/b> Part II is the continuation of the archaeological adventure that began with the original series in 2021. This deck of cards showcases intricate designs inspired by the mysteries of the sea and celestial navigation. Featuring luxurious metallic foils, detailed illustrations, and an elegant fusion of antique maps, marine symbolism, and imaginative storytelling, each card is a work of art. Perfect for collectors and card enthusiasts, <b>The Eye of the Ocean <\/b> is more than just a deck-it&#8217;s an immersive adventure wrapped in exquisite craftsmanship.<\/p>\n<p><b>Gibborim &#8211; The Heroes<\/b><\/p>\n<ul>\n<li>56 cards poker size<\/li>\n<li>Gold foil application on the back<\/li>\n<li>Gilded edges in metallic teal<\/li>\n<li>Tuckbox with 2 hot foil application, embossing, inner print, custom opening.<\/li>\n<li>Tuckbox printed by Boschiero&amp;Newton (Italy)<\/li>\n<li>100% custom faces and back, court cards and extra cards.<\/li>\n<li>Jigsaw puzzle deck: compose the map of the island with the 56 cards<\/li>\n<li>Custom illustrations: aces, court cards, jokers<\/li>\n<li>Wrapped in cellophane<\/li>\n<li>Made in IT and PRC<\/li>\n<\/ul>\n<p><b>Designed by Stockholm17 Playing Cards <\/b> [&#8230;]<\/p>\n<p><a class=\"btn btn-secondary understrap-read-more-link\" href=\"https:\/\/kortleksbolaget.se\/fi\/tuote\/the-eye-of-the-ocean-gibborim\/\">Lue lis\u00e4\u00e4&#8230;<span class=\"screen-reader-text\"> from The Eye of the Ocean Gibborim<\/span><\/a><\/p>\n","protected":false},"featured_media":150333,"template":"","meta":{"_acf_changed":false},"product_brand":[],"product_cat":[130],"product_tag":[],"class_list":{"0":"post-150342","1":"product","2":"type-product","3":"status-publish","4":"has-post-thumbnail","6":"varumarke-stockholm17-fi","7":"product_cat-special-lyx-limited-fi","9":"first","10":"instock","11":"taxable","12":"shipping-taxable","13":"purchasable","14":"product-type-simple"},"acf":[],"yoast_head":"<!-- This site is optimized with the Yoast SEO plugin v26.3 - https:\/\/yoast.com\/wordpress\/plugins\/seo\/ -->\n<title>Kortlek The Eye of the Ocean Gibborim | Kortleksbolaget<\/title>\n<meta name=\"description\" content=\"K\u00f6p The Eye of the Ocean Gibborim. Snabba leveranser &amp; bra priser. Sveriges st\u00f6rsta sortiment av kortlekar p\u00e5 Kortleksbolaget!\" \/>\n<meta name=\"robots\" content=\"index, follow, max-snippet:-1, max-image-preview:large, max-video-preview:-1\" \/>\n<link rel=\"canonical\" href=\"https:\/\/kortleksbolaget.se\/fi\/tuote\/the-eye-of-the-ocean-gibborim\/\" \/>\n<meta property=\"og:locale\" content=\"fi_FI\" \/>\n<meta property=\"og:type\" content=\"article\" \/>\n<meta property=\"og:title\" content=\"Kortlek The Eye of the Ocean Gibborim | Kortleksbolaget\" \/>\n<meta property=\"og:description\" content=\"K\u00f6p The Eye of the Ocean Gibborim. Snabba leveranser &amp; bra priser. Sveriges st\u00f6rsta sortiment av kortlekar p\u00e5 Kortleksbolaget!\" \/>\n<meta property=\"og:url\" content=\"https:\/\/kortleksbolaget.se\/fi\/tuote\/the-eye-of-the-ocean-gibborim\/\" \/>\n<meta property=\"og:site_name\" content=\"Kortleksbolaget\" \/>\n<meta property=\"og:image\" content=\"https:\/\/kortleksbolaget.se\/wp-content\/uploads\/eye-of-the-ocean-gibborim.jpg\" \/>\n\t<meta property=\"og:image:width\" content=\"468\" \/>\n\t<meta property=\"og:image:height\" content=\"702\" \/>\n\t<meta property=\"og:image:type\" content=\"image\/jpeg\" \/>\n<meta name=\"twitter:card\" content=\"summary_large_image\" \/>\n<script type=\"application\/ld+json\" class=\"yoast-schema-graph\">{\"@context\":\"https:\/\/schema.org\",\"@graph\":[{\"@type\":\"WebPage\",\"@id\":\"https:\/\/kortleksbolaget.se\/fi\/tuote\/the-eye-of-the-ocean-gibborim\/\",\"url\":\"https:\/\/kortleksbolaget.se\/fi\/tuote\/the-eye-of-the-ocean-gibborim\/\",\"name\":\"Kortlek The Eye of the Ocean Gibborim | Kortleksbolaget\",\"isPartOf\":{\"@id\":\"https:\/\/kortleksbolaget.se\/fi\/#website\"},\"primaryImageOfPage\":{\"@id\":\"https:\/\/kortleksbolaget.se\/fi\/tuote\/the-eye-of-the-ocean-gibborim\/#primaryimage\"},\"image\":{\"@id\":\"https:\/\/kortleksbolaget.se\/fi\/tuote\/the-eye-of-the-ocean-gibborim\/#primaryimage\"},\"thumbnailUrl\":\"https:\/\/kortleksbolaget.se\/wp-content\/uploads\/eye-of-the-ocean-gibborim.jpg\",\"datePublished\":\"2025-02-27T13:57:13+00:00\",\"description\":\"K\u00f6p The Eye of the Ocean Gibborim. Snabba leveranser & bra priser. Sveriges st\u00f6rsta sortiment av kortlekar p\u00e5 Kortleksbolaget!\",\"breadcrumb\":{\"@id\":\"https:\/\/kortleksbolaget.se\/fi\/tuote\/the-eye-of-the-ocean-gibborim\/#breadcrumb\"},\"inLanguage\":\"fi\",\"potentialAction\":[{\"@type\":\"ReadAction\",\"target\":[\"https:\/\/kortleksbolaget.se\/fi\/tuote\/the-eye-of-the-ocean-gibborim\/\"]}]},{\"@type\":\"ImageObject\",\"inLanguage\":\"fi\",\"@id\":\"https:\/\/kortleksbolaget.se\/fi\/tuote\/the-eye-of-the-ocean-gibborim\/#primaryimage\",\"url\":\"https:\/\/kortleksbolaget.se\/wp-content\/uploads\/eye-of-the-ocean-gibborim.jpg\",\"contentUrl\":\"https:\/\/kortleksbolaget.se\/wp-content\/uploads\/eye-of-the-ocean-gibborim.jpg\",\"width\":468,\"height\":702},{\"@type\":\"BreadcrumbList\",\"@id\":\"https:\/\/kortleksbolaget.se\/fi\/tuote\/the-eye-of-the-ocean-gibborim\/#breadcrumb\",\"itemListElement\":[{\"@type\":\"ListItem\",\"position\":1,\"name\":\"Hem\",\"item\":\"https:\/\/kortleksbolaget.se\/fi\/\"},{\"@type\":\"ListItem\",\"position\":2,\"name\":\"N\u00e4yt\u00e4 kaikki tuotteet\",\"item\":\"https:\/\/kortleksbolaget.se\/fi\/kaupassa\/\"},{\"@type\":\"ListItem\",\"position\":3,\"name\":\"The Eye of the Ocean Gibborim\"}]},{\"@type\":\"WebSite\",\"@id\":\"https:\/\/kortleksbolaget.se\/fi\/#website\",\"url\":\"https:\/\/kortleksbolaget.se\/fi\/\",\"name\":\"Kortleksbolaget\",\"description\":\"Kortlekar p\u00e5 n\u00e4tet\",\"publisher\":{\"@id\":\"https:\/\/kortleksbolaget.se\/fi\/#organization\"},\"potentialAction\":[{\"@type\":\"SearchAction\",\"target\":{\"@type\":\"EntryPoint\",\"urlTemplate\":\"https:\/\/kortleksbolaget.se\/fi\/?s={search_term_string}\"},\"query-input\":{\"@type\":\"PropertyValueSpecification\",\"valueRequired\":true,\"valueName\":\"search_term_string\"}}],\"inLanguage\":\"fi\"},{\"@type\":\"Organization\",\"@id\":\"https:\/\/kortleksbolaget.se\/fi\/#organization\",\"name\":\"Kortleksbolaget\",\"url\":\"https:\/\/kortleksbolaget.se\/fi\/\",\"logo\":{\"@type\":\"ImageObject\",\"inLanguage\":\"fi\",\"@id\":\"https:\/\/kortleksbolaget.se\/fi\/#\/schema\/logo\/image\/\",\"url\":\"https:\/\/kortleksbolaget.se\/wp-content\/uploads\/kortleksbolaget_logo-svart.png\",\"contentUrl\":\"https:\/\/kortleksbolaget.se\/wp-content\/uploads\/kortleksbolaget_logo-svart.png\",\"width\":1200,\"height\":296,\"caption\":\"Kortleksbolaget\"},\"image\":{\"@id\":\"https:\/\/kortleksbolaget.se\/fi\/#\/schema\/logo\/image\/\"}}]}<\/script>\n<!-- \/ Yoast SEO plugin. -->","yoast_head_json":{"title":"Kortlek The Eye of the Ocean Gibborim | Kortleksbolaget","description":"K\u00f6p The Eye of the Ocean Gibborim. Snabba leveranser & bra priser. Sveriges st\u00f6rsta sortiment av kortlekar p\u00e5 Kortleksbolaget!","robots":{"index":"index","follow":"follow","max-snippet":"max-snippet:-1","max-image-preview":"max-image-preview:large","max-video-preview":"max-video-preview:-1"},"canonical":"https:\/\/kortleksbolaget.se\/fi\/tuote\/the-eye-of-the-ocean-gibborim\/","og_locale":"fi_FI","og_type":"article","og_title":"Kortlek The Eye of the Ocean Gibborim | Kortleksbolaget","og_description":"K\u00f6p The Eye of the Ocean Gibborim. Snabba leveranser & bra priser. Sveriges st\u00f6rsta sortiment av kortlekar p\u00e5 Kortleksbolaget!","og_url":"https:\/\/kortleksbolaget.se\/fi\/tuote\/the-eye-of-the-ocean-gibborim\/","og_site_name":"Kortleksbolaget","og_image":[{"width":468,"height":702,"url":"https:\/\/kortleksbolaget.se\/wp-content\/uploads\/eye-of-the-ocean-gibborim.jpg","type":"image\/jpeg"}],"twitter_card":"summary_large_image","schema":{"@context":"https:\/\/schema.org","@graph":[{"@type":"WebPage","@id":"https:\/\/kortleksbolaget.se\/fi\/tuote\/the-eye-of-the-ocean-gibborim\/","url":"https:\/\/kortleksbolaget.se\/fi\/tuote\/the-eye-of-the-ocean-gibborim\/","name":"Kortlek The Eye of the Ocean Gibborim | Kortleksbolaget","isPartOf":{"@id":"https:\/\/kortleksbolaget.se\/fi\/#website"},"primaryImageOfPage":{"@id":"https:\/\/kortleksbolaget.se\/fi\/tuote\/the-eye-of-the-ocean-gibborim\/#primaryimage"},"image":{"@id":"https:\/\/kortleksbolaget.se\/fi\/tuote\/the-eye-of-the-ocean-gibborim\/#primaryimage"},"thumbnailUrl":"https:\/\/kortleksbolaget.se\/wp-content\/uploads\/eye-of-the-ocean-gibborim.jpg","datePublished":"2025-02-27T13:57:13+00:00","description":"K\u00f6p The Eye of the Ocean Gibborim. Snabba leveranser & bra priser. Sveriges st\u00f6rsta sortiment av kortlekar p\u00e5 Kortleksbolaget!","breadcrumb":{"@id":"https:\/\/kortleksbolaget.se\/fi\/tuote\/the-eye-of-the-ocean-gibborim\/#breadcrumb"},"inLanguage":"fi","potentialAction":[{"@type":"ReadAction","target":["https:\/\/kortleksbolaget.se\/fi\/tuote\/the-eye-of-the-ocean-gibborim\/"]}]},{"@type":"ImageObject","inLanguage":"fi","@id":"https:\/\/kortleksbolaget.se\/fi\/tuote\/the-eye-of-the-ocean-gibborim\/#primaryimage","url":"https:\/\/kortleksbolaget.se\/wp-content\/uploads\/eye-of-the-ocean-gibborim.jpg","contentUrl":"https:\/\/kortleksbolaget.se\/wp-content\/uploads\/eye-of-the-ocean-gibborim.jpg","width":468,"height":702},{"@type":"BreadcrumbList","@id":"https:\/\/kortleksbolaget.se\/fi\/tuote\/the-eye-of-the-ocean-gibborim\/#breadcrumb","itemListElement":[{"@type":"ListItem","position":1,"name":"Hem","item":"https:\/\/kortleksbolaget.se\/fi\/"},{"@type":"ListItem","position":2,"name":"N\u00e4yt\u00e4 kaikki tuotteet","item":"https:\/\/kortleksbolaget.se\/fi\/kaupassa\/"},{"@type":"ListItem","position":3,"name":"The Eye of the Ocean Gibborim"}]},{"@type":"WebSite","@id":"https:\/\/kortleksbolaget.se\/fi\/#website","url":"https:\/\/kortleksbolaget.se\/fi\/","name":"Kortleksbolaget","description":"Kortlekar p\u00e5 n\u00e4tet","publisher":{"@id":"https:\/\/kortleksbolaget.se\/fi\/#organization"},"potentialAction":[{"@type":"SearchAction","target":{"@type":"EntryPoint","urlTemplate":"https:\/\/kortleksbolaget.se\/fi\/?s={search_term_string}"},"query-input":{"@type":"PropertyValueSpecification","valueRequired":true,"valueName":"search_term_string"}}],"inLanguage":"fi"},{"@type":"Organization","@id":"https:\/\/kortleksbolaget.se\/fi\/#organization","name":"Kortleksbolaget","url":"https:\/\/kortleksbolaget.se\/fi\/","logo":{"@type":"ImageObject","inLanguage":"fi","@id":"https:\/\/kortleksbolaget.se\/fi\/#\/schema\/logo\/image\/","url":"https:\/\/kortleksbolaget.se\/wp-content\/uploads\/kortleksbolaget_logo-svart.png","contentUrl":"https:\/\/kortleksbolaget.se\/wp-content\/uploads\/kortleksbolaget_logo-svart.png","width":1200,"height":296,"caption":"Kortleksbolaget"},"image":{"@id":"https:\/\/kortleksbolaget.se\/fi\/#\/schema\/logo\/image\/"}}]}},"_links":{"self":[{"href":"https:\/\/kortleksbolaget.se\/fi\/wp-json\/wp\/v2\/product\/150342","targetHints":{"allow":["GET"]}}],"collection":[{"href":"https:\/\/kortleksbolaget.se\/fi\/wp-json\/wp\/v2\/product"}],"about":[{"href":"https:\/\/kortleksbolaget.se\/fi\/wp-json\/wp\/v2\/types\/product"}],"wp:featuredmedia":[{"embeddable":true,"href":"https:\/\/kortleksbolaget.se\/fi\/wp-json\/wp\/v2\/media\/150333"}],"wp:attachment":[{"href":"https:\/\/kortleksbolaget.se\/fi\/wp-json\/wp\/v2\/media?parent=150342"}],"wp:term":[{"taxonomy":"product_brand","embeddable":true,"href":"https:\/\/kortleksbolaget.se\/fi\/wp-json\/wp\/v2\/product_brand?post=150342"},{"taxonomy":"product_cat","embeddable":true,"href":"https:\/\/kortleksbolaget.se\/fi\/wp-json\/wp\/v2\/product_cat?post=150342"},{"taxonomy":"product_tag","embeddable":true,"href":"https:\/\/kortleksbolaget.se\/fi\/wp-json\/wp\/v2\/product_tag?post=150342"}],"curies":[{"name":"wp","href":"https:\/\/api.w.org\/{rel}","templated":true}]}}